{"id":26,"date":"2025-04-17T06:44:36","date_gmt":"2025-04-17T06:44:36","guid":{"rendered":"https:\/\/help.jamk.fi\/aineistonhallinta\/?page_id=26"},"modified":"2026-04-07T12:30:24","modified_gmt":"2026-04-07T12:30:24","slug":"aluksi","status":"publish","type":"page","link":"https:\/\/help.jamk.fi\/aineistonhallinta\/aluksi\/","title":{"rendered":"Aloita aineistonhallinta"},"content":{"rendered":"\n<h2 class=\"wp-block-heading\">Mit\u00e4 on tutkimusaineisto?<\/h2>\n\n\n\n<p>Tutkimusaineiston muodostavat tutkimusta varten ker\u00e4tty, havaittu, mitattu tai luotu data sek\u00e4 sen metatiedot, eli kuvaileva ja tekninen tieto siit\u00e4, miten aineisto on koottu ja miten sit\u00e4 on k\u00e4sitelty (ks. Tieteen termipankki: <a href=\"https:\/\/tieteentermipankki.fi\/wiki\/Avoin_tiede:tutkimusaineisto\">Tutkimusaineisto<\/a>). Huomaa, ett\u00e4 t\u00e4llaista aineistoa voi synty\u00e4 muissakin kuin varsinaisissa tutkimusprojekteissa.<\/p>\n\n\n\n<p>Tyypillisi\u00e4 aineistoja ovat:<\/p>\n\n\n\n<ul class=\"wp-block-list\">\n<li>kysely- ja haastatteluaineistot<\/li>\n\n\n\n<li>erilaiset mittaus- ja havainnointiaineistot<\/li>\n\n\n\n<li>video-, kuva-, \u00e4\u00e4ni- ja tekstiaineistot<\/li>\n<\/ul>\n\n\n\n<p>Tutkimuksessa tuotettu vai tutkimuksessa k\u00e4ytetty aineisto?<\/p>\n\n\n\n<ul class=\"wp-block-list\">\n<li>tutkimusta varten ker\u00e4tt\u00e4v\u00e4 aineisto (esim. kyselylomake, n\u00e4ytteet)<\/li>\n\n\n\n<li>tutkimuksen tuloksena syntyv\u00e4 aineisto (analyysi kyselyst\u00e4 tai n\u00e4ytteist\u00e4)<\/li>\n\n\n\n<li>aiemmin ker\u00e4tty aineisto (esim. Tilastokeskuksen tilastot, opiskelijoilta ker\u00e4tty palaute)<\/li>\n<\/ul>\n\n\n<div id=\"info-lift-block_aaaaf78a64fd28a1147c0775bc7ead7a\" class=\"block-info-lift block-info-lift\">\n  <div class=\"row\">\n    <div class=\"col-12\">\n              <div class=\"block-info-lift__content\">\n          <div class=\"block-info-lift__content__icon\">\n            <span>!<\/span>\n          <\/div>\n          <p class=\"block-info-lift__content__text\">Aineistonhallinnan periaatteet koskevat n\u00e4it\u00e4 kaikkia tilanteita!<\/p>\n        <\/div>\n          <\/div>\n  <\/div>\n<\/div>\n\n\n<h2 class=\"wp-block-heading\">Tutkimusaineiston k\u00e4sittelyn periaatteet<\/h2>\n\n\n\n<p>Jamkissa noudatetaan TKI-projektien tutkimusdatan ja -aineistojen eettisesti kest\u00e4vi\u00e4 tiedonhankinta-, tutkimus- ja arviointimenetelmi\u00e4. Jamk noudattaa seuraavia avoimen tieteen periaatteita ja edellytt\u00e4\u00e4 asettamaan TKI-projektin tutkimusaineistot ja tutkimusmenetelm\u00e4t mahdollisimman avoimesti saataville huomioiden toimintaymp\u00e4rist\u00f6n ja tutkimusetiikan (Toimitusjohtajan p\u00e4\u00e4t\u00f6s <em>Avoin tiede ja tutkimus Jyv\u00e4skyl\u00e4n ammattikorkeakoulussa 2022, id 365250<\/em>):<\/p>\n\n\n\n<ul class=\"wp-block-list\">\n<li>Edist\u00e4mme tutkimus- ja kehitt\u00e4mistoiminnassa tuottamien tutkimusaineistojen ja -menetelmien sek\u00e4 tuotoksien julkaisemista niin avoimesti kuin mahdollista ja niin suljetusti kuin v\u00e4ltt\u00e4m\u00e4t\u00f6nt\u00e4.<\/li>\n\n\n\n<li>Tutkimus- ja kehitt\u00e4mishankkeissa edellyt\u00e4mme laatimaan aineistonhallintasuunnitelman, jos hanke tuottaa tutkimuksellista aineistoa.<\/li>\n\n\n\n<li>Laadukkaalla aineistonhallinnalla haluamme tukea aineistojen, tulosten ja tuotosten FAIR-periaatteiden eli l\u00f6ydett\u00e4vyyden, saavutettavuuden, yhteentoimivuuden ja uudelleenk\u00e4ytett\u00e4vyyden toteutumista.<\/li>\n\n\n\n<li>Kannustamme k\u00e4ytt\u00e4m\u00e4\u00e4n yhteisi\u00e4 kansallisia ja kansainv\u00e4lisi\u00e4 palveluja ja edist\u00e4mme n\u00e4kyvyytt\u00e4 tutkimustietovarannossa (<a href=\"https:\/\/www.tiedejatutkimus.fi\/\">Tiedejatutkimus.fi<\/a>).<\/li>\n\n\n\n<li>Aineistojen k\u00e4sittelyn ja avoimuuden periaatteita sovelletaan my\u00f6s opinn\u00e4ytet\u00f6iss\u00e4. Jamk edellytt\u00e4\u00e4 AMK- ja YAMK-opinn\u00e4ytet\u00f6iss\u00e4 aineistonhallintasuunnitelman laatimista. Ohjeet on koottu opinn\u00e4ytety\u00f6ntekij\u00e4n oppaaseen.<\/li>\n<\/ul>\n\n\n\n<h2 class=\"wp-block-heading\">Tunnista aineistosi ja sovi aineiston tekijyydest\u00e4<\/h2>\n\n\n\n<p>Aineisto voi olla ker\u00e4tty\u00e4, tuotettua tai muualta saatua. Apuna aineistojen erittelyyn ja niiden ominaisuuksien tunnistamiseen voit k\u00e4ytt\u00e4\u00e4 seuraavaa taulukkoa. Taulukon voi lis\u00e4t\u00e4 aineistonhallintasuunnitelman liitteeksi.<\/p>\n\n\n\n<ul class=\"wp-block-list\">\n<li><a href=\"https:\/\/jamkstudent.sharepoint.com\/:w:\/r\/sites\/Projektiohje-Elmo\/Jaetut%20asiakirjat\/Jamk%20Taulukko%20tutkimusaineistosta%20Research%20data%20info%20table.dotx?d=w10fa6bed7b8c4dd59593946e4c63b11f&amp;csf=1&amp;web=1&amp;e=QgLVoD\">Taulukko tutkimusaineistosta ja sen ominaisuuksista<\/a> (.dotx, vaatii kirjautumisen)<\/li>\n<\/ul>\n\n\n\n<p>Tutkimusaineistoon liittyy aina tekijyys, aineiston s\u00e4ilytt\u00e4misen ratkaiseminen ja tutkimuseettisten periaatteiden noudattaminen. Siksi aineiston tekijyydest\u00e4 on suositeltavaa sopia my\u00f6s kirjallisesti aineistonhallintasuunnitelman mukaisesti. Voit hy\u00f6dynt\u00e4\u00e4 sopimisessa seuraavaa pohjaa (fi\/en):<\/p>\n\n\n\n<ul class=\"wp-block-list\">\n<li><a href=\"https:\/\/jamkstudent.sharepoint.com\/:w:\/r\/sites\/Projektiohje-Elmo\/Jaetut%20asiakirjat\/Data%20Authorship%20Statement%20sopimuspohja%20Jamk.dotx?d=w90bf1b1fc8df44a2add2c19f3f7648f7&amp;csf=1&amp;web=1&amp;e=rqXiuj\">Sopimus aineiston tekijyydest\u00e4<\/a> (.dotx, vaatii kirjautumisen)<\/li>\n<\/ul>\n\n\n\n<h2 class=\"wp-block-heading\">Aineistonhallinta Jamkin TKI-toiminnassa<\/h2>\n\n\n\n<p><em>Projektip\u00e4\u00e4llikk\u00f6\/tutkija\/suunnittelija<\/em> vastaa aineistonhallintasuunnitelman laatimisesta. <em>Projektisihteeri <\/em>huolehtii, ett\u00e4 aineistonhallintasuunnitelma tallennetaan projektin asialle asianhallintaan (Tweb). Projektin p\u00e4\u00e4ttyess\u00e4 projektip\u00e4\u00e4llikk\u00f6 tai vastuullinen tutkija vastaa siit\u00e4, mihin aineisto tallennetaan projektin p\u00e4\u00e4tytty\u00e4 vai h\u00e4vitet\u00e4\u00e4nk\u00f6 se. <\/p>\n\n\n\n<ul class=\"wp-block-list\">\n<li>Jamkin TKI-toiminnan aineistonhallintasuunnitelma on suositeltavaa tehd\u00e4 DMPTuuli-ohjelmalla, jossa on valmiit suunnitelmapohjat. Pohjana k\u00e4ytet\u00e4\u00e4n rahoittajan pohjaa. Jos sellaista ei ole, k\u00e4ytet\u00e4\u00e4n Jamkin omaa pohjaa, joka perustuu valtakunnalliseen malliin ja suosituksiin. Ohjelmasta l\u00f6yd\u00e4t jokaista osa-aluetta koskevat ohjeet ja vinkit.<\/li>\n\n\n\n<li>Aineistonhallinta koskee tutkimuksellista aineistoa. Projektin hallinnollisessa aineistossa noudatetaan asianhallinnan ohjeita ja k\u00e4yt\u00e4nteit\u00e4. Projektin asianhallinnan ohjeistus l\u00f6ytyy <a href=\"https:\/\/jamkstudent.sharepoint.com\/sites\/Asiakirjahallinto-Elmo\/SitePages\/TKI-aineistojen-k%C3%A4sittely-(projekti-ja-tutkimus).aspx\">ELMO-intrasta<\/a> (vaatii kirjautumisen).<\/li>\n\n\n\n<li>Aineistonhallinta sek\u00e4 avoin tiede ja tutkimus t\u00e4ytyy huomioida niin projektien rahoitushaussa kuin toteutusvaiheessa. Lis\u00e4\u00e4 ohjeita l\u00f6ytyy <a href=\"https:\/\/jamkstudent.sharepoint.com\/sites\/Projektiohje-Elmo\">Jamkin Projektiohjeesta intrasta<\/a> (vaatii kirjautumisen). Apua ja ohjeita voit pyyt\u00e4\u00e4 my\u00f6s osoitteesta att(a)jamk.fi.<\/li>\n<\/ul>\n\n\n\n<h2 class=\"wp-block-heading\">Aineistonhallintasuunnitelmat Jamkin opinn\u00e4ytet\u00f6iss\u00e4<\/h2>\n\n\n\n<p>Aineistonhallintasuunnitelma on Jamkissa osa opinn\u00e4ytety\u00f6suunnitelmaa. Suunnitelmassa on samat osa-alueet kuin kuin TKI-toiminnassakin. Ohjeet sek\u00e4 Word-pohjat opinn\u00e4ytety\u00f6n aineistonhallintasuunnitelman laatimiseen ovat Jamkin opinn\u00e4ytety\u00f6ntekij\u00e4n oppaassa.<\/p>\n\n\n\n<ul class=\"wp-block-list\">\n<li>Jamkin opinn\u00e4ytety\u00f6ohje: <a href=\"https:\/\/help.jamk.fi\/opinnaytetyo\/fi\/opinnaytetyon-suunnittelu\/tutkimusaineisto\/\">Aineistonhallintasuunnitelman laatiminen ja aineistojen k\u00e4sittely, aineistonhallintasuunnitelman pohja<\/a><\/li>\n\n\n\n<li>Opinn\u00e4ytety\u00f6n ohjaajan opas: <a href=\"https:\/\/help.jamk.fi\/opinnaytetyon-ohjaus\/fi\/aineistonhallinta\/\">Aineistonhallinta<\/a><\/li>\n<\/ul>\n\n\n  <div id=\"notice-box-block_7c08d887b6937155302d78c06706c28d\" class=\"block-notice-box block-notice-box\">\n          <h2 class=\"block-notice-box__heading\">Apua<\/h2>\n    \n    <p>Mik\u00e4li sinulla her\u00e4\u00e4 kysytt\u00e4v\u00e4\u00e4 aineistonhallintaan liittyen tai haluat kommentteja aineistonhallintasuunnitelmaasi voit ottaa yhteytt\u00e4 osoitteeseen att(a)jamk.fi. Suosittelemme olemaan yhteydess\u00e4 erityisesti silloin, jos tutkimuksen rahoittajalla on vaatimuksia aineistonhallintaan ja aineistojen avaamiseen liittyen (esim. Suomen Akatemia, EU:n Horizon).<\/p>\n<p>Suosittelemme my\u00f6s Jamkin henkil\u00f6st\u00f6lle tarjolla olevaa Aineistonhallinta TKI-toiminnassa -koulutusta, jonka p\u00e4\u00e4see katsomaan OSS-j\u00e4rjestelm\u00e4n kautta.<\/p>\n\n      <\/div>\n","protected":false},"excerpt":{"rendered":"<p>Mit\u00e4 on tutkimusaineisto? Tutkimusaineiston muodostavat tutkimusta varten ker\u00e4tty, havaittu, mitattu tai luotu data sek\u00e4 sen metatiedot, eli kuvaileva ja tekninen tieto siit\u00e4, miten aineisto on koottu ja miten sit\u00e4 on k\u00e4sitelty (ks. Tieteen termipankki: Tutkimusaineisto). Huomaa, ett\u00e4 t\u00e4llaista aineistoa voi synty\u00e4 muissakin kuin varsinaisissa tutkimusprojekteissa. Tyypillisi\u00e4 aineistoja ovat: Tutkimuksessa tuotettu vai tutkimuksessa k\u00e4ytetty aineisto? Tutkimusaineiston [&hellip;]<\/p>\n","protected":false},"author":494,"featured_media":0,"parent":0,"menu_order":1,"comment_status":"closed","ping_status":"closed","template":"","meta":{"_acf_changed":false,"_relevanssi_hide_post":"","_relevanssi_hide_content":"","_relevanssi_pin_for_all":"","_relevanssi_pin_keywords":"","_relevanssi_unpin_keywords":"","_relevanssi_related_keywords":"","_relevanssi_related_include_ids":"","_relevanssi_related_exclude_ids":"","_relevanssi_related_no_append":"","_relevanssi_related_not_related":"","_relevanssi_related_posts":"1","_relevanssi_noindex_reason":"","footnotes":""},"categories":[],"tags":[],"class_list":["post-26","page","type-page","status-publish","hentry"],"acf":[],"yoast_head":"<!-- This site is optimized with the Yoast SEO plugin v27.3 - https:\/\/yoast.com\/product\/yoast-seo-wordpress\/ -->\n<title>Aloita aineistonhallinta - Aineistonhallinnan opas<\/title>\n<meta name=\"robots\" content=\"index, follow, max-snippet:-1, max-image-preview:large, max-video-preview:-1\" \/>\n<link rel=\"canonical\" href=\"https:\/\/help.jamk.fi\/aineistonhallinta\/aluksi\/\" \/>\n<meta property=\"og:locale\" content=\"fi_FI\" \/>\n<meta property=\"og:type\" content=\"article\" \/>\n<meta property=\"og:title\" content=\"Aloita aineistonhallinta - Aineistonhallinnan opas\" \/>\n<meta property=\"og:description\" content=\"Mit\u00e4 on tutkimusaineisto? Tutkimusaineiston muodostavat tutkimusta varten ker\u00e4tty, havaittu, mitattu tai luotu data sek\u00e4 sen metatiedot, eli kuvaileva ja tekninen tieto siit\u00e4, miten aineisto on koottu ja miten sit\u00e4 on k\u00e4sitelty (ks. Tieteen termipankki: Tutkimusaineisto). Huomaa, ett\u00e4 t\u00e4llaista aineistoa voi synty\u00e4 muissakin kuin varsinaisissa tutkimusprojekteissa. Tyypillisi\u00e4 aineistoja ovat: Tutkimuksessa tuotettu vai tutkimuksessa k\u00e4ytetty aineisto? Tutkimusaineiston [&hellip;]\" \/>\n<meta property=\"og:url\" content=\"https:\/\/help.jamk.fi\/aineistonhallinta\/aluksi\/\" \/>\n<meta property=\"og:site_name\" content=\"Aineistonhallinnan opas\" \/>\n<meta property=\"article:modified_time\" content=\"2026-04-07T12:30:24+00:00\" \/>\n<meta name=\"twitter:card\" content=\"summary_large_image\" \/>\n<meta name=\"twitter:label1\" content=\"Arvioitu lukuaika\" \/>\n\t<meta name=\"twitter:data1\" content=\"3 minuuttia\" \/>\n<script type=\"application\/ld+json\" class=\"yoast-schema-graph\">{\"@context\":\"https:\\\/\\\/schema.org\",\"@graph\":[{\"@type\":\"WebPage\",\"@id\":\"https:\\\/\\\/help.jamk.fi\\\/aineistonhallinta\\\/aluksi\\\/\",\"url\":\"https:\\\/\\\/help.jamk.fi\\\/aineistonhallinta\\\/aluksi\\\/\",\"name\":\"Aloita aineistonhallinta - Aineistonhallinnan opas\",\"isPartOf\":{\"@id\":\"https:\\\/\\\/help.jamk.fi\\\/aineistonhallinta\\\/#website\"},\"datePublished\":\"2025-04-17T06:44:36+00:00\",\"dateModified\":\"2026-04-07T12:30:24+00:00\",\"breadcrumb\":{\"@id\":\"https:\\\/\\\/help.jamk.fi\\\/aineistonhallinta\\\/aluksi\\\/#breadcrumb\"},\"inLanguage\":\"fi\",\"potentialAction\":[{\"@type\":\"ReadAction\",\"target\":[\"https:\\\/\\\/help.jamk.fi\\\/aineistonhallinta\\\/aluksi\\\/\"]}]},{\"@type\":\"BreadcrumbList\",\"@id\":\"https:\\\/\\\/help.jamk.fi\\\/aineistonhallinta\\\/aluksi\\\/#breadcrumb\",\"itemListElement\":[{\"@type\":\"ListItem\",\"position\":1,\"name\":\"Home\",\"item\":\"https:\\\/\\\/help.jamk.fi\\\/aineistonhallinta\\\/\"},{\"@type\":\"ListItem\",\"position\":2,\"name\":\"Aloita aineistonhallinta\"}]},{\"@type\":\"WebSite\",\"@id\":\"https:\\\/\\\/help.jamk.fi\\\/aineistonhallinta\\\/#website\",\"url\":\"https:\\\/\\\/help.jamk.fi\\\/aineistonhallinta\\\/\",\"name\":\"Aineistonhallinnan opas\",\"description\":\"\",\"potentialAction\":[{\"@type\":\"SearchAction\",\"target\":{\"@type\":\"EntryPoint\",\"urlTemplate\":\"https:\\\/\\\/help.jamk.fi\\\/aineistonhallinta\\\/?s={search_term_string}\"},\"query-input\":{\"@type\":\"PropertyValueSpecification\",\"valueRequired\":true,\"valueName\":\"search_term_string\"}}],\"inLanguage\":\"fi\"}]}<\/script>\n<!-- \/ Yoast SEO plugin. -->","yoast_head_json":{"title":"Aloita aineistonhallinta - Aineistonhallinnan opas","robots":{"index":"index","follow":"follow","max-snippet":"max-snippet:-1","max-image-preview":"max-image-preview:large","max-video-preview":"max-video-preview:-1"},"canonical":"https:\/\/help.jamk.fi\/aineistonhallinta\/aluksi\/","og_locale":"fi_FI","og_type":"article","og_title":"Aloita aineistonhallinta - Aineistonhallinnan opas","og_description":"Mit\u00e4 on tutkimusaineisto? Tutkimusaineiston muodostavat tutkimusta varten ker\u00e4tty, havaittu, mitattu tai luotu data sek\u00e4 sen metatiedot, eli kuvaileva ja tekninen tieto siit\u00e4, miten aineisto on koottu ja miten sit\u00e4 on k\u00e4sitelty (ks. Tieteen termipankki: Tutkimusaineisto). Huomaa, ett\u00e4 t\u00e4llaista aineistoa voi synty\u00e4 muissakin kuin varsinaisissa tutkimusprojekteissa. Tyypillisi\u00e4 aineistoja ovat: Tutkimuksessa tuotettu vai tutkimuksessa k\u00e4ytetty aineisto? Tutkimusaineiston [&hellip;]","og_url":"https:\/\/help.jamk.fi\/aineistonhallinta\/aluksi\/","og_site_name":"Aineistonhallinnan opas","article_modified_time":"2026-04-07T12:30:24+00:00","twitter_card":"summary_large_image","twitter_misc":{"Arvioitu lukuaika":"3 minuuttia"},"schema":{"@context":"https:\/\/schema.org","@graph":[{"@type":"WebPage","@id":"https:\/\/help.jamk.fi\/aineistonhallinta\/aluksi\/","url":"https:\/\/help.jamk.fi\/aineistonhallinta\/aluksi\/","name":"Aloita aineistonhallinta - Aineistonhallinnan opas","isPartOf":{"@id":"https:\/\/help.jamk.fi\/aineistonhallinta\/#website"},"datePublished":"2025-04-17T06:44:36+00:00","dateModified":"2026-04-07T12:30:24+00:00","breadcrumb":{"@id":"https:\/\/help.jamk.fi\/aineistonhallinta\/aluksi\/#breadcrumb"},"inLanguage":"fi","potentialAction":[{"@type":"ReadAction","target":["https:\/\/help.jamk.fi\/aineistonhallinta\/aluksi\/"]}]},{"@type":"BreadcrumbList","@id":"https:\/\/help.jamk.fi\/aineistonhallinta\/aluksi\/#breadcrumb","itemListElement":[{"@type":"ListItem","position":1,"name":"Home","item":"https:\/\/help.jamk.fi\/aineistonhallinta\/"},{"@type":"ListItem","position":2,"name":"Aloita aineistonhallinta"}]},{"@type":"WebSite","@id":"https:\/\/help.jamk.fi\/aineistonhallinta\/#website","url":"https:\/\/help.jamk.fi\/aineistonhallinta\/","name":"Aineistonhallinnan opas","description":"","potentialAction":[{"@type":"SearchAction","target":{"@type":"EntryPoint","urlTemplate":"https:\/\/help.jamk.fi\/aineistonhallinta\/?s={search_term_string}"},"query-input":{"@type":"PropertyValueSpecification","valueRequired":true,"valueName":"search_term_string"}}],"inLanguage":"fi"}]}},"_links":{"self":[{"href":"https:\/\/help.jamk.fi\/aineistonhallinta\/wp-json\/wp\/v2\/pages\/26","targetHints":{"allow":["GET"]}}],"collection":[{"href":"https:\/\/help.jamk.fi\/aineistonhallinta\/wp-json\/wp\/v2\/pages"}],"about":[{"href":"https:\/\/help.jamk.fi\/aineistonhallinta\/wp-json\/wp\/v2\/types\/page"}],"author":[{"embeddable":true,"href":"https:\/\/help.jamk.fi\/aineistonhallinta\/wp-json\/wp\/v2\/users\/494"}],"replies":[{"embeddable":true,"href":"https:\/\/help.jamk.fi\/aineistonhallinta\/wp-json\/wp\/v2\/comments?post=26"}],"version-history":[{"count":15,"href":"https:\/\/help.jamk.fi\/aineistonhallinta\/wp-json\/wp\/v2\/pages\/26\/revisions"}],"predecessor-version":[{"id":167,"href":"https:\/\/help.jamk.fi\/aineistonhallinta\/wp-json\/wp\/v2\/pages\/26\/revisions\/167"}],"wp:attachment":[{"href":"https:\/\/help.jamk.fi\/aineistonhallinta\/wp-json\/wp\/v2\/media?parent=26"}],"wp:term":[{"taxonomy":"category","embeddable":true,"href":"https:\/\/help.jamk.fi\/aineistonhallinta\/wp-json\/wp\/v2\/categories?post=26"},{"taxonomy":"post_tag","embeddable":true,"href":"https:\/\/help.jamk.fi\/aineistonhallinta\/wp-json\/wp\/v2\/tags?post=26"}],"curies":[{"name":"wp","href":"https:\/\/api.w.org\/{rel}","templated":true}]}}