{"id":8,"date":"2025-03-25T13:32:06","date_gmt":"2025-03-25T13:32:06","guid":{"rendered":"https:\/\/help.jamk.fi\/aineistonhallinta\/?page_id=8"},"modified":"2026-04-07T12:30:39","modified_gmt":"2026-04-07T12:30:39","slug":"etusivu","status":"publish","type":"page","link":"https:\/\/help.jamk.fi\/aineistonhallinta\/","title":{"rendered":"Etusivu"},"content":{"rendered":"\n<div id=\"text-column-block_9ea6309d8d59f92c2696de13a84f5196\" class=\"text-column block-text-column\">\n  <div class=\"block-text-column__wrapper\">\n                  <div class=\"row block-text-column__column-section\">\n          <div class=\"col-12 col-md-5 block-text-column__column-section--column\">\n            <div class=\"block-text-column__column-section--title-wrap\">\n                              <h2 class=\"\">Miksi aineistonhallintaa?<\/h2>\n                          <\/div>\n          <\/div>\n          <div class=\"col-12 col-md-7 block-text-column__column-section--column\">\n                          <div class=\"block-text-column__column-section--text_area\">\n                <p>Suunnitteletko tutkimusprojektia, syntyyk\u00f6 projektissa tutkimusaineistoa tai aloitatko opinn\u00e4ytety\u00f6n? Tee aineistonhallintasuunnitelma!<\/p>\n<p>Aineistonhallinnan tarkoituksena on varmistaa, ett\u00e4 TKI-projekteissa ja opinn\u00e4ytet\u00f6iss\u00e4 noudatetaan hyv\u00e4\u00e4 tieteellist\u00e4 k\u00e4yt\u00e4nt\u00f6\u00e4, joka on olennainen osa kaikkea korkeakoulutoimintaa. T\u00e4m\u00e4 aineistonhallinnan opas on tarkoitettu Jamkin henkil\u00f6st\u00f6lle \u2013 opiskelijoiden opas l\u00f6ytyy <a href=\"https:\/\/help.jamk.fi\/opinnaytetyo\/fi\/opinnaytetyon-suunnittelu\/tutkimusaineisto\/\">opin\u00e4ytet\u00f6iden ohjesivulta<\/a>.<\/p>\n<p>Aineistonhallintasuunnitelmalla suunnitellaan ja kuvataan, miten tutkimusainestoa ker\u00e4t\u00e4\u00e4n, k\u00e4ytet\u00e4\u00e4n, s\u00e4ilytet\u00e4\u00e4n ja arkistoidaan sek\u00e4 jatkok\u00e4ytet\u00e4\u00e4n huomioiden mm. tietosuoja, tietoturva ja omistajuus. Se on samalla ty\u00f6kalu tutkimuksentekij\u00e4lle itselleen. Suunnitelma auttaa j\u00e4sent\u00e4m\u00e4\u00e4n kysymyksi\u00e4 ja varautumaan ennakolta tilanteisiin, jotka tutkimuksen aikana tulee joka tapauksessa ratkaista!<\/p>\n<p>Jamk on sitoutunut <a href=\"https:\/\/www.jamk.fi\/fi\/tutkimus-ja-kehitys\/avoin-tiede-ja-tutkimus\">avoimeen tieteen ja tutkimuksen edist\u00e4miseen<\/a>, joten my\u00f6s aineiston jatkok\u00e4ytt\u00f6 on oltava mahdollista. Yleisten avoimen tieteen ja tutkimuksen periaatteiden lis\u00e4ksi Jamk on linjannut erikseen <a href=\"https:\/\/help.jamk.fi\/aineistonhallinta\/wp-content\/uploads\/sites\/144\/2025\/04\/Linjaus-tutkimusaineistojen-tutkimusmenetelmien-ja-tutkimusinfrastruktuurien-avoimuudesta-25.04.2024-1506148303.pdf\">aineistojen, menetelmien ja infrastruktuurien avoimuudesta.<\/a> L\u00e4ht\u00f6kohtana ovat<strong> FAIR-periaatteet<\/strong>: tehd\u00e4\u00e4n data l\u00f6ydett\u00e4v\u00e4ksi (<em>Findable<\/em>), saavutettavaksi (<em>Accessible<\/em>), yhteentoimivaksi (<em>Interoperable<\/em>) ja uudelleenk\u00e4ytett\u00e4v\u00e4ksi (<em>Re-usable<\/em>). Avoin aineisto on meriitti tekij\u00e4lleen: hy\u00f6dynt\u00e4m\u00e4ll\u00e4 avoimia tallennusratkaisuja sin\u00e4 ja muut tutkijat voitte viitata aineistoon kuten mihin tahansa l\u00e4hteeseen.<\/p>\n              <\/div>\n                      <\/div>\n        <\/div>\n            <\/div>\n<\/div>\n\n  <div id=\"notice-box-block_027c68f1cdbae4db2029b26528cc93fa\" class=\"block-notice-box block-notice-box\">\n          <h2 class=\"block-notice-box__heading\">Kysy lis\u00e4\u00e4<\/h2>\n    \n    <p>Tukea aineistonhallinnan suunnitteluun sek\u00e4 kommentteja aineistonhallintasuunnitelmiin voit kysy\u00e4 osoitteesta <strong>att@jamk.fi<\/strong><\/p>\n\n      <\/div>\n\n\n\n<p><object data-wp-bind--hidden=\"!state.hasPdfPreview\" class=\"wp-block-file__embed\" data=\"https:\/\/help.jamk.fi\/aineistonhallinta\/wp-content\/uploads\/sites\/144\/2025\/04\/aineistonhallinta_jamk_tki_vaaka_2025.pdf\" type=\"application\/pdf\" style=\"width:100%;height:800px\" aria-label=\"Aineistonhallinta JAMK TKI 2025 upotus\" id=\"mmFrameId_0.4018344998284632\"><\/object><\/p>\n\n\n\n<p><\/p>\n","protected":false},"excerpt":{"rendered":"","protected":false},"author":66,"featured_media":0,"parent":0,"menu_order":0,"comment_status":"closed","ping_status":"closed","template":"templates\/template-full-width.php","meta":{"_acf_changed":false,"_relevanssi_hide_post":"","_relevanssi_hide_content":"","_relevanssi_pin_for_all":"","_relevanssi_pin_keywords":"aineistonhallinta, TKI, projekti, tutkimus, tutkimusaineisto, aineiston, tutkimusaineiston, projektiaineisto","_relevanssi_unpin_keywords":"","_relevanssi_related_keywords":"","_relevanssi_related_include_ids":"","_relevanssi_related_exclude_ids":"","_relevanssi_related_no_append":"","_relevanssi_related_not_related":"","_relevanssi_related_posts":"1","_relevanssi_noindex_reason":"","footnotes":""},"categories":[],"tags":[],"class_list":["post-8","page","type-page","status-publish","hentry"],"acf":[],"yoast_head":"<!-- This site is optimized with the Yoast SEO plugin v27.3 - https:\/\/yoast.com\/product\/yoast-seo-wordpress\/ -->\n<title>Etusivu - Aineistonhallinnan opas<\/title>\n<meta name=\"robots\" content=\"index, follow, max-snippet:-1, max-image-preview:large, max-video-preview:-1\" \/>\n<link rel=\"canonical\" href=\"https:\/\/help.jamk.fi\/aineistonhallinta\/\" \/>\n<meta property=\"og:locale\" content=\"fi_FI\" \/>\n<meta property=\"og:type\" content=\"article\" \/>\n<meta property=\"og:title\" content=\"Etusivu - Aineistonhallinnan opas\" \/>\n<meta property=\"og:url\" content=\"https:\/\/help.jamk.fi\/aineistonhallinta\/\" \/>\n<meta property=\"og:site_name\" content=\"Aineistonhallinnan opas\" \/>\n<meta property=\"article:modified_time\" content=\"2026-04-07T12:30:39+00:00\" \/>\n<meta name=\"twitter:card\" content=\"summary_large_image\" \/>\n<script type=\"application\/ld+json\" class=\"yoast-schema-graph\">{\"@context\":\"https:\\\/\\\/schema.org\",\"@graph\":[{\"@type\":\"WebPage\",\"@id\":\"https:\\\/\\\/help.jamk.fi\\\/aineistonhallinta\\\/\",\"url\":\"https:\\\/\\\/help.jamk.fi\\\/aineistonhallinta\\\/\",\"name\":\"Etusivu - Aineistonhallinnan opas\",\"isPartOf\":{\"@id\":\"https:\\\/\\\/help.jamk.fi\\\/aineistonhallinta\\\/#website\"},\"datePublished\":\"2025-03-25T13:32:06+00:00\",\"dateModified\":\"2026-04-07T12:30:39+00:00\",\"breadcrumb\":{\"@id\":\"https:\\\/\\\/help.jamk.fi\\\/aineistonhallinta\\\/#breadcrumb\"},\"inLanguage\":\"fi\",\"potentialAction\":[{\"@type\":\"ReadAction\",\"target\":[\"https:\\\/\\\/help.jamk.fi\\\/aineistonhallinta\\\/\"]}]},{\"@type\":\"BreadcrumbList\",\"@id\":\"https:\\\/\\\/help.jamk.fi\\\/aineistonhallinta\\\/#breadcrumb\",\"itemListElement\":[{\"@type\":\"ListItem\",\"position\":1,\"name\":\"Home\",\"item\":\"https:\\\/\\\/help.jamk.fi\\\/aineistonhallinta\\\/\"},{\"@type\":\"ListItem\",\"position\":2,\"name\":\"Etusivu\"}]},{\"@type\":\"WebSite\",\"@id\":\"https:\\\/\\\/help.jamk.fi\\\/aineistonhallinta\\\/#website\",\"url\":\"https:\\\/\\\/help.jamk.fi\\\/aineistonhallinta\\\/\",\"name\":\"Aineistonhallinnan opas\",\"description\":\"\",\"potentialAction\":[{\"@type\":\"SearchAction\",\"target\":{\"@type\":\"EntryPoint\",\"urlTemplate\":\"https:\\\/\\\/help.jamk.fi\\\/aineistonhallinta\\\/?s={search_term_string}\"},\"query-input\":{\"@type\":\"PropertyValueSpecification\",\"valueRequired\":true,\"valueName\":\"search_term_string\"}}],\"inLanguage\":\"fi\"}]}<\/script>\n<!-- \/ Yoast SEO plugin. -->","yoast_head_json":{"title":"Etusivu - Aineistonhallinnan opas","robots":{"index":"index","follow":"follow","max-snippet":"max-snippet:-1","max-image-preview":"max-image-preview:large","max-video-preview":"max-video-preview:-1"},"canonical":"https:\/\/help.jamk.fi\/aineistonhallinta\/","og_locale":"fi_FI","og_type":"article","og_title":"Etusivu - Aineistonhallinnan opas","og_url":"https:\/\/help.jamk.fi\/aineistonhallinta\/","og_site_name":"Aineistonhallinnan opas","article_modified_time":"2026-04-07T12:30:39+00:00","twitter_card":"summary_large_image","schema":{"@context":"https:\/\/schema.org","@graph":[{"@type":"WebPage","@id":"https:\/\/help.jamk.fi\/aineistonhallinta\/","url":"https:\/\/help.jamk.fi\/aineistonhallinta\/","name":"Etusivu - Aineistonhallinnan opas","isPartOf":{"@id":"https:\/\/help.jamk.fi\/aineistonhallinta\/#website"},"datePublished":"2025-03-25T13:32:06+00:00","dateModified":"2026-04-07T12:30:39+00:00","breadcrumb":{"@id":"https:\/\/help.jamk.fi\/aineistonhallinta\/#breadcrumb"},"inLanguage":"fi","potentialAction":[{"@type":"ReadAction","target":["https:\/\/help.jamk.fi\/aineistonhallinta\/"]}]},{"@type":"BreadcrumbList","@id":"https:\/\/help.jamk.fi\/aineistonhallinta\/#breadcrumb","itemListElement":[{"@type":"ListItem","position":1,"name":"Home","item":"https:\/\/help.jamk.fi\/aineistonhallinta\/"},{"@type":"ListItem","position":2,"name":"Etusivu"}]},{"@type":"WebSite","@id":"https:\/\/help.jamk.fi\/aineistonhallinta\/#website","url":"https:\/\/help.jamk.fi\/aineistonhallinta\/","name":"Aineistonhallinnan opas","description":"","potentialAction":[{"@type":"SearchAction","target":{"@type":"EntryPoint","urlTemplate":"https:\/\/help.jamk.fi\/aineistonhallinta\/?s={search_term_string}"},"query-input":{"@type":"PropertyValueSpecification","valueRequired":true,"valueName":"search_term_string"}}],"inLanguage":"fi"}]}},"_links":{"self":[{"href":"https:\/\/help.jamk.fi\/aineistonhallinta\/wp-json\/wp\/v2\/pages\/8","targetHints":{"allow":["GET"]}}],"collection":[{"href":"https:\/\/help.jamk.fi\/aineistonhallinta\/wp-json\/wp\/v2\/pages"}],"about":[{"href":"https:\/\/help.jamk.fi\/aineistonhallinta\/wp-json\/wp\/v2\/types\/page"}],"author":[{"embeddable":true,"href":"https:\/\/help.jamk.fi\/aineistonhallinta\/wp-json\/wp\/v2\/users\/66"}],"replies":[{"embeddable":true,"href":"https:\/\/help.jamk.fi\/aineistonhallinta\/wp-json\/wp\/v2\/comments?post=8"}],"version-history":[{"count":23,"href":"https:\/\/help.jamk.fi\/aineistonhallinta\/wp-json\/wp\/v2\/pages\/8\/revisions"}],"predecessor-version":[{"id":236,"href":"https:\/\/help.jamk.fi\/aineistonhallinta\/wp-json\/wp\/v2\/pages\/8\/revisions\/236"}],"wp:attachment":[{"href":"https:\/\/help.jamk.fi\/aineistonhallinta\/wp-json\/wp\/v2\/media?parent=8"}],"wp:term":[{"taxonomy":"category","embeddable":true,"href":"https:\/\/help.jamk.fi\/aineistonhallinta\/wp-json\/wp\/v2\/categories?post=8"},{"taxonomy":"post_tag","embeddable":true,"href":"https:\/\/help.jamk.fi\/aineistonhallinta\/wp-json\/wp\/v2\/tags?post=8"}],"curies":[{"name":"wp","href":"https:\/\/api.w.org\/{rel}","templated":true}]}}