{"id":93,"date":"2025-04-17T10:53:33","date_gmt":"2025-04-17T10:53:33","guid":{"rendered":"https:\/\/help.jamk.fi\/aineistonhallinta\/?page_id=93"},"modified":"2025-04-17T10:53:33","modified_gmt":"2025-04-17T10:53:33","slug":"aineiston-lisensointi","status":"publish","type":"page","link":"https:\/\/help.jamk.fi\/aineistonhallinta\/tutkimusaineiston-kasittely\/aineiston-lisensointi\/","title":{"rendered":"Aineiston lisensointi"},"content":{"rendered":"\n<p>Aineiston jatkok\u00e4yt\u00f6ss\u00e4 tulee ottaa huomioon lisensointi. My\u00f6s avattuun dataan pit\u00e4\u00e4 muista liitt\u00e4\u00e4 sopiva lisenssi. Toimitusjohtajan p\u00e4\u00e4t\u00f6ksen mukaisesti Jamkissa tutkimusaineistojen jatkok\u00e4ytt\u00f6\u00e4 ei tarpeettomasti rajoiteta ja mahdollisimman avoin jatkok\u00e4ytt\u00f6 pyrit\u00e4\u00e4n mahdollistamaan. L\u00e4ht\u00f6kohtaisesti Jamk seuraa valtakunnallisia suosituksia. My\u00f6s uusi laki julkisin varoin tuotettujen tutkimusaineistojen uudelleenk\u00e4yt\u00f6st\u00e4 ohjaa toimintatapoja. Avoimen tieteen ja tutkimuksen kansalliset linjaukset suosittelevat seuraavia menettelytapoja:<\/p>\n\n\n\n<ul class=\"wp-block-list\">\n<li>tutkimuksen tulokset julkaistaan avoimella lisenssill\u00e4 tai avoimena l\u00e4hdekoodina<\/li>\n\n\n\n<li>tutkimusaineistojen ja -julkaisujen jatkok\u00e4ytt\u00f6\u00e4 ei rajoiteta tarpeettomasti ja k\u00e4ytt\u00f6ehdot tuodaan selke\u00e4sti esille<\/li>\n\n\n\n<li>avoimille aineistoille k\u00e4ytet\u00e4\u00e4n standardimuotoista koneluettavaa lisenssi\u00e4 <strong>CC BY 4.0<\/strong>. HUOM. Data-arkistossa (mm. Etsin, Zenodo tms.) julkaistavalle aineistolle vain CC BY 4.0 -lisenssi t\u00e4ytt\u00e4\u00e4 vaatimukset, joita tulevat avoimen datan direktiivist\u00e4 sek\u00e4 kansallisesti sovellettavasta laista julkisin varoin tuotettujen tutkimusaineistojen uudelleenk\u00e4yt\u00f6st\u00e4.<\/li>\n\n\n\n<li>tutkimusaineistoja kuvailevat metatiedot lisensoidaan k\u00e4ytt\u00f6luvalla CC0<\/li>\n\n\n\n<li>tietokoneohjelmille hyv\u00e4 lisenssi on MIT-lisenssi (sallii kaiken k\u00e4yt\u00f6n, my\u00f6s kaupallisen, mit\u00e4 korostetaan sek\u00e4 EU:n ett\u00e4 kansallisella tasolla)<\/li>\n<\/ul>\n\n\n\n<p>HUOM. My\u00f6s opinn\u00e4ytety\u00f6h\u00f6n tai siihen liittyv\u00e4\u00e4n tuotokseen voi lis\u00e4t\u00e4 lisenssin. Lis\u00e4tietoja opinn\u00e4ytety\u00f6n tekij\u00e4noikeuksista <a href=\"https:\/\/submissions.theseus.fi\/ohje4.htm\">Theseuksesta<\/a>.<\/p>\n\n\n\n<p>Apua lisensointiin ja lisenssin valintaan:<\/p>\n\n\n\n<ul class=\"wp-block-list\">\n<li>Tutustu ohjeeseen Creative Commons -lisenssin valitsemiseksi ja hy\u00f6dynn\u00e4 sivulta l\u00f6ytyv\u00e4\u00e4 lisenssivalitsinta: <a href=\"https:\/\/creativecommons.fi\/lisenssit\/\">https:\/\/creativecommons.fi\/lisenssit\/<\/a><\/li>\n\n\n\n<li><a href=\"https:\/\/jamkstudent.sharepoint.com\/sites\/Projektiohje-Elmo\/SitePages\/Lopeta.aspx#oikeudet%2C-keksinn%C3%B6t-ja-lisenssit\">Jamkin Projektiohje ohje oikeuksista, keksinn\u00f6ist\u00e4 ja lisensseist\u00e4<\/a> (intra, vaatii kirjautumisen)<\/li>\n\n\n\n<li><a href=\"https:\/\/avointiede.fi\/fi\/linjaukset-ja-aineistot\/kotimaiset-suositukset\/ohje-tekijanoikeuksiin-liittyvasta-avoimesta\">Ohje tekij\u00e4noikeuksiin liittyv\u00e4st\u00e4 avoimesta lisensoinnista tutkijoille ja tieteellisille kustantajille<\/a> (Toikkanen, Kaakinen &amp; Jauhiainen 2020)<\/li>\n\n\n\n<li><a href=\"https:\/\/www.helsinki.fi\/fi\/helsingin-yliopiston-kirjasto\/tutkijan-kirjasto\/avoimen-tieteen-palvelut\/tekijanoikeus-ja-lisenssit\">Helsingin yliopiston kirjaston ohjeet tekij\u00e4noikeuksista ja lisensseist\u00e4<\/a>: mm. oikeudet teoksen tekij\u00e4n\u00e4 ja tekinj\u00e4noikeuden haltijana, oppimateriaalien lisensoinnista, CC-lisenssin merkitseminen ja mit\u00e4 eri CC-lisenssit tarkoittavat k\u00e4yt\u00e4nn\u00f6ss\u00e4, ohjelmistojen ja datan lisenssit<\/li>\n\n\n\n<li><a href=\"https:\/\/libguides.tuni.fi\/tutkimusaineistojen-hallinta\/lahdekoodi\">Vinkit l\u00e4hdekoodin lisensointiin<\/a> (Tampereen yliopiston kirjasto 2020)<\/li>\n<\/ul>\n\n\n<div id=\"info-lift-block_4609d26410d05aea48aa5267c127deac\" class=\"block-info-lift block-info-lift\">\n  <div class=\"row\">\n    <div class=\"col-12\">\n              <div class=\"block-info-lift__content\">\n          <div class=\"block-info-lift__content__icon\">\n            <span>!<\/span>\n          <\/div>\n          <p class=\"block-info-lift__content__text\">Ota yhteytt\u00e4: att(a)jamk.fi<\/p>\n        <\/div>\n          <\/div>\n  <\/div>\n<\/div>\n\n\n<p><\/p>\n","protected":false},"excerpt":{"rendered":"<p>Aineiston jatkok\u00e4yt\u00f6ss\u00e4 tulee ottaa huomioon lisensointi. My\u00f6s avattuun dataan pit\u00e4\u00e4 muista liitt\u00e4\u00e4 sopiva lisenssi. Toimitusjohtajan p\u00e4\u00e4t\u00f6ksen mukaisesti Jamkissa tutkimusaineistojen jatkok\u00e4ytt\u00f6\u00e4 ei tarpeettomasti rajoiteta ja mahdollisimman avoin jatkok\u00e4ytt\u00f6 pyrit\u00e4\u00e4n mahdollistamaan. L\u00e4ht\u00f6kohtaisesti Jamk seuraa valtakunnallisia suosituksia. My\u00f6s uusi laki julkisin varoin tuotettujen tutkimusaineistojen uudelleenk\u00e4yt\u00f6st\u00e4 ohjaa toimintatapoja. Avoimen tieteen ja tutkimuksen kansalliset linjaukset suosittelevat seuraavia menettelytapoja: HUOM. My\u00f6s [&hellip;]<\/p>\n","protected":false},"author":494,"featured_media":0,"parent":52,"menu_order":2,"comment_status":"closed","ping_status":"closed","template":"","meta":{"_acf_changed":false,"_relevanssi_hide_post":"","_relevanssi_hide_content":"","_relevanssi_pin_for_all":"","_relevanssi_pin_keywords":"","_relevanssi_unpin_keywords":"","_relevanssi_related_keywords":"","_relevanssi_related_include_ids":"","_relevanssi_related_exclude_ids":"","_relevanssi_related_no_append":"","_relevanssi_related_not_related":"","_relevanssi_related_posts":"1","_relevanssi_noindex_reason":"","footnotes":""},"categories":[],"tags":[],"class_list":["post-93","page","type-page","status-publish","hentry"],"acf":[],"yoast_head":"<!-- This site is optimized with the Yoast SEO plugin v27.3 - https:\/\/yoast.com\/product\/yoast-seo-wordpress\/ -->\n<title>Aineiston lisensointi - Aineistonhallinnan opas<\/title>\n<meta name=\"robots\" content=\"index, follow, max-snippet:-1, max-image-preview:large, max-video-preview:-1\" \/>\n<link rel=\"canonical\" href=\"https:\/\/help.jamk.fi\/aineistonhallinta\/tutkimusaineiston-kasittely\/aineiston-lisensointi\/\" \/>\n<meta property=\"og:locale\" content=\"fi_FI\" \/>\n<meta property=\"og:type\" content=\"article\" \/>\n<meta property=\"og:title\" content=\"Aineiston lisensointi - Aineistonhallinnan opas\" \/>\n<meta property=\"og:description\" content=\"Aineiston jatkok\u00e4yt\u00f6ss\u00e4 tulee ottaa huomioon lisensointi. My\u00f6s avattuun dataan pit\u00e4\u00e4 muista liitt\u00e4\u00e4 sopiva lisenssi. Toimitusjohtajan p\u00e4\u00e4t\u00f6ksen mukaisesti Jamkissa tutkimusaineistojen jatkok\u00e4ytt\u00f6\u00e4 ei tarpeettomasti rajoiteta ja mahdollisimman avoin jatkok\u00e4ytt\u00f6 pyrit\u00e4\u00e4n mahdollistamaan. L\u00e4ht\u00f6kohtaisesti Jamk seuraa valtakunnallisia suosituksia. My\u00f6s uusi laki julkisin varoin tuotettujen tutkimusaineistojen uudelleenk\u00e4yt\u00f6st\u00e4 ohjaa toimintatapoja. Avoimen tieteen ja tutkimuksen kansalliset linjaukset suosittelevat seuraavia menettelytapoja: HUOM. My\u00f6s [&hellip;]\" \/>\n<meta property=\"og:url\" content=\"https:\/\/help.jamk.fi\/aineistonhallinta\/tutkimusaineiston-kasittely\/aineiston-lisensointi\/\" \/>\n<meta property=\"og:site_name\" content=\"Aineistonhallinnan opas\" \/>\n<meta name=\"twitter:card\" content=\"summary_large_image\" \/>\n<meta name=\"twitter:label1\" content=\"Arvioitu lukuaika\" \/>\n\t<meta name=\"twitter:data1\" content=\"2 minuuttia\" \/>\n<script type=\"application\/ld+json\" class=\"yoast-schema-graph\">{\"@context\":\"https:\\\/\\\/schema.org\",\"@graph\":[{\"@type\":\"WebPage\",\"@id\":\"https:\\\/\\\/help.jamk.fi\\\/aineistonhallinta\\\/tutkimusaineiston-kasittely\\\/aineiston-lisensointi\\\/\",\"url\":\"https:\\\/\\\/help.jamk.fi\\\/aineistonhallinta\\\/tutkimusaineiston-kasittely\\\/aineiston-lisensointi\\\/\",\"name\":\"Aineiston lisensointi - Aineistonhallinnan opas\",\"isPartOf\":{\"@id\":\"https:\\\/\\\/help.jamk.fi\\\/aineistonhallinta\\\/#website\"},\"datePublished\":\"2025-04-17T10:53:33+00:00\",\"breadcrumb\":{\"@id\":\"https:\\\/\\\/help.jamk.fi\\\/aineistonhallinta\\\/tutkimusaineiston-kasittely\\\/aineiston-lisensointi\\\/#breadcrumb\"},\"inLanguage\":\"fi\",\"potentialAction\":[{\"@type\":\"ReadAction\",\"target\":[\"https:\\\/\\\/help.jamk.fi\\\/aineistonhallinta\\\/tutkimusaineiston-kasittely\\\/aineiston-lisensointi\\\/\"]}]},{\"@type\":\"BreadcrumbList\",\"@id\":\"https:\\\/\\\/help.jamk.fi\\\/aineistonhallinta\\\/tutkimusaineiston-kasittely\\\/aineiston-lisensointi\\\/#breadcrumb\",\"itemListElement\":[{\"@type\":\"ListItem\",\"position\":1,\"name\":\"Home\",\"item\":\"https:\\\/\\\/help.jamk.fi\\\/aineistonhallinta\\\/\"},{\"@type\":\"ListItem\",\"position\":2,\"name\":\"Tutkimusaineiston k\u00e4sittely\",\"item\":\"https:\\\/\\\/help.jamk.fi\\\/aineistonhallinta\\\/tutkimusaineiston-kasittely\\\/\"},{\"@type\":\"ListItem\",\"position\":3,\"name\":\"Aineiston lisensointi\"}]},{\"@type\":\"WebSite\",\"@id\":\"https:\\\/\\\/help.jamk.fi\\\/aineistonhallinta\\\/#website\",\"url\":\"https:\\\/\\\/help.jamk.fi\\\/aineistonhallinta\\\/\",\"name\":\"Aineistonhallinnan opas\",\"description\":\"\",\"potentialAction\":[{\"@type\":\"SearchAction\",\"target\":{\"@type\":\"EntryPoint\",\"urlTemplate\":\"https:\\\/\\\/help.jamk.fi\\\/aineistonhallinta\\\/?s={search_term_string}\"},\"query-input\":{\"@type\":\"PropertyValueSpecification\",\"valueRequired\":true,\"valueName\":\"search_term_string\"}}],\"inLanguage\":\"fi\"}]}<\/script>\n<!-- \/ Yoast SEO plugin. -->","yoast_head_json":{"title":"Aineiston lisensointi - Aineistonhallinnan opas","robots":{"index":"index","follow":"follow","max-snippet":"max-snippet:-1","max-image-preview":"max-image-preview:large","max-video-preview":"max-video-preview:-1"},"canonical":"https:\/\/help.jamk.fi\/aineistonhallinta\/tutkimusaineiston-kasittely\/aineiston-lisensointi\/","og_locale":"fi_FI","og_type":"article","og_title":"Aineiston lisensointi - Aineistonhallinnan opas","og_description":"Aineiston jatkok\u00e4yt\u00f6ss\u00e4 tulee ottaa huomioon lisensointi. My\u00f6s avattuun dataan pit\u00e4\u00e4 muista liitt\u00e4\u00e4 sopiva lisenssi. Toimitusjohtajan p\u00e4\u00e4t\u00f6ksen mukaisesti Jamkissa tutkimusaineistojen jatkok\u00e4ytt\u00f6\u00e4 ei tarpeettomasti rajoiteta ja mahdollisimman avoin jatkok\u00e4ytt\u00f6 pyrit\u00e4\u00e4n mahdollistamaan. L\u00e4ht\u00f6kohtaisesti Jamk seuraa valtakunnallisia suosituksia. My\u00f6s uusi laki julkisin varoin tuotettujen tutkimusaineistojen uudelleenk\u00e4yt\u00f6st\u00e4 ohjaa toimintatapoja. Avoimen tieteen ja tutkimuksen kansalliset linjaukset suosittelevat seuraavia menettelytapoja: HUOM. My\u00f6s [&hellip;]","og_url":"https:\/\/help.jamk.fi\/aineistonhallinta\/tutkimusaineiston-kasittely\/aineiston-lisensointi\/","og_site_name":"Aineistonhallinnan opas","twitter_card":"summary_large_image","twitter_misc":{"Arvioitu lukuaika":"2 minuuttia"},"schema":{"@context":"https:\/\/schema.org","@graph":[{"@type":"WebPage","@id":"https:\/\/help.jamk.fi\/aineistonhallinta\/tutkimusaineiston-kasittely\/aineiston-lisensointi\/","url":"https:\/\/help.jamk.fi\/aineistonhallinta\/tutkimusaineiston-kasittely\/aineiston-lisensointi\/","name":"Aineiston lisensointi - Aineistonhallinnan opas","isPartOf":{"@id":"https:\/\/help.jamk.fi\/aineistonhallinta\/#website"},"datePublished":"2025-04-17T10:53:33+00:00","breadcrumb":{"@id":"https:\/\/help.jamk.fi\/aineistonhallinta\/tutkimusaineiston-kasittely\/aineiston-lisensointi\/#breadcrumb"},"inLanguage":"fi","potentialAction":[{"@type":"ReadAction","target":["https:\/\/help.jamk.fi\/aineistonhallinta\/tutkimusaineiston-kasittely\/aineiston-lisensointi\/"]}]},{"@type":"BreadcrumbList","@id":"https:\/\/help.jamk.fi\/aineistonhallinta\/tutkimusaineiston-kasittely\/aineiston-lisensointi\/#breadcrumb","itemListElement":[{"@type":"ListItem","position":1,"name":"Home","item":"https:\/\/help.jamk.fi\/aineistonhallinta\/"},{"@type":"ListItem","position":2,"name":"Tutkimusaineiston k\u00e4sittely","item":"https:\/\/help.jamk.fi\/aineistonhallinta\/tutkimusaineiston-kasittely\/"},{"@type":"ListItem","position":3,"name":"Aineiston lisensointi"}]},{"@type":"WebSite","@id":"https:\/\/help.jamk.fi\/aineistonhallinta\/#website","url":"https:\/\/help.jamk.fi\/aineistonhallinta\/","name":"Aineistonhallinnan opas","description":"","potentialAction":[{"@type":"SearchAction","target":{"@type":"EntryPoint","urlTemplate":"https:\/\/help.jamk.fi\/aineistonhallinta\/?s={search_term_string}"},"query-input":{"@type":"PropertyValueSpecification","valueRequired":true,"valueName":"search_term_string"}}],"inLanguage":"fi"}]}},"_links":{"self":[{"href":"https:\/\/help.jamk.fi\/aineistonhallinta\/wp-json\/wp\/v2\/pages\/93","targetHints":{"allow":["GET"]}}],"collection":[{"href":"https:\/\/help.jamk.fi\/aineistonhallinta\/wp-json\/wp\/v2\/pages"}],"about":[{"href":"https:\/\/help.jamk.fi\/aineistonhallinta\/wp-json\/wp\/v2\/types\/page"}],"author":[{"embeddable":true,"href":"https:\/\/help.jamk.fi\/aineistonhallinta\/wp-json\/wp\/v2\/users\/494"}],"replies":[{"embeddable":true,"href":"https:\/\/help.jamk.fi\/aineistonhallinta\/wp-json\/wp\/v2\/comments?post=93"}],"version-history":[{"count":3,"href":"https:\/\/help.jamk.fi\/aineistonhallinta\/wp-json\/wp\/v2\/pages\/93\/revisions"}],"predecessor-version":[{"id":96,"href":"https:\/\/help.jamk.fi\/aineistonhallinta\/wp-json\/wp\/v2\/pages\/93\/revisions\/96"}],"up":[{"embeddable":true,"href":"https:\/\/help.jamk.fi\/aineistonhallinta\/wp-json\/wp\/v2\/pages\/52"}],"wp:attachment":[{"href":"https:\/\/help.jamk.fi\/aineistonhallinta\/wp-json\/wp\/v2\/media?parent=93"}],"wp:term":[{"taxonomy":"category","embeddable":true,"href":"https:\/\/help.jamk.fi\/aineistonhallinta\/wp-json\/wp\/v2\/categories?post=93"},{"taxonomy":"post_tag","embeddable":true,"href":"https:\/\/help.jamk.fi\/aineistonhallinta\/wp-json\/wp\/v2\/tags?post=93"}],"curies":[{"name":"wp","href":"https:\/\/api.w.org\/{rel}","templated":true}]}}