{"id":101,"date":"2012-12-13T10:24:10","date_gmt":"2012-12-13T08:24:10","guid":{"rendered":"https:\/\/help.jamk.fi\/asiakirjahallinto\/esimerkkisivu\/2-asiakirjan-laatiminen-ja-muokkaaminen\/2-3-asiakirjan-laatiminen-kopioi-toiminnolla\/"},"modified":"2024-01-04T14:44:57","modified_gmt":"2024-01-04T12:44:57","slug":"2-3-asiakirjan-laatiminen-kopioi-toiminnolla","status":"publish","type":"page","link":"https:\/\/help.jamk.fi\/asianhallinta\/fi\/2-asiakirjan-laatiminen-ja-muokkaaminen\/2-3-asiakirjan-laatiminen-kopioi-toiminnolla\/","title":{"rendered":"Kopioi-toiminto"},"content":{"rendered":"\n<p>Asiakirjan voi my\u00f6s laatia aiemmasta asiakirjasta, ns. vanhaa pohjaa k\u00e4ytt\u00e4en <em>Tee kopio<\/em>&#8211; toiminnolla vanhan asiakirjan asiakirjakortin kautta. N\u00e4in saat kopioitua aiemman asiakirjan perusmetatiedot sek\u00e4 mahdolliset sopimuksenhallinnan <em>Lis\u00e4tiedot<\/em> -v\u00e4lilehden tiedot my\u00f6s uudelle asiakirjalle, jota olet luomassa.<\/p>\n\n\n\n<p>Voit my\u00f6s kopioida&nbsp;asiakirjalle liitetyt liitteet uudelle asiakirjalle.&nbsp; Kyseinen toiminto on hy\u00f6dyllinen esimerkiksi kopioitaessa esityslistaa p\u00f6yt\u00e4kirjaksi. T\u00e4ll\u00f6in esityslistan liitteen\u00e4 olleet asiakirjat saadaan suoraan osaksi p\u00f6yt\u00e4kirjaa.<\/p>\n","protected":false},"excerpt":{"rendered":"<p>Asiakirjan voi my\u00f6s laatia aiemmasta asiakirjasta, ns. vanhaa pohjaa k\u00e4ytt\u00e4en Tee kopio&#8211; toiminnolla vanhan asiakirjan asiakirjakortin kautta. N\u00e4in saat kopioitua aiemman asiakirjan perusmetatiedot sek\u00e4 mahdolliset sopimuksenhallinnan Lis\u00e4tiedot -v\u00e4lilehden tiedot my\u00f6s uudelle asiakirjalle, jota olet luomassa. Voit my\u00f6s kopioida&nbsp;asiakirjalle liitetyt liitteet uudelle asiakirjalle.&nbsp; Kyseinen toiminto on hy\u00f6dyllinen esimerkiksi kopioitaessa esityslistaa p\u00f6yt\u00e4kirjaksi. T\u00e4ll\u00f6in esityslistan liitteen\u00e4 olleet asiakirjat [&hellip;]<\/p>\n","protected":false},"author":94,"featured_media":0,"parent":80,"menu_order":350,"comment_status":"closed","ping_status":"closed","template":"","meta":{"_acf_changed":false,"_relevanssi_hide_post":"","_relevanssi_hide_content":"","_relevanssi_pin_for_all":"","_relevanssi_pin_keywords":"","_relevanssi_unpin_keywords":"","_relevanssi_related_keywords":"","_relevanssi_related_include_ids":"","_relevanssi_related_exclude_ids":"","_relevanssi_related_no_append":"","_relevanssi_related_not_related":"","_relevanssi_related_posts":"","_relevanssi_noindex_reason":"","footnotes":""},"categories":[],"tags":[75,599,39],"class_list":["post-101","page","type-page","status-publish","hentry","tag-asiakirja","tag-kopiointi-fi","tag-tweb"],"acf":[],"yoast_head":"<!-- This site is optimized with the Yoast SEO plugin v27.4 - https:\/\/yoast.com\/product\/yoast-seo-wordpress\/ -->\n<title>Kopioi-toiminto - Asianhallinta<\/title>\n<meta name=\"robots\" content=\"index, follow, max-snippet:-1, max-image-preview:large, max-video-preview:-1\" \/>\n<link rel=\"canonical\" href=\"https:\/\/help.jamk.fi\/asianhallinta\/fi\/2-asiakirjan-laatiminen-ja-muokkaaminen\/2-3-asiakirjan-laatiminen-kopioi-toiminnolla\/\" \/>\n<meta property=\"og:locale\" content=\"fi_FI\" \/>\n<meta property=\"og:type\" content=\"article\" \/>\n<meta property=\"og:title\" content=\"Kopioi-toiminto - Asianhallinta\" \/>\n<meta property=\"og:description\" content=\"Asiakirjan voi my\u00f6s laatia aiemmasta asiakirjasta, ns. vanhaa pohjaa k\u00e4ytt\u00e4en Tee kopio&#8211; toiminnolla vanhan asiakirjan asiakirjakortin kautta. N\u00e4in saat kopioitua aiemman asiakirjan perusmetatiedot sek\u00e4 mahdolliset sopimuksenhallinnan Lis\u00e4tiedot -v\u00e4lilehden tiedot my\u00f6s uudelle asiakirjalle, jota olet luomassa. Voit my\u00f6s kopioida&nbsp;asiakirjalle liitetyt liitteet uudelle asiakirjalle.&nbsp; Kyseinen toiminto on hy\u00f6dyllinen esimerkiksi kopioitaessa esityslistaa p\u00f6yt\u00e4kirjaksi. T\u00e4ll\u00f6in esityslistan liitteen\u00e4 olleet asiakirjat [&hellip;]\" \/>\n<meta property=\"og:url\" content=\"https:\/\/help.jamk.fi\/asianhallinta\/fi\/2-asiakirjan-laatiminen-ja-muokkaaminen\/2-3-asiakirjan-laatiminen-kopioi-toiminnolla\/\" \/>\n<meta property=\"og:site_name\" content=\"Asianhallinta\" \/>\n<meta property=\"article:modified_time\" content=\"2024-01-04T12:44:57+00:00\" \/>\n<meta name=\"twitter:card\" content=\"summary_large_image\" \/>\n<meta name=\"twitter:label1\" content=\"Arvioitu lukuaika\" \/>\n\t<meta name=\"twitter:data1\" content=\"1 minuutti\" \/>\n<script type=\"application\/ld+json\" class=\"yoast-schema-graph\">{\"@context\":\"https:\\\/\\\/schema.org\",\"@graph\":[{\"@type\":\"WebPage\",\"@id\":\"https:\\\/\\\/help.jamk.fi\\\/asianhallinta\\\/fi\\\/2-asiakirjan-laatiminen-ja-muokkaaminen\\\/2-3-asiakirjan-laatiminen-kopioi-toiminnolla\\\/\",\"url\":\"https:\\\/\\\/help.jamk.fi\\\/asianhallinta\\\/fi\\\/2-asiakirjan-laatiminen-ja-muokkaaminen\\\/2-3-asiakirjan-laatiminen-kopioi-toiminnolla\\\/\",\"name\":\"Kopioi-toiminto - Asianhallinta\",\"isPartOf\":{\"@id\":\"https:\\\/\\\/help.jamk.fi\\\/asianhallinta\\\/#website\"},\"datePublished\":\"2012-12-13T08:24:10+00:00\",\"dateModified\":\"2024-01-04T12:44:57+00:00\",\"breadcrumb\":{\"@id\":\"https:\\\/\\\/help.jamk.fi\\\/asianhallinta\\\/fi\\\/2-asiakirjan-laatiminen-ja-muokkaaminen\\\/2-3-asiakirjan-laatiminen-kopioi-toiminnolla\\\/#breadcrumb\"},\"inLanguage\":\"fi\",\"potentialAction\":[{\"@type\":\"ReadAction\",\"target\":[\"https:\\\/\\\/help.jamk.fi\\\/asianhallinta\\\/fi\\\/2-asiakirjan-laatiminen-ja-muokkaaminen\\\/2-3-asiakirjan-laatiminen-kopioi-toiminnolla\\\/\"]}]},{\"@type\":\"BreadcrumbList\",\"@id\":\"https:\\\/\\\/help.jamk.fi\\\/asianhallinta\\\/fi\\\/2-asiakirjan-laatiminen-ja-muokkaaminen\\\/2-3-asiakirjan-laatiminen-kopioi-toiminnolla\\\/#breadcrumb\",\"itemListElement\":[{\"@type\":\"ListItem\",\"position\":1,\"name\":\"Etusivu\",\"item\":\"https:\\\/\\\/help.jamk.fi\\\/asianhallinta\\\/\"},{\"@type\":\"ListItem\",\"position\":2,\"name\":\"3 Asiakirja\",\"item\":\"https:\\\/\\\/help.jamk.fi\\\/asianhallinta\\\/fi\\\/2-asiakirjan-laatiminen-ja-muokkaaminen\\\/\"},{\"@type\":\"ListItem\",\"position\":3,\"name\":\"Kopioi-toiminto\"}]},{\"@type\":\"WebSite\",\"@id\":\"https:\\\/\\\/help.jamk.fi\\\/asianhallinta\\\/#website\",\"url\":\"https:\\\/\\\/help.jamk.fi\\\/asianhallinta\\\/\",\"name\":\"Asianhallinta\",\"description\":\"\",\"potentialAction\":[{\"@type\":\"SearchAction\",\"target\":{\"@type\":\"EntryPoint\",\"urlTemplate\":\"https:\\\/\\\/help.jamk.fi\\\/asianhallinta\\\/?s={search_term_string}\"},\"query-input\":{\"@type\":\"PropertyValueSpecification\",\"valueRequired\":true,\"valueName\":\"search_term_string\"}}],\"inLanguage\":\"fi\"}]}<\/script>\n<!-- \/ Yoast SEO plugin. -->","yoast_head_json":{"title":"Kopioi-toiminto - Asianhallinta","robots":{"index":"index","follow":"follow","max-snippet":"max-snippet:-1","max-image-preview":"max-image-preview:large","max-video-preview":"max-video-preview:-1"},"canonical":"https:\/\/help.jamk.fi\/asianhallinta\/fi\/2-asiakirjan-laatiminen-ja-muokkaaminen\/2-3-asiakirjan-laatiminen-kopioi-toiminnolla\/","og_locale":"fi_FI","og_type":"article","og_title":"Kopioi-toiminto - Asianhallinta","og_description":"Asiakirjan voi my\u00f6s laatia aiemmasta asiakirjasta, ns. vanhaa pohjaa k\u00e4ytt\u00e4en Tee kopio&#8211; toiminnolla vanhan asiakirjan asiakirjakortin kautta. N\u00e4in saat kopioitua aiemman asiakirjan perusmetatiedot sek\u00e4 mahdolliset sopimuksenhallinnan Lis\u00e4tiedot -v\u00e4lilehden tiedot my\u00f6s uudelle asiakirjalle, jota olet luomassa. Voit my\u00f6s kopioida&nbsp;asiakirjalle liitetyt liitteet uudelle asiakirjalle.&nbsp; Kyseinen toiminto on hy\u00f6dyllinen esimerkiksi kopioitaessa esityslistaa p\u00f6yt\u00e4kirjaksi. T\u00e4ll\u00f6in esityslistan liitteen\u00e4 olleet asiakirjat [&hellip;]","og_url":"https:\/\/help.jamk.fi\/asianhallinta\/fi\/2-asiakirjan-laatiminen-ja-muokkaaminen\/2-3-asiakirjan-laatiminen-kopioi-toiminnolla\/","og_site_name":"Asianhallinta","article_modified_time":"2024-01-04T12:44:57+00:00","twitter_card":"summary_large_image","twitter_misc":{"Arvioitu lukuaika":"1 minuutti"},"schema":{"@context":"https:\/\/schema.org","@graph":[{"@type":"WebPage","@id":"https:\/\/help.jamk.fi\/asianhallinta\/fi\/2-asiakirjan-laatiminen-ja-muokkaaminen\/2-3-asiakirjan-laatiminen-kopioi-toiminnolla\/","url":"https:\/\/help.jamk.fi\/asianhallinta\/fi\/2-asiakirjan-laatiminen-ja-muokkaaminen\/2-3-asiakirjan-laatiminen-kopioi-toiminnolla\/","name":"Kopioi-toiminto - Asianhallinta","isPartOf":{"@id":"https:\/\/help.jamk.fi\/asianhallinta\/#website"},"datePublished":"2012-12-13T08:24:10+00:00","dateModified":"2024-01-04T12:44:57+00:00","breadcrumb":{"@id":"https:\/\/help.jamk.fi\/asianhallinta\/fi\/2-asiakirjan-laatiminen-ja-muokkaaminen\/2-3-asiakirjan-laatiminen-kopioi-toiminnolla\/#breadcrumb"},"inLanguage":"fi","potentialAction":[{"@type":"ReadAction","target":["https:\/\/help.jamk.fi\/asianhallinta\/fi\/2-asiakirjan-laatiminen-ja-muokkaaminen\/2-3-asiakirjan-laatiminen-kopioi-toiminnolla\/"]}]},{"@type":"BreadcrumbList","@id":"https:\/\/help.jamk.fi\/asianhallinta\/fi\/2-asiakirjan-laatiminen-ja-muokkaaminen\/2-3-asiakirjan-laatiminen-kopioi-toiminnolla\/#breadcrumb","itemListElement":[{"@type":"ListItem","position":1,"name":"Etusivu","item":"https:\/\/help.jamk.fi\/asianhallinta\/"},{"@type":"ListItem","position":2,"name":"3 Asiakirja","item":"https:\/\/help.jamk.fi\/asianhallinta\/fi\/2-asiakirjan-laatiminen-ja-muokkaaminen\/"},{"@type":"ListItem","position":3,"name":"Kopioi-toiminto"}]},{"@type":"WebSite","@id":"https:\/\/help.jamk.fi\/asianhallinta\/#website","url":"https:\/\/help.jamk.fi\/asianhallinta\/","name":"Asianhallinta","description":"","potentialAction":[{"@type":"SearchAction","target":{"@type":"EntryPoint","urlTemplate":"https:\/\/help.jamk.fi\/asianhallinta\/?s={search_term_string}"},"query-input":{"@type":"PropertyValueSpecification","valueRequired":true,"valueName":"search_term_string"}}],"inLanguage":"fi"}]}},"_links":{"self":[{"href":"https:\/\/help.jamk.fi\/asianhallinta\/wp-json\/wp\/v2\/pages\/101","targetHints":{"allow":["GET"]}}],"collection":[{"href":"https:\/\/help.jamk.fi\/asianhallinta\/wp-json\/wp\/v2\/pages"}],"about":[{"href":"https:\/\/help.jamk.fi\/asianhallinta\/wp-json\/wp\/v2\/types\/page"}],"author":[{"embeddable":true,"href":"https:\/\/help.jamk.fi\/asianhallinta\/wp-json\/wp\/v2\/users\/94"}],"replies":[{"embeddable":true,"href":"https:\/\/help.jamk.fi\/asianhallinta\/wp-json\/wp\/v2\/comments?post=101"}],"version-history":[{"count":4,"href":"https:\/\/help.jamk.fi\/asianhallinta\/wp-json\/wp\/v2\/pages\/101\/revisions"}],"predecessor-version":[{"id":1793,"href":"https:\/\/help.jamk.fi\/asianhallinta\/wp-json\/wp\/v2\/pages\/101\/revisions\/1793"}],"up":[{"embeddable":true,"href":"https:\/\/help.jamk.fi\/asianhallinta\/wp-json\/wp\/v2\/pages\/80"}],"wp:attachment":[{"href":"https:\/\/help.jamk.fi\/asianhallinta\/wp-json\/wp\/v2\/media?parent=101"}],"wp:term":[{"taxonomy":"category","embeddable":true,"href":"https:\/\/help.jamk.fi\/asianhallinta\/wp-json\/wp\/v2\/categories?post=101"},{"taxonomy":"post_tag","embeddable":true,"href":"https:\/\/help.jamk.fi\/asianhallinta\/wp-json\/wp\/v2\/tags?post=101"}],"curies":[{"name":"wp","href":"https:\/\/api.w.org\/{rel}","templated":true}]}}