{"id":107,"date":"2012-12-13T10:46:12","date_gmt":"2012-12-13T08:46:12","guid":{"rendered":"https:\/\/help.jamk.fi\/asiakirjahallinto\/esimerkkisivu\/2-asiakirjan-laatiminen-ja-muokkaaminen\/3-asiakirjan-muokkaaminen-varaa-vapauta\/"},"modified":"2023-12-21T14:53:15","modified_gmt":"2023-12-21T12:53:15","slug":"3-asiakirjan-muokkaaminen-varaa-vapauta","status":"publish","type":"page","link":"https:\/\/help.jamk.fi\/asianhallinta\/fi\/2-asiakirjan-laatiminen-ja-muokkaaminen\/3-asiakirjan-muokkaaminen-varaa-vapauta\/","title":{"rendered":"Asiakirjan muokkaaminen &#8211; varaa &#8211; vapauta"},"content":{"rendered":"\n<p><em><strong>Varaa<\/strong><\/em>, kun haluat muokata &#8211; <em><strong>vapauta<\/strong><\/em>, mik\u00e4li et en\u00e4\u00e4 k\u00e4sittele tiedostoa tai asiakirjakortin tietoja.<\/p>\n\n\n\n<p>Asiakirjan muokkaaminen tapahtuu <strong><em>Muokkaa tiedostoa <\/em><\/strong>-painikkeen kautta. Jos haluat tehd\u00e4 asiakirjakortille muutoksia, pit\u00e4\u00e4 kortti ensin varata.<\/p>\n\n\n\n<figure class=\"wp-block-image\"><img decoding=\"async\" src=\"https:\/\/help.jamk.fi\/asiakirjahallinto\/wp-content\/uploads\/sites\/53\/2023\/07\/valikko-71.jpg\" alt=\"\" class=\"wp-image-322\"\/><\/figure>\n\n\n\n<p>Jos haluat pit\u00e4\u00e4 asiakirjan itsell\u00e4si varattuna, voit niin tehd\u00e4 ja vapauttaa asiakirjan toisen muokattavaksi <strong><em>Vapauta<\/em><\/strong> -painikkeella. Varattua asiakirjaa voi lukea <strong><em>N\u00e4yt\u00e4 tiedosto<\/em><\/strong>&nbsp;-painikkeella.<\/p>\n\n\n\n<p>Varattuna olevan asiakirjan yhteydess\u00e4 n\u00e4kyy aina, kenelle asiakirja on varattuna. Painamalla henkil\u00f6n nime\u00e4, saat tarvittaessa n\u00e4kyviin varaajan yhteystiedot.<\/p>\n\n\n\n<figure class=\"wp-block-image\"><img decoding=\"async\" src=\"https:\/\/help.jamk.fi\/asiakirjahallinto\/wp-content\/uploads\/sites\/53\/2023\/07\/valikko-8.jpg\" alt=\"\" class=\"wp-image-323\"\/><\/figure>\n\n\n\n<p>Jotta asiakirjan voi allekirjoittaa tai hyv\u00e4ksy\u00e4, on asiakirja ensin vapautettava.<\/p>\n\n\n\n<p>Valmiiksi merkityn asiakirjakortin tietoja voi muuttaa varaamalla asiakirjakortin <em>Varaa<\/em>-painikkeella ja muuttamalla esimerkiksi k\u00e4ytt\u00f6oikeuksia.<\/p>\n","protected":false},"excerpt":{"rendered":"<p>Varaa, kun haluat muokata &#8211; vapauta, mik\u00e4li et en\u00e4\u00e4 k\u00e4sittele tiedostoa tai asiakirjakortin tietoja. Asiakirjan muokkaaminen tapahtuu Muokkaa tiedostoa -painikkeen kautta. Jos haluat tehd\u00e4 asiakirjakortille muutoksia, pit\u00e4\u00e4 kortti ensin varata. Jos haluat pit\u00e4\u00e4 asiakirjan itsell\u00e4si varattuna, voit niin tehd\u00e4 ja vapauttaa asiakirjan toisen muokattavaksi Vapauta -painikkeella. Varattua asiakirjaa voi lukea N\u00e4yt\u00e4 tiedosto&nbsp;-painikkeella. Varattuna olevan asiakirjan [&hellip;]<\/p>\n","protected":false},"author":94,"featured_media":0,"parent":80,"menu_order":360,"comment_status":"closed","ping_status":"closed","template":"","meta":{"_acf_changed":false,"_relevanssi_hide_post":"","_relevanssi_hide_content":"","_relevanssi_pin_for_all":"","_relevanssi_pin_keywords":"","_relevanssi_unpin_keywords":"","_relevanssi_related_keywords":"","_relevanssi_related_include_ids":"","_relevanssi_related_exclude_ids":"","_relevanssi_related_no_append":"","_relevanssi_related_not_related":"","_relevanssi_related_posts":"","_relevanssi_noindex_reason":"","footnotes":""},"categories":[],"tags":[75,27,601,603,483,485],"class_list":["post-107","page","type-page","status-publish","hentry","tag-asiakirja","tag-dokumentti","tag-muokkaa-tiedostoa-fi","tag-muokkaaminen-fi","tag-vapauta-fi","tag-varaa-fi"],"acf":[],"yoast_head":"<!-- This site is optimized with the Yoast SEO plugin v27.3 - https:\/\/yoast.com\/product\/yoast-seo-wordpress\/ -->\n<title>Asiakirjan muokkaaminen - varaa - vapauta - Asianhallinta<\/title>\n<meta name=\"robots\" content=\"index, follow, max-snippet:-1, max-image-preview:large, max-video-preview:-1\" \/>\n<link rel=\"canonical\" href=\"https:\/\/help.jamk.fi\/asianhallinta\/fi\/2-asiakirjan-laatiminen-ja-muokkaaminen\/3-asiakirjan-muokkaaminen-varaa-vapauta\/\" \/>\n<meta property=\"og:locale\" content=\"fi_FI\" \/>\n<meta property=\"og:type\" content=\"article\" \/>\n<meta property=\"og:title\" content=\"Asiakirjan muokkaaminen - varaa - vapauta - Asianhallinta\" \/>\n<meta property=\"og:description\" content=\"Varaa, kun haluat muokata &#8211; vapauta, mik\u00e4li et en\u00e4\u00e4 k\u00e4sittele tiedostoa tai asiakirjakortin tietoja. Asiakirjan muokkaaminen tapahtuu Muokkaa tiedostoa -painikkeen kautta. Jos haluat tehd\u00e4 asiakirjakortille muutoksia, pit\u00e4\u00e4 kortti ensin varata. Jos haluat pit\u00e4\u00e4 asiakirjan itsell\u00e4si varattuna, voit niin tehd\u00e4 ja vapauttaa asiakirjan toisen muokattavaksi Vapauta -painikkeella. Varattua asiakirjaa voi lukea N\u00e4yt\u00e4 tiedosto&nbsp;-painikkeella. Varattuna olevan asiakirjan [&hellip;]\" \/>\n<meta property=\"og:url\" content=\"https:\/\/help.jamk.fi\/asianhallinta\/fi\/2-asiakirjan-laatiminen-ja-muokkaaminen\/3-asiakirjan-muokkaaminen-varaa-vapauta\/\" \/>\n<meta property=\"og:site_name\" content=\"Asianhallinta\" \/>\n<meta property=\"article:modified_time\" content=\"2023-12-21T12:53:15+00:00\" \/>\n<meta property=\"og:image\" content=\"https:\/\/help.jamk.fi\/asiakirjahallinto\/wp-content\/uploads\/sites\/53\/2023\/07\/valikko-71.jpg\" \/>\n<meta name=\"twitter:card\" content=\"summary_large_image\" \/>\n<meta name=\"twitter:label1\" content=\"Arvioitu lukuaika\" \/>\n\t<meta name=\"twitter:data1\" content=\"1 minuutti\" \/>\n<script type=\"application\/ld+json\" class=\"yoast-schema-graph\">{\"@context\":\"https:\\\/\\\/schema.org\",\"@graph\":[{\"@type\":\"WebPage\",\"@id\":\"https:\\\/\\\/help.jamk.fi\\\/asianhallinta\\\/fi\\\/2-asiakirjan-laatiminen-ja-muokkaaminen\\\/3-asiakirjan-muokkaaminen-varaa-vapauta\\\/\",\"url\":\"https:\\\/\\\/help.jamk.fi\\\/asianhallinta\\\/fi\\\/2-asiakirjan-laatiminen-ja-muokkaaminen\\\/3-asiakirjan-muokkaaminen-varaa-vapauta\\\/\",\"name\":\"Asiakirjan muokkaaminen - varaa - vapauta - Asianhallinta\",\"isPartOf\":{\"@id\":\"https:\\\/\\\/help.jamk.fi\\\/asianhallinta\\\/#website\"},\"primaryImageOfPage\":{\"@id\":\"https:\\\/\\\/help.jamk.fi\\\/asianhallinta\\\/fi\\\/2-asiakirjan-laatiminen-ja-muokkaaminen\\\/3-asiakirjan-muokkaaminen-varaa-vapauta\\\/#primaryimage\"},\"image\":{\"@id\":\"https:\\\/\\\/help.jamk.fi\\\/asianhallinta\\\/fi\\\/2-asiakirjan-laatiminen-ja-muokkaaminen\\\/3-asiakirjan-muokkaaminen-varaa-vapauta\\\/#primaryimage\"},\"thumbnailUrl\":\"https:\\\/\\\/help.jamk.fi\\\/asiakirjahallinto\\\/wp-content\\\/uploads\\\/sites\\\/53\\\/2023\\\/07\\\/valikko-71.jpg\",\"datePublished\":\"2012-12-13T08:46:12+00:00\",\"dateModified\":\"2023-12-21T12:53:15+00:00\",\"breadcrumb\":{\"@id\":\"https:\\\/\\\/help.jamk.fi\\\/asianhallinta\\\/fi\\\/2-asiakirjan-laatiminen-ja-muokkaaminen\\\/3-asiakirjan-muokkaaminen-varaa-vapauta\\\/#breadcrumb\"},\"inLanguage\":\"fi\",\"potentialAction\":[{\"@type\":\"ReadAction\",\"target\":[\"https:\\\/\\\/help.jamk.fi\\\/asianhallinta\\\/fi\\\/2-asiakirjan-laatiminen-ja-muokkaaminen\\\/3-asiakirjan-muokkaaminen-varaa-vapauta\\\/\"]}]},{\"@type\":\"ImageObject\",\"inLanguage\":\"fi\",\"@id\":\"https:\\\/\\\/help.jamk.fi\\\/asianhallinta\\\/fi\\\/2-asiakirjan-laatiminen-ja-muokkaaminen\\\/3-asiakirjan-muokkaaminen-varaa-vapauta\\\/#primaryimage\",\"url\":\"https:\\\/\\\/help.jamk.fi\\\/asiakirjahallinto\\\/wp-content\\\/uploads\\\/sites\\\/53\\\/2023\\\/07\\\/valikko-71.jpg\",\"contentUrl\":\"https:\\\/\\\/help.jamk.fi\\\/asiakirjahallinto\\\/wp-content\\\/uploads\\\/sites\\\/53\\\/2023\\\/07\\\/valikko-71.jpg\"},{\"@type\":\"BreadcrumbList\",\"@id\":\"https:\\\/\\\/help.jamk.fi\\\/asianhallinta\\\/fi\\\/2-asiakirjan-laatiminen-ja-muokkaaminen\\\/3-asiakirjan-muokkaaminen-varaa-vapauta\\\/#breadcrumb\",\"itemListElement\":[{\"@type\":\"ListItem\",\"position\":1,\"name\":\"Etusivu\",\"item\":\"https:\\\/\\\/help.jamk.fi\\\/asianhallinta\\\/\"},{\"@type\":\"ListItem\",\"position\":2,\"name\":\"3 Asiakirja\",\"item\":\"https:\\\/\\\/help.jamk.fi\\\/asianhallinta\\\/fi\\\/2-asiakirjan-laatiminen-ja-muokkaaminen\\\/\"},{\"@type\":\"ListItem\",\"position\":3,\"name\":\"Asiakirjan muokkaaminen &#8211; varaa &#8211; vapauta\"}]},{\"@type\":\"WebSite\",\"@id\":\"https:\\\/\\\/help.jamk.fi\\\/asianhallinta\\\/#website\",\"url\":\"https:\\\/\\\/help.jamk.fi\\\/asianhallinta\\\/\",\"name\":\"Asianhallinta\",\"description\":\"\",\"potentialAction\":[{\"@type\":\"SearchAction\",\"target\":{\"@type\":\"EntryPoint\",\"urlTemplate\":\"https:\\\/\\\/help.jamk.fi\\\/asianhallinta\\\/?s={search_term_string}\"},\"query-input\":{\"@type\":\"PropertyValueSpecification\",\"valueRequired\":true,\"valueName\":\"search_term_string\"}}],\"inLanguage\":\"fi\"}]}<\/script>\n<!-- \/ Yoast SEO plugin. -->","yoast_head_json":{"title":"Asiakirjan muokkaaminen - varaa - vapauta - Asianhallinta","robots":{"index":"index","follow":"follow","max-snippet":"max-snippet:-1","max-image-preview":"max-image-preview:large","max-video-preview":"max-video-preview:-1"},"canonical":"https:\/\/help.jamk.fi\/asianhallinta\/fi\/2-asiakirjan-laatiminen-ja-muokkaaminen\/3-asiakirjan-muokkaaminen-varaa-vapauta\/","og_locale":"fi_FI","og_type":"article","og_title":"Asiakirjan muokkaaminen - varaa - vapauta - Asianhallinta","og_description":"Varaa, kun haluat muokata &#8211; vapauta, mik\u00e4li et en\u00e4\u00e4 k\u00e4sittele tiedostoa tai asiakirjakortin tietoja. Asiakirjan muokkaaminen tapahtuu Muokkaa tiedostoa -painikkeen kautta. Jos haluat tehd\u00e4 asiakirjakortille muutoksia, pit\u00e4\u00e4 kortti ensin varata. Jos haluat pit\u00e4\u00e4 asiakirjan itsell\u00e4si varattuna, voit niin tehd\u00e4 ja vapauttaa asiakirjan toisen muokattavaksi Vapauta -painikkeella. Varattua asiakirjaa voi lukea N\u00e4yt\u00e4 tiedosto&nbsp;-painikkeella. Varattuna olevan asiakirjan [&hellip;]","og_url":"https:\/\/help.jamk.fi\/asianhallinta\/fi\/2-asiakirjan-laatiminen-ja-muokkaaminen\/3-asiakirjan-muokkaaminen-varaa-vapauta\/","og_site_name":"Asianhallinta","article_modified_time":"2023-12-21T12:53:15+00:00","og_image":[{"url":"https:\/\/help.jamk.fi\/asiakirjahallinto\/wp-content\/uploads\/sites\/53\/2023\/07\/valikko-71.jpg","type":"","width":"","height":""}],"twitter_card":"summary_large_image","twitter_misc":{"Arvioitu lukuaika":"1 minuutti"},"schema":{"@context":"https:\/\/schema.org","@graph":[{"@type":"WebPage","@id":"https:\/\/help.jamk.fi\/asianhallinta\/fi\/2-asiakirjan-laatiminen-ja-muokkaaminen\/3-asiakirjan-muokkaaminen-varaa-vapauta\/","url":"https:\/\/help.jamk.fi\/asianhallinta\/fi\/2-asiakirjan-laatiminen-ja-muokkaaminen\/3-asiakirjan-muokkaaminen-varaa-vapauta\/","name":"Asiakirjan muokkaaminen - varaa - vapauta - Asianhallinta","isPartOf":{"@id":"https:\/\/help.jamk.fi\/asianhallinta\/#website"},"primaryImageOfPage":{"@id":"https:\/\/help.jamk.fi\/asianhallinta\/fi\/2-asiakirjan-laatiminen-ja-muokkaaminen\/3-asiakirjan-muokkaaminen-varaa-vapauta\/#primaryimage"},"image":{"@id":"https:\/\/help.jamk.fi\/asianhallinta\/fi\/2-asiakirjan-laatiminen-ja-muokkaaminen\/3-asiakirjan-muokkaaminen-varaa-vapauta\/#primaryimage"},"thumbnailUrl":"https:\/\/help.jamk.fi\/asiakirjahallinto\/wp-content\/uploads\/sites\/53\/2023\/07\/valikko-71.jpg","datePublished":"2012-12-13T08:46:12+00:00","dateModified":"2023-12-21T12:53:15+00:00","breadcrumb":{"@id":"https:\/\/help.jamk.fi\/asianhallinta\/fi\/2-asiakirjan-laatiminen-ja-muokkaaminen\/3-asiakirjan-muokkaaminen-varaa-vapauta\/#breadcrumb"},"inLanguage":"fi","potentialAction":[{"@type":"ReadAction","target":["https:\/\/help.jamk.fi\/asianhallinta\/fi\/2-asiakirjan-laatiminen-ja-muokkaaminen\/3-asiakirjan-muokkaaminen-varaa-vapauta\/"]}]},{"@type":"ImageObject","inLanguage":"fi","@id":"https:\/\/help.jamk.fi\/asianhallinta\/fi\/2-asiakirjan-laatiminen-ja-muokkaaminen\/3-asiakirjan-muokkaaminen-varaa-vapauta\/#primaryimage","url":"https:\/\/help.jamk.fi\/asiakirjahallinto\/wp-content\/uploads\/sites\/53\/2023\/07\/valikko-71.jpg","contentUrl":"https:\/\/help.jamk.fi\/asiakirjahallinto\/wp-content\/uploads\/sites\/53\/2023\/07\/valikko-71.jpg"},{"@type":"BreadcrumbList","@id":"https:\/\/help.jamk.fi\/asianhallinta\/fi\/2-asiakirjan-laatiminen-ja-muokkaaminen\/3-asiakirjan-muokkaaminen-varaa-vapauta\/#breadcrumb","itemListElement":[{"@type":"ListItem","position":1,"name":"Etusivu","item":"https:\/\/help.jamk.fi\/asianhallinta\/"},{"@type":"ListItem","position":2,"name":"3 Asiakirja","item":"https:\/\/help.jamk.fi\/asianhallinta\/fi\/2-asiakirjan-laatiminen-ja-muokkaaminen\/"},{"@type":"ListItem","position":3,"name":"Asiakirjan muokkaaminen &#8211; varaa &#8211; vapauta"}]},{"@type":"WebSite","@id":"https:\/\/help.jamk.fi\/asianhallinta\/#website","url":"https:\/\/help.jamk.fi\/asianhallinta\/","name":"Asianhallinta","description":"","potentialAction":[{"@type":"SearchAction","target":{"@type":"EntryPoint","urlTemplate":"https:\/\/help.jamk.fi\/asianhallinta\/?s={search_term_string}"},"query-input":{"@type":"PropertyValueSpecification","valueRequired":true,"valueName":"search_term_string"}}],"inLanguage":"fi"}]}},"_links":{"self":[{"href":"https:\/\/help.jamk.fi\/asianhallinta\/wp-json\/wp\/v2\/pages\/107","targetHints":{"allow":["GET"]}}],"collection":[{"href":"https:\/\/help.jamk.fi\/asianhallinta\/wp-json\/wp\/v2\/pages"}],"about":[{"href":"https:\/\/help.jamk.fi\/asianhallinta\/wp-json\/wp\/v2\/types\/page"}],"author":[{"embeddable":true,"href":"https:\/\/help.jamk.fi\/asianhallinta\/wp-json\/wp\/v2\/users\/94"}],"replies":[{"embeddable":true,"href":"https:\/\/help.jamk.fi\/asianhallinta\/wp-json\/wp\/v2\/comments?post=107"}],"version-history":[{"count":2,"href":"https:\/\/help.jamk.fi\/asianhallinta\/wp-json\/wp\/v2\/pages\/107\/revisions"}],"predecessor-version":[{"id":1780,"href":"https:\/\/help.jamk.fi\/asianhallinta\/wp-json\/wp\/v2\/pages\/107\/revisions\/1780"}],"up":[{"embeddable":true,"href":"https:\/\/help.jamk.fi\/asianhallinta\/wp-json\/wp\/v2\/pages\/80"}],"wp:attachment":[{"href":"https:\/\/help.jamk.fi\/asianhallinta\/wp-json\/wp\/v2\/media?parent=107"}],"wp:term":[{"taxonomy":"category","embeddable":true,"href":"https:\/\/help.jamk.fi\/asianhallinta\/wp-json\/wp\/v2\/categories?post=107"},{"taxonomy":"post_tag","embeddable":true,"href":"https:\/\/help.jamk.fi\/asianhallinta\/wp-json\/wp\/v2\/tags?post=107"}],"curies":[{"name":"wp","href":"https:\/\/api.w.org\/{rel}","templated":true}]}}