{"id":128,"date":"2012-12-13T10:46:29","date_gmt":"2012-12-13T08:46:29","guid":{"rendered":"https:\/\/help.jamk.fi\/asiakirjahallinto\/esimerkkisivu\/4-liitteet\/"},"modified":"2023-12-19T16:50:03","modified_gmt":"2023-12-19T14:50:03","slug":"4-liitteet","status":"publish","type":"page","link":"https:\/\/help.jamk.fi\/asianhallinta\/fi\/4-liitteet\/","title":{"rendered":"4 Liitteet"},"content":{"rendered":"<p>Liiteasiakirja pit\u00e4\u00e4 luoda Twebiss\u00e4 erikseen ellei se sis\u00e4lly kiinte\u00e4n\u00e4 osana p\u00e4\u00e4asiakirjan tiedostoon, eli jokaisesta liitteest\u00e4 tehd\u00e4\u00e4n oma asiakirjakortti. Liite nimet\u00e4\u00e4n kuten tavallinen asiakirja, esimerkiksi<\/p>\n<p><em>Budjettivertailu (JAMK)\u00a0 <\/em><\/p>\n<p><em>Liite 2 Budjettivertailu (JAMK\/LIPA)<\/em><\/p>\n<p>Liitteet merkit\u00e4\u00e4n my\u00f6s aina valmiiksi. P\u00e4\u00e4asiakirjalle voidaan liitt\u00e4\u00e4 jo Twebiss\u00e4 olevia asiakirjoja liitteeksi, tai uusi liite voidaan luoda suoraan p\u00e4\u00e4asiakirjan asiakirjakortin kautta.<\/p>\n","protected":false},"excerpt":{"rendered":"<p>Liiteasiakirja pit\u00e4\u00e4 luoda Twebiss\u00e4 erikseen ellei se sis\u00e4lly kiinte\u00e4n\u00e4 osana p\u00e4\u00e4asiakirjan tiedostoon, eli jokaisesta liitteest\u00e4 tehd\u00e4\u00e4n oma asiakirjakortti. Liite nimet\u00e4\u00e4n kuten tavallinen asiakirja, esimerkiksi Budjettivertailu (JAMK)\u00a0 Liite 2 Budjettivertailu (JAMK\/LIPA) Liitteet merkit\u00e4\u00e4n my\u00f6s aina valmiiksi. P\u00e4\u00e4asiakirjalle voidaan liitt\u00e4\u00e4 jo Twebiss\u00e4 olevia asiakirjoja liitteeksi, tai uusi liite voidaan luoda suoraan p\u00e4\u00e4asiakirjan asiakirjakortin kautta.<\/p>\n","protected":false},"author":94,"featured_media":0,"parent":0,"menu_order":400,"comment_status":"closed","ping_status":"closed","template":"","meta":{"_acf_changed":false,"_relevanssi_hide_post":"","_relevanssi_hide_content":"","_relevanssi_pin_for_all":"","_relevanssi_pin_keywords":"","_relevanssi_unpin_keywords":"","_relevanssi_related_keywords":"","_relevanssi_related_include_ids":"","_relevanssi_related_exclude_ids":"","_relevanssi_related_no_append":"","_relevanssi_related_not_related":"","_relevanssi_related_posts":"21,30,12,27,24,15","_relevanssi_noindex_reason":"","footnotes":""},"categories":[],"tags":[75,489,39],"class_list":["post-128","page","type-page","status-publish","hentry","tag-asiakirja","tag-liitteet-fi","tag-tweb"],"acf":[],"yoast_head":"<!-- This site is optimized with the Yoast SEO plugin v27.3 - https:\/\/yoast.com\/product\/yoast-seo-wordpress\/ -->\n<title>4 Liitteet - Asianhallinta<\/title>\n<meta name=\"robots\" content=\"index, follow, max-snippet:-1, max-image-preview:large, max-video-preview:-1\" \/>\n<link rel=\"canonical\" href=\"https:\/\/help.jamk.fi\/asianhallinta\/fi\/4-liitteet\/\" \/>\n<meta property=\"og:locale\" content=\"fi_FI\" \/>\n<meta property=\"og:type\" content=\"article\" \/>\n<meta property=\"og:title\" content=\"4 Liitteet - Asianhallinta\" \/>\n<meta property=\"og:description\" content=\"Liiteasiakirja pit\u00e4\u00e4 luoda Twebiss\u00e4 erikseen ellei se sis\u00e4lly kiinte\u00e4n\u00e4 osana p\u00e4\u00e4asiakirjan tiedostoon, eli jokaisesta liitteest\u00e4 tehd\u00e4\u00e4n oma asiakirjakortti. Liite nimet\u00e4\u00e4n kuten tavallinen asiakirja, esimerkiksi Budjettivertailu (JAMK)\u00a0 Liite 2 Budjettivertailu (JAMK\/LIPA) Liitteet merkit\u00e4\u00e4n my\u00f6s aina valmiiksi. P\u00e4\u00e4asiakirjalle voidaan liitt\u00e4\u00e4 jo Twebiss\u00e4 olevia asiakirjoja liitteeksi, tai uusi liite voidaan luoda suoraan p\u00e4\u00e4asiakirjan asiakirjakortin kautta.\" \/>\n<meta property=\"og:url\" content=\"https:\/\/help.jamk.fi\/asianhallinta\/fi\/4-liitteet\/\" \/>\n<meta property=\"og:site_name\" content=\"Asianhallinta\" \/>\n<meta property=\"article:modified_time\" content=\"2023-12-19T14:50:03+00:00\" \/>\n<meta name=\"twitter:card\" content=\"summary_large_image\" \/>\n<meta name=\"twitter:label1\" content=\"Arvioitu lukuaika\" \/>\n\t<meta name=\"twitter:data1\" content=\"1 minuutti\" \/>\n<script type=\"application\/ld+json\" class=\"yoast-schema-graph\">{\"@context\":\"https:\\\/\\\/schema.org\",\"@graph\":[{\"@type\":\"WebPage\",\"@id\":\"https:\\\/\\\/help.jamk.fi\\\/asianhallinta\\\/fi\\\/4-liitteet\\\/\",\"url\":\"https:\\\/\\\/help.jamk.fi\\\/asianhallinta\\\/fi\\\/4-liitteet\\\/\",\"name\":\"4 Liitteet - Asianhallinta\",\"isPartOf\":{\"@id\":\"https:\\\/\\\/help.jamk.fi\\\/asianhallinta\\\/#website\"},\"datePublished\":\"2012-12-13T08:46:29+00:00\",\"dateModified\":\"2023-12-19T14:50:03+00:00\",\"breadcrumb\":{\"@id\":\"https:\\\/\\\/help.jamk.fi\\\/asianhallinta\\\/fi\\\/4-liitteet\\\/#breadcrumb\"},\"inLanguage\":\"fi\",\"potentialAction\":[{\"@type\":\"ReadAction\",\"target\":[\"https:\\\/\\\/help.jamk.fi\\\/asianhallinta\\\/fi\\\/4-liitteet\\\/\"]}]},{\"@type\":\"BreadcrumbList\",\"@id\":\"https:\\\/\\\/help.jamk.fi\\\/asianhallinta\\\/fi\\\/4-liitteet\\\/#breadcrumb\",\"itemListElement\":[{\"@type\":\"ListItem\",\"position\":1,\"name\":\"Etusivu\",\"item\":\"https:\\\/\\\/help.jamk.fi\\\/asianhallinta\\\/\"},{\"@type\":\"ListItem\",\"position\":2,\"name\":\"4 Liitteet\"}]},{\"@type\":\"WebSite\",\"@id\":\"https:\\\/\\\/help.jamk.fi\\\/asianhallinta\\\/#website\",\"url\":\"https:\\\/\\\/help.jamk.fi\\\/asianhallinta\\\/\",\"name\":\"Asianhallinta\",\"description\":\"\",\"potentialAction\":[{\"@type\":\"SearchAction\",\"target\":{\"@type\":\"EntryPoint\",\"urlTemplate\":\"https:\\\/\\\/help.jamk.fi\\\/asianhallinta\\\/?s={search_term_string}\"},\"query-input\":{\"@type\":\"PropertyValueSpecification\",\"valueRequired\":true,\"valueName\":\"search_term_string\"}}],\"inLanguage\":\"fi\"}]}<\/script>\n<!-- \/ Yoast SEO plugin. -->","yoast_head_json":{"title":"4 Liitteet - Asianhallinta","robots":{"index":"index","follow":"follow","max-snippet":"max-snippet:-1","max-image-preview":"max-image-preview:large","max-video-preview":"max-video-preview:-1"},"canonical":"https:\/\/help.jamk.fi\/asianhallinta\/fi\/4-liitteet\/","og_locale":"fi_FI","og_type":"article","og_title":"4 Liitteet - Asianhallinta","og_description":"Liiteasiakirja pit\u00e4\u00e4 luoda Twebiss\u00e4 erikseen ellei se sis\u00e4lly kiinte\u00e4n\u00e4 osana p\u00e4\u00e4asiakirjan tiedostoon, eli jokaisesta liitteest\u00e4 tehd\u00e4\u00e4n oma asiakirjakortti. Liite nimet\u00e4\u00e4n kuten tavallinen asiakirja, esimerkiksi Budjettivertailu (JAMK)\u00a0 Liite 2 Budjettivertailu (JAMK\/LIPA) Liitteet merkit\u00e4\u00e4n my\u00f6s aina valmiiksi. P\u00e4\u00e4asiakirjalle voidaan liitt\u00e4\u00e4 jo Twebiss\u00e4 olevia asiakirjoja liitteeksi, tai uusi liite voidaan luoda suoraan p\u00e4\u00e4asiakirjan asiakirjakortin kautta.","og_url":"https:\/\/help.jamk.fi\/asianhallinta\/fi\/4-liitteet\/","og_site_name":"Asianhallinta","article_modified_time":"2023-12-19T14:50:03+00:00","twitter_card":"summary_large_image","twitter_misc":{"Arvioitu lukuaika":"1 minuutti"},"schema":{"@context":"https:\/\/schema.org","@graph":[{"@type":"WebPage","@id":"https:\/\/help.jamk.fi\/asianhallinta\/fi\/4-liitteet\/","url":"https:\/\/help.jamk.fi\/asianhallinta\/fi\/4-liitteet\/","name":"4 Liitteet - Asianhallinta","isPartOf":{"@id":"https:\/\/help.jamk.fi\/asianhallinta\/#website"},"datePublished":"2012-12-13T08:46:29+00:00","dateModified":"2023-12-19T14:50:03+00:00","breadcrumb":{"@id":"https:\/\/help.jamk.fi\/asianhallinta\/fi\/4-liitteet\/#breadcrumb"},"inLanguage":"fi","potentialAction":[{"@type":"ReadAction","target":["https:\/\/help.jamk.fi\/asianhallinta\/fi\/4-liitteet\/"]}]},{"@type":"BreadcrumbList","@id":"https:\/\/help.jamk.fi\/asianhallinta\/fi\/4-liitteet\/#breadcrumb","itemListElement":[{"@type":"ListItem","position":1,"name":"Etusivu","item":"https:\/\/help.jamk.fi\/asianhallinta\/"},{"@type":"ListItem","position":2,"name":"4 Liitteet"}]},{"@type":"WebSite","@id":"https:\/\/help.jamk.fi\/asianhallinta\/#website","url":"https:\/\/help.jamk.fi\/asianhallinta\/","name":"Asianhallinta","description":"","potentialAction":[{"@type":"SearchAction","target":{"@type":"EntryPoint","urlTemplate":"https:\/\/help.jamk.fi\/asianhallinta\/?s={search_term_string}"},"query-input":{"@type":"PropertyValueSpecification","valueRequired":true,"valueName":"search_term_string"}}],"inLanguage":"fi"}]}},"_links":{"self":[{"href":"https:\/\/help.jamk.fi\/asianhallinta\/wp-json\/wp\/v2\/pages\/128","targetHints":{"allow":["GET"]}}],"collection":[{"href":"https:\/\/help.jamk.fi\/asianhallinta\/wp-json\/wp\/v2\/pages"}],"about":[{"href":"https:\/\/help.jamk.fi\/asianhallinta\/wp-json\/wp\/v2\/types\/page"}],"author":[{"embeddable":true,"href":"https:\/\/help.jamk.fi\/asianhallinta\/wp-json\/wp\/v2\/users\/94"}],"replies":[{"embeddable":true,"href":"https:\/\/help.jamk.fi\/asianhallinta\/wp-json\/wp\/v2\/comments?post=128"}],"version-history":[{"count":3,"href":"https:\/\/help.jamk.fi\/asianhallinta\/wp-json\/wp\/v2\/pages\/128\/revisions"}],"predecessor-version":[{"id":1760,"href":"https:\/\/help.jamk.fi\/asianhallinta\/wp-json\/wp\/v2\/pages\/128\/revisions\/1760"}],"wp:attachment":[{"href":"https:\/\/help.jamk.fi\/asianhallinta\/wp-json\/wp\/v2\/media?parent=128"}],"wp:term":[{"taxonomy":"category","embeddable":true,"href":"https:\/\/help.jamk.fi\/asianhallinta\/wp-json\/wp\/v2\/categories?post=128"},{"taxonomy":"post_tag","embeddable":true,"href":"https:\/\/help.jamk.fi\/asianhallinta\/wp-json\/wp\/v2\/tags?post=128"}],"curies":[{"name":"wp","href":"https:\/\/api.w.org\/{rel}","templated":true}]}}