{"id":149,"date":"2013-02-04T12:11:48","date_gmt":"2013-02-04T10:11:48","guid":{"rendered":"https:\/\/help.jamk.fi\/asiakirjahallinto\/5-1-kayttooikeus-ja-ryhmat\/"},"modified":"2024-01-19T16:33:42","modified_gmt":"2024-01-19T14:33:42","slug":"5-1-kayttooikeus-ja-ryhmat","status":"publish","type":"page","link":"https:\/\/help.jamk.fi\/asianhallinta\/fi\/julkinen-vai-salassapidettava\/5-1-kayttooikeus-ja-ryhmat\/","title":{"rendered":"K\u00e4ytt\u00f6oikeuksien lis\u00e4\u00e4minen\/poistaminen asiakirjalta"},"content":{"rendered":"\n<p><\/p>\n\n\n\n<h2 class=\"wp-block-heading\">Siirry asiakirjakortille<\/h2>\n\n\n\n<ol class=\"wp-block-list\">\n<li>Varaa asiakirjakortti <em>Varaa<\/em>-painikkeella<\/li>\n\n\n\n<li>Siirry <em>K\u00e4ytt\u00f6oikeudet<\/em> -v\u00e4lilehdelle<\/li>\n\n\n\n<li>Klikkaa <i>K\u00e4ytt\u00e4j\u00e4t<\/i> -kent\u00e4n vieress\u00e4 olevaa <b><i>Lis\u00e4\u00e4 k\u00e4ytt\u00e4j\u00e4<\/i><\/b> -painiketta<\/li>\n<\/ol>\n\n\n\n<figure class=\"wp-block-image size-full is-resized\"><img decoding=\"async\" src=\"https:\/\/help.jamk.fi\/asiakirjahallinto\/wp-content\/uploads\/sites\/53\/2023\/07\/Capture.jpg\" alt=\"Asiakirjakortin k\u00e4ytt\u00f6oikeudet-v\u00e4lilehti, jossa korostettu painike Lis\u00e4\u00e4 k\u00e4ytt\u00e4j\u00e4.\" class=\"wp-image-762\"\/><figcaption class=\"wp-element-caption\"><strong><em>K\u00e4ytt\u00f6oikeudet-<\/em>v\u00e4lilehti<\/strong><\/figcaption><\/figure>\n\n\n\n<h2 class=\"wp-block-heading\">Lis\u00e4\u00e4 k\u00e4ytt\u00e4j\u00e4t<\/h2>\n\n\n\n<ol class=\"wp-block-list\">\n<li>Valitse k\u00e4ytt\u00f6oikeuden saaja eli k\u00e4ytt\u00e4j\u00e4\/k\u00e4ytt\u00e4j\u00e4ryhm\u00e4 <em><i>K\u00e4ytt\u00e4j\u00e4t<\/i> <\/em>-ikkunasta. Voit m\u00e4\u00e4ritell\u00e4 oikeudet kyseiseen asiakirjaan k\u00e4ytt\u00e4j\u00e4ryhmille [hakasulkeissa] tai yksitt\u00e4isille k\u00e4ytt\u00e4jille. <strong>Huom! <\/strong>Asiakirjalle ei saa m\u00e4\u00e4ritt\u00e4\u00e4 pelk\u00e4st\u00e4\u00e4n vain henkil\u00f6tason k\u00e4ytt\u00f6oikeuksia!<\/li>\n\n\n\n<li>Voit valita k\u00e4ytt\u00e4j\u00e4t suoraan tai k\u00e4ytt\u00e4\u00e4 hakuehtoja haluamasi k\u00e4ytt\u00e4j\u00e4n etsimiseen. Voit valita my\u00f6s useita k\u00e4ytt\u00e4ji\u00e4\/k\u00e4ytt\u00e4j\u00e4ryhmi\u00e4 painamalla Ctrl -painiketta valintoja tehdess\u00e4si. <b><i>Huomaa<\/i><\/b>, ett\u00e4 silloin annat kaikille valitsemillesi saman k\u00e4ytt\u00f6oikeustason.<\/li>\n<\/ol>\n\n\n\n<h3 class=\"wp-block-heading\">Hae k\u00e4ytt\u00e4j\u00e4t ja m\u00e4\u00e4rit\u00e4 k\u00e4ytt\u00f6oikeustaso<\/h3>\n\n\n\n<ul class=\"wp-block-list\">\n<li>Valitse <i>Hakuehto<\/i> -valintalistasta se kentt\u00e4, jonka perusteella haluat hakea, esim. Sukunimi.<\/li>\n\n\n\n<li>T\u00e4yt\u00e4 <i>Hakuteksti<\/i> -kentt\u00e4\u00e4n se tieto, jonka haluat l\u00f6ytyv\u00e4n edell\u00e4 valitusta kent\u00e4st\u00e4, esim. J\u00e4rvinen.<\/li>\n\n\n\n<li>Klikkaa<i> <b>Hae<\/b> <\/i>-painiketta.<\/li>\n\n\n\n<li>Valitse k\u00e4ytt\u00e4jille\/ryhmille haluamasi oikeustaso <i>K\u00e4ytt\u00f6oikeustaso<\/i>-valintalistasta ja klikkaa <b><i>Valitse<\/i><\/b> -painiketta. <i>Katselija<\/i> voi katsella asiakirjan metatietoja ja sen tiedostoa, <i>P\u00e4ivitt\u00e4j\u00e4<\/i> voi muokata asiakirjan tiedostoa, muttei sen metatietoja ja Omistaja voi muokata sek\u00e4 asiakirjan tiedostoa ett\u00e4 sen metatietoja.<\/li>\n<\/ul>\n\n\n<div class=\"wp-block-image\">\n<figure class=\"aligncenter size-full\"><img loading=\"lazy\" decoding=\"async\" width=\"948\" height=\"668\" src=\"https:\/\/help.jamk.fi\/asianhallinta\/wp-content\/uploads\/sites\/53\/2023\/07\/Capture2.jpg\" alt=\"\" class=\"wp-image-942\" srcset=\"https:\/\/help.jamk.fi\/asianhallinta\/wp-content\/uploads\/sites\/53\/2023\/07\/Capture2.jpg 948w, https:\/\/help.jamk.fi\/asianhallinta\/wp-content\/uploads\/sites\/53\/2023\/07\/Capture2-300x211.jpg 300w, https:\/\/help.jamk.fi\/asianhallinta\/wp-content\/uploads\/sites\/53\/2023\/07\/Capture2-768x541.jpg 768w\" sizes=\"auto, (max-width: 948px) 100vw, 948px\" \/><figcaption class=\"wp-element-caption\"><strong>K\u00e4ytt\u00f6oikeuksien lis\u00e4\u00e4misen hakun\u00e4kym\u00e4<\/strong><\/figcaption><\/figure>\n<\/div>\n\n\n<ul class=\"wp-block-list\">\n<li>Voit my\u00f6s vaihtaa hakutuloksen j\u00e4rjestyst\u00e4 valitsemalla<i> J\u00e4rjestys<\/i> -valintalistasta jonkin toisen j\u00e4rjestysvaihtoehdon ja klikkaamalla <em>Hae<\/em> -painiketta uudelleen.<\/li>\n\n\n\n<li>Voit my\u00f6s etsi\u00e4 k\u00e4ytt\u00e4ji\u00e4 klikkaamalla kerran jonkun k\u00e4ytt\u00e4j\u00e4n nime\u00e4 ja sen j\u00e4lkeen painamalla n\u00e4pp\u00e4imist\u00f6lt\u00e4 sit\u00e4 kirjainta, jolla etsim\u00e4si nimi alkaa. Esim. valitse aakkosissa ensimm\u00e4inen k\u00e4ytt\u00e4j\u00e4 ikkunasta ja paina sen j\u00e4lkeen n\u00e4pp\u00e4imist\u00f6lt\u00e4 kirjainta p, niin p\u00e4\u00e4set p-kirjaimella alkaviin nimiin.<\/li>\n\n\n\n<li><b><i>Tyhjenn\u00e4<\/i><\/b> \u2013painike tyhjent\u00e4\u00e4 kaikki hakuehtokent\u00e4t.<\/li>\n\n\n\n<li>Voit tarkastella k\u00e4ytt\u00e4j\u00e4ryhm\u00e4n kokoonpanoa valitsemalla ensin ryhm\u00e4n ja sen j\u00e4lkeen klikkaamalla <b><i>N\u00e4yt\u00e4 ryhm\u00e4n j\u00e4senet<\/i><\/b> -painiketta<\/li>\n<\/ul>\n\n\n\n<p>Lis\u00e4\u00e4m\u00e4si k\u00e4ytt\u00e4j\u00e4t n\u00e4kyv\u00e4t<i> K\u00e4ytt\u00e4j\u00e4t<\/i> -kent\u00e4ss\u00e4 seuraavasti<\/p>\n\n\n\n<figure class=\"wp-block-image size-full is-resized\"><img decoding=\"async\" src=\"https:\/\/help.jamk.fi\/asiakirjahallinto\/wp-content\/uploads\/sites\/53\/2023\/07\/Capture3.jpg\" alt=\"\" class=\"wp-image-765\"\/><figcaption class=\"wp-element-caption\"><strong>K\u00e4ytt\u00f6oikeuksien n\u00e4kyminen asiakirjalla<\/strong><\/figcaption><\/figure>\n\n\n\n<h2 class=\"wp-block-heading\">K\u00e4ytt\u00f6oikeuksien poistaminen tai muuttaminen<\/h2>\n\n\n\n<p>Voit poistaa k\u00e4ytt\u00e4j\u00e4n k\u00e4ytt\u00f6oikeuden valitsemalla k\u00e4ytt\u00e4j\u00e4n<i> K\u00e4ytt\u00e4j\u00e4t<\/i> -kent\u00e4st\u00e4 ja klikkaamalla<i> <b>Poista<\/b><\/i> -painiketta. Voit valita useita painamalla Ctrl -painiketta valintoja tehdess\u00e4si.<\/p>\n\n\n\n<p>Kun haluat pienent\u00e4\u00e4 k\u00e4ytt\u00e4j\u00e4n oikeuksia, sinun tulee ensin poistaa k\u00e4ytt\u00e4j\u00e4, ja sen j\u00e4lkeen lis\u00e4t\u00e4 k\u00e4ytt\u00e4j\u00e4 ja haluttu k\u00e4ytt\u00f6oikeustaso uudelleen.<\/p>\n\n\n\n<p><span style=\"color: #ff0000\">&nbsp;<\/span><\/p>\n","protected":false},"excerpt":{"rendered":"<p>Siirry asiakirjakortille Lis\u00e4\u00e4 k\u00e4ytt\u00e4j\u00e4t Hae k\u00e4ytt\u00e4j\u00e4t ja m\u00e4\u00e4rit\u00e4 k\u00e4ytt\u00f6oikeustaso Lis\u00e4\u00e4m\u00e4si k\u00e4ytt\u00e4j\u00e4t n\u00e4kyv\u00e4t K\u00e4ytt\u00e4j\u00e4t -kent\u00e4ss\u00e4 seuraavasti K\u00e4ytt\u00f6oikeuksien poistaminen tai muuttaminen Voit poistaa k\u00e4ytt\u00e4j\u00e4n k\u00e4ytt\u00f6oikeuden valitsemalla k\u00e4ytt\u00e4j\u00e4n K\u00e4ytt\u00e4j\u00e4t -kent\u00e4st\u00e4 ja klikkaamalla Poista -painiketta. Voit valita useita painamalla Ctrl -painiketta valintoja tehdess\u00e4si. Kun haluat pienent\u00e4\u00e4 k\u00e4ytt\u00e4j\u00e4n oikeuksia, sinun tulee ensin poistaa k\u00e4ytt\u00e4j\u00e4, ja sen j\u00e4lkeen lis\u00e4t\u00e4 k\u00e4ytt\u00e4j\u00e4 ja [&hellip;]<\/p>\n","protected":false},"author":94,"featured_media":0,"parent":173,"menu_order":751,"comment_status":"closed","ping_status":"closed","template":"","meta":{"_acf_changed":false,"_relevanssi_hide_post":"","_relevanssi_hide_content":"","_relevanssi_pin_for_all":"","_relevanssi_pin_keywords":"","_relevanssi_unpin_keywords":"","_relevanssi_related_keywords":"","_relevanssi_related_include_ids":"","_relevanssi_related_exclude_ids":"","_relevanssi_related_no_append":"","_relevanssi_related_not_related":"","_relevanssi_related_posts":"","_relevanssi_noindex_reason":"","footnotes":""},"categories":[],"tags":[75,467,657,659,39],"class_list":["post-149","page","type-page","status-publish","hentry","tag-asiakirja","tag-kayttooikeus-fi","tag-kayttooikeusryhma-fi","tag-ryhma-fi","tag-tweb"],"acf":[],"yoast_head":"<!-- This site is optimized with the Yoast SEO plugin v27.3 - https:\/\/yoast.com\/product\/yoast-seo-wordpress\/ -->\n<title>K\u00e4ytt\u00f6oikeuksien lis\u00e4\u00e4minen\/poistaminen asiakirjalta - Asianhallinta<\/title>\n<meta name=\"robots\" content=\"index, follow, max-snippet:-1, max-image-preview:large, max-video-preview:-1\" \/>\n<link rel=\"canonical\" href=\"https:\/\/help.jamk.fi\/asianhallinta\/fi\/julkinen-vai-salassapidettava\/5-1-kayttooikeus-ja-ryhmat\/\" \/>\n<meta property=\"og:locale\" content=\"fi_FI\" \/>\n<meta property=\"og:type\" content=\"article\" \/>\n<meta property=\"og:title\" content=\"K\u00e4ytt\u00f6oikeuksien lis\u00e4\u00e4minen\/poistaminen asiakirjalta - Asianhallinta\" \/>\n<meta property=\"og:description\" content=\"Siirry asiakirjakortille Lis\u00e4\u00e4 k\u00e4ytt\u00e4j\u00e4t Hae k\u00e4ytt\u00e4j\u00e4t ja m\u00e4\u00e4rit\u00e4 k\u00e4ytt\u00f6oikeustaso Lis\u00e4\u00e4m\u00e4si k\u00e4ytt\u00e4j\u00e4t n\u00e4kyv\u00e4t K\u00e4ytt\u00e4j\u00e4t -kent\u00e4ss\u00e4 seuraavasti K\u00e4ytt\u00f6oikeuksien poistaminen tai muuttaminen Voit poistaa k\u00e4ytt\u00e4j\u00e4n k\u00e4ytt\u00f6oikeuden valitsemalla k\u00e4ytt\u00e4j\u00e4n K\u00e4ytt\u00e4j\u00e4t -kent\u00e4st\u00e4 ja klikkaamalla Poista -painiketta. Voit valita useita painamalla Ctrl -painiketta valintoja tehdess\u00e4si. Kun haluat pienent\u00e4\u00e4 k\u00e4ytt\u00e4j\u00e4n oikeuksia, sinun tulee ensin poistaa k\u00e4ytt\u00e4j\u00e4, ja sen j\u00e4lkeen lis\u00e4t\u00e4 k\u00e4ytt\u00e4j\u00e4 ja [&hellip;]\" \/>\n<meta property=\"og:url\" content=\"https:\/\/help.jamk.fi\/asianhallinta\/fi\/julkinen-vai-salassapidettava\/5-1-kayttooikeus-ja-ryhmat\/\" \/>\n<meta property=\"og:site_name\" content=\"Asianhallinta\" \/>\n<meta property=\"article:modified_time\" content=\"2024-01-19T14:33:42+00:00\" \/>\n<meta property=\"og:image\" content=\"https:\/\/help.jamk.fi\/asiakirjahallinto\/wp-content\/uploads\/sites\/53\/2023\/07\/Capture.jpg\" \/>\n<meta name=\"twitter:card\" content=\"summary_large_image\" \/>\n<meta name=\"twitter:label1\" content=\"Arvioitu lukuaika\" \/>\n\t<meta name=\"twitter:data1\" content=\"3 minuuttia\" \/>\n<script type=\"application\/ld+json\" class=\"yoast-schema-graph\">{\"@context\":\"https:\\\/\\\/schema.org\",\"@graph\":[{\"@type\":\"WebPage\",\"@id\":\"https:\\\/\\\/help.jamk.fi\\\/asianhallinta\\\/fi\\\/julkinen-vai-salassapidettava\\\/5-1-kayttooikeus-ja-ryhmat\\\/\",\"url\":\"https:\\\/\\\/help.jamk.fi\\\/asianhallinta\\\/fi\\\/julkinen-vai-salassapidettava\\\/5-1-kayttooikeus-ja-ryhmat\\\/\",\"name\":\"K\u00e4ytt\u00f6oikeuksien lis\u00e4\u00e4minen\\\/poistaminen asiakirjalta - Asianhallinta\",\"isPartOf\":{\"@id\":\"https:\\\/\\\/help.jamk.fi\\\/asianhallinta\\\/#website\"},\"primaryImageOfPage\":{\"@id\":\"https:\\\/\\\/help.jamk.fi\\\/asianhallinta\\\/fi\\\/julkinen-vai-salassapidettava\\\/5-1-kayttooikeus-ja-ryhmat\\\/#primaryimage\"},\"image\":{\"@id\":\"https:\\\/\\\/help.jamk.fi\\\/asianhallinta\\\/fi\\\/julkinen-vai-salassapidettava\\\/5-1-kayttooikeus-ja-ryhmat\\\/#primaryimage\"},\"thumbnailUrl\":\"https:\\\/\\\/help.jamk.fi\\\/asiakirjahallinto\\\/wp-content\\\/uploads\\\/sites\\\/53\\\/2023\\\/07\\\/Capture.jpg\",\"datePublished\":\"2013-02-04T10:11:48+00:00\",\"dateModified\":\"2024-01-19T14:33:42+00:00\",\"breadcrumb\":{\"@id\":\"https:\\\/\\\/help.jamk.fi\\\/asianhallinta\\\/fi\\\/julkinen-vai-salassapidettava\\\/5-1-kayttooikeus-ja-ryhmat\\\/#breadcrumb\"},\"inLanguage\":\"fi\",\"potentialAction\":[{\"@type\":\"ReadAction\",\"target\":[\"https:\\\/\\\/help.jamk.fi\\\/asianhallinta\\\/fi\\\/julkinen-vai-salassapidettava\\\/5-1-kayttooikeus-ja-ryhmat\\\/\"]}]},{\"@type\":\"ImageObject\",\"inLanguage\":\"fi\",\"@id\":\"https:\\\/\\\/help.jamk.fi\\\/asianhallinta\\\/fi\\\/julkinen-vai-salassapidettava\\\/5-1-kayttooikeus-ja-ryhmat\\\/#primaryimage\",\"url\":\"https:\\\/\\\/help.jamk.fi\\\/asiakirjahallinto\\\/wp-content\\\/uploads\\\/sites\\\/53\\\/2023\\\/07\\\/Capture.jpg\",\"contentUrl\":\"https:\\\/\\\/help.jamk.fi\\\/asiakirjahallinto\\\/wp-content\\\/uploads\\\/sites\\\/53\\\/2023\\\/07\\\/Capture.jpg\"},{\"@type\":\"BreadcrumbList\",\"@id\":\"https:\\\/\\\/help.jamk.fi\\\/asianhallinta\\\/fi\\\/julkinen-vai-salassapidettava\\\/5-1-kayttooikeus-ja-ryhmat\\\/#breadcrumb\",\"itemListElement\":[{\"@type\":\"ListItem\",\"position\":1,\"name\":\"Etusivu\",\"item\":\"https:\\\/\\\/help.jamk.fi\\\/asianhallinta\\\/\"},{\"@type\":\"ListItem\",\"position\":2,\"name\":\"7 Julkinen vai salassa pidett\u00e4v\u00e4?\",\"item\":\"https:\\\/\\\/help.jamk.fi\\\/asianhallinta\\\/fi\\\/julkinen-vai-salassapidettava\\\/\"},{\"@type\":\"ListItem\",\"position\":3,\"name\":\"K\u00e4ytt\u00f6oikeuksien lis\u00e4\u00e4minen\\\/poistaminen asiakirjalta\"}]},{\"@type\":\"WebSite\",\"@id\":\"https:\\\/\\\/help.jamk.fi\\\/asianhallinta\\\/#website\",\"url\":\"https:\\\/\\\/help.jamk.fi\\\/asianhallinta\\\/\",\"name\":\"Asianhallinta\",\"description\":\"\",\"potentialAction\":[{\"@type\":\"SearchAction\",\"target\":{\"@type\":\"EntryPoint\",\"urlTemplate\":\"https:\\\/\\\/help.jamk.fi\\\/asianhallinta\\\/?s={search_term_string}\"},\"query-input\":{\"@type\":\"PropertyValueSpecification\",\"valueRequired\":true,\"valueName\":\"search_term_string\"}}],\"inLanguage\":\"fi\"}]}<\/script>\n<!-- \/ Yoast SEO plugin. -->","yoast_head_json":{"title":"K\u00e4ytt\u00f6oikeuksien lis\u00e4\u00e4minen\/poistaminen asiakirjalta - Asianhallinta","robots":{"index":"index","follow":"follow","max-snippet":"max-snippet:-1","max-image-preview":"max-image-preview:large","max-video-preview":"max-video-preview:-1"},"canonical":"https:\/\/help.jamk.fi\/asianhallinta\/fi\/julkinen-vai-salassapidettava\/5-1-kayttooikeus-ja-ryhmat\/","og_locale":"fi_FI","og_type":"article","og_title":"K\u00e4ytt\u00f6oikeuksien lis\u00e4\u00e4minen\/poistaminen asiakirjalta - Asianhallinta","og_description":"Siirry asiakirjakortille Lis\u00e4\u00e4 k\u00e4ytt\u00e4j\u00e4t Hae k\u00e4ytt\u00e4j\u00e4t ja m\u00e4\u00e4rit\u00e4 k\u00e4ytt\u00f6oikeustaso Lis\u00e4\u00e4m\u00e4si k\u00e4ytt\u00e4j\u00e4t n\u00e4kyv\u00e4t K\u00e4ytt\u00e4j\u00e4t -kent\u00e4ss\u00e4 seuraavasti K\u00e4ytt\u00f6oikeuksien poistaminen tai muuttaminen Voit poistaa k\u00e4ytt\u00e4j\u00e4n k\u00e4ytt\u00f6oikeuden valitsemalla k\u00e4ytt\u00e4j\u00e4n K\u00e4ytt\u00e4j\u00e4t -kent\u00e4st\u00e4 ja klikkaamalla Poista -painiketta. Voit valita useita painamalla Ctrl -painiketta valintoja tehdess\u00e4si. Kun haluat pienent\u00e4\u00e4 k\u00e4ytt\u00e4j\u00e4n oikeuksia, sinun tulee ensin poistaa k\u00e4ytt\u00e4j\u00e4, ja sen j\u00e4lkeen lis\u00e4t\u00e4 k\u00e4ytt\u00e4j\u00e4 ja [&hellip;]","og_url":"https:\/\/help.jamk.fi\/asianhallinta\/fi\/julkinen-vai-salassapidettava\/5-1-kayttooikeus-ja-ryhmat\/","og_site_name":"Asianhallinta","article_modified_time":"2024-01-19T14:33:42+00:00","og_image":[{"url":"https:\/\/help.jamk.fi\/asiakirjahallinto\/wp-content\/uploads\/sites\/53\/2023\/07\/Capture.jpg","type":"","width":"","height":""}],"twitter_card":"summary_large_image","twitter_misc":{"Arvioitu lukuaika":"3 minuuttia"},"schema":{"@context":"https:\/\/schema.org","@graph":[{"@type":"WebPage","@id":"https:\/\/help.jamk.fi\/asianhallinta\/fi\/julkinen-vai-salassapidettava\/5-1-kayttooikeus-ja-ryhmat\/","url":"https:\/\/help.jamk.fi\/asianhallinta\/fi\/julkinen-vai-salassapidettava\/5-1-kayttooikeus-ja-ryhmat\/","name":"K\u00e4ytt\u00f6oikeuksien lis\u00e4\u00e4minen\/poistaminen asiakirjalta - Asianhallinta","isPartOf":{"@id":"https:\/\/help.jamk.fi\/asianhallinta\/#website"},"primaryImageOfPage":{"@id":"https:\/\/help.jamk.fi\/asianhallinta\/fi\/julkinen-vai-salassapidettava\/5-1-kayttooikeus-ja-ryhmat\/#primaryimage"},"image":{"@id":"https:\/\/help.jamk.fi\/asianhallinta\/fi\/julkinen-vai-salassapidettava\/5-1-kayttooikeus-ja-ryhmat\/#primaryimage"},"thumbnailUrl":"https:\/\/help.jamk.fi\/asiakirjahallinto\/wp-content\/uploads\/sites\/53\/2023\/07\/Capture.jpg","datePublished":"2013-02-04T10:11:48+00:00","dateModified":"2024-01-19T14:33:42+00:00","breadcrumb":{"@id":"https:\/\/help.jamk.fi\/asianhallinta\/fi\/julkinen-vai-salassapidettava\/5-1-kayttooikeus-ja-ryhmat\/#breadcrumb"},"inLanguage":"fi","potentialAction":[{"@type":"ReadAction","target":["https:\/\/help.jamk.fi\/asianhallinta\/fi\/julkinen-vai-salassapidettava\/5-1-kayttooikeus-ja-ryhmat\/"]}]},{"@type":"ImageObject","inLanguage":"fi","@id":"https:\/\/help.jamk.fi\/asianhallinta\/fi\/julkinen-vai-salassapidettava\/5-1-kayttooikeus-ja-ryhmat\/#primaryimage","url":"https:\/\/help.jamk.fi\/asiakirjahallinto\/wp-content\/uploads\/sites\/53\/2023\/07\/Capture.jpg","contentUrl":"https:\/\/help.jamk.fi\/asiakirjahallinto\/wp-content\/uploads\/sites\/53\/2023\/07\/Capture.jpg"},{"@type":"BreadcrumbList","@id":"https:\/\/help.jamk.fi\/asianhallinta\/fi\/julkinen-vai-salassapidettava\/5-1-kayttooikeus-ja-ryhmat\/#breadcrumb","itemListElement":[{"@type":"ListItem","position":1,"name":"Etusivu","item":"https:\/\/help.jamk.fi\/asianhallinta\/"},{"@type":"ListItem","position":2,"name":"7 Julkinen vai salassa pidett\u00e4v\u00e4?","item":"https:\/\/help.jamk.fi\/asianhallinta\/fi\/julkinen-vai-salassapidettava\/"},{"@type":"ListItem","position":3,"name":"K\u00e4ytt\u00f6oikeuksien lis\u00e4\u00e4minen\/poistaminen asiakirjalta"}]},{"@type":"WebSite","@id":"https:\/\/help.jamk.fi\/asianhallinta\/#website","url":"https:\/\/help.jamk.fi\/asianhallinta\/","name":"Asianhallinta","description":"","potentialAction":[{"@type":"SearchAction","target":{"@type":"EntryPoint","urlTemplate":"https:\/\/help.jamk.fi\/asianhallinta\/?s={search_term_string}"},"query-input":{"@type":"PropertyValueSpecification","valueRequired":true,"valueName":"search_term_string"}}],"inLanguage":"fi"}]}},"_links":{"self":[{"href":"https:\/\/help.jamk.fi\/asianhallinta\/wp-json\/wp\/v2\/pages\/149","targetHints":{"allow":["GET"]}}],"collection":[{"href":"https:\/\/help.jamk.fi\/asianhallinta\/wp-json\/wp\/v2\/pages"}],"about":[{"href":"https:\/\/help.jamk.fi\/asianhallinta\/wp-json\/wp\/v2\/types\/page"}],"author":[{"embeddable":true,"href":"https:\/\/help.jamk.fi\/asianhallinta\/wp-json\/wp\/v2\/users\/94"}],"replies":[{"embeddable":true,"href":"https:\/\/help.jamk.fi\/asianhallinta\/wp-json\/wp\/v2\/comments?post=149"}],"version-history":[{"count":7,"href":"https:\/\/help.jamk.fi\/asianhallinta\/wp-json\/wp\/v2\/pages\/149\/revisions"}],"predecessor-version":[{"id":1850,"href":"https:\/\/help.jamk.fi\/asianhallinta\/wp-json\/wp\/v2\/pages\/149\/revisions\/1850"}],"up":[{"embeddable":true,"href":"https:\/\/help.jamk.fi\/asianhallinta\/wp-json\/wp\/v2\/pages\/173"}],"wp:attachment":[{"href":"https:\/\/help.jamk.fi\/asianhallinta\/wp-json\/wp\/v2\/media?parent=149"}],"wp:term":[{"taxonomy":"category","embeddable":true,"href":"https:\/\/help.jamk.fi\/asianhallinta\/wp-json\/wp\/v2\/categories?post=149"},{"taxonomy":"post_tag","embeddable":true,"href":"https:\/\/help.jamk.fi\/asianhallinta\/wp-json\/wp\/v2\/tags?post=149"}],"curies":[{"name":"wp","href":"https:\/\/api.w.org\/{rel}","templated":true}]}}