{"id":173,"date":"2013-02-07T13:40:12","date_gmt":"2013-02-07T11:40:12","guid":{"rendered":"https:\/\/help.jamk.fi\/asiakirjahallinto\/esimerkkisivu\/julkinen-vai-salassapidettava\/"},"modified":"2024-01-09T13:54:23","modified_gmt":"2024-01-09T11:54:23","slug":"julkinen-vai-salassapidettava","status":"publish","type":"page","link":"https:\/\/help.jamk.fi\/asianhallinta\/fi\/julkinen-vai-salassapidettava\/","title":{"rendered":"7 Julkinen vai salassa pidett\u00e4v\u00e4?"},"content":{"rendered":"\n<p><strong>Asia tai asiakirja on julkinen, mik\u00e4li sit\u00e4 ei ole laissa m\u00e4\u00e4r\u00e4tty salassa pidett\u00e4v\u00e4ksi.<\/strong> Asiakirjan julkisuusarvon m\u00e4\u00e4ritt\u00e4minen tarkoittaa siis onko asiakirja salassa pidett\u00e4v\u00e4 vai julkinen.<\/p>\n\n\n\n<p>Asiakirja voi olla<\/p>\n\n\n\n<ul class=\"wp-block-list\">\n<li><strong>Julkinen<\/strong> (asianhallinnassa luettavissa kaikilla, joilla on Twebiin oikeudet)<\/li>\n\n\n\n<li><strong>Salassa pidett\u00e4v\u00e4<\/strong> (lain mukaan m\u00e4\u00e4ritetty salassa pito perusteluineen). P\u00e4\u00e4asiakirja voi olla julkinen, mutta siihen liittyy salassa pidett\u00e4vi\u00e4 liitteit\u00e4. Liitteiden tekeminen on ohjeistettu ohjeen kohdassa 4.<\/li>\n<\/ul>\n\n\n\n<p>Twebiss\u00e4 on m\u00e4\u00e4ritetty asiat ja asiakirjatyypeitt\u00e4in niiden julkisuusarvo perusteluineen. Kaikki julkiseksi m\u00e4\u00e4ritellyt asiakirjat muuttuvat automaattisesti valmiiksi merkitsemisen j\u00e4lkeen julkisiksi. <\/p>\n\n\n\n<p><strong>Vastuu asian ja asiakirjan julkisuusarvon m\u00e4\u00e4ritt\u00e4misest\u00e4 on asiakirjan laatijalla.<\/strong> Asian\/asiakirjan&nbsp;julkisuusarvoa voidaan muuttaa asian-\/asiakirjakortin <em>K\u00e4ytt\u00f6oikeudet<\/em>-v\u00e4lilehdelt\u00e4.<\/p>\n\n\n\n<p>K\u00e4ytt\u00f6oikeudet voivat tulla suoraan tiedonohjausj\u00e4rjestelm\u00e4st\u00e4 ja\/tai omistaja voi lis\u00e4t\u00e4 k\u00e4ytt\u00f6oikeuksia. K\u00e4ytt\u00f6oikeudet suositellaan annettavaksi ryhm\u00e4lle, tai ryhm\u00e4lle ja henkil\u00f6lle. Vain henkil\u00f6lle annettuja oikeuksia tulee v\u00e4ltt\u00e4\u00e4. Yksi henkil\u00f6 voi kuulua useaan k\u00e4ytt\u00e4j\u00e4ryhm\u00e4\u00e4n. K\u00e4ytt\u00e4j\u00e4ryhmi\u00e4 voidaan hy\u00f6dynt\u00e4\u00e4 esimerkiksi yhteisten asiakirjojen k\u00e4ytt\u00f6oikeuksien jaossa.<\/p>\n\n\n<div class=\"wp-block-image is-resized\">\n<figure class=\"aligncenter size-full\"><img decoding=\"async\" src=\"https:\/\/help.jamk.fi\/asiakirjahallinto\/wp-content\/uploads\/sites\/53\/2023\/07\/Kayttooikeusroolit-asianhallinta1.jpg\" alt=\"\" class=\"wp-image-448\"\/><figcaption class=\"wp-element-caption\"><strong>Asian k\u00e4ytt\u00f6oikeustasojen oikeudet<\/strong> L\u00e4hde: Triplan Oy<\/figcaption><\/figure>\n<\/div>\n\n\n<figure class=\"wp-block-image aligncenter size-full is-resized\"><img decoding=\"async\" src=\"https:\/\/help.jamk.fi\/asiakirjahallinto\/wp-content\/uploads\/sites\/53\/2023\/07\/Kayttooikeusroolit-asiakirjanhallinta.jpg\" alt=\"\" class=\"wp-image-449\" style=\"width:857px;height:554px\"\/><figcaption class=\"wp-element-caption\"><strong>Asiakirjan k\u00e4ytt\u00f6oikeustasojen oikeudet <\/strong>L\u00e4hde: Triplan Oy<\/figcaption><\/figure>\n\n\n\n<p>Julkisen asiakirjan voi muuttaa perustellusta syyst\u00e4 salassa pidett\u00e4v\u00e4ksi, mutta salassa pidett\u00e4v\u00e4ksi m\u00e4\u00e4ritetty\u00e4 asiakirjaa ei suositella muutettavaksi julkiseksi. Asiakirjojen salassapidon perusteista l\u00f6yd\u00e4t lis\u00e4\u00e4 mm. seuraavista laeista ja asetuksista:<\/p>\n\n\n\n<p><a href=\"http:\/\/www.finlex.fi\/fi\/laki\/ajantasa\/1999\/19990621?search%5Btype%5D=pika&amp;search%5Bpika%5D=Viranomaisen%20toiminnan%20julkisuus\">Laki viranomaisten toiminnan julkisuudesta<\/a><\/p>\n\n\n\n<p><a href=\"https:\/\/www.finlex.fi\/fi\/laki\/alkup\/2019\/20190906\">Laki julkisen hallinnon tiedonhallinnasta<\/a><\/p>\n\n\n\n<p><a href=\"http:\/\/www.finlex.fi\/fi\/laki\/alkup\/2014\/20140932\">Ammattikorkeakoululaki<\/a><\/p>\n\n\n\n<p><a href=\"http:\/\/www.finlex.fi\/fi\/laki\/alkup\/2009\/20091230\">Asetus ammattikorkeakouluista<\/a><\/p>\n\n\n\n<p><a href=\"http:\/\/www.finlex.fi\/fi\/laki\/ajantasa\/2003\/20030434?search%5Btype%5D=pika&amp;search%5Bpika%5D=Hallintolaki\">Hallintolaki<\/a><\/p>\n\n\n\n<p><a href=\"http:\/\/www.finlex.fi\/fi\/laki\/ajantasa\/2003\/20030013#L4P16\">Laki s\u00e4hk\u00f6isest\u00e4 asioinnista <\/a><\/p>\n\n\n\n<p><a href=\"http:\/\/www.finlex.fi\/fi\/laki\/ajantasa\/2009\/20090298?search[type]=pika&amp;search[pika]=potilasasiakirjat\">Sosiaali- ja terveysministeri\u00f6n asetus potilasasiakirjoista<\/a><\/p>\n\n\n\n<p><a href=\"http:\/\/www.finlex.fi\/fi\/laki\/ajantasa\/1999\/19990523\">Tietosuojalaki<\/a><\/p>\n","protected":false},"excerpt":{"rendered":"<p>Asia tai asiakirja on julkinen, mik\u00e4li sit\u00e4 ei ole laissa m\u00e4\u00e4r\u00e4tty salassa pidett\u00e4v\u00e4ksi. Asiakirjan julkisuusarvon m\u00e4\u00e4ritt\u00e4minen tarkoittaa siis onko asiakirja salassa pidett\u00e4v\u00e4 vai julkinen. Asiakirja voi olla Twebiss\u00e4 on m\u00e4\u00e4ritetty asiat ja asiakirjatyypeitt\u00e4in niiden julkisuusarvo perusteluineen. Kaikki julkiseksi m\u00e4\u00e4ritellyt asiakirjat muuttuvat automaattisesti valmiiksi merkitsemisen j\u00e4lkeen julkisiksi. Vastuu asian ja asiakirjan julkisuusarvon m\u00e4\u00e4ritt\u00e4misest\u00e4 on asiakirjan laatijalla. [&hellip;]<\/p>\n","protected":false},"author":94,"featured_media":0,"parent":0,"menu_order":750,"comment_status":"open","ping_status":"closed","template":"","meta":{"_acf_changed":false,"_relevanssi_hide_post":"","_relevanssi_hide_content":"","_relevanssi_pin_for_all":"","_relevanssi_pin_keywords":"","_relevanssi_unpin_keywords":"","_relevanssi_related_keywords":"","_relevanssi_related_include_ids":"","_relevanssi_related_exclude_ids":"","_relevanssi_related_no_append":"","_relevanssi_related_not_related":"","_relevanssi_related_posts":"","_relevanssi_noindex_reason":"","footnotes":""},"categories":[],"tags":[75,81,461,507,467,471,39],"class_list":["post-173","page","type-page","status-publish","hentry","tag-asiakirja","tag-asiakirjahallinta","tag-julkinen-fi","tag-julkisuus-fi","tag-kayttooikeus-fi","tag-salassa-pidettava-fi","tag-tweb"],"acf":[],"yoast_head":"<!-- This site is optimized with the Yoast SEO plugin v27.3 - https:\/\/yoast.com\/product\/yoast-seo-wordpress\/ -->\n<title>7 Julkinen vai salassa pidett\u00e4v\u00e4? - Asianhallinta<\/title>\n<meta name=\"robots\" content=\"index, follow, max-snippet:-1, max-image-preview:large, max-video-preview:-1\" \/>\n<link rel=\"canonical\" href=\"https:\/\/help.jamk.fi\/asianhallinta\/fi\/julkinen-vai-salassapidettava\/\" \/>\n<meta property=\"og:locale\" content=\"fi_FI\" \/>\n<meta property=\"og:type\" content=\"article\" \/>\n<meta property=\"og:title\" content=\"7 Julkinen vai salassa pidett\u00e4v\u00e4? - Asianhallinta\" \/>\n<meta property=\"og:description\" content=\"Asia tai asiakirja on julkinen, mik\u00e4li sit\u00e4 ei ole laissa m\u00e4\u00e4r\u00e4tty salassa pidett\u00e4v\u00e4ksi. Asiakirjan julkisuusarvon m\u00e4\u00e4ritt\u00e4minen tarkoittaa siis onko asiakirja salassa pidett\u00e4v\u00e4 vai julkinen. Asiakirja voi olla Twebiss\u00e4 on m\u00e4\u00e4ritetty asiat ja asiakirjatyypeitt\u00e4in niiden julkisuusarvo perusteluineen. Kaikki julkiseksi m\u00e4\u00e4ritellyt asiakirjat muuttuvat automaattisesti valmiiksi merkitsemisen j\u00e4lkeen julkisiksi. Vastuu asian ja asiakirjan julkisuusarvon m\u00e4\u00e4ritt\u00e4misest\u00e4 on asiakirjan laatijalla. [&hellip;]\" \/>\n<meta property=\"og:url\" content=\"https:\/\/help.jamk.fi\/asianhallinta\/fi\/julkinen-vai-salassapidettava\/\" \/>\n<meta property=\"og:site_name\" content=\"Asianhallinta\" \/>\n<meta property=\"article:modified_time\" content=\"2024-01-09T11:54:23+00:00\" \/>\n<meta property=\"og:image\" content=\"https:\/\/help.jamk.fi\/asiakirjahallinto\/wp-content\/uploads\/sites\/53\/2023\/07\/Kayttooikeusroolit-asianhallinta1.jpg\" \/>\n<meta name=\"twitter:card\" content=\"summary_large_image\" \/>\n<meta name=\"twitter:label1\" content=\"Arvioitu lukuaika\" \/>\n\t<meta name=\"twitter:data1\" content=\"2 minuuttia\" \/>\n<script type=\"application\/ld+json\" class=\"yoast-schema-graph\">{\"@context\":\"https:\\\/\\\/schema.org\",\"@graph\":[{\"@type\":\"WebPage\",\"@id\":\"https:\\\/\\\/help.jamk.fi\\\/asianhallinta\\\/fi\\\/julkinen-vai-salassapidettava\\\/\",\"url\":\"https:\\\/\\\/help.jamk.fi\\\/asianhallinta\\\/fi\\\/julkinen-vai-salassapidettava\\\/\",\"name\":\"7 Julkinen vai salassa pidett\u00e4v\u00e4? - Asianhallinta\",\"isPartOf\":{\"@id\":\"https:\\\/\\\/help.jamk.fi\\\/asianhallinta\\\/#website\"},\"primaryImageOfPage\":{\"@id\":\"https:\\\/\\\/help.jamk.fi\\\/asianhallinta\\\/fi\\\/julkinen-vai-salassapidettava\\\/#primaryimage\"},\"image\":{\"@id\":\"https:\\\/\\\/help.jamk.fi\\\/asianhallinta\\\/fi\\\/julkinen-vai-salassapidettava\\\/#primaryimage\"},\"thumbnailUrl\":\"https:\\\/\\\/help.jamk.fi\\\/asiakirjahallinto\\\/wp-content\\\/uploads\\\/sites\\\/53\\\/2023\\\/07\\\/Kayttooikeusroolit-asianhallinta1.jpg\",\"datePublished\":\"2013-02-07T11:40:12+00:00\",\"dateModified\":\"2024-01-09T11:54:23+00:00\",\"breadcrumb\":{\"@id\":\"https:\\\/\\\/help.jamk.fi\\\/asianhallinta\\\/fi\\\/julkinen-vai-salassapidettava\\\/#breadcrumb\"},\"inLanguage\":\"fi\",\"potentialAction\":[{\"@type\":\"ReadAction\",\"target\":[\"https:\\\/\\\/help.jamk.fi\\\/asianhallinta\\\/fi\\\/julkinen-vai-salassapidettava\\\/\"]}]},{\"@type\":\"ImageObject\",\"inLanguage\":\"fi\",\"@id\":\"https:\\\/\\\/help.jamk.fi\\\/asianhallinta\\\/fi\\\/julkinen-vai-salassapidettava\\\/#primaryimage\",\"url\":\"https:\\\/\\\/help.jamk.fi\\\/asiakirjahallinto\\\/wp-content\\\/uploads\\\/sites\\\/53\\\/2023\\\/07\\\/Kayttooikeusroolit-asianhallinta1.jpg\",\"contentUrl\":\"https:\\\/\\\/help.jamk.fi\\\/asiakirjahallinto\\\/wp-content\\\/uploads\\\/sites\\\/53\\\/2023\\\/07\\\/Kayttooikeusroolit-asianhallinta1.jpg\"},{\"@type\":\"BreadcrumbList\",\"@id\":\"https:\\\/\\\/help.jamk.fi\\\/asianhallinta\\\/fi\\\/julkinen-vai-salassapidettava\\\/#breadcrumb\",\"itemListElement\":[{\"@type\":\"ListItem\",\"position\":1,\"name\":\"Etusivu\",\"item\":\"https:\\\/\\\/help.jamk.fi\\\/asianhallinta\\\/\"},{\"@type\":\"ListItem\",\"position\":2,\"name\":\"7 Julkinen vai salassa pidett\u00e4v\u00e4?\"}]},{\"@type\":\"WebSite\",\"@id\":\"https:\\\/\\\/help.jamk.fi\\\/asianhallinta\\\/#website\",\"url\":\"https:\\\/\\\/help.jamk.fi\\\/asianhallinta\\\/\",\"name\":\"Asianhallinta\",\"description\":\"\",\"potentialAction\":[{\"@type\":\"SearchAction\",\"target\":{\"@type\":\"EntryPoint\",\"urlTemplate\":\"https:\\\/\\\/help.jamk.fi\\\/asianhallinta\\\/?s={search_term_string}\"},\"query-input\":{\"@type\":\"PropertyValueSpecification\",\"valueRequired\":true,\"valueName\":\"search_term_string\"}}],\"inLanguage\":\"fi\"}]}<\/script>\n<!-- \/ Yoast SEO plugin. -->","yoast_head_json":{"title":"7 Julkinen vai salassa pidett\u00e4v\u00e4? - Asianhallinta","robots":{"index":"index","follow":"follow","max-snippet":"max-snippet:-1","max-image-preview":"max-image-preview:large","max-video-preview":"max-video-preview:-1"},"canonical":"https:\/\/help.jamk.fi\/asianhallinta\/fi\/julkinen-vai-salassapidettava\/","og_locale":"fi_FI","og_type":"article","og_title":"7 Julkinen vai salassa pidett\u00e4v\u00e4? - Asianhallinta","og_description":"Asia tai asiakirja on julkinen, mik\u00e4li sit\u00e4 ei ole laissa m\u00e4\u00e4r\u00e4tty salassa pidett\u00e4v\u00e4ksi. Asiakirjan julkisuusarvon m\u00e4\u00e4ritt\u00e4minen tarkoittaa siis onko asiakirja salassa pidett\u00e4v\u00e4 vai julkinen. Asiakirja voi olla Twebiss\u00e4 on m\u00e4\u00e4ritetty asiat ja asiakirjatyypeitt\u00e4in niiden julkisuusarvo perusteluineen. Kaikki julkiseksi m\u00e4\u00e4ritellyt asiakirjat muuttuvat automaattisesti valmiiksi merkitsemisen j\u00e4lkeen julkisiksi. Vastuu asian ja asiakirjan julkisuusarvon m\u00e4\u00e4ritt\u00e4misest\u00e4 on asiakirjan laatijalla. [&hellip;]","og_url":"https:\/\/help.jamk.fi\/asianhallinta\/fi\/julkinen-vai-salassapidettava\/","og_site_name":"Asianhallinta","article_modified_time":"2024-01-09T11:54:23+00:00","og_image":[{"url":"https:\/\/help.jamk.fi\/asiakirjahallinto\/wp-content\/uploads\/sites\/53\/2023\/07\/Kayttooikeusroolit-asianhallinta1.jpg","type":"","width":"","height":""}],"twitter_card":"summary_large_image","twitter_misc":{"Arvioitu lukuaika":"2 minuuttia"},"schema":{"@context":"https:\/\/schema.org","@graph":[{"@type":"WebPage","@id":"https:\/\/help.jamk.fi\/asianhallinta\/fi\/julkinen-vai-salassapidettava\/","url":"https:\/\/help.jamk.fi\/asianhallinta\/fi\/julkinen-vai-salassapidettava\/","name":"7 Julkinen vai salassa pidett\u00e4v\u00e4? - Asianhallinta","isPartOf":{"@id":"https:\/\/help.jamk.fi\/asianhallinta\/#website"},"primaryImageOfPage":{"@id":"https:\/\/help.jamk.fi\/asianhallinta\/fi\/julkinen-vai-salassapidettava\/#primaryimage"},"image":{"@id":"https:\/\/help.jamk.fi\/asianhallinta\/fi\/julkinen-vai-salassapidettava\/#primaryimage"},"thumbnailUrl":"https:\/\/help.jamk.fi\/asiakirjahallinto\/wp-content\/uploads\/sites\/53\/2023\/07\/Kayttooikeusroolit-asianhallinta1.jpg","datePublished":"2013-02-07T11:40:12+00:00","dateModified":"2024-01-09T11:54:23+00:00","breadcrumb":{"@id":"https:\/\/help.jamk.fi\/asianhallinta\/fi\/julkinen-vai-salassapidettava\/#breadcrumb"},"inLanguage":"fi","potentialAction":[{"@type":"ReadAction","target":["https:\/\/help.jamk.fi\/asianhallinta\/fi\/julkinen-vai-salassapidettava\/"]}]},{"@type":"ImageObject","inLanguage":"fi","@id":"https:\/\/help.jamk.fi\/asianhallinta\/fi\/julkinen-vai-salassapidettava\/#primaryimage","url":"https:\/\/help.jamk.fi\/asiakirjahallinto\/wp-content\/uploads\/sites\/53\/2023\/07\/Kayttooikeusroolit-asianhallinta1.jpg","contentUrl":"https:\/\/help.jamk.fi\/asiakirjahallinto\/wp-content\/uploads\/sites\/53\/2023\/07\/Kayttooikeusroolit-asianhallinta1.jpg"},{"@type":"BreadcrumbList","@id":"https:\/\/help.jamk.fi\/asianhallinta\/fi\/julkinen-vai-salassapidettava\/#breadcrumb","itemListElement":[{"@type":"ListItem","position":1,"name":"Etusivu","item":"https:\/\/help.jamk.fi\/asianhallinta\/"},{"@type":"ListItem","position":2,"name":"7 Julkinen vai salassa pidett\u00e4v\u00e4?"}]},{"@type":"WebSite","@id":"https:\/\/help.jamk.fi\/asianhallinta\/#website","url":"https:\/\/help.jamk.fi\/asianhallinta\/","name":"Asianhallinta","description":"","potentialAction":[{"@type":"SearchAction","target":{"@type":"EntryPoint","urlTemplate":"https:\/\/help.jamk.fi\/asianhallinta\/?s={search_term_string}"},"query-input":{"@type":"PropertyValueSpecification","valueRequired":true,"valueName":"search_term_string"}}],"inLanguage":"fi"}]}},"_links":{"self":[{"href":"https:\/\/help.jamk.fi\/asianhallinta\/wp-json\/wp\/v2\/pages\/173","targetHints":{"allow":["GET"]}}],"collection":[{"href":"https:\/\/help.jamk.fi\/asianhallinta\/wp-json\/wp\/v2\/pages"}],"about":[{"href":"https:\/\/help.jamk.fi\/asianhallinta\/wp-json\/wp\/v2\/types\/page"}],"author":[{"embeddable":true,"href":"https:\/\/help.jamk.fi\/asianhallinta\/wp-json\/wp\/v2\/users\/94"}],"replies":[{"embeddable":true,"href":"https:\/\/help.jamk.fi\/asianhallinta\/wp-json\/wp\/v2\/comments?post=173"}],"version-history":[{"count":6,"href":"https:\/\/help.jamk.fi\/asianhallinta\/wp-json\/wp\/v2\/pages\/173\/revisions"}],"predecessor-version":[{"id":1830,"href":"https:\/\/help.jamk.fi\/asianhallinta\/wp-json\/wp\/v2\/pages\/173\/revisions\/1830"}],"wp:attachment":[{"href":"https:\/\/help.jamk.fi\/asianhallinta\/wp-json\/wp\/v2\/media?parent=173"}],"wp:term":[{"taxonomy":"category","embeddable":true,"href":"https:\/\/help.jamk.fi\/asianhallinta\/wp-json\/wp\/v2\/categories?post=173"},{"taxonomy":"post_tag","embeddable":true,"href":"https:\/\/help.jamk.fi\/asianhallinta\/wp-json\/wp\/v2\/tags?post=173"}],"curies":[{"name":"wp","href":"https:\/\/api.w.org\/{rel}","templated":true}]}}