{"id":1940,"date":"2025-11-28T16:26:54","date_gmt":"2025-11-28T14:26:54","guid":{"rendered":"https:\/\/help.jamk.fi\/asianhallinta\/?page_id=1940"},"modified":"2025-12-01T13:40:38","modified_gmt":"2025-12-01T11:40:38","slug":"10-sarka-aineistohakuliittyma-ja-sisaiset-tietopyynnot","status":"publish","type":"page","link":"https:\/\/help.jamk.fi\/asianhallinta\/fi\/10-sarka-aineistohakuliittyma-ja-sisaiset-tietopyynnot\/","title":{"rendered":"10 Sarka -aineistohakuliittym\u00e4 ja sis\u00e4iset tietopyynn\u00f6t"},"content":{"rendered":"\n<p>Sarka -aineistohakuliittym\u00e4 tarjoaa modernin uuden sukupolven hakutoiminnon Jamkin asianhallinnan aineistojen etsint\u00e4\u00e4n ja katseluun. Sarkaan on p\u00e4\u00e4sy koko henkil\u00f6st\u00f6ll\u00e4 asianhallintaj\u00e4rjestelm\u00e4n tapaan, ja liittym\u00e4 mahdollistaa my\u00f6s kustomoidumpien t\u00e4sm\u00e4hakujen muodostamisen verrattuna Twebin sis\u00e4isiin hakutoimintoihin. Sarka mahdollistaa my\u00f6s hakuun nousevien asiakirjojen esikatselun suoraan hakuliittym\u00e4ss\u00e4 ilman tiedoston lataamista (huom! esikatselu toimii vain PDF-muodossa tallennetuilla asiakirjoilla, muiden tiedostomuotojen osalta tiedoston pystyy lataamaan ty\u00f6asemalle esikatselu-v\u00e4lilehden kautta).<\/p>\n\n\n<div id=\"link-lifts-block_f5716095535ed204a036f7928d1bc3ee\" class=\"link-lifts block-link-lifts\">\n  <div class=\"row\">\n            <div class=\"col-12 col-lg-4 block-link-lifts__column\">\n          <div class=\"block-link-lifts__item pink\">\n            <h3 class=\"block-link-lifts__item--heading\">Kirjautuminen Sarkaan<\/h3>\n                          <ul class=\"block-link-lifts__item--link-list\">\n                                                                        <li>\n                                              <a class=\"link-list external\" href=\"https:\/\/tweb1.ad.jamk.fi\/sarka\/\" target=\"_blank\" aria-label=\"Avautuu uuteen v\u00e4lilehteen\" >Sarka -aineistohaku: kirjaudu<i  ><svg aria-hidden=\"true\" viewBox=\"0 0 12 12\" fill=\"none\" xmlns=\"http:\/\/www.w3.org\/2000\/svg\"><path d=\"M9.23 11.17H.77V1.83h4.615V1H0v11h10V6.189h-.77v4.98z\" fill=\"#fff\"\/><path d=\"M7.002 0v.833h3.576L4 7.411 4.589 8l6.578-6.578v3.576H12V0H7.002z\" fill=\"#fff\"\/><\/svg><\/i><\/a>\n                                          <\/li>\n                                                <\/ul>\n            \n          <\/div>\n        <\/div>\n      <\/div>\n<\/div>\n\n\n<h2 class=\"wp-block-heading\">Sarkan perusn\u00e4kym\u00e4 ja toiminnot<\/h2>\n\n\n\n<figure class=\"wp-block-image size-large\"><img loading=\"lazy\" decoding=\"async\" width=\"1024\" height=\"394\" src=\"https:\/\/help.jamk.fi\/asianhallinta\/wp-content\/uploads\/sites\/53\/2025\/11\/Sarka-perusnakyma-peruskayttaja-1024x394.png\" alt=\"\" class=\"wp-image-1944\" srcset=\"https:\/\/help.jamk.fi\/asianhallinta\/wp-content\/uploads\/sites\/53\/2025\/11\/Sarka-perusnakyma-peruskayttaja-1024x394.png 1024w, https:\/\/help.jamk.fi\/asianhallinta\/wp-content\/uploads\/sites\/53\/2025\/11\/Sarka-perusnakyma-peruskayttaja-300x115.png 300w, https:\/\/help.jamk.fi\/asianhallinta\/wp-content\/uploads\/sites\/53\/2025\/11\/Sarka-perusnakyma-peruskayttaja-768x295.png 768w, https:\/\/help.jamk.fi\/asianhallinta\/wp-content\/uploads\/sites\/53\/2025\/11\/Sarka-perusnakyma-peruskayttaja-1536x591.png 1536w, https:\/\/help.jamk.fi\/asianhallinta\/wp-content\/uploads\/sites\/53\/2025\/11\/Sarka-perusnakyma-peruskayttaja.png 1882w\" sizes=\"auto, (max-width: 1024px) 100vw, 1024px\" \/><\/figure>\n\n\n\n<p>Sarkan etusivulta l\u00f6ytyy perusk\u00e4ytt\u00e4j\u00e4lle 2 erillist\u00e4 p\u00e4\u00e4toimintoa:<\/p>\n\n\n\n<ol class=\"wp-block-list\">\n<li>Aineistohaku-osio<\/li>\n\n\n\n<li>Sis\u00e4inen tietopyynt\u00f6 -osio<\/li>\n<\/ol>\n\n\n\n<p>Hakuliittym\u00e4n kielisyytt\u00e4 pystyy tarvittaessa vaihtamaan perusn\u00e4kym\u00e4n yl\u00e4laidan kielivalikosta.<\/p>\n\n\n\n<h2 class=\"wp-block-heading\">Aineistohaku<\/h2>\n\n\n\n<figure class=\"wp-block-image size-large\"><img loading=\"lazy\" decoding=\"async\" width=\"1024\" height=\"334\" src=\"https:\/\/help.jamk.fi\/asianhallinta\/wp-content\/uploads\/sites\/53\/2025\/11\/Sarka-aineistohaku-haun-lisatiedot-1024x334.png\" alt=\"\" class=\"wp-image-1946\" srcset=\"https:\/\/help.jamk.fi\/asianhallinta\/wp-content\/uploads\/sites\/53\/2025\/11\/Sarka-aineistohaku-haun-lisatiedot-1024x334.png 1024w, https:\/\/help.jamk.fi\/asianhallinta\/wp-content\/uploads\/sites\/53\/2025\/11\/Sarka-aineistohaku-haun-lisatiedot-300x98.png 300w, https:\/\/help.jamk.fi\/asianhallinta\/wp-content\/uploads\/sites\/53\/2025\/11\/Sarka-aineistohaku-haun-lisatiedot-768x251.png 768w, https:\/\/help.jamk.fi\/asianhallinta\/wp-content\/uploads\/sites\/53\/2025\/11\/Sarka-aineistohaku-haun-lisatiedot-1536x501.png 1536w, https:\/\/help.jamk.fi\/asianhallinta\/wp-content\/uploads\/sites\/53\/2025\/11\/Sarka-aineistohaku-haun-lisatiedot-2048x668.png 2048w\" sizes=\"auto, (max-width: 1024px) 100vw, 1024px\" \/><\/figure>\n\n\n\n<p>Aineistohaussa on mahdollista suorittaa nopeita sanahakuja tietyll\u00e4 termill\u00e4 T\u00e4ydenn\u00e4 hakusana -kent\u00e4n kautta, jolloin hakutuloksiin nousee Jamkin asianhallinnan asioita ja asiakirjoja, joiden nimike, kuvaus, tai sis\u00e4lt\u00f6 sis\u00e4lt\u00e4\u00e4 hakutermin jossain muodossa. Yksitt\u00e4inen aineistohaku hakee samalla kertaa sek\u00e4 asioiden ett\u00e4 asiakirjojen puolelta asianhallintaj\u00e4rjestelm\u00e4st\u00e4, ja nostaa hakutuloksiin kaikki ne hakukriteerej\u00e4 vastaavat asiat ja asiakirjat, joihin hakijalla on Katselija- tai Omistaja-tason oikeudet asianhallintaj\u00e4rjestelm\u00e4n puolella.<\/p>\n\n\n\n<p>Tarvittaessa Avaa haun lis\u00e4ehdot -painikkeesta avautuu osio, johon on mahdollista r\u00e4\u00e4t\u00e4l\u00f6id\u00e4 tarkempia ehtoja haulle. Haun lis\u00e4ehdot -osiossa on mahdollista m\u00e4\u00e4ritell\u00e4 hakutulosten j\u00e4rjestys tulosn\u00e4kym\u00e4ss\u00e4, sek\u00e4 valita nousevatko hakuun asiat ja asiakirjat, jotka t\u00e4ytt\u00e4v\u00e4t kaikki sy\u00f6tetyt hakuehdot, vai vain jonkin m\u00e4\u00e4ritellyist\u00e4 ehdoista (ja\/tai).<\/p>\n\n\n\n<p>Haun lis\u00e4ehdoissa on mahdollista m\u00e4\u00e4ritell\u00e4 haluttu m\u00e4\u00e4r\u00e4 yksitt\u00e4isi\u00e4 hakukentti\u00e4 ja tarvittaessa m\u00e4\u00e4ritell\u00e4 yksitt\u00e4iselle hakusanalle tietty tietokentt\u00e4, johon haku asianhallintaj\u00e4rjestelm\u00e4n puolella kohdentuu. Kent\u00e4n m\u00e4\u00e4ritteeksi ovat valittavissa kaikki yleisimm\u00e4t asianhallintaj\u00e4rjestelm\u00e4n asioiden ja asiakirjojen erilliset metatietokent\u00e4t, kuten vaikkapa asiakirjan laatija, asiakirjatyyppi tai laatimisaika.<\/p>\n\n\n\n<p>Yksitt\u00e4isist\u00e4 hakutuloksista l\u00f6ytyy 2 erillist\u00e4 toimintoa: Tiedot-v\u00e4lilehti, jossa n\u00e4kyy asian\/asiakirjan perusmetatiedot, sek\u00e4 Esikatselu-v\u00e4lilehti, jonka kautta on mahdollista esikatsella PDF-muotoisia asiakirjoja suoraan hakuliittym\u00e4ss\u00e4 itsess\u00e4\u00e4n, sek\u00e4 ladata muissa tiedostomuodoissa asianhallintaan tallennettuja asiakirjoja ty\u00f6asemalle tarkasteltavaksi.<\/p>\n\n\n\n<figure class=\"wp-block-image size-large\"><img loading=\"lazy\" decoding=\"async\" width=\"1024\" height=\"581\" src=\"https:\/\/help.jamk.fi\/asianhallinta\/wp-content\/uploads\/sites\/53\/2025\/11\/Sarka-aineistohaku-esikatselu-1024x581.png\" alt=\"\" class=\"wp-image-1948\" srcset=\"https:\/\/help.jamk.fi\/asianhallinta\/wp-content\/uploads\/sites\/53\/2025\/11\/Sarka-aineistohaku-esikatselu-1024x581.png 1024w, https:\/\/help.jamk.fi\/asianhallinta\/wp-content\/uploads\/sites\/53\/2025\/11\/Sarka-aineistohaku-esikatselu-300x170.png 300w, https:\/\/help.jamk.fi\/asianhallinta\/wp-content\/uploads\/sites\/53\/2025\/11\/Sarka-aineistohaku-esikatselu-768x436.png 768w, https:\/\/help.jamk.fi\/asianhallinta\/wp-content\/uploads\/sites\/53\/2025\/11\/Sarka-aineistohaku-esikatselu-1536x872.png 1536w, https:\/\/help.jamk.fi\/asianhallinta\/wp-content\/uploads\/sites\/53\/2025\/11\/Sarka-aineistohaku-esikatselu-2048x1163.png 2048w\" sizes=\"auto, (max-width: 1024px) 100vw, 1024px\" \/><\/figure>\n\n\n\n<h2 class=\"wp-block-heading\">Sis\u00e4inen tietopyynt\u00f6<\/h2>\n\n\n\n<p>Sarkan Sis\u00e4inen tietopyynt\u00f6 -toiminnon kautta on mahdollista pyyt\u00e4\u00e4 Jamkin asiakirjahallinnolta asianhallintaan rekister\u00f6ityj\u00e4 tai arkistoituja asiakirjallisia tietoja niiss\u00e4 tapauksissa, kun etsitty\u00e4 tietoa ei l\u00f6ydy omatoimisesti. Pyynt\u00f6\u00f6n on my\u00f6s mahdollista poimia mukaan asiakirjoja Sarkan kautta, mutta t\u00e4m\u00e4 toiminnallisuus ei ole Jamkin toimintatavassa tarpeellista, koska kaikilla Sarkan k\u00e4ytt\u00e4jill\u00e4 on suora p\u00e4\u00e4sy ja latausmahdollisuus Sarkan kautta kaikkiin niihin asiakirjoihin, jotka hakijalle nousevat n\u00e4kyviin hakutuloksiin.<\/p>\n\n\n\n<p>Sis\u00e4inen tietopyynt\u00f6 -toiminnon Kuvaus\/Saate -vaiheessa k\u00e4ytt\u00e4j\u00e4n on mahdollista eritell\u00e4, mit\u00e4 asiakirjoja etsii\/toivoo toimitettavaksi sis\u00e4isen tietopyynn\u00f6n kautta. L\u00e4hetetty pyynt\u00f6 ohjautuu Jamkin kirjaamoon ja sit\u00e4 kautta k\u00e4sitelt\u00e4v\u00e4ksi asiakirjahallinnolle.<\/p>\n\n\n\n<p><\/p>\n","protected":false},"excerpt":{"rendered":"<p>Sarka -aineistohakuliittym\u00e4 tarjoaa modernin uuden sukupolven hakutoiminnon Jamkin asianhallinnan aineistojen etsint\u00e4\u00e4n ja katseluun. Sarkaan on p\u00e4\u00e4sy koko henkil\u00f6st\u00f6ll\u00e4 asianhallintaj\u00e4rjestelm\u00e4n tapaan, ja liittym\u00e4 mahdollistaa my\u00f6s kustomoidumpien t\u00e4sm\u00e4hakujen muodostamisen verrattuna Twebin sis\u00e4isiin hakutoimintoihin. Sarka mahdollistaa my\u00f6s hakuun nousevien asiakirjojen esikatselun suoraan hakuliittym\u00e4ss\u00e4 ilman tiedoston lataamista (huom! esikatselu toimii vain PDF-muodossa tallennetuilla asiakirjoilla, muiden tiedostomuotojen osalta tiedoston pystyy [&hellip;]<\/p>\n","protected":false},"author":94,"featured_media":0,"parent":0,"menu_order":1100,"comment_status":"closed","ping_status":"closed","template":"","meta":{"_acf_changed":false,"_relevanssi_hide_post":"","_relevanssi_hide_content":"","_relevanssi_pin_for_all":"","_relevanssi_pin_keywords":"","_relevanssi_unpin_keywords":"","_relevanssi_related_keywords":"","_relevanssi_related_include_ids":"","_relevanssi_related_exclude_ids":"","_relevanssi_related_no_append":"","_relevanssi_related_not_related":"","_relevanssi_related_posts":"","_relevanssi_noindex_reason":"","footnotes":""},"categories":[],"tags":[687,605,607,81,21,515,685,691,689],"class_list":["post-1940","page","type-page","status-publish","hentry","tag-aineistohaku","tag-asiahaku-fi","tag-asiakirjahaku-fi","tag-asiakirjahallinta","tag-asianhallinta","tag-haku-fi","tag-sarka","tag-tietopalvelu","tag-tietopyynto"],"acf":[],"yoast_head":"<!-- This site is optimized with the Yoast SEO plugin v27.3 - https:\/\/yoast.com\/product\/yoast-seo-wordpress\/ -->\n<title>10 Sarka -aineistohakuliittym\u00e4 ja sis\u00e4iset tietopyynn\u00f6t - Asianhallinta<\/title>\n<meta name=\"robots\" content=\"index, follow, max-snippet:-1, max-image-preview:large, max-video-preview:-1\" \/>\n<link rel=\"canonical\" href=\"https:\/\/help.jamk.fi\/asianhallinta\/fi\/10-sarka-aineistohakuliittyma-ja-sisaiset-tietopyynnot\/\" \/>\n<meta property=\"og:locale\" content=\"fi_FI\" \/>\n<meta property=\"og:type\" content=\"article\" \/>\n<meta property=\"og:title\" content=\"10 Sarka -aineistohakuliittym\u00e4 ja sis\u00e4iset tietopyynn\u00f6t - Asianhallinta\" \/>\n<meta property=\"og:description\" content=\"Sarka -aineistohakuliittym\u00e4 tarjoaa modernin uuden sukupolven hakutoiminnon Jamkin asianhallinnan aineistojen etsint\u00e4\u00e4n ja katseluun. Sarkaan on p\u00e4\u00e4sy koko henkil\u00f6st\u00f6ll\u00e4 asianhallintaj\u00e4rjestelm\u00e4n tapaan, ja liittym\u00e4 mahdollistaa my\u00f6s kustomoidumpien t\u00e4sm\u00e4hakujen muodostamisen verrattuna Twebin sis\u00e4isiin hakutoimintoihin. Sarka mahdollistaa my\u00f6s hakuun nousevien asiakirjojen esikatselun suoraan hakuliittym\u00e4ss\u00e4 ilman tiedoston lataamista (huom! esikatselu toimii vain PDF-muodossa tallennetuilla asiakirjoilla, muiden tiedostomuotojen osalta tiedoston pystyy [&hellip;]\" \/>\n<meta property=\"og:url\" content=\"https:\/\/help.jamk.fi\/asianhallinta\/fi\/10-sarka-aineistohakuliittyma-ja-sisaiset-tietopyynnot\/\" \/>\n<meta property=\"og:site_name\" content=\"Asianhallinta\" \/>\n<meta property=\"article:modified_time\" content=\"2025-12-01T11:40:38+00:00\" \/>\n<meta property=\"og:image\" content=\"https:\/\/help.jamk.fi\/asianhallinta\/wp-content\/uploads\/sites\/53\/2025\/11\/Sarka-perusnakyma-peruskayttaja.png\" \/>\n\t<meta property=\"og:image:width\" content=\"1882\" \/>\n\t<meta property=\"og:image:height\" content=\"724\" \/>\n\t<meta property=\"og:image:type\" content=\"image\/png\" \/>\n<meta name=\"twitter:card\" content=\"summary_large_image\" \/>\n<meta name=\"twitter:label1\" content=\"Arvioitu lukuaika\" \/>\n\t<meta name=\"twitter:data1\" content=\"3 minuuttia\" \/>\n<script type=\"application\/ld+json\" class=\"yoast-schema-graph\">{\"@context\":\"https:\\\/\\\/schema.org\",\"@graph\":[{\"@type\":\"WebPage\",\"@id\":\"https:\\\/\\\/help.jamk.fi\\\/asianhallinta\\\/fi\\\/10-sarka-aineistohakuliittyma-ja-sisaiset-tietopyynnot\\\/\",\"url\":\"https:\\\/\\\/help.jamk.fi\\\/asianhallinta\\\/fi\\\/10-sarka-aineistohakuliittyma-ja-sisaiset-tietopyynnot\\\/\",\"name\":\"10 Sarka -aineistohakuliittym\u00e4 ja sis\u00e4iset tietopyynn\u00f6t - Asianhallinta\",\"isPartOf\":{\"@id\":\"https:\\\/\\\/help.jamk.fi\\\/asianhallinta\\\/#website\"},\"primaryImageOfPage\":{\"@id\":\"https:\\\/\\\/help.jamk.fi\\\/asianhallinta\\\/fi\\\/10-sarka-aineistohakuliittyma-ja-sisaiset-tietopyynnot\\\/#primaryimage\"},\"image\":{\"@id\":\"https:\\\/\\\/help.jamk.fi\\\/asianhallinta\\\/fi\\\/10-sarka-aineistohakuliittyma-ja-sisaiset-tietopyynnot\\\/#primaryimage\"},\"thumbnailUrl\":\"https:\\\/\\\/help.jamk.fi\\\/asianhallinta\\\/wp-content\\\/uploads\\\/sites\\\/53\\\/2025\\\/11\\\/Sarka-perusnakyma-peruskayttaja-1024x394.png\",\"datePublished\":\"2025-11-28T14:26:54+00:00\",\"dateModified\":\"2025-12-01T11:40:38+00:00\",\"breadcrumb\":{\"@id\":\"https:\\\/\\\/help.jamk.fi\\\/asianhallinta\\\/fi\\\/10-sarka-aineistohakuliittyma-ja-sisaiset-tietopyynnot\\\/#breadcrumb\"},\"inLanguage\":\"fi\",\"potentialAction\":[{\"@type\":\"ReadAction\",\"target\":[\"https:\\\/\\\/help.jamk.fi\\\/asianhallinta\\\/fi\\\/10-sarka-aineistohakuliittyma-ja-sisaiset-tietopyynnot\\\/\"]}]},{\"@type\":\"ImageObject\",\"inLanguage\":\"fi\",\"@id\":\"https:\\\/\\\/help.jamk.fi\\\/asianhallinta\\\/fi\\\/10-sarka-aineistohakuliittyma-ja-sisaiset-tietopyynnot\\\/#primaryimage\",\"url\":\"https:\\\/\\\/help.jamk.fi\\\/asianhallinta\\\/wp-content\\\/uploads\\\/sites\\\/53\\\/2025\\\/11\\\/Sarka-perusnakyma-peruskayttaja.png\",\"contentUrl\":\"https:\\\/\\\/help.jamk.fi\\\/asianhallinta\\\/wp-content\\\/uploads\\\/sites\\\/53\\\/2025\\\/11\\\/Sarka-perusnakyma-peruskayttaja.png\",\"width\":1882,\"height\":724},{\"@type\":\"BreadcrumbList\",\"@id\":\"https:\\\/\\\/help.jamk.fi\\\/asianhallinta\\\/fi\\\/10-sarka-aineistohakuliittyma-ja-sisaiset-tietopyynnot\\\/#breadcrumb\",\"itemListElement\":[{\"@type\":\"ListItem\",\"position\":1,\"name\":\"Etusivu\",\"item\":\"https:\\\/\\\/help.jamk.fi\\\/asianhallinta\\\/\"},{\"@type\":\"ListItem\",\"position\":2,\"name\":\"10 Sarka -aineistohakuliittym\u00e4 ja sis\u00e4iset tietopyynn\u00f6t\"}]},{\"@type\":\"WebSite\",\"@id\":\"https:\\\/\\\/help.jamk.fi\\\/asianhallinta\\\/#website\",\"url\":\"https:\\\/\\\/help.jamk.fi\\\/asianhallinta\\\/\",\"name\":\"Asianhallinta\",\"description\":\"\",\"potentialAction\":[{\"@type\":\"SearchAction\",\"target\":{\"@type\":\"EntryPoint\",\"urlTemplate\":\"https:\\\/\\\/help.jamk.fi\\\/asianhallinta\\\/?s={search_term_string}\"},\"query-input\":{\"@type\":\"PropertyValueSpecification\",\"valueRequired\":true,\"valueName\":\"search_term_string\"}}],\"inLanguage\":\"fi\"}]}<\/script>\n<!-- \/ Yoast SEO plugin. -->","yoast_head_json":{"title":"10 Sarka -aineistohakuliittym\u00e4 ja sis\u00e4iset tietopyynn\u00f6t - Asianhallinta","robots":{"index":"index","follow":"follow","max-snippet":"max-snippet:-1","max-image-preview":"max-image-preview:large","max-video-preview":"max-video-preview:-1"},"canonical":"https:\/\/help.jamk.fi\/asianhallinta\/fi\/10-sarka-aineistohakuliittyma-ja-sisaiset-tietopyynnot\/","og_locale":"fi_FI","og_type":"article","og_title":"10 Sarka -aineistohakuliittym\u00e4 ja sis\u00e4iset tietopyynn\u00f6t - Asianhallinta","og_description":"Sarka -aineistohakuliittym\u00e4 tarjoaa modernin uuden sukupolven hakutoiminnon Jamkin asianhallinnan aineistojen etsint\u00e4\u00e4n ja katseluun. Sarkaan on p\u00e4\u00e4sy koko henkil\u00f6st\u00f6ll\u00e4 asianhallintaj\u00e4rjestelm\u00e4n tapaan, ja liittym\u00e4 mahdollistaa my\u00f6s kustomoidumpien t\u00e4sm\u00e4hakujen muodostamisen verrattuna Twebin sis\u00e4isiin hakutoimintoihin. Sarka mahdollistaa my\u00f6s hakuun nousevien asiakirjojen esikatselun suoraan hakuliittym\u00e4ss\u00e4 ilman tiedoston lataamista (huom! esikatselu toimii vain PDF-muodossa tallennetuilla asiakirjoilla, muiden tiedostomuotojen osalta tiedoston pystyy [&hellip;]","og_url":"https:\/\/help.jamk.fi\/asianhallinta\/fi\/10-sarka-aineistohakuliittyma-ja-sisaiset-tietopyynnot\/","og_site_name":"Asianhallinta","article_modified_time":"2025-12-01T11:40:38+00:00","og_image":[{"width":1882,"height":724,"url":"https:\/\/help.jamk.fi\/asianhallinta\/wp-content\/uploads\/sites\/53\/2025\/11\/Sarka-perusnakyma-peruskayttaja.png","type":"image\/png"}],"twitter_card":"summary_large_image","twitter_misc":{"Arvioitu lukuaika":"3 minuuttia"},"schema":{"@context":"https:\/\/schema.org","@graph":[{"@type":"WebPage","@id":"https:\/\/help.jamk.fi\/asianhallinta\/fi\/10-sarka-aineistohakuliittyma-ja-sisaiset-tietopyynnot\/","url":"https:\/\/help.jamk.fi\/asianhallinta\/fi\/10-sarka-aineistohakuliittyma-ja-sisaiset-tietopyynnot\/","name":"10 Sarka -aineistohakuliittym\u00e4 ja sis\u00e4iset tietopyynn\u00f6t - Asianhallinta","isPartOf":{"@id":"https:\/\/help.jamk.fi\/asianhallinta\/#website"},"primaryImageOfPage":{"@id":"https:\/\/help.jamk.fi\/asianhallinta\/fi\/10-sarka-aineistohakuliittyma-ja-sisaiset-tietopyynnot\/#primaryimage"},"image":{"@id":"https:\/\/help.jamk.fi\/asianhallinta\/fi\/10-sarka-aineistohakuliittyma-ja-sisaiset-tietopyynnot\/#primaryimage"},"thumbnailUrl":"https:\/\/help.jamk.fi\/asianhallinta\/wp-content\/uploads\/sites\/53\/2025\/11\/Sarka-perusnakyma-peruskayttaja-1024x394.png","datePublished":"2025-11-28T14:26:54+00:00","dateModified":"2025-12-01T11:40:38+00:00","breadcrumb":{"@id":"https:\/\/help.jamk.fi\/asianhallinta\/fi\/10-sarka-aineistohakuliittyma-ja-sisaiset-tietopyynnot\/#breadcrumb"},"inLanguage":"fi","potentialAction":[{"@type":"ReadAction","target":["https:\/\/help.jamk.fi\/asianhallinta\/fi\/10-sarka-aineistohakuliittyma-ja-sisaiset-tietopyynnot\/"]}]},{"@type":"ImageObject","inLanguage":"fi","@id":"https:\/\/help.jamk.fi\/asianhallinta\/fi\/10-sarka-aineistohakuliittyma-ja-sisaiset-tietopyynnot\/#primaryimage","url":"https:\/\/help.jamk.fi\/asianhallinta\/wp-content\/uploads\/sites\/53\/2025\/11\/Sarka-perusnakyma-peruskayttaja.png","contentUrl":"https:\/\/help.jamk.fi\/asianhallinta\/wp-content\/uploads\/sites\/53\/2025\/11\/Sarka-perusnakyma-peruskayttaja.png","width":1882,"height":724},{"@type":"BreadcrumbList","@id":"https:\/\/help.jamk.fi\/asianhallinta\/fi\/10-sarka-aineistohakuliittyma-ja-sisaiset-tietopyynnot\/#breadcrumb","itemListElement":[{"@type":"ListItem","position":1,"name":"Etusivu","item":"https:\/\/help.jamk.fi\/asianhallinta\/"},{"@type":"ListItem","position":2,"name":"10 Sarka -aineistohakuliittym\u00e4 ja sis\u00e4iset tietopyynn\u00f6t"}]},{"@type":"WebSite","@id":"https:\/\/help.jamk.fi\/asianhallinta\/#website","url":"https:\/\/help.jamk.fi\/asianhallinta\/","name":"Asianhallinta","description":"","potentialAction":[{"@type":"SearchAction","target":{"@type":"EntryPoint","urlTemplate":"https:\/\/help.jamk.fi\/asianhallinta\/?s={search_term_string}"},"query-input":{"@type":"PropertyValueSpecification","valueRequired":true,"valueName":"search_term_string"}}],"inLanguage":"fi"}]}},"_links":{"self":[{"href":"https:\/\/help.jamk.fi\/asianhallinta\/wp-json\/wp\/v2\/pages\/1940","targetHints":{"allow":["GET"]}}],"collection":[{"href":"https:\/\/help.jamk.fi\/asianhallinta\/wp-json\/wp\/v2\/pages"}],"about":[{"href":"https:\/\/help.jamk.fi\/asianhallinta\/wp-json\/wp\/v2\/types\/page"}],"author":[{"embeddable":true,"href":"https:\/\/help.jamk.fi\/asianhallinta\/wp-json\/wp\/v2\/users\/94"}],"replies":[{"embeddable":true,"href":"https:\/\/help.jamk.fi\/asianhallinta\/wp-json\/wp\/v2\/comments?post=1940"}],"version-history":[{"count":11,"href":"https:\/\/help.jamk.fi\/asianhallinta\/wp-json\/wp\/v2\/pages\/1940\/revisions"}],"predecessor-version":[{"id":1954,"href":"https:\/\/help.jamk.fi\/asianhallinta\/wp-json\/wp\/v2\/pages\/1940\/revisions\/1954"}],"wp:attachment":[{"href":"https:\/\/help.jamk.fi\/asianhallinta\/wp-json\/wp\/v2\/media?parent=1940"}],"wp:term":[{"taxonomy":"category","embeddable":true,"href":"https:\/\/help.jamk.fi\/asianhallinta\/wp-json\/wp\/v2\/categories?post=1940"},{"taxonomy":"post_tag","embeddable":true,"href":"https:\/\/help.jamk.fi\/asianhallinta\/wp-json\/wp\/v2\/tags?post=1940"}],"curies":[{"name":"wp","href":"https:\/\/api.w.org\/{rel}","templated":true}]}}