{"id":201,"date":"2013-02-01T13:40:47","date_gmt":"2013-02-01T11:40:47","guid":{"rendered":"https:\/\/help.jamk.fi\/asiakirjahallinto\/esimerkkisivu\/6-allekirjoittaminen-hyvaksyminen-saapunut-toimeksianto\/6-1-asiakirjan-allekirjoittaminen-hyvaksyminen-saapuneelta-toimeksiannolta\/"},"modified":"2024-01-05T11:09:00","modified_gmt":"2024-01-05T09:09:00","slug":"6-1-asiakirjan-allekirjoittaminen-hyvaksyminen-saapuneelta-toimeksiannolta","status":"publish","type":"page","link":"https:\/\/help.jamk.fi\/asianhallinta\/fi\/6-allekirjoittaminen-hyvaksyminen-saapunut-toimeksianto\/6-1-asiakirjan-allekirjoittaminen-hyvaksyminen-saapuneelta-toimeksiannolta\/","title":{"rendered":"Saapuneelta toimeksiannolta hyv\u00e4ksyminen\/ allekirjoittaminen"},"content":{"rendered":"\n<p>Kun olet saanut s\u00e4hk\u00f6postiisi allekirjoitus- tai hyv\u00e4ksymispyynn\u00f6n, n\u00e4kyy se Twebiss\u00e4 <em>Saapuneet<\/em> -valikossa:<\/p>\n\n\n<div class=\"wp-block-image\">\n<figure class=\"aligncenter\"><img decoding=\"async\" src=\"https:\/\/help.jamk.fi\/asiakirjahallinto\/wp-content\/uploads\/sites\/53\/2023\/07\/saapuneet-valikko2.jpg\" alt=\"\" class=\"wp-image-170\"\/><figcaption class=\"wp-element-caption\"><strong>Saapuneet toimeksiannot -n\u00e4kym\u00e4 Twebiss\u00e4<\/strong><\/figcaption><\/figure>\n<\/div>\n\n\n<p><strong>Sek\u00e4 hyv\u00e4ksymispyynt\u00f6\u00f6n ett\u00e4 allekirjoituspyynt\u00f6\u00f6n p\u00e4tee sama ohje.<\/strong> Toimeksiannon otsikko ilmaisee, kummasta on kysymys.<\/p>\n\n\n\n<p>Voit hyv\u00e4ksy\u00e4\/hyl\u00e4t\u00e4 tai allekirjoittaa asiakirjan suoraan saapuneelta toimeksiannolta.<\/p>\n\n\n\n<p>Vastaanotettuasi saapuneen toimeksiannon, voit&nbsp;toimia kahdella tavalla:<\/p>\n\n\n\n<p>1.&nbsp; Voit suoraan hyv\u00e4ksy\u00e4 tai allekirjoittaa asiakirjan toimeksiannolta <i>Hyv\u00e4ksy\/Allekirjoita<\/i>&nbsp;\u2013painikkeella.&nbsp;Voit katsoa asiakirjan tiedostoa valitsemalla&nbsp;asiakirjan <i>Asiakirjat<\/i>-ikkunasta, ja klikkaamalla <i>N\u00e4yt\u00e4<\/i>. Tiedosto avautuu <i>Vain luku<\/i>-tilaan.<\/p>\n\n\n\n<p>2. Voit muokata asiakirjaa ennen hyv\u00e4ksymist\u00e4\/allekirjoittamista. Valitse asiakirja <i>Asiakirjat<\/i>-ikkunasta, ja klikkaa <b><i>Tiedot\/muokkaa<\/i><\/b>, jolloin avautuu asiakirjan <i>Perustiedot<\/i> \u2013v\u00e4lilehti. T\u00e4m\u00e4n j\u00e4lkeen voit tehd\u00e4 tarvittaessa muutoksia tiedostoon <i>Muokkaa tiedostoa<\/i>-toiminnon kautta. T\u00e4m\u00e4n j\u00e4lkeen voit hyv\u00e4ksy\u00e4 asiakirjan <i>Perustiedot<\/i> \u2013v\u00e4lilehdelt\u00e4 (<b><i>Hyv\u00e4ksy<\/i> <\/b>\u2013painike tulee k\u00e4ytt\u00f6\u00f6n asiakirjan varaamisen j\u00e4lkeen, tai palata toimeksiannolle ja hyv\u00e4ksy\u00e4 asiakirjan siell\u00e4 kuten kohdassa 1.)<\/p>\n\n\n\n<h2 class=\"wp-block-heading\">Asiakirjan hylk\u00e4\u00e4minen<\/h2>\n\n\n\n<p>1. Valitse asiakirja saapuneen <i>Hyv\u00e4ksymispyynt\u00f6<\/i> \u2013toimeksiannon <i>Asiakirjat<\/i> \u2013ikkunasta. Voit katsoa asiakirjan tiedostoa valitsemalla asiakirjan <i>Asiakirjat<\/i>-ikkunasta, ja klikkaamalla <i>N\u00e4yt\u00e4<\/i>. Tiedosto avautuu <i>Vain luku<\/i>-tilaan.<\/p>\n\n\n\n<p>2. Klikkaa <b><i>Hylk\u00e4\u00e4<\/i><\/b> \u2013painiketta. Ennen kuin tieto hylk\u00e4yksest\u00e4 l\u00e4htee hyv\u00e4ksymispyynn\u00f6n l\u00e4hett\u00e4j\u00e4lle, voit halutessasi perustella hylk\u00e4yst\u00e4 toimeksiannon <i>Saate<\/i>-kentt\u00e4\u00e4n.<\/p>\n\n\n\n<p>3. Klikkaa <b><i>L\u00e4het\u00e4<\/i><\/b>, kun haluat l\u00e4hett\u00e4\u00e4 hyv\u00e4ksymispyynn\u00f6n hylk\u00e4\u00e4mist\u00e4 kuvaavan toimeksiannon hyv\u00e4ksymispyynn\u00f6n l\u00e4hett\u00e4j\u00e4lle.<\/p>\n","protected":false},"excerpt":{"rendered":"<p>Kun olet saanut s\u00e4hk\u00f6postiisi allekirjoitus- tai hyv\u00e4ksymispyynn\u00f6n, n\u00e4kyy se Twebiss\u00e4 Saapuneet -valikossa: Sek\u00e4 hyv\u00e4ksymispyynt\u00f6\u00f6n ett\u00e4 allekirjoituspyynt\u00f6\u00f6n p\u00e4tee sama ohje. Toimeksiannon otsikko ilmaisee, kummasta on kysymys. Voit hyv\u00e4ksy\u00e4\/hyl\u00e4t\u00e4 tai allekirjoittaa asiakirjan suoraan saapuneelta toimeksiannolta. Vastaanotettuasi saapuneen toimeksiannon, voit&nbsp;toimia kahdella tavalla: 1.&nbsp; Voit suoraan hyv\u00e4ksy\u00e4 tai allekirjoittaa asiakirjan toimeksiannolta Hyv\u00e4ksy\/Allekirjoita&nbsp;\u2013painikkeella.&nbsp;Voit katsoa asiakirjan tiedostoa valitsemalla&nbsp;asiakirjan Asiakirjat-ikkunasta, ja klikkaamalla [&hellip;]<\/p>\n","protected":false},"author":94,"featured_media":0,"parent":198,"menu_order":610,"comment_status":"closed","ping_status":"closed","template":"","meta":{"_acf_changed":false,"_relevanssi_hide_post":"","_relevanssi_hide_content":"","_relevanssi_pin_for_all":"","_relevanssi_pin_keywords":"","_relevanssi_unpin_keywords":"","_relevanssi_related_keywords":"","_relevanssi_related_include_ids":"","_relevanssi_related_exclude_ids":"","_relevanssi_related_no_append":"","_relevanssi_related_not_related":"","_relevanssi_related_posts":"","_relevanssi_noindex_reason":"","footnotes":""},"categories":[],"tags":[491,453,15,669,493,479],"class_list":["post-201","page","type-page","status-publish","hentry","tag-allekirjoittaminen-fi","tag-allekirjoitus-fi","tag-asiakirjahallinto","tag-hylkaaminen-fi","tag-hyvaksyminen-fi","tag-toimeksianto-fi"],"acf":[],"yoast_head":"<!-- This site is optimized with the Yoast SEO plugin v27.4 - https:\/\/yoast.com\/product\/yoast-seo-wordpress\/ -->\n<title>Saapuneelta toimeksiannolta hyv\u00e4ksyminen\/ allekirjoittaminen - Asianhallinta<\/title>\n<meta name=\"robots\" content=\"index, follow, max-snippet:-1, max-image-preview:large, max-video-preview:-1\" \/>\n<link rel=\"canonical\" href=\"https:\/\/help.jamk.fi\/asianhallinta\/fi\/6-allekirjoittaminen-hyvaksyminen-saapunut-toimeksianto\/6-1-asiakirjan-allekirjoittaminen-hyvaksyminen-saapuneelta-toimeksiannolta\/\" \/>\n<meta property=\"og:locale\" content=\"fi_FI\" \/>\n<meta property=\"og:type\" content=\"article\" \/>\n<meta property=\"og:title\" content=\"Saapuneelta toimeksiannolta hyv\u00e4ksyminen\/ allekirjoittaminen - Asianhallinta\" \/>\n<meta property=\"og:description\" content=\"Kun olet saanut s\u00e4hk\u00f6postiisi allekirjoitus- tai hyv\u00e4ksymispyynn\u00f6n, n\u00e4kyy se Twebiss\u00e4 Saapuneet -valikossa: Sek\u00e4 hyv\u00e4ksymispyynt\u00f6\u00f6n ett\u00e4 allekirjoituspyynt\u00f6\u00f6n p\u00e4tee sama ohje. Toimeksiannon otsikko ilmaisee, kummasta on kysymys. Voit hyv\u00e4ksy\u00e4\/hyl\u00e4t\u00e4 tai allekirjoittaa asiakirjan suoraan saapuneelta toimeksiannolta. Vastaanotettuasi saapuneen toimeksiannon, voit&nbsp;toimia kahdella tavalla: 1.&nbsp; Voit suoraan hyv\u00e4ksy\u00e4 tai allekirjoittaa asiakirjan toimeksiannolta Hyv\u00e4ksy\/Allekirjoita&nbsp;\u2013painikkeella.&nbsp;Voit katsoa asiakirjan tiedostoa valitsemalla&nbsp;asiakirjan Asiakirjat-ikkunasta, ja klikkaamalla [&hellip;]\" \/>\n<meta property=\"og:url\" content=\"https:\/\/help.jamk.fi\/asianhallinta\/fi\/6-allekirjoittaminen-hyvaksyminen-saapunut-toimeksianto\/6-1-asiakirjan-allekirjoittaminen-hyvaksyminen-saapuneelta-toimeksiannolta\/\" \/>\n<meta property=\"og:site_name\" content=\"Asianhallinta\" \/>\n<meta property=\"article:modified_time\" content=\"2024-01-05T09:09:00+00:00\" \/>\n<meta property=\"og:image\" content=\"https:\/\/help.jamk.fi\/asiakirjahallinto\/wp-content\/uploads\/sites\/53\/2023\/07\/saapuneet-valikko2.jpg\" \/>\n<meta name=\"twitter:card\" content=\"summary_large_image\" \/>\n<meta name=\"twitter:label1\" content=\"Arvioitu lukuaika\" \/>\n\t<meta name=\"twitter:data1\" content=\"2 minuuttia\" \/>\n<script type=\"application\/ld+json\" class=\"yoast-schema-graph\">{\"@context\":\"https:\\\/\\\/schema.org\",\"@graph\":[{\"@type\":\"WebPage\",\"@id\":\"https:\\\/\\\/help.jamk.fi\\\/asianhallinta\\\/fi\\\/6-allekirjoittaminen-hyvaksyminen-saapunut-toimeksianto\\\/6-1-asiakirjan-allekirjoittaminen-hyvaksyminen-saapuneelta-toimeksiannolta\\\/\",\"url\":\"https:\\\/\\\/help.jamk.fi\\\/asianhallinta\\\/fi\\\/6-allekirjoittaminen-hyvaksyminen-saapunut-toimeksianto\\\/6-1-asiakirjan-allekirjoittaminen-hyvaksyminen-saapuneelta-toimeksiannolta\\\/\",\"name\":\"Saapuneelta toimeksiannolta hyv\u00e4ksyminen\\\/ allekirjoittaminen - Asianhallinta\",\"isPartOf\":{\"@id\":\"https:\\\/\\\/help.jamk.fi\\\/asianhallinta\\\/#website\"},\"primaryImageOfPage\":{\"@id\":\"https:\\\/\\\/help.jamk.fi\\\/asianhallinta\\\/fi\\\/6-allekirjoittaminen-hyvaksyminen-saapunut-toimeksianto\\\/6-1-asiakirjan-allekirjoittaminen-hyvaksyminen-saapuneelta-toimeksiannolta\\\/#primaryimage\"},\"image\":{\"@id\":\"https:\\\/\\\/help.jamk.fi\\\/asianhallinta\\\/fi\\\/6-allekirjoittaminen-hyvaksyminen-saapunut-toimeksianto\\\/6-1-asiakirjan-allekirjoittaminen-hyvaksyminen-saapuneelta-toimeksiannolta\\\/#primaryimage\"},\"thumbnailUrl\":\"https:\\\/\\\/help.jamk.fi\\\/asiakirjahallinto\\\/wp-content\\\/uploads\\\/sites\\\/53\\\/2023\\\/07\\\/saapuneet-valikko2.jpg\",\"datePublished\":\"2013-02-01T11:40:47+00:00\",\"dateModified\":\"2024-01-05T09:09:00+00:00\",\"breadcrumb\":{\"@id\":\"https:\\\/\\\/help.jamk.fi\\\/asianhallinta\\\/fi\\\/6-allekirjoittaminen-hyvaksyminen-saapunut-toimeksianto\\\/6-1-asiakirjan-allekirjoittaminen-hyvaksyminen-saapuneelta-toimeksiannolta\\\/#breadcrumb\"},\"inLanguage\":\"fi\",\"potentialAction\":[{\"@type\":\"ReadAction\",\"target\":[\"https:\\\/\\\/help.jamk.fi\\\/asianhallinta\\\/fi\\\/6-allekirjoittaminen-hyvaksyminen-saapunut-toimeksianto\\\/6-1-asiakirjan-allekirjoittaminen-hyvaksyminen-saapuneelta-toimeksiannolta\\\/\"]}]},{\"@type\":\"ImageObject\",\"inLanguage\":\"fi\",\"@id\":\"https:\\\/\\\/help.jamk.fi\\\/asianhallinta\\\/fi\\\/6-allekirjoittaminen-hyvaksyminen-saapunut-toimeksianto\\\/6-1-asiakirjan-allekirjoittaminen-hyvaksyminen-saapuneelta-toimeksiannolta\\\/#primaryimage\",\"url\":\"https:\\\/\\\/help.jamk.fi\\\/asiakirjahallinto\\\/wp-content\\\/uploads\\\/sites\\\/53\\\/2023\\\/07\\\/saapuneet-valikko2.jpg\",\"contentUrl\":\"https:\\\/\\\/help.jamk.fi\\\/asiakirjahallinto\\\/wp-content\\\/uploads\\\/sites\\\/53\\\/2023\\\/07\\\/saapuneet-valikko2.jpg\"},{\"@type\":\"BreadcrumbList\",\"@id\":\"https:\\\/\\\/help.jamk.fi\\\/asianhallinta\\\/fi\\\/6-allekirjoittaminen-hyvaksyminen-saapunut-toimeksianto\\\/6-1-asiakirjan-allekirjoittaminen-hyvaksyminen-saapuneelta-toimeksiannolta\\\/#breadcrumb\",\"itemListElement\":[{\"@type\":\"ListItem\",\"position\":1,\"name\":\"Etusivu\",\"item\":\"https:\\\/\\\/help.jamk.fi\\\/asianhallinta\\\/\"},{\"@type\":\"ListItem\",\"position\":2,\"name\":\"5 Allekirjoitus, hyv\u00e4ksyminen\",\"item\":\"https:\\\/\\\/help.jamk.fi\\\/asianhallinta\\\/fi\\\/6-allekirjoittaminen-hyvaksyminen-saapunut-toimeksianto\\\/\"},{\"@type\":\"ListItem\",\"position\":3,\"name\":\"Saapuneelta toimeksiannolta hyv\u00e4ksyminen\\\/ allekirjoittaminen\"}]},{\"@type\":\"WebSite\",\"@id\":\"https:\\\/\\\/help.jamk.fi\\\/asianhallinta\\\/#website\",\"url\":\"https:\\\/\\\/help.jamk.fi\\\/asianhallinta\\\/\",\"name\":\"Asianhallinta\",\"description\":\"\",\"potentialAction\":[{\"@type\":\"SearchAction\",\"target\":{\"@type\":\"EntryPoint\",\"urlTemplate\":\"https:\\\/\\\/help.jamk.fi\\\/asianhallinta\\\/?s={search_term_string}\"},\"query-input\":{\"@type\":\"PropertyValueSpecification\",\"valueRequired\":true,\"valueName\":\"search_term_string\"}}],\"inLanguage\":\"fi\"}]}<\/script>\n<!-- \/ Yoast SEO plugin. -->","yoast_head_json":{"title":"Saapuneelta toimeksiannolta hyv\u00e4ksyminen\/ allekirjoittaminen - Asianhallinta","robots":{"index":"index","follow":"follow","max-snippet":"max-snippet:-1","max-image-preview":"max-image-preview:large","max-video-preview":"max-video-preview:-1"},"canonical":"https:\/\/help.jamk.fi\/asianhallinta\/fi\/6-allekirjoittaminen-hyvaksyminen-saapunut-toimeksianto\/6-1-asiakirjan-allekirjoittaminen-hyvaksyminen-saapuneelta-toimeksiannolta\/","og_locale":"fi_FI","og_type":"article","og_title":"Saapuneelta toimeksiannolta hyv\u00e4ksyminen\/ allekirjoittaminen - Asianhallinta","og_description":"Kun olet saanut s\u00e4hk\u00f6postiisi allekirjoitus- tai hyv\u00e4ksymispyynn\u00f6n, n\u00e4kyy se Twebiss\u00e4 Saapuneet -valikossa: Sek\u00e4 hyv\u00e4ksymispyynt\u00f6\u00f6n ett\u00e4 allekirjoituspyynt\u00f6\u00f6n p\u00e4tee sama ohje. Toimeksiannon otsikko ilmaisee, kummasta on kysymys. Voit hyv\u00e4ksy\u00e4\/hyl\u00e4t\u00e4 tai allekirjoittaa asiakirjan suoraan saapuneelta toimeksiannolta. Vastaanotettuasi saapuneen toimeksiannon, voit&nbsp;toimia kahdella tavalla: 1.&nbsp; Voit suoraan hyv\u00e4ksy\u00e4 tai allekirjoittaa asiakirjan toimeksiannolta Hyv\u00e4ksy\/Allekirjoita&nbsp;\u2013painikkeella.&nbsp;Voit katsoa asiakirjan tiedostoa valitsemalla&nbsp;asiakirjan Asiakirjat-ikkunasta, ja klikkaamalla [&hellip;]","og_url":"https:\/\/help.jamk.fi\/asianhallinta\/fi\/6-allekirjoittaminen-hyvaksyminen-saapunut-toimeksianto\/6-1-asiakirjan-allekirjoittaminen-hyvaksyminen-saapuneelta-toimeksiannolta\/","og_site_name":"Asianhallinta","article_modified_time":"2024-01-05T09:09:00+00:00","og_image":[{"url":"https:\/\/help.jamk.fi\/asiakirjahallinto\/wp-content\/uploads\/sites\/53\/2023\/07\/saapuneet-valikko2.jpg","type":"","width":"","height":""}],"twitter_card":"summary_large_image","twitter_misc":{"Arvioitu lukuaika":"2 minuuttia"},"schema":{"@context":"https:\/\/schema.org","@graph":[{"@type":"WebPage","@id":"https:\/\/help.jamk.fi\/asianhallinta\/fi\/6-allekirjoittaminen-hyvaksyminen-saapunut-toimeksianto\/6-1-asiakirjan-allekirjoittaminen-hyvaksyminen-saapuneelta-toimeksiannolta\/","url":"https:\/\/help.jamk.fi\/asianhallinta\/fi\/6-allekirjoittaminen-hyvaksyminen-saapunut-toimeksianto\/6-1-asiakirjan-allekirjoittaminen-hyvaksyminen-saapuneelta-toimeksiannolta\/","name":"Saapuneelta toimeksiannolta hyv\u00e4ksyminen\/ allekirjoittaminen - Asianhallinta","isPartOf":{"@id":"https:\/\/help.jamk.fi\/asianhallinta\/#website"},"primaryImageOfPage":{"@id":"https:\/\/help.jamk.fi\/asianhallinta\/fi\/6-allekirjoittaminen-hyvaksyminen-saapunut-toimeksianto\/6-1-asiakirjan-allekirjoittaminen-hyvaksyminen-saapuneelta-toimeksiannolta\/#primaryimage"},"image":{"@id":"https:\/\/help.jamk.fi\/asianhallinta\/fi\/6-allekirjoittaminen-hyvaksyminen-saapunut-toimeksianto\/6-1-asiakirjan-allekirjoittaminen-hyvaksyminen-saapuneelta-toimeksiannolta\/#primaryimage"},"thumbnailUrl":"https:\/\/help.jamk.fi\/asiakirjahallinto\/wp-content\/uploads\/sites\/53\/2023\/07\/saapuneet-valikko2.jpg","datePublished":"2013-02-01T11:40:47+00:00","dateModified":"2024-01-05T09:09:00+00:00","breadcrumb":{"@id":"https:\/\/help.jamk.fi\/asianhallinta\/fi\/6-allekirjoittaminen-hyvaksyminen-saapunut-toimeksianto\/6-1-asiakirjan-allekirjoittaminen-hyvaksyminen-saapuneelta-toimeksiannolta\/#breadcrumb"},"inLanguage":"fi","potentialAction":[{"@type":"ReadAction","target":["https:\/\/help.jamk.fi\/asianhallinta\/fi\/6-allekirjoittaminen-hyvaksyminen-saapunut-toimeksianto\/6-1-asiakirjan-allekirjoittaminen-hyvaksyminen-saapuneelta-toimeksiannolta\/"]}]},{"@type":"ImageObject","inLanguage":"fi","@id":"https:\/\/help.jamk.fi\/asianhallinta\/fi\/6-allekirjoittaminen-hyvaksyminen-saapunut-toimeksianto\/6-1-asiakirjan-allekirjoittaminen-hyvaksyminen-saapuneelta-toimeksiannolta\/#primaryimage","url":"https:\/\/help.jamk.fi\/asiakirjahallinto\/wp-content\/uploads\/sites\/53\/2023\/07\/saapuneet-valikko2.jpg","contentUrl":"https:\/\/help.jamk.fi\/asiakirjahallinto\/wp-content\/uploads\/sites\/53\/2023\/07\/saapuneet-valikko2.jpg"},{"@type":"BreadcrumbList","@id":"https:\/\/help.jamk.fi\/asianhallinta\/fi\/6-allekirjoittaminen-hyvaksyminen-saapunut-toimeksianto\/6-1-asiakirjan-allekirjoittaminen-hyvaksyminen-saapuneelta-toimeksiannolta\/#breadcrumb","itemListElement":[{"@type":"ListItem","position":1,"name":"Etusivu","item":"https:\/\/help.jamk.fi\/asianhallinta\/"},{"@type":"ListItem","position":2,"name":"5 Allekirjoitus, hyv\u00e4ksyminen","item":"https:\/\/help.jamk.fi\/asianhallinta\/fi\/6-allekirjoittaminen-hyvaksyminen-saapunut-toimeksianto\/"},{"@type":"ListItem","position":3,"name":"Saapuneelta toimeksiannolta hyv\u00e4ksyminen\/ allekirjoittaminen"}]},{"@type":"WebSite","@id":"https:\/\/help.jamk.fi\/asianhallinta\/#website","url":"https:\/\/help.jamk.fi\/asianhallinta\/","name":"Asianhallinta","description":"","potentialAction":[{"@type":"SearchAction","target":{"@type":"EntryPoint","urlTemplate":"https:\/\/help.jamk.fi\/asianhallinta\/?s={search_term_string}"},"query-input":{"@type":"PropertyValueSpecification","valueRequired":true,"valueName":"search_term_string"}}],"inLanguage":"fi"}]}},"_links":{"self":[{"href":"https:\/\/help.jamk.fi\/asianhallinta\/wp-json\/wp\/v2\/pages\/201","targetHints":{"allow":["GET"]}}],"collection":[{"href":"https:\/\/help.jamk.fi\/asianhallinta\/wp-json\/wp\/v2\/pages"}],"about":[{"href":"https:\/\/help.jamk.fi\/asianhallinta\/wp-json\/wp\/v2\/types\/page"}],"author":[{"embeddable":true,"href":"https:\/\/help.jamk.fi\/asianhallinta\/wp-json\/wp\/v2\/users\/94"}],"replies":[{"embeddable":true,"href":"https:\/\/help.jamk.fi\/asianhallinta\/wp-json\/wp\/v2\/comments?post=201"}],"version-history":[{"count":4,"href":"https:\/\/help.jamk.fi\/asianhallinta\/wp-json\/wp\/v2\/pages\/201\/revisions"}],"predecessor-version":[{"id":1801,"href":"https:\/\/help.jamk.fi\/asianhallinta\/wp-json\/wp\/v2\/pages\/201\/revisions\/1801"}],"up":[{"embeddable":true,"href":"https:\/\/help.jamk.fi\/asianhallinta\/wp-json\/wp\/v2\/pages\/198"}],"wp:attachment":[{"href":"https:\/\/help.jamk.fi\/asianhallinta\/wp-json\/wp\/v2\/media?parent=201"}],"wp:term":[{"taxonomy":"category","embeddable":true,"href":"https:\/\/help.jamk.fi\/asianhallinta\/wp-json\/wp\/v2\/categories?post=201"},{"taxonomy":"post_tag","embeddable":true,"href":"https:\/\/help.jamk.fi\/asianhallinta\/wp-json\/wp\/v2\/tags?post=201"}],"curies":[{"name":"wp","href":"https:\/\/api.w.org\/{rel}","templated":true}]}}