{"id":210,"date":"2012-12-18T13:30:56","date_gmt":"2012-12-18T11:30:56","guid":{"rendered":"https:\/\/help.jamk.fi\/asiakirjahallinto\/esimerkkisivu\/6-allekirjoittaminen-hyvaksyminen-saapunut-toimeksianto\/6-2-hyvaksymis-allekirjoituskierto\/"},"modified":"2024-01-09T13:52:06","modified_gmt":"2024-01-09T11:52:06","slug":"6-2-hyvaksymis-allekirjoituskierto","status":"publish","type":"page","link":"https:\/\/help.jamk.fi\/asianhallinta\/fi\/6-allekirjoittaminen-hyvaksyminen-saapunut-toimeksianto\/6-2-hyvaksymis-allekirjoituskierto\/","title":{"rendered":"Hyv\u00e4ksymis-\/allekirjoituskierto Twebiss\u00e4"},"content":{"rendered":"\n<p>Asiakirja voidaan l\u00e4hett\u00e4\u00e4 asiakirjakierrolla usealle henkil\u00f6lle ketjutettuna hyv\u00e4ksytt\u00e4v\u00e4ksi\/allekirjoitettavaksi. Asiakirjakierto etenee aina sit\u00e4 mukaa, kuin kierron vaiheet suoritetaan kierrolle m\u00e4\u00e4riteltyjen k\u00e4sittelij\u00f6iden toimesta. Mik\u00e4li joku kiertoon m\u00e4\u00e4ritetty hylk\u00e4\u00e4 toimenpiteen, palautuu asiakirja kierron k\u00e4ynnist\u00e4j\u00e4lle.&nbsp; Kierron k\u00e4ynnist\u00e4j\u00e4 saa aina ilmoituksen, jos asiakirja hyl\u00e4t\u00e4\u00e4n tai viimeinen m\u00e4\u00e4ritetty toimenpide tehd\u00e4\u00e4n. Jos kierto katkeaa, seuraavaksi m\u00e4\u00e4ritetty ei saa ilmoitusta tekem\u00e4tt\u00e4 j\u00e4\u00e4neest\u00e4 toimenpiteest\u00e4.<\/p>\n\n\n<div class=\"wp-block-image\">\n<figure class=\"aligncenter\"><img decoding=\"async\" src=\"https:\/\/help.jamk.fi\/asiakirjahallinto\/wp-content\/uploads\/sites\/53\/2023\/07\/asiakirjakierto.jpg\" alt=\"\" class=\"wp-image-209\"\/><\/figure>\n<\/div>\n\n\n<p><\/p>\n\n\n\n<p>1.<i> <\/i><b><i>Varaa<\/i><\/b> asiakirja <i>Perustiedot<\/i> -v\u00e4lilehdelt\u00e4 ja siirry <i>Kierto<\/i>-v\u00e4lilehdelle.<\/p>\n\n\n\n<p>2. Valitse haluttu toiminto (Hyv\u00e4ksyminen tai Allekirjoittaminen) <b><i>Toiminto<\/i><\/b> -valintalistasta.<\/p>\n\n\n\n<p>3. Klikkaa <b><i>Lis\u00e4\u00e4 k\u00e4ytt\u00e4j\u00e4<\/i><\/b> -painiketta ja valitse kiertoon osallistuva k\u00e4ytt\u00e4j\u00e4. Klikkaa <b><i>Valitse<\/i><\/b>.<br><b>Huom.<\/b> Voit poistaa k\u00e4ytt\u00e4ji\u00e4 hyv\u00e4ksymis-\/allekirjoittamiskierrosta valitsemalla poistettavaksi haluamasi k\u00e4ytt\u00e4j\u00e4 <i>Kierto<\/i>-ikkunasta ja klikkaamalla <b><i>Poista k\u00e4ytt\u00e4j\u00e4<\/i><\/b> -painiketta. Voit tyhjent\u00e4\u00e4 koko hyv\u00e4ksymis-\/allekirjoittamiskierron kerralla klikkaamalla <b><i>Tyhjenn\u00e4 kierto<\/i><\/b> -painiketta.<\/p>\n\n\n\n<p>4. Kirjoita halutessasi viesti kiertoon osallistujille <i>Saate<\/i>-kentt\u00e4\u00e4n.<\/p>\n\n\n\n<p>5. Klikkaa <b><i>K\u00e4ynnist\u00e4 kierto<\/i><\/b>-painiketta. Asiakirjalla n\u00e4kyy tietoja kierron aloittajasta, tilasta ja k\u00e4ytt\u00e4j\u00e4st\u00e4.<\/p>\n\n\n\n<p>6. Kierron tilaa voit seurata <em>Kierto<\/em>-v\u00e4lilehdelt\u00e4.<\/p>\n\n\n\n<h2 class=\"wp-block-heading\">Video-ohje<\/h2>\n\n\n\n<p><a href=\"https:\/\/panopto.jamk.fi\/Panopto\/Pages\/Viewer.aspx?id=eab6bb28-4552-4edc-9313-ab79008fb966\">VIDEO-OHJE: Allekirjoituskierron k\u00e4ynnist\u00e4minen (Panopto)<\/a><\/p>\n","protected":false},"excerpt":{"rendered":"<p>Asiakirja voidaan l\u00e4hett\u00e4\u00e4 asiakirjakierrolla usealle henkil\u00f6lle ketjutettuna hyv\u00e4ksytt\u00e4v\u00e4ksi\/allekirjoitettavaksi. Asiakirjakierto etenee aina sit\u00e4 mukaa, kuin kierron vaiheet suoritetaan kierrolle m\u00e4\u00e4riteltyjen k\u00e4sittelij\u00f6iden toimesta. Mik\u00e4li joku kiertoon m\u00e4\u00e4ritetty hylk\u00e4\u00e4 toimenpiteen, palautuu asiakirja kierron k\u00e4ynnist\u00e4j\u00e4lle.&nbsp; Kierron k\u00e4ynnist\u00e4j\u00e4 saa aina ilmoituksen, jos asiakirja hyl\u00e4t\u00e4\u00e4n tai viimeinen m\u00e4\u00e4ritetty toimenpide tehd\u00e4\u00e4n. Jos kierto katkeaa, seuraavaksi m\u00e4\u00e4ritetty ei saa ilmoitusta tekem\u00e4tt\u00e4 j\u00e4\u00e4neest\u00e4 toimenpiteest\u00e4. [&hellip;]<\/p>\n","protected":false},"author":94,"featured_media":0,"parent":198,"menu_order":612,"comment_status":"closed","ping_status":"closed","template":"","meta":{"_acf_changed":false,"_relevanssi_hide_post":"","_relevanssi_hide_content":"","_relevanssi_pin_for_all":"","_relevanssi_pin_keywords":"","_relevanssi_unpin_keywords":"","_relevanssi_related_keywords":"","_relevanssi_related_include_ids":"","_relevanssi_related_exclude_ids":"","_relevanssi_related_no_append":"","_relevanssi_related_not_related":"","_relevanssi_related_posts":"","_relevanssi_noindex_reason":"","footnotes":""},"categories":[],"tags":[453,633,15,493,635,637,479,39],"class_list":["post-210","page","type-page","status-publish","hentry","tag-allekirjoitus-fi","tag-allekirjoituskierto-fi","tag-asiakirjahallinto","tag-hyvaksyminen-fi","tag-hyvaksymiskierto-fi","tag-kierto-fi","tag-toimeksianto-fi","tag-tweb"],"acf":[],"yoast_head":"<!-- This site is optimized with the Yoast SEO plugin v27.4 - https:\/\/yoast.com\/product\/yoast-seo-wordpress\/ -->\n<title>Hyv\u00e4ksymis-\/allekirjoituskierto Twebiss\u00e4 - Asianhallinta<\/title>\n<meta name=\"robots\" content=\"index, follow, max-snippet:-1, max-image-preview:large, max-video-preview:-1\" \/>\n<link rel=\"canonical\" href=\"https:\/\/help.jamk.fi\/asianhallinta\/fi\/6-allekirjoittaminen-hyvaksyminen-saapunut-toimeksianto\/6-2-hyvaksymis-allekirjoituskierto\/\" \/>\n<meta property=\"og:locale\" content=\"fi_FI\" \/>\n<meta property=\"og:type\" content=\"article\" \/>\n<meta property=\"og:title\" content=\"Hyv\u00e4ksymis-\/allekirjoituskierto Twebiss\u00e4 - Asianhallinta\" \/>\n<meta property=\"og:description\" content=\"Asiakirja voidaan l\u00e4hett\u00e4\u00e4 asiakirjakierrolla usealle henkil\u00f6lle ketjutettuna hyv\u00e4ksytt\u00e4v\u00e4ksi\/allekirjoitettavaksi. Asiakirjakierto etenee aina sit\u00e4 mukaa, kuin kierron vaiheet suoritetaan kierrolle m\u00e4\u00e4riteltyjen k\u00e4sittelij\u00f6iden toimesta. Mik\u00e4li joku kiertoon m\u00e4\u00e4ritetty hylk\u00e4\u00e4 toimenpiteen, palautuu asiakirja kierron k\u00e4ynnist\u00e4j\u00e4lle.&nbsp; Kierron k\u00e4ynnist\u00e4j\u00e4 saa aina ilmoituksen, jos asiakirja hyl\u00e4t\u00e4\u00e4n tai viimeinen m\u00e4\u00e4ritetty toimenpide tehd\u00e4\u00e4n. Jos kierto katkeaa, seuraavaksi m\u00e4\u00e4ritetty ei saa ilmoitusta tekem\u00e4tt\u00e4 j\u00e4\u00e4neest\u00e4 toimenpiteest\u00e4. [&hellip;]\" \/>\n<meta property=\"og:url\" content=\"https:\/\/help.jamk.fi\/asianhallinta\/fi\/6-allekirjoittaminen-hyvaksyminen-saapunut-toimeksianto\/6-2-hyvaksymis-allekirjoituskierto\/\" \/>\n<meta property=\"og:site_name\" content=\"Asianhallinta\" \/>\n<meta property=\"article:modified_time\" content=\"2024-01-09T11:52:06+00:00\" \/>\n<meta property=\"og:image\" content=\"https:\/\/help.jamk.fi\/asiakirjahallinto\/wp-content\/uploads\/sites\/53\/2023\/07\/asiakirjakierto.jpg\" \/>\n<meta name=\"twitter:card\" content=\"summary_large_image\" \/>\n<meta name=\"twitter:label1\" content=\"Arvioitu lukuaika\" \/>\n\t<meta name=\"twitter:data1\" content=\"2 minuuttia\" \/>\n<script type=\"application\/ld+json\" class=\"yoast-schema-graph\">{\"@context\":\"https:\\\/\\\/schema.org\",\"@graph\":[{\"@type\":\"WebPage\",\"@id\":\"https:\\\/\\\/help.jamk.fi\\\/asianhallinta\\\/fi\\\/6-allekirjoittaminen-hyvaksyminen-saapunut-toimeksianto\\\/6-2-hyvaksymis-allekirjoituskierto\\\/\",\"url\":\"https:\\\/\\\/help.jamk.fi\\\/asianhallinta\\\/fi\\\/6-allekirjoittaminen-hyvaksyminen-saapunut-toimeksianto\\\/6-2-hyvaksymis-allekirjoituskierto\\\/\",\"name\":\"Hyv\u00e4ksymis-\\\/allekirjoituskierto Twebiss\u00e4 - Asianhallinta\",\"isPartOf\":{\"@id\":\"https:\\\/\\\/help.jamk.fi\\\/asianhallinta\\\/#website\"},\"primaryImageOfPage\":{\"@id\":\"https:\\\/\\\/help.jamk.fi\\\/asianhallinta\\\/fi\\\/6-allekirjoittaminen-hyvaksyminen-saapunut-toimeksianto\\\/6-2-hyvaksymis-allekirjoituskierto\\\/#primaryimage\"},\"image\":{\"@id\":\"https:\\\/\\\/help.jamk.fi\\\/asianhallinta\\\/fi\\\/6-allekirjoittaminen-hyvaksyminen-saapunut-toimeksianto\\\/6-2-hyvaksymis-allekirjoituskierto\\\/#primaryimage\"},\"thumbnailUrl\":\"https:\\\/\\\/help.jamk.fi\\\/asiakirjahallinto\\\/wp-content\\\/uploads\\\/sites\\\/53\\\/2023\\\/07\\\/asiakirjakierto.jpg\",\"datePublished\":\"2012-12-18T11:30:56+00:00\",\"dateModified\":\"2024-01-09T11:52:06+00:00\",\"breadcrumb\":{\"@id\":\"https:\\\/\\\/help.jamk.fi\\\/asianhallinta\\\/fi\\\/6-allekirjoittaminen-hyvaksyminen-saapunut-toimeksianto\\\/6-2-hyvaksymis-allekirjoituskierto\\\/#breadcrumb\"},\"inLanguage\":\"fi\",\"potentialAction\":[{\"@type\":\"ReadAction\",\"target\":[\"https:\\\/\\\/help.jamk.fi\\\/asianhallinta\\\/fi\\\/6-allekirjoittaminen-hyvaksyminen-saapunut-toimeksianto\\\/6-2-hyvaksymis-allekirjoituskierto\\\/\"]}]},{\"@type\":\"ImageObject\",\"inLanguage\":\"fi\",\"@id\":\"https:\\\/\\\/help.jamk.fi\\\/asianhallinta\\\/fi\\\/6-allekirjoittaminen-hyvaksyminen-saapunut-toimeksianto\\\/6-2-hyvaksymis-allekirjoituskierto\\\/#primaryimage\",\"url\":\"https:\\\/\\\/help.jamk.fi\\\/asiakirjahallinto\\\/wp-content\\\/uploads\\\/sites\\\/53\\\/2023\\\/07\\\/asiakirjakierto.jpg\",\"contentUrl\":\"https:\\\/\\\/help.jamk.fi\\\/asiakirjahallinto\\\/wp-content\\\/uploads\\\/sites\\\/53\\\/2023\\\/07\\\/asiakirjakierto.jpg\"},{\"@type\":\"BreadcrumbList\",\"@id\":\"https:\\\/\\\/help.jamk.fi\\\/asianhallinta\\\/fi\\\/6-allekirjoittaminen-hyvaksyminen-saapunut-toimeksianto\\\/6-2-hyvaksymis-allekirjoituskierto\\\/#breadcrumb\",\"itemListElement\":[{\"@type\":\"ListItem\",\"position\":1,\"name\":\"Etusivu\",\"item\":\"https:\\\/\\\/help.jamk.fi\\\/asianhallinta\\\/\"},{\"@type\":\"ListItem\",\"position\":2,\"name\":\"5 Allekirjoitus, hyv\u00e4ksyminen\",\"item\":\"https:\\\/\\\/help.jamk.fi\\\/asianhallinta\\\/fi\\\/6-allekirjoittaminen-hyvaksyminen-saapunut-toimeksianto\\\/\"},{\"@type\":\"ListItem\",\"position\":3,\"name\":\"Hyv\u00e4ksymis-\\\/allekirjoituskierto Twebiss\u00e4\"}]},{\"@type\":\"WebSite\",\"@id\":\"https:\\\/\\\/help.jamk.fi\\\/asianhallinta\\\/#website\",\"url\":\"https:\\\/\\\/help.jamk.fi\\\/asianhallinta\\\/\",\"name\":\"Asianhallinta\",\"description\":\"\",\"potentialAction\":[{\"@type\":\"SearchAction\",\"target\":{\"@type\":\"EntryPoint\",\"urlTemplate\":\"https:\\\/\\\/help.jamk.fi\\\/asianhallinta\\\/?s={search_term_string}\"},\"query-input\":{\"@type\":\"PropertyValueSpecification\",\"valueRequired\":true,\"valueName\":\"search_term_string\"}}],\"inLanguage\":\"fi\"}]}<\/script>\n<!-- \/ Yoast SEO plugin. -->","yoast_head_json":{"title":"Hyv\u00e4ksymis-\/allekirjoituskierto Twebiss\u00e4 - Asianhallinta","robots":{"index":"index","follow":"follow","max-snippet":"max-snippet:-1","max-image-preview":"max-image-preview:large","max-video-preview":"max-video-preview:-1"},"canonical":"https:\/\/help.jamk.fi\/asianhallinta\/fi\/6-allekirjoittaminen-hyvaksyminen-saapunut-toimeksianto\/6-2-hyvaksymis-allekirjoituskierto\/","og_locale":"fi_FI","og_type":"article","og_title":"Hyv\u00e4ksymis-\/allekirjoituskierto Twebiss\u00e4 - Asianhallinta","og_description":"Asiakirja voidaan l\u00e4hett\u00e4\u00e4 asiakirjakierrolla usealle henkil\u00f6lle ketjutettuna hyv\u00e4ksytt\u00e4v\u00e4ksi\/allekirjoitettavaksi. Asiakirjakierto etenee aina sit\u00e4 mukaa, kuin kierron vaiheet suoritetaan kierrolle m\u00e4\u00e4riteltyjen k\u00e4sittelij\u00f6iden toimesta. Mik\u00e4li joku kiertoon m\u00e4\u00e4ritetty hylk\u00e4\u00e4 toimenpiteen, palautuu asiakirja kierron k\u00e4ynnist\u00e4j\u00e4lle.&nbsp; Kierron k\u00e4ynnist\u00e4j\u00e4 saa aina ilmoituksen, jos asiakirja hyl\u00e4t\u00e4\u00e4n tai viimeinen m\u00e4\u00e4ritetty toimenpide tehd\u00e4\u00e4n. Jos kierto katkeaa, seuraavaksi m\u00e4\u00e4ritetty ei saa ilmoitusta tekem\u00e4tt\u00e4 j\u00e4\u00e4neest\u00e4 toimenpiteest\u00e4. [&hellip;]","og_url":"https:\/\/help.jamk.fi\/asianhallinta\/fi\/6-allekirjoittaminen-hyvaksyminen-saapunut-toimeksianto\/6-2-hyvaksymis-allekirjoituskierto\/","og_site_name":"Asianhallinta","article_modified_time":"2024-01-09T11:52:06+00:00","og_image":[{"url":"https:\/\/help.jamk.fi\/asiakirjahallinto\/wp-content\/uploads\/sites\/53\/2023\/07\/asiakirjakierto.jpg","type":"","width":"","height":""}],"twitter_card":"summary_large_image","twitter_misc":{"Arvioitu lukuaika":"2 minuuttia"},"schema":{"@context":"https:\/\/schema.org","@graph":[{"@type":"WebPage","@id":"https:\/\/help.jamk.fi\/asianhallinta\/fi\/6-allekirjoittaminen-hyvaksyminen-saapunut-toimeksianto\/6-2-hyvaksymis-allekirjoituskierto\/","url":"https:\/\/help.jamk.fi\/asianhallinta\/fi\/6-allekirjoittaminen-hyvaksyminen-saapunut-toimeksianto\/6-2-hyvaksymis-allekirjoituskierto\/","name":"Hyv\u00e4ksymis-\/allekirjoituskierto Twebiss\u00e4 - Asianhallinta","isPartOf":{"@id":"https:\/\/help.jamk.fi\/asianhallinta\/#website"},"primaryImageOfPage":{"@id":"https:\/\/help.jamk.fi\/asianhallinta\/fi\/6-allekirjoittaminen-hyvaksyminen-saapunut-toimeksianto\/6-2-hyvaksymis-allekirjoituskierto\/#primaryimage"},"image":{"@id":"https:\/\/help.jamk.fi\/asianhallinta\/fi\/6-allekirjoittaminen-hyvaksyminen-saapunut-toimeksianto\/6-2-hyvaksymis-allekirjoituskierto\/#primaryimage"},"thumbnailUrl":"https:\/\/help.jamk.fi\/asiakirjahallinto\/wp-content\/uploads\/sites\/53\/2023\/07\/asiakirjakierto.jpg","datePublished":"2012-12-18T11:30:56+00:00","dateModified":"2024-01-09T11:52:06+00:00","breadcrumb":{"@id":"https:\/\/help.jamk.fi\/asianhallinta\/fi\/6-allekirjoittaminen-hyvaksyminen-saapunut-toimeksianto\/6-2-hyvaksymis-allekirjoituskierto\/#breadcrumb"},"inLanguage":"fi","potentialAction":[{"@type":"ReadAction","target":["https:\/\/help.jamk.fi\/asianhallinta\/fi\/6-allekirjoittaminen-hyvaksyminen-saapunut-toimeksianto\/6-2-hyvaksymis-allekirjoituskierto\/"]}]},{"@type":"ImageObject","inLanguage":"fi","@id":"https:\/\/help.jamk.fi\/asianhallinta\/fi\/6-allekirjoittaminen-hyvaksyminen-saapunut-toimeksianto\/6-2-hyvaksymis-allekirjoituskierto\/#primaryimage","url":"https:\/\/help.jamk.fi\/asiakirjahallinto\/wp-content\/uploads\/sites\/53\/2023\/07\/asiakirjakierto.jpg","contentUrl":"https:\/\/help.jamk.fi\/asiakirjahallinto\/wp-content\/uploads\/sites\/53\/2023\/07\/asiakirjakierto.jpg"},{"@type":"BreadcrumbList","@id":"https:\/\/help.jamk.fi\/asianhallinta\/fi\/6-allekirjoittaminen-hyvaksyminen-saapunut-toimeksianto\/6-2-hyvaksymis-allekirjoituskierto\/#breadcrumb","itemListElement":[{"@type":"ListItem","position":1,"name":"Etusivu","item":"https:\/\/help.jamk.fi\/asianhallinta\/"},{"@type":"ListItem","position":2,"name":"5 Allekirjoitus, hyv\u00e4ksyminen","item":"https:\/\/help.jamk.fi\/asianhallinta\/fi\/6-allekirjoittaminen-hyvaksyminen-saapunut-toimeksianto\/"},{"@type":"ListItem","position":3,"name":"Hyv\u00e4ksymis-\/allekirjoituskierto Twebiss\u00e4"}]},{"@type":"WebSite","@id":"https:\/\/help.jamk.fi\/asianhallinta\/#website","url":"https:\/\/help.jamk.fi\/asianhallinta\/","name":"Asianhallinta","description":"","potentialAction":[{"@type":"SearchAction","target":{"@type":"EntryPoint","urlTemplate":"https:\/\/help.jamk.fi\/asianhallinta\/?s={search_term_string}"},"query-input":{"@type":"PropertyValueSpecification","valueRequired":true,"valueName":"search_term_string"}}],"inLanguage":"fi"}]}},"_links":{"self":[{"href":"https:\/\/help.jamk.fi\/asianhallinta\/wp-json\/wp\/v2\/pages\/210","targetHints":{"allow":["GET"]}}],"collection":[{"href":"https:\/\/help.jamk.fi\/asianhallinta\/wp-json\/wp\/v2\/pages"}],"about":[{"href":"https:\/\/help.jamk.fi\/asianhallinta\/wp-json\/wp\/v2\/types\/page"}],"author":[{"embeddable":true,"href":"https:\/\/help.jamk.fi\/asianhallinta\/wp-json\/wp\/v2\/users\/94"}],"replies":[{"embeddable":true,"href":"https:\/\/help.jamk.fi\/asianhallinta\/wp-json\/wp\/v2\/comments?post=210"}],"version-history":[{"count":6,"href":"https:\/\/help.jamk.fi\/asianhallinta\/wp-json\/wp\/v2\/pages\/210\/revisions"}],"predecessor-version":[{"id":1829,"href":"https:\/\/help.jamk.fi\/asianhallinta\/wp-json\/wp\/v2\/pages\/210\/revisions\/1829"}],"up":[{"embeddable":true,"href":"https:\/\/help.jamk.fi\/asianhallinta\/wp-json\/wp\/v2\/pages\/198"}],"wp:attachment":[{"href":"https:\/\/help.jamk.fi\/asianhallinta\/wp-json\/wp\/v2\/media?parent=210"}],"wp:term":[{"taxonomy":"category","embeddable":true,"href":"https:\/\/help.jamk.fi\/asianhallinta\/wp-json\/wp\/v2\/categories?post=210"},{"taxonomy":"post_tag","embeddable":true,"href":"https:\/\/help.jamk.fi\/asianhallinta\/wp-json\/wp\/v2\/tags?post=210"}],"curies":[{"name":"wp","href":"https:\/\/api.w.org\/{rel}","templated":true}]}}