{"id":222,"date":"2013-02-11T09:15:06","date_gmt":"2013-02-11T07:15:06","guid":{"rendered":"https:\/\/help.jamk.fi\/asiakirjahallinto\/esimerkkisivu\/6-allekirjoittaminen-hyvaksyminen-saapunut-toimeksianto\/asiakirjan-hyvaksyminen-ja-allekirjoittaminen-itse\/"},"modified":"2023-12-21T12:14:18","modified_gmt":"2023-12-21T10:14:18","slug":"asiakirjan-hyvaksyminen-ja-allekirjoittaminen-itse","status":"publish","type":"page","link":"https:\/\/help.jamk.fi\/asianhallinta\/fi\/6-allekirjoittaminen-hyvaksyminen-saapunut-toimeksianto\/asiakirjan-hyvaksyminen-ja-allekirjoittaminen-itse\/","title":{"rendered":"Asiakirjan hyv\u00e4ksyminen ja allekirjoittaminen itse"},"content":{"rendered":"\n<p>Kun haluat hyv\u00e4ksy\u00e4 laatimasi asiakirjan, paina <strong><em>Varaa<\/em><\/strong>-painiketta asiakirjan <em>Perustiedot<\/em>-v\u00e4lilehdell\u00e4.<\/p>\n\n\n<div class=\"wp-block-image\">\n<figure class=\"aligncenter\"><img decoding=\"async\" src=\"https:\/\/help.jamk.fi\/asiakirjahallinto\/wp-content\/uploads\/sites\/53\/2023\/07\/varaa-asiakirja.jpg\" alt=\"\" class=\"wp-image-369\"\/><\/figure>\n<\/div>\n\n\n<p>Klikkaa <strong><em>Hyv\u00e4ksy<\/em><\/strong>-painiketta. Asiakirjan muuttuu <em>Luonnoksesta Hyv\u00e4ksytyksi<\/em> ja asiakirjan versionumeroksi esim. 1.0. Jos muokkaat hyv\u00e4ksytty\u00e4 asiakirjaa, muuttuu se takaisin luonnokseksi.<\/p>\n\n\n<div class=\"wp-block-image\">\n<figure class=\"aligncenter\"><img decoding=\"async\" src=\"https:\/\/help.jamk.fi\/asiakirjahallinto\/wp-content\/uploads\/sites\/53\/2023\/07\/hyvaksy-valikko1.jpg\" alt=\"\" class=\"wp-image-371\"\/><\/figure>\n<\/div>\n\n\n<p>Kun asiakirja on hyv\u00e4ksytty, asiakirjan omistajan oikeudet omaava&nbsp; voi allekirjoittaa asiakirjan. Paina <strong><em>Varaa<\/em><\/strong> -painiketta ohjeen ensimm\u00e4isen kuvan mukaisesti asiakirjan <em>Perustiedot <\/em>-v\u00e4lilehdell\u00e4. Paina <strong><em>Allekirjoita<\/em><\/strong> -painiketta. Asiakirjan tila -metatieto muuttuu allekirjoitetuksi. Jos muokkaat allekirjoitettua asiakirjaa, muuttuu se takaisin luonnokseksi.<\/p>\n\n\n<div class=\"wp-block-image\">\n<figure class=\"aligncenter\"><img decoding=\"async\" src=\"https:\/\/help.jamk.fi\/asiakirjahallinto\/wp-content\/uploads\/sites\/53\/2023\/07\/Allekirjoitus.jpg\" alt=\"\" class=\"wp-image-372\"\/><\/figure>\n<\/div>","protected":false},"excerpt":{"rendered":"<p>Kun haluat hyv\u00e4ksy\u00e4 laatimasi asiakirjan, paina Varaa-painiketta asiakirjan Perustiedot-v\u00e4lilehdell\u00e4. Klikkaa Hyv\u00e4ksy-painiketta. Asiakirjan muuttuu Luonnoksesta Hyv\u00e4ksytyksi ja asiakirjan versionumeroksi esim. 1.0. Jos muokkaat hyv\u00e4ksytty\u00e4 asiakirjaa, muuttuu se takaisin luonnokseksi. Kun asiakirja on hyv\u00e4ksytty, asiakirjan omistajan oikeudet omaava&nbsp; voi allekirjoittaa asiakirjan. Paina Varaa -painiketta ohjeen ensimm\u00e4isen kuvan mukaisesti asiakirjan Perustiedot -v\u00e4lilehdell\u00e4. Paina Allekirjoita -painiketta. Asiakirjan tila -metatieto [&hellip;]<\/p>\n","protected":false},"author":94,"featured_media":0,"parent":198,"menu_order":613,"comment_status":"closed","ping_status":"closed","template":"","meta":{"_acf_changed":false,"_relevanssi_hide_post":"","_relevanssi_hide_content":"","_relevanssi_pin_for_all":"","_relevanssi_pin_keywords":"","_relevanssi_unpin_keywords":"","_relevanssi_related_keywords":"","_relevanssi_related_include_ids":"","_relevanssi_related_exclude_ids":"","_relevanssi_related_no_append":"","_relevanssi_related_not_related":"","_relevanssi_related_posts":"","_relevanssi_noindex_reason":"","footnotes":""},"categories":[],"tags":[491,453,75,611,493],"class_list":["post-222","page","type-page","status-publish","hentry","tag-allekirjoittaminen-fi","tag-allekirjoitus-fi","tag-asiakirja","tag-hyvaksy-fi","tag-hyvaksyminen-fi"],"acf":[],"yoast_head":"<!-- This site is optimized with the Yoast SEO plugin v27.3 - https:\/\/yoast.com\/product\/yoast-seo-wordpress\/ -->\n<title>Asiakirjan hyv\u00e4ksyminen ja allekirjoittaminen itse - Asianhallinta<\/title>\n<meta name=\"robots\" content=\"index, follow, max-snippet:-1, max-image-preview:large, max-video-preview:-1\" \/>\n<link rel=\"canonical\" href=\"https:\/\/help.jamk.fi\/asianhallinta\/fi\/6-allekirjoittaminen-hyvaksyminen-saapunut-toimeksianto\/asiakirjan-hyvaksyminen-ja-allekirjoittaminen-itse\/\" \/>\n<meta property=\"og:locale\" content=\"fi_FI\" \/>\n<meta property=\"og:type\" content=\"article\" \/>\n<meta property=\"og:title\" content=\"Asiakirjan hyv\u00e4ksyminen ja allekirjoittaminen itse - Asianhallinta\" \/>\n<meta property=\"og:description\" content=\"Kun haluat hyv\u00e4ksy\u00e4 laatimasi asiakirjan, paina Varaa-painiketta asiakirjan Perustiedot-v\u00e4lilehdell\u00e4. Klikkaa Hyv\u00e4ksy-painiketta. Asiakirjan muuttuu Luonnoksesta Hyv\u00e4ksytyksi ja asiakirjan versionumeroksi esim. 1.0. Jos muokkaat hyv\u00e4ksytty\u00e4 asiakirjaa, muuttuu se takaisin luonnokseksi. Kun asiakirja on hyv\u00e4ksytty, asiakirjan omistajan oikeudet omaava&nbsp; voi allekirjoittaa asiakirjan. Paina Varaa -painiketta ohjeen ensimm\u00e4isen kuvan mukaisesti asiakirjan Perustiedot -v\u00e4lilehdell\u00e4. Paina Allekirjoita -painiketta. Asiakirjan tila -metatieto [&hellip;]\" \/>\n<meta property=\"og:url\" content=\"https:\/\/help.jamk.fi\/asianhallinta\/fi\/6-allekirjoittaminen-hyvaksyminen-saapunut-toimeksianto\/asiakirjan-hyvaksyminen-ja-allekirjoittaminen-itse\/\" \/>\n<meta property=\"og:site_name\" content=\"Asianhallinta\" \/>\n<meta property=\"article:modified_time\" content=\"2023-12-21T10:14:18+00:00\" \/>\n<meta property=\"og:image\" content=\"https:\/\/help.jamk.fi\/asiakirjahallinto\/wp-content\/uploads\/sites\/53\/2023\/07\/varaa-asiakirja.jpg\" \/>\n<meta name=\"twitter:card\" content=\"summary_large_image\" \/>\n<meta name=\"twitter:label1\" content=\"Arvioitu lukuaika\" \/>\n\t<meta name=\"twitter:data1\" content=\"2 minuuttia\" \/>\n<script type=\"application\/ld+json\" class=\"yoast-schema-graph\">{\"@context\":\"https:\\\/\\\/schema.org\",\"@graph\":[{\"@type\":\"WebPage\",\"@id\":\"https:\\\/\\\/help.jamk.fi\\\/asianhallinta\\\/fi\\\/6-allekirjoittaminen-hyvaksyminen-saapunut-toimeksianto\\\/asiakirjan-hyvaksyminen-ja-allekirjoittaminen-itse\\\/\",\"url\":\"https:\\\/\\\/help.jamk.fi\\\/asianhallinta\\\/fi\\\/6-allekirjoittaminen-hyvaksyminen-saapunut-toimeksianto\\\/asiakirjan-hyvaksyminen-ja-allekirjoittaminen-itse\\\/\",\"name\":\"Asiakirjan hyv\u00e4ksyminen ja allekirjoittaminen itse - Asianhallinta\",\"isPartOf\":{\"@id\":\"https:\\\/\\\/help.jamk.fi\\\/asianhallinta\\\/#website\"},\"primaryImageOfPage\":{\"@id\":\"https:\\\/\\\/help.jamk.fi\\\/asianhallinta\\\/fi\\\/6-allekirjoittaminen-hyvaksyminen-saapunut-toimeksianto\\\/asiakirjan-hyvaksyminen-ja-allekirjoittaminen-itse\\\/#primaryimage\"},\"image\":{\"@id\":\"https:\\\/\\\/help.jamk.fi\\\/asianhallinta\\\/fi\\\/6-allekirjoittaminen-hyvaksyminen-saapunut-toimeksianto\\\/asiakirjan-hyvaksyminen-ja-allekirjoittaminen-itse\\\/#primaryimage\"},\"thumbnailUrl\":\"https:\\\/\\\/help.jamk.fi\\\/asiakirjahallinto\\\/wp-content\\\/uploads\\\/sites\\\/53\\\/2023\\\/07\\\/varaa-asiakirja.jpg\",\"datePublished\":\"2013-02-11T07:15:06+00:00\",\"dateModified\":\"2023-12-21T10:14:18+00:00\",\"breadcrumb\":{\"@id\":\"https:\\\/\\\/help.jamk.fi\\\/asianhallinta\\\/fi\\\/6-allekirjoittaminen-hyvaksyminen-saapunut-toimeksianto\\\/asiakirjan-hyvaksyminen-ja-allekirjoittaminen-itse\\\/#breadcrumb\"},\"inLanguage\":\"fi\",\"potentialAction\":[{\"@type\":\"ReadAction\",\"target\":[\"https:\\\/\\\/help.jamk.fi\\\/asianhallinta\\\/fi\\\/6-allekirjoittaminen-hyvaksyminen-saapunut-toimeksianto\\\/asiakirjan-hyvaksyminen-ja-allekirjoittaminen-itse\\\/\"]}]},{\"@type\":\"ImageObject\",\"inLanguage\":\"fi\",\"@id\":\"https:\\\/\\\/help.jamk.fi\\\/asianhallinta\\\/fi\\\/6-allekirjoittaminen-hyvaksyminen-saapunut-toimeksianto\\\/asiakirjan-hyvaksyminen-ja-allekirjoittaminen-itse\\\/#primaryimage\",\"url\":\"https:\\\/\\\/help.jamk.fi\\\/asiakirjahallinto\\\/wp-content\\\/uploads\\\/sites\\\/53\\\/2023\\\/07\\\/varaa-asiakirja.jpg\",\"contentUrl\":\"https:\\\/\\\/help.jamk.fi\\\/asiakirjahallinto\\\/wp-content\\\/uploads\\\/sites\\\/53\\\/2023\\\/07\\\/varaa-asiakirja.jpg\"},{\"@type\":\"BreadcrumbList\",\"@id\":\"https:\\\/\\\/help.jamk.fi\\\/asianhallinta\\\/fi\\\/6-allekirjoittaminen-hyvaksyminen-saapunut-toimeksianto\\\/asiakirjan-hyvaksyminen-ja-allekirjoittaminen-itse\\\/#breadcrumb\",\"itemListElement\":[{\"@type\":\"ListItem\",\"position\":1,\"name\":\"Etusivu\",\"item\":\"https:\\\/\\\/help.jamk.fi\\\/asianhallinta\\\/\"},{\"@type\":\"ListItem\",\"position\":2,\"name\":\"5 Allekirjoitus, hyv\u00e4ksyminen\",\"item\":\"https:\\\/\\\/help.jamk.fi\\\/asianhallinta\\\/fi\\\/6-allekirjoittaminen-hyvaksyminen-saapunut-toimeksianto\\\/\"},{\"@type\":\"ListItem\",\"position\":3,\"name\":\"Asiakirjan hyv\u00e4ksyminen ja allekirjoittaminen itse\"}]},{\"@type\":\"WebSite\",\"@id\":\"https:\\\/\\\/help.jamk.fi\\\/asianhallinta\\\/#website\",\"url\":\"https:\\\/\\\/help.jamk.fi\\\/asianhallinta\\\/\",\"name\":\"Asianhallinta\",\"description\":\"\",\"potentialAction\":[{\"@type\":\"SearchAction\",\"target\":{\"@type\":\"EntryPoint\",\"urlTemplate\":\"https:\\\/\\\/help.jamk.fi\\\/asianhallinta\\\/?s={search_term_string}\"},\"query-input\":{\"@type\":\"PropertyValueSpecification\",\"valueRequired\":true,\"valueName\":\"search_term_string\"}}],\"inLanguage\":\"fi\"}]}<\/script>\n<!-- \/ Yoast SEO plugin. -->","yoast_head_json":{"title":"Asiakirjan hyv\u00e4ksyminen ja allekirjoittaminen itse - Asianhallinta","robots":{"index":"index","follow":"follow","max-snippet":"max-snippet:-1","max-image-preview":"max-image-preview:large","max-video-preview":"max-video-preview:-1"},"canonical":"https:\/\/help.jamk.fi\/asianhallinta\/fi\/6-allekirjoittaminen-hyvaksyminen-saapunut-toimeksianto\/asiakirjan-hyvaksyminen-ja-allekirjoittaminen-itse\/","og_locale":"fi_FI","og_type":"article","og_title":"Asiakirjan hyv\u00e4ksyminen ja allekirjoittaminen itse - Asianhallinta","og_description":"Kun haluat hyv\u00e4ksy\u00e4 laatimasi asiakirjan, paina Varaa-painiketta asiakirjan Perustiedot-v\u00e4lilehdell\u00e4. Klikkaa Hyv\u00e4ksy-painiketta. Asiakirjan muuttuu Luonnoksesta Hyv\u00e4ksytyksi ja asiakirjan versionumeroksi esim. 1.0. Jos muokkaat hyv\u00e4ksytty\u00e4 asiakirjaa, muuttuu se takaisin luonnokseksi. Kun asiakirja on hyv\u00e4ksytty, asiakirjan omistajan oikeudet omaava&nbsp; voi allekirjoittaa asiakirjan. Paina Varaa -painiketta ohjeen ensimm\u00e4isen kuvan mukaisesti asiakirjan Perustiedot -v\u00e4lilehdell\u00e4. Paina Allekirjoita -painiketta. Asiakirjan tila -metatieto [&hellip;]","og_url":"https:\/\/help.jamk.fi\/asianhallinta\/fi\/6-allekirjoittaminen-hyvaksyminen-saapunut-toimeksianto\/asiakirjan-hyvaksyminen-ja-allekirjoittaminen-itse\/","og_site_name":"Asianhallinta","article_modified_time":"2023-12-21T10:14:18+00:00","og_image":[{"url":"https:\/\/help.jamk.fi\/asiakirjahallinto\/wp-content\/uploads\/sites\/53\/2023\/07\/varaa-asiakirja.jpg","type":"","width":"","height":""}],"twitter_card":"summary_large_image","twitter_misc":{"Arvioitu lukuaika":"2 minuuttia"},"schema":{"@context":"https:\/\/schema.org","@graph":[{"@type":"WebPage","@id":"https:\/\/help.jamk.fi\/asianhallinta\/fi\/6-allekirjoittaminen-hyvaksyminen-saapunut-toimeksianto\/asiakirjan-hyvaksyminen-ja-allekirjoittaminen-itse\/","url":"https:\/\/help.jamk.fi\/asianhallinta\/fi\/6-allekirjoittaminen-hyvaksyminen-saapunut-toimeksianto\/asiakirjan-hyvaksyminen-ja-allekirjoittaminen-itse\/","name":"Asiakirjan hyv\u00e4ksyminen ja allekirjoittaminen itse - Asianhallinta","isPartOf":{"@id":"https:\/\/help.jamk.fi\/asianhallinta\/#website"},"primaryImageOfPage":{"@id":"https:\/\/help.jamk.fi\/asianhallinta\/fi\/6-allekirjoittaminen-hyvaksyminen-saapunut-toimeksianto\/asiakirjan-hyvaksyminen-ja-allekirjoittaminen-itse\/#primaryimage"},"image":{"@id":"https:\/\/help.jamk.fi\/asianhallinta\/fi\/6-allekirjoittaminen-hyvaksyminen-saapunut-toimeksianto\/asiakirjan-hyvaksyminen-ja-allekirjoittaminen-itse\/#primaryimage"},"thumbnailUrl":"https:\/\/help.jamk.fi\/asiakirjahallinto\/wp-content\/uploads\/sites\/53\/2023\/07\/varaa-asiakirja.jpg","datePublished":"2013-02-11T07:15:06+00:00","dateModified":"2023-12-21T10:14:18+00:00","breadcrumb":{"@id":"https:\/\/help.jamk.fi\/asianhallinta\/fi\/6-allekirjoittaminen-hyvaksyminen-saapunut-toimeksianto\/asiakirjan-hyvaksyminen-ja-allekirjoittaminen-itse\/#breadcrumb"},"inLanguage":"fi","potentialAction":[{"@type":"ReadAction","target":["https:\/\/help.jamk.fi\/asianhallinta\/fi\/6-allekirjoittaminen-hyvaksyminen-saapunut-toimeksianto\/asiakirjan-hyvaksyminen-ja-allekirjoittaminen-itse\/"]}]},{"@type":"ImageObject","inLanguage":"fi","@id":"https:\/\/help.jamk.fi\/asianhallinta\/fi\/6-allekirjoittaminen-hyvaksyminen-saapunut-toimeksianto\/asiakirjan-hyvaksyminen-ja-allekirjoittaminen-itse\/#primaryimage","url":"https:\/\/help.jamk.fi\/asiakirjahallinto\/wp-content\/uploads\/sites\/53\/2023\/07\/varaa-asiakirja.jpg","contentUrl":"https:\/\/help.jamk.fi\/asiakirjahallinto\/wp-content\/uploads\/sites\/53\/2023\/07\/varaa-asiakirja.jpg"},{"@type":"BreadcrumbList","@id":"https:\/\/help.jamk.fi\/asianhallinta\/fi\/6-allekirjoittaminen-hyvaksyminen-saapunut-toimeksianto\/asiakirjan-hyvaksyminen-ja-allekirjoittaminen-itse\/#breadcrumb","itemListElement":[{"@type":"ListItem","position":1,"name":"Etusivu","item":"https:\/\/help.jamk.fi\/asianhallinta\/"},{"@type":"ListItem","position":2,"name":"5 Allekirjoitus, hyv\u00e4ksyminen","item":"https:\/\/help.jamk.fi\/asianhallinta\/fi\/6-allekirjoittaminen-hyvaksyminen-saapunut-toimeksianto\/"},{"@type":"ListItem","position":3,"name":"Asiakirjan hyv\u00e4ksyminen ja allekirjoittaminen itse"}]},{"@type":"WebSite","@id":"https:\/\/help.jamk.fi\/asianhallinta\/#website","url":"https:\/\/help.jamk.fi\/asianhallinta\/","name":"Asianhallinta","description":"","potentialAction":[{"@type":"SearchAction","target":{"@type":"EntryPoint","urlTemplate":"https:\/\/help.jamk.fi\/asianhallinta\/?s={search_term_string}"},"query-input":{"@type":"PropertyValueSpecification","valueRequired":true,"valueName":"search_term_string"}}],"inLanguage":"fi"}]}},"_links":{"self":[{"href":"https:\/\/help.jamk.fi\/asianhallinta\/wp-json\/wp\/v2\/pages\/222","targetHints":{"allow":["GET"]}}],"collection":[{"href":"https:\/\/help.jamk.fi\/asianhallinta\/wp-json\/wp\/v2\/pages"}],"about":[{"href":"https:\/\/help.jamk.fi\/asianhallinta\/wp-json\/wp\/v2\/types\/page"}],"author":[{"embeddable":true,"href":"https:\/\/help.jamk.fi\/asianhallinta\/wp-json\/wp\/v2\/users\/94"}],"replies":[{"embeddable":true,"href":"https:\/\/help.jamk.fi\/asianhallinta\/wp-json\/wp\/v2\/comments?post=222"}],"version-history":[{"count":3,"href":"https:\/\/help.jamk.fi\/asianhallinta\/wp-json\/wp\/v2\/pages\/222\/revisions"}],"predecessor-version":[{"id":1773,"href":"https:\/\/help.jamk.fi\/asianhallinta\/wp-json\/wp\/v2\/pages\/222\/revisions\/1773"}],"up":[{"embeddable":true,"href":"https:\/\/help.jamk.fi\/asianhallinta\/wp-json\/wp\/v2\/pages\/198"}],"wp:attachment":[{"href":"https:\/\/help.jamk.fi\/asianhallinta\/wp-json\/wp\/v2\/media?parent=222"}],"wp:term":[{"taxonomy":"category","embeddable":true,"href":"https:\/\/help.jamk.fi\/asianhallinta\/wp-json\/wp\/v2\/categories?post=222"},{"taxonomy":"post_tag","embeddable":true,"href":"https:\/\/help.jamk.fi\/asianhallinta\/wp-json\/wp\/v2\/tags?post=222"}],"curies":[{"name":"wp","href":"https:\/\/api.w.org\/{rel}","templated":true}]}}