{"id":249,"date":"2012-12-13T11:36:48","date_gmt":"2012-12-13T09:36:48","guid":{"rendered":"https:\/\/help.jamk.fi\/asiakirjahallinto\/esimerkkisivu\/7-toimeksiannot\/"},"modified":"2024-01-02T09:18:22","modified_gmt":"2024-01-02T07:18:22","slug":"7-toimeksiannot","status":"publish","type":"page","link":"https:\/\/help.jamk.fi\/asianhallinta\/fi\/7-toimeksiannot\/","title":{"rendered":"6 Toimeksiannot"},"content":{"rendered":"<div class=\"wp-block-image\">\n<figure class=\"aligncenter\"><img decoding=\"async\" src=\"https:\/\/help.jamk.fi\/asiakirjahallinto\/wp-content\/uploads\/sites\/53\/2023\/07\/tweb-valikko-toimenpiteet.jpg\" alt=\"\" class=\"wp-image-151\"\/><figcaption class=\"wp-element-caption\"><strong>Toimeksiannot -valikko<\/strong><\/figcaption><\/figure>\n<\/div>\n\n\n<p>L\u00e4hetetyt ja saapuneet toimeksiannot n\u00e4kyv\u00e4t Twebin keltaisessa valikossa.&nbsp; T\u00e4st\u00e4 kohdasta l\u00f6yd\u00e4t my\u00f6s ne toimeksiannot, joista olet saanut s\u00e4hk\u00f6posti-ilmoituksen.<\/p>\n\n\n\n<p>Asiakirja voidaan l\u00e4hett\u00e4\u00e4 toimeksiantona allekirjoitettavaksi, hyv\u00e4ksytt\u00e4v\u00e4ksi, toimeksi tai tiedoksi. N\u00e4it\u00e4 kutsutaan asiakirjaan liittyviksi toimenpiteiksi.<\/p>\n\n\n\n<p><strong>Tiedoksi saapunut asiakirja<\/strong> on nimens\u00e4 mukaisesti vain tiedoksi, eik\u00e4 edellyt\u00e4 vastaanottajalta erityisi\u00e4 toimenpiteit\u00e4.<\/p>\n\n\n\n<p><strong>Toimeksi saapunut asiakirja<\/strong> edellytt\u00e4\u00e4 vastaanottajaltaan jotain teht\u00e4v\u00e4\u00e4\/suoritusta\/toimenpidett\u00e4, kuten esimerkiksi kommentointia.<\/p>\n\n\n\n<p>Toimeksiannot voidaan luoda suoraan asialta, asiakirjalta tai jo aiemmin saapuneelta toimeksiannolta.<\/p>\n","protected":false},"excerpt":{"rendered":"<p>L\u00e4hetetyt ja saapuneet toimeksiannot n\u00e4kyv\u00e4t Twebin keltaisessa valikossa.&nbsp; T\u00e4st\u00e4 kohdasta l\u00f6yd\u00e4t my\u00f6s ne toimeksiannot, joista olet saanut s\u00e4hk\u00f6posti-ilmoituksen. Asiakirja voidaan l\u00e4hett\u00e4\u00e4 toimeksiantona allekirjoitettavaksi, hyv\u00e4ksytt\u00e4v\u00e4ksi, toimeksi tai tiedoksi. N\u00e4it\u00e4 kutsutaan asiakirjaan liittyviksi toimenpiteiksi. Tiedoksi saapunut asiakirja on nimens\u00e4 mukaisesti vain tiedoksi, eik\u00e4 edellyt\u00e4 vastaanottajalta erityisi\u00e4 toimenpiteit\u00e4. Toimeksi saapunut asiakirja edellytt\u00e4\u00e4 vastaanottajaltaan jotain teht\u00e4v\u00e4\u00e4\/suoritusta\/toimenpidett\u00e4, kuten esimerkiksi kommentointia. [&hellip;]<\/p>\n","protected":false},"author":94,"featured_media":0,"parent":0,"menu_order":700,"comment_status":"closed","ping_status":"closed","template":"","meta":{"_acf_changed":false,"_relevanssi_hide_post":"","_relevanssi_hide_content":"","_relevanssi_pin_for_all":"","_relevanssi_pin_keywords":"","_relevanssi_unpin_keywords":"","_relevanssi_related_keywords":"","_relevanssi_related_include_ids":"","_relevanssi_related_exclude_ids":"","_relevanssi_related_no_append":"","_relevanssi_related_not_related":"","_relevanssi_related_posts":"","_relevanssi_noindex_reason":"","footnotes":""},"categories":[],"tags":[15,495,497,499,501,503,473,505,39],"class_list":["post-249","page","type-page","status-publish","hentry","tag-asiakirjahallinto","tag-asiakirjan-jakelu-fi","tag-jakaminen-fi","tag-jakelulista-fi","tag-lahettaminen-fi","tag-tehtavat-fi","tag-tiedoksi-fi","tag-toimeksiannot-fi","tag-tweb"],"acf":[],"yoast_head":"<!-- This site is optimized with the Yoast SEO plugin v27.4 - https:\/\/yoast.com\/product\/yoast-seo-wordpress\/ -->\n<title>6 Toimeksiannot - Asianhallinta<\/title>\n<meta name=\"robots\" content=\"index, follow, max-snippet:-1, max-image-preview:large, max-video-preview:-1\" \/>\n<link rel=\"canonical\" href=\"https:\/\/help.jamk.fi\/asianhallinta\/fi\/7-toimeksiannot\/\" \/>\n<meta property=\"og:locale\" content=\"fi_FI\" \/>\n<meta property=\"og:type\" content=\"article\" \/>\n<meta property=\"og:title\" content=\"6 Toimeksiannot - Asianhallinta\" \/>\n<meta property=\"og:description\" content=\"L\u00e4hetetyt ja saapuneet toimeksiannot n\u00e4kyv\u00e4t Twebin keltaisessa valikossa.&nbsp; T\u00e4st\u00e4 kohdasta l\u00f6yd\u00e4t my\u00f6s ne toimeksiannot, joista olet saanut s\u00e4hk\u00f6posti-ilmoituksen. Asiakirja voidaan l\u00e4hett\u00e4\u00e4 toimeksiantona allekirjoitettavaksi, hyv\u00e4ksytt\u00e4v\u00e4ksi, toimeksi tai tiedoksi. N\u00e4it\u00e4 kutsutaan asiakirjaan liittyviksi toimenpiteiksi. Tiedoksi saapunut asiakirja on nimens\u00e4 mukaisesti vain tiedoksi, eik\u00e4 edellyt\u00e4 vastaanottajalta erityisi\u00e4 toimenpiteit\u00e4. Toimeksi saapunut asiakirja edellytt\u00e4\u00e4 vastaanottajaltaan jotain teht\u00e4v\u00e4\u00e4\/suoritusta\/toimenpidett\u00e4, kuten esimerkiksi kommentointia. [&hellip;]\" \/>\n<meta property=\"og:url\" content=\"https:\/\/help.jamk.fi\/asianhallinta\/fi\/7-toimeksiannot\/\" \/>\n<meta property=\"og:site_name\" content=\"Asianhallinta\" \/>\n<meta property=\"article:modified_time\" content=\"2024-01-02T07:18:22+00:00\" \/>\n<meta property=\"og:image\" content=\"https:\/\/help.jamk.fi\/asiakirjahallinto\/wp-content\/uploads\/sites\/53\/2023\/07\/tweb-valikko-toimenpiteet.jpg\" \/>\n<meta name=\"twitter:card\" content=\"summary_large_image\" \/>\n<meta name=\"twitter:label1\" content=\"Arvioitu lukuaika\" \/>\n\t<meta name=\"twitter:data1\" content=\"1 minuutti\" \/>\n<script type=\"application\/ld+json\" class=\"yoast-schema-graph\">{\"@context\":\"https:\\\/\\\/schema.org\",\"@graph\":[{\"@type\":\"WebPage\",\"@id\":\"https:\\\/\\\/help.jamk.fi\\\/asianhallinta\\\/fi\\\/7-toimeksiannot\\\/\",\"url\":\"https:\\\/\\\/help.jamk.fi\\\/asianhallinta\\\/fi\\\/7-toimeksiannot\\\/\",\"name\":\"6 Toimeksiannot - Asianhallinta\",\"isPartOf\":{\"@id\":\"https:\\\/\\\/help.jamk.fi\\\/asianhallinta\\\/#website\"},\"primaryImageOfPage\":{\"@id\":\"https:\\\/\\\/help.jamk.fi\\\/asianhallinta\\\/fi\\\/7-toimeksiannot\\\/#primaryimage\"},\"image\":{\"@id\":\"https:\\\/\\\/help.jamk.fi\\\/asianhallinta\\\/fi\\\/7-toimeksiannot\\\/#primaryimage\"},\"thumbnailUrl\":\"https:\\\/\\\/help.jamk.fi\\\/asiakirjahallinto\\\/wp-content\\\/uploads\\\/sites\\\/53\\\/2023\\\/07\\\/tweb-valikko-toimenpiteet.jpg\",\"datePublished\":\"2012-12-13T09:36:48+00:00\",\"dateModified\":\"2024-01-02T07:18:22+00:00\",\"breadcrumb\":{\"@id\":\"https:\\\/\\\/help.jamk.fi\\\/asianhallinta\\\/fi\\\/7-toimeksiannot\\\/#breadcrumb\"},\"inLanguage\":\"fi\",\"potentialAction\":[{\"@type\":\"ReadAction\",\"target\":[\"https:\\\/\\\/help.jamk.fi\\\/asianhallinta\\\/fi\\\/7-toimeksiannot\\\/\"]}]},{\"@type\":\"ImageObject\",\"inLanguage\":\"fi\",\"@id\":\"https:\\\/\\\/help.jamk.fi\\\/asianhallinta\\\/fi\\\/7-toimeksiannot\\\/#primaryimage\",\"url\":\"https:\\\/\\\/help.jamk.fi\\\/asiakirjahallinto\\\/wp-content\\\/uploads\\\/sites\\\/53\\\/2023\\\/07\\\/tweb-valikko-toimenpiteet.jpg\",\"contentUrl\":\"https:\\\/\\\/help.jamk.fi\\\/asiakirjahallinto\\\/wp-content\\\/uploads\\\/sites\\\/53\\\/2023\\\/07\\\/tweb-valikko-toimenpiteet.jpg\"},{\"@type\":\"BreadcrumbList\",\"@id\":\"https:\\\/\\\/help.jamk.fi\\\/asianhallinta\\\/fi\\\/7-toimeksiannot\\\/#breadcrumb\",\"itemListElement\":[{\"@type\":\"ListItem\",\"position\":1,\"name\":\"Etusivu\",\"item\":\"https:\\\/\\\/help.jamk.fi\\\/asianhallinta\\\/\"},{\"@type\":\"ListItem\",\"position\":2,\"name\":\"6 Toimeksiannot\"}]},{\"@type\":\"WebSite\",\"@id\":\"https:\\\/\\\/help.jamk.fi\\\/asianhallinta\\\/#website\",\"url\":\"https:\\\/\\\/help.jamk.fi\\\/asianhallinta\\\/\",\"name\":\"Asianhallinta\",\"description\":\"\",\"potentialAction\":[{\"@type\":\"SearchAction\",\"target\":{\"@type\":\"EntryPoint\",\"urlTemplate\":\"https:\\\/\\\/help.jamk.fi\\\/asianhallinta\\\/?s={search_term_string}\"},\"query-input\":{\"@type\":\"PropertyValueSpecification\",\"valueRequired\":true,\"valueName\":\"search_term_string\"}}],\"inLanguage\":\"fi\"}]}<\/script>\n<!-- \/ Yoast SEO plugin. -->","yoast_head_json":{"title":"6 Toimeksiannot - Asianhallinta","robots":{"index":"index","follow":"follow","max-snippet":"max-snippet:-1","max-image-preview":"max-image-preview:large","max-video-preview":"max-video-preview:-1"},"canonical":"https:\/\/help.jamk.fi\/asianhallinta\/fi\/7-toimeksiannot\/","og_locale":"fi_FI","og_type":"article","og_title":"6 Toimeksiannot - Asianhallinta","og_description":"L\u00e4hetetyt ja saapuneet toimeksiannot n\u00e4kyv\u00e4t Twebin keltaisessa valikossa.&nbsp; T\u00e4st\u00e4 kohdasta l\u00f6yd\u00e4t my\u00f6s ne toimeksiannot, joista olet saanut s\u00e4hk\u00f6posti-ilmoituksen. Asiakirja voidaan l\u00e4hett\u00e4\u00e4 toimeksiantona allekirjoitettavaksi, hyv\u00e4ksytt\u00e4v\u00e4ksi, toimeksi tai tiedoksi. N\u00e4it\u00e4 kutsutaan asiakirjaan liittyviksi toimenpiteiksi. Tiedoksi saapunut asiakirja on nimens\u00e4 mukaisesti vain tiedoksi, eik\u00e4 edellyt\u00e4 vastaanottajalta erityisi\u00e4 toimenpiteit\u00e4. Toimeksi saapunut asiakirja edellytt\u00e4\u00e4 vastaanottajaltaan jotain teht\u00e4v\u00e4\u00e4\/suoritusta\/toimenpidett\u00e4, kuten esimerkiksi kommentointia. [&hellip;]","og_url":"https:\/\/help.jamk.fi\/asianhallinta\/fi\/7-toimeksiannot\/","og_site_name":"Asianhallinta","article_modified_time":"2024-01-02T07:18:22+00:00","og_image":[{"url":"https:\/\/help.jamk.fi\/asiakirjahallinto\/wp-content\/uploads\/sites\/53\/2023\/07\/tweb-valikko-toimenpiteet.jpg","type":"","width":"","height":""}],"twitter_card":"summary_large_image","twitter_misc":{"Arvioitu lukuaika":"1 minuutti"},"schema":{"@context":"https:\/\/schema.org","@graph":[{"@type":"WebPage","@id":"https:\/\/help.jamk.fi\/asianhallinta\/fi\/7-toimeksiannot\/","url":"https:\/\/help.jamk.fi\/asianhallinta\/fi\/7-toimeksiannot\/","name":"6 Toimeksiannot - Asianhallinta","isPartOf":{"@id":"https:\/\/help.jamk.fi\/asianhallinta\/#website"},"primaryImageOfPage":{"@id":"https:\/\/help.jamk.fi\/asianhallinta\/fi\/7-toimeksiannot\/#primaryimage"},"image":{"@id":"https:\/\/help.jamk.fi\/asianhallinta\/fi\/7-toimeksiannot\/#primaryimage"},"thumbnailUrl":"https:\/\/help.jamk.fi\/asiakirjahallinto\/wp-content\/uploads\/sites\/53\/2023\/07\/tweb-valikko-toimenpiteet.jpg","datePublished":"2012-12-13T09:36:48+00:00","dateModified":"2024-01-02T07:18:22+00:00","breadcrumb":{"@id":"https:\/\/help.jamk.fi\/asianhallinta\/fi\/7-toimeksiannot\/#breadcrumb"},"inLanguage":"fi","potentialAction":[{"@type":"ReadAction","target":["https:\/\/help.jamk.fi\/asianhallinta\/fi\/7-toimeksiannot\/"]}]},{"@type":"ImageObject","inLanguage":"fi","@id":"https:\/\/help.jamk.fi\/asianhallinta\/fi\/7-toimeksiannot\/#primaryimage","url":"https:\/\/help.jamk.fi\/asiakirjahallinto\/wp-content\/uploads\/sites\/53\/2023\/07\/tweb-valikko-toimenpiteet.jpg","contentUrl":"https:\/\/help.jamk.fi\/asiakirjahallinto\/wp-content\/uploads\/sites\/53\/2023\/07\/tweb-valikko-toimenpiteet.jpg"},{"@type":"BreadcrumbList","@id":"https:\/\/help.jamk.fi\/asianhallinta\/fi\/7-toimeksiannot\/#breadcrumb","itemListElement":[{"@type":"ListItem","position":1,"name":"Etusivu","item":"https:\/\/help.jamk.fi\/asianhallinta\/"},{"@type":"ListItem","position":2,"name":"6 Toimeksiannot"}]},{"@type":"WebSite","@id":"https:\/\/help.jamk.fi\/asianhallinta\/#website","url":"https:\/\/help.jamk.fi\/asianhallinta\/","name":"Asianhallinta","description":"","potentialAction":[{"@type":"SearchAction","target":{"@type":"EntryPoint","urlTemplate":"https:\/\/help.jamk.fi\/asianhallinta\/?s={search_term_string}"},"query-input":{"@type":"PropertyValueSpecification","valueRequired":true,"valueName":"search_term_string"}}],"inLanguage":"fi"}]}},"_links":{"self":[{"href":"https:\/\/help.jamk.fi\/asianhallinta\/wp-json\/wp\/v2\/pages\/249","targetHints":{"allow":["GET"]}}],"collection":[{"href":"https:\/\/help.jamk.fi\/asianhallinta\/wp-json\/wp\/v2\/pages"}],"about":[{"href":"https:\/\/help.jamk.fi\/asianhallinta\/wp-json\/wp\/v2\/types\/page"}],"author":[{"embeddable":true,"href":"https:\/\/help.jamk.fi\/asianhallinta\/wp-json\/wp\/v2\/users\/94"}],"replies":[{"embeddable":true,"href":"https:\/\/help.jamk.fi\/asianhallinta\/wp-json\/wp\/v2\/comments?post=249"}],"version-history":[{"count":6,"href":"https:\/\/help.jamk.fi\/asianhallinta\/wp-json\/wp\/v2\/pages\/249\/revisions"}],"predecessor-version":[{"id":1785,"href":"https:\/\/help.jamk.fi\/asianhallinta\/wp-json\/wp\/v2\/pages\/249\/revisions\/1785"}],"wp:attachment":[{"href":"https:\/\/help.jamk.fi\/asianhallinta\/wp-json\/wp\/v2\/media?parent=249"}],"wp:term":[{"taxonomy":"category","embeddable":true,"href":"https:\/\/help.jamk.fi\/asianhallinta\/wp-json\/wp\/v2\/categories?post=249"},{"taxonomy":"post_tag","embeddable":true,"href":"https:\/\/help.jamk.fi\/asianhallinta\/wp-json\/wp\/v2\/tags?post=249"}],"curies":[{"name":"wp","href":"https:\/\/api.w.org\/{rel}","templated":true}]}}