{"id":288,"date":"2012-12-18T10:07:49","date_gmt":"2012-12-18T08:07:49","guid":{"rendered":"https:\/\/help.jamk.fi\/asiakirjahallinto\/esimerkkisivu\/8-haku\/8-4-tallennettu-haku\/"},"modified":"2023-11-21T13:36:19","modified_gmt":"2023-11-21T11:36:19","slug":"8-4-tallennettu-haku","status":"publish","type":"page","link":"https:\/\/help.jamk.fi\/asianhallinta\/fi\/8-haku\/8-4-tallennettu-haku\/","title":{"rendered":"Tallennettu haku"},"content":{"rendered":"<p>Kuka tahansa Twebin k\u00e4ytt\u00e4j\u00e4 pystyy tekem\u00e4\u00e4n itse tallennettuja valmishakuja asioiden ja asiakirjojen l\u00f6yt\u00e4misen tueksi. Tallennetut haut voivat olla joko henkil\u00f6kohtaisia ja vain omaan k\u00e4ytt\u00f6\u00f6n tehtyj\u00e4, tai yksik\u00f6n, tukipalvelun ja koko Jamkin k\u00e4ytt\u00f6\u00f6n suunnattuja yhteisk\u00e4ytt\u00f6isi\u00e4 hakuja.<\/p>\n<p>Tehdess\u00e4si uutta tallennettua valmishakua voit itse m\u00e4\u00e4ritt\u00e4\u00e4, keille kaikille kyseinen haku n\u00e4kyy, ja ketk\u00e4 muut sit\u00e4 pystyv\u00e4t muokkaamaan.<\/p>\n\n<div class=\"wp-block-image\">\n<figure class=\"aligncenter size-full\"><img loading=\"lazy\" decoding=\"async\" width=\"1901\" height=\"669\" src=\"https:\/\/help.jamk.fi\/asianhallinta\/wp-content\/uploads\/sites\/53\/2023\/11\/Tallennettujen-hakujen-luonti.png\" alt=\"\" class=\"wp-image-1626\"\/><figcaption class=\"wp-element-caption\"><strong>Hakujen yll\u00e4pito -v\u00e4lilehti, jonka kautta p\u00e4\u00e4set luomaan uuden valmishaun tai muuttamaan olemassaolevaa hakua<\/strong><\/figcaption><\/figure>\n<\/div>\n\n<div class=\"wp-block-image\">\n<figure class=\"aligncenter size-full\"><img loading=\"lazy\" decoding=\"async\" width=\"1411\" height=\"825\" src=\"https:\/\/help.jamk.fi\/asianhallinta\/wp-content\/uploads\/sites\/53\/2023\/11\/Tallennetun-haun-asetukset.png\" alt=\"\" class=\"wp-image-1627\"\/><figcaption class=\"wp-element-caption\"><strong>Tallennetun valmishaun muokkausn\u00e4kym\u00e4, josta korostettuna olennaisimmat toiminnot<\/strong><\/figcaption><\/figure>\n<\/div>","protected":false},"excerpt":{"rendered":"<p>Kuka tahansa Twebin k\u00e4ytt\u00e4j\u00e4 pystyy tekem\u00e4\u00e4n itse tallennettuja valmishakuja asioiden ja asiakirjojen l\u00f6yt\u00e4misen tueksi. Tallennetut haut voivat olla joko henkil\u00f6kohtaisia ja vain omaan k\u00e4ytt\u00f6\u00f6n tehtyj\u00e4, tai yksik\u00f6n, tukipalvelun ja koko Jamkin k\u00e4ytt\u00f6\u00f6n suunnattuja yhteisk\u00e4ytt\u00f6isi\u00e4 hakuja. Tehdess\u00e4si uutta tallennettua valmishakua voit itse m\u00e4\u00e4ritt\u00e4\u00e4, keille kaikille kyseinen haku n\u00e4kyy, ja ketk\u00e4 muut sit\u00e4 pystyv\u00e4t muokkaamaan.<\/p>\n","protected":false},"author":94,"featured_media":0,"parent":261,"menu_order":910,"comment_status":"closed","ping_status":"closed","template":"","meta":{"_acf_changed":false,"_relevanssi_hide_post":"","_relevanssi_hide_content":"","_relevanssi_pin_for_all":"","_relevanssi_pin_keywords":"","_relevanssi_unpin_keywords":"","_relevanssi_related_keywords":"","_relevanssi_related_include_ids":"","_relevanssi_related_exclude_ids":"","_relevanssi_related_no_append":"","_relevanssi_related_not_related":"","_relevanssi_related_posts":"","_relevanssi_noindex_reason":"","footnotes":""},"categories":[],"tags":[629,515,623,39,677,679],"class_list":["post-288","page","type-page","status-publish","hentry","tag-elmo-fi","tag-haku-fi","tag-tallennettu-haku-fi","tag-tweb","tag-tyopoyta-fi","tag-valmishaku-fi"],"acf":[],"yoast_head":"<!-- This site is optimized with the Yoast SEO plugin v27.3 - https:\/\/yoast.com\/product\/yoast-seo-wordpress\/ -->\n<title>Tallennettu haku - Asianhallinta<\/title>\n<meta name=\"robots\" content=\"index, follow, max-snippet:-1, max-image-preview:large, max-video-preview:-1\" \/>\n<link rel=\"canonical\" href=\"https:\/\/help.jamk.fi\/asianhallinta\/fi\/8-haku\/8-4-tallennettu-haku\/\" \/>\n<meta property=\"og:locale\" content=\"fi_FI\" \/>\n<meta property=\"og:type\" content=\"article\" \/>\n<meta property=\"og:title\" content=\"Tallennettu haku - Asianhallinta\" \/>\n<meta property=\"og:description\" content=\"Kuka tahansa Twebin k\u00e4ytt\u00e4j\u00e4 pystyy tekem\u00e4\u00e4n itse tallennettuja valmishakuja asioiden ja asiakirjojen l\u00f6yt\u00e4misen tueksi. Tallennetut haut voivat olla joko henkil\u00f6kohtaisia ja vain omaan k\u00e4ytt\u00f6\u00f6n tehtyj\u00e4, tai yksik\u00f6n, tukipalvelun ja koko Jamkin k\u00e4ytt\u00f6\u00f6n suunnattuja yhteisk\u00e4ytt\u00f6isi\u00e4 hakuja. Tehdess\u00e4si uutta tallennettua valmishakua voit itse m\u00e4\u00e4ritt\u00e4\u00e4, keille kaikille kyseinen haku n\u00e4kyy, ja ketk\u00e4 muut sit\u00e4 pystyv\u00e4t muokkaamaan.\" \/>\n<meta property=\"og:url\" content=\"https:\/\/help.jamk.fi\/asianhallinta\/fi\/8-haku\/8-4-tallennettu-haku\/\" \/>\n<meta property=\"og:site_name\" content=\"Asianhallinta\" \/>\n<meta property=\"article:modified_time\" content=\"2023-11-21T11:36:19+00:00\" \/>\n<meta property=\"og:image\" content=\"https:\/\/help.jamk.fi\/asianhallinta\/wp-content\/uploads\/sites\/53\/2023\/11\/Tallennettujen-hakujen-luonti.png\" \/>\n<meta name=\"twitter:card\" content=\"summary_large_image\" \/>\n<meta name=\"twitter:label1\" content=\"Arvioitu lukuaika\" \/>\n\t<meta name=\"twitter:data1\" content=\"1 minuutti\" \/>\n<script type=\"application\/ld+json\" class=\"yoast-schema-graph\">{\"@context\":\"https:\\\/\\\/schema.org\",\"@graph\":[{\"@type\":\"WebPage\",\"@id\":\"https:\\\/\\\/help.jamk.fi\\\/asianhallinta\\\/fi\\\/8-haku\\\/8-4-tallennettu-haku\\\/\",\"url\":\"https:\\\/\\\/help.jamk.fi\\\/asianhallinta\\\/fi\\\/8-haku\\\/8-4-tallennettu-haku\\\/\",\"name\":\"Tallennettu haku - Asianhallinta\",\"isPartOf\":{\"@id\":\"https:\\\/\\\/help.jamk.fi\\\/asianhallinta\\\/#website\"},\"primaryImageOfPage\":{\"@id\":\"https:\\\/\\\/help.jamk.fi\\\/asianhallinta\\\/fi\\\/8-haku\\\/8-4-tallennettu-haku\\\/#primaryimage\"},\"image\":{\"@id\":\"https:\\\/\\\/help.jamk.fi\\\/asianhallinta\\\/fi\\\/8-haku\\\/8-4-tallennettu-haku\\\/#primaryimage\"},\"thumbnailUrl\":\"https:\\\/\\\/help.jamk.fi\\\/asianhallinta\\\/wp-content\\\/uploads\\\/sites\\\/53\\\/2023\\\/11\\\/Tallennettujen-hakujen-luonti.png\",\"datePublished\":\"2012-12-18T08:07:49+00:00\",\"dateModified\":\"2023-11-21T11:36:19+00:00\",\"breadcrumb\":{\"@id\":\"https:\\\/\\\/help.jamk.fi\\\/asianhallinta\\\/fi\\\/8-haku\\\/8-4-tallennettu-haku\\\/#breadcrumb\"},\"inLanguage\":\"fi\",\"potentialAction\":[{\"@type\":\"ReadAction\",\"target\":[\"https:\\\/\\\/help.jamk.fi\\\/asianhallinta\\\/fi\\\/8-haku\\\/8-4-tallennettu-haku\\\/\"]}]},{\"@type\":\"ImageObject\",\"inLanguage\":\"fi\",\"@id\":\"https:\\\/\\\/help.jamk.fi\\\/asianhallinta\\\/fi\\\/8-haku\\\/8-4-tallennettu-haku\\\/#primaryimage\",\"url\":\"https:\\\/\\\/help.jamk.fi\\\/asianhallinta\\\/wp-content\\\/uploads\\\/sites\\\/53\\\/2023\\\/11\\\/Tallennettujen-hakujen-luonti.png\",\"contentUrl\":\"https:\\\/\\\/help.jamk.fi\\\/asianhallinta\\\/wp-content\\\/uploads\\\/sites\\\/53\\\/2023\\\/11\\\/Tallennettujen-hakujen-luonti.png\",\"width\":1901,\"height\":669},{\"@type\":\"BreadcrumbList\",\"@id\":\"https:\\\/\\\/help.jamk.fi\\\/asianhallinta\\\/fi\\\/8-haku\\\/8-4-tallennettu-haku\\\/#breadcrumb\",\"itemListElement\":[{\"@type\":\"ListItem\",\"position\":1,\"name\":\"Etusivu\",\"item\":\"https:\\\/\\\/help.jamk.fi\\\/asianhallinta\\\/\"},{\"@type\":\"ListItem\",\"position\":2,\"name\":\"8 Haku\",\"item\":\"https:\\\/\\\/help.jamk.fi\\\/asianhallinta\\\/fi\\\/8-haku\\\/\"},{\"@type\":\"ListItem\",\"position\":3,\"name\":\"Tallennettu haku\"}]},{\"@type\":\"WebSite\",\"@id\":\"https:\\\/\\\/help.jamk.fi\\\/asianhallinta\\\/#website\",\"url\":\"https:\\\/\\\/help.jamk.fi\\\/asianhallinta\\\/\",\"name\":\"Asianhallinta\",\"description\":\"\",\"potentialAction\":[{\"@type\":\"SearchAction\",\"target\":{\"@type\":\"EntryPoint\",\"urlTemplate\":\"https:\\\/\\\/help.jamk.fi\\\/asianhallinta\\\/?s={search_term_string}\"},\"query-input\":{\"@type\":\"PropertyValueSpecification\",\"valueRequired\":true,\"valueName\":\"search_term_string\"}}],\"inLanguage\":\"fi\"}]}<\/script>\n<!-- \/ Yoast SEO plugin. -->","yoast_head_json":{"title":"Tallennettu haku - Asianhallinta","robots":{"index":"index","follow":"follow","max-snippet":"max-snippet:-1","max-image-preview":"max-image-preview:large","max-video-preview":"max-video-preview:-1"},"canonical":"https:\/\/help.jamk.fi\/asianhallinta\/fi\/8-haku\/8-4-tallennettu-haku\/","og_locale":"fi_FI","og_type":"article","og_title":"Tallennettu haku - Asianhallinta","og_description":"Kuka tahansa Twebin k\u00e4ytt\u00e4j\u00e4 pystyy tekem\u00e4\u00e4n itse tallennettuja valmishakuja asioiden ja asiakirjojen l\u00f6yt\u00e4misen tueksi. Tallennetut haut voivat olla joko henkil\u00f6kohtaisia ja vain omaan k\u00e4ytt\u00f6\u00f6n tehtyj\u00e4, tai yksik\u00f6n, tukipalvelun ja koko Jamkin k\u00e4ytt\u00f6\u00f6n suunnattuja yhteisk\u00e4ytt\u00f6isi\u00e4 hakuja. Tehdess\u00e4si uutta tallennettua valmishakua voit itse m\u00e4\u00e4ritt\u00e4\u00e4, keille kaikille kyseinen haku n\u00e4kyy, ja ketk\u00e4 muut sit\u00e4 pystyv\u00e4t muokkaamaan.","og_url":"https:\/\/help.jamk.fi\/asianhallinta\/fi\/8-haku\/8-4-tallennettu-haku\/","og_site_name":"Asianhallinta","article_modified_time":"2023-11-21T11:36:19+00:00","og_image":[{"url":"https:\/\/help.jamk.fi\/asianhallinta\/wp-content\/uploads\/sites\/53\/2023\/11\/Tallennettujen-hakujen-luonti.png","type":"","width":"","height":""}],"twitter_card":"summary_large_image","twitter_misc":{"Arvioitu lukuaika":"1 minuutti"},"schema":{"@context":"https:\/\/schema.org","@graph":[{"@type":"WebPage","@id":"https:\/\/help.jamk.fi\/asianhallinta\/fi\/8-haku\/8-4-tallennettu-haku\/","url":"https:\/\/help.jamk.fi\/asianhallinta\/fi\/8-haku\/8-4-tallennettu-haku\/","name":"Tallennettu haku - Asianhallinta","isPartOf":{"@id":"https:\/\/help.jamk.fi\/asianhallinta\/#website"},"primaryImageOfPage":{"@id":"https:\/\/help.jamk.fi\/asianhallinta\/fi\/8-haku\/8-4-tallennettu-haku\/#primaryimage"},"image":{"@id":"https:\/\/help.jamk.fi\/asianhallinta\/fi\/8-haku\/8-4-tallennettu-haku\/#primaryimage"},"thumbnailUrl":"https:\/\/help.jamk.fi\/asianhallinta\/wp-content\/uploads\/sites\/53\/2023\/11\/Tallennettujen-hakujen-luonti.png","datePublished":"2012-12-18T08:07:49+00:00","dateModified":"2023-11-21T11:36:19+00:00","breadcrumb":{"@id":"https:\/\/help.jamk.fi\/asianhallinta\/fi\/8-haku\/8-4-tallennettu-haku\/#breadcrumb"},"inLanguage":"fi","potentialAction":[{"@type":"ReadAction","target":["https:\/\/help.jamk.fi\/asianhallinta\/fi\/8-haku\/8-4-tallennettu-haku\/"]}]},{"@type":"ImageObject","inLanguage":"fi","@id":"https:\/\/help.jamk.fi\/asianhallinta\/fi\/8-haku\/8-4-tallennettu-haku\/#primaryimage","url":"https:\/\/help.jamk.fi\/asianhallinta\/wp-content\/uploads\/sites\/53\/2023\/11\/Tallennettujen-hakujen-luonti.png","contentUrl":"https:\/\/help.jamk.fi\/asianhallinta\/wp-content\/uploads\/sites\/53\/2023\/11\/Tallennettujen-hakujen-luonti.png","width":1901,"height":669},{"@type":"BreadcrumbList","@id":"https:\/\/help.jamk.fi\/asianhallinta\/fi\/8-haku\/8-4-tallennettu-haku\/#breadcrumb","itemListElement":[{"@type":"ListItem","position":1,"name":"Etusivu","item":"https:\/\/help.jamk.fi\/asianhallinta\/"},{"@type":"ListItem","position":2,"name":"8 Haku","item":"https:\/\/help.jamk.fi\/asianhallinta\/fi\/8-haku\/"},{"@type":"ListItem","position":3,"name":"Tallennettu haku"}]},{"@type":"WebSite","@id":"https:\/\/help.jamk.fi\/asianhallinta\/#website","url":"https:\/\/help.jamk.fi\/asianhallinta\/","name":"Asianhallinta","description":"","potentialAction":[{"@type":"SearchAction","target":{"@type":"EntryPoint","urlTemplate":"https:\/\/help.jamk.fi\/asianhallinta\/?s={search_term_string}"},"query-input":{"@type":"PropertyValueSpecification","valueRequired":true,"valueName":"search_term_string"}}],"inLanguage":"fi"}]}},"_links":{"self":[{"href":"https:\/\/help.jamk.fi\/asianhallinta\/wp-json\/wp\/v2\/pages\/288","targetHints":{"allow":["GET"]}}],"collection":[{"href":"https:\/\/help.jamk.fi\/asianhallinta\/wp-json\/wp\/v2\/pages"}],"about":[{"href":"https:\/\/help.jamk.fi\/asianhallinta\/wp-json\/wp\/v2\/types\/page"}],"author":[{"embeddable":true,"href":"https:\/\/help.jamk.fi\/asianhallinta\/wp-json\/wp\/v2\/users\/94"}],"replies":[{"embeddable":true,"href":"https:\/\/help.jamk.fi\/asianhallinta\/wp-json\/wp\/v2\/comments?post=288"}],"version-history":[{"count":2,"href":"https:\/\/help.jamk.fi\/asianhallinta\/wp-json\/wp\/v2\/pages\/288\/revisions"}],"predecessor-version":[{"id":1628,"href":"https:\/\/help.jamk.fi\/asianhallinta\/wp-json\/wp\/v2\/pages\/288\/revisions\/1628"}],"up":[{"embeddable":true,"href":"https:\/\/help.jamk.fi\/asianhallinta\/wp-json\/wp\/v2\/pages\/261"}],"wp:attachment":[{"href":"https:\/\/help.jamk.fi\/asianhallinta\/wp-json\/wp\/v2\/media?parent=288"}],"wp:term":[{"taxonomy":"category","embeddable":true,"href":"https:\/\/help.jamk.fi\/asianhallinta\/wp-json\/wp\/v2\/categories?post=288"},{"taxonomy":"post_tag","embeddable":true,"href":"https:\/\/help.jamk.fi\/asianhallinta\/wp-json\/wp\/v2\/tags?post=288"}],"curies":[{"name":"wp","href":"https:\/\/api.w.org\/{rel}","templated":true}]}}