{"id":291,"date":"2013-05-10T12:38:10","date_gmt":"2013-05-10T09:38:10","guid":{"rendered":"https:\/\/help.jamk.fi\/asiakirjahallinto\/esimerkkisivu\/8-haku\/hakujen-yllapito\/"},"modified":"2024-01-19T15:16:50","modified_gmt":"2024-01-19T13:16:50","slug":"hakujen-yllapito","status":"publish","type":"page","link":"https:\/\/help.jamk.fi\/asianhallinta\/fi\/8-haku\/hakujen-yllapito\/","title":{"rendered":"Tallennettujen hakujen luominen ja yll\u00e4pito"},"content":{"rendered":"\n<p>Kun teet uutta tai muutat jo olemassa olevaa hakua, siirry <em>Asiakirjan haku<\/em> -kohdan kautta <em>Hakujen yll\u00e4pito<\/em> -v\u00e4lilehdelle.<\/p>\n\n\n\n<p>Jos muutat vanhaa hakua, valitse pudotusvalikosta haluamasi haku ja paina <em>Muuta<\/em> -painiketta.<\/p>\n\n\n\n<p>Jos olet laatimassa uutta hakua, paina <em>Luo uusi<\/em> -haku.<\/p>\n\n\n<div class=\"wp-block-image\">\n<figure class=\"aligncenter size-full is-resized\"><img loading=\"lazy\" decoding=\"async\" width=\"841\" height=\"382\" src=\"https:\/\/help.jamk.fi\/asianhallinta\/wp-content\/uploads\/sites\/53\/2023\/07\/Hakujen-yllapito.png\" alt=\"\" class=\"wp-image-991\" style=\"aspect-ratio:2.201570680628272;width:727px;height:auto\" srcset=\"https:\/\/help.jamk.fi\/asianhallinta\/wp-content\/uploads\/sites\/53\/2023\/07\/Hakujen-yllapito.png 841w, https:\/\/help.jamk.fi\/asianhallinta\/wp-content\/uploads\/sites\/53\/2023\/07\/Hakujen-yllapito-300x136.png 300w, https:\/\/help.jamk.fi\/asianhallinta\/wp-content\/uploads\/sites\/53\/2023\/07\/Hakujen-yllapito-768x349.png 768w\" sizes=\"auto, (max-width: 841px) 100vw, 841px\" \/><figcaption class=\"wp-element-caption\"><strong>Hakujen yll\u00e4pito -valikko<\/strong><\/figcaption><\/figure>\n<\/div>\n\n\n<h2 class=\"wp-block-heading\">Haun nime\u00e4minen<\/h2>\n\n\n\n<p>Nime\u00e4 hakusi yksinkertaisesti ja selke\u00e4sti. My\u00f6s vuosim\u00e4\u00e4reen k\u00e4ytt\u00f6 on suositeltavaa.&nbsp;Jos hakusi&nbsp;on&nbsp;kohdennettu tietylle tukipalvelulle tai yksik\u00f6lle, on se hyv\u00e4 mainita&nbsp;otsikon lopussa.&nbsp;Esimerkiksi <em>Johtoryhm\u00e4n muistiot ja esityslistat 2014 (HYVI) <\/em>tai <em>KV-palveluiden hakuohjeet&nbsp;2011 (KOPA).<\/em><\/p>\n\n\n\n<p>Anna haulle haluamasi otsikko ja paina <em>Tallenna<\/em> \u2013painiketta:<\/p>\n\n\n<div class=\"wp-block-image\">\n<figure class=\"aligncenter\"><img decoding=\"async\" src=\"https:\/\/help.jamk.fi\/asiakirjahallinto\/wp-content\/uploads\/sites\/53\/2023\/07\/Haun-nimeaminen.jpg\" alt=\"\" class=\"wp-image-400\"\/><\/figure>\n<\/div>\n\n\n<h2 class=\"wp-block-heading\">M\u00e4\u00e4rit\u00e4&nbsp;haulle k\u00e4ytt\u00f6oikeudet<\/h2>\n\n\n\n<ul class=\"wp-block-list\">\n<li>Jos haluat haun n\u00e4kyv\u00e4n vain itsellesi, oikeuksia ei tarvitse muuttaa.<\/li>\n\n\n\n<li>Voit m\u00e4\u00e4ritt\u00e4\u00e4 n\u00e4kyvyyden haluamillesi henkil\u00f6ille tai ryhmille lis\u00e4\u00e4m\u00e4ll\u00e4 k\u00e4ytt\u00e4ji\u00e4 K\u00e4ytt\u00e4j\u00e4t-kohdan <em>Lis\u00e4\u00e4<\/em>-painikkeen kautta.<\/li>\n\n\n\n<li>Jos haluat haun n\u00e4kyv\u00e4n intrassa, lis\u00e4\u00e4 katselijanoikeudet INTRA \u2013ryhm\u00e4lle (ja haluamallesi joukolle)<\/li>\n\n\n\n<li>Jos haku halutaan n\u00e4kyv\u00e4n kaikille jamkilaisille, lis\u00e4\u00e4 katselijanoikeudet ryhm\u00e4lle KAIKKI.<\/li>\n<\/ul>\n\n\n<div class=\"wp-block-image\">\n<figure class=\"aligncenter\"><img decoding=\"async\" src=\"https:\/\/help.jamk.fi\/asiakirjahallinto\/wp-content\/uploads\/sites\/53\/2023\/07\/Haun-kayttooikeudet.jpg\" alt=\"\" class=\"wp-image-402\"\/><\/figure>\n<\/div>\n\n\n<p class=\"has-text-align-center\"><\/p>\n\n\n\n<p>Huom! K\u00e4ytt\u00f6oikeudet m\u00e4\u00e4ritt\u00e4v\u00e4t&nbsp;siis haun n\u00e4kyvyyden, ne eiv\u00e4t periydy itse asiakirjalle. Yksitt\u00e4isen asiakirjan k\u00e4ytt\u00f6oikeudet m\u00e4\u00e4rittyv\u00e4t tiedonohjaussuunnitelman ja manuaalisesti asiakirjakortin kautta lis\u00e4ttyjen k\u00e4ytt\u00f6oikeuksien kautta.<\/p>\n\n\n\n<p>Valitse k\u00e4ytt\u00f6oikeudet valikosta:<\/p>\n\n\n<div class=\"wp-block-image\">\n<figure class=\"aligncenter\"><img decoding=\"async\" src=\"https:\/\/help.jamk.fi\/asiakirjahallinto\/wp-content\/uploads\/sites\/53\/2023\/07\/Kayttajaryhmat.jpg\" alt=\"\" class=\"wp-image-407\"\/><\/figure>\n<\/div>\n\n\n<p class=\"has-text-align-center\"><\/p>\n\n\n\n<p>Kirjoita haluamasi k\u00e4ytt\u00f6oikeusryhm\u00e4 tai k\u00e4ytt\u00e4j\u00e4 <em>Hakuteksti<\/em> \u2013kentt\u00e4\u00e4n ja paina <em>Hae<\/em> -painiketta tai hae valikosta haluamasi ryhm\u00e4 tai henkil\u00f6.<\/p>\n\n\n\n<p>Valitse haluamasi henkil\u00f6 tai ryhm\u00e4 vasemmalla hiiren painalluksella siniseksi, jotta valinta vahvistuu, valitse haluttu k\u00e4ytt\u00f6oikeustaso ja paina <em>Valitse<\/em> \u2013painiketta.<\/p>\n\n\n\n<h2 class=\"wp-block-heading\">M\u00e4\u00e4rit\u00e4 haulle haluamasi hakuehdot<\/h2>\n\n\n\n<p>Hakuehtoja voi olla monia, mutta kaikkien antamiesi m\u00e4\u00e4ritteiden on toteuduttava yksitt\u00e4isen asiakirjan tai asian kohdalla, jotta se nousee hakuun.<\/p>\n\n\n<div class=\"wp-block-image\">\n<figure class=\"aligncenter\"><img decoding=\"async\" src=\"https:\/\/help.jamk.fi\/asiakirjahallinto\/wp-content\/uploads\/sites\/53\/2023\/07\/Hakumaaritteet.jpg\" alt=\"\" class=\"wp-image-410\"\/><\/figure>\n<\/div>\n\n\n<p>Esimerkiksi&nbsp;laaditaan haku, joka kohdistuu asiakirjan Kuvauskentt\u00e4\u00e4n m\u00e4\u00e4ritettyyn tietoon:<\/p>\n\n\n<div class=\"wp-block-image\">\n<figure class=\"aligncenter\"><img decoding=\"async\" src=\"https:\/\/help.jamk.fi\/asiakirjahallinto\/wp-content\/uploads\/sites\/53\/2023\/07\/Hakuehto-esimerkki1.png\" alt=\"\" class=\"wp-image-414\"\/><\/figure>\n<\/div>\n\n\n<p>Muista tallentaa laatimasi haku <em>Tallenna<\/em> -painikkeesta!<\/p>\n\n\n\n<p>Intrajulkaisua varten tarvittava URL-osoite l\u00f6ytyy haun yll\u00e4pitolomakkeelta.<\/p>\n\n\n\n<p>Kaikki m\u00e4\u00e4ritt\u00e4m\u00e4si hakuehdot n\u00e4kyv\u00e4t <em>Hakuehdot<\/em> -kent\u00e4ss\u00e4. Voit poistaa ehtoja tai yhdist\u00e4\u00e4 niit\u00e4.<\/p>\n\n\n<div class=\"wp-block-image\">\n<figure class=\"aligncenter\"><img decoding=\"async\" src=\"https:\/\/help.jamk.fi\/asiakirjahallinto\/wp-content\/uploads\/sites\/53\/2023\/07\/Esimerkkihaku.jpg\" alt=\"\" class=\"wp-image-415\"\/><\/figure>\n<\/div>\n\n\n<h2 class=\"wp-block-heading\">Haun muuttaminen<\/h2>\n\n\n\n<p>Jo aiemmin tehty\u00e4 valmishakua voi muokata Hakujen yll\u00e4pito -v\u00e4lilehden kautta:<\/p>\n\n\n\n<ul class=\"wp-block-list\">\n<li>Valitse muutettava haku pudotusvalikosta<\/li>\n\n\n\n<li>Paina <em>Muuta<\/em>-painiketta<\/li>\n\n\n\n<li>Saat esiin saman lomakkeen, kuin uutta hakua tehdess\u00e4si<\/li>\n\n\n\n<li>Tee tarvittavat muutokset<\/li>\n\n\n\n<li>Tallenna haku<\/li>\n<\/ul>\n","protected":false},"excerpt":{"rendered":"<p>Kun teet uutta tai muutat jo olemassa olevaa hakua, siirry Asiakirjan haku -kohdan kautta Hakujen yll\u00e4pito -v\u00e4lilehdelle. Jos muutat vanhaa hakua, valitse pudotusvalikosta haluamasi haku ja paina Muuta -painiketta. Jos olet laatimassa uutta hakua, paina Luo uusi -haku. Haun nime\u00e4minen Nime\u00e4 hakusi yksinkertaisesti ja selke\u00e4sti. My\u00f6s vuosim\u00e4\u00e4reen k\u00e4ytt\u00f6 on suositeltavaa.&nbsp;Jos hakusi&nbsp;on&nbsp;kohdennettu tietylle tukipalvelulle tai yksik\u00f6lle, [&hellip;]<\/p>\n","protected":false},"author":94,"featured_media":0,"parent":261,"menu_order":920,"comment_status":"closed","ping_status":"closed","template":"","meta":{"_acf_changed":false,"_relevanssi_hide_post":"","_relevanssi_hide_content":"","_relevanssi_pin_for_all":"","_relevanssi_pin_keywords":"","_relevanssi_unpin_keywords":"","_relevanssi_related_keywords":"","_relevanssi_related_include_ids":"","_relevanssi_related_exclude_ids":"","_relevanssi_related_no_append":"","_relevanssi_related_not_related":"","_relevanssi_related_posts":"","_relevanssi_noindex_reason":"","footnotes":""},"categories":[],"tags":[515,623,39,625],"class_list":["post-291","page","type-page","status-publish","hentry","tag-haku-fi","tag-tallennettu-haku-fi","tag-tweb","tag-yllapito-fi"],"acf":[],"yoast_head":"<!-- This site is optimized with the Yoast SEO plugin v27.3 - https:\/\/yoast.com\/product\/yoast-seo-wordpress\/ -->\n<title>Tallennettujen hakujen luominen ja yll\u00e4pito - Asianhallinta<\/title>\n<meta name=\"robots\" content=\"index, follow, max-snippet:-1, max-image-preview:large, max-video-preview:-1\" \/>\n<link rel=\"canonical\" href=\"https:\/\/help.jamk.fi\/asianhallinta\/fi\/8-haku\/hakujen-yllapito\/\" \/>\n<meta property=\"og:locale\" content=\"fi_FI\" \/>\n<meta property=\"og:type\" content=\"article\" \/>\n<meta property=\"og:title\" content=\"Tallennettujen hakujen luominen ja yll\u00e4pito - Asianhallinta\" \/>\n<meta property=\"og:description\" content=\"Kun teet uutta tai muutat jo olemassa olevaa hakua, siirry Asiakirjan haku -kohdan kautta Hakujen yll\u00e4pito -v\u00e4lilehdelle. Jos muutat vanhaa hakua, valitse pudotusvalikosta haluamasi haku ja paina Muuta -painiketta. Jos olet laatimassa uutta hakua, paina Luo uusi -haku. Haun nime\u00e4minen Nime\u00e4 hakusi yksinkertaisesti ja selke\u00e4sti. My\u00f6s vuosim\u00e4\u00e4reen k\u00e4ytt\u00f6 on suositeltavaa.&nbsp;Jos hakusi&nbsp;on&nbsp;kohdennettu tietylle tukipalvelulle tai yksik\u00f6lle, [&hellip;]\" \/>\n<meta property=\"og:url\" content=\"https:\/\/help.jamk.fi\/asianhallinta\/fi\/8-haku\/hakujen-yllapito\/\" \/>\n<meta property=\"og:site_name\" content=\"Asianhallinta\" \/>\n<meta property=\"article:modified_time\" content=\"2024-01-19T13:16:50+00:00\" \/>\n<meta property=\"og:image\" content=\"https:\/\/help.jamk.fi\/asianhallinta\/wp-content\/uploads\/sites\/53\/2023\/07\/Hakujen-yllapito.png\" \/>\n<meta name=\"twitter:card\" content=\"summary_large_image\" \/>\n<meta name=\"twitter:label1\" content=\"Arvioitu lukuaika\" \/>\n\t<meta name=\"twitter:data1\" content=\"4 minuuttia\" \/>\n<script type=\"application\/ld+json\" class=\"yoast-schema-graph\">{\"@context\":\"https:\\\/\\\/schema.org\",\"@graph\":[{\"@type\":\"WebPage\",\"@id\":\"https:\\\/\\\/help.jamk.fi\\\/asianhallinta\\\/fi\\\/8-haku\\\/hakujen-yllapito\\\/\",\"url\":\"https:\\\/\\\/help.jamk.fi\\\/asianhallinta\\\/fi\\\/8-haku\\\/hakujen-yllapito\\\/\",\"name\":\"Tallennettujen hakujen luominen ja yll\u00e4pito - Asianhallinta\",\"isPartOf\":{\"@id\":\"https:\\\/\\\/help.jamk.fi\\\/asianhallinta\\\/#website\"},\"primaryImageOfPage\":{\"@id\":\"https:\\\/\\\/help.jamk.fi\\\/asianhallinta\\\/fi\\\/8-haku\\\/hakujen-yllapito\\\/#primaryimage\"},\"image\":{\"@id\":\"https:\\\/\\\/help.jamk.fi\\\/asianhallinta\\\/fi\\\/8-haku\\\/hakujen-yllapito\\\/#primaryimage\"},\"thumbnailUrl\":\"https:\\\/\\\/help.jamk.fi\\\/asianhallinta\\\/wp-content\\\/uploads\\\/sites\\\/53\\\/2023\\\/07\\\/Hakujen-yllapito.png\",\"datePublished\":\"2013-05-10T09:38:10+00:00\",\"dateModified\":\"2024-01-19T13:16:50+00:00\",\"breadcrumb\":{\"@id\":\"https:\\\/\\\/help.jamk.fi\\\/asianhallinta\\\/fi\\\/8-haku\\\/hakujen-yllapito\\\/#breadcrumb\"},\"inLanguage\":\"fi\",\"potentialAction\":[{\"@type\":\"ReadAction\",\"target\":[\"https:\\\/\\\/help.jamk.fi\\\/asianhallinta\\\/fi\\\/8-haku\\\/hakujen-yllapito\\\/\"]}]},{\"@type\":\"ImageObject\",\"inLanguage\":\"fi\",\"@id\":\"https:\\\/\\\/help.jamk.fi\\\/asianhallinta\\\/fi\\\/8-haku\\\/hakujen-yllapito\\\/#primaryimage\",\"url\":\"https:\\\/\\\/help.jamk.fi\\\/asianhallinta\\\/wp-content\\\/uploads\\\/sites\\\/53\\\/2023\\\/07\\\/Hakujen-yllapito.png\",\"contentUrl\":\"https:\\\/\\\/help.jamk.fi\\\/asianhallinta\\\/wp-content\\\/uploads\\\/sites\\\/53\\\/2023\\\/07\\\/Hakujen-yllapito.png\",\"width\":841,\"height\":382,\"caption\":\"Hakujen yll\u00e4pito -valikko\"},{\"@type\":\"BreadcrumbList\",\"@id\":\"https:\\\/\\\/help.jamk.fi\\\/asianhallinta\\\/fi\\\/8-haku\\\/hakujen-yllapito\\\/#breadcrumb\",\"itemListElement\":[{\"@type\":\"ListItem\",\"position\":1,\"name\":\"Etusivu\",\"item\":\"https:\\\/\\\/help.jamk.fi\\\/asianhallinta\\\/\"},{\"@type\":\"ListItem\",\"position\":2,\"name\":\"8 Haku\",\"item\":\"https:\\\/\\\/help.jamk.fi\\\/asianhallinta\\\/fi\\\/8-haku\\\/\"},{\"@type\":\"ListItem\",\"position\":3,\"name\":\"Tallennettujen hakujen luominen ja yll\u00e4pito\"}]},{\"@type\":\"WebSite\",\"@id\":\"https:\\\/\\\/help.jamk.fi\\\/asianhallinta\\\/#website\",\"url\":\"https:\\\/\\\/help.jamk.fi\\\/asianhallinta\\\/\",\"name\":\"Asianhallinta\",\"description\":\"\",\"potentialAction\":[{\"@type\":\"SearchAction\",\"target\":{\"@type\":\"EntryPoint\",\"urlTemplate\":\"https:\\\/\\\/help.jamk.fi\\\/asianhallinta\\\/?s={search_term_string}\"},\"query-input\":{\"@type\":\"PropertyValueSpecification\",\"valueRequired\":true,\"valueName\":\"search_term_string\"}}],\"inLanguage\":\"fi\"}]}<\/script>\n<!-- \/ Yoast SEO plugin. -->","yoast_head_json":{"title":"Tallennettujen hakujen luominen ja yll\u00e4pito - Asianhallinta","robots":{"index":"index","follow":"follow","max-snippet":"max-snippet:-1","max-image-preview":"max-image-preview:large","max-video-preview":"max-video-preview:-1"},"canonical":"https:\/\/help.jamk.fi\/asianhallinta\/fi\/8-haku\/hakujen-yllapito\/","og_locale":"fi_FI","og_type":"article","og_title":"Tallennettujen hakujen luominen ja yll\u00e4pito - Asianhallinta","og_description":"Kun teet uutta tai muutat jo olemassa olevaa hakua, siirry Asiakirjan haku -kohdan kautta Hakujen yll\u00e4pito -v\u00e4lilehdelle. Jos muutat vanhaa hakua, valitse pudotusvalikosta haluamasi haku ja paina Muuta -painiketta. Jos olet laatimassa uutta hakua, paina Luo uusi -haku. Haun nime\u00e4minen Nime\u00e4 hakusi yksinkertaisesti ja selke\u00e4sti. My\u00f6s vuosim\u00e4\u00e4reen k\u00e4ytt\u00f6 on suositeltavaa.&nbsp;Jos hakusi&nbsp;on&nbsp;kohdennettu tietylle tukipalvelulle tai yksik\u00f6lle, [&hellip;]","og_url":"https:\/\/help.jamk.fi\/asianhallinta\/fi\/8-haku\/hakujen-yllapito\/","og_site_name":"Asianhallinta","article_modified_time":"2024-01-19T13:16:50+00:00","og_image":[{"url":"https:\/\/help.jamk.fi\/asianhallinta\/wp-content\/uploads\/sites\/53\/2023\/07\/Hakujen-yllapito.png","type":"","width":"","height":""}],"twitter_card":"summary_large_image","twitter_misc":{"Arvioitu lukuaika":"4 minuuttia"},"schema":{"@context":"https:\/\/schema.org","@graph":[{"@type":"WebPage","@id":"https:\/\/help.jamk.fi\/asianhallinta\/fi\/8-haku\/hakujen-yllapito\/","url":"https:\/\/help.jamk.fi\/asianhallinta\/fi\/8-haku\/hakujen-yllapito\/","name":"Tallennettujen hakujen luominen ja yll\u00e4pito - Asianhallinta","isPartOf":{"@id":"https:\/\/help.jamk.fi\/asianhallinta\/#website"},"primaryImageOfPage":{"@id":"https:\/\/help.jamk.fi\/asianhallinta\/fi\/8-haku\/hakujen-yllapito\/#primaryimage"},"image":{"@id":"https:\/\/help.jamk.fi\/asianhallinta\/fi\/8-haku\/hakujen-yllapito\/#primaryimage"},"thumbnailUrl":"https:\/\/help.jamk.fi\/asianhallinta\/wp-content\/uploads\/sites\/53\/2023\/07\/Hakujen-yllapito.png","datePublished":"2013-05-10T09:38:10+00:00","dateModified":"2024-01-19T13:16:50+00:00","breadcrumb":{"@id":"https:\/\/help.jamk.fi\/asianhallinta\/fi\/8-haku\/hakujen-yllapito\/#breadcrumb"},"inLanguage":"fi","potentialAction":[{"@type":"ReadAction","target":["https:\/\/help.jamk.fi\/asianhallinta\/fi\/8-haku\/hakujen-yllapito\/"]}]},{"@type":"ImageObject","inLanguage":"fi","@id":"https:\/\/help.jamk.fi\/asianhallinta\/fi\/8-haku\/hakujen-yllapito\/#primaryimage","url":"https:\/\/help.jamk.fi\/asianhallinta\/wp-content\/uploads\/sites\/53\/2023\/07\/Hakujen-yllapito.png","contentUrl":"https:\/\/help.jamk.fi\/asianhallinta\/wp-content\/uploads\/sites\/53\/2023\/07\/Hakujen-yllapito.png","width":841,"height":382,"caption":"Hakujen yll\u00e4pito -valikko"},{"@type":"BreadcrumbList","@id":"https:\/\/help.jamk.fi\/asianhallinta\/fi\/8-haku\/hakujen-yllapito\/#breadcrumb","itemListElement":[{"@type":"ListItem","position":1,"name":"Etusivu","item":"https:\/\/help.jamk.fi\/asianhallinta\/"},{"@type":"ListItem","position":2,"name":"8 Haku","item":"https:\/\/help.jamk.fi\/asianhallinta\/fi\/8-haku\/"},{"@type":"ListItem","position":3,"name":"Tallennettujen hakujen luominen ja yll\u00e4pito"}]},{"@type":"WebSite","@id":"https:\/\/help.jamk.fi\/asianhallinta\/#website","url":"https:\/\/help.jamk.fi\/asianhallinta\/","name":"Asianhallinta","description":"","potentialAction":[{"@type":"SearchAction","target":{"@type":"EntryPoint","urlTemplate":"https:\/\/help.jamk.fi\/asianhallinta\/?s={search_term_string}"},"query-input":{"@type":"PropertyValueSpecification","valueRequired":true,"valueName":"search_term_string"}}],"inLanguage":"fi"}]}},"_links":{"self":[{"href":"https:\/\/help.jamk.fi\/asianhallinta\/wp-json\/wp\/v2\/pages\/291","targetHints":{"allow":["GET"]}}],"collection":[{"href":"https:\/\/help.jamk.fi\/asianhallinta\/wp-json\/wp\/v2\/pages"}],"about":[{"href":"https:\/\/help.jamk.fi\/asianhallinta\/wp-json\/wp\/v2\/types\/page"}],"author":[{"embeddable":true,"href":"https:\/\/help.jamk.fi\/asianhallinta\/wp-json\/wp\/v2\/users\/94"}],"replies":[{"embeddable":true,"href":"https:\/\/help.jamk.fi\/asianhallinta\/wp-json\/wp\/v2\/comments?post=291"}],"version-history":[{"count":9,"href":"https:\/\/help.jamk.fi\/asianhallinta\/wp-json\/wp\/v2\/pages\/291\/revisions"}],"predecessor-version":[{"id":1848,"href":"https:\/\/help.jamk.fi\/asianhallinta\/wp-json\/wp\/v2\/pages\/291\/revisions\/1848"}],"up":[{"embeddable":true,"href":"https:\/\/help.jamk.fi\/asianhallinta\/wp-json\/wp\/v2\/pages\/261"}],"wp:attachment":[{"href":"https:\/\/help.jamk.fi\/asianhallinta\/wp-json\/wp\/v2\/media?parent=291"}],"wp:term":[{"taxonomy":"category","embeddable":true,"href":"https:\/\/help.jamk.fi\/asianhallinta\/wp-json\/wp\/v2\/categories?post=291"},{"taxonomy":"post_tag","embeddable":true,"href":"https:\/\/help.jamk.fi\/asianhallinta\/wp-json\/wp\/v2\/tags?post=291"}],"curies":[{"name":"wp","href":"https:\/\/api.w.org\/{rel}","templated":true}]}}