{"id":370,"date":"2012-12-13T11:41:31","date_gmt":"2012-12-13T09:41:31","guid":{"rendered":"https:\/\/help.jamk.fi\/asiakirjahallinto\/esimerkkisivu\/2-asiakirjan-laatiminen-ja-muokkaaminen\/asiakirjan-merkitseminen-valmiiksi\/"},"modified":"2024-10-22T14:04:03","modified_gmt":"2024-10-22T11:04:03","slug":"asiakirjan-merkitseminen-valmiiksi","status":"publish","type":"page","link":"https:\/\/help.jamk.fi\/asianhallinta\/fi\/2-asiakirjan-laatiminen-ja-muokkaaminen\/asiakirjan-merkitseminen-valmiiksi\/","title":{"rendered":"Asiakirjan merkitseminen valmiiksi"},"content":{"rendered":"\n<p>Kun asiakirjan k\u00e4sittely p\u00e4\u00e4ttyy (hyv\u00e4ksytty\/ allekirjoitettu) ja siihen ei ole tarkoitus tehd\u00e4 en\u00e4\u00e4 muutoksia, se&nbsp;merkit\u00e4\u00e4n valmiiksi. T\u00e4m\u00e4 tarkoittaa sit\u00e4, ett\u00e4 asiakirjakortille liitetty<strong><em> tiedosto lukkiutuu, eik\u00e4 siihen voi tehd\u00e4 en\u00e4\u00e4 muutoksia<\/em><\/strong>. Varsinaiselle asiakirjakortille muutoksia voi edelleen tehd\u00e4. Valmista asiakirjaa ei voi en\u00e4\u00e4 poistaa.<\/p>\n\n\n\n<p>Asiakirjan valmiiksi merkitseminen aktivoi sille m\u00e4\u00e4ritetyt ohjaustiedot, kuten esimerkiksi s\u00e4ilytysajan sek\u00e4 mahdollisen salassapito-ajan.<\/p>\n\n\n\n<h2 class=\"wp-block-heading\">Merkitse valmiiksi<\/h2>\n\n\n\n<p><strong><em>Merkitse valmiiksi<\/em><\/strong> -painikkeen saat n\u00e4kyviin varaamalla asiakirjakortin <em><strong>Varaa<\/strong><\/em>-painikkeesta.<\/p>\n\n\n<div class=\"wp-block-image\">\n<figure class=\"aligncenter size-full is-resized\"><img decoding=\"async\" src=\"https:\/\/help.jamk.fi\/asiakirjahallinto\/wp-content\/uploads\/sites\/53\/2023\/07\/valikko-4.png\" alt=\"N\u00e4kym\u00e4 asiakirjakortista, joka on varattu. Korostettu painike Merkitse valmiiksi.\" class=\"wp-image-317\" style=\"width:562px;height:386px\"\/><figcaption class=\"wp-element-caption\"><strong><em>Merkitse valmiiksi<\/em>-painike<\/strong><\/figcaption><\/figure>\n<\/div>\n\n\n<p>Saat n\u00e4kym\u00e4\u00e4n varmistusikkunaan, johon vastataan OK.<\/p>\n\n\n<div class=\"wp-block-image\">\n<figure class=\"aligncenter size-full is-resized\"><img decoding=\"async\" src=\"https:\/\/help.jamk.fi\/asiakirjahallinto\/wp-content\/uploads\/sites\/53\/2023\/07\/Merkitse-valmiiksi-nakumajpg.jpg\" alt=\"Ilmoitus asiakirjan valmiiksi merkitsemisest\u00e4. K\u00e4ytt\u00e4j\u00e4lle kerrotaan, ettei tiedostoa voi en\u00e4\u00e4 muokata valmiiksimerkitsemisen j\u00e4lkeen.\" class=\"wp-image-507\" style=\"width:331px;height:114px\"\/><figcaption class=\"wp-element-caption\"><strong>Ilmoitusviesti<\/strong><\/figcaption><\/figure>\n<\/div>\n\n\n<p>T\u00e4m\u00e4n j\u00e4lkeen n\u00e4kym\u00e4 siirtyy asiakirjakortille. Paina <em><strong>Vapauta<\/strong><\/em> -painiketta ja asiakirjan k\u00e4sittely p\u00e4\u00e4ttyy.<\/p>\n\n\n<div class=\"wp-block-image\">\n<figure class=\"aligncenter size-full is-resized\"><img decoding=\"async\" src=\"https:\/\/help.jamk.fi\/asiakirjahallinto\/wp-content\/uploads\/sites\/53\/2023\/07\/valmis-vapauta.jpg\" alt=\"N\u00e4kym\u00e4 asiakirjakortista. Korostettu Vapauta-painike.\" class=\"wp-image-508\" style=\"width:591px;height:195px\"\/><figcaption class=\"wp-element-caption\"><strong>Asiakirjakortin vapauttaminen<\/strong><\/figcaption><\/figure>\n<\/div>\n\n\n<h2 class=\"wp-block-heading\">Asiakirjan tietoja voi muuttaa<\/h2>\n\n\n\n<p>Kun asiakirja&nbsp;on merkitty valmiiksi, asiakirjakortin tietoja voidaan edelleen muokata. Varaa asiakirjakortti ja tee tarvittavat muutokset. Muista tallentaa asiakirjakortille tekem\u00e4si muutokset.<\/p>\n\n\n<div id=\"link-lifts-block_f1699344241adb330a448281ea8cb505\" class=\"link-lifts block-link-lifts\">\n  <div class=\"row\">\n            <div class=\"col-12 col-lg-4 block-link-lifts__column\">\n          <div class=\"block-link-lifts__item lilac\">\n            <h3 class=\"block-link-lifts__item--heading\">Video-ohjeet<\/h3>\n                          <ul class=\"block-link-lifts__item--link-list\">\n                                                                        <li>\n                                              <a class=\"link-list lock\" href=\"https:\/\/panopto.jamk.fi\/Panopto\/Pages\/Viewer.aspx?id=55ecf75c-533d-4389-b5ad-ab79008fc11c\" target=\"_self\" >Asiakirjan merkitseminen valmiiksi (Panopto, vaatii kirjautumisen)<i  ><svg aria-hidden=\"true\" viewBox=\"0 0 24 24\" fill=\"none\" xmlns=\"http:\/\/www.w3.org\/2000\/svg\"><g clip-path=\"url(#clip0_1574_4368)\"><circle cx=\"12\" cy=\"12\" r=\"12\" fill=\"#0D004C\"\/><g clip-path=\"url(#clip1_1574_4368)\" fill=\"#fff\"><path d=\"M15.637 11.107v-2.68c0-1.967-1.632-3.57-3.637-3.57S8.363 6.46 8.363 8.43v2.68c-.752 0-1.363.6-1.363 1.338v5.357c0 .739.613 1.339 1.363 1.339h7.272c.752 0 1.363-.6 1.363-1.34v-5.356c0-.738-.61-1.339-1.363-1.339l.002-.001zM9.272 8.429c0-1.477 1.224-2.68 2.728-2.68 1.504 0 2.728 1.201 2.728 2.68v2.68H9.272v-2.68zm6.818 9.375a.451.451 0 01-.455.446H8.363a.45.45 0 01-.454-.446v-5.357a.45.45 0 01.454-.446h7.272c.251 0 .455.2.455.446v5.357z\"\/><path d=\"M12 13.34c-.503 0-.91.4-.91.892 0 .33.185.615.455.77v1.017a.45.45 0 00.455.446.45.45 0 00.454-.446v-1.017a.887.887 0 00.454-.77.902.902 0 00-.908-.892z\"\/><\/g><\/g><defs><clipPath id=\"clip0_1574_4368\"><path fill=\"#fff\" d=\"M0 0h24v24H0z\"\/><\/clipPath><clipPath id=\"clip1_1574_4368\"><path fill=\"#fff\" transform=\"translate(7 4.857)\" d=\"M0 0h10v14.286H0z\"\/><\/clipPath><\/defs><\/svg><\/i><\/a>\n                                          <\/li>\n                                                <\/ul>\n            \n          <\/div>\n        <\/div>\n      <\/div>\n<\/div>","protected":false},"excerpt":{"rendered":"<p>Kun asiakirjan k\u00e4sittely p\u00e4\u00e4ttyy (hyv\u00e4ksytty\/ allekirjoitettu) ja siihen ei ole tarkoitus tehd\u00e4 en\u00e4\u00e4 muutoksia, se&nbsp;merkit\u00e4\u00e4n valmiiksi. T\u00e4m\u00e4 tarkoittaa sit\u00e4, ett\u00e4 asiakirjakortille liitetty tiedosto lukkiutuu, eik\u00e4 siihen voi tehd\u00e4 en\u00e4\u00e4 muutoksia. Varsinaiselle asiakirjakortille muutoksia voi edelleen tehd\u00e4. Valmista asiakirjaa ei voi en\u00e4\u00e4 poistaa. Asiakirjan valmiiksi merkitseminen aktivoi sille m\u00e4\u00e4ritetyt ohjaustiedot, kuten esimerkiksi s\u00e4ilytysajan sek\u00e4 mahdollisen salassapito-ajan. [&hellip;]<\/p>\n","protected":false},"author":94,"featured_media":0,"parent":80,"menu_order":370,"comment_status":"closed","ping_status":"closed","template":"","meta":{"_acf_changed":false,"_relevanssi_hide_post":"","_relevanssi_hide_content":"","_relevanssi_pin_for_all":"","_relevanssi_pin_keywords":"","_relevanssi_unpin_keywords":"","_relevanssi_related_keywords":"","_relevanssi_related_include_ids":"","_relevanssi_related_exclude_ids":"","_relevanssi_related_no_append":"","_relevanssi_related_not_related":"","_relevanssi_related_posts":"","_relevanssi_noindex_reason":"","footnotes":""},"categories":[],"tags":[75,613,39,615],"class_list":["post-370","page","type-page","status-publish","hentry","tag-asiakirja","tag-asiakirjan-merkitseminen-valmiiksi-fi","tag-tweb","tag-valmis-fi"],"acf":[],"yoast_head":"<!-- This site is optimized with the Yoast SEO plugin v27.3 - https:\/\/yoast.com\/product\/yoast-seo-wordpress\/ -->\n<title>Asiakirjan merkitseminen valmiiksi - Asianhallinta<\/title>\n<meta name=\"robots\" content=\"index, follow, max-snippet:-1, max-image-preview:large, max-video-preview:-1\" \/>\n<link rel=\"canonical\" href=\"https:\/\/help.jamk.fi\/asianhallinta\/fi\/2-asiakirjan-laatiminen-ja-muokkaaminen\/asiakirjan-merkitseminen-valmiiksi\/\" \/>\n<meta property=\"og:locale\" content=\"fi_FI\" \/>\n<meta property=\"og:type\" content=\"article\" \/>\n<meta property=\"og:title\" content=\"Asiakirjan merkitseminen valmiiksi - Asianhallinta\" \/>\n<meta property=\"og:description\" content=\"Kun asiakirjan k\u00e4sittely p\u00e4\u00e4ttyy (hyv\u00e4ksytty\/ allekirjoitettu) ja siihen ei ole tarkoitus tehd\u00e4 en\u00e4\u00e4 muutoksia, se&nbsp;merkit\u00e4\u00e4n valmiiksi. T\u00e4m\u00e4 tarkoittaa sit\u00e4, ett\u00e4 asiakirjakortille liitetty tiedosto lukkiutuu, eik\u00e4 siihen voi tehd\u00e4 en\u00e4\u00e4 muutoksia. Varsinaiselle asiakirjakortille muutoksia voi edelleen tehd\u00e4. Valmista asiakirjaa ei voi en\u00e4\u00e4 poistaa. Asiakirjan valmiiksi merkitseminen aktivoi sille m\u00e4\u00e4ritetyt ohjaustiedot, kuten esimerkiksi s\u00e4ilytysajan sek\u00e4 mahdollisen salassapito-ajan. [&hellip;]\" \/>\n<meta property=\"og:url\" content=\"https:\/\/help.jamk.fi\/asianhallinta\/fi\/2-asiakirjan-laatiminen-ja-muokkaaminen\/asiakirjan-merkitseminen-valmiiksi\/\" \/>\n<meta property=\"og:site_name\" content=\"Asianhallinta\" \/>\n<meta property=\"article:modified_time\" content=\"2024-10-22T11:04:03+00:00\" \/>\n<meta property=\"og:image\" content=\"https:\/\/help.jamk.fi\/asiakirjahallinto\/wp-content\/uploads\/sites\/53\/2023\/07\/valikko-4.png\" \/>\n<meta name=\"twitter:card\" content=\"summary_large_image\" \/>\n<meta name=\"twitter:label1\" content=\"Arvioitu lukuaika\" \/>\n\t<meta name=\"twitter:data1\" content=\"2 minuuttia\" \/>\n<script type=\"application\/ld+json\" class=\"yoast-schema-graph\">{\"@context\":\"https:\\\/\\\/schema.org\",\"@graph\":[{\"@type\":\"WebPage\",\"@id\":\"https:\\\/\\\/help.jamk.fi\\\/asianhallinta\\\/fi\\\/2-asiakirjan-laatiminen-ja-muokkaaminen\\\/asiakirjan-merkitseminen-valmiiksi\\\/\",\"url\":\"https:\\\/\\\/help.jamk.fi\\\/asianhallinta\\\/fi\\\/2-asiakirjan-laatiminen-ja-muokkaaminen\\\/asiakirjan-merkitseminen-valmiiksi\\\/\",\"name\":\"Asiakirjan merkitseminen valmiiksi - Asianhallinta\",\"isPartOf\":{\"@id\":\"https:\\\/\\\/help.jamk.fi\\\/asianhallinta\\\/#website\"},\"primaryImageOfPage\":{\"@id\":\"https:\\\/\\\/help.jamk.fi\\\/asianhallinta\\\/fi\\\/2-asiakirjan-laatiminen-ja-muokkaaminen\\\/asiakirjan-merkitseminen-valmiiksi\\\/#primaryimage\"},\"image\":{\"@id\":\"https:\\\/\\\/help.jamk.fi\\\/asianhallinta\\\/fi\\\/2-asiakirjan-laatiminen-ja-muokkaaminen\\\/asiakirjan-merkitseminen-valmiiksi\\\/#primaryimage\"},\"thumbnailUrl\":\"https:\\\/\\\/help.jamk.fi\\\/asiakirjahallinto\\\/wp-content\\\/uploads\\\/sites\\\/53\\\/2023\\\/07\\\/valikko-4.png\",\"datePublished\":\"2012-12-13T09:41:31+00:00\",\"dateModified\":\"2024-10-22T11:04:03+00:00\",\"breadcrumb\":{\"@id\":\"https:\\\/\\\/help.jamk.fi\\\/asianhallinta\\\/fi\\\/2-asiakirjan-laatiminen-ja-muokkaaminen\\\/asiakirjan-merkitseminen-valmiiksi\\\/#breadcrumb\"},\"inLanguage\":\"fi\",\"potentialAction\":[{\"@type\":\"ReadAction\",\"target\":[\"https:\\\/\\\/help.jamk.fi\\\/asianhallinta\\\/fi\\\/2-asiakirjan-laatiminen-ja-muokkaaminen\\\/asiakirjan-merkitseminen-valmiiksi\\\/\"]}]},{\"@type\":\"ImageObject\",\"inLanguage\":\"fi\",\"@id\":\"https:\\\/\\\/help.jamk.fi\\\/asianhallinta\\\/fi\\\/2-asiakirjan-laatiminen-ja-muokkaaminen\\\/asiakirjan-merkitseminen-valmiiksi\\\/#primaryimage\",\"url\":\"https:\\\/\\\/help.jamk.fi\\\/asiakirjahallinto\\\/wp-content\\\/uploads\\\/sites\\\/53\\\/2023\\\/07\\\/valikko-4.png\",\"contentUrl\":\"https:\\\/\\\/help.jamk.fi\\\/asiakirjahallinto\\\/wp-content\\\/uploads\\\/sites\\\/53\\\/2023\\\/07\\\/valikko-4.png\"},{\"@type\":\"BreadcrumbList\",\"@id\":\"https:\\\/\\\/help.jamk.fi\\\/asianhallinta\\\/fi\\\/2-asiakirjan-laatiminen-ja-muokkaaminen\\\/asiakirjan-merkitseminen-valmiiksi\\\/#breadcrumb\",\"itemListElement\":[{\"@type\":\"ListItem\",\"position\":1,\"name\":\"Etusivu\",\"item\":\"https:\\\/\\\/help.jamk.fi\\\/asianhallinta\\\/\"},{\"@type\":\"ListItem\",\"position\":2,\"name\":\"3 Asiakirja\",\"item\":\"https:\\\/\\\/help.jamk.fi\\\/asianhallinta\\\/fi\\\/2-asiakirjan-laatiminen-ja-muokkaaminen\\\/\"},{\"@type\":\"ListItem\",\"position\":3,\"name\":\"Asiakirjan merkitseminen valmiiksi\"}]},{\"@type\":\"WebSite\",\"@id\":\"https:\\\/\\\/help.jamk.fi\\\/asianhallinta\\\/#website\",\"url\":\"https:\\\/\\\/help.jamk.fi\\\/asianhallinta\\\/\",\"name\":\"Asianhallinta\",\"description\":\"\",\"potentialAction\":[{\"@type\":\"SearchAction\",\"target\":{\"@type\":\"EntryPoint\",\"urlTemplate\":\"https:\\\/\\\/help.jamk.fi\\\/asianhallinta\\\/?s={search_term_string}\"},\"query-input\":{\"@type\":\"PropertyValueSpecification\",\"valueRequired\":true,\"valueName\":\"search_term_string\"}}],\"inLanguage\":\"fi\"}]}<\/script>\n<!-- \/ Yoast SEO plugin. -->","yoast_head_json":{"title":"Asiakirjan merkitseminen valmiiksi - Asianhallinta","robots":{"index":"index","follow":"follow","max-snippet":"max-snippet:-1","max-image-preview":"max-image-preview:large","max-video-preview":"max-video-preview:-1"},"canonical":"https:\/\/help.jamk.fi\/asianhallinta\/fi\/2-asiakirjan-laatiminen-ja-muokkaaminen\/asiakirjan-merkitseminen-valmiiksi\/","og_locale":"fi_FI","og_type":"article","og_title":"Asiakirjan merkitseminen valmiiksi - Asianhallinta","og_description":"Kun asiakirjan k\u00e4sittely p\u00e4\u00e4ttyy (hyv\u00e4ksytty\/ allekirjoitettu) ja siihen ei ole tarkoitus tehd\u00e4 en\u00e4\u00e4 muutoksia, se&nbsp;merkit\u00e4\u00e4n valmiiksi. T\u00e4m\u00e4 tarkoittaa sit\u00e4, ett\u00e4 asiakirjakortille liitetty tiedosto lukkiutuu, eik\u00e4 siihen voi tehd\u00e4 en\u00e4\u00e4 muutoksia. Varsinaiselle asiakirjakortille muutoksia voi edelleen tehd\u00e4. Valmista asiakirjaa ei voi en\u00e4\u00e4 poistaa. Asiakirjan valmiiksi merkitseminen aktivoi sille m\u00e4\u00e4ritetyt ohjaustiedot, kuten esimerkiksi s\u00e4ilytysajan sek\u00e4 mahdollisen salassapito-ajan. [&hellip;]","og_url":"https:\/\/help.jamk.fi\/asianhallinta\/fi\/2-asiakirjan-laatiminen-ja-muokkaaminen\/asiakirjan-merkitseminen-valmiiksi\/","og_site_name":"Asianhallinta","article_modified_time":"2024-10-22T11:04:03+00:00","og_image":[{"url":"https:\/\/help.jamk.fi\/asiakirjahallinto\/wp-content\/uploads\/sites\/53\/2023\/07\/valikko-4.png","type":"","width":"","height":""}],"twitter_card":"summary_large_image","twitter_misc":{"Arvioitu lukuaika":"2 minuuttia"},"schema":{"@context":"https:\/\/schema.org","@graph":[{"@type":"WebPage","@id":"https:\/\/help.jamk.fi\/asianhallinta\/fi\/2-asiakirjan-laatiminen-ja-muokkaaminen\/asiakirjan-merkitseminen-valmiiksi\/","url":"https:\/\/help.jamk.fi\/asianhallinta\/fi\/2-asiakirjan-laatiminen-ja-muokkaaminen\/asiakirjan-merkitseminen-valmiiksi\/","name":"Asiakirjan merkitseminen valmiiksi - Asianhallinta","isPartOf":{"@id":"https:\/\/help.jamk.fi\/asianhallinta\/#website"},"primaryImageOfPage":{"@id":"https:\/\/help.jamk.fi\/asianhallinta\/fi\/2-asiakirjan-laatiminen-ja-muokkaaminen\/asiakirjan-merkitseminen-valmiiksi\/#primaryimage"},"image":{"@id":"https:\/\/help.jamk.fi\/asianhallinta\/fi\/2-asiakirjan-laatiminen-ja-muokkaaminen\/asiakirjan-merkitseminen-valmiiksi\/#primaryimage"},"thumbnailUrl":"https:\/\/help.jamk.fi\/asiakirjahallinto\/wp-content\/uploads\/sites\/53\/2023\/07\/valikko-4.png","datePublished":"2012-12-13T09:41:31+00:00","dateModified":"2024-10-22T11:04:03+00:00","breadcrumb":{"@id":"https:\/\/help.jamk.fi\/asianhallinta\/fi\/2-asiakirjan-laatiminen-ja-muokkaaminen\/asiakirjan-merkitseminen-valmiiksi\/#breadcrumb"},"inLanguage":"fi","potentialAction":[{"@type":"ReadAction","target":["https:\/\/help.jamk.fi\/asianhallinta\/fi\/2-asiakirjan-laatiminen-ja-muokkaaminen\/asiakirjan-merkitseminen-valmiiksi\/"]}]},{"@type":"ImageObject","inLanguage":"fi","@id":"https:\/\/help.jamk.fi\/asianhallinta\/fi\/2-asiakirjan-laatiminen-ja-muokkaaminen\/asiakirjan-merkitseminen-valmiiksi\/#primaryimage","url":"https:\/\/help.jamk.fi\/asiakirjahallinto\/wp-content\/uploads\/sites\/53\/2023\/07\/valikko-4.png","contentUrl":"https:\/\/help.jamk.fi\/asiakirjahallinto\/wp-content\/uploads\/sites\/53\/2023\/07\/valikko-4.png"},{"@type":"BreadcrumbList","@id":"https:\/\/help.jamk.fi\/asianhallinta\/fi\/2-asiakirjan-laatiminen-ja-muokkaaminen\/asiakirjan-merkitseminen-valmiiksi\/#breadcrumb","itemListElement":[{"@type":"ListItem","position":1,"name":"Etusivu","item":"https:\/\/help.jamk.fi\/asianhallinta\/"},{"@type":"ListItem","position":2,"name":"3 Asiakirja","item":"https:\/\/help.jamk.fi\/asianhallinta\/fi\/2-asiakirjan-laatiminen-ja-muokkaaminen\/"},{"@type":"ListItem","position":3,"name":"Asiakirjan merkitseminen valmiiksi"}]},{"@type":"WebSite","@id":"https:\/\/help.jamk.fi\/asianhallinta\/#website","url":"https:\/\/help.jamk.fi\/asianhallinta\/","name":"Asianhallinta","description":"","potentialAction":[{"@type":"SearchAction","target":{"@type":"EntryPoint","urlTemplate":"https:\/\/help.jamk.fi\/asianhallinta\/?s={search_term_string}"},"query-input":{"@type":"PropertyValueSpecification","valueRequired":true,"valueName":"search_term_string"}}],"inLanguage":"fi"}]}},"_links":{"self":[{"href":"https:\/\/help.jamk.fi\/asianhallinta\/wp-json\/wp\/v2\/pages\/370","targetHints":{"allow":["GET"]}}],"collection":[{"href":"https:\/\/help.jamk.fi\/asianhallinta\/wp-json\/wp\/v2\/pages"}],"about":[{"href":"https:\/\/help.jamk.fi\/asianhallinta\/wp-json\/wp\/v2\/types\/page"}],"author":[{"embeddable":true,"href":"https:\/\/help.jamk.fi\/asianhallinta\/wp-json\/wp\/v2\/users\/94"}],"replies":[{"embeddable":true,"href":"https:\/\/help.jamk.fi\/asianhallinta\/wp-json\/wp\/v2\/comments?post=370"}],"version-history":[{"count":10,"href":"https:\/\/help.jamk.fi\/asianhallinta\/wp-json\/wp\/v2\/pages\/370\/revisions"}],"predecessor-version":[{"id":1925,"href":"https:\/\/help.jamk.fi\/asianhallinta\/wp-json\/wp\/v2\/pages\/370\/revisions\/1925"}],"up":[{"embeddable":true,"href":"https:\/\/help.jamk.fi\/asianhallinta\/wp-json\/wp\/v2\/pages\/80"}],"wp:attachment":[{"href":"https:\/\/help.jamk.fi\/asianhallinta\/wp-json\/wp\/v2\/media?parent=370"}],"wp:term":[{"taxonomy":"category","embeddable":true,"href":"https:\/\/help.jamk.fi\/asianhallinta\/wp-json\/wp\/v2\/categories?post=370"},{"taxonomy":"post_tag","embeddable":true,"href":"https:\/\/help.jamk.fi\/asianhallinta\/wp-json\/wp\/v2\/tags?post=370"}],"curies":[{"name":"wp","href":"https:\/\/api.w.org\/{rel}","templated":true}]}}