{"id":388,"date":"2013-02-04T12:42:20","date_gmt":"2013-02-04T10:42:20","guid":{"rendered":"https:\/\/help.jamk.fi\/asiakirjahallinto\/esimerkkisivu\/1-1-valikot\/"},"modified":"2024-01-19T14:55:30","modified_gmt":"2024-01-19T12:55:30","slug":"1-1-valikot","status":"publish","type":"page","link":"https:\/\/help.jamk.fi\/asianhallinta\/fi\/1-1-valikot\/","title":{"rendered":"1 Valikot ja termit"},"content":{"rendered":"\n<h2 class=\"wp-block-heading\">Toimeksiannot-valikko<\/h2>\n\n\n\n<p><strong>Toimeksiannot<\/strong>-valikko on er\u00e4\u00e4nlainen Twebin s\u00e4hk\u00f6posti, jossa n\u00e4kyv\u00e4t kaikki sinulle saapuneet ja l\u00e4hett\u00e4m\u00e4si toimeksiannot.<\/p>\n\n\n\n<p>Toimeksiannolla voidaan l\u00e4hett\u00e4\u00e4 asiakirjoja ja asioita&nbsp;k\u00e4sitelt\u00e4viksi (<em>toimeksi, hyv\u00e4ksymispyynt\u00f6, allekirjoituspyynt\u00f6<\/em>) tai <em>tiedoksi<\/em>. Toimeksianto voidaan luoda asiakirjalta, toimeksiannolta tai valikkoikkunan&nbsp; <em>Luo toimeksianto<\/em> \u2013toiminnolla<\/p>\n\n\n\n<p>Jos poistat valikosta toimeksiannon, se ei poista j\u00e4rjestelm\u00e4st\u00e4 siihen liitetty\u00e4 asiakirjaa.<\/p>\n\n\n<div class=\"wp-block-image\">\n<figure class=\"aligncenter size-full\"><img decoding=\"async\" src=\"https:\/\/help.jamk.fi\/asiakirjahallinto\/wp-content\/uploads\/sites\/53\/2023\/07\/toimeksiannot-valikko.jpg\" alt=\"Kuvassa Twebin Toimeksiannot valikko, jossa on s\u00e4hk\u00f6postivalikon tapaan saapuneet, luonnokset, l\u00e4hetetyt ja luo toimeksianto-valikot.\" class=\"wp-image-444\"\/><figcaption class=\"wp-element-caption\">Twebin Toimeksiannot-n\u00e4kym\u00e4<\/figcaption><\/figure>\n<\/div>\n\n\n<h3 class=\"wp-block-heading\">Saapuneet-valikko<\/h3>\n\n\n\n<p><em><strong>Sa<\/strong><\/em><em><strong>apuneet<\/strong><\/em> -valikko sis\u00e4lt\u00e4\u00e4 sinulle saapuneet toimeksiannot. S\u00e4hk\u00f6posti-ilmoituksena saamasi toimeksianto l\u00f6ytyy t\u00e4st\u00e4 valikosta.<\/p>\n\n\n\n<h3 class=\"wp-block-heading\">Luonnokset-valikko<\/h3>\n\n\n\n<p><strong><em>Luonnokset<\/em><\/strong> -valikko sis\u00e4lt\u00e4\u00e4 luettelon k\u00e4ytt\u00e4j\u00e4n l\u00e4hett\u00e4m\u00e4tt\u00f6mist\u00e4, keskener\u00e4isist\u00e4 toimeksiannoista. Voit tarkastella keskener\u00e4ist\u00e4 toimeksiantoa, t\u00e4ydent\u00e4\u00e4 tietoja, liitt\u00e4\u00e4 siihen asiakirjoja sek\u00e4 l\u00e4hett\u00e4\u00e4 sen vastaanottajille.<\/p>\n\n\n\n<h3 class=\"wp-block-heading\">L\u00e4hetetyt-valikko<\/h3>\n\n\n\n<p><strong><em>L\u00e4hetetyt<\/em><\/strong> -valikko on luettelo k\u00e4ytt\u00e4j\u00e4n l\u00e4hett\u00e4mist\u00e4 toimeksiannoista. Voit tarkastella l\u00e4hetetty\u00e4 toimeksiantoa, siihen liitettyj\u00e4 asiakirjoja ja vastaanottajatietoja. Voit l\u00e4hett\u00e4\u00e4 jo l\u00e4hetetyn toimeksiannon uudelleen.<\/p>\n\n\n\n<h3 class=\"wp-block-heading\">Luo toimeksianto-valikko<\/h3>\n\n\n\n<p><em><strong>Luo toimeksianto <\/strong><\/em>-valikon toiminto mahdollistaa uuden toimeksiannon luomisen, asiakirjojen lis\u00e4\u00e4misen toimeksiannolle sek\u00e4 toimeksiannon l\u00e4hett\u00e4misen toisille. Toimeksiantoon on mahdollista liitt\u00e4\u00e4 m\u00e4\u00e4r\u00e4aika ja vastauspyynt\u00f6. Toimeksiannon voi my\u00f6s tehd\u00e4 suoraan asiakirjalta.<\/p>\n\n\n\n<h2 class=\"wp-block-heading\">Asiat-valikko<\/h2>\n\n\n\n<p>Asia on jokin Jamkissa k\u00e4sitelt\u00e4v\u00e4n\u00e4 oleva asiakokonaisuus (esimerkiksi hankinta, auditointi, rekrytointi, lausuntopyynt\u00f6, muutoksenhaku jne.).<\/p>\n\n\n\n<p>Asianhallinnan avulla laaditaan ja k\u00e4sitell\u00e4\u00e4n asiakokonaisuuteen liittyvi\u00e4 asiakirjoja ja toimenpiteit\u00e4 (esimerkiksi lausunnot ja p\u00e4\u00e4t\u00f6kset). Sovelluksen k\u00e4ytt\u00e4j\u00e4t voivat katsella ja muokata asioita ja toimenpiteit\u00e4 k\u00e4ytt\u00f6oikeuksiensa mukaan.<\/p>\n\n\n<div class=\"wp-block-image\">\n<figure class=\"aligncenter size-full is-resized\"><img loading=\"lazy\" decoding=\"async\" width=\"226\" height=\"139\" src=\"https:\/\/help.jamk.fi\/asianhallinta\/wp-content\/uploads\/sites\/53\/2023\/07\/asia-valikko.jpg\" alt=\"\" class=\"wp-image-1047\" style=\"aspect-ratio:1.6258992805755397;width:278px;height:auto\"\/><figcaption class=\"wp-element-caption\">Twebin Asiat-valikko<\/figcaption><\/figure>\n<\/div>\n\n\n<p><strong><em>Asian haku<\/em><\/strong>&#8211; toiminnolla saat n\u00e4ht\u00e4v\u00e4ksesi asiakirjan haun tapaan avattuja asioita.<\/p>\n\n\n\n<p><strong><em>Omat asiat<\/em><\/strong> \u2013 kohdassa voit seurata avaamiasi, vireill\u00e4 olevia asioita. P\u00e4\u00e4tetyt asiat poistuvat t\u00e4st\u00e4 kaniosta.<\/p>\n\n\n\n<p><strong><em>Luo asia<\/em><\/strong> \u2013toiminnolla voit avata uuden asian ja liitt\u00e4\u00e4 siihen jo luotuja asiakirjoja tai tehd\u00e4 asialle suoraan asiakirjoja.<\/p>\n\n\n\n<h2 class=\"wp-block-heading\">Asiakirjat-valikko<\/h2>\n\n\n<div class=\"wp-block-image\">\n<figure class=\"aligncenter size-full\"><img loading=\"lazy\" decoding=\"async\" width=\"230\" height=\"198\" src=\"https:\/\/help.jamk.fi\/asianhallinta\/wp-content\/uploads\/sites\/53\/2023\/07\/Asiakirjat-valikko.jpg\" alt=\"\" class=\"wp-image-1053\"\/><figcaption class=\"wp-element-caption\">Twebin Asiakirjat-valikko<\/figcaption><\/figure>\n<\/div>\n\n\n<h3 class=\"wp-block-heading\">Asiakirjan haku-valikko<\/h3>\n\n\n\n<p><em><strong>Asiakirjan haku: <\/strong><\/em>Asiakirjoja voidaan hakea mm.<\/p>\n\n\n\n<ul class=\"wp-block-list\">\n<li>asiakirjan nimekkeen (otsikon)<\/li>\n\n\n\n<li>laatijan<\/li>\n\n\n\n<li>laatimisajan sek\u00e4<\/li>\n\n\n\n<li>asiakirjatiedoston sis\u00e4ll\u00f6n avulla.<\/li>\n<\/ul>\n\n\n\n<p>Huomaa, ett\u00e4 sis\u00e4lt\u00f6haku ei kohdennu kuvatiedostoihin (mm. skannatut kuvat).<\/p>\n\n\n\n<h3 class=\"wp-block-heading\">Omat asiakirjat-valikko<\/h3>\n\n\n\n<p><em><strong>Omat asiakirjat<\/strong><\/em> -valikosta&nbsp; l\u00f6yd\u00e4t kaikki laatimasi asiakirjat (luonnokset, hyv\u00e4ksytyt ja allekirjoitetut), joita ei ole viel\u00e4 merkitty valmiiksi. Valmiit asiakirjat eli sellaiset, joissa tiedosto on jo lukittu, siirtyv\u00e4t automaattisesti t\u00e4st\u00e4 kansiosta pois. Ne l\u00f6ytyv\u00e4t muilla hakutoiminnoilla.<\/p>\n\n\n\n<h3 class=\"wp-block-heading\">Hae s\u00e4hk\u00f6postista-valikko<\/h3>\n\n\n\n<p><em><strong>Hae s\u00e4hk\u00f6postista<\/strong><\/em>&#8211; toimintoa ei Jamkissa k\u00e4ytet\u00e4. Sen sijaan suositellaan k\u00e4ytett\u00e4v\u00e4ksi <em><strong><a href=\"https:\/\/help.jamk.fi\/asianhallinta\/fi\/11-outlook-ja-msoffice-toiminnot\/\">Tweb Apila-toimintoa<\/a><\/strong><\/em>.  Voit my\u00f6s tulostaa saapuneen s\u00e4hk\u00f6postin PDF-muotoon ja tuoda asiakirjan asiakirjakortille <strong><em>Hae asiakirja levylt\u00e4<\/em><\/strong>-toiminnolla.<\/p>\n\n\n\n<h3 class=\"wp-block-heading\">Luo asiakirja-valikko<\/h3>\n\n\n\n<p><em><strong>Luo asiakirja<\/strong><\/em>-valikosta voit ryhty\u00e4 tekem\u00e4\u00e4n uutta asiakirjaa.<\/p>\n\n\n\n<p>Asiakirjan luonnin yhteydess\u00e4 t\u00e4ydennet\u00e4\u00e4n asiakirjan metatiedot. Ensin luodaan asiakirjakortti, ns. metatietokortti. Sinun tulee vain valita teht\u00e4v\u00e4luokitus ja siihen liittyv\u00e4 asiakirjatyypin&nbsp; ja kirjoitat otsikon.<\/p>\n\n\n\n<p>Valitessasi teht\u00e4v\u00e4luokituksen ja asiakirjatyypin, sidot asiakirjasi tiedonohjaussuunnitelman (TOS) kautta asiakirjahallinnon piiriin.<\/p>\n\n\n\n<p>Asiakirjakortille laadittavan asiakirjan voit tehd\u00e4 valmiille asiakirjapohjille tai tuoda ulkoiselta tallennusv\u00e4lineelt\u00e4. Oikeudet asiakirjoille t\u00e4ydentyv\u00e4t&nbsp; joko taustaj\u00e4rjestelm\u00e4st\u00e4 tai voit m\u00e4\u00e4ritt\u00e4\u00e4 ne itse. Asiakirjakortille luotava tiedosto voi olla mm. Word-, Excel-, PowerPoint, Visio-, PDF -tiedosto tai skannattu asiakirja, kuva.<\/p>\n","protected":false},"excerpt":{"rendered":"<p>Toimeksiannot-valikko Toimeksiannot-valikko on er\u00e4\u00e4nlainen Twebin s\u00e4hk\u00f6posti, jossa n\u00e4kyv\u00e4t kaikki sinulle saapuneet ja l\u00e4hett\u00e4m\u00e4si toimeksiannot. Toimeksiannolla voidaan l\u00e4hett\u00e4\u00e4 asiakirjoja ja asioita&nbsp;k\u00e4sitelt\u00e4viksi (toimeksi, hyv\u00e4ksymispyynt\u00f6, allekirjoituspyynt\u00f6) tai tiedoksi. Toimeksianto voidaan luoda asiakirjalta, toimeksiannolta tai valikkoikkunan&nbsp; Luo toimeksianto \u2013toiminnolla Jos poistat valikosta toimeksiannon, se ei poista j\u00e4rjestelm\u00e4st\u00e4 siihen liitetty\u00e4 asiakirjaa. Saapuneet-valikko Saapuneet -valikko sis\u00e4lt\u00e4\u00e4 sinulle saapuneet toimeksiannot. S\u00e4hk\u00f6posti-ilmoituksena saamasi [&hellip;]<\/p>\n","protected":false},"author":94,"featured_media":0,"parent":0,"menu_order":100,"comment_status":"closed","ping_status":"closed","template":"","meta":{"_acf_changed":false,"_relevanssi_hide_post":"","_relevanssi_hide_content":"","_relevanssi_pin_for_all":"","_relevanssi_pin_keywords":"","_relevanssi_unpin_keywords":"","_relevanssi_related_keywords":"","_relevanssi_related_include_ids":"","_relevanssi_related_exclude_ids":"","_relevanssi_related_no_append":"","_relevanssi_related_not_related":"","_relevanssi_related_posts":"18,24,21,15,27,12","_relevanssi_noindex_reason":"","footnotes":""},"categories":[],"tags":[447,39,449],"class_list":["post-388","page","type-page","status-publish","hentry","tag-rakenne-fi","tag-tweb","tag-valikot-fi"],"acf":[],"yoast_head":"<!-- This site is optimized with the Yoast SEO plugin v27.3 - https:\/\/yoast.com\/product\/yoast-seo-wordpress\/ -->\n<title>1 Valikot ja termit - Asianhallinta<\/title>\n<meta name=\"robots\" content=\"index, follow, max-snippet:-1, max-image-preview:large, max-video-preview:-1\" \/>\n<link rel=\"canonical\" href=\"https:\/\/help.jamk.fi\/asianhallinta\/fi\/1-1-valikot\/\" \/>\n<meta property=\"og:locale\" content=\"fi_FI\" \/>\n<meta property=\"og:type\" content=\"article\" \/>\n<meta property=\"og:title\" content=\"1 Valikot ja termit - Asianhallinta\" \/>\n<meta property=\"og:description\" content=\"Toimeksiannot-valikko Toimeksiannot-valikko on er\u00e4\u00e4nlainen Twebin s\u00e4hk\u00f6posti, jossa n\u00e4kyv\u00e4t kaikki sinulle saapuneet ja l\u00e4hett\u00e4m\u00e4si toimeksiannot. Toimeksiannolla voidaan l\u00e4hett\u00e4\u00e4 asiakirjoja ja asioita&nbsp;k\u00e4sitelt\u00e4viksi (toimeksi, hyv\u00e4ksymispyynt\u00f6, allekirjoituspyynt\u00f6) tai tiedoksi. Toimeksianto voidaan luoda asiakirjalta, toimeksiannolta tai valikkoikkunan&nbsp; Luo toimeksianto \u2013toiminnolla Jos poistat valikosta toimeksiannon, se ei poista j\u00e4rjestelm\u00e4st\u00e4 siihen liitetty\u00e4 asiakirjaa. Saapuneet-valikko Saapuneet -valikko sis\u00e4lt\u00e4\u00e4 sinulle saapuneet toimeksiannot. S\u00e4hk\u00f6posti-ilmoituksena saamasi [&hellip;]\" \/>\n<meta property=\"og:url\" content=\"https:\/\/help.jamk.fi\/asianhallinta\/fi\/1-1-valikot\/\" \/>\n<meta property=\"og:site_name\" content=\"Asianhallinta\" \/>\n<meta property=\"article:modified_time\" content=\"2024-01-19T12:55:30+00:00\" \/>\n<meta property=\"og:image\" content=\"https:\/\/help.jamk.fi\/asiakirjahallinto\/wp-content\/uploads\/sites\/53\/2023\/07\/toimeksiannot-valikko.jpg\" \/>\n<meta name=\"twitter:card\" content=\"summary_large_image\" \/>\n<meta name=\"twitter:label1\" content=\"Arvioitu lukuaika\" \/>\n\t<meta name=\"twitter:data1\" content=\"4 minuuttia\" \/>\n<script type=\"application\/ld+json\" class=\"yoast-schema-graph\">{\"@context\":\"https:\\\/\\\/schema.org\",\"@graph\":[{\"@type\":\"WebPage\",\"@id\":\"https:\\\/\\\/help.jamk.fi\\\/asianhallinta\\\/fi\\\/1-1-valikot\\\/\",\"url\":\"https:\\\/\\\/help.jamk.fi\\\/asianhallinta\\\/fi\\\/1-1-valikot\\\/\",\"name\":\"1 Valikot ja termit - Asianhallinta\",\"isPartOf\":{\"@id\":\"https:\\\/\\\/help.jamk.fi\\\/asianhallinta\\\/#website\"},\"primaryImageOfPage\":{\"@id\":\"https:\\\/\\\/help.jamk.fi\\\/asianhallinta\\\/fi\\\/1-1-valikot\\\/#primaryimage\"},\"image\":{\"@id\":\"https:\\\/\\\/help.jamk.fi\\\/asianhallinta\\\/fi\\\/1-1-valikot\\\/#primaryimage\"},\"thumbnailUrl\":\"https:\\\/\\\/help.jamk.fi\\\/asiakirjahallinto\\\/wp-content\\\/uploads\\\/sites\\\/53\\\/2023\\\/07\\\/toimeksiannot-valikko.jpg\",\"datePublished\":\"2013-02-04T10:42:20+00:00\",\"dateModified\":\"2024-01-19T12:55:30+00:00\",\"breadcrumb\":{\"@id\":\"https:\\\/\\\/help.jamk.fi\\\/asianhallinta\\\/fi\\\/1-1-valikot\\\/#breadcrumb\"},\"inLanguage\":\"fi\",\"potentialAction\":[{\"@type\":\"ReadAction\",\"target\":[\"https:\\\/\\\/help.jamk.fi\\\/asianhallinta\\\/fi\\\/1-1-valikot\\\/\"]}]},{\"@type\":\"ImageObject\",\"inLanguage\":\"fi\",\"@id\":\"https:\\\/\\\/help.jamk.fi\\\/asianhallinta\\\/fi\\\/1-1-valikot\\\/#primaryimage\",\"url\":\"https:\\\/\\\/help.jamk.fi\\\/asiakirjahallinto\\\/wp-content\\\/uploads\\\/sites\\\/53\\\/2023\\\/07\\\/toimeksiannot-valikko.jpg\",\"contentUrl\":\"https:\\\/\\\/help.jamk.fi\\\/asiakirjahallinto\\\/wp-content\\\/uploads\\\/sites\\\/53\\\/2023\\\/07\\\/toimeksiannot-valikko.jpg\"},{\"@type\":\"BreadcrumbList\",\"@id\":\"https:\\\/\\\/help.jamk.fi\\\/asianhallinta\\\/fi\\\/1-1-valikot\\\/#breadcrumb\",\"itemListElement\":[{\"@type\":\"ListItem\",\"position\":1,\"name\":\"Etusivu\",\"item\":\"https:\\\/\\\/help.jamk.fi\\\/asianhallinta\\\/\"},{\"@type\":\"ListItem\",\"position\":2,\"name\":\"1 Valikot ja termit\"}]},{\"@type\":\"WebSite\",\"@id\":\"https:\\\/\\\/help.jamk.fi\\\/asianhallinta\\\/#website\",\"url\":\"https:\\\/\\\/help.jamk.fi\\\/asianhallinta\\\/\",\"name\":\"Asianhallinta\",\"description\":\"\",\"potentialAction\":[{\"@type\":\"SearchAction\",\"target\":{\"@type\":\"EntryPoint\",\"urlTemplate\":\"https:\\\/\\\/help.jamk.fi\\\/asianhallinta\\\/?s={search_term_string}\"},\"query-input\":{\"@type\":\"PropertyValueSpecification\",\"valueRequired\":true,\"valueName\":\"search_term_string\"}}],\"inLanguage\":\"fi\"}]}<\/script>\n<!-- \/ Yoast SEO plugin. -->","yoast_head_json":{"title":"1 Valikot ja termit - Asianhallinta","robots":{"index":"index","follow":"follow","max-snippet":"max-snippet:-1","max-image-preview":"max-image-preview:large","max-video-preview":"max-video-preview:-1"},"canonical":"https:\/\/help.jamk.fi\/asianhallinta\/fi\/1-1-valikot\/","og_locale":"fi_FI","og_type":"article","og_title":"1 Valikot ja termit - Asianhallinta","og_description":"Toimeksiannot-valikko Toimeksiannot-valikko on er\u00e4\u00e4nlainen Twebin s\u00e4hk\u00f6posti, jossa n\u00e4kyv\u00e4t kaikki sinulle saapuneet ja l\u00e4hett\u00e4m\u00e4si toimeksiannot. Toimeksiannolla voidaan l\u00e4hett\u00e4\u00e4 asiakirjoja ja asioita&nbsp;k\u00e4sitelt\u00e4viksi (toimeksi, hyv\u00e4ksymispyynt\u00f6, allekirjoituspyynt\u00f6) tai tiedoksi. Toimeksianto voidaan luoda asiakirjalta, toimeksiannolta tai valikkoikkunan&nbsp; Luo toimeksianto \u2013toiminnolla Jos poistat valikosta toimeksiannon, se ei poista j\u00e4rjestelm\u00e4st\u00e4 siihen liitetty\u00e4 asiakirjaa. Saapuneet-valikko Saapuneet -valikko sis\u00e4lt\u00e4\u00e4 sinulle saapuneet toimeksiannot. S\u00e4hk\u00f6posti-ilmoituksena saamasi [&hellip;]","og_url":"https:\/\/help.jamk.fi\/asianhallinta\/fi\/1-1-valikot\/","og_site_name":"Asianhallinta","article_modified_time":"2024-01-19T12:55:30+00:00","og_image":[{"url":"https:\/\/help.jamk.fi\/asiakirjahallinto\/wp-content\/uploads\/sites\/53\/2023\/07\/toimeksiannot-valikko.jpg","type":"","width":"","height":""}],"twitter_card":"summary_large_image","twitter_misc":{"Arvioitu lukuaika":"4 minuuttia"},"schema":{"@context":"https:\/\/schema.org","@graph":[{"@type":"WebPage","@id":"https:\/\/help.jamk.fi\/asianhallinta\/fi\/1-1-valikot\/","url":"https:\/\/help.jamk.fi\/asianhallinta\/fi\/1-1-valikot\/","name":"1 Valikot ja termit - Asianhallinta","isPartOf":{"@id":"https:\/\/help.jamk.fi\/asianhallinta\/#website"},"primaryImageOfPage":{"@id":"https:\/\/help.jamk.fi\/asianhallinta\/fi\/1-1-valikot\/#primaryimage"},"image":{"@id":"https:\/\/help.jamk.fi\/asianhallinta\/fi\/1-1-valikot\/#primaryimage"},"thumbnailUrl":"https:\/\/help.jamk.fi\/asiakirjahallinto\/wp-content\/uploads\/sites\/53\/2023\/07\/toimeksiannot-valikko.jpg","datePublished":"2013-02-04T10:42:20+00:00","dateModified":"2024-01-19T12:55:30+00:00","breadcrumb":{"@id":"https:\/\/help.jamk.fi\/asianhallinta\/fi\/1-1-valikot\/#breadcrumb"},"inLanguage":"fi","potentialAction":[{"@type":"ReadAction","target":["https:\/\/help.jamk.fi\/asianhallinta\/fi\/1-1-valikot\/"]}]},{"@type":"ImageObject","inLanguage":"fi","@id":"https:\/\/help.jamk.fi\/asianhallinta\/fi\/1-1-valikot\/#primaryimage","url":"https:\/\/help.jamk.fi\/asiakirjahallinto\/wp-content\/uploads\/sites\/53\/2023\/07\/toimeksiannot-valikko.jpg","contentUrl":"https:\/\/help.jamk.fi\/asiakirjahallinto\/wp-content\/uploads\/sites\/53\/2023\/07\/toimeksiannot-valikko.jpg"},{"@type":"BreadcrumbList","@id":"https:\/\/help.jamk.fi\/asianhallinta\/fi\/1-1-valikot\/#breadcrumb","itemListElement":[{"@type":"ListItem","position":1,"name":"Etusivu","item":"https:\/\/help.jamk.fi\/asianhallinta\/"},{"@type":"ListItem","position":2,"name":"1 Valikot ja termit"}]},{"@type":"WebSite","@id":"https:\/\/help.jamk.fi\/asianhallinta\/#website","url":"https:\/\/help.jamk.fi\/asianhallinta\/","name":"Asianhallinta","description":"","potentialAction":[{"@type":"SearchAction","target":{"@type":"EntryPoint","urlTemplate":"https:\/\/help.jamk.fi\/asianhallinta\/?s={search_term_string}"},"query-input":{"@type":"PropertyValueSpecification","valueRequired":true,"valueName":"search_term_string"}}],"inLanguage":"fi"}]}},"_links":{"self":[{"href":"https:\/\/help.jamk.fi\/asianhallinta\/wp-json\/wp\/v2\/pages\/388","targetHints":{"allow":["GET"]}}],"collection":[{"href":"https:\/\/help.jamk.fi\/asianhallinta\/wp-json\/wp\/v2\/pages"}],"about":[{"href":"https:\/\/help.jamk.fi\/asianhallinta\/wp-json\/wp\/v2\/types\/page"}],"author":[{"embeddable":true,"href":"https:\/\/help.jamk.fi\/asianhallinta\/wp-json\/wp\/v2\/users\/94"}],"replies":[{"embeddable":true,"href":"https:\/\/help.jamk.fi\/asianhallinta\/wp-json\/wp\/v2\/comments?post=388"}],"version-history":[{"count":11,"href":"https:\/\/help.jamk.fi\/asianhallinta\/wp-json\/wp\/v2\/pages\/388\/revisions"}],"predecessor-version":[{"id":1845,"href":"https:\/\/help.jamk.fi\/asianhallinta\/wp-json\/wp\/v2\/pages\/388\/revisions\/1845"}],"wp:attachment":[{"href":"https:\/\/help.jamk.fi\/asianhallinta\/wp-json\/wp\/v2\/media?parent=388"}],"wp:term":[{"taxonomy":"category","embeddable":true,"href":"https:\/\/help.jamk.fi\/asianhallinta\/wp-json\/wp\/v2\/categories?post=388"},{"taxonomy":"post_tag","embeddable":true,"href":"https:\/\/help.jamk.fi\/asianhallinta\/wp-json\/wp\/v2\/tags?post=388"}],"curies":[{"name":"wp","href":"https:\/\/api.w.org\/{rel}","templated":true}]}}