{"id":412,"date":"2012-12-17T12:43:47","date_gmt":"2012-12-17T10:43:47","guid":{"rendered":"https:\/\/help.jamk.fi\/asiakirjahallinto\/esimerkkisivu\/7-toimeksiannot\/7-1-saapuneet-toimeksiannot\/"},"modified":"2024-01-19T16:34:16","modified_gmt":"2024-01-19T14:34:16","slug":"7-1-saapuneet-toimeksiannot","status":"publish","type":"page","link":"https:\/\/help.jamk.fi\/asianhallinta\/fi\/7-toimeksiannot\/7-1-saapuneet-toimeksiannot\/","title":{"rendered":"Saapuneet toimeksiannot &#8211; tiedoston avaaminen ja katselu"},"content":{"rendered":"\n<p>Saapuneita toimeksiantoja voit tarkastella <strong><em>Saapuneet<\/em><\/strong> -valikosta. Avaamaton eli k\u00e4sittelem\u00e4t\u00f6n toimeksianto n\u00e4kyy avaamattomana kirjekuorena.<\/p>\n\n\n\n<p>Saapuneen allekirjoitus-\/hyv\u00e4ksymispyynn\u00f6n k\u00e4sittely ohjeistetaan t\u00e4m\u00e4n ohjeen kohdassa 5 Allekirjoitus, hyv\u00e4ksyminen.<\/p>\n\n\n\n<figure class=\"wp-block-image\"><img decoding=\"async\" src=\"https:\/\/help.jamk.fi\/asiakirjahallinto\/wp-content\/uploads\/sites\/53\/2023\/07\/saapuneet-valikko2.jpg\" alt=\"\" class=\"wp-image-170\"\/><figcaption class=\"wp-element-caption\">Saapuneet toimeksiannot -valikko<\/figcaption><\/figure>\n\n\n\n<p class=\"has-text-align-left\">Saapuneen toimeksiannon avaaminen tapahtuu seuraavasti:<\/p>\n\n\n\n<p class=\"has-text-align-left\">Valitse avattava tiedosto vasemmalla hiiren painalluksella <span style=\"color: #0000ff;\"><strong>siniseksi<\/strong> <span style=\"color: #000000;\">ennen kuin voit<\/span><\/span> <strong><em>katsell<\/em><\/strong>a sit\u00e4 painamalla <strong><em>N\u00e4yt\u00e4<\/em><\/strong>-painiketta tai <strong><em>muokata tiedostoa<\/em><\/strong> painamalla <strong><em>Tiedot\/muokkaa<\/em><\/strong>-painiketta.<\/p>\n\n\n\n<figure class=\"wp-block-image\"><img decoding=\"async\" src=\"https:\/\/help.jamk.fi\/asiakirjahallinto\/wp-content\/uploads\/sites\/53\/2023\/07\/toimenpide.jpg\" alt=\"\" class=\"wp-image-183\"\/><figcaption class=\"wp-element-caption\">Tiedoston avaaminen saapuneelta toimenpiteelt\u00e4<\/figcaption><\/figure>\n\n\n\n<h2 class=\"wp-block-heading\"><strong>Tiedoston katselu <\/strong><\/h2>\n\n\n\n<p>Asiakirja aukeaa siihen ohjelmaan, mit\u00e4 ty\u00f6asema k\u00e4ytt\u00e4\u00e4 valitun tiedostotyypin katseluun. Tiedosto aukeaa <b><i>Vain luku<\/i> \u2013tilaan eik\u00e4 siihen voi tehd\u00e4 muutoksia.<\/b><\/p>\n\n\n\n<p>Palaa takaisin Twebiin sulkemalla asiakirjan katseluun avautunut ohjelma. Koska tiedosto avattu <i>Vain luku<\/i> \u2013tilaan, ohjelma voidaan sulkea esimerkiksi klikkaamalla oikean yl\u00e4kulman rastia.<\/p>\n\n\n\n<p><b>Asiakirjaa voi lukea suoraan hakutoiminnosta tiedosto-kuvakkeesta:<\/b><\/p>\n\n\n\n<figure class=\"wp-block-image\"><img decoding=\"async\" src=\"https:\/\/help.jamk.fi\/asiakirjahallinto\/wp-content\/uploads\/sites\/53\/2023\/07\/Asiakirjan-katselu.jpg\" alt=\"Asiakirjan katselu\" class=\"wp-image-642\"\/><\/figure>\n\n\n\n<p><strong>Tai asiakirjakortilta <em>N\u00e4yt\u00e4 tiedosto<\/em>-painikkeen kautta:<\/strong><\/p>\n\n\n\n<figure class=\"wp-block-image size-full\"><img loading=\"lazy\" decoding=\"async\" width=\"852\" height=\"622\" src=\"https:\/\/help.jamk.fi\/asianhallinta\/wp-content\/uploads\/sites\/53\/2023\/07\/Asiakirjan-katselu-asiakirjakortilta.jpg\" alt=\"\" class=\"wp-image-1068\" srcset=\"https:\/\/help.jamk.fi\/asianhallinta\/wp-content\/uploads\/sites\/53\/2023\/07\/Asiakirjan-katselu-asiakirjakortilta.jpg 852w, https:\/\/help.jamk.fi\/asianhallinta\/wp-content\/uploads\/sites\/53\/2023\/07\/Asiakirjan-katselu-asiakirjakortilta-300x219.jpg 300w, https:\/\/help.jamk.fi\/asianhallinta\/wp-content\/uploads\/sites\/53\/2023\/07\/Asiakirjan-katselu-asiakirjakortilta-768x561.jpg 768w\" sizes=\"auto, (max-width: 852px) 100vw, 852px\" \/><\/figure>\n","protected":false},"excerpt":{"rendered":"<p>Saapuneita toimeksiantoja voit tarkastella Saapuneet -valikosta. Avaamaton eli k\u00e4sittelem\u00e4t\u00f6n toimeksianto n\u00e4kyy avaamattomana kirjekuorena. Saapuneen allekirjoitus-\/hyv\u00e4ksymispyynn\u00f6n k\u00e4sittely ohjeistetaan t\u00e4m\u00e4n ohjeen kohdassa 5 Allekirjoitus, hyv\u00e4ksyminen. Saapuneen toimeksiannon avaaminen tapahtuu seuraavasti: Valitse avattava tiedosto vasemmalla hiiren painalluksella siniseksi ennen kuin voit katsella sit\u00e4 painamalla N\u00e4yt\u00e4-painiketta tai muokata tiedostoa painamalla Tiedot\/muokkaa-painiketta. Tiedoston katselu Asiakirja aukeaa siihen ohjelmaan, mit\u00e4 ty\u00f6asema [&hellip;]<\/p>\n","protected":false},"author":94,"featured_media":0,"parent":249,"menu_order":710,"comment_status":"open","ping_status":"closed","template":"","meta":{"_acf_changed":false,"_relevanssi_hide_post":"","_relevanssi_hide_content":"","_relevanssi_pin_for_all":"","_relevanssi_pin_keywords":"","_relevanssi_unpin_keywords":"","_relevanssi_related_keywords":"","_relevanssi_related_include_ids":"","_relevanssi_related_exclude_ids":"","_relevanssi_related_no_append":"","_relevanssi_related_not_related":"","_relevanssi_related_posts":"","_relevanssi_noindex_reason":"","footnotes":""},"categories":[],"tags":[671,673,675,479,39],"class_list":["post-412","page","type-page","status-publish","hentry","tag-nayta-fi","tag-saapunut-fi","tag-tiedoston-avaaminen-fi","tag-toimeksianto-fi","tag-tweb"],"acf":[],"yoast_head":"<!-- This site is optimized with the Yoast SEO plugin v27.4 - https:\/\/yoast.com\/product\/yoast-seo-wordpress\/ -->\n<title>Saapuneet toimeksiannot - tiedoston avaaminen ja katselu - Asianhallinta<\/title>\n<meta name=\"robots\" content=\"index, follow, max-snippet:-1, max-image-preview:large, max-video-preview:-1\" \/>\n<link rel=\"canonical\" href=\"https:\/\/help.jamk.fi\/asianhallinta\/fi\/7-toimeksiannot\/7-1-saapuneet-toimeksiannot\/\" \/>\n<meta property=\"og:locale\" content=\"fi_FI\" \/>\n<meta property=\"og:type\" content=\"article\" \/>\n<meta property=\"og:title\" content=\"Saapuneet toimeksiannot - tiedoston avaaminen ja katselu - Asianhallinta\" \/>\n<meta property=\"og:description\" content=\"Saapuneita toimeksiantoja voit tarkastella Saapuneet -valikosta. Avaamaton eli k\u00e4sittelem\u00e4t\u00f6n toimeksianto n\u00e4kyy avaamattomana kirjekuorena. Saapuneen allekirjoitus-\/hyv\u00e4ksymispyynn\u00f6n k\u00e4sittely ohjeistetaan t\u00e4m\u00e4n ohjeen kohdassa 5 Allekirjoitus, hyv\u00e4ksyminen. Saapuneen toimeksiannon avaaminen tapahtuu seuraavasti: Valitse avattava tiedosto vasemmalla hiiren painalluksella siniseksi ennen kuin voit katsella sit\u00e4 painamalla N\u00e4yt\u00e4-painiketta tai muokata tiedostoa painamalla Tiedot\/muokkaa-painiketta. Tiedoston katselu Asiakirja aukeaa siihen ohjelmaan, mit\u00e4 ty\u00f6asema [&hellip;]\" \/>\n<meta property=\"og:url\" content=\"https:\/\/help.jamk.fi\/asianhallinta\/fi\/7-toimeksiannot\/7-1-saapuneet-toimeksiannot\/\" \/>\n<meta property=\"og:site_name\" content=\"Asianhallinta\" \/>\n<meta property=\"article:modified_time\" content=\"2024-01-19T14:34:16+00:00\" \/>\n<meta property=\"og:image\" content=\"https:\/\/help.jamk.fi\/asiakirjahallinto\/wp-content\/uploads\/sites\/53\/2023\/07\/saapuneet-valikko2.jpg\" \/>\n<meta name=\"twitter:card\" content=\"summary_large_image\" \/>\n<meta name=\"twitter:label1\" content=\"Arvioitu lukuaika\" \/>\n\t<meta name=\"twitter:data1\" content=\"2 minuuttia\" \/>\n<script type=\"application\/ld+json\" class=\"yoast-schema-graph\">{\"@context\":\"https:\\\/\\\/schema.org\",\"@graph\":[{\"@type\":\"WebPage\",\"@id\":\"https:\\\/\\\/help.jamk.fi\\\/asianhallinta\\\/fi\\\/7-toimeksiannot\\\/7-1-saapuneet-toimeksiannot\\\/\",\"url\":\"https:\\\/\\\/help.jamk.fi\\\/asianhallinta\\\/fi\\\/7-toimeksiannot\\\/7-1-saapuneet-toimeksiannot\\\/\",\"name\":\"Saapuneet toimeksiannot - tiedoston avaaminen ja katselu - Asianhallinta\",\"isPartOf\":{\"@id\":\"https:\\\/\\\/help.jamk.fi\\\/asianhallinta\\\/#website\"},\"primaryImageOfPage\":{\"@id\":\"https:\\\/\\\/help.jamk.fi\\\/asianhallinta\\\/fi\\\/7-toimeksiannot\\\/7-1-saapuneet-toimeksiannot\\\/#primaryimage\"},\"image\":{\"@id\":\"https:\\\/\\\/help.jamk.fi\\\/asianhallinta\\\/fi\\\/7-toimeksiannot\\\/7-1-saapuneet-toimeksiannot\\\/#primaryimage\"},\"thumbnailUrl\":\"https:\\\/\\\/help.jamk.fi\\\/asiakirjahallinto\\\/wp-content\\\/uploads\\\/sites\\\/53\\\/2023\\\/07\\\/saapuneet-valikko2.jpg\",\"datePublished\":\"2012-12-17T10:43:47+00:00\",\"dateModified\":\"2024-01-19T14:34:16+00:00\",\"breadcrumb\":{\"@id\":\"https:\\\/\\\/help.jamk.fi\\\/asianhallinta\\\/fi\\\/7-toimeksiannot\\\/7-1-saapuneet-toimeksiannot\\\/#breadcrumb\"},\"inLanguage\":\"fi\",\"potentialAction\":[{\"@type\":\"ReadAction\",\"target\":[\"https:\\\/\\\/help.jamk.fi\\\/asianhallinta\\\/fi\\\/7-toimeksiannot\\\/7-1-saapuneet-toimeksiannot\\\/\"]}]},{\"@type\":\"ImageObject\",\"inLanguage\":\"fi\",\"@id\":\"https:\\\/\\\/help.jamk.fi\\\/asianhallinta\\\/fi\\\/7-toimeksiannot\\\/7-1-saapuneet-toimeksiannot\\\/#primaryimage\",\"url\":\"https:\\\/\\\/help.jamk.fi\\\/asiakirjahallinto\\\/wp-content\\\/uploads\\\/sites\\\/53\\\/2023\\\/07\\\/saapuneet-valikko2.jpg\",\"contentUrl\":\"https:\\\/\\\/help.jamk.fi\\\/asiakirjahallinto\\\/wp-content\\\/uploads\\\/sites\\\/53\\\/2023\\\/07\\\/saapuneet-valikko2.jpg\"},{\"@type\":\"BreadcrumbList\",\"@id\":\"https:\\\/\\\/help.jamk.fi\\\/asianhallinta\\\/fi\\\/7-toimeksiannot\\\/7-1-saapuneet-toimeksiannot\\\/#breadcrumb\",\"itemListElement\":[{\"@type\":\"ListItem\",\"position\":1,\"name\":\"Etusivu\",\"item\":\"https:\\\/\\\/help.jamk.fi\\\/asianhallinta\\\/\"},{\"@type\":\"ListItem\",\"position\":2,\"name\":\"6 Toimeksiannot\",\"item\":\"https:\\\/\\\/help.jamk.fi\\\/asianhallinta\\\/fi\\\/7-toimeksiannot\\\/\"},{\"@type\":\"ListItem\",\"position\":3,\"name\":\"Saapuneet toimeksiannot &#8211; tiedoston avaaminen ja katselu\"}]},{\"@type\":\"WebSite\",\"@id\":\"https:\\\/\\\/help.jamk.fi\\\/asianhallinta\\\/#website\",\"url\":\"https:\\\/\\\/help.jamk.fi\\\/asianhallinta\\\/\",\"name\":\"Asianhallinta\",\"description\":\"\",\"potentialAction\":[{\"@type\":\"SearchAction\",\"target\":{\"@type\":\"EntryPoint\",\"urlTemplate\":\"https:\\\/\\\/help.jamk.fi\\\/asianhallinta\\\/?s={search_term_string}\"},\"query-input\":{\"@type\":\"PropertyValueSpecification\",\"valueRequired\":true,\"valueName\":\"search_term_string\"}}],\"inLanguage\":\"fi\"}]}<\/script>\n<!-- \/ Yoast SEO plugin. -->","yoast_head_json":{"title":"Saapuneet toimeksiannot - tiedoston avaaminen ja katselu - Asianhallinta","robots":{"index":"index","follow":"follow","max-snippet":"max-snippet:-1","max-image-preview":"max-image-preview:large","max-video-preview":"max-video-preview:-1"},"canonical":"https:\/\/help.jamk.fi\/asianhallinta\/fi\/7-toimeksiannot\/7-1-saapuneet-toimeksiannot\/","og_locale":"fi_FI","og_type":"article","og_title":"Saapuneet toimeksiannot - tiedoston avaaminen ja katselu - Asianhallinta","og_description":"Saapuneita toimeksiantoja voit tarkastella Saapuneet -valikosta. Avaamaton eli k\u00e4sittelem\u00e4t\u00f6n toimeksianto n\u00e4kyy avaamattomana kirjekuorena. Saapuneen allekirjoitus-\/hyv\u00e4ksymispyynn\u00f6n k\u00e4sittely ohjeistetaan t\u00e4m\u00e4n ohjeen kohdassa 5 Allekirjoitus, hyv\u00e4ksyminen. Saapuneen toimeksiannon avaaminen tapahtuu seuraavasti: Valitse avattava tiedosto vasemmalla hiiren painalluksella siniseksi ennen kuin voit katsella sit\u00e4 painamalla N\u00e4yt\u00e4-painiketta tai muokata tiedostoa painamalla Tiedot\/muokkaa-painiketta. Tiedoston katselu Asiakirja aukeaa siihen ohjelmaan, mit\u00e4 ty\u00f6asema [&hellip;]","og_url":"https:\/\/help.jamk.fi\/asianhallinta\/fi\/7-toimeksiannot\/7-1-saapuneet-toimeksiannot\/","og_site_name":"Asianhallinta","article_modified_time":"2024-01-19T14:34:16+00:00","og_image":[{"url":"https:\/\/help.jamk.fi\/asiakirjahallinto\/wp-content\/uploads\/sites\/53\/2023\/07\/saapuneet-valikko2.jpg","type":"","width":"","height":""}],"twitter_card":"summary_large_image","twitter_misc":{"Arvioitu lukuaika":"2 minuuttia"},"schema":{"@context":"https:\/\/schema.org","@graph":[{"@type":"WebPage","@id":"https:\/\/help.jamk.fi\/asianhallinta\/fi\/7-toimeksiannot\/7-1-saapuneet-toimeksiannot\/","url":"https:\/\/help.jamk.fi\/asianhallinta\/fi\/7-toimeksiannot\/7-1-saapuneet-toimeksiannot\/","name":"Saapuneet toimeksiannot - tiedoston avaaminen ja katselu - Asianhallinta","isPartOf":{"@id":"https:\/\/help.jamk.fi\/asianhallinta\/#website"},"primaryImageOfPage":{"@id":"https:\/\/help.jamk.fi\/asianhallinta\/fi\/7-toimeksiannot\/7-1-saapuneet-toimeksiannot\/#primaryimage"},"image":{"@id":"https:\/\/help.jamk.fi\/asianhallinta\/fi\/7-toimeksiannot\/7-1-saapuneet-toimeksiannot\/#primaryimage"},"thumbnailUrl":"https:\/\/help.jamk.fi\/asiakirjahallinto\/wp-content\/uploads\/sites\/53\/2023\/07\/saapuneet-valikko2.jpg","datePublished":"2012-12-17T10:43:47+00:00","dateModified":"2024-01-19T14:34:16+00:00","breadcrumb":{"@id":"https:\/\/help.jamk.fi\/asianhallinta\/fi\/7-toimeksiannot\/7-1-saapuneet-toimeksiannot\/#breadcrumb"},"inLanguage":"fi","potentialAction":[{"@type":"ReadAction","target":["https:\/\/help.jamk.fi\/asianhallinta\/fi\/7-toimeksiannot\/7-1-saapuneet-toimeksiannot\/"]}]},{"@type":"ImageObject","inLanguage":"fi","@id":"https:\/\/help.jamk.fi\/asianhallinta\/fi\/7-toimeksiannot\/7-1-saapuneet-toimeksiannot\/#primaryimage","url":"https:\/\/help.jamk.fi\/asiakirjahallinto\/wp-content\/uploads\/sites\/53\/2023\/07\/saapuneet-valikko2.jpg","contentUrl":"https:\/\/help.jamk.fi\/asiakirjahallinto\/wp-content\/uploads\/sites\/53\/2023\/07\/saapuneet-valikko2.jpg"},{"@type":"BreadcrumbList","@id":"https:\/\/help.jamk.fi\/asianhallinta\/fi\/7-toimeksiannot\/7-1-saapuneet-toimeksiannot\/#breadcrumb","itemListElement":[{"@type":"ListItem","position":1,"name":"Etusivu","item":"https:\/\/help.jamk.fi\/asianhallinta\/"},{"@type":"ListItem","position":2,"name":"6 Toimeksiannot","item":"https:\/\/help.jamk.fi\/asianhallinta\/fi\/7-toimeksiannot\/"},{"@type":"ListItem","position":3,"name":"Saapuneet toimeksiannot &#8211; tiedoston avaaminen ja katselu"}]},{"@type":"WebSite","@id":"https:\/\/help.jamk.fi\/asianhallinta\/#website","url":"https:\/\/help.jamk.fi\/asianhallinta\/","name":"Asianhallinta","description":"","potentialAction":[{"@type":"SearchAction","target":{"@type":"EntryPoint","urlTemplate":"https:\/\/help.jamk.fi\/asianhallinta\/?s={search_term_string}"},"query-input":{"@type":"PropertyValueSpecification","valueRequired":true,"valueName":"search_term_string"}}],"inLanguage":"fi"}]}},"_links":{"self":[{"href":"https:\/\/help.jamk.fi\/asianhallinta\/wp-json\/wp\/v2\/pages\/412","targetHints":{"allow":["GET"]}}],"collection":[{"href":"https:\/\/help.jamk.fi\/asianhallinta\/wp-json\/wp\/v2\/pages"}],"about":[{"href":"https:\/\/help.jamk.fi\/asianhallinta\/wp-json\/wp\/v2\/types\/page"}],"author":[{"embeddable":true,"href":"https:\/\/help.jamk.fi\/asianhallinta\/wp-json\/wp\/v2\/users\/94"}],"replies":[{"embeddable":true,"href":"https:\/\/help.jamk.fi\/asianhallinta\/wp-json\/wp\/v2\/comments?post=412"}],"version-history":[{"count":7,"href":"https:\/\/help.jamk.fi\/asianhallinta\/wp-json\/wp\/v2\/pages\/412\/revisions"}],"predecessor-version":[{"id":1851,"href":"https:\/\/help.jamk.fi\/asianhallinta\/wp-json\/wp\/v2\/pages\/412\/revisions\/1851"}],"up":[{"embeddable":true,"href":"https:\/\/help.jamk.fi\/asianhallinta\/wp-json\/wp\/v2\/pages\/249"}],"wp:attachment":[{"href":"https:\/\/help.jamk.fi\/asianhallinta\/wp-json\/wp\/v2\/media?parent=412"}],"wp:term":[{"taxonomy":"category","embeddable":true,"href":"https:\/\/help.jamk.fi\/asianhallinta\/wp-json\/wp\/v2\/categories?post=412"},{"taxonomy":"post_tag","embeddable":true,"href":"https:\/\/help.jamk.fi\/asianhallinta\/wp-json\/wp\/v2\/tags?post=412"}],"curies":[{"name":"wp","href":"https:\/\/api.w.org\/{rel}","templated":true}]}}