{"id":442,"date":"2013-02-01T13:43:18","date_gmt":"2013-02-01T11:43:18","guid":{"rendered":"https:\/\/help.jamk.fi\/asiakirjahallinto\/esimerkkisivu\/6-allekirjoittaminen-hyvaksyminen-saapunut-toimeksianto\/hyvaksymis-allekirjoituspyynto-asiakirjalta\/"},"modified":"2023-11-20T13:41:49","modified_gmt":"2023-11-20T11:41:49","slug":"hyvaksymis-allekirjoituspyynto-asiakirjalta","status":"publish","type":"page","link":"https:\/\/help.jamk.fi\/asianhallinta\/fi\/6-allekirjoittaminen-hyvaksyminen-saapunut-toimeksianto\/hyvaksymis-allekirjoituspyynto-asiakirjalta\/","title":{"rendered":"Hyv\u00e4ksymis-\/allekirjoituspyynn\u00f6n tekeminen"},"content":{"rendered":"\n<h2 class=\"wp-block-heading\">Video-ohje<\/h2>\n\n\n\n<p><a href=\"https:\/\/panopto.jamk.fi\/Panopto\/Pages\/Viewer.aspx?id=b25007fb-dfeb-4f0d-b3eb-ab79008fb97d\">VIDEO-OHJE: Sis\u00e4isen allekirjoitus-\/hyv\u00e4ksymispyynn\u00f6n l\u00e4hett\u00e4minen asiakirjalta Twebiss\u00e4 (Panopto)<\/a><\/p>\n","protected":false},"excerpt":{"rendered":"<p>Video-ohje VIDEO-OHJE: Sis\u00e4isen allekirjoitus-\/hyv\u00e4ksymispyynn\u00f6n l\u00e4hett\u00e4minen asiakirjalta Twebiss\u00e4 (Panopto)<\/p>\n","protected":false},"author":94,"featured_media":0,"parent":198,"menu_order":615,"comment_status":"closed","ping_status":"closed","template":"","meta":{"_acf_changed":false,"_relevanssi_hide_post":"","_relevanssi_hide_content":"","_relevanssi_pin_for_all":"","_relevanssi_pin_keywords":"","_relevanssi_unpin_keywords":"","_relevanssi_related_keywords":"","_relevanssi_related_include_ids":"","_relevanssi_related_exclude_ids":"","_relevanssi_related_no_append":"","_relevanssi_related_not_related":"","_relevanssi_related_posts":"","_relevanssi_noindex_reason":"","footnotes":""},"categories":[],"tags":[453,639,493,641,643],"class_list":["post-442","page","type-page","status-publish","hentry","tag-allekirjoitus-fi","tag-allekirjoituspyynto-fi","tag-hyvaksyminen-fi","tag-hyvaksymispyynto-fi","tag-pyynto-fi"],"acf":[],"yoast_head":"<!-- This site is optimized with the Yoast SEO plugin v27.3 - https:\/\/yoast.com\/product\/yoast-seo-wordpress\/ -->\n<title>Hyv\u00e4ksymis-\/allekirjoituspyynn\u00f6n tekeminen - Asianhallinta<\/title>\n<meta name=\"robots\" content=\"index, follow, max-snippet:-1, max-image-preview:large, max-video-preview:-1\" \/>\n<link rel=\"canonical\" href=\"https:\/\/help.jamk.fi\/asianhallinta\/fi\/6-allekirjoittaminen-hyvaksyminen-saapunut-toimeksianto\/hyvaksymis-allekirjoituspyynto-asiakirjalta\/\" \/>\n<meta property=\"og:locale\" content=\"fi_FI\" \/>\n<meta property=\"og:type\" content=\"article\" \/>\n<meta property=\"og:title\" content=\"Hyv\u00e4ksymis-\/allekirjoituspyynn\u00f6n tekeminen - Asianhallinta\" \/>\n<meta property=\"og:description\" content=\"Video-ohje VIDEO-OHJE: Sis\u00e4isen allekirjoitus-\/hyv\u00e4ksymispyynn\u00f6n l\u00e4hett\u00e4minen asiakirjalta Twebiss\u00e4 (Panopto)\" \/>\n<meta property=\"og:url\" content=\"https:\/\/help.jamk.fi\/asianhallinta\/fi\/6-allekirjoittaminen-hyvaksyminen-saapunut-toimeksianto\/hyvaksymis-allekirjoituspyynto-asiakirjalta\/\" \/>\n<meta property=\"og:site_name\" content=\"Asianhallinta\" \/>\n<meta property=\"article:modified_time\" content=\"2023-11-20T11:41:49+00:00\" \/>\n<meta name=\"twitter:card\" content=\"summary_large_image\" \/>\n<script type=\"application\/ld+json\" class=\"yoast-schema-graph\">{\"@context\":\"https:\\\/\\\/schema.org\",\"@graph\":[{\"@type\":\"WebPage\",\"@id\":\"https:\\\/\\\/help.jamk.fi\\\/asianhallinta\\\/fi\\\/6-allekirjoittaminen-hyvaksyminen-saapunut-toimeksianto\\\/hyvaksymis-allekirjoituspyynto-asiakirjalta\\\/\",\"url\":\"https:\\\/\\\/help.jamk.fi\\\/asianhallinta\\\/fi\\\/6-allekirjoittaminen-hyvaksyminen-saapunut-toimeksianto\\\/hyvaksymis-allekirjoituspyynto-asiakirjalta\\\/\",\"name\":\"Hyv\u00e4ksymis-\\\/allekirjoituspyynn\u00f6n tekeminen - Asianhallinta\",\"isPartOf\":{\"@id\":\"https:\\\/\\\/help.jamk.fi\\\/asianhallinta\\\/#website\"},\"datePublished\":\"2013-02-01T11:43:18+00:00\",\"dateModified\":\"2023-11-20T11:41:49+00:00\",\"breadcrumb\":{\"@id\":\"https:\\\/\\\/help.jamk.fi\\\/asianhallinta\\\/fi\\\/6-allekirjoittaminen-hyvaksyminen-saapunut-toimeksianto\\\/hyvaksymis-allekirjoituspyynto-asiakirjalta\\\/#breadcrumb\"},\"inLanguage\":\"fi\",\"potentialAction\":[{\"@type\":\"ReadAction\",\"target\":[\"https:\\\/\\\/help.jamk.fi\\\/asianhallinta\\\/fi\\\/6-allekirjoittaminen-hyvaksyminen-saapunut-toimeksianto\\\/hyvaksymis-allekirjoituspyynto-asiakirjalta\\\/\"]}]},{\"@type\":\"BreadcrumbList\",\"@id\":\"https:\\\/\\\/help.jamk.fi\\\/asianhallinta\\\/fi\\\/6-allekirjoittaminen-hyvaksyminen-saapunut-toimeksianto\\\/hyvaksymis-allekirjoituspyynto-asiakirjalta\\\/#breadcrumb\",\"itemListElement\":[{\"@type\":\"ListItem\",\"position\":1,\"name\":\"Etusivu\",\"item\":\"https:\\\/\\\/help.jamk.fi\\\/asianhallinta\\\/\"},{\"@type\":\"ListItem\",\"position\":2,\"name\":\"5 Allekirjoitus, hyv\u00e4ksyminen\",\"item\":\"https:\\\/\\\/help.jamk.fi\\\/asianhallinta\\\/fi\\\/6-allekirjoittaminen-hyvaksyminen-saapunut-toimeksianto\\\/\"},{\"@type\":\"ListItem\",\"position\":3,\"name\":\"Hyv\u00e4ksymis-\\\/allekirjoituspyynn\u00f6n tekeminen\"}]},{\"@type\":\"WebSite\",\"@id\":\"https:\\\/\\\/help.jamk.fi\\\/asianhallinta\\\/#website\",\"url\":\"https:\\\/\\\/help.jamk.fi\\\/asianhallinta\\\/\",\"name\":\"Asianhallinta\",\"description\":\"\",\"potentialAction\":[{\"@type\":\"SearchAction\",\"target\":{\"@type\":\"EntryPoint\",\"urlTemplate\":\"https:\\\/\\\/help.jamk.fi\\\/asianhallinta\\\/?s={search_term_string}\"},\"query-input\":{\"@type\":\"PropertyValueSpecification\",\"valueRequired\":true,\"valueName\":\"search_term_string\"}}],\"inLanguage\":\"fi\"}]}<\/script>\n<!-- \/ Yoast SEO plugin. -->","yoast_head_json":{"title":"Hyv\u00e4ksymis-\/allekirjoituspyynn\u00f6n tekeminen - Asianhallinta","robots":{"index":"index","follow":"follow","max-snippet":"max-snippet:-1","max-image-preview":"max-image-preview:large","max-video-preview":"max-video-preview:-1"},"canonical":"https:\/\/help.jamk.fi\/asianhallinta\/fi\/6-allekirjoittaminen-hyvaksyminen-saapunut-toimeksianto\/hyvaksymis-allekirjoituspyynto-asiakirjalta\/","og_locale":"fi_FI","og_type":"article","og_title":"Hyv\u00e4ksymis-\/allekirjoituspyynn\u00f6n tekeminen - Asianhallinta","og_description":"Video-ohje VIDEO-OHJE: Sis\u00e4isen allekirjoitus-\/hyv\u00e4ksymispyynn\u00f6n l\u00e4hett\u00e4minen asiakirjalta Twebiss\u00e4 (Panopto)","og_url":"https:\/\/help.jamk.fi\/asianhallinta\/fi\/6-allekirjoittaminen-hyvaksyminen-saapunut-toimeksianto\/hyvaksymis-allekirjoituspyynto-asiakirjalta\/","og_site_name":"Asianhallinta","article_modified_time":"2023-11-20T11:41:49+00:00","twitter_card":"summary_large_image","schema":{"@context":"https:\/\/schema.org","@graph":[{"@type":"WebPage","@id":"https:\/\/help.jamk.fi\/asianhallinta\/fi\/6-allekirjoittaminen-hyvaksyminen-saapunut-toimeksianto\/hyvaksymis-allekirjoituspyynto-asiakirjalta\/","url":"https:\/\/help.jamk.fi\/asianhallinta\/fi\/6-allekirjoittaminen-hyvaksyminen-saapunut-toimeksianto\/hyvaksymis-allekirjoituspyynto-asiakirjalta\/","name":"Hyv\u00e4ksymis-\/allekirjoituspyynn\u00f6n tekeminen - Asianhallinta","isPartOf":{"@id":"https:\/\/help.jamk.fi\/asianhallinta\/#website"},"datePublished":"2013-02-01T11:43:18+00:00","dateModified":"2023-11-20T11:41:49+00:00","breadcrumb":{"@id":"https:\/\/help.jamk.fi\/asianhallinta\/fi\/6-allekirjoittaminen-hyvaksyminen-saapunut-toimeksianto\/hyvaksymis-allekirjoituspyynto-asiakirjalta\/#breadcrumb"},"inLanguage":"fi","potentialAction":[{"@type":"ReadAction","target":["https:\/\/help.jamk.fi\/asianhallinta\/fi\/6-allekirjoittaminen-hyvaksyminen-saapunut-toimeksianto\/hyvaksymis-allekirjoituspyynto-asiakirjalta\/"]}]},{"@type":"BreadcrumbList","@id":"https:\/\/help.jamk.fi\/asianhallinta\/fi\/6-allekirjoittaminen-hyvaksyminen-saapunut-toimeksianto\/hyvaksymis-allekirjoituspyynto-asiakirjalta\/#breadcrumb","itemListElement":[{"@type":"ListItem","position":1,"name":"Etusivu","item":"https:\/\/help.jamk.fi\/asianhallinta\/"},{"@type":"ListItem","position":2,"name":"5 Allekirjoitus, hyv\u00e4ksyminen","item":"https:\/\/help.jamk.fi\/asianhallinta\/fi\/6-allekirjoittaminen-hyvaksyminen-saapunut-toimeksianto\/"},{"@type":"ListItem","position":3,"name":"Hyv\u00e4ksymis-\/allekirjoituspyynn\u00f6n tekeminen"}]},{"@type":"WebSite","@id":"https:\/\/help.jamk.fi\/asianhallinta\/#website","url":"https:\/\/help.jamk.fi\/asianhallinta\/","name":"Asianhallinta","description":"","potentialAction":[{"@type":"SearchAction","target":{"@type":"EntryPoint","urlTemplate":"https:\/\/help.jamk.fi\/asianhallinta\/?s={search_term_string}"},"query-input":{"@type":"PropertyValueSpecification","valueRequired":true,"valueName":"search_term_string"}}],"inLanguage":"fi"}]}},"_links":{"self":[{"href":"https:\/\/help.jamk.fi\/asianhallinta\/wp-json\/wp\/v2\/pages\/442","targetHints":{"allow":["GET"]}}],"collection":[{"href":"https:\/\/help.jamk.fi\/asianhallinta\/wp-json\/wp\/v2\/pages"}],"about":[{"href":"https:\/\/help.jamk.fi\/asianhallinta\/wp-json\/wp\/v2\/types\/page"}],"author":[{"embeddable":true,"href":"https:\/\/help.jamk.fi\/asianhallinta\/wp-json\/wp\/v2\/users\/94"}],"replies":[{"embeddable":true,"href":"https:\/\/help.jamk.fi\/asianhallinta\/wp-json\/wp\/v2\/comments?post=442"}],"version-history":[{"count":3,"href":"https:\/\/help.jamk.fi\/asianhallinta\/wp-json\/wp\/v2\/pages\/442\/revisions"}],"predecessor-version":[{"id":1592,"href":"https:\/\/help.jamk.fi\/asianhallinta\/wp-json\/wp\/v2\/pages\/442\/revisions\/1592"}],"up":[{"embeddable":true,"href":"https:\/\/help.jamk.fi\/asianhallinta\/wp-json\/wp\/v2\/pages\/198"}],"wp:attachment":[{"href":"https:\/\/help.jamk.fi\/asianhallinta\/wp-json\/wp\/v2\/media?parent=442"}],"wp:term":[{"taxonomy":"category","embeddable":true,"href":"https:\/\/help.jamk.fi\/asianhallinta\/wp-json\/wp\/v2\/categories?post=442"},{"taxonomy":"post_tag","embeddable":true,"href":"https:\/\/help.jamk.fi\/asianhallinta\/wp-json\/wp\/v2\/tags?post=442"}],"curies":[{"name":"wp","href":"https:\/\/api.w.org\/{rel}","templated":true}]}}