{"id":445,"date":"2013-02-07T08:42:45","date_gmt":"2013-02-07T06:42:45","guid":{"rendered":"https:\/\/help.jamk.fi\/asiakirjahallinto\/esimerkkisivu\/2-asiakirjan-laatiminen-ja-muokkaaminen\/asiakirjan-nimike\/"},"modified":"2024-01-04T15:00:38","modified_gmt":"2024-01-04T13:00:38","slug":"asiakirjan-nimike","status":"publish","type":"page","link":"https:\/\/help.jamk.fi\/asianhallinta\/fi\/2-asiakirjan-laatiminen-ja-muokkaaminen\/asiakirjan-nimike\/","title":{"rendered":"Otsikko &#8211; asiakirjan nimike"},"content":{"rendered":"\n<p>Asiakirjat nimet\u00e4\u00e4n yhdenmukaisesti, ennalta sovittujen k\u00e4yt\u00e4nteiden mukaisesti. N\u00e4in asiakirjoihin ja my\u00f6s asioihin kohdistuvat haut ja tiedon l\u00f6ytyminen helpottuu. <em>Asiakirjan nimeke on yht\u00e4 kuin asiakirjalle annettava otsikko<\/em>. Siksi sit\u00e4 ei voi nimet\u00e4 esimerkiksi ns. tiedoston nime\u00e4mistyyliin.<\/p>\n\n\n\n<h2 class=\"wp-block-heading\">Otsikko<\/h2>\n\n\n\n<p>Asiakirjan otsikko on <strong>lyhyt ja informatiivinen<\/strong>. Otsikon loppuun merkit\u00e4\u00e4n aina sulkuihin organisaatiotunnus, yksikk\u00f6\u00e4 tai tukipalvelua yksil\u00f6iv\u00e4 tunnus. Asiakirja- ja asianhallinnassa k\u00e4ytet\u00e4\u00e4n seuraavia tunnuksia:<\/p>\n\n\n\n<ul class=\"wp-block-list\">\n<li>(JAMK)<\/li>\n\n\n\n<li>(JAMK\/AOKK)<\/li>\n\n\n\n<li>(JAMK\/HYVI)<\/li>\n\n\n\n<li>(JAMK\/LIKE) <\/li>\n\n\n\n<li>(JAMK\/TEKNOLOGIA)<\/li>\n\n\n\n<li>(JAMK\/Hallinto)<\/li>\n\n\n\n<li>(JAMK\/ICT-palvelut)<\/li>\n\n\n\n<li>(JAMK\/Kirjasto)<\/li>\n<\/ul>\n\n\n\n<p>P\u00e4\u00e4asiakirjan nime\u00e4misess\u00e4&nbsp;voidaan esimerkiksi tuodaan esiin asiakirjan tyyppi ja&nbsp; mahdollinen asiakirjaan kohdistuva juokseva numerointi.&nbsp;P\u00e4iv\u00e4m\u00e4\u00e4r\u00e4\u00e4 ei nimikkeess\u00e4&nbsp; tarvitse en\u00e4\u00e4 mainita.<\/p>\n\n\n\n<h3 class=\"wp-block-heading\">Esimerkkej\u00e4 asiakirjojen nime\u00e4misist\u00e4<\/h3>\n\n\n\n<ul class=\"wp-block-list\">\n<li><em>Hassun hankinnan avauskokouksen p\u00f6yt\u00e4kirja 1\/2015&nbsp;(JAMK)<\/em><\/li>\n\n\n\n<li><em>Sopimus polkupy\u00f6rien hankinnasta &#8211; Polkupy\u00f6r\u00e4kauppa Oy (JAMK\/ICT-palvelut)<\/em><\/li>\n\n\n\n<li><em>Liite 1 Budjettiesitys (JAMK) <\/em><\/li>\n\n\n\n<li><em>Budjettiesitys (JAMK\/LIKE)<\/em><\/li>\n\n\n\n<li><em>HYVIfoorumi muistio 3\/2015 (JAMK\/HYVI)<\/em>\n<ul class=\"wp-block-list\">\n<li><em>Liite 1 Tuloskatsaus&nbsp; &#8211; HYVIfoorumi (JAMK\/HYVI)<\/em> <\/li>\n<\/ul>\n<\/li>\n<\/ul>\n\n\n\n<h2 class=\"wp-block-heading\">Liiteasiakirjan nime\u00e4minen<\/h2>\n\n\n\n<p>Liiteasiakirjat nimet\u00e4\u00e4n kuten p\u00e4\u00e4asiakirjat ja asiakirjan nimekkeeseen voi lis\u00e4t\u00e4 <em>Liite<\/em>-merkinn\u00e4n, kokousp\u00e4iv\u00e4n tai juoksevan numeroinnin.<\/p>\n\n\n\n<p>Jos asiakirjan liite liittyy esimerkiksi henkil\u00f6st\u00f6kokoukseen, on nimess\u00e4 hyv\u00e4 mainita ko. kokous. N\u00e4in saadaan kaikki p\u00e4\u00e4asiakirjaan liittyv\u00e4t liitteet n\u00e4kym\u00e4\u00e4n my\u00f6s mahdollisissa asiakirjoille Twebiin luoduissa tallennetuissa valmishauissa.<\/p>\n","protected":false},"excerpt":{"rendered":"<p>Asiakirjat nimet\u00e4\u00e4n yhdenmukaisesti, ennalta sovittujen k\u00e4yt\u00e4nteiden mukaisesti. N\u00e4in asiakirjoihin ja my\u00f6s asioihin kohdistuvat haut ja tiedon l\u00f6ytyminen helpottuu. Asiakirjan nimeke on yht\u00e4 kuin asiakirjalle annettava otsikko. Siksi sit\u00e4 ei voi nimet\u00e4 esimerkiksi ns. tiedoston nime\u00e4mistyyliin. Otsikko Asiakirjan otsikko on lyhyt ja informatiivinen. Otsikon loppuun merkit\u00e4\u00e4n aina sulkuihin organisaatiotunnus, yksikk\u00f6\u00e4 tai tukipalvelua yksil\u00f6iv\u00e4 tunnus. Asiakirja- ja [&hellip;]<\/p>\n","protected":false},"author":94,"featured_media":0,"parent":80,"menu_order":310,"comment_status":"closed","ping_status":"closed","template":"","meta":{"_acf_changed":false,"_relevanssi_hide_post":"","_relevanssi_hide_content":"","_relevanssi_pin_for_all":"","_relevanssi_pin_keywords":"","_relevanssi_unpin_keywords":"","_relevanssi_related_keywords":"","_relevanssi_related_include_ids":"","_relevanssi_related_exclude_ids":"","_relevanssi_related_no_append":"","_relevanssi_related_not_related":"","_relevanssi_related_posts":"","_relevanssi_noindex_reason":"","footnotes":""},"categories":[],"tags":[75,567,569,571,573],"class_list":["post-445","page","type-page","status-publish","hentry","tag-asiakirja","tag-nimeaminen-fi","tag-nimi-fi","tag-nimike-fi","tag-otsikko-fi"],"acf":[],"yoast_head":"<!-- This site is optimized with the Yoast SEO plugin v27.4 - https:\/\/yoast.com\/product\/yoast-seo-wordpress\/ -->\n<title>Otsikko - asiakirjan nimike - Asianhallinta<\/title>\n<meta name=\"robots\" content=\"index, follow, max-snippet:-1, max-image-preview:large, max-video-preview:-1\" \/>\n<link rel=\"canonical\" href=\"https:\/\/help.jamk.fi\/asianhallinta\/fi\/2-asiakirjan-laatiminen-ja-muokkaaminen\/asiakirjan-nimike\/\" \/>\n<meta property=\"og:locale\" content=\"fi_FI\" \/>\n<meta property=\"og:type\" content=\"article\" \/>\n<meta property=\"og:title\" content=\"Otsikko - asiakirjan nimike - Asianhallinta\" \/>\n<meta property=\"og:description\" content=\"Asiakirjat nimet\u00e4\u00e4n yhdenmukaisesti, ennalta sovittujen k\u00e4yt\u00e4nteiden mukaisesti. N\u00e4in asiakirjoihin ja my\u00f6s asioihin kohdistuvat haut ja tiedon l\u00f6ytyminen helpottuu. Asiakirjan nimeke on yht\u00e4 kuin asiakirjalle annettava otsikko. Siksi sit\u00e4 ei voi nimet\u00e4 esimerkiksi ns. tiedoston nime\u00e4mistyyliin. Otsikko Asiakirjan otsikko on lyhyt ja informatiivinen. Otsikon loppuun merkit\u00e4\u00e4n aina sulkuihin organisaatiotunnus, yksikk\u00f6\u00e4 tai tukipalvelua yksil\u00f6iv\u00e4 tunnus. Asiakirja- ja [&hellip;]\" \/>\n<meta property=\"og:url\" content=\"https:\/\/help.jamk.fi\/asianhallinta\/fi\/2-asiakirjan-laatiminen-ja-muokkaaminen\/asiakirjan-nimike\/\" \/>\n<meta property=\"og:site_name\" content=\"Asianhallinta\" \/>\n<meta property=\"article:modified_time\" content=\"2024-01-04T13:00:38+00:00\" \/>\n<meta name=\"twitter:card\" content=\"summary_large_image\" \/>\n<meta name=\"twitter:label1\" content=\"Arvioitu lukuaika\" \/>\n\t<meta name=\"twitter:data1\" content=\"1 minuutti\" \/>\n<script type=\"application\/ld+json\" class=\"yoast-schema-graph\">{\"@context\":\"https:\\\/\\\/schema.org\",\"@graph\":[{\"@type\":\"WebPage\",\"@id\":\"https:\\\/\\\/help.jamk.fi\\\/asianhallinta\\\/fi\\\/2-asiakirjan-laatiminen-ja-muokkaaminen\\\/asiakirjan-nimike\\\/\",\"url\":\"https:\\\/\\\/help.jamk.fi\\\/asianhallinta\\\/fi\\\/2-asiakirjan-laatiminen-ja-muokkaaminen\\\/asiakirjan-nimike\\\/\",\"name\":\"Otsikko - asiakirjan nimike - Asianhallinta\",\"isPartOf\":{\"@id\":\"https:\\\/\\\/help.jamk.fi\\\/asianhallinta\\\/#website\"},\"datePublished\":\"2013-02-07T06:42:45+00:00\",\"dateModified\":\"2024-01-04T13:00:38+00:00\",\"breadcrumb\":{\"@id\":\"https:\\\/\\\/help.jamk.fi\\\/asianhallinta\\\/fi\\\/2-asiakirjan-laatiminen-ja-muokkaaminen\\\/asiakirjan-nimike\\\/#breadcrumb\"},\"inLanguage\":\"fi\",\"potentialAction\":[{\"@type\":\"ReadAction\",\"target\":[\"https:\\\/\\\/help.jamk.fi\\\/asianhallinta\\\/fi\\\/2-asiakirjan-laatiminen-ja-muokkaaminen\\\/asiakirjan-nimike\\\/\"]}]},{\"@type\":\"BreadcrumbList\",\"@id\":\"https:\\\/\\\/help.jamk.fi\\\/asianhallinta\\\/fi\\\/2-asiakirjan-laatiminen-ja-muokkaaminen\\\/asiakirjan-nimike\\\/#breadcrumb\",\"itemListElement\":[{\"@type\":\"ListItem\",\"position\":1,\"name\":\"Etusivu\",\"item\":\"https:\\\/\\\/help.jamk.fi\\\/asianhallinta\\\/\"},{\"@type\":\"ListItem\",\"position\":2,\"name\":\"3 Asiakirja\",\"item\":\"https:\\\/\\\/help.jamk.fi\\\/asianhallinta\\\/fi\\\/2-asiakirjan-laatiminen-ja-muokkaaminen\\\/\"},{\"@type\":\"ListItem\",\"position\":3,\"name\":\"Otsikko &#8211; asiakirjan nimike\"}]},{\"@type\":\"WebSite\",\"@id\":\"https:\\\/\\\/help.jamk.fi\\\/asianhallinta\\\/#website\",\"url\":\"https:\\\/\\\/help.jamk.fi\\\/asianhallinta\\\/\",\"name\":\"Asianhallinta\",\"description\":\"\",\"potentialAction\":[{\"@type\":\"SearchAction\",\"target\":{\"@type\":\"EntryPoint\",\"urlTemplate\":\"https:\\\/\\\/help.jamk.fi\\\/asianhallinta\\\/?s={search_term_string}\"},\"query-input\":{\"@type\":\"PropertyValueSpecification\",\"valueRequired\":true,\"valueName\":\"search_term_string\"}}],\"inLanguage\":\"fi\"}]}<\/script>\n<!-- \/ Yoast SEO plugin. -->","yoast_head_json":{"title":"Otsikko - asiakirjan nimike - Asianhallinta","robots":{"index":"index","follow":"follow","max-snippet":"max-snippet:-1","max-image-preview":"max-image-preview:large","max-video-preview":"max-video-preview:-1"},"canonical":"https:\/\/help.jamk.fi\/asianhallinta\/fi\/2-asiakirjan-laatiminen-ja-muokkaaminen\/asiakirjan-nimike\/","og_locale":"fi_FI","og_type":"article","og_title":"Otsikko - asiakirjan nimike - Asianhallinta","og_description":"Asiakirjat nimet\u00e4\u00e4n yhdenmukaisesti, ennalta sovittujen k\u00e4yt\u00e4nteiden mukaisesti. N\u00e4in asiakirjoihin ja my\u00f6s asioihin kohdistuvat haut ja tiedon l\u00f6ytyminen helpottuu. Asiakirjan nimeke on yht\u00e4 kuin asiakirjalle annettava otsikko. Siksi sit\u00e4 ei voi nimet\u00e4 esimerkiksi ns. tiedoston nime\u00e4mistyyliin. Otsikko Asiakirjan otsikko on lyhyt ja informatiivinen. Otsikon loppuun merkit\u00e4\u00e4n aina sulkuihin organisaatiotunnus, yksikk\u00f6\u00e4 tai tukipalvelua yksil\u00f6iv\u00e4 tunnus. Asiakirja- ja [&hellip;]","og_url":"https:\/\/help.jamk.fi\/asianhallinta\/fi\/2-asiakirjan-laatiminen-ja-muokkaaminen\/asiakirjan-nimike\/","og_site_name":"Asianhallinta","article_modified_time":"2024-01-04T13:00:38+00:00","twitter_card":"summary_large_image","twitter_misc":{"Arvioitu lukuaika":"1 minuutti"},"schema":{"@context":"https:\/\/schema.org","@graph":[{"@type":"WebPage","@id":"https:\/\/help.jamk.fi\/asianhallinta\/fi\/2-asiakirjan-laatiminen-ja-muokkaaminen\/asiakirjan-nimike\/","url":"https:\/\/help.jamk.fi\/asianhallinta\/fi\/2-asiakirjan-laatiminen-ja-muokkaaminen\/asiakirjan-nimike\/","name":"Otsikko - asiakirjan nimike - Asianhallinta","isPartOf":{"@id":"https:\/\/help.jamk.fi\/asianhallinta\/#website"},"datePublished":"2013-02-07T06:42:45+00:00","dateModified":"2024-01-04T13:00:38+00:00","breadcrumb":{"@id":"https:\/\/help.jamk.fi\/asianhallinta\/fi\/2-asiakirjan-laatiminen-ja-muokkaaminen\/asiakirjan-nimike\/#breadcrumb"},"inLanguage":"fi","potentialAction":[{"@type":"ReadAction","target":["https:\/\/help.jamk.fi\/asianhallinta\/fi\/2-asiakirjan-laatiminen-ja-muokkaaminen\/asiakirjan-nimike\/"]}]},{"@type":"BreadcrumbList","@id":"https:\/\/help.jamk.fi\/asianhallinta\/fi\/2-asiakirjan-laatiminen-ja-muokkaaminen\/asiakirjan-nimike\/#breadcrumb","itemListElement":[{"@type":"ListItem","position":1,"name":"Etusivu","item":"https:\/\/help.jamk.fi\/asianhallinta\/"},{"@type":"ListItem","position":2,"name":"3 Asiakirja","item":"https:\/\/help.jamk.fi\/asianhallinta\/fi\/2-asiakirjan-laatiminen-ja-muokkaaminen\/"},{"@type":"ListItem","position":3,"name":"Otsikko &#8211; asiakirjan nimike"}]},{"@type":"WebSite","@id":"https:\/\/help.jamk.fi\/asianhallinta\/#website","url":"https:\/\/help.jamk.fi\/asianhallinta\/","name":"Asianhallinta","description":"","potentialAction":[{"@type":"SearchAction","target":{"@type":"EntryPoint","urlTemplate":"https:\/\/help.jamk.fi\/asianhallinta\/?s={search_term_string}"},"query-input":{"@type":"PropertyValueSpecification","valueRequired":true,"valueName":"search_term_string"}}],"inLanguage":"fi"}]}},"_links":{"self":[{"href":"https:\/\/help.jamk.fi\/asianhallinta\/wp-json\/wp\/v2\/pages\/445","targetHints":{"allow":["GET"]}}],"collection":[{"href":"https:\/\/help.jamk.fi\/asianhallinta\/wp-json\/wp\/v2\/pages"}],"about":[{"href":"https:\/\/help.jamk.fi\/asianhallinta\/wp-json\/wp\/v2\/types\/page"}],"author":[{"embeddable":true,"href":"https:\/\/help.jamk.fi\/asianhallinta\/wp-json\/wp\/v2\/users\/94"}],"replies":[{"embeddable":true,"href":"https:\/\/help.jamk.fi\/asianhallinta\/wp-json\/wp\/v2\/comments?post=445"}],"version-history":[{"count":4,"href":"https:\/\/help.jamk.fi\/asianhallinta\/wp-json\/wp\/v2\/pages\/445\/revisions"}],"predecessor-version":[{"id":1797,"href":"https:\/\/help.jamk.fi\/asianhallinta\/wp-json\/wp\/v2\/pages\/445\/revisions\/1797"}],"up":[{"embeddable":true,"href":"https:\/\/help.jamk.fi\/asianhallinta\/wp-json\/wp\/v2\/pages\/80"}],"wp:attachment":[{"href":"https:\/\/help.jamk.fi\/asianhallinta\/wp-json\/wp\/v2\/media?parent=445"}],"wp:term":[{"taxonomy":"category","embeddable":true,"href":"https:\/\/help.jamk.fi\/asianhallinta\/wp-json\/wp\/v2\/categories?post=445"},{"taxonomy":"post_tag","embeddable":true,"href":"https:\/\/help.jamk.fi\/asianhallinta\/wp-json\/wp\/v2\/tags?post=445"}],"curies":[{"name":"wp","href":"https:\/\/api.w.org\/{rel}","templated":true}]}}