{"id":448,"date":"2013-02-07T13:09:34","date_gmt":"2013-02-07T11:09:34","guid":{"rendered":"https:\/\/help.jamk.fi\/asiakirjahallinto\/esimerkkisivu\/1-1-valikot\/kaytetyt-termit\/"},"modified":"2026-02-26T14:29:57","modified_gmt":"2026-02-26T12:29:57","slug":"kaytetyt-termit","status":"publish","type":"page","link":"https:\/\/help.jamk.fi\/asianhallinta\/fi\/1-1-valikot\/kaytetyt-termit\/","title":{"rendered":"K\u00e4ytetyt termit"},"content":{"rendered":"\n<h2 class=\"wp-block-heading\">Termit<\/h2>\n\n\n\n<h3 class=\"wp-block-heading\">Asia<\/h3>\n\n\n\n<p>Asia on jokin Jamkissa k\u00e4sitelt\u00e4v\u00e4 oleva asiakokonaisuus (esimerkiksi hankinta, auditointi, rekrytointi, lausuntopyynt\u00f6, muutoksenhaku jne.).<\/p>\n\n\n\n<h3 class=\"wp-block-heading\">Asianhallinta<\/h3>\n\n\n\n<p>Asianhallinnan avulla laaditaan ja k\u00e4sitell\u00e4\u00e4n asiakokonaisuuteen liittyvi\u00e4 asiakirjoja ja toimenpiteit\u00e4 (esimerkiksi lausunnot ja p\u00e4\u00e4t\u00f6kset). Sovelluksen k\u00e4ytt\u00e4j\u00e4t voivat katsella ja muokata asioita ja toimenpiteit\u00e4 k\u00e4ytt\u00f6oikeuksiensa mukaan.<\/p>\n\n\n\n<h3 class=\"wp-block-heading\">Asiakirjatyyppi<\/h3>\n\n\n\n<p>Asiakirjatyyppi on esimerkiksi p\u00f6yt\u00e4kirja, sopimus tai raportti. TOS:sissa luokitellaan my\u00f6s sellaista tietoa, mit\u00e4 ei k\u00e4sitell\u00e4 asiakirjahallintaj\u00e4rjestelm\u00e4ss\u00e4 vaan jossa muussa tietoj\u00e4rjestelm\u00e4ss\u00e4 tai vain paperimuodossa.<\/p>\n\n\n\n<h3 class=\"wp-block-heading\">Asiakirjallinen tieto<\/h3>\n\n\n\n<p>Asiakirjallista tieto esiintyy niin s\u00e4hk\u00f6postissa, paperilla kuin kuvana, tietoj\u00e4rjestelmist\u00e4 puhumattakaan.&nbsp; Asiakirjallinen tieto on ns. virallista tietoa ja syntyy ty\u00f6teht\u00e4vien tuloksena. Asian k\u00e4sittelyyn liitettyn\u00e4 asiakirjallisen tiedon tulee pysy\u00e4 muuttumattomana. <strong>Asiakirja<\/strong> on asiakirjallisen tiedon ilmentym\u00e4, jossa asiakirjallinen tieto on koottu dokumentin kaltaiseksi esitykseksi. Asiakirja voi olla organisaation itsens\u00e4 tuottama, generoima, saama tai kopioima. Asiakirja ei aina ole paperimuodossa, my\u00f6s s\u00e4hk\u00f6posti viesti voi olla asiakirja.<\/p>\n\n\n\n<h3 class=\"wp-block-heading\">Roolit<\/h3>\n\n\n\n<p>K\u00e4ytt\u00e4j\u00e4t saavat asialle ja asiakirjalle erilaisia rooleja sen mukaan, miten he ty\u00f6st\u00e4v\u00e4t syntyv\u00e4\u00e4 asiakirjaa.<\/p>\n\n\n\n<h4 class=\"wp-block-heading\">K\u00e4ytt\u00f6oikeudet<\/h4>\n\n\n<div class=\"wp-block-image\">\n<figure class=\"aligncenter size-medium\"><img decoding=\"async\" src=\"https:\/\/help.jamk.fi\/asiakirjahallinto\/wp-content\/uploads\/sites\/53\/2023\/07\/Kayttooikeusroolit-asianhallinta1.jpg\" alt=\"Kaaviossa kuvataan asianhallinnan k\u00e4ytt\u00f6oikeudet jkatselijan, p\u00e4ivitt\u00e4j\u00e4n, omistajan ja katselija\/kirjatut asiat-roolien kautta.\" class=\"wp-image-448\"\/><figcaption class=\"wp-element-caption\"><strong>Asianhallinta<\/strong><\/figcaption><\/figure>\n<\/div>\n\n<div class=\"wp-block-image\">\n<figure class=\"aligncenter size-large is-resized\"><img loading=\"lazy\" decoding=\"async\" width=\"1024\" height=\"663\" src=\"https:\/\/help.jamk.fi\/asianhallinta\/wp-content\/uploads\/sites\/53\/2023\/07\/Kayttooikeusroolit-asiakirjanhallinta-1024x663.jpg\" alt=\"\" class=\"wp-image-1080\" style=\"aspect-ratio:1.5444947209653093;width:829px;height:auto\" srcset=\"https:\/\/help.jamk.fi\/asianhallinta\/wp-content\/uploads\/sites\/53\/2023\/07\/Kayttooikeusroolit-asiakirjanhallinta-1024x663.jpg 1024w, https:\/\/help.jamk.fi\/asianhallinta\/wp-content\/uploads\/sites\/53\/2023\/07\/Kayttooikeusroolit-asiakirjanhallinta-300x194.jpg 300w, https:\/\/help.jamk.fi\/asianhallinta\/wp-content\/uploads\/sites\/53\/2023\/07\/Kayttooikeusroolit-asiakirjanhallinta-768x497.jpg 768w, https:\/\/help.jamk.fi\/asianhallinta\/wp-content\/uploads\/sites\/53\/2023\/07\/Kayttooikeusroolit-asiakirjanhallinta.jpg 1142w\" sizes=\"auto, (max-width: 1024px) 100vw, 1024px\" \/><figcaption class=\"wp-element-caption\"><strong>Asiakirjahallinta<\/strong><\/figcaption><\/figure>\n<\/div>\n\n\n<h3 class=\"wp-block-heading\">Julkisuus<\/h3>\n\n\n\n<p>Asiakirja voi olla <strong>julkinen<\/strong>, jolloin se on luettavissa kaikilla, joilla on Twebiin oikeudet. <strong>Sis\u00e4inen<\/strong> asiakirja on k\u00e4ytett\u00e4viss\u00e4 organisaation sis\u00e4ll\u00e4 vain k\u00e4ytt\u00f6oikeuksin m\u00e4\u00e4ritetyill\u00e4 henkil\u00f6ill\u00e4. <strong>Salassa pidett\u00e4v\u00e4<\/strong> asiakirja on lain mukaan m\u00e4\u00e4ritetty salassa pidett\u00e4v\u00e4ksi.<\/p>\n\n\n\n<h3 class=\"wp-block-heading\">K\u00e4ytt\u00e4j\u00e4ryhm\u00e4<\/h3>\n\n\n\n<p>K\u00e4ytt\u00e4j\u00e4\/K\u00e4ytt\u00e4j\u00e4ryhm\u00e4t: Sovellukseen tallennettu k\u00e4ytt\u00e4j\u00e4tieto sis\u00e4lt\u00e4\u00e4 mm. k\u00e4ytt\u00e4j\u00e4tunnuksen, k\u00e4ytt\u00e4j\u00e4n nimen ja salasanan. K\u00e4ytt\u00e4j\u00e4ryhm\u00e4ll\u00e4 tarkoitetaan k\u00e4ytt\u00e4jist\u00e4 muodostettua ryhm\u00e4\u00e4. Yksi henkil\u00f6 voi kuulua useaan k\u00e4ytt\u00e4j\u00e4ryhm\u00e4\u00e4n. K\u00e4ytt\u00e4j\u00e4ryhmi\u00e4 voidaan hy\u00f6dynt\u00e4\u00e4 esimerkiksi yhteisten asiakirjojen k\u00e4ytt\u00f6oikeuksien jaossa.<\/p>\n\n\n\n<h3 class=\"wp-block-heading\">Metatieto<\/h3>\n\n\n\n<p>Metatieto on tietoa tiedosta. Ne ovat kuvaavaa ja m\u00e4\u00e4ritt\u00e4v\u00e4\u00e4 tietoa asiakirjasta. Esimerkiksi s\u00e4ilytysaika, julkisuus, laatija ja laatimisaika ovat asiakirjan metatietoja.<\/p>\n\n\n\n<h3 class=\"wp-block-heading\">Tiedonohjaussuunnitelma (TOS)<\/h3>\n\n\n\n<p>Tiedonohjaussuunnitelma TOS n\u00e4kyy Twebiss\u00e4 mm. asiakirjatyypiss\u00e4 ja t\u00e4t\u00e4 kautta asiakirjan metatiedoissa. TOS kattaa kaikki Jamkin prosessit ja niihin liittyv\u00e4t asiakirjat. Se sis\u00e4lt\u00e4\u00e4 asiakirjallisen metatiedon eli ohjaustiedon, joilla m\u00e4\u00e4ritet\u00e4\u00e4n mm. asiakirjallisen tiedon julkisuusarvo, s\u00e4ilytysaika, suojeluluokka jne. Tossin yhteydess\u00e4 puhutaan usein teht\u00e4v\u00e4luokista ja asiakirjatyypeist\u00e4. S\u00e4\u00e4nn\u00f6st\u00f6\u00e4 yll\u00e4pidet\u00e4\u00e4n Arkistonhallintasovelluksella (Arkki), josta sit\u00e4 hy\u00f6dynnet\u00e4\u00e4n luotaessa asioita ja asiakirjoja Tweb -j\u00e4rjestelm\u00e4ss\u00e4.<\/p>\n\n\n\n<h3 class=\"wp-block-heading\">Toimeksiannot<\/h3>\n\n\n\n<p>Toimeksianto liittyy asiakirjan k\u00e4sittelyyn ja on valmistelun teht\u00e4v\u00e4ksianto, joka menee henkil\u00f6n ty\u00f6jonoon. Twebiss\u00e4 toimeksiantoja k\u00e4sitell\u00e4\u00e4n Saapuneet, Luonnokset ja L\u00e4hteneet -n\u00e4kymiss\u00e4. Voidaan luoda esimerkiksi suoraan asiakirjalta. Toimeksiannolla voidaan l\u00e4hett\u00e4\u00e4 asiakirjoja k\u00e4sitelt\u00e4viksi tai tiedoksi. Toimeksiannot n\u00e4kyv\u00e4t l\u00e4hett\u00e4j\u00e4n ja vastaanottajan toimeksiannoissa. Asiakirja voidaan l\u00e4hett\u00e4\u00e4 vastaanottajalle:<\/p>\n\n\n\n<ul class=\"wp-block-list\">\n<li><em><strong>Tiedoksi<\/strong><\/em>, jolloin asiakirja tulee vastaanottajalle vain luettavaksi, ei aiheuta toimenpiteit\u00e4.<\/li>\n\n\n\n<li><strong><em>Toimeksi<\/em><\/strong>, jolloin asiakirjan l\u00e4hett\u00e4j\u00e4 antaa vastaanottajalle teht\u00e4v\u00e4ksi toimeksiannolla. Edellytt\u00e4\u00e4 siis jotain toimenpiteit\u00e4.<\/li>\n\n\n\n<li><strong><em>Hyv\u00e4ksytt\u00e4v\u00e4ksi<\/em><\/strong>: Esimerkiksi muistio voidaan hyv\u00e4ksy\u00e4.<\/li>\n\n\n\n<li><strong><em>Allekirjoitettavaksi<\/em>:<\/strong> Asiakirja, joka sis\u00e4lt\u00e4\u00e4 p\u00e4\u00e4t\u00f6ksi\u00e4 tai l\u00e4hetet\u00e4\u00e4n Jamkin ulkopuolelle, allekirjoitetaan. Jos asiakirja l\u00e4hetet\u00e4\u00e4n Jamkin ulkopuolelle, asia toimitetaan paperisena ja manuaalisesti allekirjoitettuna. Allekirjoittaminen vaatii aina omistajanoikeuksia.<\/li>\n<\/ul>\n\n\n\n<h3 class=\"wp-block-heading\">Varaa<\/h3>\n\n\n\n<p>Kun muokkaat asiakirjaa, asiakirja pit\u00e4\u00e4 varata <em>Perustiedot<\/em>&#8211; v\u00e4lilehdelt\u00e4 <em>Varaa<\/em>-painikkeella, kun muokkaat asiakirjakortin tietoja (muista tallentaa) tai kun muokkaat tiedostoa (asiakirjaa). Tai kun hyv\u00e4ksyt omalta osaltasi asiakirjan tai merkitset sen valmiiksi. Vapauta asiakirja <em>Perustiedot<\/em>&#8211; v\u00e4lilehdelt\u00e4 Vapauta-painikkeella, kun teet toimeksiantoa muille, olet merkinnyt asiakirjan valmiiksi tai et en\u00e4\u00e4 itse muokkaa asiakirjaa. Asiakirjan on oltava \u201dvapautettu\u201d, jotta muut esimerkiksi voivat lukea tai tehd\u00e4 muutoksia.<\/p>\n","protected":false},"excerpt":{"rendered":"<p>Termit Asia Asia on jokin Jamkissa k\u00e4sitelt\u00e4v\u00e4 oleva asiakokonaisuus (esimerkiksi hankinta, auditointi, rekrytointi, lausuntopyynt\u00f6, muutoksenhaku jne.). Asianhallinta Asianhallinnan avulla laaditaan ja k\u00e4sitell\u00e4\u00e4n asiakokonaisuuteen liittyvi\u00e4 asiakirjoja ja toimenpiteit\u00e4 (esimerkiksi lausunnot ja p\u00e4\u00e4t\u00f6kset). Sovelluksen k\u00e4ytt\u00e4j\u00e4t voivat katsella ja muokata asioita ja toimenpiteit\u00e4 k\u00e4ytt\u00f6oikeuksiensa mukaan. Asiakirjatyyppi Asiakirjatyyppi on esimerkiksi p\u00f6yt\u00e4kirja, sopimus tai raportti. TOS:sissa luokitellaan my\u00f6s sellaista tietoa, [&hellip;]<\/p>\n","protected":false},"author":94,"featured_media":0,"parent":388,"menu_order":120,"comment_status":"closed","ping_status":"closed","template":"","meta":{"_acf_changed":false,"_relevanssi_hide_post":"","_relevanssi_hide_content":"","_relevanssi_pin_for_all":"","_relevanssi_pin_keywords":"","_relevanssi_unpin_keywords":"","_relevanssi_related_keywords":"","_relevanssi_related_include_ids":"","_relevanssi_related_exclude_ids":"","_relevanssi_related_no_append":"","_relevanssi_related_not_related":"","_relevanssi_related_posts":"18,21,27,12,30,24","_relevanssi_noindex_reason":"","footnotes":""},"categories":[],"tags":[451,453,443,455,457,21,459,461,463,465,467,469,471,473,475,477,479,481,483,485],"class_list":["post-448","page","type-page","status-publish","hentry","tag-allekirjoitettavaksi-fi","tag-allekirjoitus-fi","tag-asia-fi","tag-asiakirjallinen-tieto-fi","tag-asiakirjatyyppi-fi","tag-asianhallinta","tag-hyvaksyttavaksi-fi","tag-julkinen-fi","tag-kayttaja-fi","tag-kayttajaryhma-fi","tag-kayttooikeus-fi","tag-metatieto-fi","tag-salassa-pidettava-fi","tag-tiedoksi-fi","tag-tiedonohjaussuunnitelma-fi","tag-toimeksi-fi","tag-toimeksianto-fi","tag-tos-fi","tag-vapauta-fi","tag-varaa-fi"],"acf":[],"yoast_head":"<!-- This site is optimized with the Yoast SEO plugin v27.4 - https:\/\/yoast.com\/product\/yoast-seo-wordpress\/ -->\n<title>K\u00e4ytetyt termit - Asianhallinta<\/title>\n<meta name=\"robots\" content=\"index, follow, max-snippet:-1, max-image-preview:large, max-video-preview:-1\" \/>\n<link rel=\"canonical\" href=\"https:\/\/help.jamk.fi\/asianhallinta\/fi\/1-1-valikot\/kaytetyt-termit\/\" \/>\n<meta property=\"og:locale\" content=\"fi_FI\" \/>\n<meta property=\"og:type\" content=\"article\" \/>\n<meta property=\"og:title\" content=\"K\u00e4ytetyt termit - Asianhallinta\" \/>\n<meta property=\"og:description\" content=\"Termit Asia Asia on jokin Jamkissa k\u00e4sitelt\u00e4v\u00e4 oleva asiakokonaisuus (esimerkiksi hankinta, auditointi, rekrytointi, lausuntopyynt\u00f6, muutoksenhaku jne.). Asianhallinta Asianhallinnan avulla laaditaan ja k\u00e4sitell\u00e4\u00e4n asiakokonaisuuteen liittyvi\u00e4 asiakirjoja ja toimenpiteit\u00e4 (esimerkiksi lausunnot ja p\u00e4\u00e4t\u00f6kset). Sovelluksen k\u00e4ytt\u00e4j\u00e4t voivat katsella ja muokata asioita ja toimenpiteit\u00e4 k\u00e4ytt\u00f6oikeuksiensa mukaan. Asiakirjatyyppi Asiakirjatyyppi on esimerkiksi p\u00f6yt\u00e4kirja, sopimus tai raportti. TOS:sissa luokitellaan my\u00f6s sellaista tietoa, [&hellip;]\" \/>\n<meta property=\"og:url\" content=\"https:\/\/help.jamk.fi\/asianhallinta\/fi\/1-1-valikot\/kaytetyt-termit\/\" \/>\n<meta property=\"og:site_name\" content=\"Asianhallinta\" \/>\n<meta property=\"article:modified_time\" content=\"2026-02-26T12:29:57+00:00\" \/>\n<meta name=\"twitter:card\" content=\"summary_large_image\" \/>\n<meta name=\"twitter:label1\" content=\"Arvioitu lukuaika\" \/>\n\t<meta name=\"twitter:data1\" content=\"4 minuuttia\" \/>\n<script type=\"application\/ld+json\" class=\"yoast-schema-graph\">{\"@context\":\"https:\\\/\\\/schema.org\",\"@graph\":[{\"@type\":\"WebPage\",\"@id\":\"https:\\\/\\\/help.jamk.fi\\\/asianhallinta\\\/fi\\\/1-1-valikot\\\/kaytetyt-termit\\\/\",\"url\":\"https:\\\/\\\/help.jamk.fi\\\/asianhallinta\\\/fi\\\/1-1-valikot\\\/kaytetyt-termit\\\/\",\"name\":\"K\u00e4ytetyt termit - Asianhallinta\",\"isPartOf\":{\"@id\":\"https:\\\/\\\/help.jamk.fi\\\/asianhallinta\\\/#website\"},\"primaryImageOfPage\":{\"@id\":\"https:\\\/\\\/help.jamk.fi\\\/asianhallinta\\\/fi\\\/1-1-valikot\\\/kaytetyt-termit\\\/#primaryimage\"},\"image\":{\"@id\":\"https:\\\/\\\/help.jamk.fi\\\/asianhallinta\\\/fi\\\/1-1-valikot\\\/kaytetyt-termit\\\/#primaryimage\"},\"thumbnailUrl\":\"https:\\\/\\\/help.jamk.fi\\\/asiakirjahallinto\\\/wp-content\\\/uploads\\\/sites\\\/53\\\/2023\\\/07\\\/Kayttooikeusroolit-asianhallinta1.jpg\",\"datePublished\":\"2013-02-07T11:09:34+00:00\",\"dateModified\":\"2026-02-26T12:29:57+00:00\",\"breadcrumb\":{\"@id\":\"https:\\\/\\\/help.jamk.fi\\\/asianhallinta\\\/fi\\\/1-1-valikot\\\/kaytetyt-termit\\\/#breadcrumb\"},\"inLanguage\":\"fi\",\"potentialAction\":[{\"@type\":\"ReadAction\",\"target\":[\"https:\\\/\\\/help.jamk.fi\\\/asianhallinta\\\/fi\\\/1-1-valikot\\\/kaytetyt-termit\\\/\"]}]},{\"@type\":\"ImageObject\",\"inLanguage\":\"fi\",\"@id\":\"https:\\\/\\\/help.jamk.fi\\\/asianhallinta\\\/fi\\\/1-1-valikot\\\/kaytetyt-termit\\\/#primaryimage\",\"url\":\"https:\\\/\\\/help.jamk.fi\\\/asiakirjahallinto\\\/wp-content\\\/uploads\\\/sites\\\/53\\\/2023\\\/07\\\/Kayttooikeusroolit-asianhallinta1.jpg\",\"contentUrl\":\"https:\\\/\\\/help.jamk.fi\\\/asiakirjahallinto\\\/wp-content\\\/uploads\\\/sites\\\/53\\\/2023\\\/07\\\/Kayttooikeusroolit-asianhallinta1.jpg\"},{\"@type\":\"BreadcrumbList\",\"@id\":\"https:\\\/\\\/help.jamk.fi\\\/asianhallinta\\\/fi\\\/1-1-valikot\\\/kaytetyt-termit\\\/#breadcrumb\",\"itemListElement\":[{\"@type\":\"ListItem\",\"position\":1,\"name\":\"Etusivu\",\"item\":\"https:\\\/\\\/help.jamk.fi\\\/asianhallinta\\\/\"},{\"@type\":\"ListItem\",\"position\":2,\"name\":\"1 Valikot ja termit\",\"item\":\"https:\\\/\\\/help.jamk.fi\\\/asianhallinta\\\/fi\\\/1-1-valikot\\\/\"},{\"@type\":\"ListItem\",\"position\":3,\"name\":\"K\u00e4ytetyt termit\"}]},{\"@type\":\"WebSite\",\"@id\":\"https:\\\/\\\/help.jamk.fi\\\/asianhallinta\\\/#website\",\"url\":\"https:\\\/\\\/help.jamk.fi\\\/asianhallinta\\\/\",\"name\":\"Asianhallinta\",\"description\":\"\",\"potentialAction\":[{\"@type\":\"SearchAction\",\"target\":{\"@type\":\"EntryPoint\",\"urlTemplate\":\"https:\\\/\\\/help.jamk.fi\\\/asianhallinta\\\/?s={search_term_string}\"},\"query-input\":{\"@type\":\"PropertyValueSpecification\",\"valueRequired\":true,\"valueName\":\"search_term_string\"}}],\"inLanguage\":\"fi\"}]}<\/script>\n<!-- \/ Yoast SEO plugin. -->","yoast_head_json":{"title":"K\u00e4ytetyt termit - Asianhallinta","robots":{"index":"index","follow":"follow","max-snippet":"max-snippet:-1","max-image-preview":"max-image-preview:large","max-video-preview":"max-video-preview:-1"},"canonical":"https:\/\/help.jamk.fi\/asianhallinta\/fi\/1-1-valikot\/kaytetyt-termit\/","og_locale":"fi_FI","og_type":"article","og_title":"K\u00e4ytetyt termit - Asianhallinta","og_description":"Termit Asia Asia on jokin Jamkissa k\u00e4sitelt\u00e4v\u00e4 oleva asiakokonaisuus (esimerkiksi hankinta, auditointi, rekrytointi, lausuntopyynt\u00f6, muutoksenhaku jne.). Asianhallinta Asianhallinnan avulla laaditaan ja k\u00e4sitell\u00e4\u00e4n asiakokonaisuuteen liittyvi\u00e4 asiakirjoja ja toimenpiteit\u00e4 (esimerkiksi lausunnot ja p\u00e4\u00e4t\u00f6kset). Sovelluksen k\u00e4ytt\u00e4j\u00e4t voivat katsella ja muokata asioita ja toimenpiteit\u00e4 k\u00e4ytt\u00f6oikeuksiensa mukaan. Asiakirjatyyppi Asiakirjatyyppi on esimerkiksi p\u00f6yt\u00e4kirja, sopimus tai raportti. TOS:sissa luokitellaan my\u00f6s sellaista tietoa, [&hellip;]","og_url":"https:\/\/help.jamk.fi\/asianhallinta\/fi\/1-1-valikot\/kaytetyt-termit\/","og_site_name":"Asianhallinta","article_modified_time":"2026-02-26T12:29:57+00:00","twitter_card":"summary_large_image","twitter_misc":{"Arvioitu lukuaika":"4 minuuttia"},"schema":{"@context":"https:\/\/schema.org","@graph":[{"@type":"WebPage","@id":"https:\/\/help.jamk.fi\/asianhallinta\/fi\/1-1-valikot\/kaytetyt-termit\/","url":"https:\/\/help.jamk.fi\/asianhallinta\/fi\/1-1-valikot\/kaytetyt-termit\/","name":"K\u00e4ytetyt termit - Asianhallinta","isPartOf":{"@id":"https:\/\/help.jamk.fi\/asianhallinta\/#website"},"primaryImageOfPage":{"@id":"https:\/\/help.jamk.fi\/asianhallinta\/fi\/1-1-valikot\/kaytetyt-termit\/#primaryimage"},"image":{"@id":"https:\/\/help.jamk.fi\/asianhallinta\/fi\/1-1-valikot\/kaytetyt-termit\/#primaryimage"},"thumbnailUrl":"https:\/\/help.jamk.fi\/asiakirjahallinto\/wp-content\/uploads\/sites\/53\/2023\/07\/Kayttooikeusroolit-asianhallinta1.jpg","datePublished":"2013-02-07T11:09:34+00:00","dateModified":"2026-02-26T12:29:57+00:00","breadcrumb":{"@id":"https:\/\/help.jamk.fi\/asianhallinta\/fi\/1-1-valikot\/kaytetyt-termit\/#breadcrumb"},"inLanguage":"fi","potentialAction":[{"@type":"ReadAction","target":["https:\/\/help.jamk.fi\/asianhallinta\/fi\/1-1-valikot\/kaytetyt-termit\/"]}]},{"@type":"ImageObject","inLanguage":"fi","@id":"https:\/\/help.jamk.fi\/asianhallinta\/fi\/1-1-valikot\/kaytetyt-termit\/#primaryimage","url":"https:\/\/help.jamk.fi\/asiakirjahallinto\/wp-content\/uploads\/sites\/53\/2023\/07\/Kayttooikeusroolit-asianhallinta1.jpg","contentUrl":"https:\/\/help.jamk.fi\/asiakirjahallinto\/wp-content\/uploads\/sites\/53\/2023\/07\/Kayttooikeusroolit-asianhallinta1.jpg"},{"@type":"BreadcrumbList","@id":"https:\/\/help.jamk.fi\/asianhallinta\/fi\/1-1-valikot\/kaytetyt-termit\/#breadcrumb","itemListElement":[{"@type":"ListItem","position":1,"name":"Etusivu","item":"https:\/\/help.jamk.fi\/asianhallinta\/"},{"@type":"ListItem","position":2,"name":"1 Valikot ja termit","item":"https:\/\/help.jamk.fi\/asianhallinta\/fi\/1-1-valikot\/"},{"@type":"ListItem","position":3,"name":"K\u00e4ytetyt termit"}]},{"@type":"WebSite","@id":"https:\/\/help.jamk.fi\/asianhallinta\/#website","url":"https:\/\/help.jamk.fi\/asianhallinta\/","name":"Asianhallinta","description":"","potentialAction":[{"@type":"SearchAction","target":{"@type":"EntryPoint","urlTemplate":"https:\/\/help.jamk.fi\/asianhallinta\/?s={search_term_string}"},"query-input":{"@type":"PropertyValueSpecification","valueRequired":true,"valueName":"search_term_string"}}],"inLanguage":"fi"}]}},"_links":{"self":[{"href":"https:\/\/help.jamk.fi\/asianhallinta\/wp-json\/wp\/v2\/pages\/448","targetHints":{"allow":["GET"]}}],"collection":[{"href":"https:\/\/help.jamk.fi\/asianhallinta\/wp-json\/wp\/v2\/pages"}],"about":[{"href":"https:\/\/help.jamk.fi\/asianhallinta\/wp-json\/wp\/v2\/types\/page"}],"author":[{"embeddable":true,"href":"https:\/\/help.jamk.fi\/asianhallinta\/wp-json\/wp\/v2\/users\/94"}],"replies":[{"embeddable":true,"href":"https:\/\/help.jamk.fi\/asianhallinta\/wp-json\/wp\/v2\/comments?post=448"}],"version-history":[{"count":9,"href":"https:\/\/help.jamk.fi\/asianhallinta\/wp-json\/wp\/v2\/pages\/448\/revisions"}],"predecessor-version":[{"id":1958,"href":"https:\/\/help.jamk.fi\/asianhallinta\/wp-json\/wp\/v2\/pages\/448\/revisions\/1958"}],"up":[{"embeddable":true,"href":"https:\/\/help.jamk.fi\/asianhallinta\/wp-json\/wp\/v2\/pages\/388"}],"wp:attachment":[{"href":"https:\/\/help.jamk.fi\/asianhallinta\/wp-json\/wp\/v2\/media?parent=448"}],"wp:term":[{"taxonomy":"category","embeddable":true,"href":"https:\/\/help.jamk.fi\/asianhallinta\/wp-json\/wp\/v2\/categories?post=448"},{"taxonomy":"post_tag","embeddable":true,"href":"https:\/\/help.jamk.fi\/asianhallinta\/wp-json\/wp\/v2\/tags?post=448"}],"curies":[{"name":"wp","href":"https:\/\/api.w.org\/{rel}","templated":true}]}}