{"id":460,"date":"2013-05-29T11:53:55","date_gmt":"2013-05-29T08:53:55","guid":{"rendered":"https:\/\/help.jamk.fi\/asiakirjahallinto\/esimerkkisivu\/7-toimeksiannot\/toimeksiannon-laatiminen\/"},"modified":"2026-03-02T14:06:50","modified_gmt":"2026-03-02T12:06:50","slug":"toimeksiannon-laatiminen","status":"publish","type":"page","link":"https:\/\/help.jamk.fi\/asianhallinta\/fi\/7-toimeksiannot\/toimeksiannon-laatiminen\/","title":{"rendered":"Toimeksiannon tekeminen"},"content":{"rendered":"\n<p>Kun haluat luoda toimeksiannon asiakirjalta, siirry asiakirjan <strong><em>Perustiedot<\/em><\/strong>-v\u00e4lilehdelle ja paina Luo toimeksianto-painiketta.\u00a0 T\u00e4yt\u00e4 tarvittavat tiedot ja\u00a0kun haluat l\u00e4hett\u00e4\u00e4 toimeksiannon, klikkaa <strong><em>L\u00e4het\u00e4<\/em><\/strong>-painiketta.<\/p>\n\n\n\n<p><em>Toimeksi<\/em> l\u00e4hetett\u00e4v\u00e4 asiakirja antaa vastaanottajalle v\u00e4hint\u00e4\u00e4n p\u00e4ivitt\u00e4j\u00e4n oikeudet kyseiseen asiakirjaan. T<em>iedoksi<\/em> saava saa asiakirjaan pelk\u00e4st\u00e4\u00e4n katselijan oikeudet.<\/p>\n\n\n<div id=\"link-lifts-block_f59e9f50fcf5966a7fd6e5de5c90e1b9\" class=\"link-lifts block-link-lifts\">\n  <div class=\"row\">\n            <div class=\"col-12 col-lg-4 block-link-lifts__column\">\n          <div class=\"block-link-lifts__item lilac\">\n            <h3 class=\"block-link-lifts__item--heading\">Video-ohjeet<\/h3>\n                          <ul class=\"block-link-lifts__item--link-list\">\n                                                                        <li>\n                                              <a class=\"link-list lock\" href=\"https:\/\/panopto.jamk.fi\/Panopto\/Pages\/Viewer.aspx?id=ade7ad68-8695-4793-ae86-ab79008fcbb8\" target=\"_self\" >Asiakirjan l\u00e4hett\u00e4minen toimeksiantona Twebiss\u00e4 (Panopto)<i  ><svg aria-hidden=\"true\" viewBox=\"0 0 24 24\" fill=\"none\" xmlns=\"http:\/\/www.w3.org\/2000\/svg\"><g clip-path=\"url(#clip0_1574_4368)\"><circle cx=\"12\" cy=\"12\" r=\"12\" fill=\"#0D004C\"\/><g clip-path=\"url(#clip1_1574_4368)\" fill=\"#fff\"><path d=\"M15.637 11.107v-2.68c0-1.967-1.632-3.57-3.637-3.57S8.363 6.46 8.363 8.43v2.68c-.752 0-1.363.6-1.363 1.338v5.357c0 .739.613 1.339 1.363 1.339h7.272c.752 0 1.363-.6 1.363-1.34v-5.356c0-.738-.61-1.339-1.363-1.339l.002-.001zM9.272 8.429c0-1.477 1.224-2.68 2.728-2.68 1.504 0 2.728 1.201 2.728 2.68v2.68H9.272v-2.68zm6.818 9.375a.451.451 0 01-.455.446H8.363a.45.45 0 01-.454-.446v-5.357a.45.45 0 01.454-.446h7.272c.251 0 .455.2.455.446v5.357z\"\/><path d=\"M12 13.34c-.503 0-.91.4-.91.892 0 .33.185.615.455.77v1.017a.45.45 0 00.455.446.45.45 0 00.454-.446v-1.017a.887.887 0 00.454-.77.902.902 0 00-.908-.892z\"\/><\/g><\/g><defs><clipPath id=\"clip0_1574_4368\"><path fill=\"#fff\" d=\"M0 0h24v24H0z\"\/><\/clipPath><clipPath id=\"clip1_1574_4368\"><path fill=\"#fff\" transform=\"translate(7 4.857)\" d=\"M0 0h10v14.286H0z\"\/><\/clipPath><\/defs><\/svg><\/i><\/a>\n                                          <\/li>\n                                                                                                    <\/ul>\n            \n          <\/div>\n        <\/div>\n      <\/div>\n<\/div>","protected":false},"excerpt":{"rendered":"<p>Kun haluat luoda toimeksiannon asiakirjalta, siirry asiakirjan Perustiedot-v\u00e4lilehdelle ja paina Luo toimeksianto-painiketta.\u00a0 T\u00e4yt\u00e4 tarvittavat tiedot ja\u00a0kun haluat l\u00e4hett\u00e4\u00e4 toimeksiannon, klikkaa L\u00e4het\u00e4-painiketta. Toimeksi l\u00e4hetett\u00e4v\u00e4 asiakirja antaa vastaanottajalle v\u00e4hint\u00e4\u00e4n p\u00e4ivitt\u00e4j\u00e4n oikeudet kyseiseen asiakirjaan. Tiedoksi saava saa asiakirjaan pelk\u00e4st\u00e4\u00e4n katselijan oikeudet.<\/p>\n","protected":false},"author":94,"featured_media":0,"parent":249,"menu_order":711,"comment_status":"open","ping_status":"closed","template":"","meta":{"_acf_changed":false,"_relevanssi_hide_post":"","_relevanssi_hide_content":"","_relevanssi_pin_for_all":"","_relevanssi_pin_keywords":"","_relevanssi_unpin_keywords":"","_relevanssi_related_keywords":"","_relevanssi_related_include_ids":"","_relevanssi_related_exclude_ids":"","_relevanssi_related_no_append":"","_relevanssi_related_not_related":"","_relevanssi_related_posts":"","_relevanssi_noindex_reason":"","footnotes":""},"categories":[],"tags":[75,15,27,681,503,473,505,479,39],"class_list":["post-460","page","type-page","status-publish","hentry","tag-asiakirja","tag-asiakirjahallinto","tag-dokumentti","tag-kommentointi-fi","tag-tehtavat-fi","tag-tiedoksi-fi","tag-toimeksiannot-fi","tag-toimeksianto-fi","tag-tweb"],"acf":[],"yoast_head":"<!-- This site is optimized with the Yoast SEO plugin v27.5 - https:\/\/yoast.com\/product\/yoast-seo-wordpress\/ -->\n<title>Toimeksiannon tekeminen - Asianhallinta<\/title>\n<meta name=\"robots\" content=\"index, follow, max-snippet:-1, max-image-preview:large, max-video-preview:-1\" \/>\n<link rel=\"canonical\" href=\"https:\/\/help.jamk.fi\/asianhallinta\/fi\/7-toimeksiannot\/toimeksiannon-laatiminen\/\" \/>\n<meta property=\"og:locale\" content=\"fi_FI\" \/>\n<meta property=\"og:type\" content=\"article\" \/>\n<meta property=\"og:title\" content=\"Toimeksiannon tekeminen - Asianhallinta\" \/>\n<meta property=\"og:description\" content=\"Kun haluat luoda toimeksiannon asiakirjalta, siirry asiakirjan Perustiedot-v\u00e4lilehdelle ja paina Luo toimeksianto-painiketta.\u00a0 T\u00e4yt\u00e4 tarvittavat tiedot ja\u00a0kun haluat l\u00e4hett\u00e4\u00e4 toimeksiannon, klikkaa L\u00e4het\u00e4-painiketta. Toimeksi l\u00e4hetett\u00e4v\u00e4 asiakirja antaa vastaanottajalle v\u00e4hint\u00e4\u00e4n p\u00e4ivitt\u00e4j\u00e4n oikeudet kyseiseen asiakirjaan. Tiedoksi saava saa asiakirjaan pelk\u00e4st\u00e4\u00e4n katselijan oikeudet.\" \/>\n<meta property=\"og:url\" content=\"https:\/\/help.jamk.fi\/asianhallinta\/fi\/7-toimeksiannot\/toimeksiannon-laatiminen\/\" \/>\n<meta property=\"og:site_name\" content=\"Asianhallinta\" \/>\n<meta property=\"article:modified_time\" content=\"2026-03-02T12:06:50+00:00\" \/>\n<meta name=\"twitter:card\" content=\"summary_large_image\" \/>\n<meta name=\"twitter:label1\" content=\"Arvioitu lukuaika\" \/>\n\t<meta name=\"twitter:data1\" content=\"1 minuutti\" \/>\n<script type=\"application\/ld+json\" class=\"yoast-schema-graph\">{\"@context\":\"https:\\\/\\\/schema.org\",\"@graph\":[{\"@type\":\"WebPage\",\"@id\":\"https:\\\/\\\/help.jamk.fi\\\/asianhallinta\\\/fi\\\/7-toimeksiannot\\\/toimeksiannon-laatiminen\\\/\",\"url\":\"https:\\\/\\\/help.jamk.fi\\\/asianhallinta\\\/fi\\\/7-toimeksiannot\\\/toimeksiannon-laatiminen\\\/\",\"name\":\"Toimeksiannon tekeminen - Asianhallinta\",\"isPartOf\":{\"@id\":\"https:\\\/\\\/help.jamk.fi\\\/asianhallinta\\\/#website\"},\"datePublished\":\"2013-05-29T08:53:55+00:00\",\"dateModified\":\"2026-03-02T12:06:50+00:00\",\"breadcrumb\":{\"@id\":\"https:\\\/\\\/help.jamk.fi\\\/asianhallinta\\\/fi\\\/7-toimeksiannot\\\/toimeksiannon-laatiminen\\\/#breadcrumb\"},\"inLanguage\":\"fi\",\"potentialAction\":[{\"@type\":\"ReadAction\",\"target\":[\"https:\\\/\\\/help.jamk.fi\\\/asianhallinta\\\/fi\\\/7-toimeksiannot\\\/toimeksiannon-laatiminen\\\/\"]}]},{\"@type\":\"BreadcrumbList\",\"@id\":\"https:\\\/\\\/help.jamk.fi\\\/asianhallinta\\\/fi\\\/7-toimeksiannot\\\/toimeksiannon-laatiminen\\\/#breadcrumb\",\"itemListElement\":[{\"@type\":\"ListItem\",\"position\":1,\"name\":\"Etusivu\",\"item\":\"https:\\\/\\\/help.jamk.fi\\\/asianhallinta\\\/\"},{\"@type\":\"ListItem\",\"position\":2,\"name\":\"6 Toimeksiannot\",\"item\":\"https:\\\/\\\/help.jamk.fi\\\/asianhallinta\\\/fi\\\/7-toimeksiannot\\\/\"},{\"@type\":\"ListItem\",\"position\":3,\"name\":\"Toimeksiannon tekeminen\"}]},{\"@type\":\"WebSite\",\"@id\":\"https:\\\/\\\/help.jamk.fi\\\/asianhallinta\\\/#website\",\"url\":\"https:\\\/\\\/help.jamk.fi\\\/asianhallinta\\\/\",\"name\":\"Asianhallinta\",\"description\":\"\",\"potentialAction\":[{\"@type\":\"SearchAction\",\"target\":{\"@type\":\"EntryPoint\",\"urlTemplate\":\"https:\\\/\\\/help.jamk.fi\\\/asianhallinta\\\/?s={search_term_string}\"},\"query-input\":{\"@type\":\"PropertyValueSpecification\",\"valueRequired\":true,\"valueName\":\"search_term_string\"}}],\"inLanguage\":\"fi\"}]}<\/script>\n<!-- \/ Yoast SEO plugin. -->","yoast_head_json":{"title":"Toimeksiannon tekeminen - Asianhallinta","robots":{"index":"index","follow":"follow","max-snippet":"max-snippet:-1","max-image-preview":"max-image-preview:large","max-video-preview":"max-video-preview:-1"},"canonical":"https:\/\/help.jamk.fi\/asianhallinta\/fi\/7-toimeksiannot\/toimeksiannon-laatiminen\/","og_locale":"fi_FI","og_type":"article","og_title":"Toimeksiannon tekeminen - Asianhallinta","og_description":"Kun haluat luoda toimeksiannon asiakirjalta, siirry asiakirjan Perustiedot-v\u00e4lilehdelle ja paina Luo toimeksianto-painiketta.\u00a0 T\u00e4yt\u00e4 tarvittavat tiedot ja\u00a0kun haluat l\u00e4hett\u00e4\u00e4 toimeksiannon, klikkaa L\u00e4het\u00e4-painiketta. Toimeksi l\u00e4hetett\u00e4v\u00e4 asiakirja antaa vastaanottajalle v\u00e4hint\u00e4\u00e4n p\u00e4ivitt\u00e4j\u00e4n oikeudet kyseiseen asiakirjaan. Tiedoksi saava saa asiakirjaan pelk\u00e4st\u00e4\u00e4n katselijan oikeudet.","og_url":"https:\/\/help.jamk.fi\/asianhallinta\/fi\/7-toimeksiannot\/toimeksiannon-laatiminen\/","og_site_name":"Asianhallinta","article_modified_time":"2026-03-02T12:06:50+00:00","twitter_card":"summary_large_image","twitter_misc":{"Arvioitu lukuaika":"1 minuutti"},"schema":{"@context":"https:\/\/schema.org","@graph":[{"@type":"WebPage","@id":"https:\/\/help.jamk.fi\/asianhallinta\/fi\/7-toimeksiannot\/toimeksiannon-laatiminen\/","url":"https:\/\/help.jamk.fi\/asianhallinta\/fi\/7-toimeksiannot\/toimeksiannon-laatiminen\/","name":"Toimeksiannon tekeminen - Asianhallinta","isPartOf":{"@id":"https:\/\/help.jamk.fi\/asianhallinta\/#website"},"datePublished":"2013-05-29T08:53:55+00:00","dateModified":"2026-03-02T12:06:50+00:00","breadcrumb":{"@id":"https:\/\/help.jamk.fi\/asianhallinta\/fi\/7-toimeksiannot\/toimeksiannon-laatiminen\/#breadcrumb"},"inLanguage":"fi","potentialAction":[{"@type":"ReadAction","target":["https:\/\/help.jamk.fi\/asianhallinta\/fi\/7-toimeksiannot\/toimeksiannon-laatiminen\/"]}]},{"@type":"BreadcrumbList","@id":"https:\/\/help.jamk.fi\/asianhallinta\/fi\/7-toimeksiannot\/toimeksiannon-laatiminen\/#breadcrumb","itemListElement":[{"@type":"ListItem","position":1,"name":"Etusivu","item":"https:\/\/help.jamk.fi\/asianhallinta\/"},{"@type":"ListItem","position":2,"name":"6 Toimeksiannot","item":"https:\/\/help.jamk.fi\/asianhallinta\/fi\/7-toimeksiannot\/"},{"@type":"ListItem","position":3,"name":"Toimeksiannon tekeminen"}]},{"@type":"WebSite","@id":"https:\/\/help.jamk.fi\/asianhallinta\/#website","url":"https:\/\/help.jamk.fi\/asianhallinta\/","name":"Asianhallinta","description":"","potentialAction":[{"@type":"SearchAction","target":{"@type":"EntryPoint","urlTemplate":"https:\/\/help.jamk.fi\/asianhallinta\/?s={search_term_string}"},"query-input":{"@type":"PropertyValueSpecification","valueRequired":true,"valueName":"search_term_string"}}],"inLanguage":"fi"}]}},"_links":{"self":[{"href":"https:\/\/help.jamk.fi\/asianhallinta\/wp-json\/wp\/v2\/pages\/460","targetHints":{"allow":["GET"]}}],"collection":[{"href":"https:\/\/help.jamk.fi\/asianhallinta\/wp-json\/wp\/v2\/pages"}],"about":[{"href":"https:\/\/help.jamk.fi\/asianhallinta\/wp-json\/wp\/v2\/types\/page"}],"author":[{"embeddable":true,"href":"https:\/\/help.jamk.fi\/asianhallinta\/wp-json\/wp\/v2\/users\/94"}],"replies":[{"embeddable":true,"href":"https:\/\/help.jamk.fi\/asianhallinta\/wp-json\/wp\/v2\/comments?post=460"}],"version-history":[{"count":9,"href":"https:\/\/help.jamk.fi\/asianhallinta\/wp-json\/wp\/v2\/pages\/460\/revisions"}],"predecessor-version":[{"id":1960,"href":"https:\/\/help.jamk.fi\/asianhallinta\/wp-json\/wp\/v2\/pages\/460\/revisions\/1960"}],"up":[{"embeddable":true,"href":"https:\/\/help.jamk.fi\/asianhallinta\/wp-json\/wp\/v2\/pages\/249"}],"wp:attachment":[{"href":"https:\/\/help.jamk.fi\/asianhallinta\/wp-json\/wp\/v2\/media?parent=460"}],"wp:term":[{"taxonomy":"category","embeddable":true,"href":"https:\/\/help.jamk.fi\/asianhallinta\/wp-json\/wp\/v2\/categories?post=460"},{"taxonomy":"post_tag","embeddable":true,"href":"https:\/\/help.jamk.fi\/asianhallinta\/wp-json\/wp\/v2\/tags?post=460"}],"curies":[{"name":"wp","href":"https:\/\/api.w.org\/{rel}","templated":true}]}}