{"id":475,"date":"2013-08-29T09:35:11","date_gmt":"2013-08-29T06:35:11","guid":{"rendered":"https:\/\/help.jamk.fi\/asiakirjahallinto\/esimerkkisivu\/11-asianhallinta\/asian-avaus\/"},"modified":"2024-10-22T13:26:35","modified_gmt":"2024-10-22T10:26:35","slug":"asian-avaus","status":"publish","type":"page","link":"https:\/\/help.jamk.fi\/asianhallinta\/fi\/11-asianhallinta\/asian-avaus\/","title":{"rendered":"Asian avaaminen"},"content":{"rendered":"\n<p>Henkil\u00f6, jolle on m\u00e4\u00e4ritetty kirjaajan oikeudet, voi avata asian asianhallintaan.<\/p>\n\n\n\n<h2 class=\"wp-block-heading\">Uusi asia<\/h2>\n\n\n\n<p>Kun haluat luoda uuden asian, valitse sivuvalikosta <em><strong>Luo asia<\/strong><\/em>.<\/p>\n\n\n<div class=\"wp-block-image\">\n<figure class=\"aligncenter size-full is-resized\"><img loading=\"lazy\" decoding=\"async\" width=\"226\" height=\"139\" src=\"https:\/\/help.jamk.fi\/asianhallinta\/wp-content\/uploads\/sites\/53\/2023\/07\/asia-valikko.jpg\" alt=\"\" class=\"wp-image-1047\" style=\"aspect-ratio:1.6258992805755397;width:256px;height:auto\"\/><figcaption class=\"wp-element-caption\"><strong>Twebin Asia-valikko<\/strong><\/figcaption><\/figure>\n<\/div>\n\n\n<p>Anna asialle otsikko <em>Nimeke &#8211;<\/em>kohtaan. Asian nimikkeen tulee olla selke\u00e4, kuvaava ja lyhyt. Asian nimen tulee olla sellainen, ett\u00e4 se kuvastaa koko prosessia, ei yksitt\u00e4ist\u00e4 asiakirjaa. Toistuvista kokouksista tai palavereista ei avata asiaa. Jokaisen asian loppuun merkit\u00e4\u00e4n, kuten asiakirjan nime\u00e4misess\u00e4kin&nbsp;(Jamk), jos asia koskee koko organisaatiota. Ja (JAMK\/Yksikk\u00f6), jos asia koskee yksikk\u00f6\u00e4 tai kirjastoa, ICT-palveluita tai korkeakoulupalveluita.<\/p>\n\n\n\n<p class=\"has-text-align-left\"><strong>Esimerkiksi<\/strong><\/p>\n\n\n\n<ul class=\"wp-block-list\">\n<li><em>Hassujen hattujen hankinta (JAMK\/<\/em>HYVI<em>)<\/em><\/li>\n\n\n\n<li><em>Lausuntopyynt\u00f6 avantouinnin opetusohjelman muuttamisesta (JAMK)<\/em><\/li>\n<\/ul>\n\n\n\n<p class=\"has-text-align-left\">Asia sidotaan tiedonohjaukseen valitsemalla valintalistasta tai puurakenteesta <em><strong>Asiaryhm\u00e4<\/strong>.&nbsp; <\/em><\/p>\n\n\n<div class=\"wp-block-image\">\n<figure class=\"aligncenter size-medium is-resized\"><img decoding=\"async\" src=\"https:\/\/help.jamk.fi\/asiakirjahallinto\/wp-content\/uploads\/sites\/53\/2023\/07\/Otsikko-ja-asiaryhma.jpg\" alt=\"Asian nimike eli otsikko ja asiaryhm\u00e4\" class=\"wp-image-615\" style=\"aspect-ratio:1.5032258064516129;width:583px;height:auto\"\/><figcaption class=\"wp-element-caption\"><strong>Asian nimike eli otsikko ja asiaryhm\u00e4<\/strong><\/figcaption><\/figure>\n<\/div>\n\n\n<p><em>T\u00e4m\u00e4n j\u00e4lkeen p<\/em>aina <strong><em>Avaa ja kirjaa asia<\/em><\/strong>-painiketta (HUOM! Painiketta <strong>Tallenna ja jatka<\/strong> ei Jamkissa asiaa avattaessa l\u00e4ht\u00f6kohtaisesti k\u00e4ytet\u00e4).<\/p>\n\n\n\n<h3 class=\"wp-block-heading\">Asianumero<\/h3>\n\n\n\n<p>Ohjelma antaa automaattisesti asialle numeron, joka koostuu seuraavasti: <strong><em>juokseva numero\/teht\u00e4v\u00e4luokan numero\/vuosi<\/em><\/strong>. Asianumero periytyy kaikkiin Twebiss\u00e4 laatimiisi, asialle liitt\u00e4miisi asiakirjoihin. Voit my\u00f6s pyyt\u00e4\u00e4 ulkopuolisia&nbsp;organisaatioita mainitsemaan ko asianumeron vastatessaan Jamkin asiakirjoihin.<\/p>\n\n\n\n<h3 class=\"wp-block-heading\">Asian kirjaaminen<\/h3>\n\n\n\n<p>Jos sinulla on kirjaajan oikeudet, paina <em>Avaa ja kirjaa asia<\/em> -painiketta. Jos sinulla ei kyseisi\u00e4 oikeuksia ole, ole yhteydess\u00e4 yksikk\u00f6si Tweb-yhteyshenkil\u00f6\u00f6n.<\/p>\n\n\n\n<p>Kun asia on avattu ja kirjattu, voit tehd\u00e4 asialle toimenpiteit\u00e4 ja liitt\u00e4\u00e4 siihen asiakirjoja. Asiakirjojen laatiminen ohjeistetaan t\u00e4m\u00e4n ohjeen kohdassa 3.<\/p>\n\n\n\n<p><\/p>\n\n\n<div id=\"link-lifts-block_b9305605a16a09dc5bbf924d8f411a19\" class=\"link-lifts block-link-lifts\">\n  <div class=\"row\">\n      <\/div>\n<\/div>","protected":false},"excerpt":{"rendered":"<p>Henkil\u00f6, jolle on m\u00e4\u00e4ritetty kirjaajan oikeudet, voi avata asian asianhallintaan. Uusi asia Kun haluat luoda uuden asian, valitse sivuvalikosta Luo asia. Anna asialle otsikko Nimeke &#8211;kohtaan. Asian nimikkeen tulee olla selke\u00e4, kuvaava ja lyhyt. Asian nimen tulee olla sellainen, ett\u00e4 se kuvastaa koko prosessia, ei yksitt\u00e4ist\u00e4 asiakirjaa. Toistuvista kokouksista tai palavereista ei avata asiaa. Jokaisen [&hellip;]<\/p>\n","protected":false},"author":94,"featured_media":0,"parent":463,"menu_order":210,"comment_status":"closed","ping_status":"closed","template":"","meta":{"_acf_changed":false,"_relevanssi_hide_post":"","_relevanssi_hide_content":"","_relevanssi_pin_for_all":"","_relevanssi_pin_keywords":"","_relevanssi_unpin_keywords":"","_relevanssi_related_keywords":"","_relevanssi_related_include_ids":"","_relevanssi_related_exclude_ids":"","_relevanssi_related_no_append":"","_relevanssi_related_not_related":"","_relevanssi_related_posts":"27,36,12,30,9,18","_relevanssi_noindex_reason":"","footnotes":""},"categories":[],"tags":[443,545,547,21,549,551,57,39],"class_list":["post-475","page","type-page","status-publish","hentry","tag-asia-fi","tag-asian-avaaminen-fi","tag-asian-kirjaaminen-fi","tag-asianhallinta","tag-avaaminen-fi","tag-avaus-fi","tag-kirjaaminen","tag-tweb"],"acf":[],"yoast_head":"<!-- This site is optimized with the Yoast SEO plugin v27.3 - https:\/\/yoast.com\/product\/yoast-seo-wordpress\/ -->\n<title>Asian avaaminen - Asianhallinta<\/title>\n<meta name=\"robots\" content=\"index, follow, max-snippet:-1, max-image-preview:large, max-video-preview:-1\" \/>\n<link rel=\"canonical\" href=\"https:\/\/help.jamk.fi\/asianhallinta\/fi\/11-asianhallinta\/asian-avaus\/\" \/>\n<meta property=\"og:locale\" content=\"fi_FI\" \/>\n<meta property=\"og:type\" content=\"article\" \/>\n<meta property=\"og:title\" content=\"Asian avaaminen - Asianhallinta\" \/>\n<meta property=\"og:description\" content=\"Henkil\u00f6, jolle on m\u00e4\u00e4ritetty kirjaajan oikeudet, voi avata asian asianhallintaan. Uusi asia Kun haluat luoda uuden asian, valitse sivuvalikosta Luo asia. Anna asialle otsikko Nimeke &#8211;kohtaan. Asian nimikkeen tulee olla selke\u00e4, kuvaava ja lyhyt. Asian nimen tulee olla sellainen, ett\u00e4 se kuvastaa koko prosessia, ei yksitt\u00e4ist\u00e4 asiakirjaa. Toistuvista kokouksista tai palavereista ei avata asiaa. Jokaisen [&hellip;]\" \/>\n<meta property=\"og:url\" content=\"https:\/\/help.jamk.fi\/asianhallinta\/fi\/11-asianhallinta\/asian-avaus\/\" \/>\n<meta property=\"og:site_name\" content=\"Asianhallinta\" \/>\n<meta property=\"article:modified_time\" content=\"2024-10-22T10:26:35+00:00\" \/>\n<meta property=\"og:image\" content=\"https:\/\/help.jamk.fi\/asianhallinta\/wp-content\/uploads\/sites\/53\/2023\/07\/asia-valikko.jpg\" \/>\n<meta name=\"twitter:card\" content=\"summary_large_image\" \/>\n<meta name=\"twitter:label1\" content=\"Arvioitu lukuaika\" \/>\n\t<meta name=\"twitter:data1\" content=\"2 minuuttia\" \/>\n<script type=\"application\/ld+json\" class=\"yoast-schema-graph\">{\"@context\":\"https:\\\/\\\/schema.org\",\"@graph\":[{\"@type\":\"WebPage\",\"@id\":\"https:\\\/\\\/help.jamk.fi\\\/asianhallinta\\\/fi\\\/11-asianhallinta\\\/asian-avaus\\\/\",\"url\":\"https:\\\/\\\/help.jamk.fi\\\/asianhallinta\\\/fi\\\/11-asianhallinta\\\/asian-avaus\\\/\",\"name\":\"Asian avaaminen - Asianhallinta\",\"isPartOf\":{\"@id\":\"https:\\\/\\\/help.jamk.fi\\\/asianhallinta\\\/#website\"},\"primaryImageOfPage\":{\"@id\":\"https:\\\/\\\/help.jamk.fi\\\/asianhallinta\\\/fi\\\/11-asianhallinta\\\/asian-avaus\\\/#primaryimage\"},\"image\":{\"@id\":\"https:\\\/\\\/help.jamk.fi\\\/asianhallinta\\\/fi\\\/11-asianhallinta\\\/asian-avaus\\\/#primaryimage\"},\"thumbnailUrl\":\"https:\\\/\\\/help.jamk.fi\\\/asianhallinta\\\/wp-content\\\/uploads\\\/sites\\\/53\\\/2023\\\/07\\\/asia-valikko.jpg\",\"datePublished\":\"2013-08-29T06:35:11+00:00\",\"dateModified\":\"2024-10-22T10:26:35+00:00\",\"breadcrumb\":{\"@id\":\"https:\\\/\\\/help.jamk.fi\\\/asianhallinta\\\/fi\\\/11-asianhallinta\\\/asian-avaus\\\/#breadcrumb\"},\"inLanguage\":\"fi\",\"potentialAction\":[{\"@type\":\"ReadAction\",\"target\":[\"https:\\\/\\\/help.jamk.fi\\\/asianhallinta\\\/fi\\\/11-asianhallinta\\\/asian-avaus\\\/\"]}]},{\"@type\":\"ImageObject\",\"inLanguage\":\"fi\",\"@id\":\"https:\\\/\\\/help.jamk.fi\\\/asianhallinta\\\/fi\\\/11-asianhallinta\\\/asian-avaus\\\/#primaryimage\",\"url\":\"https:\\\/\\\/help.jamk.fi\\\/asianhallinta\\\/wp-content\\\/uploads\\\/sites\\\/53\\\/2023\\\/07\\\/asia-valikko.jpg\",\"contentUrl\":\"https:\\\/\\\/help.jamk.fi\\\/asianhallinta\\\/wp-content\\\/uploads\\\/sites\\\/53\\\/2023\\\/07\\\/asia-valikko.jpg\",\"width\":226,\"height\":139,\"caption\":\"Twebin Asia-valikko\"},{\"@type\":\"BreadcrumbList\",\"@id\":\"https:\\\/\\\/help.jamk.fi\\\/asianhallinta\\\/fi\\\/11-asianhallinta\\\/asian-avaus\\\/#breadcrumb\",\"itemListElement\":[{\"@type\":\"ListItem\",\"position\":1,\"name\":\"Etusivu\",\"item\":\"https:\\\/\\\/help.jamk.fi\\\/asianhallinta\\\/\"},{\"@type\":\"ListItem\",\"position\":2,\"name\":\"2 Asianhallinta\",\"item\":\"https:\\\/\\\/help.jamk.fi\\\/asianhallinta\\\/fi\\\/11-asianhallinta\\\/\"},{\"@type\":\"ListItem\",\"position\":3,\"name\":\"Asian avaaminen\"}]},{\"@type\":\"WebSite\",\"@id\":\"https:\\\/\\\/help.jamk.fi\\\/asianhallinta\\\/#website\",\"url\":\"https:\\\/\\\/help.jamk.fi\\\/asianhallinta\\\/\",\"name\":\"Asianhallinta\",\"description\":\"\",\"potentialAction\":[{\"@type\":\"SearchAction\",\"target\":{\"@type\":\"EntryPoint\",\"urlTemplate\":\"https:\\\/\\\/help.jamk.fi\\\/asianhallinta\\\/?s={search_term_string}\"},\"query-input\":{\"@type\":\"PropertyValueSpecification\",\"valueRequired\":true,\"valueName\":\"search_term_string\"}}],\"inLanguage\":\"fi\"}]}<\/script>\n<!-- \/ Yoast SEO plugin. -->","yoast_head_json":{"title":"Asian avaaminen - Asianhallinta","robots":{"index":"index","follow":"follow","max-snippet":"max-snippet:-1","max-image-preview":"max-image-preview:large","max-video-preview":"max-video-preview:-1"},"canonical":"https:\/\/help.jamk.fi\/asianhallinta\/fi\/11-asianhallinta\/asian-avaus\/","og_locale":"fi_FI","og_type":"article","og_title":"Asian avaaminen - Asianhallinta","og_description":"Henkil\u00f6, jolle on m\u00e4\u00e4ritetty kirjaajan oikeudet, voi avata asian asianhallintaan. Uusi asia Kun haluat luoda uuden asian, valitse sivuvalikosta Luo asia. Anna asialle otsikko Nimeke &#8211;kohtaan. Asian nimikkeen tulee olla selke\u00e4, kuvaava ja lyhyt. Asian nimen tulee olla sellainen, ett\u00e4 se kuvastaa koko prosessia, ei yksitt\u00e4ist\u00e4 asiakirjaa. Toistuvista kokouksista tai palavereista ei avata asiaa. Jokaisen [&hellip;]","og_url":"https:\/\/help.jamk.fi\/asianhallinta\/fi\/11-asianhallinta\/asian-avaus\/","og_site_name":"Asianhallinta","article_modified_time":"2024-10-22T10:26:35+00:00","og_image":[{"url":"https:\/\/help.jamk.fi\/asianhallinta\/wp-content\/uploads\/sites\/53\/2023\/07\/asia-valikko.jpg","type":"","width":"","height":""}],"twitter_card":"summary_large_image","twitter_misc":{"Arvioitu lukuaika":"2 minuuttia"},"schema":{"@context":"https:\/\/schema.org","@graph":[{"@type":"WebPage","@id":"https:\/\/help.jamk.fi\/asianhallinta\/fi\/11-asianhallinta\/asian-avaus\/","url":"https:\/\/help.jamk.fi\/asianhallinta\/fi\/11-asianhallinta\/asian-avaus\/","name":"Asian avaaminen - Asianhallinta","isPartOf":{"@id":"https:\/\/help.jamk.fi\/asianhallinta\/#website"},"primaryImageOfPage":{"@id":"https:\/\/help.jamk.fi\/asianhallinta\/fi\/11-asianhallinta\/asian-avaus\/#primaryimage"},"image":{"@id":"https:\/\/help.jamk.fi\/asianhallinta\/fi\/11-asianhallinta\/asian-avaus\/#primaryimage"},"thumbnailUrl":"https:\/\/help.jamk.fi\/asianhallinta\/wp-content\/uploads\/sites\/53\/2023\/07\/asia-valikko.jpg","datePublished":"2013-08-29T06:35:11+00:00","dateModified":"2024-10-22T10:26:35+00:00","breadcrumb":{"@id":"https:\/\/help.jamk.fi\/asianhallinta\/fi\/11-asianhallinta\/asian-avaus\/#breadcrumb"},"inLanguage":"fi","potentialAction":[{"@type":"ReadAction","target":["https:\/\/help.jamk.fi\/asianhallinta\/fi\/11-asianhallinta\/asian-avaus\/"]}]},{"@type":"ImageObject","inLanguage":"fi","@id":"https:\/\/help.jamk.fi\/asianhallinta\/fi\/11-asianhallinta\/asian-avaus\/#primaryimage","url":"https:\/\/help.jamk.fi\/asianhallinta\/wp-content\/uploads\/sites\/53\/2023\/07\/asia-valikko.jpg","contentUrl":"https:\/\/help.jamk.fi\/asianhallinta\/wp-content\/uploads\/sites\/53\/2023\/07\/asia-valikko.jpg","width":226,"height":139,"caption":"Twebin Asia-valikko"},{"@type":"BreadcrumbList","@id":"https:\/\/help.jamk.fi\/asianhallinta\/fi\/11-asianhallinta\/asian-avaus\/#breadcrumb","itemListElement":[{"@type":"ListItem","position":1,"name":"Etusivu","item":"https:\/\/help.jamk.fi\/asianhallinta\/"},{"@type":"ListItem","position":2,"name":"2 Asianhallinta","item":"https:\/\/help.jamk.fi\/asianhallinta\/fi\/11-asianhallinta\/"},{"@type":"ListItem","position":3,"name":"Asian avaaminen"}]},{"@type":"WebSite","@id":"https:\/\/help.jamk.fi\/asianhallinta\/#website","url":"https:\/\/help.jamk.fi\/asianhallinta\/","name":"Asianhallinta","description":"","potentialAction":[{"@type":"SearchAction","target":{"@type":"EntryPoint","urlTemplate":"https:\/\/help.jamk.fi\/asianhallinta\/?s={search_term_string}"},"query-input":{"@type":"PropertyValueSpecification","valueRequired":true,"valueName":"search_term_string"}}],"inLanguage":"fi"}]}},"_links":{"self":[{"href":"https:\/\/help.jamk.fi\/asianhallinta\/wp-json\/wp\/v2\/pages\/475","targetHints":{"allow":["GET"]}}],"collection":[{"href":"https:\/\/help.jamk.fi\/asianhallinta\/wp-json\/wp\/v2\/pages"}],"about":[{"href":"https:\/\/help.jamk.fi\/asianhallinta\/wp-json\/wp\/v2\/types\/page"}],"author":[{"embeddable":true,"href":"https:\/\/help.jamk.fi\/asianhallinta\/wp-json\/wp\/v2\/users\/94"}],"replies":[{"embeddable":true,"href":"https:\/\/help.jamk.fi\/asianhallinta\/wp-json\/wp\/v2\/comments?post=475"}],"version-history":[{"count":12,"href":"https:\/\/help.jamk.fi\/asianhallinta\/wp-json\/wp\/v2\/pages\/475\/revisions"}],"predecessor-version":[{"id":1924,"href":"https:\/\/help.jamk.fi\/asianhallinta\/wp-json\/wp\/v2\/pages\/475\/revisions\/1924"}],"up":[{"embeddable":true,"href":"https:\/\/help.jamk.fi\/asianhallinta\/wp-json\/wp\/v2\/pages\/463"}],"wp:attachment":[{"href":"https:\/\/help.jamk.fi\/asianhallinta\/wp-json\/wp\/v2\/media?parent=475"}],"wp:term":[{"taxonomy":"category","embeddable":true,"href":"https:\/\/help.jamk.fi\/asianhallinta\/wp-json\/wp\/v2\/categories?post=475"},{"taxonomy":"post_tag","embeddable":true,"href":"https:\/\/help.jamk.fi\/asianhallinta\/wp-json\/wp\/v2\/tags?post=475"}],"curies":[{"name":"wp","href":"https:\/\/api.w.org\/{rel}","templated":true}]}}