{"id":487,"date":"2013-11-20T13:23:45","date_gmt":"2013-11-20T11:23:45","guid":{"rendered":"https:\/\/help.jamk.fi\/asiakirjahallinto\/esimerkkisivu\/11-asianhallinta\/toimenpide\/"},"modified":"2024-01-19T14:54:53","modified_gmt":"2024-01-19T12:54:53","slug":"toimenpide","status":"publish","type":"page","link":"https:\/\/help.jamk.fi\/asianhallinta\/fi\/11-asianhallinta\/toimenpide\/","title":{"rendered":"Toimenpide"},"content":{"rendered":"\n<p>Toimenpiteet ovat prosessiin liittyvi\u00e4 tapahtumia, jotka kuvaavat prosessin etenemist\u00e4. Uusi toimenpide syntyy aina, kun asialle liitet\u00e4\u00e4n asiakirja tai sellaisen voi tehd\u00e4 itse.<\/p>\n\n\n\n<p>Toimenpide voi n\u00e4ky\u00e4 kaikille (<strong><em>kirjattu<\/em><\/strong>) tai vain niille, jotka asiaa valmistelevat. Toimenpiteeseen voi liitty\u00e4 asiakirjoja tai se voi olla ns. asiakirjaton toimenpide ns. <em>muistilappu<\/em>.<\/p>\n\n\n\n<h2 class=\"wp-block-heading\">Toimenpiteen kirjaaminen<\/h2>\n\n\n\n<p>Kun asialle on liitetty asiakirja, asian <em>Toimenpiteet<\/em>-v\u00e4lilehdelle ilmestyy merkint\u00e4 <em>Asiakirjan liitos<\/em>. T\u00e4m\u00e4 toimenpide tulee aina kirjata, jotta asialle liitetyt julkiset asiakirjat n\u00e4kyv\u00e4t asian p\u00e4\u00e4tytty\u00e4.<\/p>\n\n\n<div class=\"wp-block-image\">\n<figure class=\"aligncenter size-large is-resized\"><img loading=\"lazy\" decoding=\"async\" width=\"1024\" height=\"279\" src=\"https:\/\/help.jamk.fi\/asianhallinta\/wp-content\/uploads\/sites\/53\/2023\/07\/Toimenpide-2-1024x279.jpg\" alt=\"\" class=\"wp-image-1116\" style=\"aspect-ratio:3.6702508960573477;width:876px;height:auto\" srcset=\"https:\/\/help.jamk.fi\/asianhallinta\/wp-content\/uploads\/sites\/53\/2023\/07\/Toimenpide-2-1024x279.jpg 1024w, https:\/\/help.jamk.fi\/asianhallinta\/wp-content\/uploads\/sites\/53\/2023\/07\/Toimenpide-2-300x82.jpg 300w, https:\/\/help.jamk.fi\/asianhallinta\/wp-content\/uploads\/sites\/53\/2023\/07\/Toimenpide-2-768x209.jpg 768w, https:\/\/help.jamk.fi\/asianhallinta\/wp-content\/uploads\/sites\/53\/2023\/07\/Toimenpide-2-1536x418.jpg 1536w, https:\/\/help.jamk.fi\/asianhallinta\/wp-content\/uploads\/sites\/53\/2023\/07\/Toimenpide-2.jpg 1656w\" sizes=\"auto, (max-width: 1024px) 100vw, 1024px\" \/><\/figure>\n<\/div>\n\n\n<p>Klikkaa toimenpidett\u00e4 ja n\u00e4kym\u00e4 avautuu uuteen ikkunaan. T\u00e4ss\u00e4 n\u00e4kym\u00e4ss\u00e4 voit halutessasi muokata toimenpidett\u00e4 enemm\u00e4n tai vain kirjata toimenpiteen. <\/p>\n\n\n\n<p>Jos prosessille on m\u00e4\u00e4ritetty omia toimenpidetyyppej\u00e4, ne l\u00f6ytyv\u00e4t <em>Toimenpidetyyppi<\/em>-pudostusvalikosta..<\/p>\n\n\n<div class=\"wp-block-image\">\n<figure class=\"aligncenter size-large is-resized\"><img decoding=\"async\" src=\"https:\/\/help.jamk.fi\/asiakirjahallinto\/wp-content\/uploads\/sites\/53\/2023\/07\/Toimenpide-nakyma-1024x334.jpg\" alt=\"\" class=\"wp-image-1576\" style=\"aspect-ratio:3.065868263473054;width:919px;height:auto\"\/><\/figure>\n<\/div>\n\n\n<p><strong>Jos teet toimenpiteelle muutoksia<\/strong>, klikkaa ensin <em>Tallenna<\/em>-painiketta ja sen j\u00e4lkeen <em>Kirjaa toimenpide<\/em>-painiketta<br><strong>Jos vain kirjaat toimenpiteen<\/strong>, klikkaa suoraan <em>Kirjaa toimenpide<\/em>-painiketta.<\/p>\n\n\n<div class=\"wp-block-image\">\n<figure class=\"aligncenter size-large\"><img decoding=\"async\" src=\"https:\/\/help.jamk.fi\/asiakirjahallinto\/wp-content\/uploads\/sites\/53\/2023\/07\/Toimenpide-kirjaaminen-1024x277.jpg\" alt=\"\" class=\"wp-image-1578\"\/><\/figure>\n<\/div>\n\n\n<p>Asian <em>Toimenpiteet<\/em>-v\u00e4lilehdelle ilmestyy K-merkint\u00e4 jokaisen kirjatun toimenpiteen kohdalle.<\/p>\n\n\n<div class=\"wp-block-image\">\n<figure class=\"aligncenter size-large\"><img decoding=\"async\" src=\"https:\/\/help.jamk.fi\/asiakirjahallinto\/wp-content\/uploads\/sites\/53\/2023\/07\/Toimenpide-Kmerkinta-1024x200.jpg\" alt=\"\" class=\"wp-image-1579\"\/><\/figure>\n<\/div>\n\n\n<h2 class=\"wp-block-heading\">Toimenpiteen muokkaaminen<\/h2>\n\n\n\n<p>Voit muokata asialla olevaa toimenpidett\u00e4. Usein uusi toimenpide syntyy, kun asialle liitet\u00e4\u00e4n asiakirja tai sen voi luoda <em>Luo toimenpide<\/em>-painikkeen kautta.<\/p>\n\n\n\n<p>Valitse <em>Toimenpiteet<\/em>-sivulta toimenpide, jota haluat muokata klikkaamalla luettelon\u00e4kym\u00e4ss\u00e4 olevaa sinist\u00e4 linkki\u00e4.<\/p>\n\n\n<div class=\"wp-block-image\">\n<figure class=\"aligncenter size-full\"><img loading=\"lazy\" decoding=\"async\" width=\"790\" height=\"394\" src=\"https:\/\/help.jamk.fi\/asianhallinta\/wp-content\/uploads\/sites\/53\/2023\/07\/Capture._toimenpide.jpg\" alt=\"Asian Toimenpiteet-v\u00e4lilehti\" class=\"wp-image-1107\" srcset=\"https:\/\/help.jamk.fi\/asianhallinta\/wp-content\/uploads\/sites\/53\/2023\/07\/Capture._toimenpide.jpg 790w, https:\/\/help.jamk.fi\/asianhallinta\/wp-content\/uploads\/sites\/53\/2023\/07\/Capture._toimenpide-300x150.jpg 300w, https:\/\/help.jamk.fi\/asianhallinta\/wp-content\/uploads\/sites\/53\/2023\/07\/Capture._toimenpide-768x383.jpg 768w\" sizes=\"auto, (max-width: 790px) 100vw, 790px\" \/><figcaption class=\"wp-element-caption\"><strong>Asian Toimenpiteet-v\u00e4lilehti<\/strong><\/figcaption><\/figure>\n<\/div>\n\n\n<p>N\u00e4kym\u00e4 siirtyy toimenpiteelle &#8211; punaisella merkityt kohdat suositellaan t\u00e4ydennett\u00e4v\u00e4ksi. Kirjaa toimenpide, jos siihen liittyy asiakirjoja tai toimenpidetyyppi kertoo prosessin vaiheen.<\/p>\n\n\n<div class=\"wp-block-image\">\n<figure class=\"aligncenter size-full is-resized\"><img loading=\"lazy\" decoding=\"async\" width=\"1019\" height=\"727\" src=\"https:\/\/help.jamk.fi\/asianhallinta\/wp-content\/uploads\/sites\/53\/2023\/07\/Toimenpide-1.jpg\" alt=\"Toimenpiteen muokaaminen\" class=\"wp-image-1110\" style=\"aspect-ratio:1.4016506189821183;width:774px;height:auto\" srcset=\"https:\/\/help.jamk.fi\/asianhallinta\/wp-content\/uploads\/sites\/53\/2023\/07\/Toimenpide-1.jpg 1019w, https:\/\/help.jamk.fi\/asianhallinta\/wp-content\/uploads\/sites\/53\/2023\/07\/Toimenpide-1-300x214.jpg 300w, https:\/\/help.jamk.fi\/asianhallinta\/wp-content\/uploads\/sites\/53\/2023\/07\/Toimenpide-1-768x548.jpg 768w\" sizes=\"auto, (max-width: 1019px) 100vw, 1019px\" \/><figcaption class=\"wp-element-caption\"><strong>Toimenpiteell\u00e4 muokattavat tai t\u00e4ydennett\u00e4v\u00e4t tietokent\u00e4t<\/strong><\/figcaption><\/figure>\n<\/div>\n\n\n<h2 class=\"wp-block-heading\">Asiakirjan liitt\u00e4minen toimenpiteelt\u00e4<\/h2>\n\n\n\n<p>Toimenpiteelle voidaan liitt\u00e4\u00e4 ja tehd\u00e4 asiakirjoja.&nbsp;Esittelyvideolla kerrotaan eri vaihtoehdoista, joilla voit asiakirjan asialle ja toimenpiteelle liitt\u00e4\u00e4.<\/p>\n\n\n\n<p>Tarkemman ohjeistuksen eri tavoista l\u00f6yd\u00e4t ohjeista<\/p>\n\n\n\n<ul class=\"wp-block-list\">\n<li><a href=\"https:\/\/help.jamk.fi\/asianhallinta\/fi\/11-asianhallinta\/tweb-asiakirjan-liittaminen-asialle\/\">Twebiss\u00e4 jo olevan asiakirjan liitt\u00e4minen asialle<\/a><\/li>\n\n\n\n<li><a href=\"https:\/\/help.jamk.fi\/asianhallinta\/fi\/11-asianhallinta\/uuden-asiakirjan-luominen-toimenpiteelle-2\/\">Uuden asiakirjan luominen asialle ja toimenpiteelle<\/a><\/li>\n<\/ul>\n\n\n<div id=\"link-lifts-block_b124fe970acceb6fb9d2c1af73e86ea7\" class=\"link-lifts block-link-lifts\">\n  <div class=\"row\">\n            <div class=\"col-12 col-lg-4 block-link-lifts__column\">\n          <div class=\"block-link-lifts__item lilac\">\n            <h3 class=\"block-link-lifts__item--heading\">Video-ohjeet<\/h3>\n                          <ul class=\"block-link-lifts__item--link-list\">\n                                                                        <li>\n                                              <a class=\"link-list\" href=\"https:\/\/panopto.jamk.fi\/Panopto\/Pages\/Viewer.aspx?id=be544570-904d-4cd6-b5a6-ab79008fcc57\" target=\"_self\">Toimenpiteen luominen asialle (Panopto, vaatii kirjautumisen)<\/a>\n                                          <\/li>\n                                                <\/ul>\n            \n          <\/div>\n        <\/div>\n      <\/div>\n<\/div>\n\n\n<p><\/p>\n","protected":false},"excerpt":{"rendered":"<p>Toimenpiteet ovat prosessiin liittyvi\u00e4 tapahtumia, jotka kuvaavat prosessin etenemist\u00e4. Uusi toimenpide syntyy aina, kun asialle liitet\u00e4\u00e4n asiakirja tai sellaisen voi tehd\u00e4 itse. Toimenpide voi n\u00e4ky\u00e4 kaikille (kirjattu) tai vain niille, jotka asiaa valmistelevat. Toimenpiteeseen voi liitty\u00e4 asiakirjoja tai se voi olla ns. asiakirjaton toimenpide ns. muistilappu. Toimenpiteen kirjaaminen Kun asialle on liitetty asiakirja, asian Toimenpiteet-v\u00e4lilehdelle [&hellip;]<\/p>\n","protected":false},"author":94,"featured_media":0,"parent":463,"menu_order":220,"comment_status":"closed","ping_status":"closed","template":"","meta":{"_acf_changed":false,"_relevanssi_hide_post":"","_relevanssi_hide_content":"","_relevanssi_pin_for_all":"","_relevanssi_pin_keywords":"","_relevanssi_unpin_keywords":"","_relevanssi_related_keywords":"","_relevanssi_related_include_ids":"","_relevanssi_related_exclude_ids":"","_relevanssi_related_no_append":"","_relevanssi_related_not_related":"","_relevanssi_related_posts":"","_relevanssi_noindex_reason":"","footnotes":""},"categories":[],"tags":[443,21,63,39],"class_list":["post-487","page","type-page","status-publish","hentry","tag-asia-fi","tag-asianhallinta","tag-toimenpide","tag-tweb"],"acf":[],"yoast_head":"<!-- This site is optimized with the Yoast SEO plugin v27.3 - https:\/\/yoast.com\/product\/yoast-seo-wordpress\/ -->\n<title>Toimenpide - Asianhallinta<\/title>\n<meta name=\"robots\" content=\"index, follow, max-snippet:-1, max-image-preview:large, max-video-preview:-1\" \/>\n<link rel=\"canonical\" href=\"https:\/\/help.jamk.fi\/asianhallinta\/fi\/11-asianhallinta\/toimenpide\/\" \/>\n<meta property=\"og:locale\" content=\"fi_FI\" \/>\n<meta property=\"og:type\" content=\"article\" \/>\n<meta property=\"og:title\" content=\"Toimenpide - Asianhallinta\" \/>\n<meta property=\"og:description\" content=\"Toimenpiteet ovat prosessiin liittyvi\u00e4 tapahtumia, jotka kuvaavat prosessin etenemist\u00e4. Uusi toimenpide syntyy aina, kun asialle liitet\u00e4\u00e4n asiakirja tai sellaisen voi tehd\u00e4 itse. Toimenpide voi n\u00e4ky\u00e4 kaikille (kirjattu) tai vain niille, jotka asiaa valmistelevat. Toimenpiteeseen voi liitty\u00e4 asiakirjoja tai se voi olla ns. asiakirjaton toimenpide ns. muistilappu. Toimenpiteen kirjaaminen Kun asialle on liitetty asiakirja, asian Toimenpiteet-v\u00e4lilehdelle [&hellip;]\" \/>\n<meta property=\"og:url\" content=\"https:\/\/help.jamk.fi\/asianhallinta\/fi\/11-asianhallinta\/toimenpide\/\" \/>\n<meta property=\"og:site_name\" content=\"Asianhallinta\" \/>\n<meta property=\"article:modified_time\" content=\"2024-01-19T12:54:53+00:00\" \/>\n<meta property=\"og:image\" content=\"https:\/\/help.jamk.fi\/asianhallinta\/wp-content\/uploads\/sites\/53\/2023\/07\/Toimenpide-2-1024x279.jpg\" \/>\n<meta name=\"twitter:card\" content=\"summary_large_image\" \/>\n<meta name=\"twitter:label1\" content=\"Arvioitu lukuaika\" \/>\n\t<meta name=\"twitter:data1\" content=\"3 minuuttia\" \/>\n<script type=\"application\/ld+json\" class=\"yoast-schema-graph\">{\"@context\":\"https:\\\/\\\/schema.org\",\"@graph\":[{\"@type\":\"WebPage\",\"@id\":\"https:\\\/\\\/help.jamk.fi\\\/asianhallinta\\\/fi\\\/11-asianhallinta\\\/toimenpide\\\/\",\"url\":\"https:\\\/\\\/help.jamk.fi\\\/asianhallinta\\\/fi\\\/11-asianhallinta\\\/toimenpide\\\/\",\"name\":\"Toimenpide - Asianhallinta\",\"isPartOf\":{\"@id\":\"https:\\\/\\\/help.jamk.fi\\\/asianhallinta\\\/#website\"},\"primaryImageOfPage\":{\"@id\":\"https:\\\/\\\/help.jamk.fi\\\/asianhallinta\\\/fi\\\/11-asianhallinta\\\/toimenpide\\\/#primaryimage\"},\"image\":{\"@id\":\"https:\\\/\\\/help.jamk.fi\\\/asianhallinta\\\/fi\\\/11-asianhallinta\\\/toimenpide\\\/#primaryimage\"},\"thumbnailUrl\":\"https:\\\/\\\/help.jamk.fi\\\/asianhallinta\\\/wp-content\\\/uploads\\\/sites\\\/53\\\/2023\\\/07\\\/Toimenpide-2-1024x279.jpg\",\"datePublished\":\"2013-11-20T11:23:45+00:00\",\"dateModified\":\"2024-01-19T12:54:53+00:00\",\"breadcrumb\":{\"@id\":\"https:\\\/\\\/help.jamk.fi\\\/asianhallinta\\\/fi\\\/11-asianhallinta\\\/toimenpide\\\/#breadcrumb\"},\"inLanguage\":\"fi\",\"potentialAction\":[{\"@type\":\"ReadAction\",\"target\":[\"https:\\\/\\\/help.jamk.fi\\\/asianhallinta\\\/fi\\\/11-asianhallinta\\\/toimenpide\\\/\"]}]},{\"@type\":\"ImageObject\",\"inLanguage\":\"fi\",\"@id\":\"https:\\\/\\\/help.jamk.fi\\\/asianhallinta\\\/fi\\\/11-asianhallinta\\\/toimenpide\\\/#primaryimage\",\"url\":\"https:\\\/\\\/help.jamk.fi\\\/asianhallinta\\\/wp-content\\\/uploads\\\/sites\\\/53\\\/2023\\\/07\\\/Toimenpide-2.jpg\",\"contentUrl\":\"https:\\\/\\\/help.jamk.fi\\\/asianhallinta\\\/wp-content\\\/uploads\\\/sites\\\/53\\\/2023\\\/07\\\/Toimenpide-2.jpg\",\"width\":1656,\"height\":451},{\"@type\":\"BreadcrumbList\",\"@id\":\"https:\\\/\\\/help.jamk.fi\\\/asianhallinta\\\/fi\\\/11-asianhallinta\\\/toimenpide\\\/#breadcrumb\",\"itemListElement\":[{\"@type\":\"ListItem\",\"position\":1,\"name\":\"Etusivu\",\"item\":\"https:\\\/\\\/help.jamk.fi\\\/asianhallinta\\\/\"},{\"@type\":\"ListItem\",\"position\":2,\"name\":\"2 Asianhallinta\",\"item\":\"https:\\\/\\\/help.jamk.fi\\\/asianhallinta\\\/fi\\\/11-asianhallinta\\\/\"},{\"@type\":\"ListItem\",\"position\":3,\"name\":\"Toimenpide\"}]},{\"@type\":\"WebSite\",\"@id\":\"https:\\\/\\\/help.jamk.fi\\\/asianhallinta\\\/#website\",\"url\":\"https:\\\/\\\/help.jamk.fi\\\/asianhallinta\\\/\",\"name\":\"Asianhallinta\",\"description\":\"\",\"potentialAction\":[{\"@type\":\"SearchAction\",\"target\":{\"@type\":\"EntryPoint\",\"urlTemplate\":\"https:\\\/\\\/help.jamk.fi\\\/asianhallinta\\\/?s={search_term_string}\"},\"query-input\":{\"@type\":\"PropertyValueSpecification\",\"valueRequired\":true,\"valueName\":\"search_term_string\"}}],\"inLanguage\":\"fi\"}]}<\/script>\n<!-- \/ Yoast SEO plugin. -->","yoast_head_json":{"title":"Toimenpide - Asianhallinta","robots":{"index":"index","follow":"follow","max-snippet":"max-snippet:-1","max-image-preview":"max-image-preview:large","max-video-preview":"max-video-preview:-1"},"canonical":"https:\/\/help.jamk.fi\/asianhallinta\/fi\/11-asianhallinta\/toimenpide\/","og_locale":"fi_FI","og_type":"article","og_title":"Toimenpide - Asianhallinta","og_description":"Toimenpiteet ovat prosessiin liittyvi\u00e4 tapahtumia, jotka kuvaavat prosessin etenemist\u00e4. Uusi toimenpide syntyy aina, kun asialle liitet\u00e4\u00e4n asiakirja tai sellaisen voi tehd\u00e4 itse. Toimenpide voi n\u00e4ky\u00e4 kaikille (kirjattu) tai vain niille, jotka asiaa valmistelevat. Toimenpiteeseen voi liitty\u00e4 asiakirjoja tai se voi olla ns. asiakirjaton toimenpide ns. muistilappu. Toimenpiteen kirjaaminen Kun asialle on liitetty asiakirja, asian Toimenpiteet-v\u00e4lilehdelle [&hellip;]","og_url":"https:\/\/help.jamk.fi\/asianhallinta\/fi\/11-asianhallinta\/toimenpide\/","og_site_name":"Asianhallinta","article_modified_time":"2024-01-19T12:54:53+00:00","og_image":[{"url":"https:\/\/help.jamk.fi\/asianhallinta\/wp-content\/uploads\/sites\/53\/2023\/07\/Toimenpide-2-1024x279.jpg","type":"","width":"","height":""}],"twitter_card":"summary_large_image","twitter_misc":{"Arvioitu lukuaika":"3 minuuttia"},"schema":{"@context":"https:\/\/schema.org","@graph":[{"@type":"WebPage","@id":"https:\/\/help.jamk.fi\/asianhallinta\/fi\/11-asianhallinta\/toimenpide\/","url":"https:\/\/help.jamk.fi\/asianhallinta\/fi\/11-asianhallinta\/toimenpide\/","name":"Toimenpide - Asianhallinta","isPartOf":{"@id":"https:\/\/help.jamk.fi\/asianhallinta\/#website"},"primaryImageOfPage":{"@id":"https:\/\/help.jamk.fi\/asianhallinta\/fi\/11-asianhallinta\/toimenpide\/#primaryimage"},"image":{"@id":"https:\/\/help.jamk.fi\/asianhallinta\/fi\/11-asianhallinta\/toimenpide\/#primaryimage"},"thumbnailUrl":"https:\/\/help.jamk.fi\/asianhallinta\/wp-content\/uploads\/sites\/53\/2023\/07\/Toimenpide-2-1024x279.jpg","datePublished":"2013-11-20T11:23:45+00:00","dateModified":"2024-01-19T12:54:53+00:00","breadcrumb":{"@id":"https:\/\/help.jamk.fi\/asianhallinta\/fi\/11-asianhallinta\/toimenpide\/#breadcrumb"},"inLanguage":"fi","potentialAction":[{"@type":"ReadAction","target":["https:\/\/help.jamk.fi\/asianhallinta\/fi\/11-asianhallinta\/toimenpide\/"]}]},{"@type":"ImageObject","inLanguage":"fi","@id":"https:\/\/help.jamk.fi\/asianhallinta\/fi\/11-asianhallinta\/toimenpide\/#primaryimage","url":"https:\/\/help.jamk.fi\/asianhallinta\/wp-content\/uploads\/sites\/53\/2023\/07\/Toimenpide-2.jpg","contentUrl":"https:\/\/help.jamk.fi\/asianhallinta\/wp-content\/uploads\/sites\/53\/2023\/07\/Toimenpide-2.jpg","width":1656,"height":451},{"@type":"BreadcrumbList","@id":"https:\/\/help.jamk.fi\/asianhallinta\/fi\/11-asianhallinta\/toimenpide\/#breadcrumb","itemListElement":[{"@type":"ListItem","position":1,"name":"Etusivu","item":"https:\/\/help.jamk.fi\/asianhallinta\/"},{"@type":"ListItem","position":2,"name":"2 Asianhallinta","item":"https:\/\/help.jamk.fi\/asianhallinta\/fi\/11-asianhallinta\/"},{"@type":"ListItem","position":3,"name":"Toimenpide"}]},{"@type":"WebSite","@id":"https:\/\/help.jamk.fi\/asianhallinta\/#website","url":"https:\/\/help.jamk.fi\/asianhallinta\/","name":"Asianhallinta","description":"","potentialAction":[{"@type":"SearchAction","target":{"@type":"EntryPoint","urlTemplate":"https:\/\/help.jamk.fi\/asianhallinta\/?s={search_term_string}"},"query-input":{"@type":"PropertyValueSpecification","valueRequired":true,"valueName":"search_term_string"}}],"inLanguage":"fi"}]}},"_links":{"self":[{"href":"https:\/\/help.jamk.fi\/asianhallinta\/wp-json\/wp\/v2\/pages\/487","targetHints":{"allow":["GET"]}}],"collection":[{"href":"https:\/\/help.jamk.fi\/asianhallinta\/wp-json\/wp\/v2\/pages"}],"about":[{"href":"https:\/\/help.jamk.fi\/asianhallinta\/wp-json\/wp\/v2\/types\/page"}],"author":[{"embeddable":true,"href":"https:\/\/help.jamk.fi\/asianhallinta\/wp-json\/wp\/v2\/users\/94"}],"replies":[{"embeddable":true,"href":"https:\/\/help.jamk.fi\/asianhallinta\/wp-json\/wp\/v2\/comments?post=487"}],"version-history":[{"count":11,"href":"https:\/\/help.jamk.fi\/asianhallinta\/wp-json\/wp\/v2\/pages\/487\/revisions"}],"predecessor-version":[{"id":1844,"href":"https:\/\/help.jamk.fi\/asianhallinta\/wp-json\/wp\/v2\/pages\/487\/revisions\/1844"}],"up":[{"embeddable":true,"href":"https:\/\/help.jamk.fi\/asianhallinta\/wp-json\/wp\/v2\/pages\/463"}],"wp:attachment":[{"href":"https:\/\/help.jamk.fi\/asianhallinta\/wp-json\/wp\/v2\/media?parent=487"}],"wp:term":[{"taxonomy":"category","embeddable":true,"href":"https:\/\/help.jamk.fi\/asianhallinta\/wp-json\/wp\/v2\/categories?post=487"},{"taxonomy":"post_tag","embeddable":true,"href":"https:\/\/help.jamk.fi\/asianhallinta\/wp-json\/wp\/v2\/tags?post=487"}],"curies":[{"name":"wp","href":"https:\/\/api.w.org\/{rel}","templated":true}]}}