{"id":518,"date":"2013-11-20T13:45:48","date_gmt":"2013-11-20T11:45:48","guid":{"rendered":"https:\/\/help.jamk.fi\/asiakirjahallinto\/esimerkkisivu\/11-asianhallinta\/tweb-asiakirjan-liittaminen-asialle\/"},"modified":"2024-01-22T11:09:22","modified_gmt":"2024-01-22T09:09:22","slug":"tweb-asiakirjan-liittaminen-asialle","status":"publish","type":"page","link":"https:\/\/help.jamk.fi\/asianhallinta\/fi\/11-asianhallinta\/tweb-asiakirjan-liittaminen-asialle\/","title":{"rendered":"Tweb-asiakirjan liitt\u00e4minen asialle"},"content":{"rendered":"\n<p>Asian<em>\u00a0Asiakirjat\u00a0<\/em>-v\u00e4lilehdelt\u00e4 l\u00f6yd\u00e4t kaikki asiaan liittyv\u00e4t asiakirjat. T\u00e4\u00e4ll\u00e4 sivulla voit tuoda omalta ty\u00f6asemaltasi tai ulkoiselta tallennusv\u00e4lineelt\u00e4 asiakirjan asialle ja Twebiin.<\/p>\n\n\n\n<p>Jokaiselle asialle liitett\u00e4v\u00e4lle asiakirjalle on laadittava oma asiakirjakortti, my\u00f6s toiseen asiakirjaan&nbsp;laadittaville liitteille. Asialle ja asiakirjakortille tuotavan tiedosto on oltava tallennettuna ty\u00f6asemalle. Tiedostomuodoksi k\u00e4yv\u00e4t kaikki yleisemmin k\u00e4yt\u00f6ss\u00e4 olevat formaatit. \u200b<strong>Huom!&nbsp;<\/strong>Mik\u00e4li laadit asiakirjoja ty\u00f6asemallasi, muistathan k\u00e4ytt\u00e4\u00e4 Jamkin ajantasaisia asiakirjamalleja.<\/p>\n\n\n\n<h2 class=\"wp-block-heading\">Asiakirjan liitt\u00e4minen asialle<\/h2>\n\n\n\n<p>Siirry asian <em>Asiakirjat<\/em> -v\u00e4lilehdelle.<\/p>\n\n\n<div class=\"wp-block-image\">\n<figure class=\"aligncenter size-large\"><img loading=\"lazy\" decoding=\"async\" width=\"1024\" height=\"233\" src=\"https:\/\/help.jamk.fi\/asianhallinta\/wp-content\/uploads\/sites\/53\/2023\/07\/Asiakirjat_valilehti-1024x233.jpg\" alt=\"\" class=\"wp-image-1169\" srcset=\"https:\/\/help.jamk.fi\/asianhallinta\/wp-content\/uploads\/sites\/53\/2023\/07\/Asiakirjat_valilehti-1024x233.jpg 1024w, https:\/\/help.jamk.fi\/asianhallinta\/wp-content\/uploads\/sites\/53\/2023\/07\/Asiakirjat_valilehti-300x68.jpg 300w, https:\/\/help.jamk.fi\/asianhallinta\/wp-content\/uploads\/sites\/53\/2023\/07\/Asiakirjat_valilehti-768x175.jpg 768w, https:\/\/help.jamk.fi\/asianhallinta\/wp-content\/uploads\/sites\/53\/2023\/07\/Asiakirjat_valilehti.jpg 1059w\" sizes=\"auto, (max-width: 1024px) 100vw, 1024px\" \/><figcaption class=\"wp-element-caption\"><strong>Asian Asiakirjat-v\u00e4lilehti<\/strong><\/figcaption><\/figure>\n<\/div>\n\n\n<p>Lis\u00e4\u00e4 jo Twebiin liitetty asiakirja painamalla asian Asiakirjat -v\u00e4lilehdelt\u00e4 <em>Liit\u00e4 asiakirja-<\/em>painiketta<\/p>\n\n\n\n<p>Saat n\u00e4kyviin asiakirjan haun. Voit hakea asiakirjaa eri tavoin, tuloksen n\u00e4et hakukent\u00e4n alla. Esimerkiksi kirjoita nimikekentt\u00e4\u00e4n asiakirjan otsikosta muutama kirjain <em>*valintaluettelo. <\/em>Voit my\u00f6s hakea hakea asiakirjaa sen ID-numerolla.<\/p>\n\n\n\n<p>Valitse oikea asiakirja ruksaamalla ja paina <em>Valitse<\/em>-painiketta. N\u00e4kym\u00e4 siirtyy takaisin <em>Asiakirjat<\/em>-v\u00e4lilehdelle.<\/p>\n\n\n<div class=\"wp-block-image\">\n<figure class=\"aligncenter size-medium\"><img decoding=\"async\" src=\"https:\/\/help.jamk.fi\/asiakirjahallinto\/wp-content\/uploads\/sites\/53\/2023\/07\/haettu-aiakirja.jpg\" alt=\"Hae Tweb asiakirja asialle\" class=\"wp-image-606\"\/><figcaption class=\"wp-element-caption\"><strong>Asiakirjan hakun\u00e4kym\u00e4<\/strong><\/figcaption><\/figure>\n<\/div>","protected":false},"excerpt":{"rendered":"<p>Asian\u00a0Asiakirjat\u00a0-v\u00e4lilehdelt\u00e4 l\u00f6yd\u00e4t kaikki asiaan liittyv\u00e4t asiakirjat. T\u00e4\u00e4ll\u00e4 sivulla voit tuoda omalta ty\u00f6asemaltasi tai ulkoiselta tallennusv\u00e4lineelt\u00e4 asiakirjan asialle ja Twebiin. Jokaiselle asialle liitett\u00e4v\u00e4lle asiakirjalle on laadittava oma asiakirjakortti, my\u00f6s toiseen asiakirjaan&nbsp;laadittaville liitteille. Asialle ja asiakirjakortille tuotavan tiedosto on oltava tallennettuna ty\u00f6asemalle. Tiedostomuodoksi k\u00e4yv\u00e4t kaikki yleisemmin k\u00e4yt\u00f6ss\u00e4 olevat formaatit. \u200bHuom!&nbsp;Mik\u00e4li laadit asiakirjoja ty\u00f6asemallasi, muistathan k\u00e4ytt\u00e4\u00e4 Jamkin ajantasaisia [&hellip;]<\/p>\n","protected":false},"author":94,"featured_media":0,"parent":463,"menu_order":231,"comment_status":"closed","ping_status":"closed","template":"","meta":{"_acf_changed":false,"_relevanssi_hide_post":"","_relevanssi_hide_content":"","_relevanssi_pin_for_all":"","_relevanssi_pin_keywords":"","_relevanssi_unpin_keywords":"","_relevanssi_related_keywords":"","_relevanssi_related_include_ids":"","_relevanssi_related_exclude_ids":"","_relevanssi_related_no_append":"","_relevanssi_related_not_related":"","_relevanssi_related_posts":"","_relevanssi_noindex_reason":"","footnotes":""},"categories":[],"tags":[443,75,21,63,39],"class_list":["post-518","page","type-page","status-publish","hentry","tag-asia-fi","tag-asiakirja","tag-asianhallinta","tag-toimenpide","tag-tweb"],"acf":[],"yoast_head":"<!-- This site is optimized with the Yoast SEO plugin v27.3 - https:\/\/yoast.com\/product\/yoast-seo-wordpress\/ -->\n<title>Tweb-asiakirjan liitt\u00e4minen asialle - Asianhallinta<\/title>\n<meta name=\"robots\" content=\"index, follow, max-snippet:-1, max-image-preview:large, max-video-preview:-1\" \/>\n<link rel=\"canonical\" href=\"https:\/\/help.jamk.fi\/asianhallinta\/fi\/11-asianhallinta\/tweb-asiakirjan-liittaminen-asialle\/\" \/>\n<meta property=\"og:locale\" content=\"fi_FI\" \/>\n<meta property=\"og:type\" content=\"article\" \/>\n<meta property=\"og:title\" content=\"Tweb-asiakirjan liitt\u00e4minen asialle - Asianhallinta\" \/>\n<meta property=\"og:description\" content=\"Asian\u00a0Asiakirjat\u00a0-v\u00e4lilehdelt\u00e4 l\u00f6yd\u00e4t kaikki asiaan liittyv\u00e4t asiakirjat. T\u00e4\u00e4ll\u00e4 sivulla voit tuoda omalta ty\u00f6asemaltasi tai ulkoiselta tallennusv\u00e4lineelt\u00e4 asiakirjan asialle ja Twebiin. Jokaiselle asialle liitett\u00e4v\u00e4lle asiakirjalle on laadittava oma asiakirjakortti, my\u00f6s toiseen asiakirjaan&nbsp;laadittaville liitteille. Asialle ja asiakirjakortille tuotavan tiedosto on oltava tallennettuna ty\u00f6asemalle. Tiedostomuodoksi k\u00e4yv\u00e4t kaikki yleisemmin k\u00e4yt\u00f6ss\u00e4 olevat formaatit. \u200bHuom!&nbsp;Mik\u00e4li laadit asiakirjoja ty\u00f6asemallasi, muistathan k\u00e4ytt\u00e4\u00e4 Jamkin ajantasaisia [&hellip;]\" \/>\n<meta property=\"og:url\" content=\"https:\/\/help.jamk.fi\/asianhallinta\/fi\/11-asianhallinta\/tweb-asiakirjan-liittaminen-asialle\/\" \/>\n<meta property=\"og:site_name\" content=\"Asianhallinta\" \/>\n<meta property=\"article:modified_time\" content=\"2024-01-22T09:09:22+00:00\" \/>\n<meta property=\"og:image\" content=\"https:\/\/help.jamk.fi\/asianhallinta\/wp-content\/uploads\/sites\/53\/2023\/07\/Asiakirjat_valilehti-1024x233.jpg\" \/>\n<meta name=\"twitter:card\" content=\"summary_large_image\" \/>\n<meta name=\"twitter:label1\" content=\"Arvioitu lukuaika\" \/>\n\t<meta name=\"twitter:data1\" content=\"2 minuuttia\" \/>\n<script type=\"application\/ld+json\" class=\"yoast-schema-graph\">{\"@context\":\"https:\\\/\\\/schema.org\",\"@graph\":[{\"@type\":\"WebPage\",\"@id\":\"https:\\\/\\\/help.jamk.fi\\\/asianhallinta\\\/fi\\\/11-asianhallinta\\\/tweb-asiakirjan-liittaminen-asialle\\\/\",\"url\":\"https:\\\/\\\/help.jamk.fi\\\/asianhallinta\\\/fi\\\/11-asianhallinta\\\/tweb-asiakirjan-liittaminen-asialle\\\/\",\"name\":\"Tweb-asiakirjan liitt\u00e4minen asialle - Asianhallinta\",\"isPartOf\":{\"@id\":\"https:\\\/\\\/help.jamk.fi\\\/asianhallinta\\\/#website\"},\"primaryImageOfPage\":{\"@id\":\"https:\\\/\\\/help.jamk.fi\\\/asianhallinta\\\/fi\\\/11-asianhallinta\\\/tweb-asiakirjan-liittaminen-asialle\\\/#primaryimage\"},\"image\":{\"@id\":\"https:\\\/\\\/help.jamk.fi\\\/asianhallinta\\\/fi\\\/11-asianhallinta\\\/tweb-asiakirjan-liittaminen-asialle\\\/#primaryimage\"},\"thumbnailUrl\":\"https:\\\/\\\/help.jamk.fi\\\/asianhallinta\\\/wp-content\\\/uploads\\\/sites\\\/53\\\/2023\\\/07\\\/Asiakirjat_valilehti-1024x233.jpg\",\"datePublished\":\"2013-11-20T11:45:48+00:00\",\"dateModified\":\"2024-01-22T09:09:22+00:00\",\"breadcrumb\":{\"@id\":\"https:\\\/\\\/help.jamk.fi\\\/asianhallinta\\\/fi\\\/11-asianhallinta\\\/tweb-asiakirjan-liittaminen-asialle\\\/#breadcrumb\"},\"inLanguage\":\"fi\",\"potentialAction\":[{\"@type\":\"ReadAction\",\"target\":[\"https:\\\/\\\/help.jamk.fi\\\/asianhallinta\\\/fi\\\/11-asianhallinta\\\/tweb-asiakirjan-liittaminen-asialle\\\/\"]}]},{\"@type\":\"ImageObject\",\"inLanguage\":\"fi\",\"@id\":\"https:\\\/\\\/help.jamk.fi\\\/asianhallinta\\\/fi\\\/11-asianhallinta\\\/tweb-asiakirjan-liittaminen-asialle\\\/#primaryimage\",\"url\":\"https:\\\/\\\/help.jamk.fi\\\/asianhallinta\\\/wp-content\\\/uploads\\\/sites\\\/53\\\/2023\\\/07\\\/Asiakirjat_valilehti.jpg\",\"contentUrl\":\"https:\\\/\\\/help.jamk.fi\\\/asianhallinta\\\/wp-content\\\/uploads\\\/sites\\\/53\\\/2023\\\/07\\\/Asiakirjat_valilehti.jpg\",\"width\":1059,\"height\":241,\"caption\":\"Asian Asiakirjat-v\u00e4lilehti\"},{\"@type\":\"BreadcrumbList\",\"@id\":\"https:\\\/\\\/help.jamk.fi\\\/asianhallinta\\\/fi\\\/11-asianhallinta\\\/tweb-asiakirjan-liittaminen-asialle\\\/#breadcrumb\",\"itemListElement\":[{\"@type\":\"ListItem\",\"position\":1,\"name\":\"Etusivu\",\"item\":\"https:\\\/\\\/help.jamk.fi\\\/asianhallinta\\\/\"},{\"@type\":\"ListItem\",\"position\":2,\"name\":\"2 Asianhallinta\",\"item\":\"https:\\\/\\\/help.jamk.fi\\\/asianhallinta\\\/fi\\\/11-asianhallinta\\\/\"},{\"@type\":\"ListItem\",\"position\":3,\"name\":\"Tweb-asiakirjan liitt\u00e4minen asialle\"}]},{\"@type\":\"WebSite\",\"@id\":\"https:\\\/\\\/help.jamk.fi\\\/asianhallinta\\\/#website\",\"url\":\"https:\\\/\\\/help.jamk.fi\\\/asianhallinta\\\/\",\"name\":\"Asianhallinta\",\"description\":\"\",\"potentialAction\":[{\"@type\":\"SearchAction\",\"target\":{\"@type\":\"EntryPoint\",\"urlTemplate\":\"https:\\\/\\\/help.jamk.fi\\\/asianhallinta\\\/?s={search_term_string}\"},\"query-input\":{\"@type\":\"PropertyValueSpecification\",\"valueRequired\":true,\"valueName\":\"search_term_string\"}}],\"inLanguage\":\"fi\"}]}<\/script>\n<!-- \/ Yoast SEO plugin. -->","yoast_head_json":{"title":"Tweb-asiakirjan liitt\u00e4minen asialle - Asianhallinta","robots":{"index":"index","follow":"follow","max-snippet":"max-snippet:-1","max-image-preview":"max-image-preview:large","max-video-preview":"max-video-preview:-1"},"canonical":"https:\/\/help.jamk.fi\/asianhallinta\/fi\/11-asianhallinta\/tweb-asiakirjan-liittaminen-asialle\/","og_locale":"fi_FI","og_type":"article","og_title":"Tweb-asiakirjan liitt\u00e4minen asialle - Asianhallinta","og_description":"Asian\u00a0Asiakirjat\u00a0-v\u00e4lilehdelt\u00e4 l\u00f6yd\u00e4t kaikki asiaan liittyv\u00e4t asiakirjat. T\u00e4\u00e4ll\u00e4 sivulla voit tuoda omalta ty\u00f6asemaltasi tai ulkoiselta tallennusv\u00e4lineelt\u00e4 asiakirjan asialle ja Twebiin. Jokaiselle asialle liitett\u00e4v\u00e4lle asiakirjalle on laadittava oma asiakirjakortti, my\u00f6s toiseen asiakirjaan&nbsp;laadittaville liitteille. Asialle ja asiakirjakortille tuotavan tiedosto on oltava tallennettuna ty\u00f6asemalle. Tiedostomuodoksi k\u00e4yv\u00e4t kaikki yleisemmin k\u00e4yt\u00f6ss\u00e4 olevat formaatit. \u200bHuom!&nbsp;Mik\u00e4li laadit asiakirjoja ty\u00f6asemallasi, muistathan k\u00e4ytt\u00e4\u00e4 Jamkin ajantasaisia [&hellip;]","og_url":"https:\/\/help.jamk.fi\/asianhallinta\/fi\/11-asianhallinta\/tweb-asiakirjan-liittaminen-asialle\/","og_site_name":"Asianhallinta","article_modified_time":"2024-01-22T09:09:22+00:00","og_image":[{"url":"https:\/\/help.jamk.fi\/asianhallinta\/wp-content\/uploads\/sites\/53\/2023\/07\/Asiakirjat_valilehti-1024x233.jpg","type":"","width":"","height":""}],"twitter_card":"summary_large_image","twitter_misc":{"Arvioitu lukuaika":"2 minuuttia"},"schema":{"@context":"https:\/\/schema.org","@graph":[{"@type":"WebPage","@id":"https:\/\/help.jamk.fi\/asianhallinta\/fi\/11-asianhallinta\/tweb-asiakirjan-liittaminen-asialle\/","url":"https:\/\/help.jamk.fi\/asianhallinta\/fi\/11-asianhallinta\/tweb-asiakirjan-liittaminen-asialle\/","name":"Tweb-asiakirjan liitt\u00e4minen asialle - Asianhallinta","isPartOf":{"@id":"https:\/\/help.jamk.fi\/asianhallinta\/#website"},"primaryImageOfPage":{"@id":"https:\/\/help.jamk.fi\/asianhallinta\/fi\/11-asianhallinta\/tweb-asiakirjan-liittaminen-asialle\/#primaryimage"},"image":{"@id":"https:\/\/help.jamk.fi\/asianhallinta\/fi\/11-asianhallinta\/tweb-asiakirjan-liittaminen-asialle\/#primaryimage"},"thumbnailUrl":"https:\/\/help.jamk.fi\/asianhallinta\/wp-content\/uploads\/sites\/53\/2023\/07\/Asiakirjat_valilehti-1024x233.jpg","datePublished":"2013-11-20T11:45:48+00:00","dateModified":"2024-01-22T09:09:22+00:00","breadcrumb":{"@id":"https:\/\/help.jamk.fi\/asianhallinta\/fi\/11-asianhallinta\/tweb-asiakirjan-liittaminen-asialle\/#breadcrumb"},"inLanguage":"fi","potentialAction":[{"@type":"ReadAction","target":["https:\/\/help.jamk.fi\/asianhallinta\/fi\/11-asianhallinta\/tweb-asiakirjan-liittaminen-asialle\/"]}]},{"@type":"ImageObject","inLanguage":"fi","@id":"https:\/\/help.jamk.fi\/asianhallinta\/fi\/11-asianhallinta\/tweb-asiakirjan-liittaminen-asialle\/#primaryimage","url":"https:\/\/help.jamk.fi\/asianhallinta\/wp-content\/uploads\/sites\/53\/2023\/07\/Asiakirjat_valilehti.jpg","contentUrl":"https:\/\/help.jamk.fi\/asianhallinta\/wp-content\/uploads\/sites\/53\/2023\/07\/Asiakirjat_valilehti.jpg","width":1059,"height":241,"caption":"Asian Asiakirjat-v\u00e4lilehti"},{"@type":"BreadcrumbList","@id":"https:\/\/help.jamk.fi\/asianhallinta\/fi\/11-asianhallinta\/tweb-asiakirjan-liittaminen-asialle\/#breadcrumb","itemListElement":[{"@type":"ListItem","position":1,"name":"Etusivu","item":"https:\/\/help.jamk.fi\/asianhallinta\/"},{"@type":"ListItem","position":2,"name":"2 Asianhallinta","item":"https:\/\/help.jamk.fi\/asianhallinta\/fi\/11-asianhallinta\/"},{"@type":"ListItem","position":3,"name":"Tweb-asiakirjan liitt\u00e4minen asialle"}]},{"@type":"WebSite","@id":"https:\/\/help.jamk.fi\/asianhallinta\/#website","url":"https:\/\/help.jamk.fi\/asianhallinta\/","name":"Asianhallinta","description":"","potentialAction":[{"@type":"SearchAction","target":{"@type":"EntryPoint","urlTemplate":"https:\/\/help.jamk.fi\/asianhallinta\/?s={search_term_string}"},"query-input":{"@type":"PropertyValueSpecification","valueRequired":true,"valueName":"search_term_string"}}],"inLanguage":"fi"}]}},"_links":{"self":[{"href":"https:\/\/help.jamk.fi\/asianhallinta\/wp-json\/wp\/v2\/pages\/518","targetHints":{"allow":["GET"]}}],"collection":[{"href":"https:\/\/help.jamk.fi\/asianhallinta\/wp-json\/wp\/v2\/pages"}],"about":[{"href":"https:\/\/help.jamk.fi\/asianhallinta\/wp-json\/wp\/v2\/types\/page"}],"author":[{"embeddable":true,"href":"https:\/\/help.jamk.fi\/asianhallinta\/wp-json\/wp\/v2\/users\/94"}],"replies":[{"embeddable":true,"href":"https:\/\/help.jamk.fi\/asianhallinta\/wp-json\/wp\/v2\/comments?post=518"}],"version-history":[{"count":7,"href":"https:\/\/help.jamk.fi\/asianhallinta\/wp-json\/wp\/v2\/pages\/518\/revisions"}],"predecessor-version":[{"id":1856,"href":"https:\/\/help.jamk.fi\/asianhallinta\/wp-json\/wp\/v2\/pages\/518\/revisions\/1856"}],"up":[{"embeddable":true,"href":"https:\/\/help.jamk.fi\/asianhallinta\/wp-json\/wp\/v2\/pages\/463"}],"wp:attachment":[{"href":"https:\/\/help.jamk.fi\/asianhallinta\/wp-json\/wp\/v2\/media?parent=518"}],"wp:term":[{"taxonomy":"category","embeddable":true,"href":"https:\/\/help.jamk.fi\/asianhallinta\/wp-json\/wp\/v2\/categories?post=518"},{"taxonomy":"post_tag","embeddable":true,"href":"https:\/\/help.jamk.fi\/asianhallinta\/wp-json\/wp\/v2\/tags?post=518"}],"curies":[{"name":"wp","href":"https:\/\/api.w.org\/{rel}","templated":true}]}}