{"id":533,"date":"2014-09-16T09:32:11","date_gmt":"2014-09-16T06:32:11","guid":{"rendered":"https:\/\/help.jamk.fi\/asiakirjahallinto\/esimerkkisivu\/7-toimeksiannot\/jakelulistat\/"},"modified":"2024-01-05T11:21:48","modified_gmt":"2024-01-05T09:21:48","slug":"jakelulistat","status":"publish","type":"page","link":"https:\/\/help.jamk.fi\/asianhallinta\/fi\/7-toimeksiannot\/jakelulistat\/","title":{"rendered":"Jakelulistat"},"content":{"rendered":"\n<p>Valmiit jakelulistat helpottavat asiakirjan jakelua.&nbsp;Usein toistuvat jakelut esim. muistioiden osalta on vaivatonta jakaa&nbsp;jakelulistan avulla. Jakelulistaan voidaan m\u00e4\u00e4ritt\u00e4\u00e4 sek\u00e4 ryhmi\u00e4 ett\u00e4 henkil\u00f6it\u00e4.<!--?xml:namespace prefix = \"o\" ns = \"urn:schemas-microsoft-com:office:office\" \/--><\/p>\n\n\n\n<h2 class=\"wp-block-heading\"><b>Jakelulistan luominen<\/b><\/h2>\n\n\n\n<p><em>Hallinta\u2026<\/em> &#8211; valikon kautta p\u00e4\u00e4set <i>Osoitteet<\/i>&#8211; valikkoon, josta p\u00e4\u00e4set jakelulistojen yll\u00e4pitoon. Valitse<i> Osoitteet<\/i>-valikosta <i>Jakelulistat<\/i> ja paina <i>Luo jakelulista<\/i> \u2013painiketta.<\/p>\n\n\n<div class=\"wp-block-image\">\n<figure class=\"alignleft\"><a href=\"https:\/\/help.jamk.fi\/asiakirjahallinto\/wp-content\/uploads\/sites\/53\/2023\/07\/1Capture.png\"><img decoding=\"async\" src=\"https:\/\/help.jamk.fi\/asiakirjahallinto\/wp-content\/uploads\/sites\/53\/2023\/07\/1Capture.png\" alt=\"Valikko\" class=\"wp-image-674\"\/><\/a><\/figure>\n<\/div>\n\n\n<p>N\u00e4kym\u00e4 avautuu ikkunaan, jossa sinun tulee nimet\u00e4 jakelulista. Jakelulistan nimi on pakollinen. Kuvauskentt\u00e4\u00e4n voit kertoa, mit\u00e4 varten ja ket\u00e4 toimijoita (yleisell\u00e4 tasolla) jakeluun kuuluu. Tallenna ja jatka.<\/p>\n\n\n\n<p>M\u00e4\u00e4rit\u00e4 ryhm\u00e4t ja\/tai henkil\u00f6t, joille toistuva jakelu suoritetaan. Lis\u00e4\u00e4 jakelulistaan Jamkin sis\u00e4isi\u00e4 j\u00e4seni\u00e4 (=Jamkin ty\u00f6ntekij\u00e4) ja ulkoisia j\u00e4seni\u00e4 (=ei Jamkin ty\u00f6ntekij\u00e4) napsauttamalla lis\u00e4\u00e4<i> Sis\u00e4iset<\/i> tai <i>Ulkoiset <\/i>(s\u00e4hk\u00f6posti) -kenttien vieress\u00e4. Voit my\u00f6s m\u00e4\u00e4ritt\u00e4\u00e4, kenelle tekem\u00e4si jakelulista n\u00e4kyy ja ketk\u00e4 muut ty\u00f6ntekij\u00e4t sit\u00e4 voivat k\u00e4ytt\u00e4\u00e4 lis\u00e4\u00e4m\u00e4ll\u00e4 kyseiset ryhm\u00e4t\/ty\u00f6ntekij\u00e4t <i>K\u00e4ytt\u00e4j\u00e4t<\/i>-kent\u00e4ss\u00e4. T\u00e4m\u00e4 k\u00e4ytt\u00f6oikeus koskettaa vain jakelulistaa, se ei vaikuta asiakirjan k\u00e4ytt\u00f6oikeuksiin. Tallenna ja jatka.<\/p>\n\n\n<div class=\"wp-block-image\">\n<figure class=\"aligncenter\"><a href=\"https:\/\/help.jamk.fi\/asiakirjahallinto\/wp-content\/uploads\/sites\/53\/2023\/07\/4Capture.png\"><img decoding=\"async\" src=\"https:\/\/help.jamk.fi\/asiakirjahallinto\/wp-content\/uploads\/sites\/53\/2023\/07\/4Capture.png\" alt=\"Jakelulistalle m\u00e4\u00e4ritetyt k\u00e4ytt\u00e4j\u00e4t ja jakelun kohteet.\" class=\"wp-image-677\"\/><\/a><\/figure>\n<\/div>\n\n\n<p class=\"has-text-align-center\"><\/p>\n\n\n\n<p>Voit poistaa jakelulistan k\u00e4ytt\u00e4ji\u00e4 ja jakelulistan vastaanottajina olevia ryhmi\u00e4\/henkil\u00f6it\u00e4 valitsemalla ryhm\u00e4n\/k\u00e4ytt\u00e4j\u00e4n ja painamalla <i>Poista- <\/i>painiketta. Voit passivoida koko jakelulistan <i>Passivoi<\/i>-painikkeella, jolloin jakelulista ei poistu j\u00e4rjestelm\u00e4st\u00e4, mutta sit\u00e4 ei voi en\u00e4\u00e4 valita toimeksiannoissa k\u00e4ytt\u00f6\u00f6n. Jakelulistan voi ottaa uudelleen k\u00e4ytt\u00f6\u00f6n <em>Aktivoi<\/em>-painikkeella.<\/p>\n\n\n\n<h2 class=\"wp-block-heading\"><b>Jakelulistan k\u00e4ytt\u00f6<\/b><\/h2>\n\n\n\n<p>Kun luot uutta toimeksiantoa, valmis jakelulista l\u00f6ytyy valittavaksi toimeksiannolta painikkeesta <i>Lis\u00e4\u00e4 jakelu.<\/i><\/p>\n\n\n<div class=\"wp-block-image\">\n<figure class=\"aligncenter\"><a href=\"https:\/\/help.jamk.fi\/asiakirjahallinto\/wp-content\/uploads\/sites\/53\/2023\/07\/5Capture.png\"><img decoding=\"async\" src=\"https:\/\/help.jamk.fi\/asiakirjahallinto\/wp-content\/uploads\/sites\/53\/2023\/07\/5Capture.png\" alt=\"Jakelulistan k\u00e4ytt\u00f6, lis\u00e4\u00e4 jakelu\" class=\"wp-image-678\"\/><\/a><\/figure>\n<\/div>\n\n\n<p class=\"has-text-align-center\"><\/p>\n\n\n\n<p>Valitse haluamasi jakelulista ja paina <i>Valitse<\/i>&#8211; painiketta.<\/p>\n\n\n<div class=\"wp-block-image\">\n<figure class=\"aligncenter\"><a href=\"https:\/\/help.jamk.fi\/asiakirjahallinto\/wp-content\/uploads\/sites\/53\/2023\/07\/6Capture.png\"><img decoding=\"async\" src=\"https:\/\/help.jamk.fi\/asiakirjahallinto\/wp-content\/uploads\/sites\/53\/2023\/07\/6Capture.png\" alt=\"Jakelulistan valitseminen\" class=\"wp-image-679\"\/><\/a><\/figure>\n<\/div>\n\n\n<p>N\u00e4kym\u00e4 palautuu toimeksiannolle, jossa voit viel\u00e4 poistaa tai lis\u00e4t\u00e4 henkil\u00f6it\u00e4\/ryhmi\u00e4. T\u00e4m\u00e4n j\u00e4lkeen voit l\u00e4hett\u00e4\u00e4 asiakirjan normaaliin tapaan<i> L\u00e4het\u00e4<\/i> \u2013painikkeesta.<\/p>\n\n\n<div class=\"wp-block-image\">\n<figure class=\"aligncenter\"><a href=\"https:\/\/help.jamk.fi\/asiakirjahallinto\/wp-content\/uploads\/sites\/53\/2023\/07\/7Capture.png\"><img decoding=\"async\" src=\"https:\/\/help.jamk.fi\/asiakirjahallinto\/wp-content\/uploads\/sites\/53\/2023\/07\/7Capture.png\" alt=\"Toimeksiannon n\u00e4kym\u00e4\" class=\"wp-image-680\"\/><\/a><\/figure>\n<\/div>","protected":false},"excerpt":{"rendered":"<p>Valmiit jakelulistat helpottavat asiakirjan jakelua.&nbsp;Usein toistuvat jakelut esim. muistioiden osalta on vaivatonta jakaa&nbsp;jakelulistan avulla. Jakelulistaan voidaan m\u00e4\u00e4ritt\u00e4\u00e4 sek\u00e4 ryhmi\u00e4 ett\u00e4 henkil\u00f6it\u00e4. Jakelulistan luominen Hallinta\u2026 &#8211; valikon kautta p\u00e4\u00e4set Osoitteet&#8211; valikkoon, josta p\u00e4\u00e4set jakelulistojen yll\u00e4pitoon. Valitse Osoitteet-valikosta Jakelulistat ja paina Luo jakelulista \u2013painiketta. N\u00e4kym\u00e4 avautuu ikkunaan, jossa sinun tulee nimet\u00e4 jakelulista. Jakelulistan nimi on pakollinen. Kuvauskentt\u00e4\u00e4n [&hellip;]<\/p>\n","protected":false},"author":94,"featured_media":0,"parent":249,"menu_order":712,"comment_status":"open","ping_status":"closed","template":"","meta":{"_acf_changed":false,"_relevanssi_hide_post":"","_relevanssi_hide_content":"","_relevanssi_pin_for_all":"","_relevanssi_pin_keywords":"","_relevanssi_unpin_keywords":"","_relevanssi_related_keywords":"","_relevanssi_related_include_ids":"","_relevanssi_related_exclude_ids":"","_relevanssi_related_no_append":"","_relevanssi_related_not_related":"","_relevanssi_related_posts":"","_relevanssi_noindex_reason":"","footnotes":""},"categories":[],"tags":[495,497,499,645,505,39],"class_list":["post-533","page","type-page","status-publish","hentry","tag-asiakirjan-jakelu-fi","tag-jakaminen-fi","tag-jakelulista-fi","tag-lista-fi","tag-toimeksiannot-fi","tag-tweb"],"acf":[],"yoast_head":"<!-- This site is optimized with the Yoast SEO plugin v27.4 - https:\/\/yoast.com\/product\/yoast-seo-wordpress\/ -->\n<title>Jakelulistat - Asianhallinta<\/title>\n<meta name=\"robots\" content=\"index, follow, max-snippet:-1, max-image-preview:large, max-video-preview:-1\" \/>\n<link rel=\"canonical\" href=\"https:\/\/help.jamk.fi\/asianhallinta\/fi\/7-toimeksiannot\/jakelulistat\/\" \/>\n<meta property=\"og:locale\" content=\"fi_FI\" \/>\n<meta property=\"og:type\" content=\"article\" \/>\n<meta property=\"og:title\" content=\"Jakelulistat - Asianhallinta\" \/>\n<meta property=\"og:description\" content=\"Valmiit jakelulistat helpottavat asiakirjan jakelua.&nbsp;Usein toistuvat jakelut esim. muistioiden osalta on vaivatonta jakaa&nbsp;jakelulistan avulla. Jakelulistaan voidaan m\u00e4\u00e4ritt\u00e4\u00e4 sek\u00e4 ryhmi\u00e4 ett\u00e4 henkil\u00f6it\u00e4. Jakelulistan luominen Hallinta\u2026 &#8211; valikon kautta p\u00e4\u00e4set Osoitteet&#8211; valikkoon, josta p\u00e4\u00e4set jakelulistojen yll\u00e4pitoon. Valitse Osoitteet-valikosta Jakelulistat ja paina Luo jakelulista \u2013painiketta. N\u00e4kym\u00e4 avautuu ikkunaan, jossa sinun tulee nimet\u00e4 jakelulista. Jakelulistan nimi on pakollinen. Kuvauskentt\u00e4\u00e4n [&hellip;]\" \/>\n<meta property=\"og:url\" content=\"https:\/\/help.jamk.fi\/asianhallinta\/fi\/7-toimeksiannot\/jakelulistat\/\" \/>\n<meta property=\"og:site_name\" content=\"Asianhallinta\" \/>\n<meta property=\"article:modified_time\" content=\"2024-01-05T09:21:48+00:00\" \/>\n<meta property=\"og:image\" content=\"https:\/\/help.jamk.fi\/asiakirjahallinto\/wp-content\/uploads\/sites\/53\/2023\/07\/1Capture.png\" \/>\n<meta name=\"twitter:card\" content=\"summary_large_image\" \/>\n<meta name=\"twitter:label1\" content=\"Arvioitu lukuaika\" \/>\n\t<meta name=\"twitter:data1\" content=\"3 minuuttia\" \/>\n<script type=\"application\/ld+json\" class=\"yoast-schema-graph\">{\"@context\":\"https:\\\/\\\/schema.org\",\"@graph\":[{\"@type\":\"WebPage\",\"@id\":\"https:\\\/\\\/help.jamk.fi\\\/asianhallinta\\\/fi\\\/7-toimeksiannot\\\/jakelulistat\\\/\",\"url\":\"https:\\\/\\\/help.jamk.fi\\\/asianhallinta\\\/fi\\\/7-toimeksiannot\\\/jakelulistat\\\/\",\"name\":\"Jakelulistat - Asianhallinta\",\"isPartOf\":{\"@id\":\"https:\\\/\\\/help.jamk.fi\\\/asianhallinta\\\/#website\"},\"primaryImageOfPage\":{\"@id\":\"https:\\\/\\\/help.jamk.fi\\\/asianhallinta\\\/fi\\\/7-toimeksiannot\\\/jakelulistat\\\/#primaryimage\"},\"image\":{\"@id\":\"https:\\\/\\\/help.jamk.fi\\\/asianhallinta\\\/fi\\\/7-toimeksiannot\\\/jakelulistat\\\/#primaryimage\"},\"thumbnailUrl\":\"https:\\\/\\\/help.jamk.fi\\\/asiakirjahallinto\\\/wp-content\\\/uploads\\\/sites\\\/53\\\/2023\\\/07\\\/1Capture.png\",\"datePublished\":\"2014-09-16T06:32:11+00:00\",\"dateModified\":\"2024-01-05T09:21:48+00:00\",\"breadcrumb\":{\"@id\":\"https:\\\/\\\/help.jamk.fi\\\/asianhallinta\\\/fi\\\/7-toimeksiannot\\\/jakelulistat\\\/#breadcrumb\"},\"inLanguage\":\"fi\",\"potentialAction\":[{\"@type\":\"ReadAction\",\"target\":[\"https:\\\/\\\/help.jamk.fi\\\/asianhallinta\\\/fi\\\/7-toimeksiannot\\\/jakelulistat\\\/\"]}]},{\"@type\":\"ImageObject\",\"inLanguage\":\"fi\",\"@id\":\"https:\\\/\\\/help.jamk.fi\\\/asianhallinta\\\/fi\\\/7-toimeksiannot\\\/jakelulistat\\\/#primaryimage\",\"url\":\"https:\\\/\\\/help.jamk.fi\\\/asiakirjahallinto\\\/wp-content\\\/uploads\\\/sites\\\/53\\\/2023\\\/07\\\/1Capture.png\",\"contentUrl\":\"https:\\\/\\\/help.jamk.fi\\\/asiakirjahallinto\\\/wp-content\\\/uploads\\\/sites\\\/53\\\/2023\\\/07\\\/1Capture.png\"},{\"@type\":\"BreadcrumbList\",\"@id\":\"https:\\\/\\\/help.jamk.fi\\\/asianhallinta\\\/fi\\\/7-toimeksiannot\\\/jakelulistat\\\/#breadcrumb\",\"itemListElement\":[{\"@type\":\"ListItem\",\"position\":1,\"name\":\"Etusivu\",\"item\":\"https:\\\/\\\/help.jamk.fi\\\/asianhallinta\\\/\"},{\"@type\":\"ListItem\",\"position\":2,\"name\":\"6 Toimeksiannot\",\"item\":\"https:\\\/\\\/help.jamk.fi\\\/asianhallinta\\\/fi\\\/7-toimeksiannot\\\/\"},{\"@type\":\"ListItem\",\"position\":3,\"name\":\"Jakelulistat\"}]},{\"@type\":\"WebSite\",\"@id\":\"https:\\\/\\\/help.jamk.fi\\\/asianhallinta\\\/#website\",\"url\":\"https:\\\/\\\/help.jamk.fi\\\/asianhallinta\\\/\",\"name\":\"Asianhallinta\",\"description\":\"\",\"potentialAction\":[{\"@type\":\"SearchAction\",\"target\":{\"@type\":\"EntryPoint\",\"urlTemplate\":\"https:\\\/\\\/help.jamk.fi\\\/asianhallinta\\\/?s={search_term_string}\"},\"query-input\":{\"@type\":\"PropertyValueSpecification\",\"valueRequired\":true,\"valueName\":\"search_term_string\"}}],\"inLanguage\":\"fi\"}]}<\/script>\n<!-- \/ Yoast SEO plugin. -->","yoast_head_json":{"title":"Jakelulistat - Asianhallinta","robots":{"index":"index","follow":"follow","max-snippet":"max-snippet:-1","max-image-preview":"max-image-preview:large","max-video-preview":"max-video-preview:-1"},"canonical":"https:\/\/help.jamk.fi\/asianhallinta\/fi\/7-toimeksiannot\/jakelulistat\/","og_locale":"fi_FI","og_type":"article","og_title":"Jakelulistat - Asianhallinta","og_description":"Valmiit jakelulistat helpottavat asiakirjan jakelua.&nbsp;Usein toistuvat jakelut esim. muistioiden osalta on vaivatonta jakaa&nbsp;jakelulistan avulla. Jakelulistaan voidaan m\u00e4\u00e4ritt\u00e4\u00e4 sek\u00e4 ryhmi\u00e4 ett\u00e4 henkil\u00f6it\u00e4. Jakelulistan luominen Hallinta\u2026 &#8211; valikon kautta p\u00e4\u00e4set Osoitteet&#8211; valikkoon, josta p\u00e4\u00e4set jakelulistojen yll\u00e4pitoon. Valitse Osoitteet-valikosta Jakelulistat ja paina Luo jakelulista \u2013painiketta. N\u00e4kym\u00e4 avautuu ikkunaan, jossa sinun tulee nimet\u00e4 jakelulista. Jakelulistan nimi on pakollinen. Kuvauskentt\u00e4\u00e4n [&hellip;]","og_url":"https:\/\/help.jamk.fi\/asianhallinta\/fi\/7-toimeksiannot\/jakelulistat\/","og_site_name":"Asianhallinta","article_modified_time":"2024-01-05T09:21:48+00:00","og_image":[{"url":"https:\/\/help.jamk.fi\/asiakirjahallinto\/wp-content\/uploads\/sites\/53\/2023\/07\/1Capture.png","type":"","width":"","height":""}],"twitter_card":"summary_large_image","twitter_misc":{"Arvioitu lukuaika":"3 minuuttia"},"schema":{"@context":"https:\/\/schema.org","@graph":[{"@type":"WebPage","@id":"https:\/\/help.jamk.fi\/asianhallinta\/fi\/7-toimeksiannot\/jakelulistat\/","url":"https:\/\/help.jamk.fi\/asianhallinta\/fi\/7-toimeksiannot\/jakelulistat\/","name":"Jakelulistat - Asianhallinta","isPartOf":{"@id":"https:\/\/help.jamk.fi\/asianhallinta\/#website"},"primaryImageOfPage":{"@id":"https:\/\/help.jamk.fi\/asianhallinta\/fi\/7-toimeksiannot\/jakelulistat\/#primaryimage"},"image":{"@id":"https:\/\/help.jamk.fi\/asianhallinta\/fi\/7-toimeksiannot\/jakelulistat\/#primaryimage"},"thumbnailUrl":"https:\/\/help.jamk.fi\/asiakirjahallinto\/wp-content\/uploads\/sites\/53\/2023\/07\/1Capture.png","datePublished":"2014-09-16T06:32:11+00:00","dateModified":"2024-01-05T09:21:48+00:00","breadcrumb":{"@id":"https:\/\/help.jamk.fi\/asianhallinta\/fi\/7-toimeksiannot\/jakelulistat\/#breadcrumb"},"inLanguage":"fi","potentialAction":[{"@type":"ReadAction","target":["https:\/\/help.jamk.fi\/asianhallinta\/fi\/7-toimeksiannot\/jakelulistat\/"]}]},{"@type":"ImageObject","inLanguage":"fi","@id":"https:\/\/help.jamk.fi\/asianhallinta\/fi\/7-toimeksiannot\/jakelulistat\/#primaryimage","url":"https:\/\/help.jamk.fi\/asiakirjahallinto\/wp-content\/uploads\/sites\/53\/2023\/07\/1Capture.png","contentUrl":"https:\/\/help.jamk.fi\/asiakirjahallinto\/wp-content\/uploads\/sites\/53\/2023\/07\/1Capture.png"},{"@type":"BreadcrumbList","@id":"https:\/\/help.jamk.fi\/asianhallinta\/fi\/7-toimeksiannot\/jakelulistat\/#breadcrumb","itemListElement":[{"@type":"ListItem","position":1,"name":"Etusivu","item":"https:\/\/help.jamk.fi\/asianhallinta\/"},{"@type":"ListItem","position":2,"name":"6 Toimeksiannot","item":"https:\/\/help.jamk.fi\/asianhallinta\/fi\/7-toimeksiannot\/"},{"@type":"ListItem","position":3,"name":"Jakelulistat"}]},{"@type":"WebSite","@id":"https:\/\/help.jamk.fi\/asianhallinta\/#website","url":"https:\/\/help.jamk.fi\/asianhallinta\/","name":"Asianhallinta","description":"","potentialAction":[{"@type":"SearchAction","target":{"@type":"EntryPoint","urlTemplate":"https:\/\/help.jamk.fi\/asianhallinta\/?s={search_term_string}"},"query-input":{"@type":"PropertyValueSpecification","valueRequired":true,"valueName":"search_term_string"}}],"inLanguage":"fi"}]}},"_links":{"self":[{"href":"https:\/\/help.jamk.fi\/asianhallinta\/wp-json\/wp\/v2\/pages\/533","targetHints":{"allow":["GET"]}}],"collection":[{"href":"https:\/\/help.jamk.fi\/asianhallinta\/wp-json\/wp\/v2\/pages"}],"about":[{"href":"https:\/\/help.jamk.fi\/asianhallinta\/wp-json\/wp\/v2\/types\/page"}],"author":[{"embeddable":true,"href":"https:\/\/help.jamk.fi\/asianhallinta\/wp-json\/wp\/v2\/users\/94"}],"replies":[{"embeddable":true,"href":"https:\/\/help.jamk.fi\/asianhallinta\/wp-json\/wp\/v2\/comments?post=533"}],"version-history":[{"count":3,"href":"https:\/\/help.jamk.fi\/asianhallinta\/wp-json\/wp\/v2\/pages\/533\/revisions"}],"predecessor-version":[{"id":1805,"href":"https:\/\/help.jamk.fi\/asianhallinta\/wp-json\/wp\/v2\/pages\/533\/revisions\/1805"}],"up":[{"embeddable":true,"href":"https:\/\/help.jamk.fi\/asianhallinta\/wp-json\/wp\/v2\/pages\/249"}],"wp:attachment":[{"href":"https:\/\/help.jamk.fi\/asianhallinta\/wp-json\/wp\/v2\/media?parent=533"}],"wp:term":[{"taxonomy":"category","embeddable":true,"href":"https:\/\/help.jamk.fi\/asianhallinta\/wp-json\/wp\/v2\/categories?post=533"},{"taxonomy":"post_tag","embeddable":true,"href":"https:\/\/help.jamk.fi\/asianhallinta\/wp-json\/wp\/v2\/tags?post=533"}],"curies":[{"name":"wp","href":"https:\/\/api.w.org\/{rel}","templated":true}]}}