{"id":575,"date":"2014-09-16T09:58:47","date_gmt":"2014-09-16T06:58:47","guid":{"rendered":"https:\/\/help.jamk.fi\/asiakirjahallinto\/esimerkkisivu\/8-haku\/asiakirjojen-seuraaminen\/"},"modified":"2023-11-21T15:16:58","modified_gmt":"2023-11-21T13:16:58","slug":"asiakirjojen-seuraaminen","status":"publish","type":"page","link":"https:\/\/help.jamk.fi\/asianhallinta\/fi\/8-haku\/asiakirjojen-seuraaminen\/","title":{"rendered":"Asiakirjojen seuraaminen"},"content":{"rendered":"<div>\n<p>Voit seurata Twebiss\u00e4 olevia asiakirjoja, kuten sopimuksia sek\u00e4 tallennettuja hakuja ja saada niist\u00e4 ilmoituksia.\u00a0 Saat ilmoituksen, kun seurattavaan asiaan tai asiakirjaan on luotu uusia toimenpiteit\u00e4 tai versioita, tai kun asian tai asiakirjan tilassa on tapahtunut muutos. Tallennetun haun seurannassa ilmoitus tulee, kun hakuun on luotu uusi asiakirja tai asia. Seurannan voi jokainen m\u00e4\u00e4ritt\u00e4\u00e4 itse omiin k\u00e4ytt\u00e4j\u00e4tietoihinsa suoraan Twebin kautta.<\/p>\n<\/div>\n<p><strong>Seuranta on aina henkil\u00f6kohtainen<\/strong>, ja se tallentuu<em> Seurattavat asiat<\/em> tai <em>Seurattavat asiakirjat<\/em>-kentt\u00e4\u00e4n. P\u00e4\u00e4set m\u00e4\u00e4ritt\u00e4m\u00e4\u00e4n haluamiasi seurantoja painamalla k\u00e4ytt\u00e4j\u00e4nime\u00e4si Twebin etusivun vasemman laidan sivuvalikossa.<\/p>\n<div>\n<p><a href=\"https:\/\/help.jamk.fi\/asiakirjahallinto\/wp-content\/uploads\/sites\/53\/2023\/07\/Kayttaja.png\"><img loading=\"lazy\" decoding=\"async\" class=\"wp-image-695 aligncenter\" src=\"https:\/\/help.jamk.fi\/asiakirjahallinto\/wp-content\/uploads\/sites\/53\/2023\/07\/Kayttaja.png\" alt=\"K\u00e4ytt\u00e4j\u00e4\" width=\"132\" height=\"424\" \/><\/a><\/p>\n<p style=\"text-align: left;\">Paina <em>Lis\u00e4\u00e4 asia-<\/em>tai <em>Lis\u00e4\u00e4 asiakirja-\u00a0<\/em>painiketta kenttien\u00a0Seurattavat asiat tai Seurattavat asiakirjat vieress\u00e4.<\/p>\n<p>T\u00e4yt\u00e4 tarvittavat hakukent\u00e4t ja paina <em>Hae<\/em>-painiketta. Valitse haluamasi asia tai asiakirja ja\u00a0paina <em>Valitse-<\/em>painiketta. \u00a0Tallenna muutokset.<\/p>\n<p><a href=\"https:\/\/help.jamk.fi\/asiakirjahallinto\/wp-content\/uploads\/sites\/53\/2023\/07\/Seuranta.png\"><img loading=\"lazy\" decoding=\"async\" class=\"wp-image-694 aligncenter\" src=\"https:\/\/help.jamk.fi\/asiakirjahallinto\/wp-content\/uploads\/sites\/53\/2023\/07\/Seuranta.png\" alt=\"Seuranta\" width=\"476\" height=\"236\" \/><\/a><\/p>\n<\/div>\n","protected":false},"excerpt":{"rendered":"<p>Voit seurata Twebiss\u00e4 olevia asiakirjoja, kuten sopimuksia sek\u00e4 tallennettuja hakuja ja saada niist\u00e4 ilmoituksia.\u00a0 Saat ilmoituksen, kun seurattavaan asiaan tai asiakirjaan on luotu uusia toimenpiteit\u00e4 tai versioita, tai kun asian tai asiakirjan tilassa on tapahtunut muutos. Tallennetun haun seurannassa ilmoitus tulee, kun hakuun on luotu uusi asiakirja tai asia. Seurannan voi jokainen m\u00e4\u00e4ritt\u00e4\u00e4 itse omiin [&hellip;]<\/p>\n","protected":false},"author":94,"featured_media":0,"parent":261,"menu_order":930,"comment_status":"closed","ping_status":"closed","template":"","meta":{"_acf_changed":false,"_relevanssi_hide_post":"","_relevanssi_hide_content":"","_relevanssi_pin_for_all":"","_relevanssi_pin_keywords":"","_relevanssi_unpin_keywords":"","_relevanssi_related_keywords":"","_relevanssi_related_include_ids":"","_relevanssi_related_exclude_ids":"","_relevanssi_related_no_append":"","_relevanssi_related_not_related":"","_relevanssi_related_posts":"","_relevanssi_noindex_reason":"","footnotes":""},"categories":[],"tags":[443,75,619,621],"class_list":["post-575","page","type-page","status-publish","hentry","tag-asia-fi","tag-asiakirja","tag-ilmoitukset-fi","tag-seuraaminen-fi"],"acf":[],"yoast_head":"<!-- This site is optimized with the Yoast SEO plugin v27.4 - https:\/\/yoast.com\/product\/yoast-seo-wordpress\/ -->\n<title>Asiakirjojen seuraaminen - Asianhallinta<\/title>\n<meta name=\"robots\" content=\"index, follow, max-snippet:-1, max-image-preview:large, max-video-preview:-1\" \/>\n<link rel=\"canonical\" href=\"https:\/\/help.jamk.fi\/asianhallinta\/fi\/8-haku\/asiakirjojen-seuraaminen\/\" \/>\n<meta property=\"og:locale\" content=\"fi_FI\" \/>\n<meta property=\"og:type\" content=\"article\" \/>\n<meta property=\"og:title\" content=\"Asiakirjojen seuraaminen - Asianhallinta\" \/>\n<meta property=\"og:description\" content=\"Voit seurata Twebiss\u00e4 olevia asiakirjoja, kuten sopimuksia sek\u00e4 tallennettuja hakuja ja saada niist\u00e4 ilmoituksia.\u00a0 Saat ilmoituksen, kun seurattavaan asiaan tai asiakirjaan on luotu uusia toimenpiteit\u00e4 tai versioita, tai kun asian tai asiakirjan tilassa on tapahtunut muutos. Tallennetun haun seurannassa ilmoitus tulee, kun hakuun on luotu uusi asiakirja tai asia. Seurannan voi jokainen m\u00e4\u00e4ritt\u00e4\u00e4 itse omiin [&hellip;]\" \/>\n<meta property=\"og:url\" content=\"https:\/\/help.jamk.fi\/asianhallinta\/fi\/8-haku\/asiakirjojen-seuraaminen\/\" \/>\n<meta property=\"og:site_name\" content=\"Asianhallinta\" \/>\n<meta property=\"article:modified_time\" content=\"2023-11-21T13:16:58+00:00\" \/>\n<meta property=\"og:image\" content=\"https:\/\/help.jamk.fi\/asiakirjahallinto\/wp-content\/uploads\/sites\/53\/2023\/07\/Kayttaja.png\" \/>\n<meta name=\"twitter:card\" content=\"summary_large_image\" \/>\n<meta name=\"twitter:label1\" content=\"Arvioitu lukuaika\" \/>\n\t<meta name=\"twitter:data1\" content=\"2 minuuttia\" \/>\n<script type=\"application\/ld+json\" class=\"yoast-schema-graph\">{\"@context\":\"https:\\\/\\\/schema.org\",\"@graph\":[{\"@type\":\"WebPage\",\"@id\":\"https:\\\/\\\/help.jamk.fi\\\/asianhallinta\\\/fi\\\/8-haku\\\/asiakirjojen-seuraaminen\\\/\",\"url\":\"https:\\\/\\\/help.jamk.fi\\\/asianhallinta\\\/fi\\\/8-haku\\\/asiakirjojen-seuraaminen\\\/\",\"name\":\"Asiakirjojen seuraaminen - Asianhallinta\",\"isPartOf\":{\"@id\":\"https:\\\/\\\/help.jamk.fi\\\/asianhallinta\\\/#website\"},\"primaryImageOfPage\":{\"@id\":\"https:\\\/\\\/help.jamk.fi\\\/asianhallinta\\\/fi\\\/8-haku\\\/asiakirjojen-seuraaminen\\\/#primaryimage\"},\"image\":{\"@id\":\"https:\\\/\\\/help.jamk.fi\\\/asianhallinta\\\/fi\\\/8-haku\\\/asiakirjojen-seuraaminen\\\/#primaryimage\"},\"thumbnailUrl\":\"https:\\\/\\\/help.jamk.fi\\\/asiakirjahallinto\\\/wp-content\\\/uploads\\\/sites\\\/53\\\/2023\\\/07\\\/Kayttaja.png\",\"datePublished\":\"2014-09-16T06:58:47+00:00\",\"dateModified\":\"2023-11-21T13:16:58+00:00\",\"breadcrumb\":{\"@id\":\"https:\\\/\\\/help.jamk.fi\\\/asianhallinta\\\/fi\\\/8-haku\\\/asiakirjojen-seuraaminen\\\/#breadcrumb\"},\"inLanguage\":\"fi\",\"potentialAction\":[{\"@type\":\"ReadAction\",\"target\":[\"https:\\\/\\\/help.jamk.fi\\\/asianhallinta\\\/fi\\\/8-haku\\\/asiakirjojen-seuraaminen\\\/\"]}]},{\"@type\":\"ImageObject\",\"inLanguage\":\"fi\",\"@id\":\"https:\\\/\\\/help.jamk.fi\\\/asianhallinta\\\/fi\\\/8-haku\\\/asiakirjojen-seuraaminen\\\/#primaryimage\",\"url\":\"https:\\\/\\\/help.jamk.fi\\\/asiakirjahallinto\\\/wp-content\\\/uploads\\\/sites\\\/53\\\/2023\\\/07\\\/Kayttaja.png\",\"contentUrl\":\"https:\\\/\\\/help.jamk.fi\\\/asiakirjahallinto\\\/wp-content\\\/uploads\\\/sites\\\/53\\\/2023\\\/07\\\/Kayttaja.png\"},{\"@type\":\"BreadcrumbList\",\"@id\":\"https:\\\/\\\/help.jamk.fi\\\/asianhallinta\\\/fi\\\/8-haku\\\/asiakirjojen-seuraaminen\\\/#breadcrumb\",\"itemListElement\":[{\"@type\":\"ListItem\",\"position\":1,\"name\":\"Etusivu\",\"item\":\"https:\\\/\\\/help.jamk.fi\\\/asianhallinta\\\/\"},{\"@type\":\"ListItem\",\"position\":2,\"name\":\"8 Haku\",\"item\":\"https:\\\/\\\/help.jamk.fi\\\/asianhallinta\\\/fi\\\/8-haku\\\/\"},{\"@type\":\"ListItem\",\"position\":3,\"name\":\"Asiakirjojen seuraaminen\"}]},{\"@type\":\"WebSite\",\"@id\":\"https:\\\/\\\/help.jamk.fi\\\/asianhallinta\\\/#website\",\"url\":\"https:\\\/\\\/help.jamk.fi\\\/asianhallinta\\\/\",\"name\":\"Asianhallinta\",\"description\":\"\",\"potentialAction\":[{\"@type\":\"SearchAction\",\"target\":{\"@type\":\"EntryPoint\",\"urlTemplate\":\"https:\\\/\\\/help.jamk.fi\\\/asianhallinta\\\/?s={search_term_string}\"},\"query-input\":{\"@type\":\"PropertyValueSpecification\",\"valueRequired\":true,\"valueName\":\"search_term_string\"}}],\"inLanguage\":\"fi\"}]}<\/script>\n<!-- \/ Yoast SEO plugin. -->","yoast_head_json":{"title":"Asiakirjojen seuraaminen - Asianhallinta","robots":{"index":"index","follow":"follow","max-snippet":"max-snippet:-1","max-image-preview":"max-image-preview:large","max-video-preview":"max-video-preview:-1"},"canonical":"https:\/\/help.jamk.fi\/asianhallinta\/fi\/8-haku\/asiakirjojen-seuraaminen\/","og_locale":"fi_FI","og_type":"article","og_title":"Asiakirjojen seuraaminen - Asianhallinta","og_description":"Voit seurata Twebiss\u00e4 olevia asiakirjoja, kuten sopimuksia sek\u00e4 tallennettuja hakuja ja saada niist\u00e4 ilmoituksia.\u00a0 Saat ilmoituksen, kun seurattavaan asiaan tai asiakirjaan on luotu uusia toimenpiteit\u00e4 tai versioita, tai kun asian tai asiakirjan tilassa on tapahtunut muutos. Tallennetun haun seurannassa ilmoitus tulee, kun hakuun on luotu uusi asiakirja tai asia. Seurannan voi jokainen m\u00e4\u00e4ritt\u00e4\u00e4 itse omiin [&hellip;]","og_url":"https:\/\/help.jamk.fi\/asianhallinta\/fi\/8-haku\/asiakirjojen-seuraaminen\/","og_site_name":"Asianhallinta","article_modified_time":"2023-11-21T13:16:58+00:00","og_image":[{"url":"https:\/\/help.jamk.fi\/asiakirjahallinto\/wp-content\/uploads\/sites\/53\/2023\/07\/Kayttaja.png","type":"","width":"","height":""}],"twitter_card":"summary_large_image","twitter_misc":{"Arvioitu lukuaika":"2 minuuttia"},"schema":{"@context":"https:\/\/schema.org","@graph":[{"@type":"WebPage","@id":"https:\/\/help.jamk.fi\/asianhallinta\/fi\/8-haku\/asiakirjojen-seuraaminen\/","url":"https:\/\/help.jamk.fi\/asianhallinta\/fi\/8-haku\/asiakirjojen-seuraaminen\/","name":"Asiakirjojen seuraaminen - Asianhallinta","isPartOf":{"@id":"https:\/\/help.jamk.fi\/asianhallinta\/#website"},"primaryImageOfPage":{"@id":"https:\/\/help.jamk.fi\/asianhallinta\/fi\/8-haku\/asiakirjojen-seuraaminen\/#primaryimage"},"image":{"@id":"https:\/\/help.jamk.fi\/asianhallinta\/fi\/8-haku\/asiakirjojen-seuraaminen\/#primaryimage"},"thumbnailUrl":"https:\/\/help.jamk.fi\/asiakirjahallinto\/wp-content\/uploads\/sites\/53\/2023\/07\/Kayttaja.png","datePublished":"2014-09-16T06:58:47+00:00","dateModified":"2023-11-21T13:16:58+00:00","breadcrumb":{"@id":"https:\/\/help.jamk.fi\/asianhallinta\/fi\/8-haku\/asiakirjojen-seuraaminen\/#breadcrumb"},"inLanguage":"fi","potentialAction":[{"@type":"ReadAction","target":["https:\/\/help.jamk.fi\/asianhallinta\/fi\/8-haku\/asiakirjojen-seuraaminen\/"]}]},{"@type":"ImageObject","inLanguage":"fi","@id":"https:\/\/help.jamk.fi\/asianhallinta\/fi\/8-haku\/asiakirjojen-seuraaminen\/#primaryimage","url":"https:\/\/help.jamk.fi\/asiakirjahallinto\/wp-content\/uploads\/sites\/53\/2023\/07\/Kayttaja.png","contentUrl":"https:\/\/help.jamk.fi\/asiakirjahallinto\/wp-content\/uploads\/sites\/53\/2023\/07\/Kayttaja.png"},{"@type":"BreadcrumbList","@id":"https:\/\/help.jamk.fi\/asianhallinta\/fi\/8-haku\/asiakirjojen-seuraaminen\/#breadcrumb","itemListElement":[{"@type":"ListItem","position":1,"name":"Etusivu","item":"https:\/\/help.jamk.fi\/asianhallinta\/"},{"@type":"ListItem","position":2,"name":"8 Haku","item":"https:\/\/help.jamk.fi\/asianhallinta\/fi\/8-haku\/"},{"@type":"ListItem","position":3,"name":"Asiakirjojen seuraaminen"}]},{"@type":"WebSite","@id":"https:\/\/help.jamk.fi\/asianhallinta\/#website","url":"https:\/\/help.jamk.fi\/asianhallinta\/","name":"Asianhallinta","description":"","potentialAction":[{"@type":"SearchAction","target":{"@type":"EntryPoint","urlTemplate":"https:\/\/help.jamk.fi\/asianhallinta\/?s={search_term_string}"},"query-input":{"@type":"PropertyValueSpecification","valueRequired":true,"valueName":"search_term_string"}}],"inLanguage":"fi"}]}},"_links":{"self":[{"href":"https:\/\/help.jamk.fi\/asianhallinta\/wp-json\/wp\/v2\/pages\/575","targetHints":{"allow":["GET"]}}],"collection":[{"href":"https:\/\/help.jamk.fi\/asianhallinta\/wp-json\/wp\/v2\/pages"}],"about":[{"href":"https:\/\/help.jamk.fi\/asianhallinta\/wp-json\/wp\/v2\/types\/page"}],"author":[{"embeddable":true,"href":"https:\/\/help.jamk.fi\/asianhallinta\/wp-json\/wp\/v2\/users\/94"}],"replies":[{"embeddable":true,"href":"https:\/\/help.jamk.fi\/asianhallinta\/wp-json\/wp\/v2\/comments?post=575"}],"version-history":[{"count":2,"href":"https:\/\/help.jamk.fi\/asianhallinta\/wp-json\/wp\/v2\/pages\/575\/revisions"}],"predecessor-version":[{"id":1633,"href":"https:\/\/help.jamk.fi\/asianhallinta\/wp-json\/wp\/v2\/pages\/575\/revisions\/1633"}],"up":[{"embeddable":true,"href":"https:\/\/help.jamk.fi\/asianhallinta\/wp-json\/wp\/v2\/pages\/261"}],"wp:attachment":[{"href":"https:\/\/help.jamk.fi\/asianhallinta\/wp-json\/wp\/v2\/media?parent=575"}],"wp:term":[{"taxonomy":"category","embeddable":true,"href":"https:\/\/help.jamk.fi\/asianhallinta\/wp-json\/wp\/v2\/categories?post=575"},{"taxonomy":"post_tag","embeddable":true,"href":"https:\/\/help.jamk.fi\/asianhallinta\/wp-json\/wp\/v2\/tags?post=575"}],"curies":[{"name":"wp","href":"https:\/\/api.w.org\/{rel}","templated":true}]}}