{"id":593,"date":"2014-09-16T10:12:31","date_gmt":"2014-09-16T07:12:31","guid":{"rendered":"https:\/\/help.jamk.fi\/asiakirjahallinto\/esimerkkisivu\/8-haku\/ajastettu-haku\/"},"modified":"2024-01-19T15:15:42","modified_gmt":"2024-01-19T13:15:42","slug":"ajastettu-haku","status":"publish","type":"page","link":"https:\/\/help.jamk.fi\/asianhallinta\/fi\/8-haku\/ajastettu-haku\/","title":{"rendered":"Ajastettu haku"},"content":{"rendered":"\n<p>Ajastetuilla hauilla voit seurata esimerkiksi m\u00e4\u00e4r\u00e4aikojen tai sopimusten voimassaoloaikojen p\u00e4\u00e4ttymist\u00e4 ja saada niist\u00e4 ilmoituksia.\u00a0\u00a0Seurannan voi jokainen m\u00e4\u00e4ritt\u00e4\u00e4 itse omiin k\u00e4ytt\u00e4j\u00e4tietoihinsa. Sovellus tekee valitsemasi tallennetun haun m\u00e4\u00e4r\u00e4ajoin ja l\u00e4hett\u00e4\u00e4 tiedon hakutuloksesta toimeksiantona k\u00e4ytt\u00e4j\u00e4lle. Ilmoituksesta ei l\u00e4hetet\u00e4 erillist\u00e4 s\u00e4hk\u00f6postia, vaan tulos n\u00e4kyy pelk\u00e4st\u00e4\u00e4n Twebin Saapuneissa toimeksiannoissa. P\u00e4\u00e4set asettamaan ajastettuja hakuja siirtym\u00e4ll\u00e4 k\u00e4ytt\u00e4j\u00e4tietoihisi painamalla k\u00e4ytt\u00e4j\u00e4nime\u00e4si Twebin etusivulla:<\/p>\n\n\n<div class=\"wp-block-image\">\n<figure class=\"aligncenter\"><img decoding=\"async\" src=\"https:\/\/help.jamk.fi\/asiakirjahallinto\/wp-content\/uploads\/sites\/53\/2023\/07\/Kayttaja.png\" alt=\"K\u00e4ytt\u00e4j\u00e4\" class=\"wp-image-695\"\/><\/figure>\n<\/div>\n\n\n<p>Siirry k\u00e4ytt\u00e4j\u00e4tiedoissa <em>Ajastetut haut<\/em> -v\u00e4lilehdelle. <em>Lis\u00e4\u00e4 asiahaku<\/em> tai <em>Lis\u00e4\u00e4 asiakirjahakuja<\/em> valitse haluamasi tallennettu haku ja&nbsp;paina <em>Valitse<\/em>-painiketta.<\/p>\n\n\n<div class=\"wp-block-image\">\n<figure class=\"aligncenter size-full\"><img loading=\"lazy\" decoding=\"async\" width=\"752\" height=\"237\" src=\"https:\/\/help.jamk.fi\/asianhallinta\/wp-content\/uploads\/sites\/53\/2023\/07\/Ajastettu-haku.png\" alt=\"\" class=\"wp-image-1159\" srcset=\"https:\/\/help.jamk.fi\/asianhallinta\/wp-content\/uploads\/sites\/53\/2023\/07\/Ajastettu-haku.png 752w, https:\/\/help.jamk.fi\/asianhallinta\/wp-content\/uploads\/sites\/53\/2023\/07\/Ajastettu-haku-300x95.png 300w\" sizes=\"auto, (max-width: 752px) 100vw, 752px\" \/><figcaption class=\"wp-element-caption\"><strong>Ajastettujen hakujen asetusn\u00e4kym\u00e4<\/strong><\/figcaption><\/figure>\n<\/div>\n\n\n<p>Voit poistaa ajastetun haun valitsemalla haun kent\u00e4st\u00e4 (valinta muuttuu siniseksi) ja&nbsp;paina joko <em>Poista asiahaku-<\/em> tai <em>Poista asiakirjahaku<\/em> -painiketta.<\/p>\n","protected":false},"excerpt":{"rendered":"<p>Ajastetuilla hauilla voit seurata esimerkiksi m\u00e4\u00e4r\u00e4aikojen tai sopimusten voimassaoloaikojen p\u00e4\u00e4ttymist\u00e4 ja saada niist\u00e4 ilmoituksia.\u00a0\u00a0Seurannan voi jokainen m\u00e4\u00e4ritt\u00e4\u00e4 itse omiin k\u00e4ytt\u00e4j\u00e4tietoihinsa. Sovellus tekee valitsemasi tallennetun haun m\u00e4\u00e4r\u00e4ajoin ja l\u00e4hett\u00e4\u00e4 tiedon hakutuloksesta toimeksiantona k\u00e4ytt\u00e4j\u00e4lle. Ilmoituksesta ei l\u00e4hetet\u00e4 erillist\u00e4 s\u00e4hk\u00f6postia, vaan tulos n\u00e4kyy pelk\u00e4st\u00e4\u00e4n Twebin Saapuneissa toimeksiannoissa. P\u00e4\u00e4set asettamaan ajastettuja hakuja siirtym\u00e4ll\u00e4 k\u00e4ytt\u00e4j\u00e4tietoihisi painamalla k\u00e4ytt\u00e4j\u00e4nime\u00e4si Twebin etusivulla: Siirry [&hellip;]<\/p>\n","protected":false},"author":94,"featured_media":0,"parent":261,"menu_order":940,"comment_status":"closed","ping_status":"closed","template":"","meta":{"_acf_changed":false,"_relevanssi_hide_post":"","_relevanssi_hide_content":"","_relevanssi_pin_for_all":"","_relevanssi_pin_keywords":"","_relevanssi_unpin_keywords":"","_relevanssi_related_keywords":"","_relevanssi_related_include_ids":"","_relevanssi_related_exclude_ids":"","_relevanssi_related_no_append":"","_relevanssi_related_not_related":"","_relevanssi_related_posts":"","_relevanssi_noindex_reason":"","footnotes":""},"categories":[],"tags":[443,605,75,607,515,609],"class_list":["post-593","page","type-page","status-publish","hentry","tag-asia-fi","tag-asiahaku-fi","tag-asiakirja","tag-asiakirjahaku-fi","tag-haku-fi","tag-haut-fi"],"acf":[],"yoast_head":"<!-- This site is optimized with the Yoast SEO plugin v27.3 - https:\/\/yoast.com\/product\/yoast-seo-wordpress\/ -->\n<title>Ajastettu haku - Asianhallinta<\/title>\n<meta name=\"robots\" content=\"index, follow, max-snippet:-1, max-image-preview:large, max-video-preview:-1\" \/>\n<link rel=\"canonical\" href=\"https:\/\/help.jamk.fi\/asianhallinta\/fi\/8-haku\/ajastettu-haku\/\" \/>\n<meta property=\"og:locale\" content=\"fi_FI\" \/>\n<meta property=\"og:type\" content=\"article\" \/>\n<meta property=\"og:title\" content=\"Ajastettu haku - Asianhallinta\" \/>\n<meta property=\"og:description\" content=\"Ajastetuilla hauilla voit seurata esimerkiksi m\u00e4\u00e4r\u00e4aikojen tai sopimusten voimassaoloaikojen p\u00e4\u00e4ttymist\u00e4 ja saada niist\u00e4 ilmoituksia.\u00a0\u00a0Seurannan voi jokainen m\u00e4\u00e4ritt\u00e4\u00e4 itse omiin k\u00e4ytt\u00e4j\u00e4tietoihinsa. Sovellus tekee valitsemasi tallennetun haun m\u00e4\u00e4r\u00e4ajoin ja l\u00e4hett\u00e4\u00e4 tiedon hakutuloksesta toimeksiantona k\u00e4ytt\u00e4j\u00e4lle. Ilmoituksesta ei l\u00e4hetet\u00e4 erillist\u00e4 s\u00e4hk\u00f6postia, vaan tulos n\u00e4kyy pelk\u00e4st\u00e4\u00e4n Twebin Saapuneissa toimeksiannoissa. P\u00e4\u00e4set asettamaan ajastettuja hakuja siirtym\u00e4ll\u00e4 k\u00e4ytt\u00e4j\u00e4tietoihisi painamalla k\u00e4ytt\u00e4j\u00e4nime\u00e4si Twebin etusivulla: Siirry [&hellip;]\" \/>\n<meta property=\"og:url\" content=\"https:\/\/help.jamk.fi\/asianhallinta\/fi\/8-haku\/ajastettu-haku\/\" \/>\n<meta property=\"og:site_name\" content=\"Asianhallinta\" \/>\n<meta property=\"article:modified_time\" content=\"2024-01-19T13:15:42+00:00\" \/>\n<meta property=\"og:image\" content=\"https:\/\/help.jamk.fi\/asiakirjahallinto\/wp-content\/uploads\/sites\/53\/2023\/07\/Kayttaja.png\" \/>\n<meta name=\"twitter:card\" content=\"summary_large_image\" \/>\n<meta name=\"twitter:label1\" content=\"Arvioitu lukuaika\" \/>\n\t<meta name=\"twitter:data1\" content=\"1 minuutti\" \/>\n<script type=\"application\/ld+json\" class=\"yoast-schema-graph\">{\"@context\":\"https:\\\/\\\/schema.org\",\"@graph\":[{\"@type\":\"WebPage\",\"@id\":\"https:\\\/\\\/help.jamk.fi\\\/asianhallinta\\\/fi\\\/8-haku\\\/ajastettu-haku\\\/\",\"url\":\"https:\\\/\\\/help.jamk.fi\\\/asianhallinta\\\/fi\\\/8-haku\\\/ajastettu-haku\\\/\",\"name\":\"Ajastettu haku - Asianhallinta\",\"isPartOf\":{\"@id\":\"https:\\\/\\\/help.jamk.fi\\\/asianhallinta\\\/#website\"},\"primaryImageOfPage\":{\"@id\":\"https:\\\/\\\/help.jamk.fi\\\/asianhallinta\\\/fi\\\/8-haku\\\/ajastettu-haku\\\/#primaryimage\"},\"image\":{\"@id\":\"https:\\\/\\\/help.jamk.fi\\\/asianhallinta\\\/fi\\\/8-haku\\\/ajastettu-haku\\\/#primaryimage\"},\"thumbnailUrl\":\"https:\\\/\\\/help.jamk.fi\\\/asiakirjahallinto\\\/wp-content\\\/uploads\\\/sites\\\/53\\\/2023\\\/07\\\/Kayttaja.png\",\"datePublished\":\"2014-09-16T07:12:31+00:00\",\"dateModified\":\"2024-01-19T13:15:42+00:00\",\"breadcrumb\":{\"@id\":\"https:\\\/\\\/help.jamk.fi\\\/asianhallinta\\\/fi\\\/8-haku\\\/ajastettu-haku\\\/#breadcrumb\"},\"inLanguage\":\"fi\",\"potentialAction\":[{\"@type\":\"ReadAction\",\"target\":[\"https:\\\/\\\/help.jamk.fi\\\/asianhallinta\\\/fi\\\/8-haku\\\/ajastettu-haku\\\/\"]}]},{\"@type\":\"ImageObject\",\"inLanguage\":\"fi\",\"@id\":\"https:\\\/\\\/help.jamk.fi\\\/asianhallinta\\\/fi\\\/8-haku\\\/ajastettu-haku\\\/#primaryimage\",\"url\":\"https:\\\/\\\/help.jamk.fi\\\/asiakirjahallinto\\\/wp-content\\\/uploads\\\/sites\\\/53\\\/2023\\\/07\\\/Kayttaja.png\",\"contentUrl\":\"https:\\\/\\\/help.jamk.fi\\\/asiakirjahallinto\\\/wp-content\\\/uploads\\\/sites\\\/53\\\/2023\\\/07\\\/Kayttaja.png\"},{\"@type\":\"BreadcrumbList\",\"@id\":\"https:\\\/\\\/help.jamk.fi\\\/asianhallinta\\\/fi\\\/8-haku\\\/ajastettu-haku\\\/#breadcrumb\",\"itemListElement\":[{\"@type\":\"ListItem\",\"position\":1,\"name\":\"Etusivu\",\"item\":\"https:\\\/\\\/help.jamk.fi\\\/asianhallinta\\\/\"},{\"@type\":\"ListItem\",\"position\":2,\"name\":\"8 Haku\",\"item\":\"https:\\\/\\\/help.jamk.fi\\\/asianhallinta\\\/fi\\\/8-haku\\\/\"},{\"@type\":\"ListItem\",\"position\":3,\"name\":\"Ajastettu haku\"}]},{\"@type\":\"WebSite\",\"@id\":\"https:\\\/\\\/help.jamk.fi\\\/asianhallinta\\\/#website\",\"url\":\"https:\\\/\\\/help.jamk.fi\\\/asianhallinta\\\/\",\"name\":\"Asianhallinta\",\"description\":\"\",\"potentialAction\":[{\"@type\":\"SearchAction\",\"target\":{\"@type\":\"EntryPoint\",\"urlTemplate\":\"https:\\\/\\\/help.jamk.fi\\\/asianhallinta\\\/?s={search_term_string}\"},\"query-input\":{\"@type\":\"PropertyValueSpecification\",\"valueRequired\":true,\"valueName\":\"search_term_string\"}}],\"inLanguage\":\"fi\"}]}<\/script>\n<!-- \/ Yoast SEO plugin. -->","yoast_head_json":{"title":"Ajastettu haku - Asianhallinta","robots":{"index":"index","follow":"follow","max-snippet":"max-snippet:-1","max-image-preview":"max-image-preview:large","max-video-preview":"max-video-preview:-1"},"canonical":"https:\/\/help.jamk.fi\/asianhallinta\/fi\/8-haku\/ajastettu-haku\/","og_locale":"fi_FI","og_type":"article","og_title":"Ajastettu haku - Asianhallinta","og_description":"Ajastetuilla hauilla voit seurata esimerkiksi m\u00e4\u00e4r\u00e4aikojen tai sopimusten voimassaoloaikojen p\u00e4\u00e4ttymist\u00e4 ja saada niist\u00e4 ilmoituksia.\u00a0\u00a0Seurannan voi jokainen m\u00e4\u00e4ritt\u00e4\u00e4 itse omiin k\u00e4ytt\u00e4j\u00e4tietoihinsa. Sovellus tekee valitsemasi tallennetun haun m\u00e4\u00e4r\u00e4ajoin ja l\u00e4hett\u00e4\u00e4 tiedon hakutuloksesta toimeksiantona k\u00e4ytt\u00e4j\u00e4lle. Ilmoituksesta ei l\u00e4hetet\u00e4 erillist\u00e4 s\u00e4hk\u00f6postia, vaan tulos n\u00e4kyy pelk\u00e4st\u00e4\u00e4n Twebin Saapuneissa toimeksiannoissa. P\u00e4\u00e4set asettamaan ajastettuja hakuja siirtym\u00e4ll\u00e4 k\u00e4ytt\u00e4j\u00e4tietoihisi painamalla k\u00e4ytt\u00e4j\u00e4nime\u00e4si Twebin etusivulla: Siirry [&hellip;]","og_url":"https:\/\/help.jamk.fi\/asianhallinta\/fi\/8-haku\/ajastettu-haku\/","og_site_name":"Asianhallinta","article_modified_time":"2024-01-19T13:15:42+00:00","og_image":[{"url":"https:\/\/help.jamk.fi\/asiakirjahallinto\/wp-content\/uploads\/sites\/53\/2023\/07\/Kayttaja.png","type":"","width":"","height":""}],"twitter_card":"summary_large_image","twitter_misc":{"Arvioitu lukuaika":"1 minuutti"},"schema":{"@context":"https:\/\/schema.org","@graph":[{"@type":"WebPage","@id":"https:\/\/help.jamk.fi\/asianhallinta\/fi\/8-haku\/ajastettu-haku\/","url":"https:\/\/help.jamk.fi\/asianhallinta\/fi\/8-haku\/ajastettu-haku\/","name":"Ajastettu haku - Asianhallinta","isPartOf":{"@id":"https:\/\/help.jamk.fi\/asianhallinta\/#website"},"primaryImageOfPage":{"@id":"https:\/\/help.jamk.fi\/asianhallinta\/fi\/8-haku\/ajastettu-haku\/#primaryimage"},"image":{"@id":"https:\/\/help.jamk.fi\/asianhallinta\/fi\/8-haku\/ajastettu-haku\/#primaryimage"},"thumbnailUrl":"https:\/\/help.jamk.fi\/asiakirjahallinto\/wp-content\/uploads\/sites\/53\/2023\/07\/Kayttaja.png","datePublished":"2014-09-16T07:12:31+00:00","dateModified":"2024-01-19T13:15:42+00:00","breadcrumb":{"@id":"https:\/\/help.jamk.fi\/asianhallinta\/fi\/8-haku\/ajastettu-haku\/#breadcrumb"},"inLanguage":"fi","potentialAction":[{"@type":"ReadAction","target":["https:\/\/help.jamk.fi\/asianhallinta\/fi\/8-haku\/ajastettu-haku\/"]}]},{"@type":"ImageObject","inLanguage":"fi","@id":"https:\/\/help.jamk.fi\/asianhallinta\/fi\/8-haku\/ajastettu-haku\/#primaryimage","url":"https:\/\/help.jamk.fi\/asiakirjahallinto\/wp-content\/uploads\/sites\/53\/2023\/07\/Kayttaja.png","contentUrl":"https:\/\/help.jamk.fi\/asiakirjahallinto\/wp-content\/uploads\/sites\/53\/2023\/07\/Kayttaja.png"},{"@type":"BreadcrumbList","@id":"https:\/\/help.jamk.fi\/asianhallinta\/fi\/8-haku\/ajastettu-haku\/#breadcrumb","itemListElement":[{"@type":"ListItem","position":1,"name":"Etusivu","item":"https:\/\/help.jamk.fi\/asianhallinta\/"},{"@type":"ListItem","position":2,"name":"8 Haku","item":"https:\/\/help.jamk.fi\/asianhallinta\/fi\/8-haku\/"},{"@type":"ListItem","position":3,"name":"Ajastettu haku"}]},{"@type":"WebSite","@id":"https:\/\/help.jamk.fi\/asianhallinta\/#website","url":"https:\/\/help.jamk.fi\/asianhallinta\/","name":"Asianhallinta","description":"","potentialAction":[{"@type":"SearchAction","target":{"@type":"EntryPoint","urlTemplate":"https:\/\/help.jamk.fi\/asianhallinta\/?s={search_term_string}"},"query-input":{"@type":"PropertyValueSpecification","valueRequired":true,"valueName":"search_term_string"}}],"inLanguage":"fi"}]}},"_links":{"self":[{"href":"https:\/\/help.jamk.fi\/asianhallinta\/wp-json\/wp\/v2\/pages\/593","targetHints":{"allow":["GET"]}}],"collection":[{"href":"https:\/\/help.jamk.fi\/asianhallinta\/wp-json\/wp\/v2\/pages"}],"about":[{"href":"https:\/\/help.jamk.fi\/asianhallinta\/wp-json\/wp\/v2\/types\/page"}],"author":[{"embeddable":true,"href":"https:\/\/help.jamk.fi\/asianhallinta\/wp-json\/wp\/v2\/users\/94"}],"replies":[{"embeddable":true,"href":"https:\/\/help.jamk.fi\/asianhallinta\/wp-json\/wp\/v2\/comments?post=593"}],"version-history":[{"count":5,"href":"https:\/\/help.jamk.fi\/asianhallinta\/wp-json\/wp\/v2\/pages\/593\/revisions"}],"predecessor-version":[{"id":1847,"href":"https:\/\/help.jamk.fi\/asianhallinta\/wp-json\/wp\/v2\/pages\/593\/revisions\/1847"}],"up":[{"embeddable":true,"href":"https:\/\/help.jamk.fi\/asianhallinta\/wp-json\/wp\/v2\/pages\/261"}],"wp:attachment":[{"href":"https:\/\/help.jamk.fi\/asianhallinta\/wp-json\/wp\/v2\/media?parent=593"}],"wp:term":[{"taxonomy":"category","embeddable":true,"href":"https:\/\/help.jamk.fi\/asianhallinta\/wp-json\/wp\/v2\/categories?post=593"},{"taxonomy":"post_tag","embeddable":true,"href":"https:\/\/help.jamk.fi\/asianhallinta\/wp-json\/wp\/v2\/tags?post=593"}],"curies":[{"name":"wp","href":"https:\/\/api.w.org\/{rel}","templated":true}]}}