{"id":617,"date":"2015-11-24T09:39:58","date_gmt":"2015-11-24T07:39:58","guid":{"rendered":"https:\/\/help.jamk.fi\/asiakirjahallinto\/esimerkkisivu\/4-liitteet\/liitteen-luominen-suoraan-paaasiakirjalta\/"},"modified":"2024-01-09T13:51:11","modified_gmt":"2024-01-09T11:51:11","slug":"liitteen-luominen-suoraan-paaasiakirjalta","status":"publish","type":"page","link":"https:\/\/help.jamk.fi\/asianhallinta\/fi\/4-liitteet\/liitteen-luominen-suoraan-paaasiakirjalta\/","title":{"rendered":"Liitteen luominen suoraan p\u00e4\u00e4asiakirjalta"},"content":{"rendered":"\n<p>Varaa p\u00e4\u00e4asiakirja<strong><i> Perustiedot<\/i><\/strong> \u2013v\u00e4lilehdelt\u00e4<\/p>\n\n\n\n<ul class=\"wp-block-list\">\n<li>Siirry <i>Suhteet<\/i> \u2013v\u00e4lilehdelle ja siell\u00e4 kohtaan <strong><i>Liitteet<\/i><\/strong>.<\/li>\n\n\n\n<li>Paina <strong><em>Luo liite<\/em> <\/strong>\u2013painiketta.<\/li>\n<\/ul>\n\n\n<div class=\"wp-block-image\">\n<figure class=\"aligncenter size-full\"><img loading=\"lazy\" decoding=\"async\" width=\"978\" height=\"428\" src=\"https:\/\/help.jamk.fi\/asianhallinta\/wp-content\/uploads\/sites\/53\/2023\/07\/Luo-liite.jpg\" alt=\"\" class=\"wp-image-927\" srcset=\"https:\/\/help.jamk.fi\/asianhallinta\/wp-content\/uploads\/sites\/53\/2023\/07\/Luo-liite.jpg 978w, https:\/\/help.jamk.fi\/asianhallinta\/wp-content\/uploads\/sites\/53\/2023\/07\/Luo-liite-300x131.jpg 300w, https:\/\/help.jamk.fi\/asianhallinta\/wp-content\/uploads\/sites\/53\/2023\/07\/Luo-liite-768x336.jpg 768w\" sizes=\"auto, (max-width: 978px) 100vw, 978px\" \/><figcaption class=\"wp-element-caption\"><strong>Liitteen luominen p\u00e4\u00e4asiakirjan kautta<\/strong><\/figcaption><\/figure>\n<\/div>\n\n\n<p>Laadi asiakirja (Ohje asiakirjan laatimiseen l\u00f6ytyy <a href=\"https:\/\/help.jamk.fi\/asianhallinta\/fi\/2-asiakirjan-laatiminen-ja-muokkaaminen\/asiakirja-mallipohjasta\/\">kohdasta 3<\/a> ja sen alla olevista ohjeista.)<\/p>\n\n\n\n<p>Asiakirjaliitos liitteen ja p\u00e4\u00e4asiakirjan v\u00e4lille muodostuu automaattisesti, ja n\u00e4kyy luomisen j\u00e4lkeen molempien asiakirjojen tietokorttien Suhteet-v\u00e4lilehdell\u00e4.<\/p>\n\n\n\n<figure class=\"wp-block-image size-large\"><img loading=\"lazy\" decoding=\"async\" width=\"1024\" height=\"445\" src=\"https:\/\/help.jamk.fi\/asianhallinta\/wp-content\/uploads\/sites\/53\/2023\/07\/Liiteasiakirjan-nakyma-asiakirjakortilla-1024x445.jpg\" alt=\"\" class=\"wp-image-930\" srcset=\"https:\/\/help.jamk.fi\/asianhallinta\/wp-content\/uploads\/sites\/53\/2023\/07\/Liiteasiakirjan-nakyma-asiakirjakortilla-1024x445.jpg 1024w, https:\/\/help.jamk.fi\/asianhallinta\/wp-content\/uploads\/sites\/53\/2023\/07\/Liiteasiakirjan-nakyma-asiakirjakortilla-300x130.jpg 300w, https:\/\/help.jamk.fi\/asianhallinta\/wp-content\/uploads\/sites\/53\/2023\/07\/Liiteasiakirjan-nakyma-asiakirjakortilla-768x334.jpg 768w, https:\/\/help.jamk.fi\/asianhallinta\/wp-content\/uploads\/sites\/53\/2023\/07\/Liiteasiakirjan-nakyma-asiakirjakortilla.jpg 1060w\" sizes=\"auto, (max-width: 1024px) 100vw, 1024px\" \/><figcaption class=\"wp-element-caption\"><strong>Liiteasiakirjan n\u00e4kyminen p\u00e4\u00e4asiakirjan tietokortin Suhteet-v\u00e4lilehdell\u00e4<\/strong><\/figcaption><\/figure>\n","protected":false},"excerpt":{"rendered":"<p>Varaa p\u00e4\u00e4asiakirja Perustiedot \u2013v\u00e4lilehdelt\u00e4 Laadi asiakirja (Ohje asiakirjan laatimiseen l\u00f6ytyy kohdasta 3 ja sen alla olevista ohjeista.) Asiakirjaliitos liitteen ja p\u00e4\u00e4asiakirjan v\u00e4lille muodostuu automaattisesti, ja n\u00e4kyy luomisen j\u00e4lkeen molempien asiakirjojen tietokorttien Suhteet-v\u00e4lilehdell\u00e4.<\/p>\n","protected":false},"author":94,"featured_media":0,"parent":128,"menu_order":410,"comment_status":"closed","ping_status":"closed","template":"","meta":{"_acf_changed":false,"_relevanssi_hide_post":"","_relevanssi_hide_content":"","_relevanssi_pin_for_all":"","_relevanssi_pin_keywords":"","_relevanssi_unpin_keywords":"","_relevanssi_related_keywords":"","_relevanssi_related_include_ids":"","_relevanssi_related_exclude_ids":"","_relevanssi_related_no_append":"","_relevanssi_related_not_related":"","_relevanssi_related_posts":"","_relevanssi_noindex_reason":"","footnotes":""},"categories":[],"tags":[661,663],"class_list":["post-617","page","type-page","status-publish","hentry","tag-liite-fi","tag-liitteen-tekeminen-fi"],"acf":[],"yoast_head":"<!-- This site is optimized with the Yoast SEO plugin v27.4 - https:\/\/yoast.com\/product\/yoast-seo-wordpress\/ -->\n<title>Liitteen luominen suoraan p\u00e4\u00e4asiakirjalta - Asianhallinta<\/title>\n<meta name=\"robots\" content=\"index, follow, max-snippet:-1, max-image-preview:large, max-video-preview:-1\" \/>\n<link rel=\"canonical\" href=\"https:\/\/help.jamk.fi\/asianhallinta\/fi\/4-liitteet\/liitteen-luominen-suoraan-paaasiakirjalta\/\" \/>\n<meta property=\"og:locale\" content=\"fi_FI\" \/>\n<meta property=\"og:type\" content=\"article\" \/>\n<meta property=\"og:title\" content=\"Liitteen luominen suoraan p\u00e4\u00e4asiakirjalta - Asianhallinta\" \/>\n<meta property=\"og:description\" content=\"Varaa p\u00e4\u00e4asiakirja Perustiedot \u2013v\u00e4lilehdelt\u00e4 Laadi asiakirja (Ohje asiakirjan laatimiseen l\u00f6ytyy kohdasta 3 ja sen alla olevista ohjeista.) Asiakirjaliitos liitteen ja p\u00e4\u00e4asiakirjan v\u00e4lille muodostuu automaattisesti, ja n\u00e4kyy luomisen j\u00e4lkeen molempien asiakirjojen tietokorttien Suhteet-v\u00e4lilehdell\u00e4.\" \/>\n<meta property=\"og:url\" content=\"https:\/\/help.jamk.fi\/asianhallinta\/fi\/4-liitteet\/liitteen-luominen-suoraan-paaasiakirjalta\/\" \/>\n<meta property=\"og:site_name\" content=\"Asianhallinta\" \/>\n<meta property=\"article:modified_time\" content=\"2024-01-09T11:51:11+00:00\" \/>\n<meta property=\"og:image\" content=\"https:\/\/help.jamk.fi\/asianhallinta\/wp-content\/uploads\/sites\/53\/2023\/07\/Luo-liite.jpg\" \/>\n<meta name=\"twitter:card\" content=\"summary_large_image\" \/>\n<meta name=\"twitter:label1\" content=\"Arvioitu lukuaika\" \/>\n\t<meta name=\"twitter:data1\" content=\"1 minuutti\" \/>\n<script type=\"application\/ld+json\" class=\"yoast-schema-graph\">{\"@context\":\"https:\\\/\\\/schema.org\",\"@graph\":[{\"@type\":\"WebPage\",\"@id\":\"https:\\\/\\\/help.jamk.fi\\\/asianhallinta\\\/fi\\\/4-liitteet\\\/liitteen-luominen-suoraan-paaasiakirjalta\\\/\",\"url\":\"https:\\\/\\\/help.jamk.fi\\\/asianhallinta\\\/fi\\\/4-liitteet\\\/liitteen-luominen-suoraan-paaasiakirjalta\\\/\",\"name\":\"Liitteen luominen suoraan p\u00e4\u00e4asiakirjalta - Asianhallinta\",\"isPartOf\":{\"@id\":\"https:\\\/\\\/help.jamk.fi\\\/asianhallinta\\\/#website\"},\"primaryImageOfPage\":{\"@id\":\"https:\\\/\\\/help.jamk.fi\\\/asianhallinta\\\/fi\\\/4-liitteet\\\/liitteen-luominen-suoraan-paaasiakirjalta\\\/#primaryimage\"},\"image\":{\"@id\":\"https:\\\/\\\/help.jamk.fi\\\/asianhallinta\\\/fi\\\/4-liitteet\\\/liitteen-luominen-suoraan-paaasiakirjalta\\\/#primaryimage\"},\"thumbnailUrl\":\"https:\\\/\\\/help.jamk.fi\\\/asianhallinta\\\/wp-content\\\/uploads\\\/sites\\\/53\\\/2023\\\/07\\\/Luo-liite.jpg\",\"datePublished\":\"2015-11-24T07:39:58+00:00\",\"dateModified\":\"2024-01-09T11:51:11+00:00\",\"breadcrumb\":{\"@id\":\"https:\\\/\\\/help.jamk.fi\\\/asianhallinta\\\/fi\\\/4-liitteet\\\/liitteen-luominen-suoraan-paaasiakirjalta\\\/#breadcrumb\"},\"inLanguage\":\"fi\",\"potentialAction\":[{\"@type\":\"ReadAction\",\"target\":[\"https:\\\/\\\/help.jamk.fi\\\/asianhallinta\\\/fi\\\/4-liitteet\\\/liitteen-luominen-suoraan-paaasiakirjalta\\\/\"]}]},{\"@type\":\"ImageObject\",\"inLanguage\":\"fi\",\"@id\":\"https:\\\/\\\/help.jamk.fi\\\/asianhallinta\\\/fi\\\/4-liitteet\\\/liitteen-luominen-suoraan-paaasiakirjalta\\\/#primaryimage\",\"url\":\"https:\\\/\\\/help.jamk.fi\\\/asianhallinta\\\/wp-content\\\/uploads\\\/sites\\\/53\\\/2023\\\/07\\\/Luo-liite.jpg\",\"contentUrl\":\"https:\\\/\\\/help.jamk.fi\\\/asianhallinta\\\/wp-content\\\/uploads\\\/sites\\\/53\\\/2023\\\/07\\\/Luo-liite.jpg\",\"width\":978,\"height\":428,\"caption\":\"Liitteen luominen p\u00e4\u00e4asiakirjan kautta\"},{\"@type\":\"BreadcrumbList\",\"@id\":\"https:\\\/\\\/help.jamk.fi\\\/asianhallinta\\\/fi\\\/4-liitteet\\\/liitteen-luominen-suoraan-paaasiakirjalta\\\/#breadcrumb\",\"itemListElement\":[{\"@type\":\"ListItem\",\"position\":1,\"name\":\"Etusivu\",\"item\":\"https:\\\/\\\/help.jamk.fi\\\/asianhallinta\\\/\"},{\"@type\":\"ListItem\",\"position\":2,\"name\":\"4 Liitteet\",\"item\":\"https:\\\/\\\/help.jamk.fi\\\/asianhallinta\\\/fi\\\/4-liitteet\\\/\"},{\"@type\":\"ListItem\",\"position\":3,\"name\":\"Liitteen luominen suoraan p\u00e4\u00e4asiakirjalta\"}]},{\"@type\":\"WebSite\",\"@id\":\"https:\\\/\\\/help.jamk.fi\\\/asianhallinta\\\/#website\",\"url\":\"https:\\\/\\\/help.jamk.fi\\\/asianhallinta\\\/\",\"name\":\"Asianhallinta\",\"description\":\"\",\"potentialAction\":[{\"@type\":\"SearchAction\",\"target\":{\"@type\":\"EntryPoint\",\"urlTemplate\":\"https:\\\/\\\/help.jamk.fi\\\/asianhallinta\\\/?s={search_term_string}\"},\"query-input\":{\"@type\":\"PropertyValueSpecification\",\"valueRequired\":true,\"valueName\":\"search_term_string\"}}],\"inLanguage\":\"fi\"}]}<\/script>\n<!-- \/ Yoast SEO plugin. -->","yoast_head_json":{"title":"Liitteen luominen suoraan p\u00e4\u00e4asiakirjalta - Asianhallinta","robots":{"index":"index","follow":"follow","max-snippet":"max-snippet:-1","max-image-preview":"max-image-preview:large","max-video-preview":"max-video-preview:-1"},"canonical":"https:\/\/help.jamk.fi\/asianhallinta\/fi\/4-liitteet\/liitteen-luominen-suoraan-paaasiakirjalta\/","og_locale":"fi_FI","og_type":"article","og_title":"Liitteen luominen suoraan p\u00e4\u00e4asiakirjalta - Asianhallinta","og_description":"Varaa p\u00e4\u00e4asiakirja Perustiedot \u2013v\u00e4lilehdelt\u00e4 Laadi asiakirja (Ohje asiakirjan laatimiseen l\u00f6ytyy kohdasta 3 ja sen alla olevista ohjeista.) Asiakirjaliitos liitteen ja p\u00e4\u00e4asiakirjan v\u00e4lille muodostuu automaattisesti, ja n\u00e4kyy luomisen j\u00e4lkeen molempien asiakirjojen tietokorttien Suhteet-v\u00e4lilehdell\u00e4.","og_url":"https:\/\/help.jamk.fi\/asianhallinta\/fi\/4-liitteet\/liitteen-luominen-suoraan-paaasiakirjalta\/","og_site_name":"Asianhallinta","article_modified_time":"2024-01-09T11:51:11+00:00","og_image":[{"url":"https:\/\/help.jamk.fi\/asianhallinta\/wp-content\/uploads\/sites\/53\/2023\/07\/Luo-liite.jpg","type":"","width":"","height":""}],"twitter_card":"summary_large_image","twitter_misc":{"Arvioitu lukuaika":"1 minuutti"},"schema":{"@context":"https:\/\/schema.org","@graph":[{"@type":"WebPage","@id":"https:\/\/help.jamk.fi\/asianhallinta\/fi\/4-liitteet\/liitteen-luominen-suoraan-paaasiakirjalta\/","url":"https:\/\/help.jamk.fi\/asianhallinta\/fi\/4-liitteet\/liitteen-luominen-suoraan-paaasiakirjalta\/","name":"Liitteen luominen suoraan p\u00e4\u00e4asiakirjalta - Asianhallinta","isPartOf":{"@id":"https:\/\/help.jamk.fi\/asianhallinta\/#website"},"primaryImageOfPage":{"@id":"https:\/\/help.jamk.fi\/asianhallinta\/fi\/4-liitteet\/liitteen-luominen-suoraan-paaasiakirjalta\/#primaryimage"},"image":{"@id":"https:\/\/help.jamk.fi\/asianhallinta\/fi\/4-liitteet\/liitteen-luominen-suoraan-paaasiakirjalta\/#primaryimage"},"thumbnailUrl":"https:\/\/help.jamk.fi\/asianhallinta\/wp-content\/uploads\/sites\/53\/2023\/07\/Luo-liite.jpg","datePublished":"2015-11-24T07:39:58+00:00","dateModified":"2024-01-09T11:51:11+00:00","breadcrumb":{"@id":"https:\/\/help.jamk.fi\/asianhallinta\/fi\/4-liitteet\/liitteen-luominen-suoraan-paaasiakirjalta\/#breadcrumb"},"inLanguage":"fi","potentialAction":[{"@type":"ReadAction","target":["https:\/\/help.jamk.fi\/asianhallinta\/fi\/4-liitteet\/liitteen-luominen-suoraan-paaasiakirjalta\/"]}]},{"@type":"ImageObject","inLanguage":"fi","@id":"https:\/\/help.jamk.fi\/asianhallinta\/fi\/4-liitteet\/liitteen-luominen-suoraan-paaasiakirjalta\/#primaryimage","url":"https:\/\/help.jamk.fi\/asianhallinta\/wp-content\/uploads\/sites\/53\/2023\/07\/Luo-liite.jpg","contentUrl":"https:\/\/help.jamk.fi\/asianhallinta\/wp-content\/uploads\/sites\/53\/2023\/07\/Luo-liite.jpg","width":978,"height":428,"caption":"Liitteen luominen p\u00e4\u00e4asiakirjan kautta"},{"@type":"BreadcrumbList","@id":"https:\/\/help.jamk.fi\/asianhallinta\/fi\/4-liitteet\/liitteen-luominen-suoraan-paaasiakirjalta\/#breadcrumb","itemListElement":[{"@type":"ListItem","position":1,"name":"Etusivu","item":"https:\/\/help.jamk.fi\/asianhallinta\/"},{"@type":"ListItem","position":2,"name":"4 Liitteet","item":"https:\/\/help.jamk.fi\/asianhallinta\/fi\/4-liitteet\/"},{"@type":"ListItem","position":3,"name":"Liitteen luominen suoraan p\u00e4\u00e4asiakirjalta"}]},{"@type":"WebSite","@id":"https:\/\/help.jamk.fi\/asianhallinta\/#website","url":"https:\/\/help.jamk.fi\/asianhallinta\/","name":"Asianhallinta","description":"","potentialAction":[{"@type":"SearchAction","target":{"@type":"EntryPoint","urlTemplate":"https:\/\/help.jamk.fi\/asianhallinta\/?s={search_term_string}"},"query-input":{"@type":"PropertyValueSpecification","valueRequired":true,"valueName":"search_term_string"}}],"inLanguage":"fi"}]}},"_links":{"self":[{"href":"https:\/\/help.jamk.fi\/asianhallinta\/wp-json\/wp\/v2\/pages\/617","targetHints":{"allow":["GET"]}}],"collection":[{"href":"https:\/\/help.jamk.fi\/asianhallinta\/wp-json\/wp\/v2\/pages"}],"about":[{"href":"https:\/\/help.jamk.fi\/asianhallinta\/wp-json\/wp\/v2\/types\/page"}],"author":[{"embeddable":true,"href":"https:\/\/help.jamk.fi\/asianhallinta\/wp-json\/wp\/v2\/users\/94"}],"replies":[{"embeddable":true,"href":"https:\/\/help.jamk.fi\/asianhallinta\/wp-json\/wp\/v2\/comments?post=617"}],"version-history":[{"count":5,"href":"https:\/\/help.jamk.fi\/asianhallinta\/wp-json\/wp\/v2\/pages\/617\/revisions"}],"predecessor-version":[{"id":1834,"href":"https:\/\/help.jamk.fi\/asianhallinta\/wp-json\/wp\/v2\/pages\/617\/revisions\/1834"}],"up":[{"embeddable":true,"href":"https:\/\/help.jamk.fi\/asianhallinta\/wp-json\/wp\/v2\/pages\/128"}],"wp:attachment":[{"href":"https:\/\/help.jamk.fi\/asianhallinta\/wp-json\/wp\/v2\/media?parent=617"}],"wp:term":[{"taxonomy":"category","embeddable":true,"href":"https:\/\/help.jamk.fi\/asianhallinta\/wp-json\/wp\/v2\/categories?post=617"},{"taxonomy":"post_tag","embeddable":true,"href":"https:\/\/help.jamk.fi\/asianhallinta\/wp-json\/wp\/v2\/tags?post=617"}],"curies":[{"name":"wp","href":"https:\/\/api.w.org\/{rel}","templated":true}]}}