{"id":629,"date":"2015-11-24T09:42:42","date_gmt":"2015-11-24T07:42:42","guid":{"rendered":"https:\/\/help.jamk.fi\/asiakirjahallinto\/esimerkkisivu\/4-liitteet\/twebissa-olevan-asiakirjan-liittaminen-asiakirjalle\/"},"modified":"2024-01-19T17:32:50","modified_gmt":"2024-01-19T15:32:50","slug":"twebissa-olevan-asiakirjan-liittaminen-asiakirjalle","status":"publish","type":"page","link":"https:\/\/help.jamk.fi\/asianhallinta\/fi\/4-liitteet\/twebissa-olevan-asiakirjan-liittaminen-asiakirjalle\/","title":{"rendered":"Twebiss\u00e4 olevan asiakirjan liitt\u00e4minen asiakirjalle"},"content":{"rendered":"\n<ul class=\"wp-block-list\">\n<li>Varaa asiakirja <strong><em>Perustiedot<\/em><\/strong>-v\u00e4lilehdelt\u00e4.<\/li>\n\n\n\n<li>Liitteet liitet\u00e4\u00e4n p\u00e4\u00e4asiakirjaan aina <strong><em>Suhteet<\/em><\/strong>-v\u00e4lilehdell\u00e4.<\/li>\n\n\n\n<li>HUOM! Jos liite on salainen, se voidaan liitt\u00e4\u00e4 <strong>Suhteet<\/strong>\u2013 toiminnolla (1),&nbsp; tai&nbsp; liitteen\u00e4 (2) (ohjeistetaan t\u00e4m\u00e4n artikkelin lopussa). <strong>P\u00e4\u00e4asiakirjan k\u00e4ytt\u00f6oikeudet periytyv\u00e4t aina julkiselle&nbsp;liitteelle. <\/strong><b>Julkisen p\u00e4\u00e4asiakirjan k\u00e4ytt\u00f6oikeudet eiv\u00e4t en\u00e4\u00e4 periydy salassapidett\u00e4v\u00e4lle liiteasiakirjalle <i>Kaikki<\/i>-ryhm\u00e4n osalta (katselija-oikeudet). <\/b><\/li>\n<\/ul>\n\n\n<div class=\"wp-block-image\">\n<figure class=\"aligncenter size-full\"><img loading=\"lazy\" decoding=\"async\" width=\"863\" height=\"381\" src=\"https:\/\/help.jamk.fi\/asianhallinta\/wp-content\/uploads\/sites\/53\/2023\/07\/liitevalikko.jpg\" alt=\"\" class=\"wp-image-915\" srcset=\"https:\/\/help.jamk.fi\/asianhallinta\/wp-content\/uploads\/sites\/53\/2023\/07\/liitevalikko.jpg 863w, https:\/\/help.jamk.fi\/asianhallinta\/wp-content\/uploads\/sites\/53\/2023\/07\/liitevalikko-300x132.jpg 300w, https:\/\/help.jamk.fi\/asianhallinta\/wp-content\/uploads\/sites\/53\/2023\/07\/liitevalikko-768x339.jpg 768w\" sizes=\"auto, (max-width: 863px) 100vw, 863px\" \/><figcaption class=\"wp-element-caption\"><strong>Liitteiden lis\u00e4\u00e4minen p\u00e4\u00e4asiakirjan Suhteet-v\u00e4lilehden kautta<\/strong><\/figcaption><\/figure>\n<\/div>\n\n\n<p>Liitett\u00e4v\u00e4 asiakirjakortti k\u00e4yd\u00e4\u00e4n hakemassa <strong><em>Liit\u00e4<\/em><\/strong>-toiminnolla<strong>.<\/strong>&nbsp; N\u00e4kym\u00e4 siirtyy <strong><em>Haku<\/em><\/strong>-kohtaan<\/p>\n\n\n\n<ol class=\"wp-block-list\">\n<li>Hae liitett\u00e4v\u00e4t liitteet<strong> <em>Hae<\/em><\/strong>\u2013 toiminnolla.<\/li>\n\n\n\n<li>Valitse haluamasi liitteet. Voit valita kerralla useamman liitett\u00e4v\u00e4n tiedoston.<\/li>\n\n\n\n<li>Paina <strong><em>Valitse <\/em><\/strong>ja n\u00e4kym\u00e4 palaa takaisin asiakirjakortille.<\/li>\n<\/ol>\n\n\n<div class=\"wp-block-image\">\n<figure class=\"aligncenter size-full\"><img loading=\"lazy\" decoding=\"async\" width=\"735\" height=\"509\" src=\"https:\/\/help.jamk.fi\/asianhallinta\/wp-content\/uploads\/sites\/53\/2023\/07\/liite-valikko-21.png\" alt=\"\" class=\"wp-image-921\" srcset=\"https:\/\/help.jamk.fi\/asianhallinta\/wp-content\/uploads\/sites\/53\/2023\/07\/liite-valikko-21.png 735w, https:\/\/help.jamk.fi\/asianhallinta\/wp-content\/uploads\/sites\/53\/2023\/07\/liite-valikko-21-300x208.png 300w\" sizes=\"auto, (max-width: 735px) 100vw, 735px\" \/><figcaption class=\"wp-element-caption\"><strong>Valmiiksi Twebiss\u00e4 olevien liitteiden hakeminen asiakirjakortille<\/strong><\/figcaption><\/figure>\n<\/div>","protected":false},"excerpt":{"rendered":"<p>Liitett\u00e4v\u00e4 asiakirjakortti k\u00e4yd\u00e4\u00e4n hakemassa Liit\u00e4-toiminnolla.&nbsp; N\u00e4kym\u00e4 siirtyy Haku-kohtaan<\/p>\n","protected":false},"author":94,"featured_media":0,"parent":128,"menu_order":412,"comment_status":"closed","ping_status":"closed","template":"","meta":{"_acf_changed":false,"_relevanssi_hide_post":"","_relevanssi_hide_content":"","_relevanssi_pin_for_all":"","_relevanssi_pin_keywords":"","_relevanssi_unpin_keywords":"","_relevanssi_related_keywords":"","_relevanssi_related_include_ids":"","_relevanssi_related_exclude_ids":"","_relevanssi_related_no_append":"","_relevanssi_related_not_related":"","_relevanssi_related_posts":"","_relevanssi_noindex_reason":"","footnotes":""},"categories":[],"tags":[75,661,683],"class_list":["post-629","page","type-page","status-publish","hentry","tag-asiakirja","tag-liite-fi","tag-liittaminen-fi"],"acf":[],"yoast_head":"<!-- This site is optimized with the Yoast SEO plugin v27.3 - https:\/\/yoast.com\/product\/yoast-seo-wordpress\/ -->\n<title>Twebiss\u00e4 olevan asiakirjan liitt\u00e4minen asiakirjalle - Asianhallinta<\/title>\n<meta name=\"robots\" content=\"index, follow, max-snippet:-1, max-image-preview:large, max-video-preview:-1\" \/>\n<link rel=\"canonical\" href=\"https:\/\/help.jamk.fi\/asianhallinta\/fi\/4-liitteet\/twebissa-olevan-asiakirjan-liittaminen-asiakirjalle\/\" \/>\n<meta property=\"og:locale\" content=\"fi_FI\" \/>\n<meta property=\"og:type\" content=\"article\" \/>\n<meta property=\"og:title\" content=\"Twebiss\u00e4 olevan asiakirjan liitt\u00e4minen asiakirjalle - Asianhallinta\" \/>\n<meta property=\"og:description\" content=\"Liitett\u00e4v\u00e4 asiakirjakortti k\u00e4yd\u00e4\u00e4n hakemassa Liit\u00e4-toiminnolla.&nbsp; N\u00e4kym\u00e4 siirtyy Haku-kohtaan\" \/>\n<meta property=\"og:url\" content=\"https:\/\/help.jamk.fi\/asianhallinta\/fi\/4-liitteet\/twebissa-olevan-asiakirjan-liittaminen-asiakirjalle\/\" \/>\n<meta property=\"og:site_name\" content=\"Asianhallinta\" \/>\n<meta property=\"article:modified_time\" content=\"2024-01-19T15:32:50+00:00\" \/>\n<meta property=\"og:image\" content=\"https:\/\/help.jamk.fi\/asianhallinta\/wp-content\/uploads\/sites\/53\/2023\/07\/liitevalikko.jpg\" \/>\n<meta name=\"twitter:card\" content=\"summary_large_image\" \/>\n<meta name=\"twitter:label1\" content=\"Arvioitu lukuaika\" \/>\n\t<meta name=\"twitter:data1\" content=\"1 minuutti\" \/>\n<script type=\"application\/ld+json\" class=\"yoast-schema-graph\">{\"@context\":\"https:\\\/\\\/schema.org\",\"@graph\":[{\"@type\":\"WebPage\",\"@id\":\"https:\\\/\\\/help.jamk.fi\\\/asianhallinta\\\/fi\\\/4-liitteet\\\/twebissa-olevan-asiakirjan-liittaminen-asiakirjalle\\\/\",\"url\":\"https:\\\/\\\/help.jamk.fi\\\/asianhallinta\\\/fi\\\/4-liitteet\\\/twebissa-olevan-asiakirjan-liittaminen-asiakirjalle\\\/\",\"name\":\"Twebiss\u00e4 olevan asiakirjan liitt\u00e4minen asiakirjalle - Asianhallinta\",\"isPartOf\":{\"@id\":\"https:\\\/\\\/help.jamk.fi\\\/asianhallinta\\\/#website\"},\"primaryImageOfPage\":{\"@id\":\"https:\\\/\\\/help.jamk.fi\\\/asianhallinta\\\/fi\\\/4-liitteet\\\/twebissa-olevan-asiakirjan-liittaminen-asiakirjalle\\\/#primaryimage\"},\"image\":{\"@id\":\"https:\\\/\\\/help.jamk.fi\\\/asianhallinta\\\/fi\\\/4-liitteet\\\/twebissa-olevan-asiakirjan-liittaminen-asiakirjalle\\\/#primaryimage\"},\"thumbnailUrl\":\"https:\\\/\\\/help.jamk.fi\\\/asianhallinta\\\/wp-content\\\/uploads\\\/sites\\\/53\\\/2023\\\/07\\\/liitevalikko.jpg\",\"datePublished\":\"2015-11-24T07:42:42+00:00\",\"dateModified\":\"2024-01-19T15:32:50+00:00\",\"breadcrumb\":{\"@id\":\"https:\\\/\\\/help.jamk.fi\\\/asianhallinta\\\/fi\\\/4-liitteet\\\/twebissa-olevan-asiakirjan-liittaminen-asiakirjalle\\\/#breadcrumb\"},\"inLanguage\":\"fi\",\"potentialAction\":[{\"@type\":\"ReadAction\",\"target\":[\"https:\\\/\\\/help.jamk.fi\\\/asianhallinta\\\/fi\\\/4-liitteet\\\/twebissa-olevan-asiakirjan-liittaminen-asiakirjalle\\\/\"]}]},{\"@type\":\"ImageObject\",\"inLanguage\":\"fi\",\"@id\":\"https:\\\/\\\/help.jamk.fi\\\/asianhallinta\\\/fi\\\/4-liitteet\\\/twebissa-olevan-asiakirjan-liittaminen-asiakirjalle\\\/#primaryimage\",\"url\":\"https:\\\/\\\/help.jamk.fi\\\/asianhallinta\\\/wp-content\\\/uploads\\\/sites\\\/53\\\/2023\\\/07\\\/liitevalikko.jpg\",\"contentUrl\":\"https:\\\/\\\/help.jamk.fi\\\/asianhallinta\\\/wp-content\\\/uploads\\\/sites\\\/53\\\/2023\\\/07\\\/liitevalikko.jpg\",\"width\":863,\"height\":381,\"caption\":\"Liitteiden lis\u00e4\u00e4minen p\u00e4\u00e4asiakirjan Suhteet-v\u00e4lilehden kautta\"},{\"@type\":\"BreadcrumbList\",\"@id\":\"https:\\\/\\\/help.jamk.fi\\\/asianhallinta\\\/fi\\\/4-liitteet\\\/twebissa-olevan-asiakirjan-liittaminen-asiakirjalle\\\/#breadcrumb\",\"itemListElement\":[{\"@type\":\"ListItem\",\"position\":1,\"name\":\"Etusivu\",\"item\":\"https:\\\/\\\/help.jamk.fi\\\/asianhallinta\\\/\"},{\"@type\":\"ListItem\",\"position\":2,\"name\":\"4 Liitteet\",\"item\":\"https:\\\/\\\/help.jamk.fi\\\/asianhallinta\\\/fi\\\/4-liitteet\\\/\"},{\"@type\":\"ListItem\",\"position\":3,\"name\":\"Twebiss\u00e4 olevan asiakirjan liitt\u00e4minen asiakirjalle\"}]},{\"@type\":\"WebSite\",\"@id\":\"https:\\\/\\\/help.jamk.fi\\\/asianhallinta\\\/#website\",\"url\":\"https:\\\/\\\/help.jamk.fi\\\/asianhallinta\\\/\",\"name\":\"Asianhallinta\",\"description\":\"\",\"potentialAction\":[{\"@type\":\"SearchAction\",\"target\":{\"@type\":\"EntryPoint\",\"urlTemplate\":\"https:\\\/\\\/help.jamk.fi\\\/asianhallinta\\\/?s={search_term_string}\"},\"query-input\":{\"@type\":\"PropertyValueSpecification\",\"valueRequired\":true,\"valueName\":\"search_term_string\"}}],\"inLanguage\":\"fi\"}]}<\/script>\n<!-- \/ Yoast SEO plugin. -->","yoast_head_json":{"title":"Twebiss\u00e4 olevan asiakirjan liitt\u00e4minen asiakirjalle - Asianhallinta","robots":{"index":"index","follow":"follow","max-snippet":"max-snippet:-1","max-image-preview":"max-image-preview:large","max-video-preview":"max-video-preview:-1"},"canonical":"https:\/\/help.jamk.fi\/asianhallinta\/fi\/4-liitteet\/twebissa-olevan-asiakirjan-liittaminen-asiakirjalle\/","og_locale":"fi_FI","og_type":"article","og_title":"Twebiss\u00e4 olevan asiakirjan liitt\u00e4minen asiakirjalle - Asianhallinta","og_description":"Liitett\u00e4v\u00e4 asiakirjakortti k\u00e4yd\u00e4\u00e4n hakemassa Liit\u00e4-toiminnolla.&nbsp; N\u00e4kym\u00e4 siirtyy Haku-kohtaan","og_url":"https:\/\/help.jamk.fi\/asianhallinta\/fi\/4-liitteet\/twebissa-olevan-asiakirjan-liittaminen-asiakirjalle\/","og_site_name":"Asianhallinta","article_modified_time":"2024-01-19T15:32:50+00:00","og_image":[{"url":"https:\/\/help.jamk.fi\/asianhallinta\/wp-content\/uploads\/sites\/53\/2023\/07\/liitevalikko.jpg","type":"","width":"","height":""}],"twitter_card":"summary_large_image","twitter_misc":{"Arvioitu lukuaika":"1 minuutti"},"schema":{"@context":"https:\/\/schema.org","@graph":[{"@type":"WebPage","@id":"https:\/\/help.jamk.fi\/asianhallinta\/fi\/4-liitteet\/twebissa-olevan-asiakirjan-liittaminen-asiakirjalle\/","url":"https:\/\/help.jamk.fi\/asianhallinta\/fi\/4-liitteet\/twebissa-olevan-asiakirjan-liittaminen-asiakirjalle\/","name":"Twebiss\u00e4 olevan asiakirjan liitt\u00e4minen asiakirjalle - Asianhallinta","isPartOf":{"@id":"https:\/\/help.jamk.fi\/asianhallinta\/#website"},"primaryImageOfPage":{"@id":"https:\/\/help.jamk.fi\/asianhallinta\/fi\/4-liitteet\/twebissa-olevan-asiakirjan-liittaminen-asiakirjalle\/#primaryimage"},"image":{"@id":"https:\/\/help.jamk.fi\/asianhallinta\/fi\/4-liitteet\/twebissa-olevan-asiakirjan-liittaminen-asiakirjalle\/#primaryimage"},"thumbnailUrl":"https:\/\/help.jamk.fi\/asianhallinta\/wp-content\/uploads\/sites\/53\/2023\/07\/liitevalikko.jpg","datePublished":"2015-11-24T07:42:42+00:00","dateModified":"2024-01-19T15:32:50+00:00","breadcrumb":{"@id":"https:\/\/help.jamk.fi\/asianhallinta\/fi\/4-liitteet\/twebissa-olevan-asiakirjan-liittaminen-asiakirjalle\/#breadcrumb"},"inLanguage":"fi","potentialAction":[{"@type":"ReadAction","target":["https:\/\/help.jamk.fi\/asianhallinta\/fi\/4-liitteet\/twebissa-olevan-asiakirjan-liittaminen-asiakirjalle\/"]}]},{"@type":"ImageObject","inLanguage":"fi","@id":"https:\/\/help.jamk.fi\/asianhallinta\/fi\/4-liitteet\/twebissa-olevan-asiakirjan-liittaminen-asiakirjalle\/#primaryimage","url":"https:\/\/help.jamk.fi\/asianhallinta\/wp-content\/uploads\/sites\/53\/2023\/07\/liitevalikko.jpg","contentUrl":"https:\/\/help.jamk.fi\/asianhallinta\/wp-content\/uploads\/sites\/53\/2023\/07\/liitevalikko.jpg","width":863,"height":381,"caption":"Liitteiden lis\u00e4\u00e4minen p\u00e4\u00e4asiakirjan Suhteet-v\u00e4lilehden kautta"},{"@type":"BreadcrumbList","@id":"https:\/\/help.jamk.fi\/asianhallinta\/fi\/4-liitteet\/twebissa-olevan-asiakirjan-liittaminen-asiakirjalle\/#breadcrumb","itemListElement":[{"@type":"ListItem","position":1,"name":"Etusivu","item":"https:\/\/help.jamk.fi\/asianhallinta\/"},{"@type":"ListItem","position":2,"name":"4 Liitteet","item":"https:\/\/help.jamk.fi\/asianhallinta\/fi\/4-liitteet\/"},{"@type":"ListItem","position":3,"name":"Twebiss\u00e4 olevan asiakirjan liitt\u00e4minen asiakirjalle"}]},{"@type":"WebSite","@id":"https:\/\/help.jamk.fi\/asianhallinta\/#website","url":"https:\/\/help.jamk.fi\/asianhallinta\/","name":"Asianhallinta","description":"","potentialAction":[{"@type":"SearchAction","target":{"@type":"EntryPoint","urlTemplate":"https:\/\/help.jamk.fi\/asianhallinta\/?s={search_term_string}"},"query-input":{"@type":"PropertyValueSpecification","valueRequired":true,"valueName":"search_term_string"}}],"inLanguage":"fi"}]}},"_links":{"self":[{"href":"https:\/\/help.jamk.fi\/asianhallinta\/wp-json\/wp\/v2\/pages\/629","targetHints":{"allow":["GET"]}}],"collection":[{"href":"https:\/\/help.jamk.fi\/asianhallinta\/wp-json\/wp\/v2\/pages"}],"about":[{"href":"https:\/\/help.jamk.fi\/asianhallinta\/wp-json\/wp\/v2\/types\/page"}],"author":[{"embeddable":true,"href":"https:\/\/help.jamk.fi\/asianhallinta\/wp-json\/wp\/v2\/users\/94"}],"replies":[{"embeddable":true,"href":"https:\/\/help.jamk.fi\/asianhallinta\/wp-json\/wp\/v2\/comments?post=629"}],"version-history":[{"count":3,"href":"https:\/\/help.jamk.fi\/asianhallinta\/wp-json\/wp\/v2\/pages\/629\/revisions"}],"predecessor-version":[{"id":1855,"href":"https:\/\/help.jamk.fi\/asianhallinta\/wp-json\/wp\/v2\/pages\/629\/revisions\/1855"}],"up":[{"embeddable":true,"href":"https:\/\/help.jamk.fi\/asianhallinta\/wp-json\/wp\/v2\/pages\/128"}],"wp:attachment":[{"href":"https:\/\/help.jamk.fi\/asianhallinta\/wp-json\/wp\/v2\/media?parent=629"}],"wp:term":[{"taxonomy":"category","embeddable":true,"href":"https:\/\/help.jamk.fi\/asianhallinta\/wp-json\/wp\/v2\/categories?post=629"},{"taxonomy":"post_tag","embeddable":true,"href":"https:\/\/help.jamk.fi\/asianhallinta\/wp-json\/wp\/v2\/tags?post=629"}],"curies":[{"name":"wp","href":"https:\/\/api.w.org\/{rel}","templated":true}]}}