{"id":644,"date":"2015-11-24T10:25:28","date_gmt":"2015-11-24T08:25:28","guid":{"rendered":"https:\/\/help.jamk.fi\/asiakirjahallinto\/esimerkkisivu\/11-asianhallinta\/uuden-asiakirjan-luominen-toimenpiteelle-2\/"},"modified":"2023-12-19T12:51:09","modified_gmt":"2023-12-19T10:51:09","slug":"uuden-asiakirjan-luominen-toimenpiteelle-2","status":"publish","type":"page","link":"https:\/\/help.jamk.fi\/asianhallinta\/fi\/11-asianhallinta\/uuden-asiakirjan-luominen-toimenpiteelle-2\/","title":{"rendered":"Uuden Tweb-asiakirjan luominen asialle"},"content":{"rendered":"\n<p>Twebiss\u00e4 on valmiita MS Office -malleja, jotka on laadittu standardin mukaisesti Jamkin n\u00e4k\u00f6isiksi. Perusasiakirjatyyppien (p\u00f6yt\u00e4kirja, muistio, raportti, ohje) lis\u00e4ksi pohjista l\u00f6ytyy my\u00f6s eri teht\u00e4ville laadittuja pohjia. Jokaiselle asialle liitett\u00e4v\u00e4lle asiakirjalle on laadittava oma asiakirjakortti, my\u00f6s toiseen asiakirjaan laadittaville liitteille.<\/p>\n\n\n\n<h2 class=\"wp-block-heading\">Asiakirjan luominen<\/h2>\n\n\n\n<p>Asiakirjan voi laatia suoraan asialle. <\/p>\n\n\n\n<p>Siirry asian Asiakirjat -v\u00e4lilehdelle ja paina <em>Luo asiakirja<\/em>-painiketta<\/p>\n\n\n<div class=\"wp-block-image\">\n<figure class=\"aligncenter size-large\"><img loading=\"lazy\" decoding=\"async\" width=\"1024\" height=\"323\" src=\"https:\/\/help.jamk.fi\/asianhallinta\/wp-content\/uploads\/sites\/53\/2023\/07\/Asiakirjat_valilehti_luo-1024x323.jpg\" alt=\"\" class=\"wp-image-1172\" srcset=\"https:\/\/help.jamk.fi\/asianhallinta\/wp-content\/uploads\/sites\/53\/2023\/07\/Asiakirjat_valilehti_luo-1024x323.jpg 1024w, https:\/\/help.jamk.fi\/asianhallinta\/wp-content\/uploads\/sites\/53\/2023\/07\/Asiakirjat_valilehti_luo-300x95.jpg 300w, https:\/\/help.jamk.fi\/asianhallinta\/wp-content\/uploads\/sites\/53\/2023\/07\/Asiakirjat_valilehti_luo-768x242.jpg 768w, https:\/\/help.jamk.fi\/asianhallinta\/wp-content\/uploads\/sites\/53\/2023\/07\/Asiakirjat_valilehti_luo.jpg 1224w\" sizes=\"auto, (max-width: 1024px) 100vw, 1024px\" \/><figcaption class=\"wp-element-caption\"><strong>Asian Asiakirjat-v\u00e4lilehti<\/strong><\/figcaption><\/figure>\n<\/div>\n\n\n<h2 class=\"wp-block-heading\">Asiakirjan laatiminen<\/h2>\n\n\n\n<p>N\u00e4kym\u00e4 siirtyy&nbsp;<em>Uusi asiakirja<\/em>-n\u00e4kym\u00e4\u00e4n (vihre\u00e4 asiakirjakortti).<\/p>\n\n\n<div class=\"wp-block-image\">\n<figure class=\"aligncenter size-large\"><img loading=\"lazy\" decoding=\"async\" width=\"1024\" height=\"590\" src=\"https:\/\/help.jamk.fi\/asianhallinta\/wp-content\/uploads\/sites\/53\/2023\/07\/Luo_asiakirja-1024x590.jpg\" alt=\"\" class=\"wp-image-1175\" srcset=\"https:\/\/help.jamk.fi\/asianhallinta\/wp-content\/uploads\/sites\/53\/2023\/07\/Luo_asiakirja-1024x590.jpg 1024w, https:\/\/help.jamk.fi\/asianhallinta\/wp-content\/uploads\/sites\/53\/2023\/07\/Luo_asiakirja-300x173.jpg 300w, https:\/\/help.jamk.fi\/asianhallinta\/wp-content\/uploads\/sites\/53\/2023\/07\/Luo_asiakirja-768x442.jpg 768w, https:\/\/help.jamk.fi\/asianhallinta\/wp-content\/uploads\/sites\/53\/2023\/07\/Luo_asiakirja.jpg 1122w\" sizes=\"auto, (max-width: 1024px) 100vw, 1024px\" \/><figcaption class=\"wp-element-caption\"><strong>Uusi asiakirjakortti -n\u00e4kym\u00e4<\/strong><\/figcaption><\/figure>\n<\/div>\n\n\n<ul class=\"wp-block-list\">\n<li>Anna asiakirjalle nimi (Nimike)<\/li>\n\n\n\n<li>Valitse asiakirjatyyppi (muistio, p\u00f6yt\u00e4kirja, sopimus tms.)<\/li>\n\n\n\n<li>Klikkaa&nbsp;<em>Tallenna ja jatka<\/em>-painiketta<\/li>\n\n\n\n<li>Valitse pudotusvalikosta&nbsp;<em>MS Office-malli<\/em>t ja klikkaa&nbsp;<em>Luo tiedosto<\/em>-painiketta<\/li>\n<\/ul>\n\n\n\n<p>Katso lis\u00e4\u00e4\u00a0<a href=\"https:\/\/help.jamk.fi\/asianhallinta\/fi\/2-asiakirjan-laatiminen-ja-muokkaaminen\/asiakirjan-nimike\/\">Jamkin asiakirjan nime\u00e4misk\u00e4yt\u00e4nteist\u00e4 t\u00e4\u00e4lt\u00e4<\/a>.<\/p>\n\n\n<div class=\"wp-block-image\">\n<figure class=\"aligncenter size-large\"><img loading=\"lazy\" decoding=\"async\" width=\"1024\" height=\"207\" src=\"https:\/\/help.jamk.fi\/asianhallinta\/wp-content\/uploads\/sites\/53\/2023\/07\/MS-Office_mallit_valikko-1024x207.jpg\" alt=\"\" class=\"wp-image-1165\" srcset=\"https:\/\/help.jamk.fi\/asianhallinta\/wp-content\/uploads\/sites\/53\/2023\/07\/MS-Office_mallit_valikko-1024x207.jpg 1024w, https:\/\/help.jamk.fi\/asianhallinta\/wp-content\/uploads\/sites\/53\/2023\/07\/MS-Office_mallit_valikko-300x61.jpg 300w, https:\/\/help.jamk.fi\/asianhallinta\/wp-content\/uploads\/sites\/53\/2023\/07\/MS-Office_mallit_valikko-768x155.jpg 768w, https:\/\/help.jamk.fi\/asianhallinta\/wp-content\/uploads\/sites\/53\/2023\/07\/MS-Office_mallit_valikko.jpg 1209w\" sizes=\"auto, (max-width: 1024px) 100vw, 1024px\" \/><figcaption class=\"wp-element-caption\"><strong>Tiedosto-tyypin valitseminen<\/strong><\/figcaption><\/figure>\n<\/div>\n\n\n<p>Laadi asiakirja \u2013 muista tallentaa muokkaukset&nbsp;<em>Tweb-tuotanto&nbsp;<\/em>-liit\u00e4nn\u00e4isen kautta (Wordin yl\u00e4palkin oikeassa \u00e4\u00e4rilaidassa)<\/p>\n\n\n\n<figure class=\"wp-block-image size-large\"><img loading=\"lazy\" decoding=\"async\" width=\"1024\" height=\"521\" src=\"https:\/\/help.jamk.fi\/asianhallinta\/wp-content\/uploads\/sites\/53\/2023\/07\/MicrosoftTeams-image-1024x521.png\" alt=\"Tweb-asiakirjan muokkausten tallentaminen\" class=\"wp-image-900\" srcset=\"https:\/\/help.jamk.fi\/asianhallinta\/wp-content\/uploads\/sites\/53\/2023\/07\/MicrosoftTeams-image-1024x521.png 1024w, https:\/\/help.jamk.fi\/asianhallinta\/wp-content\/uploads\/sites\/53\/2023\/07\/MicrosoftTeams-image-300x153.png 300w, https:\/\/help.jamk.fi\/asianhallinta\/wp-content\/uploads\/sites\/53\/2023\/07\/MicrosoftTeams-image-768x390.png 768w, https:\/\/help.jamk.fi\/asianhallinta\/wp-content\/uploads\/sites\/53\/2023\/07\/MicrosoftTeams-image-1536x781.png 1536w, https:\/\/help.jamk.fi\/asianhallinta\/wp-content\/uploads\/sites\/53\/2023\/07\/MicrosoftTeams-image-2048x1041.png 2048w\" sizes=\"auto, (max-width: 1024px) 100vw, 1024px\" \/><figcaption class=\"wp-element-caption\"><strong>Tweb-asiakirjan sis\u00e4lt\u00f6\u00f6n tehtyjen muokkausten tallentaminen<\/strong><\/figcaption><\/figure>\n\n\n\n<p>Voit sulkea Wordin (Wordin omaan kysymykseen \u201dTallennetaanko muutokset?\u201d voi vastata ei, kyseinen toiminto ei vaikuta asiakirjan muokkausten tallentumiseen Twebiss\u00e4). N\u00e4kym\u00e4 siirtyy t\u00e4m\u00e4n j\u00e4lkeen takaisin asiakirjakortille.<\/p>\n\n\n\n<div class=\"wp-block-group\"><div class=\"wp-block-group__inner-container is-layout-flow wp-block-group-is-layout-flow\">\n<div class=\"wp-block-group\"><div class=\"wp-block-group__inner-container is-layout-flow wp-block-group-is-layout-flow\">\n<div class=\"wp-block-group\"><div class=\"wp-block-group__inner-container is-layout-flow wp-block-group-is-layout-flow\">\n<div class=\"wp-block-group\"><div class=\"wp-block-group__inner-container is-layout-flow wp-block-group-is-layout-flow\">\n<div class=\"wp-block-group\"><div class=\"wp-block-group__inner-container is-layout-flow wp-block-group-is-layout-flow\">\n<p>Voit sulkea Wordin (Wordin omaan kysymykseen \u201dTallennetaanko muutokset?\u201d voi vastata ei, kyseinen toiminto ei vaikuta asiakirjan muokkausten tallentumiseen Twebiss\u00e4). N\u00e4kym\u00e4 siirtyy t\u00e4m\u00e4n j\u00e4lkeen takaisin asiakirjakortille.<\/p>\n<\/div><\/div>\n<\/div><\/div>\n<\/div><\/div>\n<\/div><\/div>\n<\/div><\/div>\n\n\n\n<p>Takaisin asialle p\u00e4\u00e4set <em>Palaa asialle<\/em> -painikkeen kautta.<\/p>\n\n\n\n<figure class=\"wp-block-image size-full\"><img loading=\"lazy\" decoding=\"async\" width=\"903\" height=\"564\" src=\"https:\/\/help.jamk.fi\/asianhallinta\/wp-content\/uploads\/sites\/53\/2023\/07\/Asiakirjat_asiakirjakortti.jpg\" alt=\"\" class=\"wp-image-1184\" srcset=\"https:\/\/help.jamk.fi\/asianhallinta\/wp-content\/uploads\/sites\/53\/2023\/07\/Asiakirjat_asiakirjakortti.jpg 903w, https:\/\/help.jamk.fi\/asianhallinta\/wp-content\/uploads\/sites\/53\/2023\/07\/Asiakirjat_asiakirjakortti-300x187.jpg 300w, https:\/\/help.jamk.fi\/asianhallinta\/wp-content\/uploads\/sites\/53\/2023\/07\/Asiakirjat_asiakirjakortti-768x480.jpg 768w\" sizes=\"auto, (max-width: 903px) 100vw, 903px\" \/><figcaption class=\"wp-element-caption\"><strong>Asiakirjakortti-n\u00e4kym\u00e4<\/strong><\/figcaption><\/figure>\n","protected":false},"excerpt":{"rendered":"<p>Twebiss\u00e4 on valmiita MS Office -malleja, jotka on laadittu standardin mukaisesti Jamkin n\u00e4k\u00f6isiksi. Perusasiakirjatyyppien (p\u00f6yt\u00e4kirja, muistio, raportti, ohje) lis\u00e4ksi pohjista l\u00f6ytyy my\u00f6s eri teht\u00e4ville laadittuja pohjia. Jokaiselle asialle liitett\u00e4v\u00e4lle asiakirjalle on laadittava oma asiakirjakortti, my\u00f6s toiseen asiakirjaan laadittaville liitteille. Asiakirjan luominen Asiakirjan voi laatia suoraan asialle. Siirry asian Asiakirjat -v\u00e4lilehdelle ja paina Luo asiakirja-painiketta Voit [&hellip;]<\/p>\n","protected":false},"author":94,"featured_media":0,"parent":463,"menu_order":233,"comment_status":"closed","ping_status":"closed","template":"","meta":{"_acf_changed":false,"_relevanssi_hide_post":"","_relevanssi_hide_content":"","_relevanssi_pin_for_all":"","_relevanssi_pin_keywords":"","_relevanssi_unpin_keywords":"","_relevanssi_related_keywords":"","_relevanssi_related_include_ids":"","_relevanssi_related_exclude_ids":"","_relevanssi_related_no_append":"","_relevanssi_related_not_related":"","_relevanssi_related_posts":"","_relevanssi_noindex_reason":"","footnotes":""},"categories":[],"tags":[443,75,63,523],"class_list":["post-644","page","type-page","status-publish","hentry","tag-asia-fi","tag-asiakirja","tag-toimenpide","tag-uusi-asiakirja-fi"],"acf":[],"yoast_head":"<!-- This site is optimized with the Yoast SEO plugin v27.4 - https:\/\/yoast.com\/product\/yoast-seo-wordpress\/ -->\n<title>Uuden Tweb-asiakirjan luominen asialle - Asianhallinta<\/title>\n<meta name=\"robots\" content=\"index, follow, max-snippet:-1, max-image-preview:large, max-video-preview:-1\" \/>\n<link rel=\"canonical\" href=\"https:\/\/help.jamk.fi\/asianhallinta\/fi\/11-asianhallinta\/uuden-asiakirjan-luominen-toimenpiteelle-2\/\" \/>\n<meta property=\"og:locale\" content=\"fi_FI\" \/>\n<meta property=\"og:type\" content=\"article\" \/>\n<meta property=\"og:title\" content=\"Uuden Tweb-asiakirjan luominen asialle - Asianhallinta\" \/>\n<meta property=\"og:description\" content=\"Twebiss\u00e4 on valmiita MS Office -malleja, jotka on laadittu standardin mukaisesti Jamkin n\u00e4k\u00f6isiksi. Perusasiakirjatyyppien (p\u00f6yt\u00e4kirja, muistio, raportti, ohje) lis\u00e4ksi pohjista l\u00f6ytyy my\u00f6s eri teht\u00e4ville laadittuja pohjia. Jokaiselle asialle liitett\u00e4v\u00e4lle asiakirjalle on laadittava oma asiakirjakortti, my\u00f6s toiseen asiakirjaan laadittaville liitteille. Asiakirjan luominen Asiakirjan voi laatia suoraan asialle. Siirry asian Asiakirjat -v\u00e4lilehdelle ja paina Luo asiakirja-painiketta Voit [&hellip;]\" \/>\n<meta property=\"og:url\" content=\"https:\/\/help.jamk.fi\/asianhallinta\/fi\/11-asianhallinta\/uuden-asiakirjan-luominen-toimenpiteelle-2\/\" \/>\n<meta property=\"og:site_name\" content=\"Asianhallinta\" \/>\n<meta property=\"article:modified_time\" content=\"2023-12-19T10:51:09+00:00\" \/>\n<meta property=\"og:image\" content=\"https:\/\/help.jamk.fi\/asianhallinta\/wp-content\/uploads\/sites\/53\/2023\/07\/Asiakirjat_valilehti_luo-1024x323.jpg\" \/>\n<meta name=\"twitter:card\" content=\"summary_large_image\" \/>\n<meta name=\"twitter:label1\" content=\"Arvioitu lukuaika\" \/>\n\t<meta name=\"twitter:data1\" content=\"1 minuutti\" \/>\n<script type=\"application\/ld+json\" class=\"yoast-schema-graph\">{\"@context\":\"https:\\\/\\\/schema.org\",\"@graph\":[{\"@type\":\"WebPage\",\"@id\":\"https:\\\/\\\/help.jamk.fi\\\/asianhallinta\\\/fi\\\/11-asianhallinta\\\/uuden-asiakirjan-luominen-toimenpiteelle-2\\\/\",\"url\":\"https:\\\/\\\/help.jamk.fi\\\/asianhallinta\\\/fi\\\/11-asianhallinta\\\/uuden-asiakirjan-luominen-toimenpiteelle-2\\\/\",\"name\":\"Uuden Tweb-asiakirjan luominen asialle - Asianhallinta\",\"isPartOf\":{\"@id\":\"https:\\\/\\\/help.jamk.fi\\\/asianhallinta\\\/#website\"},\"primaryImageOfPage\":{\"@id\":\"https:\\\/\\\/help.jamk.fi\\\/asianhallinta\\\/fi\\\/11-asianhallinta\\\/uuden-asiakirjan-luominen-toimenpiteelle-2\\\/#primaryimage\"},\"image\":{\"@id\":\"https:\\\/\\\/help.jamk.fi\\\/asianhallinta\\\/fi\\\/11-asianhallinta\\\/uuden-asiakirjan-luominen-toimenpiteelle-2\\\/#primaryimage\"},\"thumbnailUrl\":\"https:\\\/\\\/help.jamk.fi\\\/asianhallinta\\\/wp-content\\\/uploads\\\/sites\\\/53\\\/2023\\\/07\\\/Asiakirjat_valilehti_luo-1024x323.jpg\",\"datePublished\":\"2015-11-24T08:25:28+00:00\",\"dateModified\":\"2023-12-19T10:51:09+00:00\",\"breadcrumb\":{\"@id\":\"https:\\\/\\\/help.jamk.fi\\\/asianhallinta\\\/fi\\\/11-asianhallinta\\\/uuden-asiakirjan-luominen-toimenpiteelle-2\\\/#breadcrumb\"},\"inLanguage\":\"fi\",\"potentialAction\":[{\"@type\":\"ReadAction\",\"target\":[\"https:\\\/\\\/help.jamk.fi\\\/asianhallinta\\\/fi\\\/11-asianhallinta\\\/uuden-asiakirjan-luominen-toimenpiteelle-2\\\/\"]}]},{\"@type\":\"ImageObject\",\"inLanguage\":\"fi\",\"@id\":\"https:\\\/\\\/help.jamk.fi\\\/asianhallinta\\\/fi\\\/11-asianhallinta\\\/uuden-asiakirjan-luominen-toimenpiteelle-2\\\/#primaryimage\",\"url\":\"https:\\\/\\\/help.jamk.fi\\\/asianhallinta\\\/wp-content\\\/uploads\\\/sites\\\/53\\\/2023\\\/07\\\/Asiakirjat_valilehti_luo.jpg\",\"contentUrl\":\"https:\\\/\\\/help.jamk.fi\\\/asianhallinta\\\/wp-content\\\/uploads\\\/sites\\\/53\\\/2023\\\/07\\\/Asiakirjat_valilehti_luo.jpg\",\"width\":1224,\"height\":386,\"caption\":\"Asian Asiakirjat-v\u00e4lilehti\"},{\"@type\":\"BreadcrumbList\",\"@id\":\"https:\\\/\\\/help.jamk.fi\\\/asianhallinta\\\/fi\\\/11-asianhallinta\\\/uuden-asiakirjan-luominen-toimenpiteelle-2\\\/#breadcrumb\",\"itemListElement\":[{\"@type\":\"ListItem\",\"position\":1,\"name\":\"Etusivu\",\"item\":\"https:\\\/\\\/help.jamk.fi\\\/asianhallinta\\\/\"},{\"@type\":\"ListItem\",\"position\":2,\"name\":\"2 Asianhallinta\",\"item\":\"https:\\\/\\\/help.jamk.fi\\\/asianhallinta\\\/fi\\\/11-asianhallinta\\\/\"},{\"@type\":\"ListItem\",\"position\":3,\"name\":\"Uuden Tweb-asiakirjan luominen asialle\"}]},{\"@type\":\"WebSite\",\"@id\":\"https:\\\/\\\/help.jamk.fi\\\/asianhallinta\\\/#website\",\"url\":\"https:\\\/\\\/help.jamk.fi\\\/asianhallinta\\\/\",\"name\":\"Asianhallinta\",\"description\":\"\",\"potentialAction\":[{\"@type\":\"SearchAction\",\"target\":{\"@type\":\"EntryPoint\",\"urlTemplate\":\"https:\\\/\\\/help.jamk.fi\\\/asianhallinta\\\/?s={search_term_string}\"},\"query-input\":{\"@type\":\"PropertyValueSpecification\",\"valueRequired\":true,\"valueName\":\"search_term_string\"}}],\"inLanguage\":\"fi\"}]}<\/script>\n<!-- \/ Yoast SEO plugin. -->","yoast_head_json":{"title":"Uuden Tweb-asiakirjan luominen asialle - Asianhallinta","robots":{"index":"index","follow":"follow","max-snippet":"max-snippet:-1","max-image-preview":"max-image-preview:large","max-video-preview":"max-video-preview:-1"},"canonical":"https:\/\/help.jamk.fi\/asianhallinta\/fi\/11-asianhallinta\/uuden-asiakirjan-luominen-toimenpiteelle-2\/","og_locale":"fi_FI","og_type":"article","og_title":"Uuden Tweb-asiakirjan luominen asialle - Asianhallinta","og_description":"Twebiss\u00e4 on valmiita MS Office -malleja, jotka on laadittu standardin mukaisesti Jamkin n\u00e4k\u00f6isiksi. Perusasiakirjatyyppien (p\u00f6yt\u00e4kirja, muistio, raportti, ohje) lis\u00e4ksi pohjista l\u00f6ytyy my\u00f6s eri teht\u00e4ville laadittuja pohjia. Jokaiselle asialle liitett\u00e4v\u00e4lle asiakirjalle on laadittava oma asiakirjakortti, my\u00f6s toiseen asiakirjaan laadittaville liitteille. Asiakirjan luominen Asiakirjan voi laatia suoraan asialle. Siirry asian Asiakirjat -v\u00e4lilehdelle ja paina Luo asiakirja-painiketta Voit [&hellip;]","og_url":"https:\/\/help.jamk.fi\/asianhallinta\/fi\/11-asianhallinta\/uuden-asiakirjan-luominen-toimenpiteelle-2\/","og_site_name":"Asianhallinta","article_modified_time":"2023-12-19T10:51:09+00:00","og_image":[{"url":"https:\/\/help.jamk.fi\/asianhallinta\/wp-content\/uploads\/sites\/53\/2023\/07\/Asiakirjat_valilehti_luo-1024x323.jpg","type":"","width":"","height":""}],"twitter_card":"summary_large_image","twitter_misc":{"Arvioitu lukuaika":"1 minuutti"},"schema":{"@context":"https:\/\/schema.org","@graph":[{"@type":"WebPage","@id":"https:\/\/help.jamk.fi\/asianhallinta\/fi\/11-asianhallinta\/uuden-asiakirjan-luominen-toimenpiteelle-2\/","url":"https:\/\/help.jamk.fi\/asianhallinta\/fi\/11-asianhallinta\/uuden-asiakirjan-luominen-toimenpiteelle-2\/","name":"Uuden Tweb-asiakirjan luominen asialle - Asianhallinta","isPartOf":{"@id":"https:\/\/help.jamk.fi\/asianhallinta\/#website"},"primaryImageOfPage":{"@id":"https:\/\/help.jamk.fi\/asianhallinta\/fi\/11-asianhallinta\/uuden-asiakirjan-luominen-toimenpiteelle-2\/#primaryimage"},"image":{"@id":"https:\/\/help.jamk.fi\/asianhallinta\/fi\/11-asianhallinta\/uuden-asiakirjan-luominen-toimenpiteelle-2\/#primaryimage"},"thumbnailUrl":"https:\/\/help.jamk.fi\/asianhallinta\/wp-content\/uploads\/sites\/53\/2023\/07\/Asiakirjat_valilehti_luo-1024x323.jpg","datePublished":"2015-11-24T08:25:28+00:00","dateModified":"2023-12-19T10:51:09+00:00","breadcrumb":{"@id":"https:\/\/help.jamk.fi\/asianhallinta\/fi\/11-asianhallinta\/uuden-asiakirjan-luominen-toimenpiteelle-2\/#breadcrumb"},"inLanguage":"fi","potentialAction":[{"@type":"ReadAction","target":["https:\/\/help.jamk.fi\/asianhallinta\/fi\/11-asianhallinta\/uuden-asiakirjan-luominen-toimenpiteelle-2\/"]}]},{"@type":"ImageObject","inLanguage":"fi","@id":"https:\/\/help.jamk.fi\/asianhallinta\/fi\/11-asianhallinta\/uuden-asiakirjan-luominen-toimenpiteelle-2\/#primaryimage","url":"https:\/\/help.jamk.fi\/asianhallinta\/wp-content\/uploads\/sites\/53\/2023\/07\/Asiakirjat_valilehti_luo.jpg","contentUrl":"https:\/\/help.jamk.fi\/asianhallinta\/wp-content\/uploads\/sites\/53\/2023\/07\/Asiakirjat_valilehti_luo.jpg","width":1224,"height":386,"caption":"Asian Asiakirjat-v\u00e4lilehti"},{"@type":"BreadcrumbList","@id":"https:\/\/help.jamk.fi\/asianhallinta\/fi\/11-asianhallinta\/uuden-asiakirjan-luominen-toimenpiteelle-2\/#breadcrumb","itemListElement":[{"@type":"ListItem","position":1,"name":"Etusivu","item":"https:\/\/help.jamk.fi\/asianhallinta\/"},{"@type":"ListItem","position":2,"name":"2 Asianhallinta","item":"https:\/\/help.jamk.fi\/asianhallinta\/fi\/11-asianhallinta\/"},{"@type":"ListItem","position":3,"name":"Uuden Tweb-asiakirjan luominen asialle"}]},{"@type":"WebSite","@id":"https:\/\/help.jamk.fi\/asianhallinta\/#website","url":"https:\/\/help.jamk.fi\/asianhallinta\/","name":"Asianhallinta","description":"","potentialAction":[{"@type":"SearchAction","target":{"@type":"EntryPoint","urlTemplate":"https:\/\/help.jamk.fi\/asianhallinta\/?s={search_term_string}"},"query-input":{"@type":"PropertyValueSpecification","valueRequired":true,"valueName":"search_term_string"}}],"inLanguage":"fi"}]}},"_links":{"self":[{"href":"https:\/\/help.jamk.fi\/asianhallinta\/wp-json\/wp\/v2\/pages\/644","targetHints":{"allow":["GET"]}}],"collection":[{"href":"https:\/\/help.jamk.fi\/asianhallinta\/wp-json\/wp\/v2\/pages"}],"about":[{"href":"https:\/\/help.jamk.fi\/asianhallinta\/wp-json\/wp\/v2\/types\/page"}],"author":[{"embeddable":true,"href":"https:\/\/help.jamk.fi\/asianhallinta\/wp-json\/wp\/v2\/users\/94"}],"replies":[{"embeddable":true,"href":"https:\/\/help.jamk.fi\/asianhallinta\/wp-json\/wp\/v2\/comments?post=644"}],"version-history":[{"count":3,"href":"https:\/\/help.jamk.fi\/asianhallinta\/wp-json\/wp\/v2\/pages\/644\/revisions"}],"predecessor-version":[{"id":1727,"href":"https:\/\/help.jamk.fi\/asianhallinta\/wp-json\/wp\/v2\/pages\/644\/revisions\/1727"}],"up":[{"embeddable":true,"href":"https:\/\/help.jamk.fi\/asianhallinta\/wp-json\/wp\/v2\/pages\/463"}],"wp:attachment":[{"href":"https:\/\/help.jamk.fi\/asianhallinta\/wp-json\/wp\/v2\/media?parent=644"}],"wp:term":[{"taxonomy":"category","embeddable":true,"href":"https:\/\/help.jamk.fi\/asianhallinta\/wp-json\/wp\/v2\/categories?post=644"},{"taxonomy":"post_tag","embeddable":true,"href":"https:\/\/help.jamk.fi\/asianhallinta\/wp-json\/wp\/v2\/tags?post=644"}],"curies":[{"name":"wp","href":"https:\/\/api.w.org\/{rel}","templated":true}]}}