{"id":655,"date":"2015-11-24T11:56:30","date_gmt":"2015-11-24T09:56:30","guid":{"rendered":"https:\/\/help.jamk.fi\/asiakirjahallinto\/esimerkkisivu\/julkinen-vai-salassapidettava\/kayttooikeuksien-lisays-ja-poistopyynto-halko\/"},"modified":"2024-01-23T15:30:31","modified_gmt":"2024-01-23T13:30:31","slug":"kayttooikeuksien-lisays-ja-poistopyynto-halko","status":"publish","type":"page","link":"https:\/\/help.jamk.fi\/asianhallinta\/fi\/julkinen-vai-salassapidettava\/kayttooikeuksien-lisays-ja-poistopyynto-halko\/","title":{"rendered":"K\u00e4ytt\u00f6oikeuksien lis\u00e4ys- ja poistopyynt\u00f6 (HALKO)"},"content":{"rendered":"\n<h2 class=\"wp-block-heading\">Kaikki Twebin k\u00e4ytt\u00f6oikeuksiin liittyv\u00e4t lis\u00e4ys- ja muutospyynn\u00f6t tehd\u00e4\u00e4n HALKO-lomakkeen kautta.<\/h2>\n\n\n<div id=\"link-lifts-block_c3e9bf487e19ab3fc627d41b00077d12\" class=\"link-lifts block-link-lifts\">\n  <div class=\"row\">\n            <div class=\"col-12 col-lg-4 block-link-lifts__column\">\n          <div class=\"block-link-lifts__item lilac\">\n            <h3 class=\"block-link-lifts__item--heading\">Ohjeet Twebin k\u00e4ytt\u00f6oikeuksien lis\u00e4ys- ja poistopyynt\u00f6jen tekemiseen<\/h3>\n                          <ul class=\"block-link-lifts__item--link-list\">\n                                                                        <li>\n                                              <a class=\"link-list lock\" href=\"https:\/\/jamkstudent.sharepoint.com\/sites\/ICT-palvelut-Elmo\/SitePages\/Kayttooikeuksien-hakeminen.aspx\" target=\"_self\" >K\u00e4ytt\u00f6oikeuksien hakemisen ohjeet ja lomakkeet (Intra)<i  ><svg aria-hidden=\"true\" viewBox=\"0 0 24 24\" fill=\"none\" xmlns=\"http:\/\/www.w3.org\/2000\/svg\"><g clip-path=\"url(#clip0_1574_4368)\"><circle cx=\"12\" cy=\"12\" r=\"12\" fill=\"#0D004C\"\/><g clip-path=\"url(#clip1_1574_4368)\" fill=\"#fff\"><path d=\"M15.637 11.107v-2.68c0-1.967-1.632-3.57-3.637-3.57S8.363 6.46 8.363 8.43v2.68c-.752 0-1.363.6-1.363 1.338v5.357c0 .739.613 1.339 1.363 1.339h7.272c.752 0 1.363-.6 1.363-1.34v-5.356c0-.738-.61-1.339-1.363-1.339l.002-.001zM9.272 8.429c0-1.477 1.224-2.68 2.728-2.68 1.504 0 2.728 1.201 2.728 2.68v2.68H9.272v-2.68zm6.818 9.375a.451.451 0 01-.455.446H8.363a.45.45 0 01-.454-.446v-5.357a.45.45 0 01.454-.446h7.272c.251 0 .455.2.455.446v5.357z\"\/><path d=\"M12 13.34c-.503 0-.91.4-.91.892 0 .33.185.615.455.77v1.017a.45.45 0 00.455.446.45.45 0 00.454-.446v-1.017a.887.887 0 00.454-.77.902.902 0 00-.908-.892z\"\/><\/g><\/g><defs><clipPath id=\"clip0_1574_4368\"><path fill=\"#fff\" d=\"M0 0h24v24H0z\"\/><\/clipPath><clipPath id=\"clip1_1574_4368\"><path fill=\"#fff\" transform=\"translate(7 4.857)\" d=\"M0 0h10v14.286H0z\"\/><\/clipPath><\/defs><\/svg><\/i><\/a>\n                                          <\/li>\n                                                                                          <li>\n                                              <a class=\"link-list lock\" href=\"https:\/\/panopto.jamk.fi\/Panopto\/Pages\/Viewer.aspx?id=1e08eae8-eeee-466a-98be-ab97008c2a76\" target=\"_self\" >Video-ohje: K\u00e4ytt\u00f6oikeuden lis\u00e4yspyynn\u00f6n tekeminen (Panopto)<i  ><svg aria-hidden=\"true\" viewBox=\"0 0 24 24\" fill=\"none\" xmlns=\"http:\/\/www.w3.org\/2000\/svg\"><g clip-path=\"url(#clip0_1574_4368)\"><circle cx=\"12\" cy=\"12\" r=\"12\" fill=\"#0D004C\"\/><g clip-path=\"url(#clip1_1574_4368)\" fill=\"#fff\"><path d=\"M15.637 11.107v-2.68c0-1.967-1.632-3.57-3.637-3.57S8.363 6.46 8.363 8.43v2.68c-.752 0-1.363.6-1.363 1.338v5.357c0 .739.613 1.339 1.363 1.339h7.272c.752 0 1.363-.6 1.363-1.34v-5.356c0-.738-.61-1.339-1.363-1.339l.002-.001zM9.272 8.429c0-1.477 1.224-2.68 2.728-2.68 1.504 0 2.728 1.201 2.728 2.68v2.68H9.272v-2.68zm6.818 9.375a.451.451 0 01-.455.446H8.363a.45.45 0 01-.454-.446v-5.357a.45.45 0 01.454-.446h7.272c.251 0 .455.2.455.446v5.357z\"\/><path d=\"M12 13.34c-.503 0-.91.4-.91.892 0 .33.185.615.455.77v1.017a.45.45 0 00.455.446.45.45 0 00.454-.446v-1.017a.887.887 0 00.454-.77.902.902 0 00-.908-.892z\"\/><\/g><\/g><defs><clipPath id=\"clip0_1574_4368\"><path fill=\"#fff\" d=\"M0 0h24v24H0z\"\/><\/clipPath><clipPath id=\"clip1_1574_4368\"><path fill=\"#fff\" transform=\"translate(7 4.857)\" d=\"M0 0h10v14.286H0z\"\/><\/clipPath><\/defs><\/svg><\/i><\/a>\n                                          <\/li>\n                                                <\/ul>\n            \n          <\/div>\n        <\/div>\n      <\/div>\n<\/div>","protected":false},"excerpt":{"rendered":"<p>Kaikki Twebin k\u00e4ytt\u00f6oikeuksiin liittyv\u00e4t lis\u00e4ys- ja muutospyynn\u00f6t tehd\u00e4\u00e4n HALKO-lomakkeen kautta.<\/p>\n","protected":false},"author":94,"featured_media":0,"parent":173,"menu_order":752,"comment_status":"open","ping_status":"closed","template":"","meta":{"_acf_changed":false,"_relevanssi_hide_post":"","_relevanssi_hide_content":"","_relevanssi_pin_for_all":"","_relevanssi_pin_keywords":"","_relevanssi_unpin_keywords":"","_relevanssi_related_keywords":"","_relevanssi_related_include_ids":"","_relevanssi_related_exclude_ids":"","_relevanssi_related_no_append":"","_relevanssi_related_not_related":"","_relevanssi_related_posts":"","_relevanssi_noindex_reason":"","footnotes":""},"categories":[],"tags":[647,649,467,651,653,655],"class_list":["post-655","page","type-page","status-publish","hentry","tag-halko-fi","tag-idm-fi","tag-kayttooikeus-fi","tag-lisays-fi","tag-muutos-fi","tag-poisto-fi"],"acf":[],"yoast_head":"<!-- This site is optimized with the Yoast SEO plugin v27.3 - https:\/\/yoast.com\/product\/yoast-seo-wordpress\/ -->\n<title>K\u00e4ytt\u00f6oikeuksien lis\u00e4ys- ja poistopyynt\u00f6 (HALKO) - Asianhallinta<\/title>\n<meta name=\"robots\" content=\"index, follow, max-snippet:-1, max-image-preview:large, max-video-preview:-1\" \/>\n<link rel=\"canonical\" href=\"https:\/\/help.jamk.fi\/asianhallinta\/fi\/julkinen-vai-salassapidettava\/kayttooikeuksien-lisays-ja-poistopyynto-halko\/\" \/>\n<meta property=\"og:locale\" content=\"fi_FI\" \/>\n<meta property=\"og:type\" content=\"article\" \/>\n<meta property=\"og:title\" content=\"K\u00e4ytt\u00f6oikeuksien lis\u00e4ys- ja poistopyynt\u00f6 (HALKO) - Asianhallinta\" \/>\n<meta property=\"og:description\" content=\"Kaikki Twebin k\u00e4ytt\u00f6oikeuksiin liittyv\u00e4t lis\u00e4ys- ja muutospyynn\u00f6t tehd\u00e4\u00e4n HALKO-lomakkeen kautta.\" \/>\n<meta property=\"og:url\" content=\"https:\/\/help.jamk.fi\/asianhallinta\/fi\/julkinen-vai-salassapidettava\/kayttooikeuksien-lisays-ja-poistopyynto-halko\/\" \/>\n<meta property=\"og:site_name\" content=\"Asianhallinta\" \/>\n<meta property=\"article:modified_time\" content=\"2024-01-23T13:30:31+00:00\" \/>\n<meta name=\"twitter:card\" content=\"summary_large_image\" \/>\n<meta name=\"twitter:label1\" content=\"Arvioitu lukuaika\" \/>\n\t<meta name=\"twitter:data1\" content=\"1 minuutti\" \/>\n<script type=\"application\/ld+json\" class=\"yoast-schema-graph\">{\"@context\":\"https:\\\/\\\/schema.org\",\"@graph\":[{\"@type\":\"WebPage\",\"@id\":\"https:\\\/\\\/help.jamk.fi\\\/asianhallinta\\\/fi\\\/julkinen-vai-salassapidettava\\\/kayttooikeuksien-lisays-ja-poistopyynto-halko\\\/\",\"url\":\"https:\\\/\\\/help.jamk.fi\\\/asianhallinta\\\/fi\\\/julkinen-vai-salassapidettava\\\/kayttooikeuksien-lisays-ja-poistopyynto-halko\\\/\",\"name\":\"K\u00e4ytt\u00f6oikeuksien lis\u00e4ys- ja poistopyynt\u00f6 (HALKO) - Asianhallinta\",\"isPartOf\":{\"@id\":\"https:\\\/\\\/help.jamk.fi\\\/asianhallinta\\\/#website\"},\"datePublished\":\"2015-11-24T09:56:30+00:00\",\"dateModified\":\"2024-01-23T13:30:31+00:00\",\"breadcrumb\":{\"@id\":\"https:\\\/\\\/help.jamk.fi\\\/asianhallinta\\\/fi\\\/julkinen-vai-salassapidettava\\\/kayttooikeuksien-lisays-ja-poistopyynto-halko\\\/#breadcrumb\"},\"inLanguage\":\"fi\",\"potentialAction\":[{\"@type\":\"ReadAction\",\"target\":[\"https:\\\/\\\/help.jamk.fi\\\/asianhallinta\\\/fi\\\/julkinen-vai-salassapidettava\\\/kayttooikeuksien-lisays-ja-poistopyynto-halko\\\/\"]}]},{\"@type\":\"BreadcrumbList\",\"@id\":\"https:\\\/\\\/help.jamk.fi\\\/asianhallinta\\\/fi\\\/julkinen-vai-salassapidettava\\\/kayttooikeuksien-lisays-ja-poistopyynto-halko\\\/#breadcrumb\",\"itemListElement\":[{\"@type\":\"ListItem\",\"position\":1,\"name\":\"Etusivu\",\"item\":\"https:\\\/\\\/help.jamk.fi\\\/asianhallinta\\\/\"},{\"@type\":\"ListItem\",\"position\":2,\"name\":\"7 Julkinen vai salassa pidett\u00e4v\u00e4?\",\"item\":\"https:\\\/\\\/help.jamk.fi\\\/asianhallinta\\\/fi\\\/julkinen-vai-salassapidettava\\\/\"},{\"@type\":\"ListItem\",\"position\":3,\"name\":\"K\u00e4ytt\u00f6oikeuksien lis\u00e4ys- ja poistopyynt\u00f6 (HALKO)\"}]},{\"@type\":\"WebSite\",\"@id\":\"https:\\\/\\\/help.jamk.fi\\\/asianhallinta\\\/#website\",\"url\":\"https:\\\/\\\/help.jamk.fi\\\/asianhallinta\\\/\",\"name\":\"Asianhallinta\",\"description\":\"\",\"potentialAction\":[{\"@type\":\"SearchAction\",\"target\":{\"@type\":\"EntryPoint\",\"urlTemplate\":\"https:\\\/\\\/help.jamk.fi\\\/asianhallinta\\\/?s={search_term_string}\"},\"query-input\":{\"@type\":\"PropertyValueSpecification\",\"valueRequired\":true,\"valueName\":\"search_term_string\"}}],\"inLanguage\":\"fi\"}]}<\/script>\n<!-- \/ Yoast SEO plugin. -->","yoast_head_json":{"title":"K\u00e4ytt\u00f6oikeuksien lis\u00e4ys- ja poistopyynt\u00f6 (HALKO) - Asianhallinta","robots":{"index":"index","follow":"follow","max-snippet":"max-snippet:-1","max-image-preview":"max-image-preview:large","max-video-preview":"max-video-preview:-1"},"canonical":"https:\/\/help.jamk.fi\/asianhallinta\/fi\/julkinen-vai-salassapidettava\/kayttooikeuksien-lisays-ja-poistopyynto-halko\/","og_locale":"fi_FI","og_type":"article","og_title":"K\u00e4ytt\u00f6oikeuksien lis\u00e4ys- ja poistopyynt\u00f6 (HALKO) - Asianhallinta","og_description":"Kaikki Twebin k\u00e4ytt\u00f6oikeuksiin liittyv\u00e4t lis\u00e4ys- ja muutospyynn\u00f6t tehd\u00e4\u00e4n HALKO-lomakkeen kautta.","og_url":"https:\/\/help.jamk.fi\/asianhallinta\/fi\/julkinen-vai-salassapidettava\/kayttooikeuksien-lisays-ja-poistopyynto-halko\/","og_site_name":"Asianhallinta","article_modified_time":"2024-01-23T13:30:31+00:00","twitter_card":"summary_large_image","twitter_misc":{"Arvioitu lukuaika":"1 minuutti"},"schema":{"@context":"https:\/\/schema.org","@graph":[{"@type":"WebPage","@id":"https:\/\/help.jamk.fi\/asianhallinta\/fi\/julkinen-vai-salassapidettava\/kayttooikeuksien-lisays-ja-poistopyynto-halko\/","url":"https:\/\/help.jamk.fi\/asianhallinta\/fi\/julkinen-vai-salassapidettava\/kayttooikeuksien-lisays-ja-poistopyynto-halko\/","name":"K\u00e4ytt\u00f6oikeuksien lis\u00e4ys- ja poistopyynt\u00f6 (HALKO) - Asianhallinta","isPartOf":{"@id":"https:\/\/help.jamk.fi\/asianhallinta\/#website"},"datePublished":"2015-11-24T09:56:30+00:00","dateModified":"2024-01-23T13:30:31+00:00","breadcrumb":{"@id":"https:\/\/help.jamk.fi\/asianhallinta\/fi\/julkinen-vai-salassapidettava\/kayttooikeuksien-lisays-ja-poistopyynto-halko\/#breadcrumb"},"inLanguage":"fi","potentialAction":[{"@type":"ReadAction","target":["https:\/\/help.jamk.fi\/asianhallinta\/fi\/julkinen-vai-salassapidettava\/kayttooikeuksien-lisays-ja-poistopyynto-halko\/"]}]},{"@type":"BreadcrumbList","@id":"https:\/\/help.jamk.fi\/asianhallinta\/fi\/julkinen-vai-salassapidettava\/kayttooikeuksien-lisays-ja-poistopyynto-halko\/#breadcrumb","itemListElement":[{"@type":"ListItem","position":1,"name":"Etusivu","item":"https:\/\/help.jamk.fi\/asianhallinta\/"},{"@type":"ListItem","position":2,"name":"7 Julkinen vai salassa pidett\u00e4v\u00e4?","item":"https:\/\/help.jamk.fi\/asianhallinta\/fi\/julkinen-vai-salassapidettava\/"},{"@type":"ListItem","position":3,"name":"K\u00e4ytt\u00f6oikeuksien lis\u00e4ys- ja poistopyynt\u00f6 (HALKO)"}]},{"@type":"WebSite","@id":"https:\/\/help.jamk.fi\/asianhallinta\/#website","url":"https:\/\/help.jamk.fi\/asianhallinta\/","name":"Asianhallinta","description":"","potentialAction":[{"@type":"SearchAction","target":{"@type":"EntryPoint","urlTemplate":"https:\/\/help.jamk.fi\/asianhallinta\/?s={search_term_string}"},"query-input":{"@type":"PropertyValueSpecification","valueRequired":true,"valueName":"search_term_string"}}],"inLanguage":"fi"}]}},"_links":{"self":[{"href":"https:\/\/help.jamk.fi\/asianhallinta\/wp-json\/wp\/v2\/pages\/655","targetHints":{"allow":["GET"]}}],"collection":[{"href":"https:\/\/help.jamk.fi\/asianhallinta\/wp-json\/wp\/v2\/pages"}],"about":[{"href":"https:\/\/help.jamk.fi\/asianhallinta\/wp-json\/wp\/v2\/types\/page"}],"author":[{"embeddable":true,"href":"https:\/\/help.jamk.fi\/asianhallinta\/wp-json\/wp\/v2\/users\/94"}],"replies":[{"embeddable":true,"href":"https:\/\/help.jamk.fi\/asianhallinta\/wp-json\/wp\/v2\/comments?post=655"}],"version-history":[{"count":6,"href":"https:\/\/help.jamk.fi\/asianhallinta\/wp-json\/wp\/v2\/pages\/655\/revisions"}],"predecessor-version":[{"id":1875,"href":"https:\/\/help.jamk.fi\/asianhallinta\/wp-json\/wp\/v2\/pages\/655\/revisions\/1875"}],"up":[{"embeddable":true,"href":"https:\/\/help.jamk.fi\/asianhallinta\/wp-json\/wp\/v2\/pages\/173"}],"wp:attachment":[{"href":"https:\/\/help.jamk.fi\/asianhallinta\/wp-json\/wp\/v2\/media?parent=655"}],"wp:term":[{"taxonomy":"category","embeddable":true,"href":"https:\/\/help.jamk.fi\/asianhallinta\/wp-json\/wp\/v2\/categories?post=655"},{"taxonomy":"post_tag","embeddable":true,"href":"https:\/\/help.jamk.fi\/asianhallinta\/wp-json\/wp\/v2\/tags?post=655"}],"curies":[{"name":"wp","href":"https:\/\/api.w.org\/{rel}","templated":true}]}}