{"id":77,"date":"2012-12-12T07:39:26","date_gmt":"2012-12-12T05:39:26","guid":{"rendered":"https:\/\/help.jamk.fi\/asiakirjahallinto\/esimerkkisivu\/"},"modified":"2026-02-24T15:56:35","modified_gmt":"2026-02-24T13:56:35","slug":"esimerkkisivu","status":"publish","type":"page","link":"https:\/\/help.jamk.fi\/asianhallinta\/fi\/esimerkkisivu\/","title":{"rendered":"Asianhallinta ja asiakirjahallinta &#8211; Tweb"},"content":{"rendered":"\n<div id=\"text-column-block_40ce8e9a1ea570d5891c0a947528cbd2\" class=\"text-column block-text-column\">\n  <div class=\"block-text-column__wrapper\">\n                  <div class=\"row block-text-column__column-section\">\n          <div class=\"col-12 col-md-5 block-text-column__column-section--column\">\n            <div class=\"block-text-column__column-section--title-wrap\">\n                              <h2 class=\"\">Tweb<\/h2>\n                          <\/div>\n          <\/div>\n          <div class=\"col-12 col-md-7 block-text-column__column-section--column\">\n                          <div class=\"block-text-column__column-section--text_area\">\n                <p><!-- wp:paragraph --><\/p>\n<p>Tweb on Jamkin selaink\u00e4ytt\u00f6inen asianhallintaj\u00e4rjestelm\u00e4, jossa voidaan k\u00e4sitell\u00e4 sek\u00e4 Jamkissa laadittuja ett\u00e4 muualta saapuneita asiakirjallisia tietoja. Tweb mahdollistaa asiakirjallisen tiedon hallinnan koko sen elinkaaren ajan aina sen laatimisesta h\u00e4vitt\u00e4miseen\/s\u00e4ilytt\u00e4miseen. Se on siis enemm\u00e4n, kuin pelkk\u00e4 dokumentinhallintaj\u00e4rjestelm\u00e4.<\/p>\n<p><!-- \/wp:paragraph --> <!-- wp:paragraph --><\/p>\n<p>Se mit\u00e4 tietoja Twebiss\u00e4 k\u00e4sitell\u00e4\u00e4n, m\u00e4\u00e4r\u00e4ytyy tiedonohjaussuunnitelman (TOS) mukaan. TOSsin rakenne n\u00e4kyy Twebiss\u00e4 mm. asiakirjan tyyppi\u00e4 valittaessa. Lis\u00e4\u00e4 TOSista ja muusta asiakirjahallintoon liittyv\u00e4st\u00e4 l\u00f6yd\u00e4t Jamkin intrasta.<\/p>\n<p><!-- \/wp:paragraph --> <!-- wp:paragraph --><\/p>\n<p><strong>Huom!<\/strong> Tweb toimii vain Jamkin sis\u00e4verkossa.\u00a0\u00a0<a href=\"https:\/\/help.jamk.fi\/asianhallinta\/fi\/etakaytto\/\" target=\"_blank\" rel=\"noreferrer noopener\">Lue lis\u00e4\u00e4, miten voit k\u00e4ytt\u00e4\u00e4 Twebi\u00e4 Jamkin verkon ulkopuolelta et\u00e4yhteyden avulla.<\/a><\/p>\n<p><!-- \/wp:paragraph --><\/p>\n              <\/div>\n                      <\/div>\n        <\/div>\n            <\/div>\n<\/div>\n\n<div id=\"link-lifts-block_873eb2cbda561cc30a77f66c62269392\" class=\"link-lifts block-link-lifts\">\n  <div class=\"row\">\n            <div class=\"col-12 col-lg-4 block-link-lifts__column\">\n          <div class=\"block-link-lifts__item lilac\">\n            <h3 class=\"block-link-lifts__item--heading\">Pikalinkit<\/h3>\n                          <ul class=\"block-link-lifts__item--link-list\">\n                                                                        <li>\n                                              <a class=\"link-list\" href=\"https:\/\/jamkstudent.sharepoint.com\/sites\/Asiakirjahallinto-Elmo\" target=\"_self\">Asiakirjahallinnon sivut Jamkin intrassa<\/a>\n                                          <\/li>\n                                                                                          <li>\n                                              <a class=\"link-list\" href=\"https:\/\/asiakirjanhallinta.jamk.fi\/\" target=\"_self\">Kirjaudu Twebiin (vain Jamkin sis\u00e4verkossa)<\/a>\n                                          <\/li>\n                                                                                          <li>\n                                              <a class=\"link-list\" href=\"https:\/\/help.jamk.fi\/sahkoinen-allekirjoitus\/fi\/\" target=\"_self\">S\u00e4hk\u00f6inen allekirjoitus (Jamk Sign)<\/a>\n                                          <\/li>\n                                                                                          <li>\n                                              <a class=\"link-list\" href=\"https:\/\/help.jamk.fi\/tietosuoja\/fi\/yleishallinto\/tietosuojaseloste-asianhallinta\/\" target=\"_self\">Tietosuojaseloste (Tweb)<\/a>\n                                          <\/li>\n                                                <\/ul>\n            \n          <\/div>\n        <\/div>\n      <\/div>\n<\/div>","protected":false},"excerpt":{"rendered":"","protected":false},"author":94,"featured_media":0,"parent":0,"menu_order":0,"comment_status":"closed","ping_status":"closed","template":"templates\/template-full-width.php","meta":{"_acf_changed":false,"_relevanssi_hide_post":"","_relevanssi_hide_content":"","_relevanssi_pin_for_all":"","_relevanssi_pin_keywords":"tweb, asiakirjahallinta, asianhallinta, ","_relevanssi_unpin_keywords":"","_relevanssi_related_keywords":"","_relevanssi_related_include_ids":"","_relevanssi_related_exclude_ids":"","_relevanssi_related_no_append":"","_relevanssi_related_not_related":"","_relevanssi_related_posts":"36,30,15,18,33,9","_relevanssi_noindex_reason":"","footnotes":""},"categories":[],"tags":[443,75,81,15,21,445,27,39],"class_list":["post-77","page","type-page","status-publish","hentry","tag-asia-fi","tag-asiakirja","tag-asiakirjahallinta","tag-asiakirjahallinto","tag-asianhallinta","tag-dokumentinhallinta-fi","tag-dokumentti","tag-tweb"],"acf":[],"yoast_head":"<!-- This site is optimized with the Yoast SEO plugin v27.3 - https:\/\/yoast.com\/product\/yoast-seo-wordpress\/ -->\n<title>Asianhallinta ja asiakirjahallinta - Tweb - Asianhallinta<\/title>\n<meta name=\"robots\" content=\"index, follow, max-snippet:-1, max-image-preview:large, max-video-preview:-1\" \/>\n<link rel=\"canonical\" href=\"https:\/\/help.jamk.fi\/asianhallinta\/fi\/esimerkkisivu\/\" \/>\n<meta property=\"og:locale\" content=\"fi_FI\" \/>\n<meta property=\"og:type\" content=\"article\" \/>\n<meta property=\"og:title\" content=\"Asianhallinta ja asiakirjahallinta - Tweb - Asianhallinta\" \/>\n<meta property=\"og:url\" content=\"https:\/\/help.jamk.fi\/asianhallinta\/fi\/esimerkkisivu\/\" \/>\n<meta property=\"og:site_name\" content=\"Asianhallinta\" \/>\n<meta property=\"article:modified_time\" content=\"2026-02-24T13:56:35+00:00\" \/>\n<meta name=\"twitter:card\" content=\"summary_large_image\" \/>\n<script type=\"application\/ld+json\" class=\"yoast-schema-graph\">{\"@context\":\"https:\\\/\\\/schema.org\",\"@graph\":[{\"@type\":\"WebPage\",\"@id\":\"https:\\\/\\\/help.jamk.fi\\\/asianhallinta\\\/fi\\\/esimerkkisivu\\\/\",\"url\":\"https:\\\/\\\/help.jamk.fi\\\/asianhallinta\\\/fi\\\/esimerkkisivu\\\/\",\"name\":\"Asianhallinta ja asiakirjahallinta - Tweb - Asianhallinta\",\"isPartOf\":{\"@id\":\"https:\\\/\\\/help.jamk.fi\\\/asianhallinta\\\/#website\"},\"datePublished\":\"2012-12-12T05:39:26+00:00\",\"dateModified\":\"2026-02-24T13:56:35+00:00\",\"breadcrumb\":{\"@id\":\"https:\\\/\\\/help.jamk.fi\\\/asianhallinta\\\/fi\\\/esimerkkisivu\\\/#breadcrumb\"},\"inLanguage\":\"fi\",\"potentialAction\":[{\"@type\":\"ReadAction\",\"target\":[\"https:\\\/\\\/help.jamk.fi\\\/asianhallinta\\\/fi\\\/esimerkkisivu\\\/\"]}]},{\"@type\":\"BreadcrumbList\",\"@id\":\"https:\\\/\\\/help.jamk.fi\\\/asianhallinta\\\/fi\\\/esimerkkisivu\\\/#breadcrumb\",\"itemListElement\":[{\"@type\":\"ListItem\",\"position\":1,\"name\":\"Etusivu\",\"item\":\"https:\\\/\\\/help.jamk.fi\\\/asianhallinta\\\/\"},{\"@type\":\"ListItem\",\"position\":2,\"name\":\"Asianhallinta ja asiakirjahallinta &#8211; Tweb\"}]},{\"@type\":\"WebSite\",\"@id\":\"https:\\\/\\\/help.jamk.fi\\\/asianhallinta\\\/#website\",\"url\":\"https:\\\/\\\/help.jamk.fi\\\/asianhallinta\\\/\",\"name\":\"Asianhallinta\",\"description\":\"\",\"potentialAction\":[{\"@type\":\"SearchAction\",\"target\":{\"@type\":\"EntryPoint\",\"urlTemplate\":\"https:\\\/\\\/help.jamk.fi\\\/asianhallinta\\\/?s={search_term_string}\"},\"query-input\":{\"@type\":\"PropertyValueSpecification\",\"valueRequired\":true,\"valueName\":\"search_term_string\"}}],\"inLanguage\":\"fi\"}]}<\/script>\n<!-- \/ Yoast SEO plugin. -->","yoast_head_json":{"title":"Asianhallinta ja asiakirjahallinta - Tweb - Asianhallinta","robots":{"index":"index","follow":"follow","max-snippet":"max-snippet:-1","max-image-preview":"max-image-preview:large","max-video-preview":"max-video-preview:-1"},"canonical":"https:\/\/help.jamk.fi\/asianhallinta\/fi\/esimerkkisivu\/","og_locale":"fi_FI","og_type":"article","og_title":"Asianhallinta ja asiakirjahallinta - Tweb - Asianhallinta","og_url":"https:\/\/help.jamk.fi\/asianhallinta\/fi\/esimerkkisivu\/","og_site_name":"Asianhallinta","article_modified_time":"2026-02-24T13:56:35+00:00","twitter_card":"summary_large_image","schema":{"@context":"https:\/\/schema.org","@graph":[{"@type":"WebPage","@id":"https:\/\/help.jamk.fi\/asianhallinta\/fi\/esimerkkisivu\/","url":"https:\/\/help.jamk.fi\/asianhallinta\/fi\/esimerkkisivu\/","name":"Asianhallinta ja asiakirjahallinta - Tweb - Asianhallinta","isPartOf":{"@id":"https:\/\/help.jamk.fi\/asianhallinta\/#website"},"datePublished":"2012-12-12T05:39:26+00:00","dateModified":"2026-02-24T13:56:35+00:00","breadcrumb":{"@id":"https:\/\/help.jamk.fi\/asianhallinta\/fi\/esimerkkisivu\/#breadcrumb"},"inLanguage":"fi","potentialAction":[{"@type":"ReadAction","target":["https:\/\/help.jamk.fi\/asianhallinta\/fi\/esimerkkisivu\/"]}]},{"@type":"BreadcrumbList","@id":"https:\/\/help.jamk.fi\/asianhallinta\/fi\/esimerkkisivu\/#breadcrumb","itemListElement":[{"@type":"ListItem","position":1,"name":"Etusivu","item":"https:\/\/help.jamk.fi\/asianhallinta\/"},{"@type":"ListItem","position":2,"name":"Asianhallinta ja asiakirjahallinta &#8211; Tweb"}]},{"@type":"WebSite","@id":"https:\/\/help.jamk.fi\/asianhallinta\/#website","url":"https:\/\/help.jamk.fi\/asianhallinta\/","name":"Asianhallinta","description":"","potentialAction":[{"@type":"SearchAction","target":{"@type":"EntryPoint","urlTemplate":"https:\/\/help.jamk.fi\/asianhallinta\/?s={search_term_string}"},"query-input":{"@type":"PropertyValueSpecification","valueRequired":true,"valueName":"search_term_string"}}],"inLanguage":"fi"}]}},"_links":{"self":[{"href":"https:\/\/help.jamk.fi\/asianhallinta\/wp-json\/wp\/v2\/pages\/77","targetHints":{"allow":["GET"]}}],"collection":[{"href":"https:\/\/help.jamk.fi\/asianhallinta\/wp-json\/wp\/v2\/pages"}],"about":[{"href":"https:\/\/help.jamk.fi\/asianhallinta\/wp-json\/wp\/v2\/types\/page"}],"author":[{"embeddable":true,"href":"https:\/\/help.jamk.fi\/asianhallinta\/wp-json\/wp\/v2\/users\/94"}],"replies":[{"embeddable":true,"href":"https:\/\/help.jamk.fi\/asianhallinta\/wp-json\/wp\/v2\/comments?post=77"}],"version-history":[{"count":75,"href":"https:\/\/help.jamk.fi\/asianhallinta\/wp-json\/wp\/v2\/pages\/77\/revisions"}],"predecessor-version":[{"id":1938,"href":"https:\/\/help.jamk.fi\/asianhallinta\/wp-json\/wp\/v2\/pages\/77\/revisions\/1938"}],"wp:attachment":[{"href":"https:\/\/help.jamk.fi\/asianhallinta\/wp-json\/wp\/v2\/media?parent=77"}],"wp:term":[{"taxonomy":"category","embeddable":true,"href":"https:\/\/help.jamk.fi\/asianhallinta\/wp-json\/wp\/v2\/categories?post=77"},{"taxonomy":"post_tag","embeddable":true,"href":"https:\/\/help.jamk.fi\/asianhallinta\/wp-json\/wp\/v2\/tags?post=77"}],"curies":[{"name":"wp","href":"https:\/\/api.w.org\/{rel}","templated":true}]}}