{"id":781,"date":"2017-04-26T06:09:53","date_gmt":"2017-04-26T03:09:53","guid":{"rendered":"https:\/\/help.jamk.fi\/asiakirjahallinto\/esimerkkisivu\/11-asianhallinta\/asian-paattaminen\/"},"modified":"2024-01-22T14:30:16","modified_gmt":"2024-01-22T12:30:16","slug":"asian-paattaminen","status":"publish","type":"page","link":"https:\/\/help.jamk.fi\/asianhallinta\/fi\/11-asianhallinta\/asian-paattaminen\/","title":{"rendered":"Asian p\u00e4\u00e4tt\u00e4minen"},"content":{"rendered":"\n<p>Kun asian k\u00e4sittely p\u00e4\u00e4ttyy eik\u00e4 asialle liitet\u00e4 en\u00e4\u00e4 uusia asiakirjoja, tulee asia p\u00e4\u00e4tt\u00e4\u00e4 eli merkit\u00e4 valmiiksi. P\u00e4\u00e4tetylle asialle ei voi en\u00e4\u00e4 tehd\u00e4 toimenpiteit\u00e4 eik\u00e4 siihen voi en\u00e4\u00e4 liitt\u00e4\u00e4 asiakirjoja. Asian voi aina ottaa uudelleen k\u00e4ytt\u00f6\u00f6n perustellusta syyst\u00e4 eli vireillesaattaa uudelleen.<\/p>\n\n\n\n<h2 class=\"wp-block-heading\">Asian p\u00e4\u00e4tt\u00e4minen<\/h2>\n\n\n\n<p>Valitse asia, jonka haluat p\u00e4\u00e4tt\u00e4\u00e4.<\/p>\n\n\n\n<p>Klikkaa asian etusivulla eli <em>Perustiedot<\/em>-v\u00e4lilehdell\u00e4 <em>Ratkaise ja jatka<\/em>-painiketta<\/p>\n\n\n<div class=\"wp-block-image\">\n<figure class=\"aligncenter size-large\"><img loading=\"lazy\" decoding=\"async\" width=\"1024\" height=\"622\" src=\"https:\/\/help.jamk.fi\/asianhallinta\/wp-content\/uploads\/sites\/53\/2023\/07\/Capture-2-1024x622.jpg\" alt=\"\" class=\"wp-image-1235\" srcset=\"https:\/\/help.jamk.fi\/asianhallinta\/wp-content\/uploads\/sites\/53\/2023\/07\/Capture-2-1024x622.jpg 1024w, https:\/\/help.jamk.fi\/asianhallinta\/wp-content\/uploads\/sites\/53\/2023\/07\/Capture-2-300x182.jpg 300w, https:\/\/help.jamk.fi\/asianhallinta\/wp-content\/uploads\/sites\/53\/2023\/07\/Capture-2-768x466.jpg 768w, https:\/\/help.jamk.fi\/asianhallinta\/wp-content\/uploads\/sites\/53\/2023\/07\/Capture-2.jpg 1235w\" sizes=\"auto, (max-width: 1024px) 100vw, 1024px\" \/><figcaption class=\"wp-element-caption\"><strong>Asian perustiedot -v\u00e4lilehti<\/strong><\/figcaption><\/figure>\n<\/div>\n\n\n<p>Ohjelma varmistaa, ett\u00e4 varmasti haluat p\u00e4\u00e4tt\u00e4\u00e4 asian (<em>Ok\/ Cancel<\/em>)<\/p>\n\n\n\n<p>N\u00e4kym\u00e4 siirtyy toimenpide-n\u00e4kym\u00e4\u00e4n, johon voit halutessasi kirjoittaa, miksi asia p\u00e4\u00e4tet\u00e4\u00e4n &#8211; mik\u00e4 toimenpide on tehty viimeisen\u00e4. T\u00e4m\u00e4n tiedon voit halutessasi kirjata <em>Nimike<\/em>-kentt\u00e4\u00e4n. Kyseisest\u00e4 kent\u00e4st\u00e4 voit ensin poistaa j\u00e4rjestelm\u00e4n automaattisen tekstin ja kirjoittaa sen tilalle oman tekstisi.<\/p>\n\n\n<div class=\"wp-block-image\">\n<figure class=\"aligncenter size-large\"><img loading=\"lazy\" decoding=\"async\" width=\"1024\" height=\"786\" src=\"https:\/\/help.jamk.fi\/asianhallinta\/wp-content\/uploads\/sites\/53\/2023\/07\/Capture_1-1-1024x786.jpg\" alt=\"\" class=\"wp-image-1238\" srcset=\"https:\/\/help.jamk.fi\/asianhallinta\/wp-content\/uploads\/sites\/53\/2023\/07\/Capture_1-1-1024x786.jpg 1024w, https:\/\/help.jamk.fi\/asianhallinta\/wp-content\/uploads\/sites\/53\/2023\/07\/Capture_1-1-300x230.jpg 300w, https:\/\/help.jamk.fi\/asianhallinta\/wp-content\/uploads\/sites\/53\/2023\/07\/Capture_1-1-768x590.jpg 768w, https:\/\/help.jamk.fi\/asianhallinta\/wp-content\/uploads\/sites\/53\/2023\/07\/Capture_1-1.jpg 1112w\" sizes=\"auto, (max-width: 1024px) 100vw, 1024px\" \/><figcaption class=\"wp-element-caption\"><strong>Asian toimenpide-n\u00e4kym\u00e4<\/strong><\/figcaption><\/figure>\n<\/div>\n\n\n<p>Tallenna tekem\u00e4si muutokset<\/p>\n\n\n\n<p>Klikkaa <em>Palaa<\/em> -painiketta &#8211; n\u00e4kym\u00e4 siirtyy asian toimenpiteisiin.<\/p>\n\n\n\n<p>Asia on ratkaistu.<\/p>\n","protected":false},"excerpt":{"rendered":"<p>Kun asian k\u00e4sittely p\u00e4\u00e4ttyy eik\u00e4 asialle liitet\u00e4 en\u00e4\u00e4 uusia asiakirjoja, tulee asia p\u00e4\u00e4tt\u00e4\u00e4 eli merkit\u00e4 valmiiksi. P\u00e4\u00e4tetylle asialle ei voi en\u00e4\u00e4 tehd\u00e4 toimenpiteit\u00e4 eik\u00e4 siihen voi en\u00e4\u00e4 liitt\u00e4\u00e4 asiakirjoja. Asian voi aina ottaa uudelleen k\u00e4ytt\u00f6\u00f6n perustellusta syyst\u00e4 eli vireillesaattaa uudelleen. Asian p\u00e4\u00e4tt\u00e4minen Valitse asia, jonka haluat p\u00e4\u00e4tt\u00e4\u00e4. Klikkaa asian etusivulla eli Perustiedot-v\u00e4lilehdell\u00e4 Ratkaise ja jatka-painiketta [&hellip;]<\/p>\n","protected":false},"author":94,"featured_media":0,"parent":463,"menu_order":250,"comment_status":"closed","ping_status":"closed","template":"","meta":{"_acf_changed":false,"_relevanssi_hide_post":"","_relevanssi_hide_content":"","_relevanssi_pin_for_all":"","_relevanssi_pin_keywords":"","_relevanssi_unpin_keywords":"","_relevanssi_related_keywords":"","_relevanssi_related_include_ids":"","_relevanssi_related_exclude_ids":"","_relevanssi_related_no_append":"","_relevanssi_related_not_related":"","_relevanssi_related_posts":"12,27,36,30,9,18","_relevanssi_noindex_reason":"","footnotes":""},"categories":[],"tags":[443,21,561,563,565],"class_list":["post-781","page","type-page","status-publish","hentry","tag-asia-fi","tag-asianhallinta","tag-lopetus-fi","tag-paattaminen-fi","tag-ratkaiseminen-fi"],"acf":[],"yoast_head":"<!-- This site is optimized with the Yoast SEO plugin v27.4 - https:\/\/yoast.com\/product\/yoast-seo-wordpress\/ -->\n<title>Asian p\u00e4\u00e4tt\u00e4minen - Asianhallinta<\/title>\n<meta name=\"robots\" content=\"index, follow, max-snippet:-1, max-image-preview:large, max-video-preview:-1\" \/>\n<link rel=\"canonical\" href=\"https:\/\/help.jamk.fi\/asianhallinta\/fi\/11-asianhallinta\/asian-paattaminen\/\" \/>\n<meta property=\"og:locale\" content=\"fi_FI\" \/>\n<meta property=\"og:type\" content=\"article\" \/>\n<meta property=\"og:title\" content=\"Asian p\u00e4\u00e4tt\u00e4minen - Asianhallinta\" \/>\n<meta property=\"og:description\" content=\"Kun asian k\u00e4sittely p\u00e4\u00e4ttyy eik\u00e4 asialle liitet\u00e4 en\u00e4\u00e4 uusia asiakirjoja, tulee asia p\u00e4\u00e4tt\u00e4\u00e4 eli merkit\u00e4 valmiiksi. P\u00e4\u00e4tetylle asialle ei voi en\u00e4\u00e4 tehd\u00e4 toimenpiteit\u00e4 eik\u00e4 siihen voi en\u00e4\u00e4 liitt\u00e4\u00e4 asiakirjoja. Asian voi aina ottaa uudelleen k\u00e4ytt\u00f6\u00f6n perustellusta syyst\u00e4 eli vireillesaattaa uudelleen. Asian p\u00e4\u00e4tt\u00e4minen Valitse asia, jonka haluat p\u00e4\u00e4tt\u00e4\u00e4. Klikkaa asian etusivulla eli Perustiedot-v\u00e4lilehdell\u00e4 Ratkaise ja jatka-painiketta [&hellip;]\" \/>\n<meta property=\"og:url\" content=\"https:\/\/help.jamk.fi\/asianhallinta\/fi\/11-asianhallinta\/asian-paattaminen\/\" \/>\n<meta property=\"og:site_name\" content=\"Asianhallinta\" \/>\n<meta property=\"article:modified_time\" content=\"2024-01-22T12:30:16+00:00\" \/>\n<meta property=\"og:image\" content=\"https:\/\/help.jamk.fi\/asianhallinta\/wp-content\/uploads\/sites\/53\/2023\/07\/Capture-2-1024x622.jpg\" \/>\n<meta name=\"twitter:card\" content=\"summary_large_image\" \/>\n<meta name=\"twitter:label1\" content=\"Arvioitu lukuaika\" \/>\n\t<meta name=\"twitter:data1\" content=\"2 minuuttia\" \/>\n<script type=\"application\/ld+json\" class=\"yoast-schema-graph\">{\"@context\":\"https:\\\/\\\/schema.org\",\"@graph\":[{\"@type\":\"WebPage\",\"@id\":\"https:\\\/\\\/help.jamk.fi\\\/asianhallinta\\\/fi\\\/11-asianhallinta\\\/asian-paattaminen\\\/\",\"url\":\"https:\\\/\\\/help.jamk.fi\\\/asianhallinta\\\/fi\\\/11-asianhallinta\\\/asian-paattaminen\\\/\",\"name\":\"Asian p\u00e4\u00e4tt\u00e4minen - Asianhallinta\",\"isPartOf\":{\"@id\":\"https:\\\/\\\/help.jamk.fi\\\/asianhallinta\\\/#website\"},\"primaryImageOfPage\":{\"@id\":\"https:\\\/\\\/help.jamk.fi\\\/asianhallinta\\\/fi\\\/11-asianhallinta\\\/asian-paattaminen\\\/#primaryimage\"},\"image\":{\"@id\":\"https:\\\/\\\/help.jamk.fi\\\/asianhallinta\\\/fi\\\/11-asianhallinta\\\/asian-paattaminen\\\/#primaryimage\"},\"thumbnailUrl\":\"https:\\\/\\\/help.jamk.fi\\\/asianhallinta\\\/wp-content\\\/uploads\\\/sites\\\/53\\\/2023\\\/07\\\/Capture-2-1024x622.jpg\",\"datePublished\":\"2017-04-26T03:09:53+00:00\",\"dateModified\":\"2024-01-22T12:30:16+00:00\",\"breadcrumb\":{\"@id\":\"https:\\\/\\\/help.jamk.fi\\\/asianhallinta\\\/fi\\\/11-asianhallinta\\\/asian-paattaminen\\\/#breadcrumb\"},\"inLanguage\":\"fi\",\"potentialAction\":[{\"@type\":\"ReadAction\",\"target\":[\"https:\\\/\\\/help.jamk.fi\\\/asianhallinta\\\/fi\\\/11-asianhallinta\\\/asian-paattaminen\\\/\"]}]},{\"@type\":\"ImageObject\",\"inLanguage\":\"fi\",\"@id\":\"https:\\\/\\\/help.jamk.fi\\\/asianhallinta\\\/fi\\\/11-asianhallinta\\\/asian-paattaminen\\\/#primaryimage\",\"url\":\"https:\\\/\\\/help.jamk.fi\\\/asianhallinta\\\/wp-content\\\/uploads\\\/sites\\\/53\\\/2023\\\/07\\\/Capture-2.jpg\",\"contentUrl\":\"https:\\\/\\\/help.jamk.fi\\\/asianhallinta\\\/wp-content\\\/uploads\\\/sites\\\/53\\\/2023\\\/07\\\/Capture-2.jpg\",\"width\":1235,\"height\":750,\"caption\":\"Asian perustiedot-v\u00e4lilehti\"},{\"@type\":\"BreadcrumbList\",\"@id\":\"https:\\\/\\\/help.jamk.fi\\\/asianhallinta\\\/fi\\\/11-asianhallinta\\\/asian-paattaminen\\\/#breadcrumb\",\"itemListElement\":[{\"@type\":\"ListItem\",\"position\":1,\"name\":\"Etusivu\",\"item\":\"https:\\\/\\\/help.jamk.fi\\\/asianhallinta\\\/\"},{\"@type\":\"ListItem\",\"position\":2,\"name\":\"2 Asianhallinta\",\"item\":\"https:\\\/\\\/help.jamk.fi\\\/asianhallinta\\\/fi\\\/11-asianhallinta\\\/\"},{\"@type\":\"ListItem\",\"position\":3,\"name\":\"Asian p\u00e4\u00e4tt\u00e4minen\"}]},{\"@type\":\"WebSite\",\"@id\":\"https:\\\/\\\/help.jamk.fi\\\/asianhallinta\\\/#website\",\"url\":\"https:\\\/\\\/help.jamk.fi\\\/asianhallinta\\\/\",\"name\":\"Asianhallinta\",\"description\":\"\",\"potentialAction\":[{\"@type\":\"SearchAction\",\"target\":{\"@type\":\"EntryPoint\",\"urlTemplate\":\"https:\\\/\\\/help.jamk.fi\\\/asianhallinta\\\/?s={search_term_string}\"},\"query-input\":{\"@type\":\"PropertyValueSpecification\",\"valueRequired\":true,\"valueName\":\"search_term_string\"}}],\"inLanguage\":\"fi\"}]}<\/script>\n<!-- \/ Yoast SEO plugin. -->","yoast_head_json":{"title":"Asian p\u00e4\u00e4tt\u00e4minen - Asianhallinta","robots":{"index":"index","follow":"follow","max-snippet":"max-snippet:-1","max-image-preview":"max-image-preview:large","max-video-preview":"max-video-preview:-1"},"canonical":"https:\/\/help.jamk.fi\/asianhallinta\/fi\/11-asianhallinta\/asian-paattaminen\/","og_locale":"fi_FI","og_type":"article","og_title":"Asian p\u00e4\u00e4tt\u00e4minen - Asianhallinta","og_description":"Kun asian k\u00e4sittely p\u00e4\u00e4ttyy eik\u00e4 asialle liitet\u00e4 en\u00e4\u00e4 uusia asiakirjoja, tulee asia p\u00e4\u00e4tt\u00e4\u00e4 eli merkit\u00e4 valmiiksi. P\u00e4\u00e4tetylle asialle ei voi en\u00e4\u00e4 tehd\u00e4 toimenpiteit\u00e4 eik\u00e4 siihen voi en\u00e4\u00e4 liitt\u00e4\u00e4 asiakirjoja. Asian voi aina ottaa uudelleen k\u00e4ytt\u00f6\u00f6n perustellusta syyst\u00e4 eli vireillesaattaa uudelleen. Asian p\u00e4\u00e4tt\u00e4minen Valitse asia, jonka haluat p\u00e4\u00e4tt\u00e4\u00e4. Klikkaa asian etusivulla eli Perustiedot-v\u00e4lilehdell\u00e4 Ratkaise ja jatka-painiketta [&hellip;]","og_url":"https:\/\/help.jamk.fi\/asianhallinta\/fi\/11-asianhallinta\/asian-paattaminen\/","og_site_name":"Asianhallinta","article_modified_time":"2024-01-22T12:30:16+00:00","og_image":[{"url":"https:\/\/help.jamk.fi\/asianhallinta\/wp-content\/uploads\/sites\/53\/2023\/07\/Capture-2-1024x622.jpg","type":"","width":"","height":""}],"twitter_card":"summary_large_image","twitter_misc":{"Arvioitu lukuaika":"2 minuuttia"},"schema":{"@context":"https:\/\/schema.org","@graph":[{"@type":"WebPage","@id":"https:\/\/help.jamk.fi\/asianhallinta\/fi\/11-asianhallinta\/asian-paattaminen\/","url":"https:\/\/help.jamk.fi\/asianhallinta\/fi\/11-asianhallinta\/asian-paattaminen\/","name":"Asian p\u00e4\u00e4tt\u00e4minen - Asianhallinta","isPartOf":{"@id":"https:\/\/help.jamk.fi\/asianhallinta\/#website"},"primaryImageOfPage":{"@id":"https:\/\/help.jamk.fi\/asianhallinta\/fi\/11-asianhallinta\/asian-paattaminen\/#primaryimage"},"image":{"@id":"https:\/\/help.jamk.fi\/asianhallinta\/fi\/11-asianhallinta\/asian-paattaminen\/#primaryimage"},"thumbnailUrl":"https:\/\/help.jamk.fi\/asianhallinta\/wp-content\/uploads\/sites\/53\/2023\/07\/Capture-2-1024x622.jpg","datePublished":"2017-04-26T03:09:53+00:00","dateModified":"2024-01-22T12:30:16+00:00","breadcrumb":{"@id":"https:\/\/help.jamk.fi\/asianhallinta\/fi\/11-asianhallinta\/asian-paattaminen\/#breadcrumb"},"inLanguage":"fi","potentialAction":[{"@type":"ReadAction","target":["https:\/\/help.jamk.fi\/asianhallinta\/fi\/11-asianhallinta\/asian-paattaminen\/"]}]},{"@type":"ImageObject","inLanguage":"fi","@id":"https:\/\/help.jamk.fi\/asianhallinta\/fi\/11-asianhallinta\/asian-paattaminen\/#primaryimage","url":"https:\/\/help.jamk.fi\/asianhallinta\/wp-content\/uploads\/sites\/53\/2023\/07\/Capture-2.jpg","contentUrl":"https:\/\/help.jamk.fi\/asianhallinta\/wp-content\/uploads\/sites\/53\/2023\/07\/Capture-2.jpg","width":1235,"height":750,"caption":"Asian perustiedot-v\u00e4lilehti"},{"@type":"BreadcrumbList","@id":"https:\/\/help.jamk.fi\/asianhallinta\/fi\/11-asianhallinta\/asian-paattaminen\/#breadcrumb","itemListElement":[{"@type":"ListItem","position":1,"name":"Etusivu","item":"https:\/\/help.jamk.fi\/asianhallinta\/"},{"@type":"ListItem","position":2,"name":"2 Asianhallinta","item":"https:\/\/help.jamk.fi\/asianhallinta\/fi\/11-asianhallinta\/"},{"@type":"ListItem","position":3,"name":"Asian p\u00e4\u00e4tt\u00e4minen"}]},{"@type":"WebSite","@id":"https:\/\/help.jamk.fi\/asianhallinta\/#website","url":"https:\/\/help.jamk.fi\/asianhallinta\/","name":"Asianhallinta","description":"","potentialAction":[{"@type":"SearchAction","target":{"@type":"EntryPoint","urlTemplate":"https:\/\/help.jamk.fi\/asianhallinta\/?s={search_term_string}"},"query-input":{"@type":"PropertyValueSpecification","valueRequired":true,"valueName":"search_term_string"}}],"inLanguage":"fi"}]}},"_links":{"self":[{"href":"https:\/\/help.jamk.fi\/asianhallinta\/wp-json\/wp\/v2\/pages\/781","targetHints":{"allow":["GET"]}}],"collection":[{"href":"https:\/\/help.jamk.fi\/asianhallinta\/wp-json\/wp\/v2\/pages"}],"about":[{"href":"https:\/\/help.jamk.fi\/asianhallinta\/wp-json\/wp\/v2\/types\/page"}],"author":[{"embeddable":true,"href":"https:\/\/help.jamk.fi\/asianhallinta\/wp-json\/wp\/v2\/users\/94"}],"replies":[{"embeddable":true,"href":"https:\/\/help.jamk.fi\/asianhallinta\/wp-json\/wp\/v2\/comments?post=781"}],"version-history":[{"count":3,"href":"https:\/\/help.jamk.fi\/asianhallinta\/wp-json\/wp\/v2\/pages\/781\/revisions"}],"predecessor-version":[{"id":1858,"href":"https:\/\/help.jamk.fi\/asianhallinta\/wp-json\/wp\/v2\/pages\/781\/revisions\/1858"}],"up":[{"embeddable":true,"href":"https:\/\/help.jamk.fi\/asianhallinta\/wp-json\/wp\/v2\/pages\/463"}],"wp:attachment":[{"href":"https:\/\/help.jamk.fi\/asianhallinta\/wp-json\/wp\/v2\/media?parent=781"}],"wp:term":[{"taxonomy":"category","embeddable":true,"href":"https:\/\/help.jamk.fi\/asianhallinta\/wp-json\/wp\/v2\/categories?post=781"},{"taxonomy":"post_tag","embeddable":true,"href":"https:\/\/help.jamk.fi\/asianhallinta\/wp-json\/wp\/v2\/tags?post=781"}],"curies":[{"name":"wp","href":"https:\/\/api.w.org\/{rel}","templated":true}]}}