{"id":797,"date":"2020-03-26T08:13:50","date_gmt":"2020-03-26T06:13:50","guid":{"rendered":"https:\/\/help.jamk.fi\/asiakirjahallinto\/esimerkkisivu\/etakaytto\/"},"modified":"2025-12-01T11:21:43","modified_gmt":"2025-12-01T09:21:43","slug":"etakaytto","status":"publish","type":"page","link":"https:\/\/help.jamk.fi\/asianhallinta\/fi\/etakaytto\/","title":{"rendered":"12 Et\u00e4k\u00e4ytt\u00f6"},"content":{"rendered":"\n<p>Tietoturvasyist\u00e4 Tweb toimii vain Jamkin sis\u00e4verkossa. Jamkin verkon ulkopuolelta voit k\u00e4ytt\u00e4\u00e4 Twebi\u00e4 et\u00e4yhteyden avulla.<\/p>\n\n\n\n<p>Lis\u00e4tietoa et\u00e4yhteydest\u00e4 ja sen k\u00e4yt\u00f6st\u00e4 l\u00f6yd\u00e4t <a href=\"https:\/\/help.jamk.fi\/ohjelmistotjalaitteet\/fi\/etatyopoydat\/\">et\u00e4ty\u00f6p\u00f6yd\u00e4t -ohjeesta<\/a><\/p>\n\n\n\n<h2 class=\"wp-block-heading\">Twebin k\u00e4ytt\u00f6 et\u00e4ty\u00f6p\u00f6yd\u00e4ll\u00e4<\/h2>\n\n\n\n<p>Voit k\u00e4ytt\u00e4\u00e4 Twebi\u00e4 et\u00e4ty\u00f6p\u00f6yd\u00e4ll\u00e4 samaan tapaan kuin Jamkin sis\u00e4verkossa.&nbsp;Kirjautumisn\u00e4kym\u00e4n j\u00e4lkeen on suositeltavaa valita ty\u00f6p\u00f6yt\u00e4n\u00e4kym\u00e4, ei suoraan asianhallinnan kirjautumissivua:<\/p>\n\n\n<div class=\"wp-block-image\">\n<figure class=\"aligncenter size-large\"><img loading=\"lazy\" decoding=\"async\" width=\"1024\" height=\"460\" src=\"https:\/\/help.jamk.fi\/asianhallinta\/wp-content\/uploads\/sites\/53\/2024\/04\/Etatyopoydan-valitseminen-1024x460.png\" alt=\"\" class=\"wp-image-1896\" srcset=\"https:\/\/help.jamk.fi\/asianhallinta\/wp-content\/uploads\/sites\/53\/2024\/04\/Etatyopoydan-valitseminen-1024x460.png 1024w, https:\/\/help.jamk.fi\/asianhallinta\/wp-content\/uploads\/sites\/53\/2024\/04\/Etatyopoydan-valitseminen-300x135.png 300w, https:\/\/help.jamk.fi\/asianhallinta\/wp-content\/uploads\/sites\/53\/2024\/04\/Etatyopoydan-valitseminen-768x345.png 768w, https:\/\/help.jamk.fi\/asianhallinta\/wp-content\/uploads\/sites\/53\/2024\/04\/Etatyopoydan-valitseminen-1536x690.png 1536w, https:\/\/help.jamk.fi\/asianhallinta\/wp-content\/uploads\/sites\/53\/2024\/04\/Etatyopoydan-valitseminen.png 1596w\" sizes=\"auto, (max-width: 1024px) 100vw, 1024px\" \/><figcaption class=\"wp-element-caption\"><strong>Desktop n\u00e4kym\u00e4, jossa valitaan k\u00e4ytett\u00e4v\u00e4ksi henkil\u00f6st\u00f6n et\u00e4ty\u00f6p\u00f6yt\u00e4.<\/strong><\/figcaption><\/figure>\n<\/div>\n\n\n<p>Tweb toimii et\u00e4ty\u00f6p\u00f6yd\u00e4ll\u00e4 kaikkien yleisimpien verkkoselaimien kautta (Chrome, Edge ym.). Avaa et\u00e4ty\u00f6p\u00f6yd\u00e4n verkkoselain ja siirry selaimella osoitteeseen asiakirjanhallinta.jamk.fi tai vaihtoehtoisesti etsi Tweb Jamkin intrasivujen Muut tietoj\u00e4rjestelm\u00e4t -listasta, ja paina kirjautumissivulla n\u00e4kyv\u00e4\u00e4 Kirjaudu-painiketta.<\/p>\n\n\n\n<p><\/p>\n","protected":false},"excerpt":{"rendered":"<p>Tietoturvasyist\u00e4 Tweb toimii vain Jamkin sis\u00e4verkossa. Jamkin verkon ulkopuolelta voit k\u00e4ytt\u00e4\u00e4 Twebi\u00e4 et\u00e4yhteyden avulla. Lis\u00e4tietoa et\u00e4yhteydest\u00e4 ja sen k\u00e4yt\u00f6st\u00e4 l\u00f6yd\u00e4t et\u00e4ty\u00f6p\u00f6yd\u00e4t -ohjeesta Twebin k\u00e4ytt\u00f6 et\u00e4ty\u00f6p\u00f6yd\u00e4ll\u00e4 Voit k\u00e4ytt\u00e4\u00e4 Twebi\u00e4 et\u00e4ty\u00f6p\u00f6yd\u00e4ll\u00e4 samaan tapaan kuin Jamkin sis\u00e4verkossa.&nbsp;Kirjautumisn\u00e4kym\u00e4n j\u00e4lkeen on suositeltavaa valita ty\u00f6p\u00f6yt\u00e4n\u00e4kym\u00e4, ei suoraan asianhallinnan kirjautumissivua: Tweb toimii et\u00e4ty\u00f6p\u00f6yd\u00e4ll\u00e4 kaikkien yleisimpien verkkoselaimien kautta (Chrome, Edge ym.). Avaa et\u00e4ty\u00f6p\u00f6yd\u00e4n [&hellip;]<\/p>\n","protected":false},"author":94,"featured_media":0,"parent":0,"menu_order":1300,"comment_status":"closed","ping_status":"closed","template":"","meta":{"_acf_changed":false,"_relevanssi_hide_post":"","_relevanssi_hide_content":"","_relevanssi_pin_for_all":"","_relevanssi_pin_keywords":"","_relevanssi_unpin_keywords":"","_relevanssi_related_keywords":"","_relevanssi_related_include_ids":"","_relevanssi_related_exclude_ids":"","_relevanssi_related_no_append":"","_relevanssi_related_not_related":"","_relevanssi_related_posts":"15,18,21,9,30,33","_relevanssi_noindex_reason":"","footnotes":""},"categories":[],"tags":[],"class_list":["post-797","page","type-page","status-publish","hentry"],"acf":[],"yoast_head":"<!-- This site is optimized with the Yoast SEO plugin v27.3 - https:\/\/yoast.com\/product\/yoast-seo-wordpress\/ -->\n<title>12 Et\u00e4k\u00e4ytt\u00f6 - Asianhallinta<\/title>\n<meta name=\"robots\" content=\"index, follow, max-snippet:-1, max-image-preview:large, max-video-preview:-1\" \/>\n<link rel=\"canonical\" href=\"https:\/\/help.jamk.fi\/asianhallinta\/fi\/etakaytto\/\" \/>\n<meta property=\"og:locale\" content=\"fi_FI\" \/>\n<meta property=\"og:type\" content=\"article\" \/>\n<meta property=\"og:title\" content=\"12 Et\u00e4k\u00e4ytt\u00f6 - Asianhallinta\" \/>\n<meta property=\"og:description\" content=\"Tietoturvasyist\u00e4 Tweb toimii vain Jamkin sis\u00e4verkossa. Jamkin verkon ulkopuolelta voit k\u00e4ytt\u00e4\u00e4 Twebi\u00e4 et\u00e4yhteyden avulla. Lis\u00e4tietoa et\u00e4yhteydest\u00e4 ja sen k\u00e4yt\u00f6st\u00e4 l\u00f6yd\u00e4t et\u00e4ty\u00f6p\u00f6yd\u00e4t -ohjeesta Twebin k\u00e4ytt\u00f6 et\u00e4ty\u00f6p\u00f6yd\u00e4ll\u00e4 Voit k\u00e4ytt\u00e4\u00e4 Twebi\u00e4 et\u00e4ty\u00f6p\u00f6yd\u00e4ll\u00e4 samaan tapaan kuin Jamkin sis\u00e4verkossa.&nbsp;Kirjautumisn\u00e4kym\u00e4n j\u00e4lkeen on suositeltavaa valita ty\u00f6p\u00f6yt\u00e4n\u00e4kym\u00e4, ei suoraan asianhallinnan kirjautumissivua: Tweb toimii et\u00e4ty\u00f6p\u00f6yd\u00e4ll\u00e4 kaikkien yleisimpien verkkoselaimien kautta (Chrome, Edge ym.). Avaa et\u00e4ty\u00f6p\u00f6yd\u00e4n [&hellip;]\" \/>\n<meta property=\"og:url\" content=\"https:\/\/help.jamk.fi\/asianhallinta\/fi\/etakaytto\/\" \/>\n<meta property=\"og:site_name\" content=\"Asianhallinta\" \/>\n<meta property=\"article:modified_time\" content=\"2025-12-01T09:21:43+00:00\" \/>\n<meta property=\"og:image\" content=\"https:\/\/help.jamk.fi\/asianhallinta\/wp-content\/uploads\/sites\/53\/2024\/04\/Etatyopoydan-valitseminen.png\" \/>\n\t<meta property=\"og:image:width\" content=\"1596\" \/>\n\t<meta property=\"og:image:height\" content=\"717\" \/>\n\t<meta property=\"og:image:type\" content=\"image\/png\" \/>\n<meta name=\"twitter:card\" content=\"summary_large_image\" \/>\n<meta name=\"twitter:label1\" content=\"Arvioitu lukuaika\" \/>\n\t<meta name=\"twitter:data1\" content=\"1 minuutti\" \/>\n<script type=\"application\/ld+json\" class=\"yoast-schema-graph\">{\"@context\":\"https:\\\/\\\/schema.org\",\"@graph\":[{\"@type\":\"WebPage\",\"@id\":\"https:\\\/\\\/help.jamk.fi\\\/asianhallinta\\\/fi\\\/etakaytto\\\/\",\"url\":\"https:\\\/\\\/help.jamk.fi\\\/asianhallinta\\\/fi\\\/etakaytto\\\/\",\"name\":\"12 Et\u00e4k\u00e4ytt\u00f6 - Asianhallinta\",\"isPartOf\":{\"@id\":\"https:\\\/\\\/help.jamk.fi\\\/asianhallinta\\\/#website\"},\"primaryImageOfPage\":{\"@id\":\"https:\\\/\\\/help.jamk.fi\\\/asianhallinta\\\/fi\\\/etakaytto\\\/#primaryimage\"},\"image\":{\"@id\":\"https:\\\/\\\/help.jamk.fi\\\/asianhallinta\\\/fi\\\/etakaytto\\\/#primaryimage\"},\"thumbnailUrl\":\"https:\\\/\\\/help.jamk.fi\\\/asianhallinta\\\/wp-content\\\/uploads\\\/sites\\\/53\\\/2024\\\/04\\\/Etatyopoydan-valitseminen-1024x460.png\",\"datePublished\":\"2020-03-26T06:13:50+00:00\",\"dateModified\":\"2025-12-01T09:21:43+00:00\",\"breadcrumb\":{\"@id\":\"https:\\\/\\\/help.jamk.fi\\\/asianhallinta\\\/fi\\\/etakaytto\\\/#breadcrumb\"},\"inLanguage\":\"fi\",\"potentialAction\":[{\"@type\":\"ReadAction\",\"target\":[\"https:\\\/\\\/help.jamk.fi\\\/asianhallinta\\\/fi\\\/etakaytto\\\/\"]}]},{\"@type\":\"ImageObject\",\"inLanguage\":\"fi\",\"@id\":\"https:\\\/\\\/help.jamk.fi\\\/asianhallinta\\\/fi\\\/etakaytto\\\/#primaryimage\",\"url\":\"https:\\\/\\\/help.jamk.fi\\\/asianhallinta\\\/wp-content\\\/uploads\\\/sites\\\/53\\\/2024\\\/04\\\/Etatyopoydan-valitseminen.png\",\"contentUrl\":\"https:\\\/\\\/help.jamk.fi\\\/asianhallinta\\\/wp-content\\\/uploads\\\/sites\\\/53\\\/2024\\\/04\\\/Etatyopoydan-valitseminen.png\",\"width\":1596,\"height\":717},{\"@type\":\"BreadcrumbList\",\"@id\":\"https:\\\/\\\/help.jamk.fi\\\/asianhallinta\\\/fi\\\/etakaytto\\\/#breadcrumb\",\"itemListElement\":[{\"@type\":\"ListItem\",\"position\":1,\"name\":\"Etusivu\",\"item\":\"https:\\\/\\\/help.jamk.fi\\\/asianhallinta\\\/\"},{\"@type\":\"ListItem\",\"position\":2,\"name\":\"12 Et\u00e4k\u00e4ytt\u00f6\"}]},{\"@type\":\"WebSite\",\"@id\":\"https:\\\/\\\/help.jamk.fi\\\/asianhallinta\\\/#website\",\"url\":\"https:\\\/\\\/help.jamk.fi\\\/asianhallinta\\\/\",\"name\":\"Asianhallinta\",\"description\":\"\",\"potentialAction\":[{\"@type\":\"SearchAction\",\"target\":{\"@type\":\"EntryPoint\",\"urlTemplate\":\"https:\\\/\\\/help.jamk.fi\\\/asianhallinta\\\/?s={search_term_string}\"},\"query-input\":{\"@type\":\"PropertyValueSpecification\",\"valueRequired\":true,\"valueName\":\"search_term_string\"}}],\"inLanguage\":\"fi\"}]}<\/script>\n<!-- \/ Yoast SEO plugin. -->","yoast_head_json":{"title":"12 Et\u00e4k\u00e4ytt\u00f6 - Asianhallinta","robots":{"index":"index","follow":"follow","max-snippet":"max-snippet:-1","max-image-preview":"max-image-preview:large","max-video-preview":"max-video-preview:-1"},"canonical":"https:\/\/help.jamk.fi\/asianhallinta\/fi\/etakaytto\/","og_locale":"fi_FI","og_type":"article","og_title":"12 Et\u00e4k\u00e4ytt\u00f6 - Asianhallinta","og_description":"Tietoturvasyist\u00e4 Tweb toimii vain Jamkin sis\u00e4verkossa. Jamkin verkon ulkopuolelta voit k\u00e4ytt\u00e4\u00e4 Twebi\u00e4 et\u00e4yhteyden avulla. Lis\u00e4tietoa et\u00e4yhteydest\u00e4 ja sen k\u00e4yt\u00f6st\u00e4 l\u00f6yd\u00e4t et\u00e4ty\u00f6p\u00f6yd\u00e4t -ohjeesta Twebin k\u00e4ytt\u00f6 et\u00e4ty\u00f6p\u00f6yd\u00e4ll\u00e4 Voit k\u00e4ytt\u00e4\u00e4 Twebi\u00e4 et\u00e4ty\u00f6p\u00f6yd\u00e4ll\u00e4 samaan tapaan kuin Jamkin sis\u00e4verkossa.&nbsp;Kirjautumisn\u00e4kym\u00e4n j\u00e4lkeen on suositeltavaa valita ty\u00f6p\u00f6yt\u00e4n\u00e4kym\u00e4, ei suoraan asianhallinnan kirjautumissivua: Tweb toimii et\u00e4ty\u00f6p\u00f6yd\u00e4ll\u00e4 kaikkien yleisimpien verkkoselaimien kautta (Chrome, Edge ym.). Avaa et\u00e4ty\u00f6p\u00f6yd\u00e4n [&hellip;]","og_url":"https:\/\/help.jamk.fi\/asianhallinta\/fi\/etakaytto\/","og_site_name":"Asianhallinta","article_modified_time":"2025-12-01T09:21:43+00:00","og_image":[{"width":1596,"height":717,"url":"https:\/\/help.jamk.fi\/asianhallinta\/wp-content\/uploads\/sites\/53\/2024\/04\/Etatyopoydan-valitseminen.png","type":"image\/png"}],"twitter_card":"summary_large_image","twitter_misc":{"Arvioitu lukuaika":"1 minuutti"},"schema":{"@context":"https:\/\/schema.org","@graph":[{"@type":"WebPage","@id":"https:\/\/help.jamk.fi\/asianhallinta\/fi\/etakaytto\/","url":"https:\/\/help.jamk.fi\/asianhallinta\/fi\/etakaytto\/","name":"12 Et\u00e4k\u00e4ytt\u00f6 - Asianhallinta","isPartOf":{"@id":"https:\/\/help.jamk.fi\/asianhallinta\/#website"},"primaryImageOfPage":{"@id":"https:\/\/help.jamk.fi\/asianhallinta\/fi\/etakaytto\/#primaryimage"},"image":{"@id":"https:\/\/help.jamk.fi\/asianhallinta\/fi\/etakaytto\/#primaryimage"},"thumbnailUrl":"https:\/\/help.jamk.fi\/asianhallinta\/wp-content\/uploads\/sites\/53\/2024\/04\/Etatyopoydan-valitseminen-1024x460.png","datePublished":"2020-03-26T06:13:50+00:00","dateModified":"2025-12-01T09:21:43+00:00","breadcrumb":{"@id":"https:\/\/help.jamk.fi\/asianhallinta\/fi\/etakaytto\/#breadcrumb"},"inLanguage":"fi","potentialAction":[{"@type":"ReadAction","target":["https:\/\/help.jamk.fi\/asianhallinta\/fi\/etakaytto\/"]}]},{"@type":"ImageObject","inLanguage":"fi","@id":"https:\/\/help.jamk.fi\/asianhallinta\/fi\/etakaytto\/#primaryimage","url":"https:\/\/help.jamk.fi\/asianhallinta\/wp-content\/uploads\/sites\/53\/2024\/04\/Etatyopoydan-valitseminen.png","contentUrl":"https:\/\/help.jamk.fi\/asianhallinta\/wp-content\/uploads\/sites\/53\/2024\/04\/Etatyopoydan-valitseminen.png","width":1596,"height":717},{"@type":"BreadcrumbList","@id":"https:\/\/help.jamk.fi\/asianhallinta\/fi\/etakaytto\/#breadcrumb","itemListElement":[{"@type":"ListItem","position":1,"name":"Etusivu","item":"https:\/\/help.jamk.fi\/asianhallinta\/"},{"@type":"ListItem","position":2,"name":"12 Et\u00e4k\u00e4ytt\u00f6"}]},{"@type":"WebSite","@id":"https:\/\/help.jamk.fi\/asianhallinta\/#website","url":"https:\/\/help.jamk.fi\/asianhallinta\/","name":"Asianhallinta","description":"","potentialAction":[{"@type":"SearchAction","target":{"@type":"EntryPoint","urlTemplate":"https:\/\/help.jamk.fi\/asianhallinta\/?s={search_term_string}"},"query-input":{"@type":"PropertyValueSpecification","valueRequired":true,"valueName":"search_term_string"}}],"inLanguage":"fi"}]}},"_links":{"self":[{"href":"https:\/\/help.jamk.fi\/asianhallinta\/wp-json\/wp\/v2\/pages\/797","targetHints":{"allow":["GET"]}}],"collection":[{"href":"https:\/\/help.jamk.fi\/asianhallinta\/wp-json\/wp\/v2\/pages"}],"about":[{"href":"https:\/\/help.jamk.fi\/asianhallinta\/wp-json\/wp\/v2\/types\/page"}],"author":[{"embeddable":true,"href":"https:\/\/help.jamk.fi\/asianhallinta\/wp-json\/wp\/v2\/users\/94"}],"replies":[{"embeddable":true,"href":"https:\/\/help.jamk.fi\/asianhallinta\/wp-json\/wp\/v2\/comments?post=797"}],"version-history":[{"count":17,"href":"https:\/\/help.jamk.fi\/asianhallinta\/wp-json\/wp\/v2\/pages\/797\/revisions"}],"predecessor-version":[{"id":1936,"href":"https:\/\/help.jamk.fi\/asianhallinta\/wp-json\/wp\/v2\/pages\/797\/revisions\/1936"}],"wp:attachment":[{"href":"https:\/\/help.jamk.fi\/asianhallinta\/wp-json\/wp\/v2\/media?parent=797"}],"wp:term":[{"taxonomy":"category","embeddable":true,"href":"https:\/\/help.jamk.fi\/asianhallinta\/wp-json\/wp\/v2\/categories?post=797"},{"taxonomy":"post_tag","embeddable":true,"href":"https:\/\/help.jamk.fi\/asianhallinta\/wp-json\/wp\/v2\/tags?post=797"}],"curies":[{"name":"wp","href":"https:\/\/api.w.org\/{rel}","templated":true}]}}