{"id":95,"date":"2012-12-13T10:23:13","date_gmt":"2012-12-13T08:23:13","guid":{"rendered":"https:\/\/help.jamk.fi\/asiakirjahallinto\/esimerkkisivu\/2-asiakirjan-laatiminen-ja-muokkaaminen\/asiakirjan-tuominen-tyoasemalta\/"},"modified":"2024-09-27T12:23:57","modified_gmt":"2024-09-27T09:23:57","slug":"asiakirjan-tuominen-tyoasemalta","status":"publish","type":"page","link":"https:\/\/help.jamk.fi\/asianhallinta\/fi\/2-asiakirjan-laatiminen-ja-muokkaaminen\/asiakirjan-tuominen-tyoasemalta\/","title":{"rendered":"Asiakirjan tuominen ty\u00f6asemalta tai ulkoiselta tallennusv\u00e4lineelt\u00e4"},"content":{"rendered":"\n<p>Voit tuoda ty\u00f6asemallasi tai ulkoisella tallennusv\u00e4lineelt\u00e4 asiakirjan Twebiin. Asiakirja voi olla jo valmis (pdf, tif, jpg) tai voit jatkaa sen muokkaamista Twebiss\u00e4 (Word-tiedostot).<\/p>\n\n\n\n<h2 class=\"wp-block-heading\">Tee asiakirjakortti<\/h2>\n\n\n\n<p>Klikkaa <em>Asiakirjat<\/em>-valikosta <em>Luo asiakirja<\/em>.<\/p>\n\n\n<div class=\"wp-block-image\">\n<figure class=\"aligncenter size-full\"><img loading=\"lazy\" decoding=\"async\" width=\"230\" height=\"198\" src=\"https:\/\/help.jamk.fi\/asianhallinta\/wp-content\/uploads\/sites\/53\/2023\/07\/Asiakirjat-valikko.jpg\" alt=\"\" class=\"wp-image-1053\"\/><figcaption class=\"wp-element-caption\"><strong>Twebin Asiakirjat-valikko<\/strong><\/figcaption><\/figure>\n<\/div>\n\n\n<ul class=\"wp-block-list\">\n<li>Anna asiakirjalle nimi (<em>Nimike<\/em>)<\/li>\n\n\n\n<li>Valitse teht\u00e4v\u00e4luokan mukainen asiakirjatyyppi (<em>Tyyppi<\/em>)<\/li>\n\n\n\n<li>Klikkaa <em>Tallenna ja jatka<\/em>-painiketta<\/li>\n<\/ul>\n\n\n<div class=\"wp-block-image\">\n<figure class=\"aligncenter size-large\"><img loading=\"lazy\" decoding=\"async\" width=\"1024\" height=\"590\" src=\"https:\/\/help.jamk.fi\/asianhallinta\/wp-content\/uploads\/sites\/53\/2023\/07\/Luo_asiakirja-1024x590.jpg\" alt=\"\" class=\"wp-image-1175\" srcset=\"https:\/\/help.jamk.fi\/asianhallinta\/wp-content\/uploads\/sites\/53\/2023\/07\/Luo_asiakirja-1024x590.jpg 1024w, https:\/\/help.jamk.fi\/asianhallinta\/wp-content\/uploads\/sites\/53\/2023\/07\/Luo_asiakirja-300x173.jpg 300w, https:\/\/help.jamk.fi\/asianhallinta\/wp-content\/uploads\/sites\/53\/2023\/07\/Luo_asiakirja-768x442.jpg 768w, https:\/\/help.jamk.fi\/asianhallinta\/wp-content\/uploads\/sites\/53\/2023\/07\/Luo_asiakirja.jpg 1122w\" sizes=\"auto, (max-width: 1024px) 100vw, 1024px\" \/><figcaption class=\"wp-element-caption\"><strong>Uusi asiakirjakortti -n\u00e4kym\u00e4<\/strong><\/figcaption><\/figure>\n<\/div>\n\n\n<h2 class=\"wp-block-heading\">Hae tiedosto ty\u00f6asemalta\/ ulkoiselta tallennusv\u00e4lineelt\u00e4<\/h2>\n\n\n\n<p>Hae asiakirjakortille tuotava tiedosto ty\u00f6asemaltasi (pudotusvalikossa\u00a0<em>Hae tiedosto levylt\u00e4<\/em>) ja paina\u00a0<em>Luo tiedosto\u00a0<\/em>-painiketta.<\/p>\n\n\n<div class=\"wp-block-image\">\n<figure class=\"aligncenter size-full\"><img loading=\"lazy\" decoding=\"async\" width=\"957\" height=\"711\" src=\"https:\/\/help.jamk.fi\/asianhallinta\/wp-content\/uploads\/sites\/53\/2023\/07\/Asiakirjat_valilehti_tuo.jpg\" alt=\"\" class=\"wp-image-1178\" srcset=\"https:\/\/help.jamk.fi\/asianhallinta\/wp-content\/uploads\/sites\/53\/2023\/07\/Asiakirjat_valilehti_tuo.jpg 957w, https:\/\/help.jamk.fi\/asianhallinta\/wp-content\/uploads\/sites\/53\/2023\/07\/Asiakirjat_valilehti_tuo-300x223.jpg 300w, https:\/\/help.jamk.fi\/asianhallinta\/wp-content\/uploads\/sites\/53\/2023\/07\/Asiakirjat_valilehti_tuo-768x571.jpg 768w\" sizes=\"auto, (max-width: 957px) 100vw, 957px\" \/><figcaption class=\"wp-element-caption\"><strong>Asiakirjakorttin\u00e4kym\u00e4 ja Luo tiedosto-valikko<\/strong><\/figcaption><\/figure>\n<\/div>\n\n\n<p><em>Browse<\/em>&#8211; painikkeella p\u00e4\u00e4set valitsemaan ty\u00f6asemaltasi tallennettavan asiakirjan, paina <em>Avaa<\/em>&#8211; painiketta. N\u00e4kym\u00e4 siirtyy takaisin Twebiin ja paina <em>Tallenna ja jatka<\/em> -painiketta.<\/p>\n\n\n<div class=\"wp-block-image\">\n<figure class=\"aligncenter size-full\"><img loading=\"lazy\" decoding=\"async\" width=\"998\" height=\"538\" src=\"https:\/\/help.jamk.fi\/asianhallinta\/wp-content\/uploads\/sites\/53\/2023\/07\/Asiakirjat_valilehti_tuo_tiedosto.jpg\" alt=\"\" class=\"wp-image-1181\" srcset=\"https:\/\/help.jamk.fi\/asianhallinta\/wp-content\/uploads\/sites\/53\/2023\/07\/Asiakirjat_valilehti_tuo_tiedosto.jpg 998w, https:\/\/help.jamk.fi\/asianhallinta\/wp-content\/uploads\/sites\/53\/2023\/07\/Asiakirjat_valilehti_tuo_tiedosto-300x162.jpg 300w, https:\/\/help.jamk.fi\/asianhallinta\/wp-content\/uploads\/sites\/53\/2023\/07\/Asiakirjat_valilehti_tuo_tiedosto-768x414.jpg 768w\" sizes=\"auto, (max-width: 998px) 100vw, 998px\" \/><figcaption class=\"wp-element-caption\"><strong>Tiedoston hakeminen ty\u00f6asemalta<\/strong><\/figcaption><\/figure>\n<\/div>\n\n\n<p>Tiedosto on nyt liitetty asiakirjakortille.<\/p>\n\n\n\n<h2 class=\"wp-block-heading\">Tarkasta k\u00e4ytt\u00f6oikeudet<\/h2>\n\n\n\n<p>Tarkasta asiakirjan k\u00e4ytt\u00f6oikeudet asiakirjakortin <em>K\u00e4ytt\u00f6oikeudet<\/em>-v\u00e4lilehdelt\u00e4.<\/p>\n\n\n\n<ul class=\"wp-block-list\">\n<li><a href=\"https:\/\/help.jamk.fi\/asianhallinta\/fi\/julkinen-vai-salassapidettava\/\">Lis\u00e4tietoa asiakirjajulkisuudesta ja k\u00e4ytt\u00f6oikeuksista<\/a><\/li>\n\n\n\n<li><a href=\"https:\/\/help.jamk.fi\/asianhallinta\/fi\/julkinen-vai-salassapidettava\/5-1-kayttooikeus-ja-ryhmat\/\">Asiakirjan k\u00e4ytt\u00f6oikeuksien muuttaminen ohjeistetaan t\u00e4\u00e4ll\u00e4<\/a>.<\/li>\n<\/ul>\n\n\n\n<h2 class=\"wp-block-heading\">Merkitse asiakirja valmiiksi<\/h2>\n\n\n\n<p>Asiakirja merkit\u00e4\u00e4n valmiiksi, jos asiakirja on <\/p>\n\n\n\n<ul class=\"wp-block-list\">\n<li>allekirjoitettu <\/li>\n\n\n\n<li>skannattu <\/li>\n\n\n\n<li>sen on l\u00e4hett\u00e4nyt Jamkille ulkopuolinen toimija<\/li>\n\n\n\n<li>tai asian\/asiakirjan k\u00e4sittely on p\u00e4\u00e4ttynyt<\/li>\n<\/ul>\n\n\n<div id=\"link-lifts-block_2ff7377f5540925739850773449b4c55\" class=\"link-lifts block-link-lifts\">\n  <div class=\"row\">\n            <div class=\"col-12 col-lg-4 block-link-lifts__column\">\n          <div class=\"block-link-lifts__item lilac\">\n            <h3 class=\"block-link-lifts__item--heading\">Ohjeet\/lis\u00e4t\u00e4rpit<\/h3>\n                          <ul class=\"block-link-lifts__item--link-list\">\n                                                                        <li>\n                                              <a class=\"link-list lock\" href=\"https:\/\/panopto.jamk.fi\/Panopto\/Pages\/Viewer.aspx?id=b9cfc4c8-d708-4afb-b546-ac7600ba88ce\" target=\"_self\" >Asiakirjan tuominen omalta ty\u00f6asemalta asiakirjakortille (Panopto, vaatii kirjautumisen)<i  ><svg aria-hidden=\"true\" viewBox=\"0 0 24 24\" fill=\"none\" xmlns=\"http:\/\/www.w3.org\/2000\/svg\"><g clip-path=\"url(#clip0_1574_4368)\"><circle cx=\"12\" cy=\"12\" r=\"12\" fill=\"#0D004C\"\/><g clip-path=\"url(#clip1_1574_4368)\" fill=\"#fff\"><path d=\"M15.637 11.107v-2.68c0-1.967-1.632-3.57-3.637-3.57S8.363 6.46 8.363 8.43v2.68c-.752 0-1.363.6-1.363 1.338v5.357c0 .739.613 1.339 1.363 1.339h7.272c.752 0 1.363-.6 1.363-1.34v-5.356c0-.738-.61-1.339-1.363-1.339l.002-.001zM9.272 8.429c0-1.477 1.224-2.68 2.728-2.68 1.504 0 2.728 1.201 2.728 2.68v2.68H9.272v-2.68zm6.818 9.375a.451.451 0 01-.455.446H8.363a.45.45 0 01-.454-.446v-5.357a.45.45 0 01.454-.446h7.272c.251 0 .455.2.455.446v5.357z\"\/><path d=\"M12 13.34c-.503 0-.91.4-.91.892 0 .33.185.615.455.77v1.017a.45.45 0 00.455.446.45.45 0 00.454-.446v-1.017a.887.887 0 00.454-.77.902.902 0 00-.908-.892z\"\/><\/g><\/g><defs><clipPath id=\"clip0_1574_4368\"><path fill=\"#fff\" d=\"M0 0h24v24H0z\"\/><\/clipPath><clipPath id=\"clip1_1574_4368\"><path fill=\"#fff\" transform=\"translate(7 4.857)\" d=\"M0 0h10v14.286H0z\"\/><\/clipPath><\/defs><\/svg><\/i><\/a>\n                                          <\/li>\n                                                                                          <li>\n                                              <a class=\"link-list\" href=\"https:\/\/help.jamk.fi\/asianhallinta\/fi\/2-asiakirjan-laatiminen-ja-muokkaaminen\/asiakirjan-nimike\/\" target=\"_self\">Asiakirjan nime\u00e4misk\u00e4yt\u00e4nteet<\/a>\n                                          <\/li>\n                                                                                          <li>\n                                              <a class=\"link-list\" href=\"https:\/\/help.jamk.fi\/asianhallinta\/fi\/2-asiakirjan-laatiminen-ja-muokkaaminen\/2-4-asiakirjatyypin-valitseminen\/\" target=\"_self\">Asiakirjatyypin valitseminen<\/a>\n                                          <\/li>\n                                                                                          <li>\n                                              <a class=\"link-list\" href=\"https:\/\/help.jamk.fi\/asianhallinta\/fi\/2-asiakirjan-laatiminen-ja-muokkaaminen\/asiakirjan-merkitseminen-valmiiksi\/\" target=\"_self\">Asiakirjan merkitseminen valmiiksi<\/a>\n                                          <\/li>\n                                                <\/ul>\n            \n          <\/div>\n        <\/div>\n      <\/div>\n<\/div>","protected":false},"excerpt":{"rendered":"<p>Voit tuoda ty\u00f6asemallasi tai ulkoisella tallennusv\u00e4lineelt\u00e4 asiakirjan Twebiin. Asiakirja voi olla jo valmis (pdf, tif, jpg) tai voit jatkaa sen muokkaamista Twebiss\u00e4 (Word-tiedostot). Tee asiakirjakortti Klikkaa Asiakirjat-valikosta Luo asiakirja. Hae tiedosto ty\u00f6asemalta\/ ulkoiselta tallennusv\u00e4lineelt\u00e4 Browse&#8211; painikkeella p\u00e4\u00e4set valitsemaan ty\u00f6asemaltasi tallennettavan asiakirjan, paina Avaa&#8211; painiketta. N\u00e4kym\u00e4 siirtyy takaisin Twebiin ja paina Tallenna ja jatka -painiketta. Tiedosto [&hellip;]<\/p>\n","protected":false},"author":94,"featured_media":0,"parent":80,"menu_order":330,"comment_status":"closed","ping_status":"closed","template":"","meta":{"_acf_changed":false,"_relevanssi_hide_post":"","_relevanssi_hide_content":"","_relevanssi_pin_for_all":"","_relevanssi_pin_keywords":"","_relevanssi_unpin_keywords":"","_relevanssi_related_keywords":"","_relevanssi_related_include_ids":"","_relevanssi_related_exclude_ids":"","_relevanssi_related_no_append":"","_relevanssi_related_not_related":"","_relevanssi_related_posts":"","_relevanssi_noindex_reason":"","footnotes":""},"categories":[],"tags":[75,587,589,591,593,595,39,597],"class_list":["post-95","page","type-page","status-publish","hentry","tag-asiakirja","tag-hae-fi","tag-hae-tiedosto-fi","tag-levylta-fi","tag-tuo-fi","tag-tuominen-fi","tag-tweb","tag-tyoasema-fi"],"acf":[],"yoast_head":"<!-- This site is optimized with the Yoast SEO plugin v27.4 - https:\/\/yoast.com\/product\/yoast-seo-wordpress\/ -->\n<title>Asiakirjan tuominen ty\u00f6asemalta tai ulkoiselta tallennusv\u00e4lineelt\u00e4 - Asianhallinta<\/title>\n<meta name=\"robots\" content=\"index, follow, max-snippet:-1, max-image-preview:large, max-video-preview:-1\" \/>\n<link rel=\"canonical\" href=\"https:\/\/help.jamk.fi\/asianhallinta\/fi\/2-asiakirjan-laatiminen-ja-muokkaaminen\/asiakirjan-tuominen-tyoasemalta\/\" \/>\n<meta property=\"og:locale\" content=\"fi_FI\" \/>\n<meta property=\"og:type\" content=\"article\" \/>\n<meta property=\"og:title\" content=\"Asiakirjan tuominen ty\u00f6asemalta tai ulkoiselta tallennusv\u00e4lineelt\u00e4 - Asianhallinta\" \/>\n<meta property=\"og:description\" content=\"Voit tuoda ty\u00f6asemallasi tai ulkoisella tallennusv\u00e4lineelt\u00e4 asiakirjan Twebiin. Asiakirja voi olla jo valmis (pdf, tif, jpg) tai voit jatkaa sen muokkaamista Twebiss\u00e4 (Word-tiedostot). Tee asiakirjakortti Klikkaa Asiakirjat-valikosta Luo asiakirja. Hae tiedosto ty\u00f6asemalta\/ ulkoiselta tallennusv\u00e4lineelt\u00e4 Browse&#8211; painikkeella p\u00e4\u00e4set valitsemaan ty\u00f6asemaltasi tallennettavan asiakirjan, paina Avaa&#8211; painiketta. N\u00e4kym\u00e4 siirtyy takaisin Twebiin ja paina Tallenna ja jatka -painiketta. Tiedosto [&hellip;]\" \/>\n<meta property=\"og:url\" content=\"https:\/\/help.jamk.fi\/asianhallinta\/fi\/2-asiakirjan-laatiminen-ja-muokkaaminen\/asiakirjan-tuominen-tyoasemalta\/\" \/>\n<meta property=\"og:site_name\" content=\"Asianhallinta\" \/>\n<meta property=\"article:modified_time\" content=\"2024-09-27T09:23:57+00:00\" \/>\n<meta property=\"og:image\" content=\"https:\/\/help.jamk.fi\/asianhallinta\/wp-content\/uploads\/sites\/53\/2023\/07\/Asiakirjat-valikko.jpg\" \/>\n<meta name=\"twitter:card\" content=\"summary_large_image\" \/>\n<meta name=\"twitter:label1\" content=\"Arvioitu lukuaika\" \/>\n\t<meta name=\"twitter:data1\" content=\"2 minuuttia\" \/>\n<script type=\"application\/ld+json\" class=\"yoast-schema-graph\">{\"@context\":\"https:\\\/\\\/schema.org\",\"@graph\":[{\"@type\":\"WebPage\",\"@id\":\"https:\\\/\\\/help.jamk.fi\\\/asianhallinta\\\/fi\\\/2-asiakirjan-laatiminen-ja-muokkaaminen\\\/asiakirjan-tuominen-tyoasemalta\\\/\",\"url\":\"https:\\\/\\\/help.jamk.fi\\\/asianhallinta\\\/fi\\\/2-asiakirjan-laatiminen-ja-muokkaaminen\\\/asiakirjan-tuominen-tyoasemalta\\\/\",\"name\":\"Asiakirjan tuominen ty\u00f6asemalta tai ulkoiselta tallennusv\u00e4lineelt\u00e4 - Asianhallinta\",\"isPartOf\":{\"@id\":\"https:\\\/\\\/help.jamk.fi\\\/asianhallinta\\\/#website\"},\"primaryImageOfPage\":{\"@id\":\"https:\\\/\\\/help.jamk.fi\\\/asianhallinta\\\/fi\\\/2-asiakirjan-laatiminen-ja-muokkaaminen\\\/asiakirjan-tuominen-tyoasemalta\\\/#primaryimage\"},\"image\":{\"@id\":\"https:\\\/\\\/help.jamk.fi\\\/asianhallinta\\\/fi\\\/2-asiakirjan-laatiminen-ja-muokkaaminen\\\/asiakirjan-tuominen-tyoasemalta\\\/#primaryimage\"},\"thumbnailUrl\":\"https:\\\/\\\/help.jamk.fi\\\/asianhallinta\\\/wp-content\\\/uploads\\\/sites\\\/53\\\/2023\\\/07\\\/Asiakirjat-valikko.jpg\",\"datePublished\":\"2012-12-13T08:23:13+00:00\",\"dateModified\":\"2024-09-27T09:23:57+00:00\",\"breadcrumb\":{\"@id\":\"https:\\\/\\\/help.jamk.fi\\\/asianhallinta\\\/fi\\\/2-asiakirjan-laatiminen-ja-muokkaaminen\\\/asiakirjan-tuominen-tyoasemalta\\\/#breadcrumb\"},\"inLanguage\":\"fi\",\"potentialAction\":[{\"@type\":\"ReadAction\",\"target\":[\"https:\\\/\\\/help.jamk.fi\\\/asianhallinta\\\/fi\\\/2-asiakirjan-laatiminen-ja-muokkaaminen\\\/asiakirjan-tuominen-tyoasemalta\\\/\"]}]},{\"@type\":\"ImageObject\",\"inLanguage\":\"fi\",\"@id\":\"https:\\\/\\\/help.jamk.fi\\\/asianhallinta\\\/fi\\\/2-asiakirjan-laatiminen-ja-muokkaaminen\\\/asiakirjan-tuominen-tyoasemalta\\\/#primaryimage\",\"url\":\"https:\\\/\\\/help.jamk.fi\\\/asianhallinta\\\/wp-content\\\/uploads\\\/sites\\\/53\\\/2023\\\/07\\\/Asiakirjat-valikko.jpg\",\"contentUrl\":\"https:\\\/\\\/help.jamk.fi\\\/asianhallinta\\\/wp-content\\\/uploads\\\/sites\\\/53\\\/2023\\\/07\\\/Asiakirjat-valikko.jpg\",\"width\":230,\"height\":198,\"caption\":\"Twebin Asiakirjat-valikko\"},{\"@type\":\"BreadcrumbList\",\"@id\":\"https:\\\/\\\/help.jamk.fi\\\/asianhallinta\\\/fi\\\/2-asiakirjan-laatiminen-ja-muokkaaminen\\\/asiakirjan-tuominen-tyoasemalta\\\/#breadcrumb\",\"itemListElement\":[{\"@type\":\"ListItem\",\"position\":1,\"name\":\"Etusivu\",\"item\":\"https:\\\/\\\/help.jamk.fi\\\/asianhallinta\\\/\"},{\"@type\":\"ListItem\",\"position\":2,\"name\":\"3 Asiakirja\",\"item\":\"https:\\\/\\\/help.jamk.fi\\\/asianhallinta\\\/fi\\\/2-asiakirjan-laatiminen-ja-muokkaaminen\\\/\"},{\"@type\":\"ListItem\",\"position\":3,\"name\":\"Asiakirjan tuominen ty\u00f6asemalta tai ulkoiselta tallennusv\u00e4lineelt\u00e4\"}]},{\"@type\":\"WebSite\",\"@id\":\"https:\\\/\\\/help.jamk.fi\\\/asianhallinta\\\/#website\",\"url\":\"https:\\\/\\\/help.jamk.fi\\\/asianhallinta\\\/\",\"name\":\"Asianhallinta\",\"description\":\"\",\"potentialAction\":[{\"@type\":\"SearchAction\",\"target\":{\"@type\":\"EntryPoint\",\"urlTemplate\":\"https:\\\/\\\/help.jamk.fi\\\/asianhallinta\\\/?s={search_term_string}\"},\"query-input\":{\"@type\":\"PropertyValueSpecification\",\"valueRequired\":true,\"valueName\":\"search_term_string\"}}],\"inLanguage\":\"fi\"}]}<\/script>\n<!-- \/ Yoast SEO plugin. -->","yoast_head_json":{"title":"Asiakirjan tuominen ty\u00f6asemalta tai ulkoiselta tallennusv\u00e4lineelt\u00e4 - Asianhallinta","robots":{"index":"index","follow":"follow","max-snippet":"max-snippet:-1","max-image-preview":"max-image-preview:large","max-video-preview":"max-video-preview:-1"},"canonical":"https:\/\/help.jamk.fi\/asianhallinta\/fi\/2-asiakirjan-laatiminen-ja-muokkaaminen\/asiakirjan-tuominen-tyoasemalta\/","og_locale":"fi_FI","og_type":"article","og_title":"Asiakirjan tuominen ty\u00f6asemalta tai ulkoiselta tallennusv\u00e4lineelt\u00e4 - Asianhallinta","og_description":"Voit tuoda ty\u00f6asemallasi tai ulkoisella tallennusv\u00e4lineelt\u00e4 asiakirjan Twebiin. Asiakirja voi olla jo valmis (pdf, tif, jpg) tai voit jatkaa sen muokkaamista Twebiss\u00e4 (Word-tiedostot). Tee asiakirjakortti Klikkaa Asiakirjat-valikosta Luo asiakirja. Hae tiedosto ty\u00f6asemalta\/ ulkoiselta tallennusv\u00e4lineelt\u00e4 Browse&#8211; painikkeella p\u00e4\u00e4set valitsemaan ty\u00f6asemaltasi tallennettavan asiakirjan, paina Avaa&#8211; painiketta. N\u00e4kym\u00e4 siirtyy takaisin Twebiin ja paina Tallenna ja jatka -painiketta. Tiedosto [&hellip;]","og_url":"https:\/\/help.jamk.fi\/asianhallinta\/fi\/2-asiakirjan-laatiminen-ja-muokkaaminen\/asiakirjan-tuominen-tyoasemalta\/","og_site_name":"Asianhallinta","article_modified_time":"2024-09-27T09:23:57+00:00","og_image":[{"url":"https:\/\/help.jamk.fi\/asianhallinta\/wp-content\/uploads\/sites\/53\/2023\/07\/Asiakirjat-valikko.jpg","type":"","width":"","height":""}],"twitter_card":"summary_large_image","twitter_misc":{"Arvioitu lukuaika":"2 minuuttia"},"schema":{"@context":"https:\/\/schema.org","@graph":[{"@type":"WebPage","@id":"https:\/\/help.jamk.fi\/asianhallinta\/fi\/2-asiakirjan-laatiminen-ja-muokkaaminen\/asiakirjan-tuominen-tyoasemalta\/","url":"https:\/\/help.jamk.fi\/asianhallinta\/fi\/2-asiakirjan-laatiminen-ja-muokkaaminen\/asiakirjan-tuominen-tyoasemalta\/","name":"Asiakirjan tuominen ty\u00f6asemalta tai ulkoiselta tallennusv\u00e4lineelt\u00e4 - Asianhallinta","isPartOf":{"@id":"https:\/\/help.jamk.fi\/asianhallinta\/#website"},"primaryImageOfPage":{"@id":"https:\/\/help.jamk.fi\/asianhallinta\/fi\/2-asiakirjan-laatiminen-ja-muokkaaminen\/asiakirjan-tuominen-tyoasemalta\/#primaryimage"},"image":{"@id":"https:\/\/help.jamk.fi\/asianhallinta\/fi\/2-asiakirjan-laatiminen-ja-muokkaaminen\/asiakirjan-tuominen-tyoasemalta\/#primaryimage"},"thumbnailUrl":"https:\/\/help.jamk.fi\/asianhallinta\/wp-content\/uploads\/sites\/53\/2023\/07\/Asiakirjat-valikko.jpg","datePublished":"2012-12-13T08:23:13+00:00","dateModified":"2024-09-27T09:23:57+00:00","breadcrumb":{"@id":"https:\/\/help.jamk.fi\/asianhallinta\/fi\/2-asiakirjan-laatiminen-ja-muokkaaminen\/asiakirjan-tuominen-tyoasemalta\/#breadcrumb"},"inLanguage":"fi","potentialAction":[{"@type":"ReadAction","target":["https:\/\/help.jamk.fi\/asianhallinta\/fi\/2-asiakirjan-laatiminen-ja-muokkaaminen\/asiakirjan-tuominen-tyoasemalta\/"]}]},{"@type":"ImageObject","inLanguage":"fi","@id":"https:\/\/help.jamk.fi\/asianhallinta\/fi\/2-asiakirjan-laatiminen-ja-muokkaaminen\/asiakirjan-tuominen-tyoasemalta\/#primaryimage","url":"https:\/\/help.jamk.fi\/asianhallinta\/wp-content\/uploads\/sites\/53\/2023\/07\/Asiakirjat-valikko.jpg","contentUrl":"https:\/\/help.jamk.fi\/asianhallinta\/wp-content\/uploads\/sites\/53\/2023\/07\/Asiakirjat-valikko.jpg","width":230,"height":198,"caption":"Twebin Asiakirjat-valikko"},{"@type":"BreadcrumbList","@id":"https:\/\/help.jamk.fi\/asianhallinta\/fi\/2-asiakirjan-laatiminen-ja-muokkaaminen\/asiakirjan-tuominen-tyoasemalta\/#breadcrumb","itemListElement":[{"@type":"ListItem","position":1,"name":"Etusivu","item":"https:\/\/help.jamk.fi\/asianhallinta\/"},{"@type":"ListItem","position":2,"name":"3 Asiakirja","item":"https:\/\/help.jamk.fi\/asianhallinta\/fi\/2-asiakirjan-laatiminen-ja-muokkaaminen\/"},{"@type":"ListItem","position":3,"name":"Asiakirjan tuominen ty\u00f6asemalta tai ulkoiselta tallennusv\u00e4lineelt\u00e4"}]},{"@type":"WebSite","@id":"https:\/\/help.jamk.fi\/asianhallinta\/#website","url":"https:\/\/help.jamk.fi\/asianhallinta\/","name":"Asianhallinta","description":"","potentialAction":[{"@type":"SearchAction","target":{"@type":"EntryPoint","urlTemplate":"https:\/\/help.jamk.fi\/asianhallinta\/?s={search_term_string}"},"query-input":{"@type":"PropertyValueSpecification","valueRequired":true,"valueName":"search_term_string"}}],"inLanguage":"fi"}]}},"_links":{"self":[{"href":"https:\/\/help.jamk.fi\/asianhallinta\/wp-json\/wp\/v2\/pages\/95","targetHints":{"allow":["GET"]}}],"collection":[{"href":"https:\/\/help.jamk.fi\/asianhallinta\/wp-json\/wp\/v2\/pages"}],"about":[{"href":"https:\/\/help.jamk.fi\/asianhallinta\/wp-json\/wp\/v2\/types\/page"}],"author":[{"embeddable":true,"href":"https:\/\/help.jamk.fi\/asianhallinta\/wp-json\/wp\/v2\/users\/94"}],"replies":[{"embeddable":true,"href":"https:\/\/help.jamk.fi\/asianhallinta\/wp-json\/wp\/v2\/comments?post=95"}],"version-history":[{"count":19,"href":"https:\/\/help.jamk.fi\/asianhallinta\/wp-json\/wp\/v2\/pages\/95\/revisions"}],"predecessor-version":[{"id":1913,"href":"https:\/\/help.jamk.fi\/asianhallinta\/wp-json\/wp\/v2\/pages\/95\/revisions\/1913"}],"up":[{"embeddable":true,"href":"https:\/\/help.jamk.fi\/asianhallinta\/wp-json\/wp\/v2\/pages\/80"}],"wp:attachment":[{"href":"https:\/\/help.jamk.fi\/asianhallinta\/wp-json\/wp\/v2\/media?parent=95"}],"wp:term":[{"taxonomy":"category","embeddable":true,"href":"https:\/\/help.jamk.fi\/asianhallinta\/wp-json\/wp\/v2\/categories?post=95"},{"taxonomy":"post_tag","embeddable":true,"href":"https:\/\/help.jamk.fi\/asianhallinta\/wp-json\/wp\/v2\/tags?post=95"}],"curies":[{"name":"wp","href":"https:\/\/api.w.org\/{rel}","templated":true}]}}