{"id":106,"date":"2019-10-31T07:02:58","date_gmt":"2019-10-31T05:02:58","guid":{"rendered":"https:\/\/help.jamk.fi\/digikeskus\/zoom-reppu\/"},"modified":"2024-01-19T14:38:19","modified_gmt":"2024-01-19T12:38:19","slug":"zoom-reppu","status":"publish","type":"page","link":"https:\/\/help.jamk.fi\/digikeskus\/fi\/zoom-reppu\/","title":{"rendered":"Zoom-laukku"},"content":{"rendered":"\n<p>Digikeskuksella on pari kappaletta lainattavia ns. Zoom-laukkuja. Laukussa on k\u00e4\u00e4ntyv\u00e4p\u00e4inen kamera ja sille jalusta ja kauko-ohjain, heitelt\u00e4v\u00e4 Catchbox-mikrofoni ja esiintyj\u00e4n mikrofoni (langaton solmiomikrofoni tai kaulamikrofoni). Laukkuja on kahta eri versiota, vanhemmassa versiossa kuva ja \u00e4\u00e4ni tuodaan tietokoneelle WebPresenter-muuntimen kautta yhdell\u00e4 USB-kaapelilla. Toisessa uudemmassa versiossa ei ole WebPresenteri\u00e4, vaan sek\u00e4 kamera ett\u00e4 Catchboxin vastaanotin liitet\u00e4\u00e4n kumpikin omalla USB-kaapelilla tietokoneeseen kiinni.<\/p>\n\n\n\n<p>Jamkilla laukkuja on ajateltu k\u00e4ytett\u00e4v\u00e4n l\u00e4hinn\u00e4 Zoom-j\u00e4rjestelm\u00e4n avulla toteutettavien kokousten, tapahtumien ja opetustilanteiden videokuvan ja \u00e4\u00e4nen v\u00e4litt\u00e4miseen, mutta se soveltuu my\u00f6s mm. Teams, Skype, AC, Youtube Live, Facebook Live, Panopto -j\u00e4rjestelmien kautta tapahtuviin l\u00e4hetyksiin. Periaatteessa toimii siis kaikkien niiden j\u00e4rjestelmien kautta jotka tunnistavat USB-liit\u00e4nt\u00e4iset kuva- ja \u00e4\u00e4nilaitteet.<\/p>\n\n\n\n<figure class=\"wp-block-image alignnone wp-image-136\"><img decoding=\"async\" src=\"https:\/\/help.jamk.fi\/digikeskus\/wp-content\/uploads\/sites\/91\/2023\/09\/zoom-reppu.jpg\" alt=\"vanhempi Zoom-reppu\" class=\"wp-image-136\"\/><figcaption class=\"wp-element-caption\">vanhempi Zoom-laukku<\/figcaption><\/figure>\n\n\n\n<figure class=\"wp-block-image alignnone wp-image-137 size-large\"><img decoding=\"async\" src=\"https:\/\/help.jamk.fi\/digikeskus\/wp-content\/uploads\/sites\/91\/2023\/09\/IMG_0306.jpg\" alt=\"uudempi Zoom-reppu\" class=\"wp-image-137\"\/><figcaption class=\"wp-element-caption\">uudempi Zoom-laukku<\/figcaption><\/figure>\n\n\n\n<figure class=\"wp-block-image alignnone size-large wp-image-143\"><img decoding=\"async\" src=\"https:\/\/help.jamk.fi\/digikeskus\/wp-content\/uploads\/sites\/91\/2023\/09\/zoom_luokassa.jpg\" alt=\"Zoom-reppu opetuksessa\" class=\"wp-image-143\"\/><figcaption class=\"wp-element-caption\">Zoom-laukku opetuksessa<\/figcaption><\/figure>\n","protected":false},"excerpt":{"rendered":"<p>Digikeskuksella on pari kappaletta lainattavia ns. Zoom-laukkuja. Laukussa on k\u00e4\u00e4ntyv\u00e4p\u00e4inen kamera ja sille jalusta ja kauko-ohjain, heitelt\u00e4v\u00e4 Catchbox-mikrofoni ja esiintyj\u00e4n mikrofoni (langaton solmiomikrofoni tai kaulamikrofoni). Laukkuja on kahta eri versiota, vanhemmassa versiossa kuva ja \u00e4\u00e4ni tuodaan tietokoneelle WebPresenter-muuntimen kautta yhdell\u00e4 USB-kaapelilla. Toisessa uudemmassa versiossa ei ole WebPresenteri\u00e4, vaan sek\u00e4 kamera ett\u00e4 Catchboxin vastaanotin liitet\u00e4\u00e4n kumpikin [&hellip;]<\/p>\n","protected":false},"author":74,"featured_media":0,"parent":0,"menu_order":6,"comment_status":"closed","ping_status":"closed","template":"","meta":{"_acf_changed":false,"_relevanssi_hide_post":"","_relevanssi_hide_content":"","_relevanssi_pin_for_all":"","_relevanssi_pin_keywords":"","_relevanssi_unpin_keywords":"","_relevanssi_related_keywords":"","_relevanssi_related_include_ids":"","_relevanssi_related_exclude_ids":"","_relevanssi_related_no_append":"","_relevanssi_related_not_related":"","_relevanssi_related_posts":"","_relevanssi_noindex_reason":"","footnotes":""},"categories":[],"tags":[],"class_list":["post-106","page","type-page","status-publish","hentry"],"acf":[],"yoast_head":"<!-- This site is optimized with the Yoast SEO plugin v27.3 - https:\/\/yoast.com\/product\/yoast-seo-wordpress\/ -->\n<title>Zoom-laukku - Digikeskus<\/title>\n<meta name=\"robots\" content=\"index, follow, max-snippet:-1, max-image-preview:large, max-video-preview:-1\" \/>\n<link rel=\"canonical\" href=\"https:\/\/help.jamk.fi\/digikeskus\/fi\/zoom-reppu\/\" \/>\n<meta property=\"og:locale\" content=\"fi_FI\" \/>\n<meta property=\"og:type\" content=\"article\" \/>\n<meta property=\"og:title\" content=\"Zoom-laukku - Digikeskus\" \/>\n<meta property=\"og:description\" content=\"Digikeskuksella on pari kappaletta lainattavia ns. Zoom-laukkuja. Laukussa on k\u00e4\u00e4ntyv\u00e4p\u00e4inen kamera ja sille jalusta ja kauko-ohjain, heitelt\u00e4v\u00e4 Catchbox-mikrofoni ja esiintyj\u00e4n mikrofoni (langaton solmiomikrofoni tai kaulamikrofoni). Laukkuja on kahta eri versiota, vanhemmassa versiossa kuva ja \u00e4\u00e4ni tuodaan tietokoneelle WebPresenter-muuntimen kautta yhdell\u00e4 USB-kaapelilla. Toisessa uudemmassa versiossa ei ole WebPresenteri\u00e4, vaan sek\u00e4 kamera ett\u00e4 Catchboxin vastaanotin liitet\u00e4\u00e4n kumpikin [&hellip;]\" \/>\n<meta property=\"og:url\" content=\"https:\/\/help.jamk.fi\/digikeskus\/fi\/zoom-reppu\/\" \/>\n<meta property=\"og:site_name\" content=\"Digikeskus\" \/>\n<meta property=\"article:modified_time\" content=\"2024-01-19T12:38:19+00:00\" \/>\n<meta property=\"og:image\" content=\"https:\/\/help.jamk.fi\/digikeskus\/wp-content\/uploads\/sites\/91\/2023\/09\/zoom-reppu.jpg\" \/>\n<meta name=\"twitter:card\" content=\"summary_large_image\" \/>\n<meta name=\"twitter:label1\" content=\"Arvioitu lukuaika\" \/>\n\t<meta name=\"twitter:data1\" content=\"2 minuuttia\" \/>\n<script type=\"application\/ld+json\" class=\"yoast-schema-graph\">{\"@context\":\"https:\\\/\\\/schema.org\",\"@graph\":[{\"@type\":\"WebPage\",\"@id\":\"https:\\\/\\\/help.jamk.fi\\\/digikeskus\\\/fi\\\/zoom-reppu\\\/\",\"url\":\"https:\\\/\\\/help.jamk.fi\\\/digikeskus\\\/fi\\\/zoom-reppu\\\/\",\"name\":\"Zoom-laukku - Digikeskus\",\"isPartOf\":{\"@id\":\"https:\\\/\\\/help.jamk.fi\\\/digikeskus\\\/#website\"},\"primaryImageOfPage\":{\"@id\":\"https:\\\/\\\/help.jamk.fi\\\/digikeskus\\\/fi\\\/zoom-reppu\\\/#primaryimage\"},\"image\":{\"@id\":\"https:\\\/\\\/help.jamk.fi\\\/digikeskus\\\/fi\\\/zoom-reppu\\\/#primaryimage\"},\"thumbnailUrl\":\"https:\\\/\\\/help.jamk.fi\\\/digikeskus\\\/wp-content\\\/uploads\\\/sites\\\/91\\\/2023\\\/09\\\/zoom-reppu.jpg\",\"datePublished\":\"2019-10-31T05:02:58+00:00\",\"dateModified\":\"2024-01-19T12:38:19+00:00\",\"breadcrumb\":{\"@id\":\"https:\\\/\\\/help.jamk.fi\\\/digikeskus\\\/fi\\\/zoom-reppu\\\/#breadcrumb\"},\"inLanguage\":\"fi\",\"potentialAction\":[{\"@type\":\"ReadAction\",\"target\":[\"https:\\\/\\\/help.jamk.fi\\\/digikeskus\\\/fi\\\/zoom-reppu\\\/\"]}]},{\"@type\":\"ImageObject\",\"inLanguage\":\"fi\",\"@id\":\"https:\\\/\\\/help.jamk.fi\\\/digikeskus\\\/fi\\\/zoom-reppu\\\/#primaryimage\",\"url\":\"\",\"contentUrl\":\"\"},{\"@type\":\"BreadcrumbList\",\"@id\":\"https:\\\/\\\/help.jamk.fi\\\/digikeskus\\\/fi\\\/zoom-reppu\\\/#breadcrumb\",\"itemListElement\":[{\"@type\":\"ListItem\",\"position\":1,\"name\":\"Etusivu\",\"item\":\"https:\\\/\\\/help.jamk.fi\\\/digikeskus\\\/fi\\\/\"},{\"@type\":\"ListItem\",\"position\":2,\"name\":\"Zoom-laukku\"}]},{\"@type\":\"WebSite\",\"@id\":\"https:\\\/\\\/help.jamk.fi\\\/digikeskus\\\/#website\",\"url\":\"https:\\\/\\\/help.jamk.fi\\\/digikeskus\\\/\",\"name\":\"Digikeskus\",\"description\":\"\",\"potentialAction\":[{\"@type\":\"SearchAction\",\"target\":{\"@type\":\"EntryPoint\",\"urlTemplate\":\"https:\\\/\\\/help.jamk.fi\\\/digikeskus\\\/?s={search_term_string}\"},\"query-input\":{\"@type\":\"PropertyValueSpecification\",\"valueRequired\":true,\"valueName\":\"search_term_string\"}}],\"inLanguage\":\"fi\"}]}<\/script>\n<!-- \/ Yoast SEO plugin. -->","yoast_head_json":{"title":"Zoom-laukku - Digikeskus","robots":{"index":"index","follow":"follow","max-snippet":"max-snippet:-1","max-image-preview":"max-image-preview:large","max-video-preview":"max-video-preview:-1"},"canonical":"https:\/\/help.jamk.fi\/digikeskus\/fi\/zoom-reppu\/","og_locale":"fi_FI","og_type":"article","og_title":"Zoom-laukku - Digikeskus","og_description":"Digikeskuksella on pari kappaletta lainattavia ns. Zoom-laukkuja. Laukussa on k\u00e4\u00e4ntyv\u00e4p\u00e4inen kamera ja sille jalusta ja kauko-ohjain, heitelt\u00e4v\u00e4 Catchbox-mikrofoni ja esiintyj\u00e4n mikrofoni (langaton solmiomikrofoni tai kaulamikrofoni). Laukkuja on kahta eri versiota, vanhemmassa versiossa kuva ja \u00e4\u00e4ni tuodaan tietokoneelle WebPresenter-muuntimen kautta yhdell\u00e4 USB-kaapelilla. Toisessa uudemmassa versiossa ei ole WebPresenteri\u00e4, vaan sek\u00e4 kamera ett\u00e4 Catchboxin vastaanotin liitet\u00e4\u00e4n kumpikin [&hellip;]","og_url":"https:\/\/help.jamk.fi\/digikeskus\/fi\/zoom-reppu\/","og_site_name":"Digikeskus","article_modified_time":"2024-01-19T12:38:19+00:00","og_image":[{"url":"https:\/\/help.jamk.fi\/digikeskus\/wp-content\/uploads\/sites\/91\/2023\/09\/zoom-reppu.jpg","type":"","width":"","height":""}],"twitter_card":"summary_large_image","twitter_misc":{"Arvioitu lukuaika":"2 minuuttia"},"schema":{"@context":"https:\/\/schema.org","@graph":[{"@type":"WebPage","@id":"https:\/\/help.jamk.fi\/digikeskus\/fi\/zoom-reppu\/","url":"https:\/\/help.jamk.fi\/digikeskus\/fi\/zoom-reppu\/","name":"Zoom-laukku - Digikeskus","isPartOf":{"@id":"https:\/\/help.jamk.fi\/digikeskus\/#website"},"primaryImageOfPage":{"@id":"https:\/\/help.jamk.fi\/digikeskus\/fi\/zoom-reppu\/#primaryimage"},"image":{"@id":"https:\/\/help.jamk.fi\/digikeskus\/fi\/zoom-reppu\/#primaryimage"},"thumbnailUrl":"https:\/\/help.jamk.fi\/digikeskus\/wp-content\/uploads\/sites\/91\/2023\/09\/zoom-reppu.jpg","datePublished":"2019-10-31T05:02:58+00:00","dateModified":"2024-01-19T12:38:19+00:00","breadcrumb":{"@id":"https:\/\/help.jamk.fi\/digikeskus\/fi\/zoom-reppu\/#breadcrumb"},"inLanguage":"fi","potentialAction":[{"@type":"ReadAction","target":["https:\/\/help.jamk.fi\/digikeskus\/fi\/zoom-reppu\/"]}]},{"@type":"ImageObject","inLanguage":"fi","@id":"https:\/\/help.jamk.fi\/digikeskus\/fi\/zoom-reppu\/#primaryimage","url":"","contentUrl":""},{"@type":"BreadcrumbList","@id":"https:\/\/help.jamk.fi\/digikeskus\/fi\/zoom-reppu\/#breadcrumb","itemListElement":[{"@type":"ListItem","position":1,"name":"Etusivu","item":"https:\/\/help.jamk.fi\/digikeskus\/fi\/"},{"@type":"ListItem","position":2,"name":"Zoom-laukku"}]},{"@type":"WebSite","@id":"https:\/\/help.jamk.fi\/digikeskus\/#website","url":"https:\/\/help.jamk.fi\/digikeskus\/","name":"Digikeskus","description":"","potentialAction":[{"@type":"SearchAction","target":{"@type":"EntryPoint","urlTemplate":"https:\/\/help.jamk.fi\/digikeskus\/?s={search_term_string}"},"query-input":{"@type":"PropertyValueSpecification","valueRequired":true,"valueName":"search_term_string"}}],"inLanguage":"fi"}]}},"_links":{"self":[{"href":"https:\/\/help.jamk.fi\/digikeskus\/wp-json\/wp\/v2\/pages\/106","targetHints":{"allow":["GET"]}}],"collection":[{"href":"https:\/\/help.jamk.fi\/digikeskus\/wp-json\/wp\/v2\/pages"}],"about":[{"href":"https:\/\/help.jamk.fi\/digikeskus\/wp-json\/wp\/v2\/types\/page"}],"author":[{"embeddable":true,"href":"https:\/\/help.jamk.fi\/digikeskus\/wp-json\/wp\/v2\/users\/74"}],"replies":[{"embeddable":true,"href":"https:\/\/help.jamk.fi\/digikeskus\/wp-json\/wp\/v2\/comments?post=106"}],"version-history":[{"count":5,"href":"https:\/\/help.jamk.fi\/digikeskus\/wp-json\/wp\/v2\/pages\/106\/revisions"}],"predecessor-version":[{"id":681,"href":"https:\/\/help.jamk.fi\/digikeskus\/wp-json\/wp\/v2\/pages\/106\/revisions\/681"}],"wp:attachment":[{"href":"https:\/\/help.jamk.fi\/digikeskus\/wp-json\/wp\/v2\/media?parent=106"}],"wp:term":[{"taxonomy":"category","embeddable":true,"href":"https:\/\/help.jamk.fi\/digikeskus\/wp-json\/wp\/v2\/categories?post=106"},{"taxonomy":"post_tag","embeddable":true,"href":"https:\/\/help.jamk.fi\/digikeskus\/wp-json\/wp\/v2\/tags?post=106"}],"curies":[{"name":"wp","href":"https:\/\/api.w.org\/{rel}","templated":true}]}}