{"id":13,"date":"2019-04-18T07:09:06","date_gmt":"2019-04-18T04:09:06","guid":{"rendered":"https:\/\/help.jamk.fi\/digikeskus\/studio\/"},"modified":"2025-03-26T12:46:32","modified_gmt":"2025-03-26T10:46:32","slug":"studio","status":"publish","type":"page","link":"https:\/\/help.jamk.fi\/digikeskus\/fi\/studio\/","title":{"rendered":"Studio"},"content":{"rendered":"\n<p>Digikeskuksen studio (eli Green room) on palvelutila. Jamkin henkil\u00f6kunta voi tilata palvelua Elmo-intrassa olevalla Videokuvaustilaus-lomakkeella. K\u00e4yt\u00e4nn\u00f6ss\u00e4 t\u00e4m\u00e4 tarkoittaa sit\u00e4, ett\u00e4 tilaa ei voi k\u00e4ytt\u00e4\u00e4 itsen\u00e4isesti, vaan <strong>tilan k\u00e4ytt\u00f6\u00e4 ohjaa aina digikeskuksen oma henkil\u00f6kunta<\/strong>.<\/p>\n\n\n\n<p>Studiossa on oletuksena vihre\u00e4 taustakangas ja matto. Vihre\u00e4n taustan takaa l\u00f6ytyy my\u00f6s sininen, musta ja valkoinen tausta. Vihre\u00e4 ja sininen tausta voidaan ohjelmallisesti korvata esim. esitysmateriaalilla, maisemalla tai vaikka videoleikkeell\u00e4 joko esitystilanteessa tai j\u00e4lkik\u00e4teen.<\/p>\n\n\n\n<figure class=\"wp-block-image\"><img decoding=\"async\" src=\"https:\/\/help.jamk.fi\/digikeskus\/wp-content\/uploads\/sites\/91\/2023\/09\/studiossa-1.jpg\" alt=\"\" class=\"wp-image-102\"\/><\/figure>\n\n\n\n<p>Studion takaosassa on erillinen ikkunallinen tarkkaamo, jossa on video- ja \u00e4\u00e4nimikserit sek\u00e4 tallentimet. Tarkkaamossa on my\u00f6skin ohjaajan ty\u00f6piste.<\/p>\n\n\n\n<figure class=\"wp-block-image\"><img decoding=\"async\" src=\"https:\/\/help.jamk.fi\/digikeskus\/wp-content\/uploads\/sites\/91\/2023\/09\/tarkkaamo.jpg\" alt=\"\" class=\"wp-image-60\"\/><\/figure>\n\n\n\n<p>Studion perusvarustukseen kuuluu mm. monipuolinen valikoima ledvaloja, 4.6K videokameroita, langattomat mikrofonit (2 kpl), langallisia mikrofoneja, esitystietokone, Samsung Flip 55&#8243; digitaalinen fl\u00e4ppitaulu sek\u00e4 teleprompteri.<\/p>\n\n\n\n<p>Fl\u00e4ppitauluun voidaan n\u00e4ytt\u00e4\u00e4 esim. livekuvaa tallennuksesta, jolloin esiintyj\u00e4 n\u00e4kee, kuinka h\u00e4n sijoittuu videokuvassa. Fl\u00e4ppitaulua voidaan k\u00e4ytt\u00e4\u00e4 tarvittaessa my\u00f6s esitysv\u00e4lineen\u00e4. Teleprompteri sijoitetaan kameran linssin eteen, ja siihen heijastetaan teksti tabletilla py\u00f6riv\u00e4st\u00e4 teleprompter-ohjemasta, jolloin esiintyj\u00e4n katse on kohdistettu suoraan kameraan.<\/p>\n\n\n\n<p>Videotallennusj\u00e4rjestelm\u00e4ksi on valittu sujuvan ja yhten\u00e4isen ty\u00f6nkulun vuoksi saman valmistajan eli Blackmagic Designin tuotteita. Videoiden miksaus tapahtuu <strong>ATEM Television Studio Pro 4K<\/strong>:lla, jolla voi my\u00f6s s\u00e4\u00e4t\u00e4\u00e4 <strong>Ursa Mini Pro 4.6K<\/strong> kameroiden aukot, v\u00e4rit, ym arvot suoraan mikserist\u00e4 k\u00e4sin. Kukin kuval\u00e4hde voidaan tallentaa erikseen omalle <strong>HyperDeck Studio 12G<\/strong> kovalevytallentimille korkealla laadulla. \u00c4\u00e4net s\u00e4\u00e4det\u00e4\u00e4n <strong>Soundcraftin Ui16<\/strong> digimikserin avulla. Tarvittaessa mikserist\u00e4 ohjataan kuvaa edelleen kaapparin kautta l\u00e4pp\u00e4rille ja siell\u00e4 sit\u00e4 voidaan miksata lis\u00e4\u00e4 esim. <strong>Wirecast Pro<\/strong> ohjelmistolla ja tallentaa sek\u00e4 striimata sit\u00e4 eteenp\u00e4in eri verkkojakelualustoille. My\u00f6s Zoomin kautta on kokeiltu l\u00e4hett\u00e4\u00e4 studion kuvaa verkkokokouksiin. Videoiden j\u00e4lkik\u00e4sittelyyn ja editointiin k\u00e4ytet\u00e4\u00e4n Blackmagic Designin <strong>DaVinci Resolve Studio<\/strong> ohjelmistoa. Samalla ohjelmalla hoituu k\u00e4tev\u00e4sti leikkaus, tehosteet, v\u00e4rikorjailut sek\u00e4 \u00e4\u00e4nten s\u00e4\u00e4d\u00f6t. Resolve Studio on k\u00e4ytett\u00e4viss\u00e4 my\u00f6s Digikeskuksen editointitilan koneissa. Resolvella on mahdollista k\u00e4sitell\u00e4 my\u00f6s kameroiden tuottamia Raw-videotiedostoja. Resolven ilmaisversion voit ladata <a href=\"https:\/\/www.blackmagicdesign.com\/products\/davinciresolve\/\">DaVinci Resolve<\/a> -sivuilta.<\/p>\n\n\n\n<p>Studion valaistus hoidetaan Aputuren LS C300d Light Storm spottivaloilla sek\u00e4 Litepanelsin Astra 3x-ledpaneeleilla. Langattomina mikrofoneina on k\u00e4yt\u00f6ss\u00e4 Sennheiserin ew 4G-mallit, joihin on vaihtoehtoina solmiomikrofoni tai kapula. Lis\u00e4ksi varustukseen muutama langallinen mikrofoni, joita voidaan ottaa k\u00e4ytt\u00f6\u00f6n tarpeen mukaan (mm. suurikalvoinen sE 2300).<\/p>\n\n\n\n<p>Studio on jatkuvasti kehittyv\u00e4 tila ja palvelukokonaisuus, jota kehitet\u00e4\u00e4n sit\u00e4 mukaa kun siell\u00e4 toimitaan ja toiminnan kautta saadaan uusia ideoita.<\/p>\n","protected":false},"excerpt":{"rendered":"<p>Digikeskuksen studio (eli Green room) on palvelutila. Jamkin henkil\u00f6kunta voi tilata palvelua Elmo-intrassa olevalla Videokuvaustilaus-lomakkeella. K\u00e4yt\u00e4nn\u00f6ss\u00e4 t\u00e4m\u00e4 tarkoittaa sit\u00e4, ett\u00e4 tilaa ei voi k\u00e4ytt\u00e4\u00e4 itsen\u00e4isesti, vaan tilan k\u00e4ytt\u00f6\u00e4 ohjaa aina digikeskuksen oma henkil\u00f6kunta. Studiossa on oletuksena vihre\u00e4 taustakangas ja matto. Vihre\u00e4n taustan takaa l\u00f6ytyy my\u00f6s sininen, musta ja valkoinen tausta. Vihre\u00e4 ja sininen tausta voidaan [&hellip;]<\/p>\n","protected":false},"author":74,"featured_media":0,"parent":0,"menu_order":1,"comment_status":"closed","ping_status":"closed","template":"","meta":{"_acf_changed":false,"_relevanssi_hide_post":"","_relevanssi_hide_content":"","_relevanssi_pin_for_all":"","_relevanssi_pin_keywords":"","_relevanssi_unpin_keywords":"","_relevanssi_related_keywords":"","_relevanssi_related_include_ids":"","_relevanssi_related_exclude_ids":"","_relevanssi_related_no_append":"","_relevanssi_related_not_related":"","_relevanssi_related_posts":"","_relevanssi_noindex_reason":"","footnotes":""},"categories":[],"tags":[],"class_list":["post-13","page","type-page","status-publish","hentry"],"acf":[],"yoast_head":"<!-- This site is optimized with the Yoast SEO plugin v27.3 - https:\/\/yoast.com\/product\/yoast-seo-wordpress\/ -->\n<title>Studio - Digikeskus<\/title>\n<meta name=\"robots\" content=\"index, follow, max-snippet:-1, max-image-preview:large, max-video-preview:-1\" \/>\n<link rel=\"canonical\" href=\"https:\/\/help.jamk.fi\/digikeskus\/fi\/studio\/\" \/>\n<meta property=\"og:locale\" content=\"fi_FI\" \/>\n<meta property=\"og:type\" content=\"article\" \/>\n<meta property=\"og:title\" content=\"Studio - Digikeskus\" \/>\n<meta property=\"og:description\" content=\"Digikeskuksen studio (eli Green room) on palvelutila. Jamkin henkil\u00f6kunta voi tilata palvelua Elmo-intrassa olevalla Videokuvaustilaus-lomakkeella. K\u00e4yt\u00e4nn\u00f6ss\u00e4 t\u00e4m\u00e4 tarkoittaa sit\u00e4, ett\u00e4 tilaa ei voi k\u00e4ytt\u00e4\u00e4 itsen\u00e4isesti, vaan tilan k\u00e4ytt\u00f6\u00e4 ohjaa aina digikeskuksen oma henkil\u00f6kunta. Studiossa on oletuksena vihre\u00e4 taustakangas ja matto. Vihre\u00e4n taustan takaa l\u00f6ytyy my\u00f6s sininen, musta ja valkoinen tausta. Vihre\u00e4 ja sininen tausta voidaan [&hellip;]\" \/>\n<meta property=\"og:url\" content=\"https:\/\/help.jamk.fi\/digikeskus\/fi\/studio\/\" \/>\n<meta property=\"og:site_name\" content=\"Digikeskus\" \/>\n<meta property=\"article:modified_time\" content=\"2025-03-26T10:46:32+00:00\" \/>\n<meta name=\"twitter:card\" content=\"summary_large_image\" \/>\n<meta name=\"twitter:label1\" content=\"Arvioitu lukuaika\" \/>\n\t<meta name=\"twitter:data1\" content=\"3 minuuttia\" \/>\n<script type=\"application\/ld+json\" class=\"yoast-schema-graph\">{\"@context\":\"https:\\\/\\\/schema.org\",\"@graph\":[{\"@type\":\"WebPage\",\"@id\":\"https:\\\/\\\/help.jamk.fi\\\/digikeskus\\\/fi\\\/studio\\\/\",\"url\":\"https:\\\/\\\/help.jamk.fi\\\/digikeskus\\\/fi\\\/studio\\\/\",\"name\":\"Studio - Digikeskus\",\"isPartOf\":{\"@id\":\"https:\\\/\\\/help.jamk.fi\\\/digikeskus\\\/#website\"},\"primaryImageOfPage\":{\"@id\":\"https:\\\/\\\/help.jamk.fi\\\/digikeskus\\\/fi\\\/studio\\\/#primaryimage\"},\"image\":{\"@id\":\"https:\\\/\\\/help.jamk.fi\\\/digikeskus\\\/fi\\\/studio\\\/#primaryimage\"},\"thumbnailUrl\":\"https:\\\/\\\/help.jamk.fi\\\/digikeskus\\\/wp-content\\\/uploads\\\/sites\\\/91\\\/2023\\\/09\\\/studiossa-1.jpg\",\"datePublished\":\"2019-04-18T04:09:06+00:00\",\"dateModified\":\"2025-03-26T10:46:32+00:00\",\"breadcrumb\":{\"@id\":\"https:\\\/\\\/help.jamk.fi\\\/digikeskus\\\/fi\\\/studio\\\/#breadcrumb\"},\"inLanguage\":\"fi\",\"potentialAction\":[{\"@type\":\"ReadAction\",\"target\":[\"https:\\\/\\\/help.jamk.fi\\\/digikeskus\\\/fi\\\/studio\\\/\"]}]},{\"@type\":\"ImageObject\",\"inLanguage\":\"fi\",\"@id\":\"https:\\\/\\\/help.jamk.fi\\\/digikeskus\\\/fi\\\/studio\\\/#primaryimage\",\"url\":\"\",\"contentUrl\":\"\"},{\"@type\":\"BreadcrumbList\",\"@id\":\"https:\\\/\\\/help.jamk.fi\\\/digikeskus\\\/fi\\\/studio\\\/#breadcrumb\",\"itemListElement\":[{\"@type\":\"ListItem\",\"position\":1,\"name\":\"Etusivu\",\"item\":\"https:\\\/\\\/help.jamk.fi\\\/digikeskus\\\/fi\\\/\"},{\"@type\":\"ListItem\",\"position\":2,\"name\":\"Studio\"}]},{\"@type\":\"WebSite\",\"@id\":\"https:\\\/\\\/help.jamk.fi\\\/digikeskus\\\/#website\",\"url\":\"https:\\\/\\\/help.jamk.fi\\\/digikeskus\\\/\",\"name\":\"Digikeskus\",\"description\":\"\",\"potentialAction\":[{\"@type\":\"SearchAction\",\"target\":{\"@type\":\"EntryPoint\",\"urlTemplate\":\"https:\\\/\\\/help.jamk.fi\\\/digikeskus\\\/?s={search_term_string}\"},\"query-input\":{\"@type\":\"PropertyValueSpecification\",\"valueRequired\":true,\"valueName\":\"search_term_string\"}}],\"inLanguage\":\"fi\"}]}<\/script>\n<!-- \/ Yoast SEO plugin. -->","yoast_head_json":{"title":"Studio - Digikeskus","robots":{"index":"index","follow":"follow","max-snippet":"max-snippet:-1","max-image-preview":"max-image-preview:large","max-video-preview":"max-video-preview:-1"},"canonical":"https:\/\/help.jamk.fi\/digikeskus\/fi\/studio\/","og_locale":"fi_FI","og_type":"article","og_title":"Studio - Digikeskus","og_description":"Digikeskuksen studio (eli Green room) on palvelutila. Jamkin henkil\u00f6kunta voi tilata palvelua Elmo-intrassa olevalla Videokuvaustilaus-lomakkeella. K\u00e4yt\u00e4nn\u00f6ss\u00e4 t\u00e4m\u00e4 tarkoittaa sit\u00e4, ett\u00e4 tilaa ei voi k\u00e4ytt\u00e4\u00e4 itsen\u00e4isesti, vaan tilan k\u00e4ytt\u00f6\u00e4 ohjaa aina digikeskuksen oma henkil\u00f6kunta. Studiossa on oletuksena vihre\u00e4 taustakangas ja matto. Vihre\u00e4n taustan takaa l\u00f6ytyy my\u00f6s sininen, musta ja valkoinen tausta. Vihre\u00e4 ja sininen tausta voidaan [&hellip;]","og_url":"https:\/\/help.jamk.fi\/digikeskus\/fi\/studio\/","og_site_name":"Digikeskus","article_modified_time":"2025-03-26T10:46:32+00:00","twitter_card":"summary_large_image","twitter_misc":{"Arvioitu lukuaika":"3 minuuttia"},"schema":{"@context":"https:\/\/schema.org","@graph":[{"@type":"WebPage","@id":"https:\/\/help.jamk.fi\/digikeskus\/fi\/studio\/","url":"https:\/\/help.jamk.fi\/digikeskus\/fi\/studio\/","name":"Studio - Digikeskus","isPartOf":{"@id":"https:\/\/help.jamk.fi\/digikeskus\/#website"},"primaryImageOfPage":{"@id":"https:\/\/help.jamk.fi\/digikeskus\/fi\/studio\/#primaryimage"},"image":{"@id":"https:\/\/help.jamk.fi\/digikeskus\/fi\/studio\/#primaryimage"},"thumbnailUrl":"https:\/\/help.jamk.fi\/digikeskus\/wp-content\/uploads\/sites\/91\/2023\/09\/studiossa-1.jpg","datePublished":"2019-04-18T04:09:06+00:00","dateModified":"2025-03-26T10:46:32+00:00","breadcrumb":{"@id":"https:\/\/help.jamk.fi\/digikeskus\/fi\/studio\/#breadcrumb"},"inLanguage":"fi","potentialAction":[{"@type":"ReadAction","target":["https:\/\/help.jamk.fi\/digikeskus\/fi\/studio\/"]}]},{"@type":"ImageObject","inLanguage":"fi","@id":"https:\/\/help.jamk.fi\/digikeskus\/fi\/studio\/#primaryimage","url":"","contentUrl":""},{"@type":"BreadcrumbList","@id":"https:\/\/help.jamk.fi\/digikeskus\/fi\/studio\/#breadcrumb","itemListElement":[{"@type":"ListItem","position":1,"name":"Etusivu","item":"https:\/\/help.jamk.fi\/digikeskus\/fi\/"},{"@type":"ListItem","position":2,"name":"Studio"}]},{"@type":"WebSite","@id":"https:\/\/help.jamk.fi\/digikeskus\/#website","url":"https:\/\/help.jamk.fi\/digikeskus\/","name":"Digikeskus","description":"","potentialAction":[{"@type":"SearchAction","target":{"@type":"EntryPoint","urlTemplate":"https:\/\/help.jamk.fi\/digikeskus\/?s={search_term_string}"},"query-input":{"@type":"PropertyValueSpecification","valueRequired":true,"valueName":"search_term_string"}}],"inLanguage":"fi"}]}},"_links":{"self":[{"href":"https:\/\/help.jamk.fi\/digikeskus\/wp-json\/wp\/v2\/pages\/13","targetHints":{"allow":["GET"]}}],"collection":[{"href":"https:\/\/help.jamk.fi\/digikeskus\/wp-json\/wp\/v2\/pages"}],"about":[{"href":"https:\/\/help.jamk.fi\/digikeskus\/wp-json\/wp\/v2\/types\/page"}],"author":[{"embeddable":true,"href":"https:\/\/help.jamk.fi\/digikeskus\/wp-json\/wp\/v2\/users\/74"}],"replies":[{"embeddable":true,"href":"https:\/\/help.jamk.fi\/digikeskus\/wp-json\/wp\/v2\/comments?post=13"}],"version-history":[{"count":8,"href":"https:\/\/help.jamk.fi\/digikeskus\/wp-json\/wp\/v2\/pages\/13\/revisions"}],"predecessor-version":[{"id":706,"href":"https:\/\/help.jamk.fi\/digikeskus\/wp-json\/wp\/v2\/pages\/13\/revisions\/706"}],"wp:attachment":[{"href":"https:\/\/help.jamk.fi\/digikeskus\/wp-json\/wp\/v2\/media?parent=13"}],"wp:term":[{"taxonomy":"category","embeddable":true,"href":"https:\/\/help.jamk.fi\/digikeskus\/wp-json\/wp\/v2\/categories?post=13"},{"taxonomy":"post_tag","embeddable":true,"href":"https:\/\/help.jamk.fi\/digikeskus\/wp-json\/wp\/v2\/tags?post=13"}],"curies":[{"name":"wp","href":"https:\/\/api.w.org\/{rel}","templated":true}]}}