{"id":133,"date":"2022-12-08T07:17:45","date_gmt":"2022-12-08T05:17:45","guid":{"rendered":"https:\/\/help.jamk.fi\/digikeskus\/podcast\/"},"modified":"2024-01-11T09:16:39","modified_gmt":"2024-01-11T07:16:39","slug":"podcast","status":"publish","type":"page","link":"https:\/\/help.jamk.fi\/digikeskus\/fi\/podcast\/","title":{"rendered":"Podcast"},"content":{"rendered":"\n<p>Digikeskukselta l\u00f6ytyy v\u00e4lineit\u00e4 podcastien tekoon. <a data-type=\"URL\" data-id=\"https:\/\/help.jamk.fi\/digikeskus\/podcast\/podcast-poyta\/\" href=\"https:\/\/help.jamk.fi\/digikeskus\/podcast\/podcast-poyta\/\">Podcast-p\u00f6yt\u00e4<\/a> varataan Outlookin kautta (Tuberoom Black) ja <a data-type=\"URL\" data-id=\"https:\/\/help.jamk.fi\/digikeskus\/podcast\/podcast-reppu\/\" href=\"https:\/\/help.jamk.fi\/digikeskus\/podcast\/podcast-reppu\/\">Podcast-reppua<\/a> voi kysell\u00e4 lainaksi henkil\u00f6kunnalta. Lis\u00e4ksi l\u00f6ytyy yksitt\u00e4isi\u00e4 mikrofoneja ja tallentimia podcastien tekoa varten.<\/p>\n","protected":false},"excerpt":{"rendered":"<p>Digikeskukselta l\u00f6ytyy v\u00e4lineit\u00e4 podcastien tekoon. Podcast-p\u00f6yt\u00e4 varataan Outlookin kautta (Tuberoom Black) ja Podcast-reppua voi kysell\u00e4 lainaksi henkil\u00f6kunnalta. Lis\u00e4ksi l\u00f6ytyy yksitt\u00e4isi\u00e4 mikrofoneja ja tallentimia podcastien tekoa varten.<\/p>\n","protected":false},"author":74,"featured_media":0,"parent":0,"menu_order":0,"comment_status":"closed","ping_status":"closed","template":"","meta":{"_acf_changed":false,"_relevanssi_hide_post":"","_relevanssi_hide_content":"","_relevanssi_pin_for_all":"","_relevanssi_pin_keywords":"","_relevanssi_unpin_keywords":"","_relevanssi_related_keywords":"","_relevanssi_related_include_ids":"","_relevanssi_related_exclude_ids":"","_relevanssi_related_no_append":"","_relevanssi_related_not_related":"","_relevanssi_related_posts":"","_relevanssi_noindex_reason":"","footnotes":""},"categories":[],"tags":[],"class_list":["post-133","page","type-page","status-publish","hentry"],"acf":[],"yoast_head":"<!-- This site is optimized with the Yoast SEO plugin v27.3 - https:\/\/yoast.com\/product\/yoast-seo-wordpress\/ -->\n<title>Podcast - Digikeskus<\/title>\n<meta name=\"robots\" content=\"index, follow, max-snippet:-1, max-image-preview:large, max-video-preview:-1\" \/>\n<link rel=\"canonical\" href=\"https:\/\/help.jamk.fi\/digikeskus\/fi\/podcast\/\" \/>\n<meta property=\"og:locale\" content=\"fi_FI\" \/>\n<meta property=\"og:type\" content=\"article\" \/>\n<meta property=\"og:title\" content=\"Podcast - Digikeskus\" \/>\n<meta property=\"og:description\" content=\"Digikeskukselta l\u00f6ytyy v\u00e4lineit\u00e4 podcastien tekoon. Podcast-p\u00f6yt\u00e4 varataan Outlookin kautta (Tuberoom Black) ja Podcast-reppua voi kysell\u00e4 lainaksi henkil\u00f6kunnalta. Lis\u00e4ksi l\u00f6ytyy yksitt\u00e4isi\u00e4 mikrofoneja ja tallentimia podcastien tekoa varten.\" \/>\n<meta property=\"og:url\" content=\"https:\/\/help.jamk.fi\/digikeskus\/fi\/podcast\/\" \/>\n<meta property=\"og:site_name\" content=\"Digikeskus\" \/>\n<meta property=\"article:modified_time\" content=\"2024-01-11T07:16:39+00:00\" \/>\n<meta name=\"twitter:card\" content=\"summary_large_image\" \/>\n<meta name=\"twitter:label1\" content=\"Arvioitu lukuaika\" \/>\n\t<meta name=\"twitter:data1\" content=\"1 minuutti\" \/>\n<script type=\"application\/ld+json\" class=\"yoast-schema-graph\">{\"@context\":\"https:\\\/\\\/schema.org\",\"@graph\":[{\"@type\":\"WebPage\",\"@id\":\"https:\\\/\\\/help.jamk.fi\\\/digikeskus\\\/fi\\\/podcast\\\/\",\"url\":\"https:\\\/\\\/help.jamk.fi\\\/digikeskus\\\/fi\\\/podcast\\\/\",\"name\":\"Podcast - Digikeskus\",\"isPartOf\":{\"@id\":\"https:\\\/\\\/help.jamk.fi\\\/digikeskus\\\/#website\"},\"datePublished\":\"2022-12-08T05:17:45+00:00\",\"dateModified\":\"2024-01-11T07:16:39+00:00\",\"breadcrumb\":{\"@id\":\"https:\\\/\\\/help.jamk.fi\\\/digikeskus\\\/fi\\\/podcast\\\/#breadcrumb\"},\"inLanguage\":\"fi\",\"potentialAction\":[{\"@type\":\"ReadAction\",\"target\":[\"https:\\\/\\\/help.jamk.fi\\\/digikeskus\\\/fi\\\/podcast\\\/\"]}]},{\"@type\":\"BreadcrumbList\",\"@id\":\"https:\\\/\\\/help.jamk.fi\\\/digikeskus\\\/fi\\\/podcast\\\/#breadcrumb\",\"itemListElement\":[{\"@type\":\"ListItem\",\"position\":1,\"name\":\"Etusivu\",\"item\":\"https:\\\/\\\/help.jamk.fi\\\/digikeskus\\\/fi\\\/\"},{\"@type\":\"ListItem\",\"position\":2,\"name\":\"Podcast\"}]},{\"@type\":\"WebSite\",\"@id\":\"https:\\\/\\\/help.jamk.fi\\\/digikeskus\\\/#website\",\"url\":\"https:\\\/\\\/help.jamk.fi\\\/digikeskus\\\/\",\"name\":\"Digikeskus\",\"description\":\"\",\"potentialAction\":[{\"@type\":\"SearchAction\",\"target\":{\"@type\":\"EntryPoint\",\"urlTemplate\":\"https:\\\/\\\/help.jamk.fi\\\/digikeskus\\\/?s={search_term_string}\"},\"query-input\":{\"@type\":\"PropertyValueSpecification\",\"valueRequired\":true,\"valueName\":\"search_term_string\"}}],\"inLanguage\":\"fi\"}]}<\/script>\n<!-- \/ Yoast SEO plugin. -->","yoast_head_json":{"title":"Podcast - Digikeskus","robots":{"index":"index","follow":"follow","max-snippet":"max-snippet:-1","max-image-preview":"max-image-preview:large","max-video-preview":"max-video-preview:-1"},"canonical":"https:\/\/help.jamk.fi\/digikeskus\/fi\/podcast\/","og_locale":"fi_FI","og_type":"article","og_title":"Podcast - Digikeskus","og_description":"Digikeskukselta l\u00f6ytyy v\u00e4lineit\u00e4 podcastien tekoon. Podcast-p\u00f6yt\u00e4 varataan Outlookin kautta (Tuberoom Black) ja Podcast-reppua voi kysell\u00e4 lainaksi henkil\u00f6kunnalta. Lis\u00e4ksi l\u00f6ytyy yksitt\u00e4isi\u00e4 mikrofoneja ja tallentimia podcastien tekoa varten.","og_url":"https:\/\/help.jamk.fi\/digikeskus\/fi\/podcast\/","og_site_name":"Digikeskus","article_modified_time":"2024-01-11T07:16:39+00:00","twitter_card":"summary_large_image","twitter_misc":{"Arvioitu lukuaika":"1 minuutti"},"schema":{"@context":"https:\/\/schema.org","@graph":[{"@type":"WebPage","@id":"https:\/\/help.jamk.fi\/digikeskus\/fi\/podcast\/","url":"https:\/\/help.jamk.fi\/digikeskus\/fi\/podcast\/","name":"Podcast - Digikeskus","isPartOf":{"@id":"https:\/\/help.jamk.fi\/digikeskus\/#website"},"datePublished":"2022-12-08T05:17:45+00:00","dateModified":"2024-01-11T07:16:39+00:00","breadcrumb":{"@id":"https:\/\/help.jamk.fi\/digikeskus\/fi\/podcast\/#breadcrumb"},"inLanguage":"fi","potentialAction":[{"@type":"ReadAction","target":["https:\/\/help.jamk.fi\/digikeskus\/fi\/podcast\/"]}]},{"@type":"BreadcrumbList","@id":"https:\/\/help.jamk.fi\/digikeskus\/fi\/podcast\/#breadcrumb","itemListElement":[{"@type":"ListItem","position":1,"name":"Etusivu","item":"https:\/\/help.jamk.fi\/digikeskus\/fi\/"},{"@type":"ListItem","position":2,"name":"Podcast"}]},{"@type":"WebSite","@id":"https:\/\/help.jamk.fi\/digikeskus\/#website","url":"https:\/\/help.jamk.fi\/digikeskus\/","name":"Digikeskus","description":"","potentialAction":[{"@type":"SearchAction","target":{"@type":"EntryPoint","urlTemplate":"https:\/\/help.jamk.fi\/digikeskus\/?s={search_term_string}"},"query-input":{"@type":"PropertyValueSpecification","valueRequired":true,"valueName":"search_term_string"}}],"inLanguage":"fi"}]}},"_links":{"self":[{"href":"https:\/\/help.jamk.fi\/digikeskus\/wp-json\/wp\/v2\/pages\/133","targetHints":{"allow":["GET"]}}],"collection":[{"href":"https:\/\/help.jamk.fi\/digikeskus\/wp-json\/wp\/v2\/pages"}],"about":[{"href":"https:\/\/help.jamk.fi\/digikeskus\/wp-json\/wp\/v2\/types\/page"}],"author":[{"embeddable":true,"href":"https:\/\/help.jamk.fi\/digikeskus\/wp-json\/wp\/v2\/users\/74"}],"replies":[{"embeddable":true,"href":"https:\/\/help.jamk.fi\/digikeskus\/wp-json\/wp\/v2\/comments?post=133"}],"version-history":[{"count":2,"href":"https:\/\/help.jamk.fi\/digikeskus\/wp-json\/wp\/v2\/pages\/133\/revisions"}],"predecessor-version":[{"id":670,"href":"https:\/\/help.jamk.fi\/digikeskus\/wp-json\/wp\/v2\/pages\/133\/revisions\/670"}],"wp:attachment":[{"href":"https:\/\/help.jamk.fi\/digikeskus\/wp-json\/wp\/v2\/media?parent=133"}],"wp:term":[{"taxonomy":"category","embeddable":true,"href":"https:\/\/help.jamk.fi\/digikeskus\/wp-json\/wp\/v2\/categories?post=133"},{"taxonomy":"post_tag","embeddable":true,"href":"https:\/\/help.jamk.fi\/digikeskus\/wp-json\/wp\/v2\/tags?post=133"}],"curies":[{"name":"wp","href":"https:\/\/api.w.org\/{rel}","templated":true}]}}