{"id":43,"date":"2019-04-18T07:11:27","date_gmt":"2019-04-18T04:11:27","guid":{"rendered":"https:\/\/help.jamk.fi\/digikeskus\/white-room\/"},"modified":"2025-03-26T12:19:42","modified_gmt":"2025-03-26T10:19:42","slug":"white-room","status":"publish","type":"page","link":"https:\/\/help.jamk.fi\/digikeskus\/fi\/white-room\/","title":{"rendered":"White Room"},"content":{"rendered":"\n<p>White Room (A105C) on teknisesti saman kaltainen kuin aiemmin toisaalle rakennettu &#8221;musta&#8221; Tuberoom. Pilottina Rajakadun FK28-tilaan toteutettu tekniikka siirrettiin Digikeskuksen yhteyteen Black Roomiin ja rinnalle rakennettiin yleisilmeelt\u00e4\u00e4n valkoinen versio Tuberoomista. Videotallennus toimii molemmissa tiloissa samaan tapaan ja samalla ohjelmistolla. Valkoinen tila eroaa mustasta paitsi v\u00e4ritykselt\u00e4\u00e4n my\u00f6s k\u00e4ytt\u00f6tilanteiltaan. Valkoinen on suunniteltu p\u00e4\u00e4asiassa ryhm\u00e4tilanteisiin ja haastatteluihin. Mikrofoni on sijoitettu kattoon p\u00f6yt\u00e4ryhm\u00e4n yl\u00e4puolelle. Viimeaikoina tilasta on onnistuneesti osallistuttu my\u00f6s Zoom-verkkokokouksiin, onpa Zoomin kautta v\u00e4litetty keskustelutilaisuus kiinalaisille opiskelijoille.<\/p>\n\n\n\n<p>Whiteroomin varustukseen kuuluu my\u00f6s Samsung Flip -digitaalinen fl\u00e4ppitaulu. Fl\u00e4ppitaulua voi k\u00e4ytt\u00e4\u00e4 esitysv\u00e4lineen\u00e4 tai apumonitorina. Jos fl\u00e4ppitauluun liitt\u00e4\u00e4 Windows-kannettavan (hdmi &amp; usb), se toimii my\u00f6s interaktiivisen n\u00e4yt\u00f6n tapaan kosketusn\u00e4ytt\u00f6n\u00e4. L\u00e4pp\u00e4rin kuva saadaan kaapattua ja leikattua tarvittaessa mukaan videotallenteeseen.<\/p>\n\n\n\n<p>Tilassa on my\u00f6s perinteinen kokousmikrofoni ja usb-webkamera.<\/p>\n\n\n\n<p><a href=\"https:\/\/help.jamk.fi\/tuberoom\/fi\/\">Ens h\u00e4t\u00e4\u00e4n vanhan Tuberoomin tukisivut<\/a>.<\/p>\n\n\n\n<figure class=\"wp-block-image\"><img decoding=\"async\" src=\"https:\/\/help.jamk.fi\/digikeskus\/wp-content\/uploads\/sites\/91\/2023\/09\/whiteroom1-1.jpg\" alt=\"\" class=\"wp-image-96\"\/><\/figure>\n","protected":false},"excerpt":{"rendered":"<p>White Room (A105C) on teknisesti saman kaltainen kuin aiemmin toisaalle rakennettu &#8221;musta&#8221; Tuberoom. Pilottina Rajakadun FK28-tilaan toteutettu tekniikka siirrettiin Digikeskuksen yhteyteen Black Roomiin ja rinnalle rakennettiin yleisilmeelt\u00e4\u00e4n valkoinen versio Tuberoomista. Videotallennus toimii molemmissa tiloissa samaan tapaan ja samalla ohjelmistolla. Valkoinen tila eroaa mustasta paitsi v\u00e4ritykselt\u00e4\u00e4n my\u00f6s k\u00e4ytt\u00f6tilanteiltaan. Valkoinen on suunniteltu p\u00e4\u00e4asiassa ryhm\u00e4tilanteisiin ja haastatteluihin. Mikrofoni [&hellip;]<\/p>\n","protected":false},"author":74,"featured_media":0,"parent":0,"menu_order":3,"comment_status":"closed","ping_status":"closed","template":"","meta":{"_acf_changed":false,"_relevanssi_hide_post":"","_relevanssi_hide_content":"","_relevanssi_pin_for_all":"","_relevanssi_pin_keywords":"","_relevanssi_unpin_keywords":"","_relevanssi_related_keywords":"","_relevanssi_related_include_ids":"","_relevanssi_related_exclude_ids":"","_relevanssi_related_no_append":"","_relevanssi_related_not_related":"","_relevanssi_related_posts":"","_relevanssi_noindex_reason":"","footnotes":""},"categories":[],"tags":[],"class_list":["post-43","page","type-page","status-publish","hentry"],"acf":[],"yoast_head":"<!-- This site is optimized with the Yoast SEO plugin v27.5 - https:\/\/yoast.com\/product\/yoast-seo-wordpress\/ -->\n<title>White Room - Digikeskus<\/title>\n<meta name=\"robots\" content=\"index, follow, max-snippet:-1, max-image-preview:large, max-video-preview:-1\" \/>\n<link rel=\"canonical\" href=\"https:\/\/help.jamk.fi\/digikeskus\/fi\/white-room\/\" \/>\n<meta property=\"og:locale\" content=\"fi_FI\" \/>\n<meta property=\"og:type\" content=\"article\" \/>\n<meta property=\"og:title\" content=\"White Room - Digikeskus\" \/>\n<meta property=\"og:description\" content=\"White Room (A105C) on teknisesti saman kaltainen kuin aiemmin toisaalle rakennettu &#8221;musta&#8221; Tuberoom. Pilottina Rajakadun FK28-tilaan toteutettu tekniikka siirrettiin Digikeskuksen yhteyteen Black Roomiin ja rinnalle rakennettiin yleisilmeelt\u00e4\u00e4n valkoinen versio Tuberoomista. Videotallennus toimii molemmissa tiloissa samaan tapaan ja samalla ohjelmistolla. Valkoinen tila eroaa mustasta paitsi v\u00e4ritykselt\u00e4\u00e4n my\u00f6s k\u00e4ytt\u00f6tilanteiltaan. Valkoinen on suunniteltu p\u00e4\u00e4asiassa ryhm\u00e4tilanteisiin ja haastatteluihin. Mikrofoni [&hellip;]\" \/>\n<meta property=\"og:url\" content=\"https:\/\/help.jamk.fi\/digikeskus\/fi\/white-room\/\" \/>\n<meta property=\"og:site_name\" content=\"Digikeskus\" \/>\n<meta property=\"article:modified_time\" content=\"2025-03-26T10:19:42+00:00\" \/>\n<meta name=\"twitter:card\" content=\"summary_large_image\" \/>\n<meta name=\"twitter:label1\" content=\"Arvioitu lukuaika\" \/>\n\t<meta name=\"twitter:data1\" content=\"1 minuutti\" \/>\n<script type=\"application\/ld+json\" class=\"yoast-schema-graph\">{\"@context\":\"https:\\\/\\\/schema.org\",\"@graph\":[{\"@type\":\"WebPage\",\"@id\":\"https:\\\/\\\/help.jamk.fi\\\/digikeskus\\\/fi\\\/white-room\\\/\",\"url\":\"https:\\\/\\\/help.jamk.fi\\\/digikeskus\\\/fi\\\/white-room\\\/\",\"name\":\"White Room - Digikeskus\",\"isPartOf\":{\"@id\":\"https:\\\/\\\/help.jamk.fi\\\/digikeskus\\\/#website\"},\"primaryImageOfPage\":{\"@id\":\"https:\\\/\\\/help.jamk.fi\\\/digikeskus\\\/fi\\\/white-room\\\/#primaryimage\"},\"image\":{\"@id\":\"https:\\\/\\\/help.jamk.fi\\\/digikeskus\\\/fi\\\/white-room\\\/#primaryimage\"},\"thumbnailUrl\":\"https:\\\/\\\/help.jamk.fi\\\/digikeskus\\\/wp-content\\\/uploads\\\/sites\\\/91\\\/2023\\\/09\\\/whiteroom1-1.jpg\",\"datePublished\":\"2019-04-18T04:11:27+00:00\",\"dateModified\":\"2025-03-26T10:19:42+00:00\",\"breadcrumb\":{\"@id\":\"https:\\\/\\\/help.jamk.fi\\\/digikeskus\\\/fi\\\/white-room\\\/#breadcrumb\"},\"inLanguage\":\"fi\",\"potentialAction\":[{\"@type\":\"ReadAction\",\"target\":[\"https:\\\/\\\/help.jamk.fi\\\/digikeskus\\\/fi\\\/white-room\\\/\"]}]},{\"@type\":\"ImageObject\",\"inLanguage\":\"fi\",\"@id\":\"https:\\\/\\\/help.jamk.fi\\\/digikeskus\\\/fi\\\/white-room\\\/#primaryimage\",\"url\":\"\",\"contentUrl\":\"\"},{\"@type\":\"BreadcrumbList\",\"@id\":\"https:\\\/\\\/help.jamk.fi\\\/digikeskus\\\/fi\\\/white-room\\\/#breadcrumb\",\"itemListElement\":[{\"@type\":\"ListItem\",\"position\":1,\"name\":\"Etusivu\",\"item\":\"https:\\\/\\\/help.jamk.fi\\\/digikeskus\\\/fi\\\/\"},{\"@type\":\"ListItem\",\"position\":2,\"name\":\"White Room\"}]},{\"@type\":\"WebSite\",\"@id\":\"https:\\\/\\\/help.jamk.fi\\\/digikeskus\\\/#website\",\"url\":\"https:\\\/\\\/help.jamk.fi\\\/digikeskus\\\/\",\"name\":\"Digikeskus\",\"description\":\"\",\"potentialAction\":[{\"@type\":\"SearchAction\",\"target\":{\"@type\":\"EntryPoint\",\"urlTemplate\":\"https:\\\/\\\/help.jamk.fi\\\/digikeskus\\\/?s={search_term_string}\"},\"query-input\":{\"@type\":\"PropertyValueSpecification\",\"valueRequired\":true,\"valueName\":\"search_term_string\"}}],\"inLanguage\":\"fi\"}]}<\/script>\n<!-- \/ Yoast SEO plugin. -->","yoast_head_json":{"title":"White Room - Digikeskus","robots":{"index":"index","follow":"follow","max-snippet":"max-snippet:-1","max-image-preview":"max-image-preview:large","max-video-preview":"max-video-preview:-1"},"canonical":"https:\/\/help.jamk.fi\/digikeskus\/fi\/white-room\/","og_locale":"fi_FI","og_type":"article","og_title":"White Room - Digikeskus","og_description":"White Room (A105C) on teknisesti saman kaltainen kuin aiemmin toisaalle rakennettu &#8221;musta&#8221; Tuberoom. Pilottina Rajakadun FK28-tilaan toteutettu tekniikka siirrettiin Digikeskuksen yhteyteen Black Roomiin ja rinnalle rakennettiin yleisilmeelt\u00e4\u00e4n valkoinen versio Tuberoomista. Videotallennus toimii molemmissa tiloissa samaan tapaan ja samalla ohjelmistolla. Valkoinen tila eroaa mustasta paitsi v\u00e4ritykselt\u00e4\u00e4n my\u00f6s k\u00e4ytt\u00f6tilanteiltaan. Valkoinen on suunniteltu p\u00e4\u00e4asiassa ryhm\u00e4tilanteisiin ja haastatteluihin. Mikrofoni [&hellip;]","og_url":"https:\/\/help.jamk.fi\/digikeskus\/fi\/white-room\/","og_site_name":"Digikeskus","article_modified_time":"2025-03-26T10:19:42+00:00","twitter_card":"summary_large_image","twitter_misc":{"Arvioitu lukuaika":"1 minuutti"},"schema":{"@context":"https:\/\/schema.org","@graph":[{"@type":"WebPage","@id":"https:\/\/help.jamk.fi\/digikeskus\/fi\/white-room\/","url":"https:\/\/help.jamk.fi\/digikeskus\/fi\/white-room\/","name":"White Room - Digikeskus","isPartOf":{"@id":"https:\/\/help.jamk.fi\/digikeskus\/#website"},"primaryImageOfPage":{"@id":"https:\/\/help.jamk.fi\/digikeskus\/fi\/white-room\/#primaryimage"},"image":{"@id":"https:\/\/help.jamk.fi\/digikeskus\/fi\/white-room\/#primaryimage"},"thumbnailUrl":"https:\/\/help.jamk.fi\/digikeskus\/wp-content\/uploads\/sites\/91\/2023\/09\/whiteroom1-1.jpg","datePublished":"2019-04-18T04:11:27+00:00","dateModified":"2025-03-26T10:19:42+00:00","breadcrumb":{"@id":"https:\/\/help.jamk.fi\/digikeskus\/fi\/white-room\/#breadcrumb"},"inLanguage":"fi","potentialAction":[{"@type":"ReadAction","target":["https:\/\/help.jamk.fi\/digikeskus\/fi\/white-room\/"]}]},{"@type":"ImageObject","inLanguage":"fi","@id":"https:\/\/help.jamk.fi\/digikeskus\/fi\/white-room\/#primaryimage","url":"","contentUrl":""},{"@type":"BreadcrumbList","@id":"https:\/\/help.jamk.fi\/digikeskus\/fi\/white-room\/#breadcrumb","itemListElement":[{"@type":"ListItem","position":1,"name":"Etusivu","item":"https:\/\/help.jamk.fi\/digikeskus\/fi\/"},{"@type":"ListItem","position":2,"name":"White Room"}]},{"@type":"WebSite","@id":"https:\/\/help.jamk.fi\/digikeskus\/#website","url":"https:\/\/help.jamk.fi\/digikeskus\/","name":"Digikeskus","description":"","potentialAction":[{"@type":"SearchAction","target":{"@type":"EntryPoint","urlTemplate":"https:\/\/help.jamk.fi\/digikeskus\/?s={search_term_string}"},"query-input":{"@type":"PropertyValueSpecification","valueRequired":true,"valueName":"search_term_string"}}],"inLanguage":"fi"}]}},"_links":{"self":[{"href":"https:\/\/help.jamk.fi\/digikeskus\/wp-json\/wp\/v2\/pages\/43","targetHints":{"allow":["GET"]}}],"collection":[{"href":"https:\/\/help.jamk.fi\/digikeskus\/wp-json\/wp\/v2\/pages"}],"about":[{"href":"https:\/\/help.jamk.fi\/digikeskus\/wp-json\/wp\/v2\/types\/page"}],"author":[{"embeddable":true,"href":"https:\/\/help.jamk.fi\/digikeskus\/wp-json\/wp\/v2\/users\/74"}],"replies":[{"embeddable":true,"href":"https:\/\/help.jamk.fi\/digikeskus\/wp-json\/wp\/v2\/comments?post=43"}],"version-history":[{"count":12,"href":"https:\/\/help.jamk.fi\/digikeskus\/wp-json\/wp\/v2\/pages\/43\/revisions"}],"predecessor-version":[{"id":698,"href":"https:\/\/help.jamk.fi\/digikeskus\/wp-json\/wp\/v2\/pages\/43\/revisions\/698"}],"wp:attachment":[{"href":"https:\/\/help.jamk.fi\/digikeskus\/wp-json\/wp\/v2\/media?parent=43"}],"wp:term":[{"taxonomy":"category","embeddable":true,"href":"https:\/\/help.jamk.fi\/digikeskus\/wp-json\/wp\/v2\/categories?post=43"},{"taxonomy":"post_tag","embeddable":true,"href":"https:\/\/help.jamk.fi\/digikeskus\/wp-json\/wp\/v2\/tags?post=43"}],"curies":[{"name":"wp","href":"https:\/\/api.w.org\/{rel}","templated":true}]}}