{"id":55,"date":"2019-04-18T07:11:54","date_gmt":"2019-04-18T04:11:54","guid":{"rendered":"https:\/\/help.jamk.fi\/digikeskus\/webinar\/"},"modified":"2024-01-19T15:04:20","modified_gmt":"2024-01-19T13:04:20","slug":"webinar","status":"publish","type":"page","link":"https:\/\/help.jamk.fi\/digikeskus\/fi\/webinar\/","title":{"rendered":"Webinar"},"content":{"rendered":"\n<p>Webinar-tiloissa voit osallistua webinaareihin tai tehd\u00e4 vaikka \u00e4\u00e4ni- ja videotallenteita (vlog, podcast, yms). Varustukseen kuuluu tietokone, kaksi monitoria, suurikalvoinen mikrofoni, aktiivikaiuttimet, webkamera sek\u00e4 kaksi s\u00e4\u00e4dett\u00e4v\u00e4\u00e4 videovaloa. Webinar-tilojen p\u00f6yd\u00e4t on p\u00e4\u00e4llystetty mustalla DC-Fix pinnoitteella heijastusten v\u00e4ltt\u00e4miseksi. Tilojen seini\u00e4 kiert\u00e4\u00e4 kolmella sein\u00e4ll\u00e4 k\u00e4ytt\u00e4j\u00e4n takana ja sivuilla paksu molleton-n\u00e4ytt\u00e4m\u00f6kangas, joka on toisessa vihre\u00e4 ja toisessa sininen. Tilassa on satulatuolit kahdelle. Kun k\u00e4ynnist\u00e4t Zoomin tai Teamsin, niin valitse ensin \u00e4\u00e4nil\u00e4hteeksi (recording device)\u00a0<strong>Yeti<\/strong>, toistolaitteeksi tietokoneen sis\u00e4inen \u00e4\u00e4niliit\u00e4nt\u00e4 (playback device), sek\u00e4 webkameraksi <strong>Logitechin C920<\/strong>.<\/p>\n\n\n\n<p>\u00c4\u00e4nitallenteita podcasteihin voit tehd\u00e4 esim. Adobe Audition -ohjelmistolla tai ilmaisella Audacity ohjelmistolla. &nbsp;Kuvaruututallennevideoita voidaan tehd\u00e4 joko Panopton Recorderilla (tulossa), OBS Studiolla (tulossa) tai Zoomilla.<\/p>\n\n\n\n<figure class=\"wp-block-image alignnone size-large wp-image-132\"><img decoding=\"async\" src=\"https:\/\/help.jamk.fi\/digikeskus\/wp-content\/uploads\/sites\/91\/2023\/09\/V0170019_Hyperframe_Photo.jpg\" alt=\"Sininnen webinar-huone\" class=\"wp-image-132\"\/><figcaption class=\"wp-element-caption\">Sininen webinar-huone<\/figcaption><\/figure>\n\n\n\n<figure class=\"wp-block-image alignnone size-large wp-image-133\"><img decoding=\"async\" src=\"https:\/\/help.jamk.fi\/digikeskus\/wp-content\/uploads\/sites\/91\/2023\/09\/V0160018_Hyperframe_Photo.jpg\" alt=\"Vihre\u00e4 webinar-huone\" class=\"wp-image-133\"\/><figcaption class=\"wp-element-caption\">Vihre\u00e4 webinar-huone<\/figcaption><\/figure>\n","protected":false},"excerpt":{"rendered":"<p>Webinar-tiloissa voit osallistua webinaareihin tai tehd\u00e4 vaikka \u00e4\u00e4ni- ja videotallenteita (vlog, podcast, yms). Varustukseen kuuluu tietokone, kaksi monitoria, suurikalvoinen mikrofoni, aktiivikaiuttimet, webkamera sek\u00e4 kaksi s\u00e4\u00e4dett\u00e4v\u00e4\u00e4 videovaloa. Webinar-tilojen p\u00f6yd\u00e4t on p\u00e4\u00e4llystetty mustalla DC-Fix pinnoitteella heijastusten v\u00e4ltt\u00e4miseksi. Tilojen seini\u00e4 kiert\u00e4\u00e4 kolmella sein\u00e4ll\u00e4 k\u00e4ytt\u00e4j\u00e4n takana ja sivuilla paksu molleton-n\u00e4ytt\u00e4m\u00f6kangas, joka on toisessa vihre\u00e4 ja toisessa sininen. Tilassa on [&hellip;]<\/p>\n","protected":false},"author":74,"featured_media":0,"parent":0,"menu_order":4,"comment_status":"closed","ping_status":"closed","template":"","meta":{"_acf_changed":false,"_relevanssi_hide_post":"","_relevanssi_hide_content":"","_relevanssi_pin_for_all":"","_relevanssi_pin_keywords":"","_relevanssi_unpin_keywords":"","_relevanssi_related_keywords":"","_relevanssi_related_include_ids":"","_relevanssi_related_exclude_ids":"","_relevanssi_related_no_append":"","_relevanssi_related_not_related":"","_relevanssi_related_posts":"","_relevanssi_noindex_reason":"","footnotes":""},"categories":[],"tags":[],"class_list":["post-55","page","type-page","status-publish","hentry"],"acf":[],"yoast_head":"<!-- This site is optimized with the Yoast SEO plugin v27.3 - https:\/\/yoast.com\/product\/yoast-seo-wordpress\/ -->\n<title>Webinar - Digikeskus<\/title>\n<meta name=\"robots\" content=\"index, follow, max-snippet:-1, max-image-preview:large, max-video-preview:-1\" \/>\n<link rel=\"canonical\" href=\"https:\/\/help.jamk.fi\/digikeskus\/fi\/webinar\/\" \/>\n<meta property=\"og:locale\" content=\"fi_FI\" \/>\n<meta property=\"og:type\" content=\"article\" \/>\n<meta property=\"og:title\" content=\"Webinar - Digikeskus\" \/>\n<meta property=\"og:description\" content=\"Webinar-tiloissa voit osallistua webinaareihin tai tehd\u00e4 vaikka \u00e4\u00e4ni- ja videotallenteita (vlog, podcast, yms). Varustukseen kuuluu tietokone, kaksi monitoria, suurikalvoinen mikrofoni, aktiivikaiuttimet, webkamera sek\u00e4 kaksi s\u00e4\u00e4dett\u00e4v\u00e4\u00e4 videovaloa. Webinar-tilojen p\u00f6yd\u00e4t on p\u00e4\u00e4llystetty mustalla DC-Fix pinnoitteella heijastusten v\u00e4ltt\u00e4miseksi. Tilojen seini\u00e4 kiert\u00e4\u00e4 kolmella sein\u00e4ll\u00e4 k\u00e4ytt\u00e4j\u00e4n takana ja sivuilla paksu molleton-n\u00e4ytt\u00e4m\u00f6kangas, joka on toisessa vihre\u00e4 ja toisessa sininen. Tilassa on [&hellip;]\" \/>\n<meta property=\"og:url\" content=\"https:\/\/help.jamk.fi\/digikeskus\/fi\/webinar\/\" \/>\n<meta property=\"og:site_name\" content=\"Digikeskus\" \/>\n<meta property=\"article:modified_time\" content=\"2024-01-19T13:04:20+00:00\" \/>\n<meta property=\"og:image\" content=\"https:\/\/help.jamk.fi\/digikeskus\/wp-content\/uploads\/sites\/91\/2023\/09\/V0170019_Hyperframe_Photo.jpg\" \/>\n<meta name=\"twitter:card\" content=\"summary_large_image\" \/>\n<meta name=\"twitter:label1\" content=\"Arvioitu lukuaika\" \/>\n\t<meta name=\"twitter:data1\" content=\"2 minuuttia\" \/>\n<script type=\"application\/ld+json\" class=\"yoast-schema-graph\">{\"@context\":\"https:\\\/\\\/schema.org\",\"@graph\":[{\"@type\":\"WebPage\",\"@id\":\"https:\\\/\\\/help.jamk.fi\\\/digikeskus\\\/fi\\\/webinar\\\/\",\"url\":\"https:\\\/\\\/help.jamk.fi\\\/digikeskus\\\/fi\\\/webinar\\\/\",\"name\":\"Webinar - Digikeskus\",\"isPartOf\":{\"@id\":\"https:\\\/\\\/help.jamk.fi\\\/digikeskus\\\/#website\"},\"primaryImageOfPage\":{\"@id\":\"https:\\\/\\\/help.jamk.fi\\\/digikeskus\\\/fi\\\/webinar\\\/#primaryimage\"},\"image\":{\"@id\":\"https:\\\/\\\/help.jamk.fi\\\/digikeskus\\\/fi\\\/webinar\\\/#primaryimage\"},\"thumbnailUrl\":\"https:\\\/\\\/help.jamk.fi\\\/digikeskus\\\/wp-content\\\/uploads\\\/sites\\\/91\\\/2023\\\/09\\\/V0170019_Hyperframe_Photo.jpg\",\"datePublished\":\"2019-04-18T04:11:54+00:00\",\"dateModified\":\"2024-01-19T13:04:20+00:00\",\"breadcrumb\":{\"@id\":\"https:\\\/\\\/help.jamk.fi\\\/digikeskus\\\/fi\\\/webinar\\\/#breadcrumb\"},\"inLanguage\":\"fi\",\"potentialAction\":[{\"@type\":\"ReadAction\",\"target\":[\"https:\\\/\\\/help.jamk.fi\\\/digikeskus\\\/fi\\\/webinar\\\/\"]}]},{\"@type\":\"ImageObject\",\"inLanguage\":\"fi\",\"@id\":\"https:\\\/\\\/help.jamk.fi\\\/digikeskus\\\/fi\\\/webinar\\\/#primaryimage\",\"url\":\"\",\"contentUrl\":\"\"},{\"@type\":\"BreadcrumbList\",\"@id\":\"https:\\\/\\\/help.jamk.fi\\\/digikeskus\\\/fi\\\/webinar\\\/#breadcrumb\",\"itemListElement\":[{\"@type\":\"ListItem\",\"position\":1,\"name\":\"Etusivu\",\"item\":\"https:\\\/\\\/help.jamk.fi\\\/digikeskus\\\/fi\\\/\"},{\"@type\":\"ListItem\",\"position\":2,\"name\":\"Webinar\"}]},{\"@type\":\"WebSite\",\"@id\":\"https:\\\/\\\/help.jamk.fi\\\/digikeskus\\\/#website\",\"url\":\"https:\\\/\\\/help.jamk.fi\\\/digikeskus\\\/\",\"name\":\"Digikeskus\",\"description\":\"\",\"potentialAction\":[{\"@type\":\"SearchAction\",\"target\":{\"@type\":\"EntryPoint\",\"urlTemplate\":\"https:\\\/\\\/help.jamk.fi\\\/digikeskus\\\/?s={search_term_string}\"},\"query-input\":{\"@type\":\"PropertyValueSpecification\",\"valueRequired\":true,\"valueName\":\"search_term_string\"}}],\"inLanguage\":\"fi\"}]}<\/script>\n<!-- \/ Yoast SEO plugin. -->","yoast_head_json":{"title":"Webinar - Digikeskus","robots":{"index":"index","follow":"follow","max-snippet":"max-snippet:-1","max-image-preview":"max-image-preview:large","max-video-preview":"max-video-preview:-1"},"canonical":"https:\/\/help.jamk.fi\/digikeskus\/fi\/webinar\/","og_locale":"fi_FI","og_type":"article","og_title":"Webinar - Digikeskus","og_description":"Webinar-tiloissa voit osallistua webinaareihin tai tehd\u00e4 vaikka \u00e4\u00e4ni- ja videotallenteita (vlog, podcast, yms). Varustukseen kuuluu tietokone, kaksi monitoria, suurikalvoinen mikrofoni, aktiivikaiuttimet, webkamera sek\u00e4 kaksi s\u00e4\u00e4dett\u00e4v\u00e4\u00e4 videovaloa. Webinar-tilojen p\u00f6yd\u00e4t on p\u00e4\u00e4llystetty mustalla DC-Fix pinnoitteella heijastusten v\u00e4ltt\u00e4miseksi. Tilojen seini\u00e4 kiert\u00e4\u00e4 kolmella sein\u00e4ll\u00e4 k\u00e4ytt\u00e4j\u00e4n takana ja sivuilla paksu molleton-n\u00e4ytt\u00e4m\u00f6kangas, joka on toisessa vihre\u00e4 ja toisessa sininen. Tilassa on [&hellip;]","og_url":"https:\/\/help.jamk.fi\/digikeskus\/fi\/webinar\/","og_site_name":"Digikeskus","article_modified_time":"2024-01-19T13:04:20+00:00","og_image":[{"url":"https:\/\/help.jamk.fi\/digikeskus\/wp-content\/uploads\/sites\/91\/2023\/09\/V0170019_Hyperframe_Photo.jpg","type":"","width":"","height":""}],"twitter_card":"summary_large_image","twitter_misc":{"Arvioitu lukuaika":"2 minuuttia"},"schema":{"@context":"https:\/\/schema.org","@graph":[{"@type":"WebPage","@id":"https:\/\/help.jamk.fi\/digikeskus\/fi\/webinar\/","url":"https:\/\/help.jamk.fi\/digikeskus\/fi\/webinar\/","name":"Webinar - Digikeskus","isPartOf":{"@id":"https:\/\/help.jamk.fi\/digikeskus\/#website"},"primaryImageOfPage":{"@id":"https:\/\/help.jamk.fi\/digikeskus\/fi\/webinar\/#primaryimage"},"image":{"@id":"https:\/\/help.jamk.fi\/digikeskus\/fi\/webinar\/#primaryimage"},"thumbnailUrl":"https:\/\/help.jamk.fi\/digikeskus\/wp-content\/uploads\/sites\/91\/2023\/09\/V0170019_Hyperframe_Photo.jpg","datePublished":"2019-04-18T04:11:54+00:00","dateModified":"2024-01-19T13:04:20+00:00","breadcrumb":{"@id":"https:\/\/help.jamk.fi\/digikeskus\/fi\/webinar\/#breadcrumb"},"inLanguage":"fi","potentialAction":[{"@type":"ReadAction","target":["https:\/\/help.jamk.fi\/digikeskus\/fi\/webinar\/"]}]},{"@type":"ImageObject","inLanguage":"fi","@id":"https:\/\/help.jamk.fi\/digikeskus\/fi\/webinar\/#primaryimage","url":"","contentUrl":""},{"@type":"BreadcrumbList","@id":"https:\/\/help.jamk.fi\/digikeskus\/fi\/webinar\/#breadcrumb","itemListElement":[{"@type":"ListItem","position":1,"name":"Etusivu","item":"https:\/\/help.jamk.fi\/digikeskus\/fi\/"},{"@type":"ListItem","position":2,"name":"Webinar"}]},{"@type":"WebSite","@id":"https:\/\/help.jamk.fi\/digikeskus\/#website","url":"https:\/\/help.jamk.fi\/digikeskus\/","name":"Digikeskus","description":"","potentialAction":[{"@type":"SearchAction","target":{"@type":"EntryPoint","urlTemplate":"https:\/\/help.jamk.fi\/digikeskus\/?s={search_term_string}"},"query-input":{"@type":"PropertyValueSpecification","valueRequired":true,"valueName":"search_term_string"}}],"inLanguage":"fi"}]}},"_links":{"self":[{"href":"https:\/\/help.jamk.fi\/digikeskus\/wp-json\/wp\/v2\/pages\/55","targetHints":{"allow":["GET"]}}],"collection":[{"href":"https:\/\/help.jamk.fi\/digikeskus\/wp-json\/wp\/v2\/pages"}],"about":[{"href":"https:\/\/help.jamk.fi\/digikeskus\/wp-json\/wp\/v2\/types\/page"}],"author":[{"embeddable":true,"href":"https:\/\/help.jamk.fi\/digikeskus\/wp-json\/wp\/v2\/users\/74"}],"replies":[{"embeddable":true,"href":"https:\/\/help.jamk.fi\/digikeskus\/wp-json\/wp\/v2\/comments?post=55"}],"version-history":[{"count":6,"href":"https:\/\/help.jamk.fi\/digikeskus\/wp-json\/wp\/v2\/pages\/55\/revisions"}],"predecessor-version":[{"id":688,"href":"https:\/\/help.jamk.fi\/digikeskus\/wp-json\/wp\/v2\/pages\/55\/revisions\/688"}],"wp:attachment":[{"href":"https:\/\/help.jamk.fi\/digikeskus\/wp-json\/wp\/v2\/media?parent=55"}],"wp:term":[{"taxonomy":"category","embeddable":true,"href":"https:\/\/help.jamk.fi\/digikeskus\/wp-json\/wp\/v2\/categories?post=55"},{"taxonomy":"post_tag","embeddable":true,"href":"https:\/\/help.jamk.fi\/digikeskus\/wp-json\/wp\/v2\/tags?post=55"}],"curies":[{"name":"wp","href":"https:\/\/api.w.org\/{rel}","templated":true}]}}