{"id":7,"date":"2019-04-08T05:51:43","date_gmt":"2019-04-08T02:51:43","guid":{"rendered":"https:\/\/help.jamk.fi\/digikeskus\/esittely\/"},"modified":"2025-03-26T12:44:11","modified_gmt":"2025-03-26T10:44:11","slug":"esittely","status":"publish","type":"page","link":"https:\/\/help.jamk.fi\/digikeskus\/fi\/","title":{"rendered":"Esittely"},"content":{"rendered":"\n<div id=\"text-column-block_f794db877e13d7e25fa5891f2d1ad3c6\" class=\"text-column block-text-column\">\n  <div class=\"block-text-column__wrapper\">\n                  <div class=\"row block-text-column__column-section\">\n          <div class=\"col-12 col-md-5 block-text-column__column-section--column\">\n            <div class=\"block-text-column__column-section--title-wrap\">\n                              <h2 class=\"\">Esittely<\/h2>\n                          <\/div>\n          <\/div>\n          <div class=\"col-12 col-md-7 block-text-column__column-section--column\">\n                          <div class=\"block-text-column__column-section--text_area\">\n                <p>Jamkin Digikeskus valmistui kev\u00e4\u00e4ll\u00e4 2019. Tarkoituksena oli keskitt\u00e4\u00e4 video- ja valokuvatuotantoon sopivat tilaan samaan paikkaan niin, ett\u00e4 my\u00f6skin tuki on l\u00e4hell\u00e4.<\/p>\n<p><!-- \/wp:paragraph --> <!-- wp:paragraph --><\/p>\n<p>Digikeskuksessa on mahdollista tuottaa digitaalisia oppimateriaaleja, muun muassa videotallenteita, vuorovaikutteisia suoratoistol\u00e4hetyksi\u00e4 sek\u00e4 henkil\u00f6- ett\u00e4 tuotekuvia. Opettajat voivat harjoitella tuetusti, itsen\u00e4isesti tai pieness\u00e4 ryhm\u00e4ss\u00e4 esiintymist\u00e4, k\u00e4sikirjoittamista, kuvaamista sek\u00e4 editointia.<\/p>\n<p><!-- \/wp:paragraph --> <!-- wp:paragraph --><\/p>\n<p>Korkeakoulun opettajille tilojen k\u00e4ytt\u00f6 ja tukipalvelut ovat maksuttomia. Outlookista varattavissa tiloissa voi ty\u00f6skennell\u00e4 my\u00f6s iltaisin ja viikonloppuisin. Studiotiloja on mahdollista hy\u00f6dynt\u00e4\u00e4 my\u00f6s ty\u00f6el\u00e4m\u00e4n yhteisty\u00f6kumppaneiden kanssa.<\/p>\n              <\/div>\n                      <\/div>\n        <\/div>\n              <div class=\"row block-text-column__column-section\">\n          <div class=\"col-12 col-md-5 block-text-column__column-section--column\">\n            <div class=\"block-text-column__column-section--title-wrap\">\n                              <h2 class=\"\">Digikeskus muodostuu seuraavista tiloista:<\/h2>\n                          <\/div>\n          <\/div>\n          <div class=\"col-12 col-md-7 block-text-column__column-section--column\">\n                          <div class=\"block-text-column__column-section--text_area\">\n                <p><!-- wp:paragraph --><\/p>\n<p>1) Studio eli Green room<\/p>\n<p><!-- \/wp:paragraph --> <!-- wp:paragraph --><\/p>\n<p>Studiossa toteutetaan ammattimaisesti videoita. Isossa ja muunneltavassa tilassa on mahdollista kuvata monella kameralla ja useampaa kohdetta. Studiossa on hyv\u00e4 akustiikka, hyv\u00e4 ja muunneltava studiovalaistus, korkealaatuinen videokuvausvarustus. V\u00e4ritykselt\u00e4\u00e4n tila on vihre\u00e4, mutta tilassa on valmiina my\u00f6s sininen, valkoinen ja musta taustakangas. Tilan takaosassa on tarkkaamo, josta hoidetaan tallennusta ja ohjataan studion toimintaa. Tarkkaamossa on s\u00e4ilytystilaa varusteille. Tilaa k\u00e4ytt\u00e4\u00e4 keskuksen oma henkil\u00f6kunta, muut voivat k\u00e4ytt\u00e4\u00e4 sit\u00e4 henkil\u00f6st\u00f6n tukemana varausk\u00e4yt\u00e4nt\u00f6jen mukaisesti.<\/p>\n<p><!-- \/wp:paragraph --> <!-- wp:paragraph --><\/p>\n<p>2) Tuberoom 1 eli Black Room eli TubeRadio<\/p>\n<p><!-- \/wp:paragraph --> <!-- wp:paragraph --><\/p>\n<p>Tuberoomissa opettajat tuottavat omatoimisesti korkealaatuisia videoita. Tilan sisustus on musta. Tilassa on lightboard, jonka avulla on mahdollista kuvata liitutauluty\u00f6skentely\u00e4. Varustukseen kuuluu tallennusv\u00e4lineet, kamera, mikrofoni, tietokone ja kuvausvalot. T\u00e4h\u00e4n siirrettiin vanha Tuberoom Rajakadun FK-k\u00e4yt\u00e4v\u00e4lt\u00e4.<\/p>\n<p><!-- \/wp:paragraph --> <!-- wp:paragraph --><\/p>\n<p>3) Tuberoom 2 eli White Room<\/p>\n<p><!-- \/wp:paragraph --> <!-- wp:paragraph --><\/p>\n<p>Tuberoomissa opettajat tuottavat omatoimisesti korkealaatuisia videoita. Tilan sisustus on valkoinen. White Room on ryhm\u00e4kuvaustila, jossa on valmius haastatteluihin ja ryhm\u00e4esiintymisiin. Varustukseen kuuluu tallennusv\u00e4lineet, kamera, mikrofoni, tietokone ja kuvausvalot sek\u00e4 my\u00f6skin digitaalinen fl\u00e4ppitaulu (Samsung Flip).<\/p>\n<p><!-- \/wp:paragraph --> <!-- wp:paragraph --><\/p>\n<p>4) Webinaario 1 &amp; Webinaario 2<\/p>\n<p><!-- \/wp:paragraph --> <!-- wp:paragraph --><\/p>\n<p>Kaksi webinaaritilaa, joissa opettajat voivat itsen\u00e4isesti toteuttaa webinaareja sek\u00e4 tehd\u00e4 tallenteita, esim. kuvaruutunauhoituksia tai vaikka videoblogeja. Tilaan mahtuu samanaikaisesti 1-2 henkil\u00f6\u00e4. Tilan varustukseen kuuluu tietokone, kaiuttimet, mikrofoni, webkamera, videovalot, kaksi n\u00e4ytt\u00f6\u00e4 sek\u00e4 sininen taustakangas.<\/p>\n<p><!-- \/wp:paragraph --> <!-- wp:paragraph --><\/p>\n<p>5) Pop-up-studiot<\/p>\n<p><!-- \/wp:paragraph --> <!-- wp:paragraph --><\/p>\n<p>Kaksi pistett\u00e4, toisessa muotokuvauspiste ja toisessa mahdollisuus tuotekuvaukseen. Pisteiss\u00e4 muunneltavat valot ja kuvausp\u00f6yt\u00e4.<\/p>\n<p><!-- \/wp:paragraph --> <!-- wp:paragraph --><\/p>\n<p>6) Editointipisteet<\/p>\n<p><!-- \/wp:paragraph --> <!-- wp:paragraph --><\/p>\n<p>Tehokkailla tietokoneilla ja tasokkailla ohjelmistoilla varustettuja ty\u00f6pisteit\u00e4, joilla opettajat voivat editoida videoita itsen\u00e4isesti.<\/p>\n<p><!-- \/wp:paragraph --> <!-- wp:paragraph --><\/p>\n<p>Itsepalvelutiloja (webinaariot, tuberoomit) varataan Outlookin kalenterin kautta. Pop-up-studioihin ja editointitilaan voi tulla ainakin aluksi omaan tahtiin, laitetaan varauskalenteri niillekin, jos on tarpeen. Greenroom eli studio on palvelutila, jossa varataan samalla kertaa sek\u00e4 tila ett\u00e4 henkil\u00f6st\u00f6. Sen varaukset menev\u00e4t normaalin kuvaustilausprosessin mukaisesti Elmo-ty\u00f6p\u00f6yd\u00e4ll\u00e4 olevan lomakkeen kautta.<\/p>\n<p><!-- \/wp:paragraph --> <!-- wp:paragraph --><\/p>\n<p>&nbsp;<\/p>\n<p><!-- \/wp:paragraph --><\/p>\n              <\/div>\n                      <\/div>\n        <\/div>\n              <div class=\"row block-text-column__column-section\">\n          <div class=\"col-12 col-md-5 block-text-column__column-section--column\">\n            <div class=\"block-text-column__column-section--title-wrap\">\n                          <\/div>\n          <\/div>\n          <div class=\"col-12 col-md-7 block-text-column__column-section--column\">\n                          <div class=\"block-text-column__column-section--text_area\">\n                <p>Tiloissa palvelee seuraavanlainen digitiimi (vastuualueet suluissa):<br \/>\n\u2013\u00a0<strong>Jari J\u00e4rvinen<\/strong>\u00a0(tuberoomit, editointi)<br \/>\n\u2013\u00a0<strong>Mari Varonen<\/strong>\u00a0(pop-upit, tuberoomit)<br \/>\n\u2013\u00a0<strong>Jani Pyykk\u00f6nen<\/strong>\u00a0(studio, editointi)<br \/>\nMedia-alan harjoittelijoita pyrit\u00e4\u00e4n rekrytoimaan avuksi mahdollisuuksien mukaan. Vapaita ty\u00f6pisteit\u00e4 l\u00f6ytyy esim. verkkopedasuunnittelijoille tai muille vieraileville staroille.<\/p>\n              <\/div>\n                      <\/div>\n        <\/div>\n            <\/div>\n<\/div>","protected":false},"excerpt":{"rendered":"","protected":false},"author":74,"featured_media":0,"parent":0,"menu_order":0,"comment_status":"closed","ping_status":"closed","template":"templates\/template-full-width.php","meta":{"_acf_changed":false,"_relevanssi_hide_post":"","_relevanssi_hide_content":"","_relevanssi_pin_for_all":"","_relevanssi_pin_keywords":"","_relevanssi_unpin_keywords":"","_relevanssi_related_keywords":"","_relevanssi_related_include_ids":"","_relevanssi_related_exclude_ids":"","_relevanssi_related_no_append":"","_relevanssi_related_not_related":"","_relevanssi_related_posts":"","_relevanssi_noindex_reason":"","footnotes":""},"categories":[],"tags":[],"class_list":["post-7","page","type-page","status-publish","hentry"],"acf":[],"yoast_head":"<!-- This site is optimized with the Yoast SEO plugin v27.3 - https:\/\/yoast.com\/product\/yoast-seo-wordpress\/ -->\n<title>Esittely - Digikeskus<\/title>\n<meta name=\"robots\" content=\"index, follow, max-snippet:-1, max-image-preview:large, max-video-preview:-1\" \/>\n<link rel=\"canonical\" href=\"https:\/\/help.jamk.fi\/digikeskus\/fi\/\" \/>\n<meta property=\"og:locale\" content=\"fi_FI\" \/>\n<meta property=\"og:type\" content=\"article\" \/>\n<meta property=\"og:title\" content=\"Esittely - Digikeskus\" \/>\n<meta property=\"og:url\" content=\"https:\/\/help.jamk.fi\/digikeskus\/fi\/\" \/>\n<meta property=\"og:site_name\" content=\"Digikeskus\" \/>\n<meta property=\"article:modified_time\" content=\"2025-03-26T10:44:11+00:00\" \/>\n<meta name=\"twitter:card\" content=\"summary_large_image\" \/>\n<script type=\"application\/ld+json\" class=\"yoast-schema-graph\">{\"@context\":\"https:\\\/\\\/schema.org\",\"@graph\":[{\"@type\":\"WebPage\",\"@id\":\"https:\\\/\\\/help.jamk.fi\\\/digikeskus\\\/fi\\\/\",\"url\":\"https:\\\/\\\/help.jamk.fi\\\/digikeskus\\\/fi\\\/\",\"name\":\"Esittely - Digikeskus\",\"isPartOf\":{\"@id\":\"https:\\\/\\\/help.jamk.fi\\\/digikeskus\\\/#website\"},\"datePublished\":\"2019-04-08T02:51:43+00:00\",\"dateModified\":\"2025-03-26T10:44:11+00:00\",\"breadcrumb\":{\"@id\":\"https:\\\/\\\/help.jamk.fi\\\/digikeskus\\\/fi\\\/#breadcrumb\"},\"inLanguage\":\"fi\",\"potentialAction\":[{\"@type\":\"ReadAction\",\"target\":[\"https:\\\/\\\/help.jamk.fi\\\/digikeskus\\\/fi\\\/\"]}]},{\"@type\":\"BreadcrumbList\",\"@id\":\"https:\\\/\\\/help.jamk.fi\\\/digikeskus\\\/fi\\\/#breadcrumb\",\"itemListElement\":[{\"@type\":\"ListItem\",\"position\":1,\"name\":\"Etusivu\",\"item\":\"https:\\\/\\\/help.jamk.fi\\\/digikeskus\\\/fi\\\/\"},{\"@type\":\"ListItem\",\"position\":2,\"name\":\"Esittely\"}]},{\"@type\":\"WebSite\",\"@id\":\"https:\\\/\\\/help.jamk.fi\\\/digikeskus\\\/#website\",\"url\":\"https:\\\/\\\/help.jamk.fi\\\/digikeskus\\\/\",\"name\":\"Digikeskus\",\"description\":\"\",\"potentialAction\":[{\"@type\":\"SearchAction\",\"target\":{\"@type\":\"EntryPoint\",\"urlTemplate\":\"https:\\\/\\\/help.jamk.fi\\\/digikeskus\\\/?s={search_term_string}\"},\"query-input\":{\"@type\":\"PropertyValueSpecification\",\"valueRequired\":true,\"valueName\":\"search_term_string\"}}],\"inLanguage\":\"fi\"}]}<\/script>\n<!-- \/ Yoast SEO plugin. -->","yoast_head_json":{"title":"Esittely - Digikeskus","robots":{"index":"index","follow":"follow","max-snippet":"max-snippet:-1","max-image-preview":"max-image-preview:large","max-video-preview":"max-video-preview:-1"},"canonical":"https:\/\/help.jamk.fi\/digikeskus\/fi\/","og_locale":"fi_FI","og_type":"article","og_title":"Esittely - Digikeskus","og_url":"https:\/\/help.jamk.fi\/digikeskus\/fi\/","og_site_name":"Digikeskus","article_modified_time":"2025-03-26T10:44:11+00:00","twitter_card":"summary_large_image","schema":{"@context":"https:\/\/schema.org","@graph":[{"@type":"WebPage","@id":"https:\/\/help.jamk.fi\/digikeskus\/fi\/","url":"https:\/\/help.jamk.fi\/digikeskus\/fi\/","name":"Esittely - Digikeskus","isPartOf":{"@id":"https:\/\/help.jamk.fi\/digikeskus\/#website"},"datePublished":"2019-04-08T02:51:43+00:00","dateModified":"2025-03-26T10:44:11+00:00","breadcrumb":{"@id":"https:\/\/help.jamk.fi\/digikeskus\/fi\/#breadcrumb"},"inLanguage":"fi","potentialAction":[{"@type":"ReadAction","target":["https:\/\/help.jamk.fi\/digikeskus\/fi\/"]}]},{"@type":"BreadcrumbList","@id":"https:\/\/help.jamk.fi\/digikeskus\/fi\/#breadcrumb","itemListElement":[{"@type":"ListItem","position":1,"name":"Etusivu","item":"https:\/\/help.jamk.fi\/digikeskus\/fi\/"},{"@type":"ListItem","position":2,"name":"Esittely"}]},{"@type":"WebSite","@id":"https:\/\/help.jamk.fi\/digikeskus\/#website","url":"https:\/\/help.jamk.fi\/digikeskus\/","name":"Digikeskus","description":"","potentialAction":[{"@type":"SearchAction","target":{"@type":"EntryPoint","urlTemplate":"https:\/\/help.jamk.fi\/digikeskus\/?s={search_term_string}"},"query-input":{"@type":"PropertyValueSpecification","valueRequired":true,"valueName":"search_term_string"}}],"inLanguage":"fi"}]}},"_links":{"self":[{"href":"https:\/\/help.jamk.fi\/digikeskus\/wp-json\/wp\/v2\/pages\/7","targetHints":{"allow":["GET"]}}],"collection":[{"href":"https:\/\/help.jamk.fi\/digikeskus\/wp-json\/wp\/v2\/pages"}],"about":[{"href":"https:\/\/help.jamk.fi\/digikeskus\/wp-json\/wp\/v2\/types\/page"}],"author":[{"embeddable":true,"href":"https:\/\/help.jamk.fi\/digikeskus\/wp-json\/wp\/v2\/users\/74"}],"replies":[{"embeddable":true,"href":"https:\/\/help.jamk.fi\/digikeskus\/wp-json\/wp\/v2\/comments?post=7"}],"version-history":[{"count":20,"href":"https:\/\/help.jamk.fi\/digikeskus\/wp-json\/wp\/v2\/pages\/7\/revisions"}],"predecessor-version":[{"id":674,"href":"https:\/\/help.jamk.fi\/digikeskus\/wp-json\/wp\/v2\/pages\/7\/revisions\/674"}],"wp:attachment":[{"href":"https:\/\/help.jamk.fi\/digikeskus\/wp-json\/wp\/v2\/media?parent=7"}],"wp:term":[{"taxonomy":"category","embeddable":true,"href":"https:\/\/help.jamk.fi\/digikeskus\/wp-json\/wp\/v2\/categories?post=7"},{"taxonomy":"post_tag","embeddable":true,"href":"https:\/\/help.jamk.fi\/digikeskus\/wp-json\/wp\/v2\/tags?post=7"}],"curies":[{"name":"wp","href":"https:\/\/api.w.org\/{rel}","templated":true}]}}