{"id":97,"date":"2019-04-18T07:12:50","date_gmt":"2019-04-18T04:12:50","guid":{"rendered":"https:\/\/help.jamk.fi\/digikeskus\/edit\/"},"modified":"2023-11-02T11:22:59","modified_gmt":"2023-11-02T09:22:59","slug":"edit","status":"publish","type":"page","link":"https:\/\/help.jamk.fi\/digikeskus\/fi\/edit\/","title":{"rendered":"Edit"},"content":{"rendered":"<p>Editointitilassa on k\u00e4ytett\u00e4viss\u00e4 kolme tehokasta tietokonetta: yksi Mac Pro ja kaksi HP:n Z2 tehoty\u00f6asemaa. Jokaisessa ty\u00f6pisteess\u00e4 on aktiivikaiuttimet sek\u00e4 studiokuulokkeet, HP:N ty\u00f6asemissa my\u00f6s 2 kpl 4K n\u00e4ytt\u00f6j\u00e4. Mac Pro:ssa ohjelmistoina on k\u00e4ytett\u00e4viss\u00e4 perusohjelmistojen lis\u00e4ksi &nbsp;Adoben CC Suite, FinalCut Pro X sek\u00e4 DaVinci Resolve Studio. Windows-ty\u00f6asemissa on k\u00e4ytett\u00e4viss\u00e4 Adoben CC sek\u00e4 DaVinci Resolve Studio. Lis\u00e4ksi tilassa tulee olemaan digitointipiste, jossa voi kaapata vanhoja VHS- tai DV-videonauhoja, sek\u00e4 skannata kuvia.<\/p>\n","protected":false},"excerpt":{"rendered":"<p>Editointitilassa on k\u00e4ytett\u00e4viss\u00e4 kolme tehokasta tietokonetta: yksi Mac Pro ja kaksi HP:n Z2 tehoty\u00f6asemaa. Jokaisessa ty\u00f6pisteess\u00e4 on aktiivikaiuttimet sek\u00e4 studiokuulokkeet, HP:N ty\u00f6asemissa my\u00f6s 2 kpl 4K n\u00e4ytt\u00f6j\u00e4. Mac Pro:ssa ohjelmistoina on k\u00e4ytett\u00e4viss\u00e4 perusohjelmistojen lis\u00e4ksi &nbsp;Adoben CC Suite, FinalCut Pro X sek\u00e4 DaVinci Resolve Studio. Windows-ty\u00f6asemissa on k\u00e4ytett\u00e4viss\u00e4 Adoben CC sek\u00e4 DaVinci Resolve Studio. Lis\u00e4ksi tilassa [&hellip;]<\/p>\n","protected":false},"author":74,"featured_media":0,"parent":0,"menu_order":6,"comment_status":"closed","ping_status":"closed","template":"","meta":{"_acf_changed":false,"_relevanssi_hide_post":"","_relevanssi_hide_content":"","_relevanssi_pin_for_all":"","_relevanssi_pin_keywords":"","_relevanssi_unpin_keywords":"","_relevanssi_related_keywords":"","_relevanssi_related_include_ids":"","_relevanssi_related_exclude_ids":"","_relevanssi_related_no_append":"","_relevanssi_related_not_related":"","_relevanssi_related_posts":"","_relevanssi_noindex_reason":"","footnotes":""},"categories":[],"tags":[],"class_list":["post-97","page","type-page","status-publish","hentry"],"acf":[],"yoast_head":"<!-- This site is optimized with the Yoast SEO plugin v27.3 - https:\/\/yoast.com\/product\/yoast-seo-wordpress\/ -->\n<title>Edit - Digikeskus<\/title>\n<meta name=\"robots\" content=\"index, follow, max-snippet:-1, max-image-preview:large, max-video-preview:-1\" \/>\n<link rel=\"canonical\" href=\"https:\/\/help.jamk.fi\/digikeskus\/fi\/edit\/\" \/>\n<meta property=\"og:locale\" content=\"fi_FI\" \/>\n<meta property=\"og:type\" content=\"article\" \/>\n<meta property=\"og:title\" content=\"Edit - Digikeskus\" \/>\n<meta property=\"og:description\" content=\"Editointitilassa on k\u00e4ytett\u00e4viss\u00e4 kolme tehokasta tietokonetta: yksi Mac Pro ja kaksi HP:n Z2 tehoty\u00f6asemaa. Jokaisessa ty\u00f6pisteess\u00e4 on aktiivikaiuttimet sek\u00e4 studiokuulokkeet, HP:N ty\u00f6asemissa my\u00f6s 2 kpl 4K n\u00e4ytt\u00f6j\u00e4. Mac Pro:ssa ohjelmistoina on k\u00e4ytett\u00e4viss\u00e4 perusohjelmistojen lis\u00e4ksi &nbsp;Adoben CC Suite, FinalCut Pro X sek\u00e4 DaVinci Resolve Studio. Windows-ty\u00f6asemissa on k\u00e4ytett\u00e4viss\u00e4 Adoben CC sek\u00e4 DaVinci Resolve Studio. Lis\u00e4ksi tilassa [&hellip;]\" \/>\n<meta property=\"og:url\" content=\"https:\/\/help.jamk.fi\/digikeskus\/fi\/edit\/\" \/>\n<meta property=\"og:site_name\" content=\"Digikeskus\" \/>\n<meta property=\"article:modified_time\" content=\"2023-11-02T09:22:59+00:00\" \/>\n<meta name=\"twitter:card\" content=\"summary_large_image\" \/>\n<script type=\"application\/ld+json\" class=\"yoast-schema-graph\">{\"@context\":\"https:\\\/\\\/schema.org\",\"@graph\":[{\"@type\":\"WebPage\",\"@id\":\"https:\\\/\\\/help.jamk.fi\\\/digikeskus\\\/fi\\\/edit\\\/\",\"url\":\"https:\\\/\\\/help.jamk.fi\\\/digikeskus\\\/fi\\\/edit\\\/\",\"name\":\"Edit - Digikeskus\",\"isPartOf\":{\"@id\":\"https:\\\/\\\/help.jamk.fi\\\/digikeskus\\\/#website\"},\"datePublished\":\"2019-04-18T04:12:50+00:00\",\"dateModified\":\"2023-11-02T09:22:59+00:00\",\"breadcrumb\":{\"@id\":\"https:\\\/\\\/help.jamk.fi\\\/digikeskus\\\/fi\\\/edit\\\/#breadcrumb\"},\"inLanguage\":\"fi\",\"potentialAction\":[{\"@type\":\"ReadAction\",\"target\":[\"https:\\\/\\\/help.jamk.fi\\\/digikeskus\\\/fi\\\/edit\\\/\"]}]},{\"@type\":\"BreadcrumbList\",\"@id\":\"https:\\\/\\\/help.jamk.fi\\\/digikeskus\\\/fi\\\/edit\\\/#breadcrumb\",\"itemListElement\":[{\"@type\":\"ListItem\",\"position\":1,\"name\":\"Etusivu\",\"item\":\"https:\\\/\\\/help.jamk.fi\\\/digikeskus\\\/fi\\\/\"},{\"@type\":\"ListItem\",\"position\":2,\"name\":\"Edit\"}]},{\"@type\":\"WebSite\",\"@id\":\"https:\\\/\\\/help.jamk.fi\\\/digikeskus\\\/#website\",\"url\":\"https:\\\/\\\/help.jamk.fi\\\/digikeskus\\\/\",\"name\":\"Digikeskus\",\"description\":\"\",\"potentialAction\":[{\"@type\":\"SearchAction\",\"target\":{\"@type\":\"EntryPoint\",\"urlTemplate\":\"https:\\\/\\\/help.jamk.fi\\\/digikeskus\\\/?s={search_term_string}\"},\"query-input\":{\"@type\":\"PropertyValueSpecification\",\"valueRequired\":true,\"valueName\":\"search_term_string\"}}],\"inLanguage\":\"fi\"}]}<\/script>\n<!-- \/ Yoast SEO plugin. -->","yoast_head_json":{"title":"Edit - Digikeskus","robots":{"index":"index","follow":"follow","max-snippet":"max-snippet:-1","max-image-preview":"max-image-preview:large","max-video-preview":"max-video-preview:-1"},"canonical":"https:\/\/help.jamk.fi\/digikeskus\/fi\/edit\/","og_locale":"fi_FI","og_type":"article","og_title":"Edit - Digikeskus","og_description":"Editointitilassa on k\u00e4ytett\u00e4viss\u00e4 kolme tehokasta tietokonetta: yksi Mac Pro ja kaksi HP:n Z2 tehoty\u00f6asemaa. Jokaisessa ty\u00f6pisteess\u00e4 on aktiivikaiuttimet sek\u00e4 studiokuulokkeet, HP:N ty\u00f6asemissa my\u00f6s 2 kpl 4K n\u00e4ytt\u00f6j\u00e4. Mac Pro:ssa ohjelmistoina on k\u00e4ytett\u00e4viss\u00e4 perusohjelmistojen lis\u00e4ksi &nbsp;Adoben CC Suite, FinalCut Pro X sek\u00e4 DaVinci Resolve Studio. Windows-ty\u00f6asemissa on k\u00e4ytett\u00e4viss\u00e4 Adoben CC sek\u00e4 DaVinci Resolve Studio. Lis\u00e4ksi tilassa [&hellip;]","og_url":"https:\/\/help.jamk.fi\/digikeskus\/fi\/edit\/","og_site_name":"Digikeskus","article_modified_time":"2023-11-02T09:22:59+00:00","twitter_card":"summary_large_image","schema":{"@context":"https:\/\/schema.org","@graph":[{"@type":"WebPage","@id":"https:\/\/help.jamk.fi\/digikeskus\/fi\/edit\/","url":"https:\/\/help.jamk.fi\/digikeskus\/fi\/edit\/","name":"Edit - Digikeskus","isPartOf":{"@id":"https:\/\/help.jamk.fi\/digikeskus\/#website"},"datePublished":"2019-04-18T04:12:50+00:00","dateModified":"2023-11-02T09:22:59+00:00","breadcrumb":{"@id":"https:\/\/help.jamk.fi\/digikeskus\/fi\/edit\/#breadcrumb"},"inLanguage":"fi","potentialAction":[{"@type":"ReadAction","target":["https:\/\/help.jamk.fi\/digikeskus\/fi\/edit\/"]}]},{"@type":"BreadcrumbList","@id":"https:\/\/help.jamk.fi\/digikeskus\/fi\/edit\/#breadcrumb","itemListElement":[{"@type":"ListItem","position":1,"name":"Etusivu","item":"https:\/\/help.jamk.fi\/digikeskus\/fi\/"},{"@type":"ListItem","position":2,"name":"Edit"}]},{"@type":"WebSite","@id":"https:\/\/help.jamk.fi\/digikeskus\/#website","url":"https:\/\/help.jamk.fi\/digikeskus\/","name":"Digikeskus","description":"","potentialAction":[{"@type":"SearchAction","target":{"@type":"EntryPoint","urlTemplate":"https:\/\/help.jamk.fi\/digikeskus\/?s={search_term_string}"},"query-input":{"@type":"PropertyValueSpecification","valueRequired":true,"valueName":"search_term_string"}}],"inLanguage":"fi"}]}},"_links":{"self":[{"href":"https:\/\/help.jamk.fi\/digikeskus\/wp-json\/wp\/v2\/pages\/97","targetHints":{"allow":["GET"]}}],"collection":[{"href":"https:\/\/help.jamk.fi\/digikeskus\/wp-json\/wp\/v2\/pages"}],"about":[{"href":"https:\/\/help.jamk.fi\/digikeskus\/wp-json\/wp\/v2\/types\/page"}],"author":[{"embeddable":true,"href":"https:\/\/help.jamk.fi\/digikeskus\/wp-json\/wp\/v2\/users\/74"}],"replies":[{"embeddable":true,"href":"https:\/\/help.jamk.fi\/digikeskus\/wp-json\/wp\/v2\/comments?post=97"}],"version-history":[{"count":2,"href":"https:\/\/help.jamk.fi\/digikeskus\/wp-json\/wp\/v2\/pages\/97\/revisions"}],"predecessor-version":[{"id":539,"href":"https:\/\/help.jamk.fi\/digikeskus\/wp-json\/wp\/v2\/pages\/97\/revisions\/539"}],"wp:attachment":[{"href":"https:\/\/help.jamk.fi\/digikeskus\/wp-json\/wp\/v2\/media?parent=97"}],"wp:term":[{"taxonomy":"category","embeddable":true,"href":"https:\/\/help.jamk.fi\/digikeskus\/wp-json\/wp\/v2\/categories?post=97"},{"taxonomy":"post_tag","embeddable":true,"href":"https:\/\/help.jamk.fi\/digikeskus\/wp-json\/wp\/v2\/tags?post=97"}],"curies":[{"name":"wp","href":"https:\/\/api.w.org\/{rel}","templated":true}]}}