{"id":218,"date":"2016-09-23T12:05:44","date_gmt":"2016-09-23T09:05:44","guid":{"rendered":"https:\/\/help.jamk.fi\/exam\/opiskelijalle\/kayttosaannot\/"},"modified":"2024-12-16T14:49:51","modified_gmt":"2024-12-16T12:49:51","slug":"jamkin-exam-kayttosaannot-ja-tietosuojaselosteet","status":"publish","type":"page","link":"https:\/\/help.jamk.fi\/exam\/fi\/jamkin-exam-kayttosaannot-ja-tietosuojaselosteet\/","title":{"rendered":"Jamkin EXAM-k\u00e4ytt\u00f6s\u00e4\u00e4nn\u00f6t ja -tietosuojaselosteet"},"content":{"rendered":"\n<p>Opiskelija sitoutuu noudattamaan Jamkin EXAM-palvelun k\u00e4ytt\u00f6s\u00e4\u00e4nt\u00f6j\u00e4 tenttiess\u00e4\u00e4n Jamkin Examstudiossa. K\u00e4ytt\u00f6s\u00e4\u00e4nt\u00f6jen hyv\u00e4ksynt\u00e4 tapahtuu siin\u00e4 vaiheessa, kun opiskelija kirjautuu ensimm\u00e4isen kerran EXAMiin tai h\u00e4n on ensimm\u00e4ist\u00e4 kertaa varaamassa tenttiaikaa Examstudioista.<\/p>\n\n\n\n<p>EXAMissa noudatetaan Jyv\u00e4skyl\u00e4n ammattikorkeakoulun tutkintos\u00e4\u00e4nt\u00f6\u00e4 opintojen suorittamisesta, arvioimisesta ja kurinpitomenettelyst\u00e4 (18 \u00a7, 21 \u00a7, 40 \u00a7).<\/p>\n\n\n\n<h2 class=\"wp-block-heading\">Examstudion k\u00e4ytt\u00f6s\u00e4\u00e4nn\u00f6t<\/h2>\n\n\n\n<ol class=\"wp-block-list\">\n<li>Omien tavaroiden tuominen on kielletty. Mukana et saa tuoda esim. p\u00e4\u00e4llystakkia, juomapulloa, ev\u00e4it\u00e4, reppuja, penaaleja, \u00e4lykelloja ja k\u00e4nnyk\u00f6it\u00e4 (ei my\u00f6sk\u00e4\u00e4n taskussa).<\/li>\n\n\n\n<li>J\u00e4t\u00e4\u00a0<strong>kaikki<\/strong>\u00a0omat tavarasi ja ulkovaatteesi Examstudion oven vieress\u00e4 olevaan lukolliseen lokeroon. Tarkista tenttikoneesi numero ja k\u00e4yt\u00e4 saman numeron lokeroa tavaroidesi s\u00e4ilytt\u00e4miseen.<\/li>\n\n\n\n<li>Henkil\u00f6llisyys on pystytt\u00e4v\u00e4 todistamaan henkil\u00f6llisyystodistuksella tai opiskelijakortilla sit\u00e4 kysytt\u00e4ess\u00e4.<\/li>\n\n\n\n<li>Examstudion ovet aukeavat aina viitt\u00e4 vaille puoli ja sulkeutuvat 10 yli puoli studion aukioloaikoina. Muina aikoina Examstudioon et voi menn\u00e4 sis\u00e4\u00e4n. Jos poistut Examstudiosta kesken tentin, et saa en\u00e4\u00e4 palata takaisin samaan tenttiin.<\/li>\n\n\n\n<li>Teknisiss\u00e4 ongelmatilanteissa (esim. tietokone ei k\u00e4ynnisty, n\u00e4ytt\u00f6 on pime\u00e4) seuraa Examstudiosta l\u00f6ytyvi\u00e4 ohjeita.<\/li>\n<\/ol>\n\n\n\n<p>HUOM. Yhdenkin k\u00e4ytt\u00f6s\u00e4\u00e4nn\u00f6n&nbsp;rikkominen tai noudattamatta j\u00e4tt\u00e4minen&nbsp;saattaa johtaa tenttisuorituksen hylk\u00e4\u00e4miseen.<\/p>\n\n\n\n<h3 class=\"wp-block-heading\">Oikeus tentti\u00e4 EXAMissa<\/h3>\n\n\n\n<p>EXAM-tentteihin voivat osallistua vain l\u00e4sn\u00e4oleviksi ilmoittautuneet opiskelijat, joilla on tenttimisen edellytt\u00e4m\u00e4 opiskeluoikeus. Lis\u00e4ksi tentist\u00e4 on tullut sopia opintojakson opettajan kanssa.<\/p>\n\n\n\n<h3 class=\"wp-block-heading\">Henkil\u00f6llisyyden todistaminen<\/h3>\n\n\n\n<p>EXAM-tenttiin osallistuvalla on velvollisuus pyydett\u00e4ess\u00e4 todistaa henkil\u00f6llisyytens\u00e4 korkeakoulun henkil\u00f6st\u00f6\u00f6n kuuluvalle valvojalle. EXAM-tenttiin osallistuneella on my\u00f6s velvollisuus tulla kutsusta todistamaan henkil\u00f6llisyytens\u00e4 h\u00e4nelle ilmoitetulla tavalla.<\/p>\n\n\n\n<h3 class=\"wp-block-heading\">Tavaroiden mukaan ottaminen Examstudioon<\/h3>\n\n\n\n<p>Examstudioon ei saa vied\u00e4 omia tavaroita, kuten esim. laukkuja\/reppuja, k\u00e4nnyk\u00f6it\u00e4\/tabletteja, rannekelloja, ulkovaatteita, laskimia ja v\u00e4ltt\u00e4m\u00e4tt\u00f6mi\u00e4 l\u00e4\u00e4kkeit\u00e4 eik\u00e4 my\u00f6sk\u00e4\u00e4n juomia sek\u00e4 ruokaa. Laskimen ja v\u00e4ltt\u00e4m\u00e4tt\u00f6mien l\u00e4\u00e4kkeiden viemisest\u00e4 tulee sopia etuk\u00e4teen opettajan kanssa. Liikkumiseen k\u00e4ytett\u00e4v\u00e4n apuv\u00e4lineen (py\u00f6r\u00e4tuoli, kyyn\u00e4rsauvat tai kainalosauvat) voit tuoda Examstudioon ilman erillist\u00e4 sopimista opettajan kanssa.<\/p>\n\n\n\n<p>Tenttij\u00e4 voi j\u00e4tt\u00e4\u00e4 tavaransa tenttitilan ulkopuolella oleviin lukittaviin s\u00e4ilytyslokeroihin. My\u00f6s ulkop\u00e4\u00e4llysvaatteet tulee j\u00e4tt\u00e4\u00e4 s\u00e4ilytyslokeroihin.&nbsp;Examstudion oven v\u00e4litt\u00f6m\u00e4ss\u00e4 l\u00e4heisyydess\u00e4 olevat s\u00e4ilytyslokerikot on varattu vain Examstudiossa tenttiville tentin ajaksi. Opiskelija sitoutuu tyhjent\u00e4m\u00e4\u00e4n k\u00e4ytt\u00e4m\u00e4ns\u00e4 s\u00e4ilytyslokerikon v\u00e4litt\u00f6m\u00e4sti tentin suoritettuaan.<\/p>\n\n\n\n<h3 class=\"wp-block-heading\">Poistuminen Examstudiosta<\/h3>\n\n\n\n<p>EXAM-tentist\u00e4 ei voi poistua kesken tentin ja palata takaisin. Jos poistuminen on v\u00e4ltt\u00e4m\u00e4t\u00f6nt\u00e4 esim. terveydellisist\u00e4 syist\u00e4 johtuen, asiasta t\u00e4ytyy sopia etuk\u00e4teen opettajan kanssa. Tentti voidaan hyl\u00e4t\u00e4, mik\u00e4li tentist\u00e4 on poistuttu ja palattu takaisin ilman sopimusta opettajan kanssa.<\/p>\n\n\n\n<p>Tentin j\u00e4lkeen tenttikoneelta ja tenttitilasta on poistuttava v\u00e4litt\u00f6m\u00e4sti. Tenttipiste tulee siisti\u00e4 seuraavaa tenttij\u00e4\u00e4 varten, ja k\u00e4ytetyt suttupaperit on j\u00e4tett\u00e4v\u00e4 Examstudiossa olevaan lukkoroskikseen.<\/p>\n\n\n\n<p>Tentist\u00e4 voi poistua, kun on saanut vastauksen valmiiksi. Tentist\u00e4 tulee kuitenkin poistua viimeist\u00e4\u00e4n oman tenttiajan viiden viimeisen minuutin aikana.<\/p>\n\n\n\n<h2 class=\"wp-block-heading\">Videovalvonta<\/h2>\n\n\n\n<p>EXAM-tenttej\u00e4 valvotaan tallentavalla videovalvonnalla. Kun varaat tenttiajan Examstudiosta, annat suostumuksesi tallentavaan videovalvontaan.<\/p>\n\n\n\n<p>Opiskelija suostuu siihen, ett\u00e4 videovalvonnan ja EXAM-tenttisovelluksen tietoja voidaan yhdist\u00e4\u00e4 henkil\u00f6llisyyden varmentamiseksi.<\/p>\n\n\n\n<h2 class=\"wp-block-heading\">Uudelleenilmoittautuminen samaan tenttiin<\/h2>\n\n\n\n<p>Arvosteltavaksi j\u00e4tetyn EXAM-tenttisuorituksen j\u00e4lkeen voi ilmoittautua samaan tenttiin uudelleen vasta sen j\u00e4lkeen, kun opettaja on arvioinut tenttisuorituksen. Tentin ja\/tai opintojakson arviointiajoissa noudatetaan tutkintos\u00e4\u00e4nt\u00f6\u00e4 (21\u00a7).<\/p>\n\n\n\n<p>EXAM-tentiss\u00e4 noudatetaan <a href=\"https:\/\/help.jamk.fi\/kirjautuminen\/fi\/kayttosaannot\/\">Jamkin tietoj\u00e4rjestelmien k\u00e4ytt\u00f6s\u00e4\u00e4nt\u00f6j\u00e4<\/a> ja <a href=\"https:\/\/jamkstudent.sharepoint.com\/sites\/Tilat-ja-turvallisuus-Elmo\/SitePages\/Turvallisuus.aspx\">Jamkin j\u00e4rjestyss\u00e4\u00e4nt\u00f6j\u00e4<\/a> (Elmo-intra).<\/p>\n\n\n\n<p>Katso lis\u00e4ksi Help-sivustolla:<\/p>\n\n\n\n<p><a href=\"https:\/\/help.jamk.fi\/tietosuoja\/fi\/turvallisuus\/kameravalvonta-sahkoinen-tenttitila-tietosuojaseloste\/\">Examstudion tallentavan kameravalvontaj\u00e4rjestelm\u00e4n tietosuojaseloste<\/a><\/p>\n\n\n\n<p><a href=\"https:\/\/help.jamk.fi\/tietosuoja\/fi\/opiskelija-opetus\/sahkoinen-tenttipalvelu-tietosuojaseloste\/\">EXAM-tenttisovelluksen EU:n tietosuoja-asetuksen (2016\/679) mukainen tietosuojaseloste<\/a><\/p>\n","protected":false},"excerpt":{"rendered":"<p>Opiskelija sitoutuu noudattamaan Jamkin EXAM-palvelun k\u00e4ytt\u00f6s\u00e4\u00e4nt\u00f6j\u00e4 tenttiess\u00e4\u00e4n Jamkin Examstudiossa. K\u00e4ytt\u00f6s\u00e4\u00e4nt\u00f6jen hyv\u00e4ksynt\u00e4 tapahtuu siin\u00e4 vaiheessa, kun opiskelija kirjautuu ensimm\u00e4isen kerran EXAMiin tai h\u00e4n on ensimm\u00e4ist\u00e4 kertaa varaamassa tenttiaikaa Examstudioista. EXAMissa noudatetaan Jyv\u00e4skyl\u00e4n ammattikorkeakoulun tutkintos\u00e4\u00e4nt\u00f6\u00e4 opintojen suorittamisesta, arvioimisesta ja kurinpitomenettelyst\u00e4 (18 \u00a7, 21 \u00a7, 40 \u00a7). Examstudion k\u00e4ytt\u00f6s\u00e4\u00e4nn\u00f6t HUOM. Yhdenkin k\u00e4ytt\u00f6s\u00e4\u00e4nn\u00f6n&nbsp;rikkominen tai noudattamatta j\u00e4tt\u00e4minen&nbsp;saattaa johtaa tenttisuorituksen hylk\u00e4\u00e4miseen. [&hellip;]<\/p>\n","protected":false},"author":82,"featured_media":0,"parent":0,"menu_order":5,"comment_status":"closed","ping_status":"closed","template":"","meta":{"_acf_changed":false,"_relevanssi_hide_post":"","_relevanssi_hide_content":"","_relevanssi_pin_for_all":"","_relevanssi_pin_keywords":"","_relevanssi_unpin_keywords":"","_relevanssi_related_keywords":"","_relevanssi_related_include_ids":"","_relevanssi_related_exclude_ids":"","_relevanssi_related_no_append":"","_relevanssi_related_not_related":"","_relevanssi_related_posts":"","_relevanssi_noindex_reason":"","footnotes":""},"categories":[],"tags":[],"class_list":["post-218","page","type-page","status-publish","hentry"],"acf":[],"yoast_head":"<!-- This site is optimized with the Yoast SEO plugin v27.3 - https:\/\/yoast.com\/product\/yoast-seo-wordpress\/ -->\n<title>Jamkin EXAM-k\u00e4ytt\u00f6s\u00e4\u00e4nn\u00f6t ja -tietosuojaselosteet - Exam<\/title>\n<meta name=\"description\" content=\"Opiskelija sitoutuu noudattamaan Jamkin EXAM-palvelun k\u00e4ytt\u00f6s\u00e4\u00e4nt\u00f6j\u00e4 tenttiess\u00e4\u00e4n Jamkin Examstudiossa.\" \/>\n<meta name=\"robots\" content=\"index, follow, max-snippet:-1, max-image-preview:large, max-video-preview:-1\" \/>\n<link rel=\"canonical\" href=\"https:\/\/help.jamk.fi\/exam\/fi\/jamkin-exam-kayttosaannot-ja-tietosuojaselosteet\/\" \/>\n<meta property=\"og:locale\" content=\"fi_FI\" \/>\n<meta property=\"og:type\" content=\"article\" \/>\n<meta property=\"og:title\" content=\"Jamkin EXAM-k\u00e4ytt\u00f6s\u00e4\u00e4nn\u00f6t ja -tietosuojaselosteet - Exam\" \/>\n<meta property=\"og:description\" content=\"Opiskelija sitoutuu noudattamaan Jamkin EXAM-palvelun k\u00e4ytt\u00f6s\u00e4\u00e4nt\u00f6j\u00e4 tenttiess\u00e4\u00e4n Jamkin Examstudiossa.\" \/>\n<meta property=\"og:url\" content=\"https:\/\/help.jamk.fi\/exam\/fi\/jamkin-exam-kayttosaannot-ja-tietosuojaselosteet\/\" \/>\n<meta property=\"og:site_name\" content=\"Exam\" \/>\n<meta property=\"article:modified_time\" content=\"2024-12-16T12:49:51+00:00\" \/>\n<meta name=\"twitter:card\" content=\"summary_large_image\" \/>\n<meta name=\"twitter:label1\" content=\"Arvioitu lukuaika\" \/>\n\t<meta name=\"twitter:data1\" content=\"3 minuuttia\" \/>\n<script type=\"application\/ld+json\" class=\"yoast-schema-graph\">{\"@context\":\"https:\\\/\\\/schema.org\",\"@graph\":[{\"@type\":\"WebPage\",\"@id\":\"https:\\\/\\\/help.jamk.fi\\\/exam\\\/fi\\\/jamkin-exam-kayttosaannot-ja-tietosuojaselosteet\\\/\",\"url\":\"https:\\\/\\\/help.jamk.fi\\\/exam\\\/fi\\\/jamkin-exam-kayttosaannot-ja-tietosuojaselosteet\\\/\",\"name\":\"Jamkin EXAM-k\u00e4ytt\u00f6s\u00e4\u00e4nn\u00f6t ja -tietosuojaselosteet - Exam\",\"isPartOf\":{\"@id\":\"https:\\\/\\\/help.jamk.fi\\\/exam\\\/#website\"},\"datePublished\":\"2016-09-23T09:05:44+00:00\",\"dateModified\":\"2024-12-16T12:49:51+00:00\",\"description\":\"Opiskelija sitoutuu noudattamaan Jamkin EXAM-palvelun k\u00e4ytt\u00f6s\u00e4\u00e4nt\u00f6j\u00e4 tenttiess\u00e4\u00e4n Jamkin Examstudiossa.\",\"breadcrumb\":{\"@id\":\"https:\\\/\\\/help.jamk.fi\\\/exam\\\/fi\\\/jamkin-exam-kayttosaannot-ja-tietosuojaselosteet\\\/#breadcrumb\"},\"inLanguage\":\"fi\",\"potentialAction\":[{\"@type\":\"ReadAction\",\"target\":[\"https:\\\/\\\/help.jamk.fi\\\/exam\\\/fi\\\/jamkin-exam-kayttosaannot-ja-tietosuojaselosteet\\\/\"]}]},{\"@type\":\"BreadcrumbList\",\"@id\":\"https:\\\/\\\/help.jamk.fi\\\/exam\\\/fi\\\/jamkin-exam-kayttosaannot-ja-tietosuojaselosteet\\\/#breadcrumb\",\"itemListElement\":[{\"@type\":\"ListItem\",\"position\":1,\"name\":\"Etusivu\",\"item\":\"https:\\\/\\\/help.jamk.fi\\\/exam\\\/fi\\\/\"},{\"@type\":\"ListItem\",\"position\":2,\"name\":\"Jamkin EXAM-k\u00e4ytt\u00f6s\u00e4\u00e4nn\u00f6t ja -tietosuojaselosteet\"}]},{\"@type\":\"WebSite\",\"@id\":\"https:\\\/\\\/help.jamk.fi\\\/exam\\\/#website\",\"url\":\"https:\\\/\\\/help.jamk.fi\\\/exam\\\/\",\"name\":\"Exam\",\"description\":\"\",\"potentialAction\":[{\"@type\":\"SearchAction\",\"target\":{\"@type\":\"EntryPoint\",\"urlTemplate\":\"https:\\\/\\\/help.jamk.fi\\\/exam\\\/?s={search_term_string}\"},\"query-input\":{\"@type\":\"PropertyValueSpecification\",\"valueRequired\":true,\"valueName\":\"search_term_string\"}}],\"inLanguage\":\"fi\"}]}<\/script>\n<!-- \/ Yoast SEO plugin. -->","yoast_head_json":{"title":"Jamkin EXAM-k\u00e4ytt\u00f6s\u00e4\u00e4nn\u00f6t ja -tietosuojaselosteet - Exam","description":"Opiskelija sitoutuu noudattamaan Jamkin EXAM-palvelun k\u00e4ytt\u00f6s\u00e4\u00e4nt\u00f6j\u00e4 tenttiess\u00e4\u00e4n Jamkin Examstudiossa.","robots":{"index":"index","follow":"follow","max-snippet":"max-snippet:-1","max-image-preview":"max-image-preview:large","max-video-preview":"max-video-preview:-1"},"canonical":"https:\/\/help.jamk.fi\/exam\/fi\/jamkin-exam-kayttosaannot-ja-tietosuojaselosteet\/","og_locale":"fi_FI","og_type":"article","og_title":"Jamkin EXAM-k\u00e4ytt\u00f6s\u00e4\u00e4nn\u00f6t ja -tietosuojaselosteet - Exam","og_description":"Opiskelija sitoutuu noudattamaan Jamkin EXAM-palvelun k\u00e4ytt\u00f6s\u00e4\u00e4nt\u00f6j\u00e4 tenttiess\u00e4\u00e4n Jamkin Examstudiossa.","og_url":"https:\/\/help.jamk.fi\/exam\/fi\/jamkin-exam-kayttosaannot-ja-tietosuojaselosteet\/","og_site_name":"Exam","article_modified_time":"2024-12-16T12:49:51+00:00","twitter_card":"summary_large_image","twitter_misc":{"Arvioitu lukuaika":"3 minuuttia"},"schema":{"@context":"https:\/\/schema.org","@graph":[{"@type":"WebPage","@id":"https:\/\/help.jamk.fi\/exam\/fi\/jamkin-exam-kayttosaannot-ja-tietosuojaselosteet\/","url":"https:\/\/help.jamk.fi\/exam\/fi\/jamkin-exam-kayttosaannot-ja-tietosuojaselosteet\/","name":"Jamkin EXAM-k\u00e4ytt\u00f6s\u00e4\u00e4nn\u00f6t ja -tietosuojaselosteet - Exam","isPartOf":{"@id":"https:\/\/help.jamk.fi\/exam\/#website"},"datePublished":"2016-09-23T09:05:44+00:00","dateModified":"2024-12-16T12:49:51+00:00","description":"Opiskelija sitoutuu noudattamaan Jamkin EXAM-palvelun k\u00e4ytt\u00f6s\u00e4\u00e4nt\u00f6j\u00e4 tenttiess\u00e4\u00e4n Jamkin Examstudiossa.","breadcrumb":{"@id":"https:\/\/help.jamk.fi\/exam\/fi\/jamkin-exam-kayttosaannot-ja-tietosuojaselosteet\/#breadcrumb"},"inLanguage":"fi","potentialAction":[{"@type":"ReadAction","target":["https:\/\/help.jamk.fi\/exam\/fi\/jamkin-exam-kayttosaannot-ja-tietosuojaselosteet\/"]}]},{"@type":"BreadcrumbList","@id":"https:\/\/help.jamk.fi\/exam\/fi\/jamkin-exam-kayttosaannot-ja-tietosuojaselosteet\/#breadcrumb","itemListElement":[{"@type":"ListItem","position":1,"name":"Etusivu","item":"https:\/\/help.jamk.fi\/exam\/fi\/"},{"@type":"ListItem","position":2,"name":"Jamkin EXAM-k\u00e4ytt\u00f6s\u00e4\u00e4nn\u00f6t ja -tietosuojaselosteet"}]},{"@type":"WebSite","@id":"https:\/\/help.jamk.fi\/exam\/#website","url":"https:\/\/help.jamk.fi\/exam\/","name":"Exam","description":"","potentialAction":[{"@type":"SearchAction","target":{"@type":"EntryPoint","urlTemplate":"https:\/\/help.jamk.fi\/exam\/?s={search_term_string}"},"query-input":{"@type":"PropertyValueSpecification","valueRequired":true,"valueName":"search_term_string"}}],"inLanguage":"fi"}]}},"_links":{"self":[{"href":"https:\/\/help.jamk.fi\/exam\/wp-json\/wp\/v2\/pages\/218","targetHints":{"allow":["GET"]}}],"collection":[{"href":"https:\/\/help.jamk.fi\/exam\/wp-json\/wp\/v2\/pages"}],"about":[{"href":"https:\/\/help.jamk.fi\/exam\/wp-json\/wp\/v2\/types\/page"}],"author":[{"embeddable":true,"href":"https:\/\/help.jamk.fi\/exam\/wp-json\/wp\/v2\/users\/82"}],"replies":[{"embeddable":true,"href":"https:\/\/help.jamk.fi\/exam\/wp-json\/wp\/v2\/comments?post=218"}],"version-history":[{"count":8,"href":"https:\/\/help.jamk.fi\/exam\/wp-json\/wp\/v2\/pages\/218\/revisions"}],"predecessor-version":[{"id":2455,"href":"https:\/\/help.jamk.fi\/exam\/wp-json\/wp\/v2\/pages\/218\/revisions\/2455"}],"wp:attachment":[{"href":"https:\/\/help.jamk.fi\/exam\/wp-json\/wp\/v2\/media?parent=218"}],"wp:term":[{"taxonomy":"category","embeddable":true,"href":"https:\/\/help.jamk.fi\/exam\/wp-json\/wp\/v2\/categories?post=218"},{"taxonomy":"post_tag","embeddable":true,"href":"https:\/\/help.jamk.fi\/exam\/wp-json\/wp\/v2\/tags?post=218"}],"curies":[{"name":"wp","href":"https:\/\/api.w.org\/{rel}","templated":true}]}}