{"id":221,"date":"2016-10-03T10:26:29","date_gmt":"2016-10-03T07:26:29","guid":{"rendered":"https:\/\/help.jamk.fi\/exam\/opettajalle\/luo-uusi-tentti-tarkka-ohje\/"},"modified":"2024-10-29T13:30:19","modified_gmt":"2024-10-29T11:30:19","slug":"luo-uusi-tentti-tarkka-ohje","status":"publish","type":"page","link":"https:\/\/help.jamk.fi\/exam\/fi\/opettajalle\/luo-uusi-tentti-tarkka-ohje\/","title":{"rendered":"Tentin laatiminen"},"content":{"rendered":"\n<h2 class=\"wp-block-heading\">Tenttityypit<\/h2>\n\n\n\n<p>Jamkin EXAMissa on valittavissa kolme tenttityyppi\u00e4:<\/p>\n\n\n\n<ul class=\"wp-block-list\">\n<li>Yleinen tentti: yleisess\u00e4 tentiss\u00e4 kuka tahansa opiskelija voi suorittaa tentin, kun se on julkaistu.<\/li>\n\n\n\n<li>Henkil\u00f6kohtainen tentti: opettaja tekee m\u00e4\u00e4r\u00e4tylle opiskelijalle henkil\u00f6kohtaisen tentin, johon muut opiskelijat eiv\u00e4t voi ilmoittautua.<\/li>\n\n\n\n<li>Kypsyysn\u00e4yte: henkil\u00f6kohtainen tentti, johon voidaan lis\u00e4t\u00e4 kielentarkastusprosessi.<\/li>\n<\/ul>\n\n\n\n<p>Alla olevassa ohjeessa luodaan <em>Yleinen tentti<\/em>. Mik\u00e4li olet luomassa henkil\u00f6kohtaista tentti\u00e4 tai kypsyysn\u00e4ytett\u00e4, tutustu <a href=\"https:\/\/wiki.eduuni.fi\/pages\/viewpage.action?pageId=64292919\">henkil\u00f6kohtaisen tentin ohjeisiin<\/a> ja <a href=\"https:\/\/help.jamk.fi\/exam\/fi\/opettajalle\/luo-uusi-kypsyysnayte-tentti\/\">kypsyysn\u00e4yteohjeisiin<\/a>. <\/p>\n\n\n\n<h2 class=\"wp-block-heading\">EXAM yleisen tentin laatiminen<\/h2>\n\n\n\n<ol class=\"wp-block-list\">\n<li>Luo uusi tentti klikkaamalla EXAM-ty\u00f6p\u00f6yd\u00e4ll\u00e4 <em>Uusi tentti<\/em>. Valitse tenttityypiksi&nbsp;<strong>Yleinen tentti.<\/strong><\/li>\n\n\n\n<li>Valitse&nbsp;<strong>Tenttimistapa<\/strong>.\n<ul class=\"wp-block-list\">\n<li>\u00f6Oletusarvoinen tenttimistapa on\u00a0<strong>EXAM-tenttitila\u00a0<\/strong>eli EXAM-tenttitilassa suoritettava s\u00e4hk\u00f6inen tentti. Valittavissa on my\u00f6s avoin tai rajattu omakonetentti.<\/li>\n<\/ul>\n<\/li>\n\n\n\n<li><strong>T\u00e4ydenn\u00e4&nbsp;<\/strong>tentin&nbsp;<strong>P<\/strong><strong>erustiedot<\/strong>:\n<ul class=\"wp-block-list\">\n<li><strong>Hae opintojakso<\/strong>, johon tentti kuuluu joko opintojakson tai sen toteutuksen&nbsp;<strong>koodilla<\/strong>&nbsp;tai nimell\u00e4.\n<ul class=\"wp-block-list\">\n<li>Ensimm\u00e4isen kerran haettaessa tulee k\u00e4ytt\u00e4\u00e4 opintojakson koodia.<\/li>\n<\/ul>\n<\/li>\n\n\n\n<li><strong>Nime\u00e4 tentti&nbsp;<\/strong>\n<ul class=\"wp-block-list\">\n<li>Opintojakson&nbsp;koodia ei tarvitse toistaa nimess\u00e4. Tentti\u00e4 varatessa opiskelija n\u00e4kee tentin koodin ja nimen.<\/li>\n\n\n\n<li>Jos samassa tentiss\u00e4 on kysymykset usealla kielell\u00e4, kirjoita my\u00f6s otsikko monikielisesti.<\/li>\n<\/ul>\n<\/li>\n\n\n\n<li><strong>Valitse tentin kieli,&nbsp;<\/strong>joka\/jotka n\u00e4ytet\u00e4\u00e4n opiskelijalle.\n<ul class=\"wp-block-list\">\n<li><strong>HUOM!<\/strong>&nbsp;Valinta ei vaikuta k\u00e4ytt\u00f6liittym\u00e4n kieleen, sen voi jokainen k\u00e4ytt\u00e4j\u00e4 itse valita.<\/li>\n\n\n\n<li>Voit valita useamman kielen.<\/li>\n\n\n\n<li>Arviointivaiheessa tentaattori valitsee kyseisen tenttisuorituksen kielen.<\/li>\n<\/ul>\n<\/li>\n\n\n\n<li><strong>Tallenna tiedot.<\/strong>&nbsp;Tentti on automaattisesti luonnos-tilassa<\/li>\n<\/ul>\n<\/li>\n\n\n\n<li><strong>T\u00e4ydenn\u00e4&nbsp;<\/strong>Tentin tiedot -kohtaan&nbsp;<strong>Tentaattorit<\/strong>&nbsp;ja&nbsp;<strong>Tentin arvioijat<\/strong>:\n<ul class=\"wp-block-list\">\n<li><strong>Tentaattorilla<\/strong>&nbsp;on t\u00e4ydet oikeudet tenttiin ja sen suorituksiin liittyviin toimenpiteisiin.<\/li>\n\n\n\n<li><strong>Tentin arvioijalla<\/strong>&nbsp;on oikeus arvioida tenttivastauksia. Arvioija ei voi lukita arviointia eik\u00e4 muokata tentti\u00e4.<\/li>\n\n\n\n<li>Tentill\u00e4 voi olla useita tentaattoreita tai arvioijia. Jos lis\u00e4\u00e4t tenttiisi toisen tentaattorin \/ arvioijan, tulee h\u00e4nen olla ensin kirjautunut j\u00e4rjestelm\u00e4\u00e4n ja h\u00e4nell\u00e4 tulee olla tentaattorin oikeudet.<\/li>\n<\/ul>\n<\/li>\n\n\n\n<li><strong>T\u00e4ydenn\u00e4 tentin erityisvaatimukset tenttikoneille<\/strong>&nbsp;ja lis\u00e4\u00e4 mahdollinen&nbsp;<strong>liite<\/strong>.\n<ul class=\"wp-block-list\">\n<li>Tenttiin vastaamisessa tarvittavat ohjelmistot ovat korkeakoulu- sek\u00e4 tila- ja konekohtaisia. \n<ul class=\"wp-block-list\">\n<li>Ohjelmistovaatimusten valinta vaikuttaa tilojen ja tietokoneiden valikoitumiseen opiskelijalle.<\/li>\n\n\n\n<li>Valinta varmistaa, ett\u00e4 opiskelijalla on varattavissaan tentin suorittamiseen tarvittavat resurssit.<\/li>\n\n\n\n<li>Mik\u00e4li opiskelija suorittaa tentin tenttivierailuna, erityisvaatimukset eiv\u00e4t siirry kohdekorkeakouluun. Huomioithan, ett\u00e4 erityisvaatimusten lis\u00e4\u00e4minen tenttiin saattaa johtaa siihen, ettei tentti\u00e4 pysty suorittamaan tenttivierailuna toisessa korkeakoulussa.<\/li>\n<\/ul>\n<\/li>\n\n\n\n<li>Lataa tentin liite\n<ul class=\"wp-block-list\">\n<li>Voit ladata vain yhden liitteen. Liite voi olla my\u00f6s ZIP-paketti, jolloin siihen voi pakata useampia tiedostoja.<\/li>\n\n\n\n<li>Liitetiedostojen avaaminen tenttitilanteessa vaatii, ett\u00e4 tarvittava ohjelmisto on asennettu tenttitilan tietokoneelle.&nbsp;<\/li>\n\n\n\n<li>Liitteen maksimikoko on 50 Mb.&nbsp;&nbsp;<\/li>\n<\/ul>\n<\/li>\n<\/ul>\n<\/li>\n\n\n\n<li><strong>T\u00e4ydenn\u00e4 ohjeistus<\/strong>\n<ul class=\"wp-block-list\">\n<li><strong>Tentin aikana n\u00e4kyv\u00e4ksi&nbsp;<\/strong>ohjeistukseksi opiskelijalle voi kirjoittaa yleisi\u00e4 ohjeita, kuten kuinka moneen kysymykseen tentiss\u00e4 tulee vastata tai muistutuksen, ett\u00e4 liitteet tulee liitt\u00e4\u00e4 suoritukseen tentin aikana.<\/li>\n\n\n\n<li><strong>Tenttivarauksen aikana n\u00e4kyv\u00e4\u00e4n&nbsp;<\/strong>ohjeistukseen opiskelijalle voi kirjoittaa muun muassa, kenelle tentti on tarkoitettu (esim. tietyn luentokurssin opiskelijoille, sivuaineopiskelijoille) tai muita hy\u00f6dyllisi\u00e4 muistutuksia (esim. turhien tenttivarausten poistaminen).\n<ul class=\"wp-block-list\">\n<li>Ohjeistuksessa on hyv\u00e4 mainita, jos tenttikoneelta tarvittavat erityisvaatimukset rajaavat k\u00e4ytett\u00e4viss\u00e4 olevia tenttitiloja: mik\u00e4li tentille on m\u00e4\u00e4ritelty, ettei k\u00e4yt\u00f6ss\u00e4 saa olla CAS-ohjelmia, opiskelijoita ohjeistetaan varaamaan tenttiaika joko tenttitilasta &#8221;Examstudio Lutakko D207 &#8211; Height adjustable&#8221; tai &#8221;Examstudio Raja BP16&#8221;.<\/li>\n\n\n\n<li>Mik\u00e4li tentiss\u00e4 on k\u00e4yt\u00f6ss\u00e4 valinnaisia aihealueita, ohjeista valintojen tekeminen<\/li>\n<\/ul>\n<\/li>\n\n\n\n<li><strong>Tallenna<\/strong>&nbsp;muutokset.<\/li>\n<\/ul>\n<\/li>\n<\/ol>\n\n\n\n<h3 class=\"wp-block-heading\">Lis\u00e4\u00e4 kysymykset<\/h3>\n\n\n\n<ol class=\"wp-block-list\">\n<li>Siirry<strong>&nbsp;Kysymykset-v\u00e4lilehdelle&nbsp;<\/strong>ja lis\u00e4\u00e4 kysymykset linkin ohjeen mukaan:&nbsp;<a href=\"https:\/\/wiki.eduuni.fi\/pages\/viewpage.action?pageId=390830908\">Kysymysten lis\u00e4ys<\/a><\/li>\n<\/ol>\n\n\n\n<p>Huomioi, ett\u00e4 mik\u00e4li vastaaminen edellytt\u00e4\u00e4 liitetiedoston palauttamista, tentiss\u00e4 on oltava esseekysymys. Muissa kysymystyypeiss\u00e4 opiskelija ei pysty liitt\u00e4m\u00e4\u00e4n liitetiedostoa vastaukseen.<\/p>\n\n\n\n<h3 class=\"wp-block-heading\">M\u00e4\u00e4rit\u00e4 arviointiasetukset<\/h3>\n\n\n\n<ol class=\"wp-block-list\">\n<li>Siirry&nbsp;<strong>Arviointiasetukset-v\u00e4lilehdelle<\/strong>&nbsp;ja t\u00e4ydenn\u00e4 arviointitiedot:\n<ul class=\"wp-block-list\">\n<li><strong>Valitse suoritustyyppi.&nbsp;<\/strong>Kokonaissuoritus on automaattisesti valittuna.<\/li>\n\n\n\n<li><strong>Arvosana-asteikko<\/strong>&nbsp;m\u00e4\u00e4r\u00e4ytyy opintojakson tiedoista. Mik\u00e4li opintojaksolle ei ole m\u00e4\u00e4ritelty arvosana-asteikkoa, voi arvosana-asteikkoa muuttaa.&nbsp;<\/li>\n\n\n\n<li>Ota halutessasi k\u00e4ytt\u00f6\u00f6n&nbsp;<strong>Kysymysten ja vastausten julkaisu<\/strong>&nbsp;klikkaamalla kohdasta Kysymysten ja vastausten julkaisu ja valitsemalla avautuvassa n\u00e4kym\u00e4ss\u00e4 (kuva)&nbsp;<strong>Ota k\u00e4ytt\u00f6\u00f6n<\/strong>.\n<ul class=\"wp-block-list\">\n<li>Kun kysymysten ja vastausten julkaisu on otettu k\u00e4ytt\u00f6\u00f6n, opiskelijalle julkaistaan arvioinnin yhteydess\u00e4 arvosanan, pisteiden sek\u00e4 palautteen lis\u00e4ksi my\u00f6s h\u00e4nell\u00e4 tentiss\u00e4 olleet kysymykset ja omat vastaukset. Monivalintakysymyksist\u00e4 opiskelijalle julkaistaan vain h\u00e4nen valitsemansa vaihtoehdot, ei kaikkia vastausvaihtoehtoja.&nbsp;<\/li>\n\n\n\n<li>Ajankohdaksi tietojen julkaisulle on valittavissa vain vaihtoehto &#8221;Heti suorituksen lukitsemisen j\u00e4lkeen&#8221;. T\u00e4t\u00e4 valintaa ei siis voi muuttaa. Opiskelijalle julkaistaan tiedot heti, kun arviointi on lukittu.<\/li>\n\n\n\n<li>Julkaisun voi ottaa k\u00e4ytt\u00f6\u00f6n tai pois k\u00e4yt\u00f6st\u00e4 siihen saakka, kun ensimm\u00e4inen tenttisuoritus on lukittu. Asetus on t\u00e4ll\u00f6in aina sama kaikille saman tentin suorittaneille.<\/li>\n<\/ul>\n<\/li>\n<\/ul>\n<\/li>\n\n\n\n<li><strong>Tallenna<\/strong>&nbsp;arviointiasetukset.<\/li>\n<\/ol>\n\n\n\n<figure class=\"wp-block-image size-full\"><img loading=\"lazy\" decoding=\"async\" width=\"2218\" height=\"1350\" src=\"https:\/\/help.jamk.fi\/exam\/wp-content\/uploads\/sites\/89\/2023\/11\/EXAM-6.2.2-yleisen-tentin-arviointiasetukset.jpg\" alt=\"\" class=\"wp-image-2104\"\/><\/figure>\n\n\n\n<h3 class=\"wp-block-heading\">M\u00e4\u00e4rit\u00e4 tentin julkaisemiseen liittyv\u00e4t asetukset<\/h3>\n\n\n\n<ol class=\"wp-block-list\">\n<li>T\u00e4ydenn\u00e4<strong>&nbsp;<\/strong>tentin julkaisemiseen liittyv\u00e4t tiedot<strong>&nbsp;Julkaise-v\u00e4lilehdell\u00e4<\/strong>:<\/li>\n<\/ol>\n\n\n\n<figure class=\"wp-block-image size-full\"><img loading=\"lazy\" decoding=\"async\" width=\"1114\" height=\"637\" src=\"https:\/\/help.jamk.fi\/exam\/wp-content\/uploads\/sites\/89\/2023\/11\/EXAM-6.2.2-yleisen-tentin-julkaisuasetukset.png\" alt=\"\" class=\"wp-image-2106\" title=\"Klikkaa isommaksi\"\/><\/figure>\n\n\n\n<ul class=\"wp-block-list\">\n<li><strong>Tenttiperiodin alkamis- ja p\u00e4\u00e4ttymisp\u00e4iv\u00e4t<\/strong>, eli ajanjakso jolle tenttiaikoja voi varata.\n<ul class=\"wp-block-list\">\n<li>Kun tenttiin on ilmoittautumisia, vain yll\u00e4pit\u00e4j\u00e4 voi lyhent\u00e4\u00e4 tenttiperiodia.<\/li>\n<\/ul>\n<\/li>\n\n\n\n<li><strong>Tentin&nbsp;kestossa<\/strong>&nbsp;on eri vaihtoehtoja.\n<ul class=\"wp-block-list\">\n<li>Tenttiaika alkaa varauksen alussa.<\/li>\n\n\n\n<li>Tenttiajassa ei ole my\u00f6h\u00e4stymisvaraa.<\/li>\n\n\n\n<li>Jos tenttiin on varauksia, tentin kestoa ei kannata muuttaa, koska muutos ei vaikuttaisi jo tenttiajan varanneisiin opiskelijoihin.<\/li>\n<\/ul>\n<\/li>\n\n\n\n<li><strong>M\u00e4\u00e4rittele suorituskertojen enimm\u00e4ism\u00e4\u00e4r\u00e4.&nbsp;<\/strong>T\u00e4m\u00e4 m\u00e4\u00e4ritt\u00e4\u00e4, kuinka monta kertaa tentti\u00e4 voi suorittaa ennen arviointia.&nbsp;Oletuksena on yksi kerta.\n<ul class=\"wp-block-list\">\n<li>Arvioinnin j\u00e4lkeen opiskelija voi ilmoittautua uudelleen.<\/li>\n\n\n\n<li>Jos opiskelija ei saavu tenttiin varaamanaan aikana yleisess\u00e4 tentiss\u00e4 eik\u00e4 peruuta varausta, h\u00e4n voi varata tenttiajan varaamansa ajan p\u00e4\u00e4tytty\u00e4.<\/li>\n\n\n\n<li>Jos opiskelija keskeytt\u00e4\u00e4 tentin, lasketaan t\u00e4m\u00e4 suorituskerraksi. Keskeytetyt suorituskerrat tentaattori voi vapauttaa opiskelijalle.<\/li>\n<\/ul>\n<\/li>\n<\/ul>\n\n\n\n<h3 class=\"wp-block-heading\">Esikatsele tentti<\/h3>\n\n\n\n<ol class=\"wp-block-list\">\n<li><strong>Esikatsele tentti&nbsp;<\/strong>huolellisesti.\n<ul class=\"wp-block-list\">\n<li>Esikatselu vastaa pitk\u00e4lle opiskelijan tenttin\u00e4kym\u00e4\u00e4. Jos aihealueissa on arvottavia kysymyksi\u00e4, arvotaan kysymykset my\u00f6s esikatseluun.&nbsp;<\/li>\n\n\n\n<li>Varsinaisessa tentiss\u00e4 on lis\u00e4ksi j\u00e4ljell\u00e4 olevaa tenttiaikaa n\u00e4ytt\u00e4v\u00e4 kello ja painikkeet tentin palauttamiseen ja keskeytt\u00e4miseen.<\/li>\n<\/ul>\n<\/li>\n<\/ol>\n\n\n\n<h3 class=\"wp-block-heading\">Julkaise tentti<\/h3>\n\n\n\n<ol class=\"wp-block-list\">\n<li><strong>&nbsp;Julkaise<\/strong>&nbsp;<strong>tentti&nbsp;<\/strong>klikkaamalla&nbsp;<strong>Tallenna ja julkaise<\/strong>&nbsp;-painiketta. Tentti tulee julkaisun j\u00e4lkeen opiskelijoiden varattavaksi.\n<ul class=\"wp-block-list\">\n<li>Tiedota opiskelijoita tentist\u00e4. Voit l\u00e4hett\u00e4\u00e4 opiskelijoille&nbsp;<strong>ilmoittautumislinkin&nbsp;<\/strong>(Julkaisu-sivun alalaidasta) ja opiskelija p\u00e4\u00e4see suoraan varaamaan itselleen tenttitilaa.<\/li>\n<\/ul>\n<\/li>\n<\/ol>\n","protected":false},"excerpt":{"rendered":"<p>Tenttityypit Jamkin EXAMissa on valittavissa kolme tenttityyppi\u00e4: Alla olevassa ohjeessa luodaan Yleinen tentti. Mik\u00e4li olet luomassa henkil\u00f6kohtaista tentti\u00e4 tai kypsyysn\u00e4ytett\u00e4, tutustu henkil\u00f6kohtaisen tentin ohjeisiin ja kypsyysn\u00e4yteohjeisiin. EXAM yleisen tentin laatiminen Lis\u00e4\u00e4 kysymykset Huomioi, ett\u00e4 mik\u00e4li vastaaminen edellytt\u00e4\u00e4 liitetiedoston palauttamista, tentiss\u00e4 on oltava esseekysymys. Muissa kysymystyypeiss\u00e4 opiskelija ei pysty liitt\u00e4m\u00e4\u00e4n liitetiedostoa vastaukseen. M\u00e4\u00e4rit\u00e4 arviointiasetukset M\u00e4\u00e4rit\u00e4 tentin [&hellip;]<\/p>\n","protected":false},"author":82,"featured_media":0,"parent":71,"menu_order":1,"comment_status":"closed","ping_status":"closed","template":"","meta":{"_acf_changed":false,"_relevanssi_hide_post":"","_relevanssi_hide_content":"","_relevanssi_pin_for_all":"","_relevanssi_pin_keywords":"","_relevanssi_unpin_keywords":"","_relevanssi_related_keywords":"","_relevanssi_related_include_ids":"","_relevanssi_related_exclude_ids":"","_relevanssi_related_no_append":"","_relevanssi_related_not_related":"","_relevanssi_related_posts":"","_relevanssi_noindex_reason":"","footnotes":""},"categories":[],"tags":[],"class_list":["post-221","page","type-page","status-publish","hentry"],"acf":[],"yoast_head":"<!-- This site is optimized with the Yoast SEO plugin v27.4 - https:\/\/yoast.com\/product\/yoast-seo-wordpress\/ -->\n<title>Tentin laatiminen - Exam<\/title>\n<meta name=\"robots\" content=\"index, follow, max-snippet:-1, max-image-preview:large, max-video-preview:-1\" \/>\n<link rel=\"canonical\" href=\"https:\/\/help.jamk.fi\/exam\/fi\/opettajalle\/luo-uusi-tentti-tarkka-ohje\/\" \/>\n<meta property=\"og:locale\" content=\"fi_FI\" \/>\n<meta property=\"og:type\" content=\"article\" \/>\n<meta property=\"og:title\" content=\"Tentin laatiminen - Exam\" \/>\n<meta property=\"og:description\" content=\"Tenttityypit Jamkin EXAMissa on valittavissa kolme tenttityyppi\u00e4: Alla olevassa ohjeessa luodaan Yleinen tentti. Mik\u00e4li olet luomassa henkil\u00f6kohtaista tentti\u00e4 tai kypsyysn\u00e4ytett\u00e4, tutustu henkil\u00f6kohtaisen tentin ohjeisiin ja kypsyysn\u00e4yteohjeisiin. EXAM yleisen tentin laatiminen Lis\u00e4\u00e4 kysymykset Huomioi, ett\u00e4 mik\u00e4li vastaaminen edellytt\u00e4\u00e4 liitetiedoston palauttamista, tentiss\u00e4 on oltava esseekysymys. Muissa kysymystyypeiss\u00e4 opiskelija ei pysty liitt\u00e4m\u00e4\u00e4n liitetiedostoa vastaukseen. M\u00e4\u00e4rit\u00e4 arviointiasetukset M\u00e4\u00e4rit\u00e4 tentin [&hellip;]\" \/>\n<meta property=\"og:url\" content=\"https:\/\/help.jamk.fi\/exam\/fi\/opettajalle\/luo-uusi-tentti-tarkka-ohje\/\" \/>\n<meta property=\"og:site_name\" content=\"Exam\" \/>\n<meta property=\"article:modified_time\" content=\"2024-10-29T11:30:19+00:00\" \/>\n<meta property=\"og:image\" content=\"https:\/\/help.jamk.fi\/exam\/wp-content\/uploads\/sites\/89\/2023\/11\/EXAM-6.2.2-yleisen-tentin-arviointiasetukset.jpg\" \/>\n<meta name=\"twitter:card\" content=\"summary_large_image\" \/>\n<meta name=\"twitter:label1\" content=\"Arvioitu lukuaika\" \/>\n\t<meta name=\"twitter:data1\" content=\"6 minuuttia\" \/>\n<script type=\"application\/ld+json\" class=\"yoast-schema-graph\">{\"@context\":\"https:\\\/\\\/schema.org\",\"@graph\":[{\"@type\":\"WebPage\",\"@id\":\"https:\\\/\\\/help.jamk.fi\\\/exam\\\/fi\\\/opettajalle\\\/luo-uusi-tentti-tarkka-ohje\\\/\",\"url\":\"https:\\\/\\\/help.jamk.fi\\\/exam\\\/fi\\\/opettajalle\\\/luo-uusi-tentti-tarkka-ohje\\\/\",\"name\":\"Tentin laatiminen - Exam\",\"isPartOf\":{\"@id\":\"https:\\\/\\\/help.jamk.fi\\\/exam\\\/#website\"},\"primaryImageOfPage\":{\"@id\":\"https:\\\/\\\/help.jamk.fi\\\/exam\\\/fi\\\/opettajalle\\\/luo-uusi-tentti-tarkka-ohje\\\/#primaryimage\"},\"image\":{\"@id\":\"https:\\\/\\\/help.jamk.fi\\\/exam\\\/fi\\\/opettajalle\\\/luo-uusi-tentti-tarkka-ohje\\\/#primaryimage\"},\"thumbnailUrl\":\"https:\\\/\\\/help.jamk.fi\\\/exam\\\/wp-content\\\/uploads\\\/sites\\\/89\\\/2023\\\/11\\\/EXAM-6.2.2-yleisen-tentin-arviointiasetukset.jpg\",\"datePublished\":\"2016-10-03T07:26:29+00:00\",\"dateModified\":\"2024-10-29T11:30:19+00:00\",\"breadcrumb\":{\"@id\":\"https:\\\/\\\/help.jamk.fi\\\/exam\\\/fi\\\/opettajalle\\\/luo-uusi-tentti-tarkka-ohje\\\/#breadcrumb\"},\"inLanguage\":\"fi\",\"potentialAction\":[{\"@type\":\"ReadAction\",\"target\":[\"https:\\\/\\\/help.jamk.fi\\\/exam\\\/fi\\\/opettajalle\\\/luo-uusi-tentti-tarkka-ohje\\\/\"]}]},{\"@type\":\"ImageObject\",\"inLanguage\":\"fi\",\"@id\":\"https:\\\/\\\/help.jamk.fi\\\/exam\\\/fi\\\/opettajalle\\\/luo-uusi-tentti-tarkka-ohje\\\/#primaryimage\",\"url\":\"https:\\\/\\\/help.jamk.fi\\\/exam\\\/wp-content\\\/uploads\\\/sites\\\/89\\\/2023\\\/11\\\/EXAM-6.2.2-yleisen-tentin-arviointiasetukset.jpg\",\"contentUrl\":\"https:\\\/\\\/help.jamk.fi\\\/exam\\\/wp-content\\\/uploads\\\/sites\\\/89\\\/2023\\\/11\\\/EXAM-6.2.2-yleisen-tentin-arviointiasetukset.jpg\",\"width\":2218,\"height\":1350,\"caption\":\"Kuvankaappaus tentin arviointiasetukset-n\u00e4kym\u00e4st\u00e4.\"},{\"@type\":\"BreadcrumbList\",\"@id\":\"https:\\\/\\\/help.jamk.fi\\\/exam\\\/fi\\\/opettajalle\\\/luo-uusi-tentti-tarkka-ohje\\\/#breadcrumb\",\"itemListElement\":[{\"@type\":\"ListItem\",\"position\":1,\"name\":\"Etusivu\",\"item\":\"https:\\\/\\\/help.jamk.fi\\\/exam\\\/fi\\\/\"},{\"@type\":\"ListItem\",\"position\":2,\"name\":\"Opettajalle\",\"item\":\"https:\\\/\\\/help.jamk.fi\\\/exam\\\/fi\\\/opettajalle\\\/\"},{\"@type\":\"ListItem\",\"position\":3,\"name\":\"Tentin laatiminen\"}]},{\"@type\":\"WebSite\",\"@id\":\"https:\\\/\\\/help.jamk.fi\\\/exam\\\/#website\",\"url\":\"https:\\\/\\\/help.jamk.fi\\\/exam\\\/\",\"name\":\"Exam\",\"description\":\"\",\"potentialAction\":[{\"@type\":\"SearchAction\",\"target\":{\"@type\":\"EntryPoint\",\"urlTemplate\":\"https:\\\/\\\/help.jamk.fi\\\/exam\\\/?s={search_term_string}\"},\"query-input\":{\"@type\":\"PropertyValueSpecification\",\"valueRequired\":true,\"valueName\":\"search_term_string\"}}],\"inLanguage\":\"fi\"}]}<\/script>\n<!-- \/ Yoast SEO plugin. -->","yoast_head_json":{"title":"Tentin laatiminen - Exam","robots":{"index":"index","follow":"follow","max-snippet":"max-snippet:-1","max-image-preview":"max-image-preview:large","max-video-preview":"max-video-preview:-1"},"canonical":"https:\/\/help.jamk.fi\/exam\/fi\/opettajalle\/luo-uusi-tentti-tarkka-ohje\/","og_locale":"fi_FI","og_type":"article","og_title":"Tentin laatiminen - Exam","og_description":"Tenttityypit Jamkin EXAMissa on valittavissa kolme tenttityyppi\u00e4: Alla olevassa ohjeessa luodaan Yleinen tentti. Mik\u00e4li olet luomassa henkil\u00f6kohtaista tentti\u00e4 tai kypsyysn\u00e4ytett\u00e4, tutustu henkil\u00f6kohtaisen tentin ohjeisiin ja kypsyysn\u00e4yteohjeisiin. EXAM yleisen tentin laatiminen Lis\u00e4\u00e4 kysymykset Huomioi, ett\u00e4 mik\u00e4li vastaaminen edellytt\u00e4\u00e4 liitetiedoston palauttamista, tentiss\u00e4 on oltava esseekysymys. Muissa kysymystyypeiss\u00e4 opiskelija ei pysty liitt\u00e4m\u00e4\u00e4n liitetiedostoa vastaukseen. M\u00e4\u00e4rit\u00e4 arviointiasetukset M\u00e4\u00e4rit\u00e4 tentin [&hellip;]","og_url":"https:\/\/help.jamk.fi\/exam\/fi\/opettajalle\/luo-uusi-tentti-tarkka-ohje\/","og_site_name":"Exam","article_modified_time":"2024-10-29T11:30:19+00:00","og_image":[{"url":"https:\/\/help.jamk.fi\/exam\/wp-content\/uploads\/sites\/89\/2023\/11\/EXAM-6.2.2-yleisen-tentin-arviointiasetukset.jpg","type":"","width":"","height":""}],"twitter_card":"summary_large_image","twitter_misc":{"Arvioitu lukuaika":"6 minuuttia"},"schema":{"@context":"https:\/\/schema.org","@graph":[{"@type":"WebPage","@id":"https:\/\/help.jamk.fi\/exam\/fi\/opettajalle\/luo-uusi-tentti-tarkka-ohje\/","url":"https:\/\/help.jamk.fi\/exam\/fi\/opettajalle\/luo-uusi-tentti-tarkka-ohje\/","name":"Tentin laatiminen - Exam","isPartOf":{"@id":"https:\/\/help.jamk.fi\/exam\/#website"},"primaryImageOfPage":{"@id":"https:\/\/help.jamk.fi\/exam\/fi\/opettajalle\/luo-uusi-tentti-tarkka-ohje\/#primaryimage"},"image":{"@id":"https:\/\/help.jamk.fi\/exam\/fi\/opettajalle\/luo-uusi-tentti-tarkka-ohje\/#primaryimage"},"thumbnailUrl":"https:\/\/help.jamk.fi\/exam\/wp-content\/uploads\/sites\/89\/2023\/11\/EXAM-6.2.2-yleisen-tentin-arviointiasetukset.jpg","datePublished":"2016-10-03T07:26:29+00:00","dateModified":"2024-10-29T11:30:19+00:00","breadcrumb":{"@id":"https:\/\/help.jamk.fi\/exam\/fi\/opettajalle\/luo-uusi-tentti-tarkka-ohje\/#breadcrumb"},"inLanguage":"fi","potentialAction":[{"@type":"ReadAction","target":["https:\/\/help.jamk.fi\/exam\/fi\/opettajalle\/luo-uusi-tentti-tarkka-ohje\/"]}]},{"@type":"ImageObject","inLanguage":"fi","@id":"https:\/\/help.jamk.fi\/exam\/fi\/opettajalle\/luo-uusi-tentti-tarkka-ohje\/#primaryimage","url":"https:\/\/help.jamk.fi\/exam\/wp-content\/uploads\/sites\/89\/2023\/11\/EXAM-6.2.2-yleisen-tentin-arviointiasetukset.jpg","contentUrl":"https:\/\/help.jamk.fi\/exam\/wp-content\/uploads\/sites\/89\/2023\/11\/EXAM-6.2.2-yleisen-tentin-arviointiasetukset.jpg","width":2218,"height":1350,"caption":"Kuvankaappaus tentin arviointiasetukset-n\u00e4kym\u00e4st\u00e4."},{"@type":"BreadcrumbList","@id":"https:\/\/help.jamk.fi\/exam\/fi\/opettajalle\/luo-uusi-tentti-tarkka-ohje\/#breadcrumb","itemListElement":[{"@type":"ListItem","position":1,"name":"Etusivu","item":"https:\/\/help.jamk.fi\/exam\/fi\/"},{"@type":"ListItem","position":2,"name":"Opettajalle","item":"https:\/\/help.jamk.fi\/exam\/fi\/opettajalle\/"},{"@type":"ListItem","position":3,"name":"Tentin laatiminen"}]},{"@type":"WebSite","@id":"https:\/\/help.jamk.fi\/exam\/#website","url":"https:\/\/help.jamk.fi\/exam\/","name":"Exam","description":"","potentialAction":[{"@type":"SearchAction","target":{"@type":"EntryPoint","urlTemplate":"https:\/\/help.jamk.fi\/exam\/?s={search_term_string}"},"query-input":{"@type":"PropertyValueSpecification","valueRequired":true,"valueName":"search_term_string"}}],"inLanguage":"fi"}]}},"_links":{"self":[{"href":"https:\/\/help.jamk.fi\/exam\/wp-json\/wp\/v2\/pages\/221","targetHints":{"allow":["GET"]}}],"collection":[{"href":"https:\/\/help.jamk.fi\/exam\/wp-json\/wp\/v2\/pages"}],"about":[{"href":"https:\/\/help.jamk.fi\/exam\/wp-json\/wp\/v2\/types\/page"}],"author":[{"embeddable":true,"href":"https:\/\/help.jamk.fi\/exam\/wp-json\/wp\/v2\/users\/82"}],"replies":[{"embeddable":true,"href":"https:\/\/help.jamk.fi\/exam\/wp-json\/wp\/v2\/comments?post=221"}],"version-history":[{"count":24,"href":"https:\/\/help.jamk.fi\/exam\/wp-json\/wp\/v2\/pages\/221\/revisions"}],"predecessor-version":[{"id":2440,"href":"https:\/\/help.jamk.fi\/exam\/wp-json\/wp\/v2\/pages\/221\/revisions\/2440"}],"up":[{"embeddable":true,"href":"https:\/\/help.jamk.fi\/exam\/wp-json\/wp\/v2\/pages\/71"}],"wp:attachment":[{"href":"https:\/\/help.jamk.fi\/exam\/wp-json\/wp\/v2\/media?parent=221"}],"wp:term":[{"taxonomy":"category","embeddable":true,"href":"https:\/\/help.jamk.fi\/exam\/wp-json\/wp\/v2\/categories?post=221"},{"taxonomy":"post_tag","embeddable":true,"href":"https:\/\/help.jamk.fi\/exam\/wp-json\/wp\/v2\/tags?post=221"}],"curies":[{"name":"wp","href":"https:\/\/api.w.org\/{rel}","templated":true}]}}