{"id":260,"date":"2016-10-03T12:36:12","date_gmt":"2016-10-03T09:36:12","guid":{"rendered":"https:\/\/help.jamk.fi\/exam\/apua-ongelmatilanteisiin\/poikkeustilanteet-opettaja\/"},"modified":"2024-01-05T11:10:51","modified_gmt":"2024-01-05T09:10:51","slug":"poikkeustilanteet-opettaja","status":"publish","type":"page","link":"https:\/\/help.jamk.fi\/exam\/fi\/apua-ongelmatilanteisiin\/poikkeustilanteet-opettaja\/","title":{"rendered":"Poikkeustilanteet &#8211; opettajan toimenpiteet"},"content":{"rendered":"\n<p>EXAM-tenttiin liittyv\u00e4t poikkeustilanteet ohjataan aina opintojakson opettajalle eli tentin omistajalle. Vain opettaja voi k\u00e4sitell\u00e4 tenttiin liittyv\u00e4t poikkeustilanteet, koska h\u00e4n on m\u00e4\u00e4ritellyt tentin perustiedot, mm. tenttiperiodin ja suorituskerrat.<\/p>\n\n\n\n<h2 class=\"wp-block-heading\">Ongelmia EXAM-tenttiin ilmoittautumisessa<\/h2>\n\n\n\n<p>Opiskelija ilmoittaa, ettei haluttua tentti\u00e4 n\u00e4y EXAM-ty\u00f6p\u00f6yd\u00e4ll\u00e4.<\/p>\n\n\n\n<ul class=\"wp-block-list\">\n<li>Tenttiperiodi ei ole voimassa. Ratkaisu: Jatka tenttiperiodia.<\/li>\n\n\n\n<li>Tentti\u00e4 ei ole julkaistu. Ratkaisu: Julkaise tentti.<\/li>\n<\/ul>\n\n\n\n<p>Opiskelija ilmoittaa, ett\u00e4 Examstudiossa ei ole vapaita aikoja. Kehoita opiskelijaa valitsemaan jokin toinen tenttitila, esim. BP16.<\/p>\n\n\n\n<h2 class=\"wp-block-heading\">Ongelmia EXAM-tenttitilanteessa Examstudiossa<\/h2>\n\n\n\n<p>Tenttikoneella on ilmennyt tekninen ongelma (n\u00e4ytt\u00f6\u00f6n ei tule virtaa, tenttikoneessa vika, tenttikone jumittaa, s\u00e4hk\u00f6katko yli 5 minuuttia) tai kiinteist\u00f6ss\u00e4 on tullut paloh\u00e4lytys:<\/p>\n\n\n\n<ul class=\"wp-block-list\">\n<li>EXAM-sovelluksessa no-show ja opiskelijalta on tullut ilmoitus poikkeustilanteesta. Ratkaisu: Vapauta tenttivaraus.<\/li>\n<\/ul>\n\n\n\n<h2 class=\"wp-block-heading\">Vilppiep\u00e4ilyt<\/h2>\n\n\n\n<p>Ota viipym\u00e4tt\u00e4 s\u00e4hk\u00f6postilla yhteytt\u00e4 yksik\u00f6n verkkopedagogiikan suunnittelijaan (hyvinvointi\/liiketoiminta\/teknologia). Ilmoita tentin nimi, tenttiajankohta (p\u00e4iv\u00e4m\u00e4\u00e4r\u00e4 ja kellonaika) ja tenttikoneen numero sek\u00e4 millaista vilppi\u00e4 ep\u00e4ill\u00e4\u00e4n. Kyse voi olla luvatta tuoduista tavaroista, keskustelusta toisten tenttij\u00f6iden kanssa, poistumisesta kesken tentin ennen tentin palautusta, luvattomasta oven avaamisesta jollekin toiselle, jne.<\/p>\n","protected":false},"excerpt":{"rendered":"<p>EXAM-tenttiin liittyv\u00e4t poikkeustilanteet ohjataan aina opintojakson opettajalle eli tentin omistajalle. Vain opettaja voi k\u00e4sitell\u00e4 tenttiin liittyv\u00e4t poikkeustilanteet, koska h\u00e4n on m\u00e4\u00e4ritellyt tentin perustiedot, mm. tenttiperiodin ja suorituskerrat. Ongelmia EXAM-tenttiin ilmoittautumisessa Opiskelija ilmoittaa, ettei haluttua tentti\u00e4 n\u00e4y EXAM-ty\u00f6p\u00f6yd\u00e4ll\u00e4. Opiskelija ilmoittaa, ett\u00e4 Examstudiossa ei ole vapaita aikoja. Kehoita opiskelijaa valitsemaan jokin toinen tenttitila, esim. BP16. Ongelmia EXAM-tenttitilanteessa [&hellip;]<\/p>\n","protected":false},"author":82,"featured_media":0,"parent":80,"menu_order":1,"comment_status":"closed","ping_status":"closed","template":"","meta":{"_acf_changed":false,"_relevanssi_hide_post":"","_relevanssi_hide_content":"","_relevanssi_pin_for_all":"","_relevanssi_pin_keywords":"","_relevanssi_unpin_keywords":"","_relevanssi_related_keywords":"","_relevanssi_related_include_ids":"","_relevanssi_related_exclude_ids":"","_relevanssi_related_no_append":"","_relevanssi_related_not_related":"","_relevanssi_related_posts":"","_relevanssi_noindex_reason":"","footnotes":""},"categories":[],"tags":[],"class_list":["post-260","page","type-page","status-publish","hentry"],"acf":[],"yoast_head":"<!-- This site is optimized with the Yoast SEO plugin v27.4 - https:\/\/yoast.com\/product\/yoast-seo-wordpress\/ -->\n<title>Poikkeustilanteet - opettajan toimenpiteet - Exam<\/title>\n<meta name=\"robots\" content=\"index, follow, max-snippet:-1, max-image-preview:large, max-video-preview:-1\" \/>\n<link rel=\"canonical\" href=\"https:\/\/help.jamk.fi\/exam\/fi\/apua-ongelmatilanteisiin\/poikkeustilanteet-opettaja\/\" \/>\n<meta property=\"og:locale\" content=\"fi_FI\" \/>\n<meta property=\"og:type\" content=\"article\" \/>\n<meta property=\"og:title\" content=\"Poikkeustilanteet - opettajan toimenpiteet - Exam\" \/>\n<meta property=\"og:description\" content=\"EXAM-tenttiin liittyv\u00e4t poikkeustilanteet ohjataan aina opintojakson opettajalle eli tentin omistajalle. Vain opettaja voi k\u00e4sitell\u00e4 tenttiin liittyv\u00e4t poikkeustilanteet, koska h\u00e4n on m\u00e4\u00e4ritellyt tentin perustiedot, mm. tenttiperiodin ja suorituskerrat. Ongelmia EXAM-tenttiin ilmoittautumisessa Opiskelija ilmoittaa, ettei haluttua tentti\u00e4 n\u00e4y EXAM-ty\u00f6p\u00f6yd\u00e4ll\u00e4. Opiskelija ilmoittaa, ett\u00e4 Examstudiossa ei ole vapaita aikoja. Kehoita opiskelijaa valitsemaan jokin toinen tenttitila, esim. BP16. Ongelmia EXAM-tenttitilanteessa [&hellip;]\" \/>\n<meta property=\"og:url\" content=\"https:\/\/help.jamk.fi\/exam\/fi\/apua-ongelmatilanteisiin\/poikkeustilanteet-opettaja\/\" \/>\n<meta property=\"og:site_name\" content=\"Exam\" \/>\n<meta property=\"article:modified_time\" content=\"2024-01-05T09:10:51+00:00\" \/>\n<meta name=\"twitter:card\" content=\"summary_large_image\" \/>\n<meta name=\"twitter:label1\" content=\"Arvioitu lukuaika\" \/>\n\t<meta name=\"twitter:data1\" content=\"1 minuutti\" \/>\n<script type=\"application\/ld+json\" class=\"yoast-schema-graph\">{\"@context\":\"https:\\\/\\\/schema.org\",\"@graph\":[{\"@type\":\"WebPage\",\"@id\":\"https:\\\/\\\/help.jamk.fi\\\/exam\\\/fi\\\/apua-ongelmatilanteisiin\\\/poikkeustilanteet-opettaja\\\/\",\"url\":\"https:\\\/\\\/help.jamk.fi\\\/exam\\\/fi\\\/apua-ongelmatilanteisiin\\\/poikkeustilanteet-opettaja\\\/\",\"name\":\"Poikkeustilanteet - opettajan toimenpiteet - Exam\",\"isPartOf\":{\"@id\":\"https:\\\/\\\/help.jamk.fi\\\/exam\\\/#website\"},\"datePublished\":\"2016-10-03T09:36:12+00:00\",\"dateModified\":\"2024-01-05T09:10:51+00:00\",\"breadcrumb\":{\"@id\":\"https:\\\/\\\/help.jamk.fi\\\/exam\\\/fi\\\/apua-ongelmatilanteisiin\\\/poikkeustilanteet-opettaja\\\/#breadcrumb\"},\"inLanguage\":\"fi\",\"potentialAction\":[{\"@type\":\"ReadAction\",\"target\":[\"https:\\\/\\\/help.jamk.fi\\\/exam\\\/fi\\\/apua-ongelmatilanteisiin\\\/poikkeustilanteet-opettaja\\\/\"]}]},{\"@type\":\"BreadcrumbList\",\"@id\":\"https:\\\/\\\/help.jamk.fi\\\/exam\\\/fi\\\/apua-ongelmatilanteisiin\\\/poikkeustilanteet-opettaja\\\/#breadcrumb\",\"itemListElement\":[{\"@type\":\"ListItem\",\"position\":1,\"name\":\"Etusivu\",\"item\":\"https:\\\/\\\/help.jamk.fi\\\/exam\\\/fi\\\/\"},{\"@type\":\"ListItem\",\"position\":2,\"name\":\"Apua ongelmatilanteisiin\",\"item\":\"https:\\\/\\\/help.jamk.fi\\\/exam\\\/fi\\\/apua-ongelmatilanteisiin\\\/\"},{\"@type\":\"ListItem\",\"position\":3,\"name\":\"Poikkeustilanteet &#8211; opettajan toimenpiteet\"}]},{\"@type\":\"WebSite\",\"@id\":\"https:\\\/\\\/help.jamk.fi\\\/exam\\\/#website\",\"url\":\"https:\\\/\\\/help.jamk.fi\\\/exam\\\/\",\"name\":\"Exam\",\"description\":\"\",\"potentialAction\":[{\"@type\":\"SearchAction\",\"target\":{\"@type\":\"EntryPoint\",\"urlTemplate\":\"https:\\\/\\\/help.jamk.fi\\\/exam\\\/?s={search_term_string}\"},\"query-input\":{\"@type\":\"PropertyValueSpecification\",\"valueRequired\":true,\"valueName\":\"search_term_string\"}}],\"inLanguage\":\"fi\"}]}<\/script>\n<!-- \/ Yoast SEO plugin. -->","yoast_head_json":{"title":"Poikkeustilanteet - opettajan toimenpiteet - Exam","robots":{"index":"index","follow":"follow","max-snippet":"max-snippet:-1","max-image-preview":"max-image-preview:large","max-video-preview":"max-video-preview:-1"},"canonical":"https:\/\/help.jamk.fi\/exam\/fi\/apua-ongelmatilanteisiin\/poikkeustilanteet-opettaja\/","og_locale":"fi_FI","og_type":"article","og_title":"Poikkeustilanteet - opettajan toimenpiteet - Exam","og_description":"EXAM-tenttiin liittyv\u00e4t poikkeustilanteet ohjataan aina opintojakson opettajalle eli tentin omistajalle. Vain opettaja voi k\u00e4sitell\u00e4 tenttiin liittyv\u00e4t poikkeustilanteet, koska h\u00e4n on m\u00e4\u00e4ritellyt tentin perustiedot, mm. tenttiperiodin ja suorituskerrat. Ongelmia EXAM-tenttiin ilmoittautumisessa Opiskelija ilmoittaa, ettei haluttua tentti\u00e4 n\u00e4y EXAM-ty\u00f6p\u00f6yd\u00e4ll\u00e4. Opiskelija ilmoittaa, ett\u00e4 Examstudiossa ei ole vapaita aikoja. Kehoita opiskelijaa valitsemaan jokin toinen tenttitila, esim. BP16. Ongelmia EXAM-tenttitilanteessa [&hellip;]","og_url":"https:\/\/help.jamk.fi\/exam\/fi\/apua-ongelmatilanteisiin\/poikkeustilanteet-opettaja\/","og_site_name":"Exam","article_modified_time":"2024-01-05T09:10:51+00:00","twitter_card":"summary_large_image","twitter_misc":{"Arvioitu lukuaika":"1 minuutti"},"schema":{"@context":"https:\/\/schema.org","@graph":[{"@type":"WebPage","@id":"https:\/\/help.jamk.fi\/exam\/fi\/apua-ongelmatilanteisiin\/poikkeustilanteet-opettaja\/","url":"https:\/\/help.jamk.fi\/exam\/fi\/apua-ongelmatilanteisiin\/poikkeustilanteet-opettaja\/","name":"Poikkeustilanteet - opettajan toimenpiteet - Exam","isPartOf":{"@id":"https:\/\/help.jamk.fi\/exam\/#website"},"datePublished":"2016-10-03T09:36:12+00:00","dateModified":"2024-01-05T09:10:51+00:00","breadcrumb":{"@id":"https:\/\/help.jamk.fi\/exam\/fi\/apua-ongelmatilanteisiin\/poikkeustilanteet-opettaja\/#breadcrumb"},"inLanguage":"fi","potentialAction":[{"@type":"ReadAction","target":["https:\/\/help.jamk.fi\/exam\/fi\/apua-ongelmatilanteisiin\/poikkeustilanteet-opettaja\/"]}]},{"@type":"BreadcrumbList","@id":"https:\/\/help.jamk.fi\/exam\/fi\/apua-ongelmatilanteisiin\/poikkeustilanteet-opettaja\/#breadcrumb","itemListElement":[{"@type":"ListItem","position":1,"name":"Etusivu","item":"https:\/\/help.jamk.fi\/exam\/fi\/"},{"@type":"ListItem","position":2,"name":"Apua ongelmatilanteisiin","item":"https:\/\/help.jamk.fi\/exam\/fi\/apua-ongelmatilanteisiin\/"},{"@type":"ListItem","position":3,"name":"Poikkeustilanteet &#8211; opettajan toimenpiteet"}]},{"@type":"WebSite","@id":"https:\/\/help.jamk.fi\/exam\/#website","url":"https:\/\/help.jamk.fi\/exam\/","name":"Exam","description":"","potentialAction":[{"@type":"SearchAction","target":{"@type":"EntryPoint","urlTemplate":"https:\/\/help.jamk.fi\/exam\/?s={search_term_string}"},"query-input":{"@type":"PropertyValueSpecification","valueRequired":true,"valueName":"search_term_string"}}],"inLanguage":"fi"}]}},"_links":{"self":[{"href":"https:\/\/help.jamk.fi\/exam\/wp-json\/wp\/v2\/pages\/260","targetHints":{"allow":["GET"]}}],"collection":[{"href":"https:\/\/help.jamk.fi\/exam\/wp-json\/wp\/v2\/pages"}],"about":[{"href":"https:\/\/help.jamk.fi\/exam\/wp-json\/wp\/v2\/types\/page"}],"author":[{"embeddable":true,"href":"https:\/\/help.jamk.fi\/exam\/wp-json\/wp\/v2\/users\/82"}],"replies":[{"embeddable":true,"href":"https:\/\/help.jamk.fi\/exam\/wp-json\/wp\/v2\/comments?post=260"}],"version-history":[{"count":2,"href":"https:\/\/help.jamk.fi\/exam\/wp-json\/wp\/v2\/pages\/260\/revisions"}],"predecessor-version":[{"id":2268,"href":"https:\/\/help.jamk.fi\/exam\/wp-json\/wp\/v2\/pages\/260\/revisions\/2268"}],"up":[{"embeddable":true,"href":"https:\/\/help.jamk.fi\/exam\/wp-json\/wp\/v2\/pages\/80"}],"wp:attachment":[{"href":"https:\/\/help.jamk.fi\/exam\/wp-json\/wp\/v2\/media?parent=260"}],"wp:term":[{"taxonomy":"category","embeddable":true,"href":"https:\/\/help.jamk.fi\/exam\/wp-json\/wp\/v2\/categories?post=260"},{"taxonomy":"post_tag","embeddable":true,"href":"https:\/\/help.jamk.fi\/exam\/wp-json\/wp\/v2\/tags?post=260"}],"curies":[{"name":"wp","href":"https:\/\/api.w.org\/{rel}","templated":true}]}}