{"id":266,"date":"2016-10-04T09:23:57","date_gmt":"2016-10-04T06:23:57","guid":{"rendered":"https:\/\/help.jamk.fi\/exam\/apua-ongelmatilanteisiin\/poikkeustilanteet-opiskelijan-toimenpiteet\/"},"modified":"2023-11-02T12:00:36","modified_gmt":"2023-11-02T10:00:36","slug":"poikkeustilanteet-opiskelijan-toimenpiteet","status":"publish","type":"page","link":"https:\/\/help.jamk.fi\/exam\/fi\/apua-ongelmatilanteisiin\/poikkeustilanteet-opiskelijan-toimenpiteet\/","title":{"rendered":"Poikkeustilanteet &#8211; opiskelijan toimenpiteet"},"content":{"rendered":"<p>Ilmoita poikkeustilanteista viipym\u00e4tt\u00e4 opettajalle s\u00e4hk\u00f6postilla ja ilmoita viestiss\u00e4 seuraavat asiat:<\/p>\n<ul>\n<li>tentin alkamisajankohta (p\u00e4iv\u00e4m\u00e4\u00e4r\u00e4 ja kellonaika) sek\u00e4 tenttikoneen numero<\/li>\n<li>tentitt\u00e4v\u00e4n opintojakson nimi ja tentin nimi<\/li>\n<li>tentin keskeytymisen tai muun poikkeustilanteen ajankohta suunnilleen<\/li>\n<li>kuvaus poikkeustilanteesta<\/li>\n<\/ul>\n<p>Ennakoimattomien teknisten&nbsp;vikojen ilmaantuessa \u00e4l\u00e4 h\u00e4t\u00e4\u00e4nny. Pyrimme huomioimaan tarkoin ongelmatilanteet ennakkoon, mutta tieto- ja s\u00e4hk\u00f6tekniset seikat voivat kaikesta huolimatta est\u00e4\u00e4 tenttiin p\u00e4\u00e4syn tai tenttisuorituksen. Ota tentin\/tenttiajan j\u00e4lkeen yhteytt\u00e4 opettajaan, joka vapauttaa tenttivarauksesi&nbsp;ja p\u00e4\u00e4set n\u00e4in ilmoittautumaan&nbsp;uudestaan. Tieto- tai s\u00e4hk\u00f6teknisten seikkojen johdosta estynyt tenttiminen tai tentin keskeytyminen eiv\u00e4t kuluta sinulta tentin suorituskertoja.<\/p>\n<p><strong>Ilmoittautuminen tenttiin<\/strong><\/p>\n<p>Tentti\u00e4 ei l\u00f6ydy EXAMista eik\u00e4 ilmoittautuminen ole mahdollista?<br \/>\nOpintojaksolla ei ole EXAM-tentti\u00e4, tenttiperiodi ei ole voimassa tai tentti\u00e4 ei ole viel\u00e4 julkaistu. Ota yhteytt\u00e4 opettajaan.<\/p>\n<p><strong>P\u00e4\u00e4sy tenttipaikalle<\/strong><\/p>\n<p>Ulko-ovi A1 (p\u00e4\u00e4sy BP16-tenttistudioon) on lukossa? Kokeile kampuksen p\u00e4\u00e4ovea D1.<br \/>\nUlko-ovi G1 (p\u00e4\u00e4sy GP06-tenttistudioon) on lukossa? Kokeile Rajakadun puolella olevaa F1-ovea tai p\u00e4\u00e4ovea D1.<\/p>\n<p>Kirjaston ovi on lukossa?<br \/>\nKirjaston omatoimiaikoina tarvitset voimassa olevan Jamkin kirjastokortin ja PIN-koodin, jotta p\u00e4\u00e4sisit tenttim\u00e4\u00e4n tilaan GP06. Varaa tenttiaika kirjaston palveluaikojen puitteissa, mik\u00e4li haluat tentti\u00e4 nimenomaan tilassa GP06 eik\u00e4 sinulla ole Jamkin kirjastokorttia tai sinulla on lainakielto.<\/p>\n<p>Jamkin kirjastokortti ei toimi?<br \/>\nHuolehdi v\u00e4hint\u00e4\u00e4n kaksi viikkoa ennen tenttiaikaa, ettet ole tenttiajankohtana lainakiellossa eli<br \/>\na) olet palauttanut lainakiellon aiheuttaneen aineiston ja<br \/>\nb) hoitanut siit\u00e4 aiheutuneet maksut.<\/p>\n<p>Examstudion ovi on lukossa?<br \/>\nExamstudion ovi on auki s\u00e4hk\u00f6lukolla 15 minuuttia kerrallaan. Tarkista aukioloaika ohjeista. Muulloin kuin oven s\u00e4hk\u00f6lukon ollessa auki ei Examstudioon saa menn\u00e4 eik\u00e4 p\u00e4\u00e4st\u00e4\u00e4 sinne ket\u00e4\u00e4n. \u00c4l\u00e4 koputa oveen ja h\u00e4iritse muita tenttij\u00f6it\u00e4.&nbsp;Jos Examstudion oven s\u00e4hk\u00f6lukko ei toimi eik\u00e4 avaudu sovitusti,&nbsp;ota yhteys <a href=\"https:\/\/www.jamk.fi\/fi\/Yhteystiedot\/\">vahtimestaripalveluihin<\/a><strong>.<\/strong><\/p>\n<p><strong>Tenttitilassa<\/strong><\/p>\n<p>Paloh\u00e4lytys kesken tentin?<br \/>\nPoistu Examstudiosta viipym\u00e4tt\u00e4 turvallisuuohjeiden mukaisesti. Ota yhteytt\u00e4 opettajaan, kts. ohjeet edell\u00e4.<\/p>\n<p>Toinen tenttij\u00e4 h\u00e4iritsee?<br \/>\nJatka tai keskeyt\u00e4. Molemmissa tapauksissa ilmoita opettajalle, kuten ohjeistettu.<\/p>\n<p>Sairauskohtaus, oma?<br \/>\nKeskeyt\u00e4 tentti ja kirjaudu ulos koneelta, jos mahdollista. Ilmoita tapahtuneesta tentin j\u00e4lkeen opettajalle.<\/p>\n<p>Sairauskohtaus, toisen tenttij\u00e4n?<br \/>\nAuta. Jatka tai keskeyt\u00e4. Ilmoita tilanteesta opettajalle.<\/p>\n<p>Vilppiep\u00e4ily?<br \/>\nTee oma tenttisi loppuun. Ilmoita opettajalle ep\u00e4ilyst\u00e4si viipym\u00e4tt\u00e4.<\/p>\n<p><strong>Tentiss\u00e4<\/strong><\/p>\n<p>Selain kaatuu TAI suljit vahingossa selaimen?<br \/>\nK\u00e4ynnist\u00e4 Firefox-selain uudelleen (https:\/\/exam.jamk.fi) ja kirjaudu verkkotunnuksillasi. Tenttisi jatkuu.<\/p>\n<p>S\u00e4hk\u00f6katko ja tentti (ei sis\u00e4ll\u00e4 liitetiedostoja) j\u00e4i kesken?<br \/>\nOdota hetki. Kun s\u00e4hk\u00f6t palaavat, kirjaudu uudelleen koneelle ja EXAMiin jatkamaan tentti\u00e4. Jos tentti\u00e4 ei sovelluksessa p\u00e4\u00e4se jatkamaan tai jos s\u00e4hk\u00f6katko kest\u00e4\u00e4 yli 5 minuuttia, poistu Examstudiosta ja ota yhteytt\u00e4 opettajaan, kuten ohjeistettu.<\/p>\n<p>S\u00e4hk\u00f6katko ja tentti (sis\u00e4lt\u00e4\u00e4 liitetiedostoja) j\u00e4i kesken?<br \/>\nTenttivastauksen liitetiedostoja ei voida palauttaa. Poistu Examstudiosta ja ota yhteytt\u00e4 opettajaan ohjeistetusti.<\/p>\n<p>Tenttikone jumiutuu?<br \/>\nK\u00e4ynnist\u00e4 kone uudelleen painamalla virtapainiketta pidemp\u00e4\u00e4n. Ilmoita tentin j\u00e4lkeen opettajalle ohjeistetusti, jos koneen jumittaminen on h\u00e4irinnyt tenttisuoritustasi.<\/p>\n<p>Tenttikone k\u00e4ynnistyy uudelleen kesken tentin?<br \/>\nOdota koneen k\u00e4ynnistymist\u00e4. Kirjaudu uudelleen, tenttisi voi jatkua. Jos tentti ei jatku, kirjaudu ulos tenttikoneelta, poistu tilasta ja ilmoita opettajalle.<\/p>\n<p>N\u00e4ytt\u00f6\u00f6n tai tenttikoneeseen ei tule virtaa?<br \/>\nPoistu studiosta ja ota yhteytt\u00e4 Helpdeskiin.<\/p>\n","protected":false},"excerpt":{"rendered":"<p>Ilmoita poikkeustilanteista viipym\u00e4tt\u00e4 opettajalle s\u00e4hk\u00f6postilla ja ilmoita viestiss\u00e4 seuraavat asiat: tentin alkamisajankohta (p\u00e4iv\u00e4m\u00e4\u00e4r\u00e4 ja kellonaika) sek\u00e4 tenttikoneen numero tentitt\u00e4v\u00e4n opintojakson nimi ja tentin nimi tentin keskeytymisen tai muun poikkeustilanteen ajankohta suunnilleen kuvaus poikkeustilanteesta Ennakoimattomien teknisten&nbsp;vikojen ilmaantuessa \u00e4l\u00e4 h\u00e4t\u00e4\u00e4nny. Pyrimme huomioimaan tarkoin ongelmatilanteet ennakkoon, mutta tieto- ja s\u00e4hk\u00f6tekniset seikat voivat kaikesta huolimatta est\u00e4\u00e4 tenttiin p\u00e4\u00e4syn tai [&hellip;]<\/p>\n","protected":false},"author":82,"featured_media":0,"parent":80,"menu_order":0,"comment_status":"closed","ping_status":"closed","template":"","meta":{"_acf_changed":false,"_relevanssi_hide_post":"","_relevanssi_hide_content":"","_relevanssi_pin_for_all":"","_relevanssi_pin_keywords":"","_relevanssi_unpin_keywords":"","_relevanssi_related_keywords":"","_relevanssi_related_include_ids":"","_relevanssi_related_exclude_ids":"","_relevanssi_related_no_append":"","_relevanssi_related_not_related":"","_relevanssi_related_posts":"","_relevanssi_noindex_reason":"","footnotes":""},"categories":[],"tags":[],"class_list":["post-266","page","type-page","status-publish","hentry"],"acf":[],"yoast_head":"<!-- This site is optimized with the Yoast SEO plugin v27.4 - https:\/\/yoast.com\/product\/yoast-seo-wordpress\/ -->\n<title>Poikkeustilanteet - opiskelijan toimenpiteet - Exam<\/title>\n<meta name=\"robots\" content=\"index, follow, max-snippet:-1, max-image-preview:large, max-video-preview:-1\" \/>\n<link rel=\"canonical\" href=\"https:\/\/help.jamk.fi\/exam\/fi\/apua-ongelmatilanteisiin\/poikkeustilanteet-opiskelijan-toimenpiteet\/\" \/>\n<meta property=\"og:locale\" content=\"fi_FI\" \/>\n<meta property=\"og:type\" content=\"article\" \/>\n<meta property=\"og:title\" content=\"Poikkeustilanteet - opiskelijan toimenpiteet - Exam\" \/>\n<meta property=\"og:description\" content=\"Ilmoita poikkeustilanteista viipym\u00e4tt\u00e4 opettajalle s\u00e4hk\u00f6postilla ja ilmoita viestiss\u00e4 seuraavat asiat: tentin alkamisajankohta (p\u00e4iv\u00e4m\u00e4\u00e4r\u00e4 ja kellonaika) sek\u00e4 tenttikoneen numero tentitt\u00e4v\u00e4n opintojakson nimi ja tentin nimi tentin keskeytymisen tai muun poikkeustilanteen ajankohta suunnilleen kuvaus poikkeustilanteesta Ennakoimattomien teknisten&nbsp;vikojen ilmaantuessa \u00e4l\u00e4 h\u00e4t\u00e4\u00e4nny. Pyrimme huomioimaan tarkoin ongelmatilanteet ennakkoon, mutta tieto- ja s\u00e4hk\u00f6tekniset seikat voivat kaikesta huolimatta est\u00e4\u00e4 tenttiin p\u00e4\u00e4syn tai [&hellip;]\" \/>\n<meta property=\"og:url\" content=\"https:\/\/help.jamk.fi\/exam\/fi\/apua-ongelmatilanteisiin\/poikkeustilanteet-opiskelijan-toimenpiteet\/\" \/>\n<meta property=\"og:site_name\" content=\"Exam\" \/>\n<meta property=\"article:modified_time\" content=\"2023-11-02T10:00:36+00:00\" \/>\n<meta name=\"twitter:card\" content=\"summary_large_image\" \/>\n<meta name=\"twitter:label1\" content=\"Arvioitu lukuaika\" \/>\n\t<meta name=\"twitter:data1\" content=\"3 minuuttia\" \/>\n<script type=\"application\/ld+json\" class=\"yoast-schema-graph\">{\"@context\":\"https:\\\/\\\/schema.org\",\"@graph\":[{\"@type\":\"WebPage\",\"@id\":\"https:\\\/\\\/help.jamk.fi\\\/exam\\\/fi\\\/apua-ongelmatilanteisiin\\\/poikkeustilanteet-opiskelijan-toimenpiteet\\\/\",\"url\":\"https:\\\/\\\/help.jamk.fi\\\/exam\\\/fi\\\/apua-ongelmatilanteisiin\\\/poikkeustilanteet-opiskelijan-toimenpiteet\\\/\",\"name\":\"Poikkeustilanteet - opiskelijan toimenpiteet - Exam\",\"isPartOf\":{\"@id\":\"https:\\\/\\\/help.jamk.fi\\\/exam\\\/#website\"},\"datePublished\":\"2016-10-04T06:23:57+00:00\",\"dateModified\":\"2023-11-02T10:00:36+00:00\",\"breadcrumb\":{\"@id\":\"https:\\\/\\\/help.jamk.fi\\\/exam\\\/fi\\\/apua-ongelmatilanteisiin\\\/poikkeustilanteet-opiskelijan-toimenpiteet\\\/#breadcrumb\"},\"inLanguage\":\"fi\",\"potentialAction\":[{\"@type\":\"ReadAction\",\"target\":[\"https:\\\/\\\/help.jamk.fi\\\/exam\\\/fi\\\/apua-ongelmatilanteisiin\\\/poikkeustilanteet-opiskelijan-toimenpiteet\\\/\"]}]},{\"@type\":\"BreadcrumbList\",\"@id\":\"https:\\\/\\\/help.jamk.fi\\\/exam\\\/fi\\\/apua-ongelmatilanteisiin\\\/poikkeustilanteet-opiskelijan-toimenpiteet\\\/#breadcrumb\",\"itemListElement\":[{\"@type\":\"ListItem\",\"position\":1,\"name\":\"Etusivu\",\"item\":\"https:\\\/\\\/help.jamk.fi\\\/exam\\\/fi\\\/\"},{\"@type\":\"ListItem\",\"position\":2,\"name\":\"Apua ongelmatilanteisiin\",\"item\":\"https:\\\/\\\/help.jamk.fi\\\/exam\\\/fi\\\/apua-ongelmatilanteisiin\\\/\"},{\"@type\":\"ListItem\",\"position\":3,\"name\":\"Poikkeustilanteet &#8211; opiskelijan toimenpiteet\"}]},{\"@type\":\"WebSite\",\"@id\":\"https:\\\/\\\/help.jamk.fi\\\/exam\\\/#website\",\"url\":\"https:\\\/\\\/help.jamk.fi\\\/exam\\\/\",\"name\":\"Exam\",\"description\":\"\",\"potentialAction\":[{\"@type\":\"SearchAction\",\"target\":{\"@type\":\"EntryPoint\",\"urlTemplate\":\"https:\\\/\\\/help.jamk.fi\\\/exam\\\/?s={search_term_string}\"},\"query-input\":{\"@type\":\"PropertyValueSpecification\",\"valueRequired\":true,\"valueName\":\"search_term_string\"}}],\"inLanguage\":\"fi\"}]}<\/script>\n<!-- \/ Yoast SEO plugin. -->","yoast_head_json":{"title":"Poikkeustilanteet - opiskelijan toimenpiteet - Exam","robots":{"index":"index","follow":"follow","max-snippet":"max-snippet:-1","max-image-preview":"max-image-preview:large","max-video-preview":"max-video-preview:-1"},"canonical":"https:\/\/help.jamk.fi\/exam\/fi\/apua-ongelmatilanteisiin\/poikkeustilanteet-opiskelijan-toimenpiteet\/","og_locale":"fi_FI","og_type":"article","og_title":"Poikkeustilanteet - opiskelijan toimenpiteet - Exam","og_description":"Ilmoita poikkeustilanteista viipym\u00e4tt\u00e4 opettajalle s\u00e4hk\u00f6postilla ja ilmoita viestiss\u00e4 seuraavat asiat: tentin alkamisajankohta (p\u00e4iv\u00e4m\u00e4\u00e4r\u00e4 ja kellonaika) sek\u00e4 tenttikoneen numero tentitt\u00e4v\u00e4n opintojakson nimi ja tentin nimi tentin keskeytymisen tai muun poikkeustilanteen ajankohta suunnilleen kuvaus poikkeustilanteesta Ennakoimattomien teknisten&nbsp;vikojen ilmaantuessa \u00e4l\u00e4 h\u00e4t\u00e4\u00e4nny. Pyrimme huomioimaan tarkoin ongelmatilanteet ennakkoon, mutta tieto- ja s\u00e4hk\u00f6tekniset seikat voivat kaikesta huolimatta est\u00e4\u00e4 tenttiin p\u00e4\u00e4syn tai [&hellip;]","og_url":"https:\/\/help.jamk.fi\/exam\/fi\/apua-ongelmatilanteisiin\/poikkeustilanteet-opiskelijan-toimenpiteet\/","og_site_name":"Exam","article_modified_time":"2023-11-02T10:00:36+00:00","twitter_card":"summary_large_image","twitter_misc":{"Arvioitu lukuaika":"3 minuuttia"},"schema":{"@context":"https:\/\/schema.org","@graph":[{"@type":"WebPage","@id":"https:\/\/help.jamk.fi\/exam\/fi\/apua-ongelmatilanteisiin\/poikkeustilanteet-opiskelijan-toimenpiteet\/","url":"https:\/\/help.jamk.fi\/exam\/fi\/apua-ongelmatilanteisiin\/poikkeustilanteet-opiskelijan-toimenpiteet\/","name":"Poikkeustilanteet - opiskelijan toimenpiteet - Exam","isPartOf":{"@id":"https:\/\/help.jamk.fi\/exam\/#website"},"datePublished":"2016-10-04T06:23:57+00:00","dateModified":"2023-11-02T10:00:36+00:00","breadcrumb":{"@id":"https:\/\/help.jamk.fi\/exam\/fi\/apua-ongelmatilanteisiin\/poikkeustilanteet-opiskelijan-toimenpiteet\/#breadcrumb"},"inLanguage":"fi","potentialAction":[{"@type":"ReadAction","target":["https:\/\/help.jamk.fi\/exam\/fi\/apua-ongelmatilanteisiin\/poikkeustilanteet-opiskelijan-toimenpiteet\/"]}]},{"@type":"BreadcrumbList","@id":"https:\/\/help.jamk.fi\/exam\/fi\/apua-ongelmatilanteisiin\/poikkeustilanteet-opiskelijan-toimenpiteet\/#breadcrumb","itemListElement":[{"@type":"ListItem","position":1,"name":"Etusivu","item":"https:\/\/help.jamk.fi\/exam\/fi\/"},{"@type":"ListItem","position":2,"name":"Apua ongelmatilanteisiin","item":"https:\/\/help.jamk.fi\/exam\/fi\/apua-ongelmatilanteisiin\/"},{"@type":"ListItem","position":3,"name":"Poikkeustilanteet &#8211; opiskelijan toimenpiteet"}]},{"@type":"WebSite","@id":"https:\/\/help.jamk.fi\/exam\/#website","url":"https:\/\/help.jamk.fi\/exam\/","name":"Exam","description":"","potentialAction":[{"@type":"SearchAction","target":{"@type":"EntryPoint","urlTemplate":"https:\/\/help.jamk.fi\/exam\/?s={search_term_string}"},"query-input":{"@type":"PropertyValueSpecification","valueRequired":true,"valueName":"search_term_string"}}],"inLanguage":"fi"}]}},"_links":{"self":[{"href":"https:\/\/help.jamk.fi\/exam\/wp-json\/wp\/v2\/pages\/266","targetHints":{"allow":["GET"]}}],"collection":[{"href":"https:\/\/help.jamk.fi\/exam\/wp-json\/wp\/v2\/pages"}],"about":[{"href":"https:\/\/help.jamk.fi\/exam\/wp-json\/wp\/v2\/types\/page"}],"author":[{"embeddable":true,"href":"https:\/\/help.jamk.fi\/exam\/wp-json\/wp\/v2\/users\/82"}],"replies":[{"embeddable":true,"href":"https:\/\/help.jamk.fi\/exam\/wp-json\/wp\/v2\/comments?post=266"}],"version-history":[{"count":1,"href":"https:\/\/help.jamk.fi\/exam\/wp-json\/wp\/v2\/pages\/266\/revisions"}],"predecessor-version":[{"id":803,"href":"https:\/\/help.jamk.fi\/exam\/wp-json\/wp\/v2\/pages\/266\/revisions\/803"}],"up":[{"embeddable":true,"href":"https:\/\/help.jamk.fi\/exam\/wp-json\/wp\/v2\/pages\/80"}],"wp:attachment":[{"href":"https:\/\/help.jamk.fi\/exam\/wp-json\/wp\/v2\/media?parent=266"}],"wp:term":[{"taxonomy":"category","embeddable":true,"href":"https:\/\/help.jamk.fi\/exam\/wp-json\/wp\/v2\/categories?post=266"},{"taxonomy":"post_tag","embeddable":true,"href":"https:\/\/help.jamk.fi\/exam\/wp-json\/wp\/v2\/tags?post=266"}],"curies":[{"name":"wp","href":"https:\/\/api.w.org\/{rel}","templated":true}]}}