{"id":386,"date":"2016-11-24T08:29:08","date_gmt":"2016-11-24T06:29:08","guid":{"rendered":"https:\/\/help.jamk.fi\/exam\/opettajalle\/tentaattorin-tai-arvioijan-vaihtuminen\/"},"modified":"2023-11-09T12:27:38","modified_gmt":"2023-11-09T10:27:38","slug":"tentaattorin-tai-arvioijan-vaihtuminen","status":"publish","type":"page","link":"https:\/\/help.jamk.fi\/exam\/fi\/opettajalle\/tentaattorin-tai-arvioijan-vaihtuminen\/","title":{"rendered":"Tentaattorin tai arvioijan vaihtuminen"},"content":{"rendered":"<p>Jos EXAM-tentaattori vaihtuu, voit tehd\u00e4 muutoksen tentin <em>Perustiedot<\/em>-n\u00e4kym\u00e4ss\u00e4. T\u00e4m\u00e4n muutoksen voit tehd\u00e4, vaikka tenttiin olisi varauksia. EXAM ilmoittaa t\u00e4st\u00e4 sinulle.<\/p>\n<ol>\n<li>Etsi muutettava tentti sivuvalikon Haku-toiminnolla.<\/li>\n<li>Klikkaa tentti auki. Perustiedot-n\u00e4kym\u00e4 on nyt auki.<\/li>\n<li><em>Tentaattori<\/em>-kent\u00e4ss\u00e4 voit lis\u00e4t\u00e4 (klikkaa hakukentt\u00e4\u00e4n) uusia tentaattoreita. Tentaattorin poistaminen tapahtuu klikkaamalla jo valitun tentaattorin nimen vieress\u00e4 olevaa ruksia. <strong>\u00c4l\u00e4 poista omaa nime\u00e4si<\/strong>!<\/li>\n<li><em style=\"font-size: revert; text-align: var(--bs-body-text-align);\">Tallenna<\/em><span style=\"font-size: revert; text-align: var(--bs-body-text-align);\"> lopuksi muutokset.<\/span><\/li>\n<\/ol>\n<p>Muutokset tulevat voimaan tenttivarauksiin. Muutos ei ulotu jo palautuneisiin tenttivastauksiin, joissa\u00a0arviointi on jo aloitettu.<\/p>\n","protected":false},"excerpt":{"rendered":"<p>Jos EXAM-tentaattori vaihtuu, voit tehd\u00e4 muutoksen tentin Perustiedot-n\u00e4kym\u00e4ss\u00e4. T\u00e4m\u00e4n muutoksen voit tehd\u00e4, vaikka tenttiin olisi varauksia. EXAM ilmoittaa t\u00e4st\u00e4 sinulle. Etsi muutettava tentti sivuvalikon Haku-toiminnolla. Klikkaa tentti auki. Perustiedot-n\u00e4kym\u00e4 on nyt auki. Tentaattori-kent\u00e4ss\u00e4 voit lis\u00e4t\u00e4 (klikkaa hakukentt\u00e4\u00e4n) uusia tentaattoreita. Tentaattorin poistaminen tapahtuu klikkaamalla jo valitun tentaattorin nimen vieress\u00e4 olevaa ruksia. \u00c4l\u00e4 poista omaa nime\u00e4si! Tallenna [&hellip;]<\/p>\n","protected":false},"author":82,"featured_media":0,"parent":71,"menu_order":4,"comment_status":"closed","ping_status":"closed","template":"","meta":{"_acf_changed":false,"_relevanssi_hide_post":"","_relevanssi_hide_content":"","_relevanssi_pin_for_all":"","_relevanssi_pin_keywords":"","_relevanssi_unpin_keywords":"","_relevanssi_related_keywords":"","_relevanssi_related_include_ids":"","_relevanssi_related_exclude_ids":"","_relevanssi_related_no_append":"","_relevanssi_related_not_related":"","_relevanssi_related_posts":"","_relevanssi_noindex_reason":"","footnotes":""},"categories":[],"tags":[],"class_list":["post-386","page","type-page","status-publish","hentry"],"acf":[],"yoast_head":"<!-- This site is optimized with the Yoast SEO plugin v27.4 - https:\/\/yoast.com\/product\/yoast-seo-wordpress\/ -->\n<title>Tentaattorin tai arvioijan vaihtuminen - Exam<\/title>\n<meta name=\"robots\" content=\"index, follow, max-snippet:-1, max-image-preview:large, max-video-preview:-1\" \/>\n<link rel=\"canonical\" href=\"https:\/\/help.jamk.fi\/exam\/fi\/opettajalle\/tentaattorin-tai-arvioijan-vaihtuminen\/\" \/>\n<meta property=\"og:locale\" content=\"fi_FI\" \/>\n<meta property=\"og:type\" content=\"article\" \/>\n<meta property=\"og:title\" content=\"Tentaattorin tai arvioijan vaihtuminen - Exam\" \/>\n<meta property=\"og:description\" content=\"Jos EXAM-tentaattori vaihtuu, voit tehd\u00e4 muutoksen tentin Perustiedot-n\u00e4kym\u00e4ss\u00e4. T\u00e4m\u00e4n muutoksen voit tehd\u00e4, vaikka tenttiin olisi varauksia. EXAM ilmoittaa t\u00e4st\u00e4 sinulle. Etsi muutettava tentti sivuvalikon Haku-toiminnolla. Klikkaa tentti auki. Perustiedot-n\u00e4kym\u00e4 on nyt auki. Tentaattori-kent\u00e4ss\u00e4 voit lis\u00e4t\u00e4 (klikkaa hakukentt\u00e4\u00e4n) uusia tentaattoreita. Tentaattorin poistaminen tapahtuu klikkaamalla jo valitun tentaattorin nimen vieress\u00e4 olevaa ruksia. \u00c4l\u00e4 poista omaa nime\u00e4si! Tallenna [&hellip;]\" \/>\n<meta property=\"og:url\" content=\"https:\/\/help.jamk.fi\/exam\/fi\/opettajalle\/tentaattorin-tai-arvioijan-vaihtuminen\/\" \/>\n<meta property=\"og:site_name\" content=\"Exam\" \/>\n<meta property=\"article:modified_time\" content=\"2023-11-09T10:27:38+00:00\" \/>\n<meta name=\"twitter:card\" content=\"summary_large_image\" \/>\n<meta name=\"twitter:label1\" content=\"Arvioitu lukuaika\" \/>\n\t<meta name=\"twitter:data1\" content=\"1 minuutti\" \/>\n<script type=\"application\/ld+json\" class=\"yoast-schema-graph\">{\"@context\":\"https:\\\/\\\/schema.org\",\"@graph\":[{\"@type\":\"WebPage\",\"@id\":\"https:\\\/\\\/help.jamk.fi\\\/exam\\\/fi\\\/opettajalle\\\/tentaattorin-tai-arvioijan-vaihtuminen\\\/\",\"url\":\"https:\\\/\\\/help.jamk.fi\\\/exam\\\/fi\\\/opettajalle\\\/tentaattorin-tai-arvioijan-vaihtuminen\\\/\",\"name\":\"Tentaattorin tai arvioijan vaihtuminen - Exam\",\"isPartOf\":{\"@id\":\"https:\\\/\\\/help.jamk.fi\\\/exam\\\/#website\"},\"datePublished\":\"2016-11-24T06:29:08+00:00\",\"dateModified\":\"2023-11-09T10:27:38+00:00\",\"breadcrumb\":{\"@id\":\"https:\\\/\\\/help.jamk.fi\\\/exam\\\/fi\\\/opettajalle\\\/tentaattorin-tai-arvioijan-vaihtuminen\\\/#breadcrumb\"},\"inLanguage\":\"fi\",\"potentialAction\":[{\"@type\":\"ReadAction\",\"target\":[\"https:\\\/\\\/help.jamk.fi\\\/exam\\\/fi\\\/opettajalle\\\/tentaattorin-tai-arvioijan-vaihtuminen\\\/\"]}]},{\"@type\":\"BreadcrumbList\",\"@id\":\"https:\\\/\\\/help.jamk.fi\\\/exam\\\/fi\\\/opettajalle\\\/tentaattorin-tai-arvioijan-vaihtuminen\\\/#breadcrumb\",\"itemListElement\":[{\"@type\":\"ListItem\",\"position\":1,\"name\":\"Etusivu\",\"item\":\"https:\\\/\\\/help.jamk.fi\\\/exam\\\/fi\\\/\"},{\"@type\":\"ListItem\",\"position\":2,\"name\":\"Opettajalle\",\"item\":\"https:\\\/\\\/help.jamk.fi\\\/exam\\\/fi\\\/opettajalle\\\/\"},{\"@type\":\"ListItem\",\"position\":3,\"name\":\"Tentaattorin tai arvioijan vaihtuminen\"}]},{\"@type\":\"WebSite\",\"@id\":\"https:\\\/\\\/help.jamk.fi\\\/exam\\\/#website\",\"url\":\"https:\\\/\\\/help.jamk.fi\\\/exam\\\/\",\"name\":\"Exam\",\"description\":\"\",\"potentialAction\":[{\"@type\":\"SearchAction\",\"target\":{\"@type\":\"EntryPoint\",\"urlTemplate\":\"https:\\\/\\\/help.jamk.fi\\\/exam\\\/?s={search_term_string}\"},\"query-input\":{\"@type\":\"PropertyValueSpecification\",\"valueRequired\":true,\"valueName\":\"search_term_string\"}}],\"inLanguage\":\"fi\"}]}<\/script>\n<!-- \/ Yoast SEO plugin. -->","yoast_head_json":{"title":"Tentaattorin tai arvioijan vaihtuminen - Exam","robots":{"index":"index","follow":"follow","max-snippet":"max-snippet:-1","max-image-preview":"max-image-preview:large","max-video-preview":"max-video-preview:-1"},"canonical":"https:\/\/help.jamk.fi\/exam\/fi\/opettajalle\/tentaattorin-tai-arvioijan-vaihtuminen\/","og_locale":"fi_FI","og_type":"article","og_title":"Tentaattorin tai arvioijan vaihtuminen - Exam","og_description":"Jos EXAM-tentaattori vaihtuu, voit tehd\u00e4 muutoksen tentin Perustiedot-n\u00e4kym\u00e4ss\u00e4. T\u00e4m\u00e4n muutoksen voit tehd\u00e4, vaikka tenttiin olisi varauksia. EXAM ilmoittaa t\u00e4st\u00e4 sinulle. Etsi muutettava tentti sivuvalikon Haku-toiminnolla. Klikkaa tentti auki. Perustiedot-n\u00e4kym\u00e4 on nyt auki. Tentaattori-kent\u00e4ss\u00e4 voit lis\u00e4t\u00e4 (klikkaa hakukentt\u00e4\u00e4n) uusia tentaattoreita. Tentaattorin poistaminen tapahtuu klikkaamalla jo valitun tentaattorin nimen vieress\u00e4 olevaa ruksia. \u00c4l\u00e4 poista omaa nime\u00e4si! Tallenna [&hellip;]","og_url":"https:\/\/help.jamk.fi\/exam\/fi\/opettajalle\/tentaattorin-tai-arvioijan-vaihtuminen\/","og_site_name":"Exam","article_modified_time":"2023-11-09T10:27:38+00:00","twitter_card":"summary_large_image","twitter_misc":{"Arvioitu lukuaika":"1 minuutti"},"schema":{"@context":"https:\/\/schema.org","@graph":[{"@type":"WebPage","@id":"https:\/\/help.jamk.fi\/exam\/fi\/opettajalle\/tentaattorin-tai-arvioijan-vaihtuminen\/","url":"https:\/\/help.jamk.fi\/exam\/fi\/opettajalle\/tentaattorin-tai-arvioijan-vaihtuminen\/","name":"Tentaattorin tai arvioijan vaihtuminen - Exam","isPartOf":{"@id":"https:\/\/help.jamk.fi\/exam\/#website"},"datePublished":"2016-11-24T06:29:08+00:00","dateModified":"2023-11-09T10:27:38+00:00","breadcrumb":{"@id":"https:\/\/help.jamk.fi\/exam\/fi\/opettajalle\/tentaattorin-tai-arvioijan-vaihtuminen\/#breadcrumb"},"inLanguage":"fi","potentialAction":[{"@type":"ReadAction","target":["https:\/\/help.jamk.fi\/exam\/fi\/opettajalle\/tentaattorin-tai-arvioijan-vaihtuminen\/"]}]},{"@type":"BreadcrumbList","@id":"https:\/\/help.jamk.fi\/exam\/fi\/opettajalle\/tentaattorin-tai-arvioijan-vaihtuminen\/#breadcrumb","itemListElement":[{"@type":"ListItem","position":1,"name":"Etusivu","item":"https:\/\/help.jamk.fi\/exam\/fi\/"},{"@type":"ListItem","position":2,"name":"Opettajalle","item":"https:\/\/help.jamk.fi\/exam\/fi\/opettajalle\/"},{"@type":"ListItem","position":3,"name":"Tentaattorin tai arvioijan vaihtuminen"}]},{"@type":"WebSite","@id":"https:\/\/help.jamk.fi\/exam\/#website","url":"https:\/\/help.jamk.fi\/exam\/","name":"Exam","description":"","potentialAction":[{"@type":"SearchAction","target":{"@type":"EntryPoint","urlTemplate":"https:\/\/help.jamk.fi\/exam\/?s={search_term_string}"},"query-input":{"@type":"PropertyValueSpecification","valueRequired":true,"valueName":"search_term_string"}}],"inLanguage":"fi"}]}},"_links":{"self":[{"href":"https:\/\/help.jamk.fi\/exam\/wp-json\/wp\/v2\/pages\/386","targetHints":{"allow":["GET"]}}],"collection":[{"href":"https:\/\/help.jamk.fi\/exam\/wp-json\/wp\/v2\/pages"}],"about":[{"href":"https:\/\/help.jamk.fi\/exam\/wp-json\/wp\/v2\/types\/page"}],"author":[{"embeddable":true,"href":"https:\/\/help.jamk.fi\/exam\/wp-json\/wp\/v2\/users\/82"}],"replies":[{"embeddable":true,"href":"https:\/\/help.jamk.fi\/exam\/wp-json\/wp\/v2\/comments?post=386"}],"version-history":[{"count":12,"href":"https:\/\/help.jamk.fi\/exam\/wp-json\/wp\/v2\/pages\/386\/revisions"}],"predecessor-version":[{"id":2102,"href":"https:\/\/help.jamk.fi\/exam\/wp-json\/wp\/v2\/pages\/386\/revisions\/2102"}],"up":[{"embeddable":true,"href":"https:\/\/help.jamk.fi\/exam\/wp-json\/wp\/v2\/pages\/71"}],"wp:attachment":[{"href":"https:\/\/help.jamk.fi\/exam\/wp-json\/wp\/v2\/media?parent=386"}],"wp:term":[{"taxonomy":"category","embeddable":true,"href":"https:\/\/help.jamk.fi\/exam\/wp-json\/wp\/v2\/categories?post=386"},{"taxonomy":"post_tag","embeddable":true,"href":"https:\/\/help.jamk.fi\/exam\/wp-json\/wp\/v2\/tags?post=386"}],"curies":[{"name":"wp","href":"https:\/\/api.w.org\/{rel}","templated":true}]}}