{"id":567,"date":"2018-01-29T07:40:41","date_gmt":"2018-01-29T05:40:41","guid":{"rendered":"https:\/\/help.jamk.fi\/exam\/examstudio\/"},"modified":"2025-11-28T14:33:32","modified_gmt":"2025-11-28T12:33:32","slug":"examstudio","status":"publish","type":"page","link":"https:\/\/help.jamk.fi\/exam\/fi\/examstudio\/","title":{"rendered":"Examstudio"},"content":{"rendered":"\n<p>Examstudiot ovat videovalvottuja tenttiakvaarioita. Jamkissa on kolme Examstudiota, joista kaksi sijaitsee p\u00e4\u00e4kampuksella ja yksi Lutakon kampuksella.<\/p>\n\n\n\n<p><em><img loading=\"lazy\" decoding=\"async\" class=\"wp-image-723 size-full alignnone\" src=\"https:\/\/help.jamk.fi\/exam\/wp-content\/uploads\/sites\/89\/2023\/09\/Examstudio-nakyma-pieni-169x300-1.jpg\" alt=\"\" width=\"169\" height=\"225\"><\/em><\/p>\n\n\n\n<h2 class=\"wp-block-heading\">Examstudioiden sijainti<\/h2>\n\n\n\n<h3 class=\"wp-block-heading\"><strong>P\u00e4\u00e4kampus<\/strong><\/h3>\n\n\n\n<p>BP16 sijaitsee B-siiven pohjakerroksessa. Tilaan p\u00e4\u00e4set helposti A1-ovesta.<\/p>\n\n\n\n<p>GP06 sijaitsee kirjaston hiljaisella vy\u00f6hykkeell\u00e4, G-siiven pohjakerroksessa. Tilaan p\u00e4\u00e4set helposti G1-ovesta. HUOM! Omatoimiaikoina tarvitset voimassa olevan <a href=\"https:\/\/www.jamk.fi\/fi\/palvelut\/kirjasto\/lainaa-uusi-varaa\">Jamkin kirjastokortin<\/a>. Jos sinulla ei ole korttia, voit hankkia sen k\u00e4tev\u00e4sti <a href=\"https:\/\/www.jamk.fi\/fi\/palvelut\/kirjasto\/lainaa-uusi-varaa\/kirjasto-on-myos-tuudossa\">Tuudossa<\/a>. Varmista viimeist\u00e4\u00e4n kaksi viikkoa ennen tenttiin tuloa, ett\u00e4 kirjastokorttisi toimii eik\u00e4 sinulla ole esim. lainakieltoa tenttimisajankohtana! <\/p>\n\n\n\n<ul class=\"wp-block-list\">\n<li><a data-ogsc=\"\" href=\"https:\/\/www.jamk.fi\/sites\/default\/files\/2022-08\/Paakampus_tilakartta_0.pdf\">P\u00e4\u00e4kampuksen Examstudiot kampuskartassa (pdf)<\/a>.<\/li>\n\n\n\n<li><a href=\"https:\/\/www.jamk.fi\/fi\/yhteystiedot\/paakampus\" data-ogsc=\"\">Lis\u00e4tietoa p\u00e4\u00e4kampuksen tiloista ja pys\u00e4k\u00f6innist\u00e4<\/a><\/li>\n<\/ul>\n\n\n\n<h3 class=\"wp-block-heading\">Lutakon kampus<\/h3>\n\n\n\n<p>Dynamo D207 sijaitsee Dynamo-rakennuksen 2. kerroksen tilassa D207, osoitteessa Piippukatu 2.<\/p>\n\n\n\n<ul class=\"wp-block-list\">\n<li><a href=\"https:\/\/www.jamk.fi\/fi\/yhteystiedot\/lutakon-kampus\" data-ogsc=\"\">Lis\u00e4tietoa Lutakon kampuksen tiloista ja pys\u00e4k\u00f6innist\u00e4<\/a><\/li>\n<\/ul>\n\n\n\n<h2 class=\"wp-block-heading\">Examstudion ja ovien aukioloajat<\/h2>\n\n\n\n<ol class=\"wp-block-list\">\n<li>BP16: Tenttiminen on mahdollista opiskelijan valitsemana ajankohtana <a href=\"https:\/\/www.jamk.fi\/fi\/yhteystiedot\/paakampus\">p\u00e4\u00e4kampuksen aukioloajat<\/a> huomioiden.<\/li>\n\n\n\n<li>GP06: Tenttiminen on mahdollista opiskelijan valitsemana ajankohtana <a href=\"https:\/\/www.jamk.fi\/fi\/palvelut\/kirjasto\/kirjastot-ja-aukioloajat\">kirjaston aukioloajat<\/a> (palvelu- ja omatoimiajat) huomioiden.<\/li>\n\n\n\n<li>Dynamo D207: Tenttiminen on mahdollista opiskelijan valitsemana ajankohtana <a href=\"https:\/\/www.jamk.fi\/fi\/Yhteystiedot\/Lutakon-kampus\/\">Lutakon kampuksen aukioloajat<\/a> huomioiden.<\/li>\n<\/ol>\n\n\n\n<p>Examstudion ovi aukeaa 5 min ennen tentin alkua ja sulkeutuu 10 min tentin alkamisen j\u00e4lkeen. Esim klo 9.30 alkavaan tenttiin p\u00e4\u00e4set klo 9.25-9.40. Jos tenttikoneella on edellinen tenttij\u00e4, odota hetki h\u00e4nen poistumistaan. Muina aikoina Examstudion ovet on lukittu. Koputtaminen Examstudion oveen on kielletty, sill\u00e4 se h\u00e4iritsee muita tenttij\u00f6it\u00e4. <\/p>\n\n\n\n<figure class=\"wp-block-image size-full is-resized\"><img loading=\"lazy\" decoding=\"async\" width=\"688\" height=\"720\" src=\"https:\/\/help.jamk.fi\/exam\/wp-content\/uploads\/sites\/89\/2023\/09\/examstudion-ovi-avoinna-1.jpg\" alt=\"\" class=\"wp-image-1786\" style=\"aspect-ratio:0.9555555555555556;width:451px;height:auto\"\/><\/figure>\n\n\n\n<p>Examstudiosta p\u00e4\u00e4see ulos milloin tahansa.<\/p>\n\n\n\n<h2 class=\"wp-block-heading\">Examstudioiden esteett\u00f6myys<\/h2>\n\n\n\n<p>BP16: Tilassa on nelj\u00e4 ty\u00f6pistett\u00e4, joiden korkeutta voi s\u00e4\u00e4t\u00e4\u00e4 s\u00e4hk\u00f6isesti. Lis\u00e4ksi tilaan on esteet\u00f6n p\u00e4\u00e4sy D1 ulko-ovesta tultaessa.<\/p>\n\n\n\n<p>GP06: Tilassa on kaksi ty\u00f6pistett\u00e4, joiden korkeutta voi s\u00e4\u00e4t\u00e4\u00e4 s\u00e4hk\u00f6isesti. Studioon on esteet\u00f6n p\u00e4\u00e4sy G1-ulko-ovesta tultaessa. (G1-ovella on kaksi matalaa metallikynnyst\u00e4.)<\/p>\n\n\n\n<p>Dynamo D207: Tilan kaikissa ty\u00f6pisteiss\u00e4 voi s\u00e4\u00e4t\u00e4\u00e4 korkeutta s\u00e4hk\u00f6isesti. Studioon on esteet\u00f6n p\u00e4\u00e4sy p\u00e4\u00e4ovesta tultaessa.<\/p>\n","protected":false},"excerpt":{"rendered":"<p>Examstudiot ovat videovalvottuja tenttiakvaarioita. Jamkissa on kolme Examstudiota, joista kaksi sijaitsee p\u00e4\u00e4kampuksella ja yksi Lutakon kampuksella. Examstudioiden sijainti P\u00e4\u00e4kampus BP16 sijaitsee B-siiven pohjakerroksessa. Tilaan p\u00e4\u00e4set helposti A1-ovesta. GP06 sijaitsee kirjaston hiljaisella vy\u00f6hykkeell\u00e4, G-siiven pohjakerroksessa. Tilaan p\u00e4\u00e4set helposti G1-ovesta. HUOM! Omatoimiaikoina tarvitset voimassa olevan Jamkin kirjastokortin. Jos sinulla ei ole korttia, voit hankkia sen k\u00e4tev\u00e4sti Tuudossa. [&hellip;]<\/p>\n","protected":false},"author":82,"featured_media":0,"parent":0,"menu_order":1,"comment_status":"closed","ping_status":"closed","template":"","meta":{"_acf_changed":false,"_relevanssi_hide_post":"","_relevanssi_hide_content":"","_relevanssi_pin_for_all":"","_relevanssi_pin_keywords":"exam, examstudio,","_relevanssi_unpin_keywords":"","_relevanssi_related_keywords":"","_relevanssi_related_include_ids":"","_relevanssi_related_exclude_ids":"","_relevanssi_related_no_append":"","_relevanssi_related_not_related":"","_relevanssi_related_posts":"","_relevanssi_noindex_reason":"","footnotes":""},"categories":[],"tags":[],"class_list":["post-567","page","type-page","status-publish","hentry"],"acf":[],"yoast_head":"<!-- This site is optimized with the Yoast SEO plugin v27.3 - https:\/\/yoast.com\/product\/yoast-seo-wordpress\/ -->\n<title>Examstudio - Exam<\/title>\n<meta name=\"robots\" content=\"index, follow, max-snippet:-1, max-image-preview:large, max-video-preview:-1\" \/>\n<link rel=\"canonical\" href=\"https:\/\/help.jamk.fi\/exam\/fi\/examstudio\/\" \/>\n<meta property=\"og:locale\" content=\"fi_FI\" \/>\n<meta property=\"og:type\" content=\"article\" \/>\n<meta property=\"og:title\" content=\"Examstudio - Exam\" \/>\n<meta property=\"og:description\" content=\"Examstudiot ovat videovalvottuja tenttiakvaarioita. Jamkissa on kolme Examstudiota, joista kaksi sijaitsee p\u00e4\u00e4kampuksella ja yksi Lutakon kampuksella. Examstudioiden sijainti P\u00e4\u00e4kampus BP16 sijaitsee B-siiven pohjakerroksessa. Tilaan p\u00e4\u00e4set helposti A1-ovesta. GP06 sijaitsee kirjaston hiljaisella vy\u00f6hykkeell\u00e4, G-siiven pohjakerroksessa. Tilaan p\u00e4\u00e4set helposti G1-ovesta. HUOM! Omatoimiaikoina tarvitset voimassa olevan Jamkin kirjastokortin. Jos sinulla ei ole korttia, voit hankkia sen k\u00e4tev\u00e4sti Tuudossa. [&hellip;]\" \/>\n<meta property=\"og:url\" content=\"https:\/\/help.jamk.fi\/exam\/fi\/examstudio\/\" \/>\n<meta property=\"og:site_name\" content=\"Exam\" \/>\n<meta property=\"article:modified_time\" content=\"2025-11-28T12:33:32+00:00\" \/>\n<meta name=\"twitter:card\" content=\"summary_large_image\" \/>\n<meta name=\"twitter:label1\" content=\"Arvioitu lukuaika\" \/>\n\t<meta name=\"twitter:data1\" content=\"2 minuuttia\" \/>\n<script type=\"application\/ld+json\" class=\"yoast-schema-graph\">{\"@context\":\"https:\\\/\\\/schema.org\",\"@graph\":[{\"@type\":\"WebPage\",\"@id\":\"https:\\\/\\\/help.jamk.fi\\\/exam\\\/fi\\\/examstudio\\\/\",\"url\":\"https:\\\/\\\/help.jamk.fi\\\/exam\\\/fi\\\/examstudio\\\/\",\"name\":\"Examstudio - Exam\",\"isPartOf\":{\"@id\":\"https:\\\/\\\/help.jamk.fi\\\/exam\\\/#website\"},\"primaryImageOfPage\":{\"@id\":\"https:\\\/\\\/help.jamk.fi\\\/exam\\\/fi\\\/examstudio\\\/#primaryimage\"},\"image\":{\"@id\":\"https:\\\/\\\/help.jamk.fi\\\/exam\\\/fi\\\/examstudio\\\/#primaryimage\"},\"thumbnailUrl\":\"https:\\\/\\\/help.jamk.fi\\\/exam\\\/wp-content\\\/uploads\\\/sites\\\/89\\\/2023\\\/09\\\/Examstudio-nakyma-pieni-169x300-1.jpg\",\"datePublished\":\"2018-01-29T05:40:41+00:00\",\"dateModified\":\"2025-11-28T12:33:32+00:00\",\"breadcrumb\":{\"@id\":\"https:\\\/\\\/help.jamk.fi\\\/exam\\\/fi\\\/examstudio\\\/#breadcrumb\"},\"inLanguage\":\"fi\",\"potentialAction\":[{\"@type\":\"ReadAction\",\"target\":[\"https:\\\/\\\/help.jamk.fi\\\/exam\\\/fi\\\/examstudio\\\/\"]}]},{\"@type\":\"ImageObject\",\"inLanguage\":\"fi\",\"@id\":\"https:\\\/\\\/help.jamk.fi\\\/exam\\\/fi\\\/examstudio\\\/#primaryimage\",\"url\":\"\",\"contentUrl\":\"\"},{\"@type\":\"BreadcrumbList\",\"@id\":\"https:\\\/\\\/help.jamk.fi\\\/exam\\\/fi\\\/examstudio\\\/#breadcrumb\",\"itemListElement\":[{\"@type\":\"ListItem\",\"position\":1,\"name\":\"Etusivu\",\"item\":\"https:\\\/\\\/help.jamk.fi\\\/exam\\\/fi\\\/\"},{\"@type\":\"ListItem\",\"position\":2,\"name\":\"Examstudio\"}]},{\"@type\":\"WebSite\",\"@id\":\"https:\\\/\\\/help.jamk.fi\\\/exam\\\/#website\",\"url\":\"https:\\\/\\\/help.jamk.fi\\\/exam\\\/\",\"name\":\"Exam\",\"description\":\"\",\"potentialAction\":[{\"@type\":\"SearchAction\",\"target\":{\"@type\":\"EntryPoint\",\"urlTemplate\":\"https:\\\/\\\/help.jamk.fi\\\/exam\\\/?s={search_term_string}\"},\"query-input\":{\"@type\":\"PropertyValueSpecification\",\"valueRequired\":true,\"valueName\":\"search_term_string\"}}],\"inLanguage\":\"fi\"}]}<\/script>\n<!-- \/ Yoast SEO plugin. -->","yoast_head_json":{"title":"Examstudio - Exam","robots":{"index":"index","follow":"follow","max-snippet":"max-snippet:-1","max-image-preview":"max-image-preview:large","max-video-preview":"max-video-preview:-1"},"canonical":"https:\/\/help.jamk.fi\/exam\/fi\/examstudio\/","og_locale":"fi_FI","og_type":"article","og_title":"Examstudio - Exam","og_description":"Examstudiot ovat videovalvottuja tenttiakvaarioita. Jamkissa on kolme Examstudiota, joista kaksi sijaitsee p\u00e4\u00e4kampuksella ja yksi Lutakon kampuksella. Examstudioiden sijainti P\u00e4\u00e4kampus BP16 sijaitsee B-siiven pohjakerroksessa. Tilaan p\u00e4\u00e4set helposti A1-ovesta. GP06 sijaitsee kirjaston hiljaisella vy\u00f6hykkeell\u00e4, G-siiven pohjakerroksessa. Tilaan p\u00e4\u00e4set helposti G1-ovesta. HUOM! Omatoimiaikoina tarvitset voimassa olevan Jamkin kirjastokortin. Jos sinulla ei ole korttia, voit hankkia sen k\u00e4tev\u00e4sti Tuudossa. [&hellip;]","og_url":"https:\/\/help.jamk.fi\/exam\/fi\/examstudio\/","og_site_name":"Exam","article_modified_time":"2025-11-28T12:33:32+00:00","twitter_card":"summary_large_image","twitter_misc":{"Arvioitu lukuaika":"2 minuuttia"},"schema":{"@context":"https:\/\/schema.org","@graph":[{"@type":"WebPage","@id":"https:\/\/help.jamk.fi\/exam\/fi\/examstudio\/","url":"https:\/\/help.jamk.fi\/exam\/fi\/examstudio\/","name":"Examstudio - Exam","isPartOf":{"@id":"https:\/\/help.jamk.fi\/exam\/#website"},"primaryImageOfPage":{"@id":"https:\/\/help.jamk.fi\/exam\/fi\/examstudio\/#primaryimage"},"image":{"@id":"https:\/\/help.jamk.fi\/exam\/fi\/examstudio\/#primaryimage"},"thumbnailUrl":"https:\/\/help.jamk.fi\/exam\/wp-content\/uploads\/sites\/89\/2023\/09\/Examstudio-nakyma-pieni-169x300-1.jpg","datePublished":"2018-01-29T05:40:41+00:00","dateModified":"2025-11-28T12:33:32+00:00","breadcrumb":{"@id":"https:\/\/help.jamk.fi\/exam\/fi\/examstudio\/#breadcrumb"},"inLanguage":"fi","potentialAction":[{"@type":"ReadAction","target":["https:\/\/help.jamk.fi\/exam\/fi\/examstudio\/"]}]},{"@type":"ImageObject","inLanguage":"fi","@id":"https:\/\/help.jamk.fi\/exam\/fi\/examstudio\/#primaryimage","url":"","contentUrl":""},{"@type":"BreadcrumbList","@id":"https:\/\/help.jamk.fi\/exam\/fi\/examstudio\/#breadcrumb","itemListElement":[{"@type":"ListItem","position":1,"name":"Etusivu","item":"https:\/\/help.jamk.fi\/exam\/fi\/"},{"@type":"ListItem","position":2,"name":"Examstudio"}]},{"@type":"WebSite","@id":"https:\/\/help.jamk.fi\/exam\/#website","url":"https:\/\/help.jamk.fi\/exam\/","name":"Exam","description":"","potentialAction":[{"@type":"SearchAction","target":{"@type":"EntryPoint","urlTemplate":"https:\/\/help.jamk.fi\/exam\/?s={search_term_string}"},"query-input":{"@type":"PropertyValueSpecification","valueRequired":true,"valueName":"search_term_string"}}],"inLanguage":"fi"}]}},"_links":{"self":[{"href":"https:\/\/help.jamk.fi\/exam\/wp-json\/wp\/v2\/pages\/567","targetHints":{"allow":["GET"]}}],"collection":[{"href":"https:\/\/help.jamk.fi\/exam\/wp-json\/wp\/v2\/pages"}],"about":[{"href":"https:\/\/help.jamk.fi\/exam\/wp-json\/wp\/v2\/types\/page"}],"author":[{"embeddable":true,"href":"https:\/\/help.jamk.fi\/exam\/wp-json\/wp\/v2\/users\/82"}],"replies":[{"embeddable":true,"href":"https:\/\/help.jamk.fi\/exam\/wp-json\/wp\/v2\/comments?post=567"}],"version-history":[{"count":23,"href":"https:\/\/help.jamk.fi\/exam\/wp-json\/wp\/v2\/pages\/567\/revisions"}],"predecessor-version":[{"id":2567,"href":"https:\/\/help.jamk.fi\/exam\/wp-json\/wp\/v2\/pages\/567\/revisions\/2567"}],"wp:attachment":[{"href":"https:\/\/help.jamk.fi\/exam\/wp-json\/wp\/v2\/media?parent=567"}],"wp:term":[{"taxonomy":"category","embeddable":true,"href":"https:\/\/help.jamk.fi\/exam\/wp-json\/wp\/v2\/categories?post=567"},{"taxonomy":"post_tag","embeddable":true,"href":"https:\/\/help.jamk.fi\/exam\/wp-json\/wp\/v2\/tags?post=567"}],"curies":[{"name":"wp","href":"https:\/\/api.w.org\/{rel}","templated":true}]}}