{"id":579,"date":"2020-03-05T07:58:17","date_gmt":"2020-03-05T05:58:17","guid":{"rendered":"https:\/\/help.jamk.fi\/exam\/opiskelijalle\/exam-tenttivierailu-toisessa-korkeakoulussa\/"},"modified":"2025-11-20T09:58:58","modified_gmt":"2025-11-20T07:58:58","slug":"exam-tenttivierailu-toisessa-korkeakoulussa","status":"publish","type":"page","link":"https:\/\/help.jamk.fi\/exam\/fi\/opiskelijalle\/exam-tenttivierailu-toisessa-korkeakoulussa\/","title":{"rendered":"EXAM-tenttivierailu toisessa korkeakoulussa"},"content":{"rendered":"\n<h2 class=\"wp-block-heading\">Jamkin opiskelijan ohjeet<\/h2>\n\n\n\n<p>Tenttivierailu tarkoittaa sit\u00e4, ett\u00e4 suoritat Jamkin tentin jonkun toisen korkeakoulun EXAM-tenttitilassa. Tenttivierailu varataan <a href=\"https:\/\/exam.jamk.fi\">Jamkin EXAMista<\/a> omilla Jamkin k\u00e4ytt\u00e4j\u00e4tunnuksilla. Tenttivierailussa mukana olevat korkeakoulut l\u00f6yd\u00e4t EXAMista tenttiajanvarausta tehdess\u00e4si. <a href=\"https:\/\/e-exam.fi\/exam-tenttivierailu\/\">Paikkakuntakohtaisen listauksen<\/a> tenttivierailukorkeakouluista l\u00f6yd\u00e4t EXAM-konsortion sivuilta.<\/p>\n\n\n\n<p>Tenttitilassa on tallentava&nbsp;<strong>videovalvonta<\/strong>. Kun varaat tenttiajan toisen korkeakoulun tenttitilasta, hyv\u00e4ksyt ko. korkeakoulun s\u00e4hk\u00f6isen tenttimisen&nbsp;k\u00e4ytt\u00f6s\u00e4\u00e4nn\u00f6t&nbsp;sek\u00e4 valvontak\u00e4yt\u00e4nteet.<\/p>\n\n\n\n<h3 class=\"wp-block-heading is-style-default\">Tenttivarauksen tekeminen<\/h3>\n\n\n\n<ol class=\"wp-block-list\">\n<li><strong>Selvit\u00e4 vierailukorkeakoulun s\u00e4\u00e4nn\u00f6t <\/strong><a href=\"https:\/\/e-exam.fi\/exam-tenttivierailu\/\">EXAM-konsortion sivulta<\/a>, esimerkiksi mit\u00e4 tilaan saa vied\u00e4 ja mihin omat tavarat j\u00e4tet\u00e4\u00e4n tentin ajaksi.<\/li>\n\n\n\n<li><strong>Selvit\u00e4 EXAM-tenttivierailutilojen sijainti ja aukioloajat sek\u00e4 kulkuoikeudet.<\/strong><\/li>\n\n\n\n<li><strong>Selvit\u00e4 k\u00e4yt\u00f6ss\u00e4 olevat ohjelmistot ja muut resurssit<\/strong>. Erityisesti, jos tenttisi vaatii EXAM-j\u00e4rjestelm\u00e4n lis\u00e4ksi muita ohjelmistoja tai resursseja. Kaikissa korkeakouluissa on tenttivierailussa v\u00e4hint\u00e4\u00e4n seuraavat ohjelmistot:\n<ul class=\"wp-block-list\">\n<li>pdf lukija<\/li>\n\n\n\n<li>ohjelma, jolla saa yleiset kuvatiedostot auki (esim. Adobe Reader)<\/li>\n\n\n\n<li>laskin<\/li>\n\n\n\n<li>notepad<\/li>\n\n\n\n<li>paint<\/li>\n\n\n\n<li>tieto siit\u00e4, onko koneilla kuulokkeita ym. lis\u00e4laitteita<\/li>\n<\/ul>\n<\/li>\n\n\n\n<li>Varaa tenttiaika toisen korkeakoulun tenttitilasta kirjautumalla Jamkin k\u00e4ytt\u00e4j\u00e4tunnuksillasi <a href=\"https:\/\/exam.jamk.fi\">EXAM-j\u00e4rjestelm\u00e4\u00e4n<\/a>.<\/li>\n\n\n\n<li>Ilmoittauduttuasi tenttiin valitse Varaustiedot-sivulla <em>Varaa tenttivierailutila<\/em>.<\/li>\n<\/ol>\n\n\n\n<figure class=\"wp-block-image size-large\"><img loading=\"lazy\" decoding=\"async\" width=\"1024\" height=\"518\" src=\"https:\/\/help.jamk.fi\/exam\/wp-content\/uploads\/sites\/89\/2025\/11\/Varaa-tenttivierailutila-6.3.5-1024x518.jpg\" alt=\"\" class=\"wp-image-2552\" srcset=\"https:\/\/help.jamk.fi\/exam\/wp-content\/uploads\/sites\/89\/2025\/11\/Varaa-tenttivierailutila-6.3.5-1024x518.jpg 1024w, https:\/\/help.jamk.fi\/exam\/wp-content\/uploads\/sites\/89\/2025\/11\/Varaa-tenttivierailutila-6.3.5-300x152.jpg 300w, https:\/\/help.jamk.fi\/exam\/wp-content\/uploads\/sites\/89\/2025\/11\/Varaa-tenttivierailutila-6.3.5-768x389.jpg 768w, https:\/\/help.jamk.fi\/exam\/wp-content\/uploads\/sites\/89\/2025\/11\/Varaa-tenttivierailutila-6.3.5.jpg 1279w\" sizes=\"auto, (max-width: 1024px) 100vw, 1024px\" \/><\/figure>\n\n\n\n<p>6. Saat esiin organisaatiovalikon, josta ilmenev\u00e4t tenttivierailussa mukana olevat korkeakoulut. Valitse haluamasi korkeakoulu.<\/p>\n\n\n\n<figure class=\"wp-block-image size-large\"><img loading=\"lazy\" decoding=\"async\" width=\"1024\" height=\"643\" src=\"https:\/\/help.jamk.fi\/exam\/wp-content\/uploads\/sites\/89\/2025\/11\/Korkeakoulun-valinta-6.3.5-3-1024x643.jpg\" alt=\"\" class=\"wp-image-2556\" srcset=\"https:\/\/help.jamk.fi\/exam\/wp-content\/uploads\/sites\/89\/2025\/11\/Korkeakoulun-valinta-6.3.5-3-1024x643.jpg 1024w, https:\/\/help.jamk.fi\/exam\/wp-content\/uploads\/sites\/89\/2025\/11\/Korkeakoulun-valinta-6.3.5-3-300x188.jpg 300w, https:\/\/help.jamk.fi\/exam\/wp-content\/uploads\/sites\/89\/2025\/11\/Korkeakoulun-valinta-6.3.5-3-768x482.jpg 768w, https:\/\/help.jamk.fi\/exam\/wp-content\/uploads\/sites\/89\/2025\/11\/Korkeakoulun-valinta-6.3.5-3.jpg 1260w\" sizes=\"auto, (max-width: 1024px) 100vw, 1024px\" \/><\/figure>\n\n\n\n<p>7. Korkeakouluvalinnan j\u00e4lkeen valitse kyseisen korkeakoulun tenttitila. Saat esiin varauskalenterin, josta voit valita sinulle sopivan tenttiajankohdan. Lopuksi <em>Vahvista varaus<\/em>.<\/p>\n\n\n\n<p><strong>HUOM: Jos et p\u00e4\u00e4se tenttiin, poista tenttiajanvarauksesi!&nbsp;<\/strong><\/p>\n\n\n\n<figure class=\"wp-block-image size-full is-resized\"><img loading=\"lazy\" decoding=\"async\" width=\"912\" height=\"720\" src=\"https:\/\/help.jamk.fi\/exam\/wp-content\/uploads\/sites\/89\/2025\/11\/Tenttiajanvaraus-6.3.5.jpg\" alt=\"\" class=\"wp-image-2557\" style=\"width:593px;height:auto\" srcset=\"https:\/\/help.jamk.fi\/exam\/wp-content\/uploads\/sites\/89\/2025\/11\/Tenttiajanvaraus-6.3.5.jpg 912w, https:\/\/help.jamk.fi\/exam\/wp-content\/uploads\/sites\/89\/2025\/11\/Tenttiajanvaraus-6.3.5-300x237.jpg 300w, https:\/\/help.jamk.fi\/exam\/wp-content\/uploads\/sites\/89\/2025\/11\/Tenttiajanvaraus-6.3.5-768x606.jpg 768w\" sizes=\"auto, (max-width: 912px) 100vw, 912px\" \/><\/figure>\n\n\n\n<h3 class=\"wp-block-heading\">Yksil\u00f6lliset opintoj\u00e4rjestelyt tenttivierailussa<\/h3>\n\n\n\n<p>Mik\u00e4li olet saanut yksil\u00f6llisen opintoj\u00e4rjestelyn p\u00e4\u00e4t\u00f6ksen, voit pyyt\u00e4\u00e4 kohtuullisia mukautuksia tenttivierailun suorittamiseen toisessa korkeakoulussa. J\u00e4rjestelyist\u00e4 sovitaan tapauskohtaisesti koti- ja kohdekorkeakoulun v\u00e4lill\u00e4. Ole yhteydess\u00e4 EXAM-tukeen l\u00e4hett\u00e4m\u00e4ll\u00e4 <a href=\"https:\/\/help.jamk.fi\/fi\/\">palvelupyynt\u00f6 (Jamk Help)<\/a>.<\/p>\n\n\n\n<h3 class=\"wp-block-heading\">Lis\u00e4tietoja<\/h3>\n\n\n\n<p>Tenttivierailuun liittyviss\u00e4 kysymyksiss\u00e4 ota yhteytt\u00e4 Jamkin EXAM-tukeen l\u00e4hett\u00e4m\u00e4ll\u00e4 <a href=\"https:\/\/help.jamk.fi\/fi\/\">palvelupyynt\u00f6 (Jamk Help)<\/a>.<\/p>\n\n\n\n<p><\/p>\n","protected":false},"excerpt":{"rendered":"<p>Jamkin opiskelijan ohjeet Tenttivierailu tarkoittaa sit\u00e4, ett\u00e4 suoritat Jamkin tentin jonkun toisen korkeakoulun EXAM-tenttitilassa. Tenttivierailu varataan Jamkin EXAMista omilla Jamkin k\u00e4ytt\u00e4j\u00e4tunnuksilla. Tenttivierailussa mukana olevat korkeakoulut l\u00f6yd\u00e4t EXAMista tenttiajanvarausta tehdess\u00e4si. Paikkakuntakohtaisen listauksen tenttivierailukorkeakouluista l\u00f6yd\u00e4t EXAM-konsortion sivuilta. Tenttitilassa on tallentava&nbsp;videovalvonta. Kun varaat tenttiajan toisen korkeakoulun tenttitilasta, hyv\u00e4ksyt ko. korkeakoulun s\u00e4hk\u00f6isen tenttimisen&nbsp;k\u00e4ytt\u00f6s\u00e4\u00e4nn\u00f6t&nbsp;sek\u00e4 valvontak\u00e4yt\u00e4nteet. Tenttivarauksen tekeminen 6. Saat esiin [&hellip;]<\/p>\n","protected":false},"author":82,"featured_media":0,"parent":23,"menu_order":4,"comment_status":"closed","ping_status":"closed","template":"","meta":{"_acf_changed":false,"_relevanssi_hide_post":"","_relevanssi_hide_content":"","_relevanssi_pin_for_all":"","_relevanssi_pin_keywords":"tenttivierailu, vierailu, ","_relevanssi_unpin_keywords":"","_relevanssi_related_keywords":"","_relevanssi_related_include_ids":"","_relevanssi_related_exclude_ids":"","_relevanssi_related_no_append":"","_relevanssi_related_not_related":"","_relevanssi_related_posts":"","_relevanssi_noindex_reason":"","footnotes":""},"categories":[],"tags":[],"class_list":["post-579","page","type-page","status-publish","hentry"],"acf":[],"yoast_head":"<!-- This site is optimized with the Yoast SEO plugin v27.3 - https:\/\/yoast.com\/product\/yoast-seo-wordpress\/ -->\n<title>EXAM-tenttivierailu toisessa korkeakoulussa - Exam<\/title>\n<meta name=\"robots\" content=\"index, follow, max-snippet:-1, max-image-preview:large, max-video-preview:-1\" \/>\n<link rel=\"canonical\" href=\"https:\/\/help.jamk.fi\/exam\/fi\/opiskelijalle\/exam-tenttivierailu-toisessa-korkeakoulussa\/\" \/>\n<meta property=\"og:locale\" content=\"fi_FI\" \/>\n<meta property=\"og:type\" content=\"article\" \/>\n<meta property=\"og:title\" content=\"EXAM-tenttivierailu toisessa korkeakoulussa - Exam\" \/>\n<meta property=\"og:description\" content=\"Jamkin opiskelijan ohjeet Tenttivierailu tarkoittaa sit\u00e4, ett\u00e4 suoritat Jamkin tentin jonkun toisen korkeakoulun EXAM-tenttitilassa. Tenttivierailu varataan Jamkin EXAMista omilla Jamkin k\u00e4ytt\u00e4j\u00e4tunnuksilla. Tenttivierailussa mukana olevat korkeakoulut l\u00f6yd\u00e4t EXAMista tenttiajanvarausta tehdess\u00e4si. Paikkakuntakohtaisen listauksen tenttivierailukorkeakouluista l\u00f6yd\u00e4t EXAM-konsortion sivuilta. Tenttitilassa on tallentava&nbsp;videovalvonta. Kun varaat tenttiajan toisen korkeakoulun tenttitilasta, hyv\u00e4ksyt ko. korkeakoulun s\u00e4hk\u00f6isen tenttimisen&nbsp;k\u00e4ytt\u00f6s\u00e4\u00e4nn\u00f6t&nbsp;sek\u00e4 valvontak\u00e4yt\u00e4nteet. Tenttivarauksen tekeminen 6. Saat esiin [&hellip;]\" \/>\n<meta property=\"og:url\" content=\"https:\/\/help.jamk.fi\/exam\/fi\/opiskelijalle\/exam-tenttivierailu-toisessa-korkeakoulussa\/\" \/>\n<meta property=\"og:site_name\" content=\"Exam\" \/>\n<meta property=\"article:modified_time\" content=\"2025-11-20T07:58:58+00:00\" \/>\n<meta property=\"og:image\" content=\"https:\/\/help.jamk.fi\/exam\/wp-content\/uploads\/sites\/89\/2025\/11\/Varaa-tenttivierailutila-6.3.5.jpg\" \/>\n\t<meta property=\"og:image:width\" content=\"1279\" \/>\n\t<meta property=\"og:image:height\" content=\"647\" \/>\n\t<meta property=\"og:image:type\" content=\"image\/jpeg\" \/>\n<meta name=\"twitter:card\" content=\"summary_large_image\" \/>\n<meta name=\"twitter:label1\" content=\"Arvioitu lukuaika\" \/>\n\t<meta name=\"twitter:data1\" content=\"2 minuuttia\" \/>\n<script type=\"application\/ld+json\" class=\"yoast-schema-graph\">{\"@context\":\"https:\\\/\\\/schema.org\",\"@graph\":[{\"@type\":\"WebPage\",\"@id\":\"https:\\\/\\\/help.jamk.fi\\\/exam\\\/fi\\\/opiskelijalle\\\/exam-tenttivierailu-toisessa-korkeakoulussa\\\/\",\"url\":\"https:\\\/\\\/help.jamk.fi\\\/exam\\\/fi\\\/opiskelijalle\\\/exam-tenttivierailu-toisessa-korkeakoulussa\\\/\",\"name\":\"EXAM-tenttivierailu toisessa korkeakoulussa - Exam\",\"isPartOf\":{\"@id\":\"https:\\\/\\\/help.jamk.fi\\\/exam\\\/#website\"},\"primaryImageOfPage\":{\"@id\":\"https:\\\/\\\/help.jamk.fi\\\/exam\\\/fi\\\/opiskelijalle\\\/exam-tenttivierailu-toisessa-korkeakoulussa\\\/#primaryimage\"},\"image\":{\"@id\":\"https:\\\/\\\/help.jamk.fi\\\/exam\\\/fi\\\/opiskelijalle\\\/exam-tenttivierailu-toisessa-korkeakoulussa\\\/#primaryimage\"},\"thumbnailUrl\":\"https:\\\/\\\/help.jamk.fi\\\/exam\\\/wp-content\\\/uploads\\\/sites\\\/89\\\/2025\\\/11\\\/Varaa-tenttivierailutila-6.3.5-1024x518.jpg\",\"datePublished\":\"2020-03-05T05:58:17+00:00\",\"dateModified\":\"2025-11-20T07:58:58+00:00\",\"breadcrumb\":{\"@id\":\"https:\\\/\\\/help.jamk.fi\\\/exam\\\/fi\\\/opiskelijalle\\\/exam-tenttivierailu-toisessa-korkeakoulussa\\\/#breadcrumb\"},\"inLanguage\":\"fi\",\"potentialAction\":[{\"@type\":\"ReadAction\",\"target\":[\"https:\\\/\\\/help.jamk.fi\\\/exam\\\/fi\\\/opiskelijalle\\\/exam-tenttivierailu-toisessa-korkeakoulussa\\\/\"]}]},{\"@type\":\"ImageObject\",\"inLanguage\":\"fi\",\"@id\":\"https:\\\/\\\/help.jamk.fi\\\/exam\\\/fi\\\/opiskelijalle\\\/exam-tenttivierailu-toisessa-korkeakoulussa\\\/#primaryimage\",\"url\":\"https:\\\/\\\/help.jamk.fi\\\/exam\\\/wp-content\\\/uploads\\\/sites\\\/89\\\/2025\\\/11\\\/Varaa-tenttivierailutila-6.3.5.jpg\",\"contentUrl\":\"https:\\\/\\\/help.jamk.fi\\\/exam\\\/wp-content\\\/uploads\\\/sites\\\/89\\\/2025\\\/11\\\/Varaa-tenttivierailutila-6.3.5.jpg\",\"width\":1279,\"height\":647},{\"@type\":\"BreadcrumbList\",\"@id\":\"https:\\\/\\\/help.jamk.fi\\\/exam\\\/fi\\\/opiskelijalle\\\/exam-tenttivierailu-toisessa-korkeakoulussa\\\/#breadcrumb\",\"itemListElement\":[{\"@type\":\"ListItem\",\"position\":1,\"name\":\"Etusivu\",\"item\":\"https:\\\/\\\/help.jamk.fi\\\/exam\\\/fi\\\/\"},{\"@type\":\"ListItem\",\"position\":2,\"name\":\"Opiskelijalle\",\"item\":\"https:\\\/\\\/help.jamk.fi\\\/exam\\\/fi\\\/opiskelijalle\\\/\"},{\"@type\":\"ListItem\",\"position\":3,\"name\":\"EXAM-tenttivierailu toisessa korkeakoulussa\"}]},{\"@type\":\"WebSite\",\"@id\":\"https:\\\/\\\/help.jamk.fi\\\/exam\\\/#website\",\"url\":\"https:\\\/\\\/help.jamk.fi\\\/exam\\\/\",\"name\":\"Exam\",\"description\":\"\",\"potentialAction\":[{\"@type\":\"SearchAction\",\"target\":{\"@type\":\"EntryPoint\",\"urlTemplate\":\"https:\\\/\\\/help.jamk.fi\\\/exam\\\/?s={search_term_string}\"},\"query-input\":{\"@type\":\"PropertyValueSpecification\",\"valueRequired\":true,\"valueName\":\"search_term_string\"}}],\"inLanguage\":\"fi\"}]}<\/script>\n<!-- \/ Yoast SEO plugin. -->","yoast_head_json":{"title":"EXAM-tenttivierailu toisessa korkeakoulussa - Exam","robots":{"index":"index","follow":"follow","max-snippet":"max-snippet:-1","max-image-preview":"max-image-preview:large","max-video-preview":"max-video-preview:-1"},"canonical":"https:\/\/help.jamk.fi\/exam\/fi\/opiskelijalle\/exam-tenttivierailu-toisessa-korkeakoulussa\/","og_locale":"fi_FI","og_type":"article","og_title":"EXAM-tenttivierailu toisessa korkeakoulussa - Exam","og_description":"Jamkin opiskelijan ohjeet Tenttivierailu tarkoittaa sit\u00e4, ett\u00e4 suoritat Jamkin tentin jonkun toisen korkeakoulun EXAM-tenttitilassa. Tenttivierailu varataan Jamkin EXAMista omilla Jamkin k\u00e4ytt\u00e4j\u00e4tunnuksilla. Tenttivierailussa mukana olevat korkeakoulut l\u00f6yd\u00e4t EXAMista tenttiajanvarausta tehdess\u00e4si. Paikkakuntakohtaisen listauksen tenttivierailukorkeakouluista l\u00f6yd\u00e4t EXAM-konsortion sivuilta. Tenttitilassa on tallentava&nbsp;videovalvonta. Kun varaat tenttiajan toisen korkeakoulun tenttitilasta, hyv\u00e4ksyt ko. korkeakoulun s\u00e4hk\u00f6isen tenttimisen&nbsp;k\u00e4ytt\u00f6s\u00e4\u00e4nn\u00f6t&nbsp;sek\u00e4 valvontak\u00e4yt\u00e4nteet. Tenttivarauksen tekeminen 6. Saat esiin [&hellip;]","og_url":"https:\/\/help.jamk.fi\/exam\/fi\/opiskelijalle\/exam-tenttivierailu-toisessa-korkeakoulussa\/","og_site_name":"Exam","article_modified_time":"2025-11-20T07:58:58+00:00","og_image":[{"width":1279,"height":647,"url":"https:\/\/help.jamk.fi\/exam\/wp-content\/uploads\/sites\/89\/2025\/11\/Varaa-tenttivierailutila-6.3.5.jpg","type":"image\/jpeg"}],"twitter_card":"summary_large_image","twitter_misc":{"Arvioitu lukuaika":"2 minuuttia"},"schema":{"@context":"https:\/\/schema.org","@graph":[{"@type":"WebPage","@id":"https:\/\/help.jamk.fi\/exam\/fi\/opiskelijalle\/exam-tenttivierailu-toisessa-korkeakoulussa\/","url":"https:\/\/help.jamk.fi\/exam\/fi\/opiskelijalle\/exam-tenttivierailu-toisessa-korkeakoulussa\/","name":"EXAM-tenttivierailu toisessa korkeakoulussa - Exam","isPartOf":{"@id":"https:\/\/help.jamk.fi\/exam\/#website"},"primaryImageOfPage":{"@id":"https:\/\/help.jamk.fi\/exam\/fi\/opiskelijalle\/exam-tenttivierailu-toisessa-korkeakoulussa\/#primaryimage"},"image":{"@id":"https:\/\/help.jamk.fi\/exam\/fi\/opiskelijalle\/exam-tenttivierailu-toisessa-korkeakoulussa\/#primaryimage"},"thumbnailUrl":"https:\/\/help.jamk.fi\/exam\/wp-content\/uploads\/sites\/89\/2025\/11\/Varaa-tenttivierailutila-6.3.5-1024x518.jpg","datePublished":"2020-03-05T05:58:17+00:00","dateModified":"2025-11-20T07:58:58+00:00","breadcrumb":{"@id":"https:\/\/help.jamk.fi\/exam\/fi\/opiskelijalle\/exam-tenttivierailu-toisessa-korkeakoulussa\/#breadcrumb"},"inLanguage":"fi","potentialAction":[{"@type":"ReadAction","target":["https:\/\/help.jamk.fi\/exam\/fi\/opiskelijalle\/exam-tenttivierailu-toisessa-korkeakoulussa\/"]}]},{"@type":"ImageObject","inLanguage":"fi","@id":"https:\/\/help.jamk.fi\/exam\/fi\/opiskelijalle\/exam-tenttivierailu-toisessa-korkeakoulussa\/#primaryimage","url":"https:\/\/help.jamk.fi\/exam\/wp-content\/uploads\/sites\/89\/2025\/11\/Varaa-tenttivierailutila-6.3.5.jpg","contentUrl":"https:\/\/help.jamk.fi\/exam\/wp-content\/uploads\/sites\/89\/2025\/11\/Varaa-tenttivierailutila-6.3.5.jpg","width":1279,"height":647},{"@type":"BreadcrumbList","@id":"https:\/\/help.jamk.fi\/exam\/fi\/opiskelijalle\/exam-tenttivierailu-toisessa-korkeakoulussa\/#breadcrumb","itemListElement":[{"@type":"ListItem","position":1,"name":"Etusivu","item":"https:\/\/help.jamk.fi\/exam\/fi\/"},{"@type":"ListItem","position":2,"name":"Opiskelijalle","item":"https:\/\/help.jamk.fi\/exam\/fi\/opiskelijalle\/"},{"@type":"ListItem","position":3,"name":"EXAM-tenttivierailu toisessa korkeakoulussa"}]},{"@type":"WebSite","@id":"https:\/\/help.jamk.fi\/exam\/#website","url":"https:\/\/help.jamk.fi\/exam\/","name":"Exam","description":"","potentialAction":[{"@type":"SearchAction","target":{"@type":"EntryPoint","urlTemplate":"https:\/\/help.jamk.fi\/exam\/?s={search_term_string}"},"query-input":{"@type":"PropertyValueSpecification","valueRequired":true,"valueName":"search_term_string"}}],"inLanguage":"fi"}]}},"_links":{"self":[{"href":"https:\/\/help.jamk.fi\/exam\/wp-json\/wp\/v2\/pages\/579","targetHints":{"allow":["GET"]}}],"collection":[{"href":"https:\/\/help.jamk.fi\/exam\/wp-json\/wp\/v2\/pages"}],"about":[{"href":"https:\/\/help.jamk.fi\/exam\/wp-json\/wp\/v2\/types\/page"}],"author":[{"embeddable":true,"href":"https:\/\/help.jamk.fi\/exam\/wp-json\/wp\/v2\/users\/82"}],"replies":[{"embeddable":true,"href":"https:\/\/help.jamk.fi\/exam\/wp-json\/wp\/v2\/comments?post=579"}],"version-history":[{"count":23,"href":"https:\/\/help.jamk.fi\/exam\/wp-json\/wp\/v2\/pages\/579\/revisions"}],"predecessor-version":[{"id":2566,"href":"https:\/\/help.jamk.fi\/exam\/wp-json\/wp\/v2\/pages\/579\/revisions\/2566"}],"up":[{"embeddable":true,"href":"https:\/\/help.jamk.fi\/exam\/wp-json\/wp\/v2\/pages\/23"}],"wp:attachment":[{"href":"https:\/\/help.jamk.fi\/exam\/wp-json\/wp\/v2\/media?parent=579"}],"wp:term":[{"taxonomy":"category","embeddable":true,"href":"https:\/\/help.jamk.fi\/exam\/wp-json\/wp\/v2\/categories?post=579"},{"taxonomy":"post_tag","embeddable":true,"href":"https:\/\/help.jamk.fi\/exam\/wp-json\/wp\/v2\/tags?post=579"}],"curies":[{"name":"wp","href":"https:\/\/api.w.org\/{rel}","templated":true}]}}